{"id":607696,"date":"2021-08-05T14:05:20","date_gmt":"2021-08-05T12:05:20","guid":{"rendered":"https:\/\/www.samoens.com\/carved-stone-tours\/"},"modified":"2026-04-15T17:41:08","modified_gmt":"2026-04-15T15:41:08","slug":"rondleidingen-langs-gebeeldhouwde-stenen","status":"publish","type":"page","link":"https:\/\/www.samoens.com\/nl\/rondleidingen-langs-gebeeldhouwde-stenen\/","title":{"rendered":"Rondleidingen langs gebeeldhouwde stenen"},"content":{"rendered":"<div class=\"wpb-content-wrapper\"><p>[vc_row][vc_column]<div style=\"height:32px;\"><\/div>[vc_column_text css=&#8221;&#8221;]De gids *Circuits de la Pierre Taill\u00e9e* had geen mooier eerbetoon kunnen brengen aan de Frahans \u2013 de steenhouwers, bouwers en beeldhouwers uit de Giffre-vallei en daarbuiten. Van de 11e eeuw tot nu toont Samo\u00ebns onschatbare werken van gebeeldhouwde steen die allemaal hetzelfde spoor volgen: de geschiedenis door de eeuwen heen, de betekenis van symbolen, de uitdaging van artistieke stijlen. Het is duidelijk dat de techniek van de beeldhouwer zowel hun creatie als de steen zelf tot leven brengt. Het verheft de steen op effectieve wijze, als een code die hem instructies dicteert. Deze subtiele relatie kan worden verkend aan de hand van 76 werken die sinds mensenheugenis zijn gebeeldhouwd en verspreid over het dorp Samo\u00ebns te zien zijn in architectonische details, karakteristieke bouwwerken, symbolen die de herinnering als onderdeel van de traditie heeft geclassificeerd, en hedendaagse sculpturen.<\/p>\n<p>Deze werken zijn het hele jaar door te ontdekken tijdens wandelingen door Samo\u00ebns met behulp van de gids \u2018Circuits de la Pierre Taill\u00e9e\u2019, die een unieke reis door de geschiedenis belooft:<\/p>\n<p>&nbsp;<\/p>\n<p>&#8211; Circuit 1: \u2018Au coeur du Bourg\u2019 37 sculpturen<\/p>\n<p>&#8211; Circuit 2: \u2018Langs het water: van Cl\u00e9vieux naar Lac aux Dames\u2019 40 sculpturen<\/p>\n<p>&nbsp;<\/p>\n<p>Tijdens de rondleidingen worden werken getoond die getuigen van groot vakmanschap en elegantie, wat zowel tot uiting komt in het vakmanschap van het bewerkte steen als in de artistieke flair van de hedendaagse sculpturen. Dit edele materiaal, \u2018steen\u2019, bevat ook de toelichting bij deze werken. Bezoekers kunnen deze toelichting bekijken door de QR-code in de gids te scannen. Live en in realtime ontdekken ze de geheimen achter deze creaties.<\/p>\n<p>[\/vc_column_text][\/vc_column][\/vc_row][vc_row][vc_column][vc_single_image image=&#8221;542106&#8243; img_size=&#8221;medium&#8221; alignment=&#8221;center&#8221; onclick=&#8221;custom_link&#8221; img_link_target=&#8221;_blank&#8221; css=&#8221;&#8221; title=&#8221;Rondleidingen door het hart van het dorp en langs de waterwegen&#8221;][\/vc_column][\/vc_row][vc_row][vc_column][vc_btn title=&#8221;PDF downloaden&#8221; color=&#8221;danger&#8221; i_icon_fontawesome=&#8221;&#8221; css=&#8221;&#8221; add_icon=&#8221;true&#8221; link=&#8221;url:https%3A%2F%2Fwww.samoens.com%2Fwp-content%2Fuploads%2F2021%2F08%2FLivret-circuits-de-la-pierre.pdf&#8221;][\/vc_column][\/vc_row]<\/p>\n<\/div>","protected":false},"excerpt":{"rendered":"<p>[vc_row][vc_column][vc_column_text css=&#8221;&#8221;]De gids *Circuits de la Pierre Taill\u00e9e* had geen mooier eerbetoon kunnen brengen aan de Frahans \u2013 de steenhouwers, bouwers en beeldhouwers uit de Giffre-vallei en daarbuiten. Van de 11e eeuw tot nu toont Samo\u00ebns onschatbare werken van gebeeldhouwde steen die allemaal hetzelfde spoor volgen: de geschiedenis door de eeuwen heen, de betekenis van [&hellip;]<\/p>\n","protected":false},"author":2,"featured_media":2233,"parent":0,"menu_order":126,"comment_status":"closed","ping_status":"closed","template":"","meta":{"_acf_changed":false,"footnotes":""},"class_list":["post-607696","page","type-page","status-publish","hentry"],"acf":[],"yoast_head":"<!-- This site is optimized with the Yoast SEO plugin v27.4 - https:\/\/yoast.com\/product\/yoast-seo-wordpress\/ -->\n<title>Rondleidingen langs gebeeldhouwde stenen Samo\u00ebns, station de ski et village authentique en Haute-Savoie<\/title>\n<meta name=\"robots\" content=\"index, follow, max-snippet:-1, max-image-preview:large, max-video-preview:-1\" \/>\n<link rel=\"canonical\" href=\"https:\/\/www.samoens.com\/nl\/rondleidingen-langs-gebeeldhouwde-stenen\/\" \/>\n<meta property=\"og:locale\" content=\"nl_NL\" \/>\n<meta property=\"og:type\" content=\"article\" \/>\n<meta property=\"og:title\" content=\"Rondleidingen langs gebeeldhouwde stenen Samo\u00ebns, station de ski et village authentique en Haute-Savoie\" \/>\n<meta property=\"og:description\" content=\"[vc_row][vc_column][vc_column_text css=&#8221;&#8221;]De gids *Circuits de la Pierre Taill\u00e9e* had geen mooier eerbetoon kunnen brengen aan de Frahans \u2013 de steenhouwers, bouwers en beeldhouwers uit de Giffre-vallei en daarbuiten. Van de 11e eeuw tot nu toont Samo\u00ebns onschatbare werken van gebeeldhouwde steen die allemaal hetzelfde spoor volgen: de geschiedenis door de eeuwen heen, de betekenis van [&hellip;]\" \/>\n<meta property=\"og:url\" content=\"https:\/\/www.samoens.com\/nl\/rondleidingen-langs-gebeeldhouwde-stenen\/\" \/>\n<meta property=\"og:site_name\" content=\"Samo\u00ebns, station de ski et village authentique en Haute-Savoie\" \/>\n<meta property=\"article:modified_time\" content=\"2026-04-15T15:41:08+00:00\" \/>\n<meta property=\"og:image\" content=\"https:\/\/www.samoens.com\/wp-content\/uploads\/2019\/08\/019-fontaine-tailleurdepierre-samoens.jpg\" \/>\n\t<meta property=\"og:image:width\" content=\"1029\" \/>\n\t<meta property=\"og:image:height\" content=\"684\" \/>\n\t<meta property=\"og:image:type\" content=\"image\/jpeg\" \/>\n<meta name=\"twitter:card\" content=\"summary_large_image\" \/>\n<meta name=\"twitter:label1\" content=\"Geschatte leestijd\" \/>\n\t<meta name=\"twitter:data1\" content=\"2 minuten\" \/>\n<script type=\"application\/ld+json\" class=\"yoast-schema-graph\">{\"@context\":\"https:\\\/\\\/schema.org\",\"@graph\":[{\"@type\":\"WebPage\",\"@id\":\"https:\\\/\\\/www.samoens.com\\\/nl\\\/rondleidingen-langs-gebeeldhouwde-stenen\\\/\",\"url\":\"https:\\\/\\\/www.samoens.com\\\/nl\\\/rondleidingen-langs-gebeeldhouwde-stenen\\\/\",\"name\":\"Rondleidingen langs gebeeldhouwde stenen Samo\u00ebns, station de ski et village authentique en Haute-Savoie\",\"isPartOf\":{\"@id\":\"https:\\\/\\\/www.samoens.com\\\/#website\"},\"primaryImageOfPage\":{\"@id\":\"https:\\\/\\\/www.samoens.com\\\/nl\\\/rondleidingen-langs-gebeeldhouwde-stenen\\\/#primaryimage\"},\"image\":{\"@id\":\"https:\\\/\\\/www.samoens.com\\\/nl\\\/rondleidingen-langs-gebeeldhouwde-stenen\\\/#primaryimage\"},\"thumbnailUrl\":\"https:\\\/\\\/www.samoens.com\\\/wp-content\\\/uploads\\\/2019\\\/08\\\/019-fontaine-tailleurdepierre-samoens.jpg\",\"datePublished\":\"2021-08-05T12:05:20+00:00\",\"dateModified\":\"2026-04-15T15:41:08+00:00\",\"breadcrumb\":{\"@id\":\"https:\\\/\\\/www.samoens.com\\\/nl\\\/rondleidingen-langs-gebeeldhouwde-stenen\\\/#breadcrumb\"},\"inLanguage\":\"nl-NL\",\"potentialAction\":[{\"@type\":\"ReadAction\",\"target\":[\"https:\\\/\\\/www.samoens.com\\\/nl\\\/rondleidingen-langs-gebeeldhouwde-stenen\\\/\"]}]},{\"@type\":\"ImageObject\",\"inLanguage\":\"nl-NL\",\"@id\":\"https:\\\/\\\/www.samoens.com\\\/nl\\\/rondleidingen-langs-gebeeldhouwde-stenen\\\/#primaryimage\",\"url\":\"https:\\\/\\\/www.samoens.com\\\/wp-content\\\/uploads\\\/2019\\\/08\\\/019-fontaine-tailleurdepierre-samoens.jpg\",\"contentUrl\":\"https:\\\/\\\/www.samoens.com\\\/wp-content\\\/uploads\\\/2019\\\/08\\\/019-fontaine-tailleurdepierre-samoens.jpg\",\"width\":1029,\"height\":684,\"caption\":\"Fontaine des tailleurs de pierre \u00e0 Samo\u00ebns\"},{\"@type\":\"BreadcrumbList\",\"@id\":\"https:\\\/\\\/www.samoens.com\\\/nl\\\/rondleidingen-langs-gebeeldhouwde-stenen\\\/#breadcrumb\",\"itemListElement\":[{\"@type\":\"ListItem\",\"position\":1,\"name\":\"Accueil\",\"item\":\"https:\\\/\\\/www.samoens.com\\\/nl\\\/\"},{\"@type\":\"ListItem\",\"position\":2,\"name\":\"Rondleidingen langs gebeeldhouwde stenen\"}]},{\"@type\":\"WebSite\",\"@id\":\"https:\\\/\\\/www.samoens.com\\\/#website\",\"url\":\"https:\\\/\\\/www.samoens.com\\\/\",\"name\":\"Samo\u00ebns, station de ski et village authentique en Haute-Savoie\",\"description\":\"Nich\u00e9e au coeur du domaine skiable du Grand Massif et \u00e0 moins d&#039;1h de Gen\u00e8ve, Samo\u00ebns rendra vos vacances inoubliables en \u00e9t\u00e9 comme en hiver\",\"potentialAction\":[{\"@type\":\"SearchAction\",\"target\":{\"@type\":\"EntryPoint\",\"urlTemplate\":\"https:\\\/\\\/www.samoens.com\\\/?s={search_term_string}\"},\"query-input\":{\"@type\":\"PropertyValueSpecification\",\"valueRequired\":true,\"valueName\":\"search_term_string\"}}],\"inLanguage\":\"nl-NL\"}]}<\/script>\n<!-- \/ Yoast SEO plugin. -->","yoast_head_json":{"title":"Rondleidingen langs gebeeldhouwde stenen Samo\u00ebns, station de ski et village authentique en Haute-Savoie","robots":{"index":"index","follow":"follow","max-snippet":"max-snippet:-1","max-image-preview":"max-image-preview:large","max-video-preview":"max-video-preview:-1"},"canonical":"https:\/\/www.samoens.com\/nl\/rondleidingen-langs-gebeeldhouwde-stenen\/","og_locale":"nl_NL","og_type":"article","og_title":"Rondleidingen langs gebeeldhouwde stenen Samo\u00ebns, station de ski et village authentique en Haute-Savoie","og_description":"[vc_row][vc_column][vc_column_text css=&#8221;&#8221;]De gids *Circuits de la Pierre Taill\u00e9e* had geen mooier eerbetoon kunnen brengen aan de Frahans \u2013 de steenhouwers, bouwers en beeldhouwers uit de Giffre-vallei en daarbuiten. Van de 11e eeuw tot nu toont Samo\u00ebns onschatbare werken van gebeeldhouwde steen die allemaal hetzelfde spoor volgen: de geschiedenis door de eeuwen heen, de betekenis van [&hellip;]","og_url":"https:\/\/www.samoens.com\/nl\/rondleidingen-langs-gebeeldhouwde-stenen\/","og_site_name":"Samo\u00ebns, station de ski et village authentique en Haute-Savoie","article_modified_time":"2026-04-15T15:41:08+00:00","og_image":[{"width":1029,"height":684,"url":"https:\/\/www.samoens.com\/wp-content\/uploads\/2019\/08\/019-fontaine-tailleurdepierre-samoens.jpg","type":"image\/jpeg"}],"twitter_card":"summary_large_image","twitter_misc":{"Geschatte leestijd":"2 minuten"},"schema":{"@context":"https:\/\/schema.org","@graph":[{"@type":"WebPage","@id":"https:\/\/www.samoens.com\/nl\/rondleidingen-langs-gebeeldhouwde-stenen\/","url":"https:\/\/www.samoens.com\/nl\/rondleidingen-langs-gebeeldhouwde-stenen\/","name":"Rondleidingen langs gebeeldhouwde stenen Samo\u00ebns, station de ski et village authentique en Haute-Savoie","isPartOf":{"@id":"https:\/\/www.samoens.com\/#website"},"primaryImageOfPage":{"@id":"https:\/\/www.samoens.com\/nl\/rondleidingen-langs-gebeeldhouwde-stenen\/#primaryimage"},"image":{"@id":"https:\/\/www.samoens.com\/nl\/rondleidingen-langs-gebeeldhouwde-stenen\/#primaryimage"},"thumbnailUrl":"https:\/\/www.samoens.com\/wp-content\/uploads\/2019\/08\/019-fontaine-tailleurdepierre-samoens.jpg","datePublished":"2021-08-05T12:05:20+00:00","dateModified":"2026-04-15T15:41:08+00:00","breadcrumb":{"@id":"https:\/\/www.samoens.com\/nl\/rondleidingen-langs-gebeeldhouwde-stenen\/#breadcrumb"},"inLanguage":"nl-NL","potentialAction":[{"@type":"ReadAction","target":["https:\/\/www.samoens.com\/nl\/rondleidingen-langs-gebeeldhouwde-stenen\/"]}]},{"@type":"ImageObject","inLanguage":"nl-NL","@id":"https:\/\/www.samoens.com\/nl\/rondleidingen-langs-gebeeldhouwde-stenen\/#primaryimage","url":"https:\/\/www.samoens.com\/wp-content\/uploads\/2019\/08\/019-fontaine-tailleurdepierre-samoens.jpg","contentUrl":"https:\/\/www.samoens.com\/wp-content\/uploads\/2019\/08\/019-fontaine-tailleurdepierre-samoens.jpg","width":1029,"height":684,"caption":"Fontaine des tailleurs de pierre \u00e0 Samo\u00ebns"},{"@type":"BreadcrumbList","@id":"https:\/\/www.samoens.com\/nl\/rondleidingen-langs-gebeeldhouwde-stenen\/#breadcrumb","itemListElement":[{"@type":"ListItem","position":1,"name":"Accueil","item":"https:\/\/www.samoens.com\/nl\/"},{"@type":"ListItem","position":2,"name":"Rondleidingen langs gebeeldhouwde stenen"}]},{"@type":"WebSite","@id":"https:\/\/www.samoens.com\/#website","url":"https:\/\/www.samoens.com\/","name":"Samo\u00ebns, station de ski et village authentique en Haute-Savoie","description":"Nich\u00e9e au coeur du domaine skiable du Grand Massif et \u00e0 moins d&#039;1h de Gen\u00e8ve, Samo\u00ebns rendra vos vacances inoubliables en \u00e9t\u00e9 comme en hiver","potentialAction":[{"@type":"SearchAction","target":{"@type":"EntryPoint","urlTemplate":"https:\/\/www.samoens.com\/?s={search_term_string}"},"query-input":{"@type":"PropertyValueSpecification","valueRequired":true,"valueName":"search_term_string"}}],"inLanguage":"nl-NL"}]}},"_links":{"self":[{"href":"https:\/\/www.samoens.com\/nl\/wp-json\/wp\/v2\/pages\/607696","targetHints":{"allow":["GET"]}}],"collection":[{"href":"https:\/\/www.samoens.com\/nl\/wp-json\/wp\/v2\/pages"}],"about":[{"href":"https:\/\/www.samoens.com\/nl\/wp-json\/wp\/v2\/types\/page"}],"author":[{"embeddable":true,"href":"https:\/\/www.samoens.com\/nl\/wp-json\/wp\/v2\/users\/2"}],"replies":[{"embeddable":true,"href":"https:\/\/www.samoens.com\/nl\/wp-json\/wp\/v2\/comments?post=607696"}],"version-history":[{"count":3,"href":"https:\/\/www.samoens.com\/nl\/wp-json\/wp\/v2\/pages\/607696\/revisions"}],"predecessor-version":[{"id":607700,"href":"https:\/\/www.samoens.com\/nl\/wp-json\/wp\/v2\/pages\/607696\/revisions\/607700"}],"wp:featuredmedia":[{"embeddable":true,"href":"https:\/\/www.samoens.com\/nl\/wp-json\/wp\/v2\/media\/2233"}],"wp:attachment":[{"href":"https:\/\/www.samoens.com\/nl\/wp-json\/wp\/v2\/media?parent=607696"}],"curies":[{"name":"wp","href":"https:\/\/api.w.org\/{rel}","templated":true}]}}