{"id":602895,"date":"2025-10-29T11:19:34","date_gmt":"2025-10-29T10:19:34","guid":{"rendered":"https:\/\/www.samoens.com\/?page_id=602895"},"modified":"2025-10-29T11:19:34","modified_gmt":"2025-10-29T10:19:34","slug":"vakanties-dog-friendly","status":"publish","type":"page","link":"https:\/\/www.samoens.com\/nl\/vakanties-dog-friendly\/","title":{"rendered":"Vakanties dog-friendly"},"content":{"rendered":"<div class=\"wpb-content-wrapper\"><p>[vc_row][vc_column width=&#8221;1\/2&#8243;][vc_single_image image=&#8221;602541&#8243; img_size=&#8221;full&#8221; alignment=&#8221;center&#8221; onclick=&#8221;custom_link&#8221; img_link_target=&#8221;_blank&#8221; title=&#8221;De LENTE met mijn hond&#8221; el_class=&#8221;lienversliste&#8221; link=&#8221;https:\/\/www.samoens.com\/nl\/vacances-printemps-avec-son-chien\/&#8221;][\/vc_column][vc_column width=&#8221;1\/2&#8243;][vc_single_image image=&#8221;596110&#8243; img_size=&#8221;full&#8221; alignment=&#8221;center&#8221; onclick=&#8221;custom_link&#8221; img_link_target=&#8221;_blank&#8221; title=&#8221;De ZOMER met mijn hond&#8221; el_class=&#8221;lienversliste&#8221; link=&#8221;https:\/\/www.samoens.com\/nl\/vacances-ete-avec-son-chien\/&#8221;][\/vc_column][\/vc_row][vc_row][vc_column width=&#8221;1\/2&#8243;][vc_single_image image=&#8221;596086&#8243; img_size=&#8221;full&#8221; alignment=&#8221;center&#8221; onclick=&#8221;custom_link&#8221; img_link_target=&#8221;_blank&#8221; title=&#8221;De HERFST met mijn hond&#8221; el_class=&#8221;lienversliste&#8221; link=&#8221;https:\/\/www.samoens.com\/nl\/vacances-automne-avec-son-chien\/&#8221;][\/vc_column][vc_column width=&#8221;1\/2&#8243;][vc_single_image image=&#8221;596077&#8243; img_size=&#8221;full&#8221; alignment=&#8221;center&#8221; onclick=&#8221;custom_link&#8221; img_link_target=&#8221;_blank&#8221; title=&#8221;De WINTER met mijn hond&#8221; el_class=&#8221;lienversliste&#8221; link=&#8221;https:\/\/www.samoens.com\/nl\/vacances-hiver-avec-son-chien\/&#8221;][\/vc_column][\/vc_row]<\/p>\n<\/div>","protected":false},"excerpt":{"rendered":"<p>[vc_row][vc_column width=&#8221;1\/2&#8243;][vc_single_image image=&#8221;602541&#8243; img_size=&#8221;full&#8221; alignment=&#8221;center&#8221; onclick=&#8221;custom_link&#8221; img_link_target=&#8221;_blank&#8221; title=&#8221;De LENTE met mijn hond&#8221; el_class=&#8221;lienversliste&#8221; link=&#8221;https:\/\/www.samoens.com\/nl\/vacances-printemps-avec-son-chien\/&#8221;][\/vc_column][vc_column width=&#8221;1\/2&#8243;][vc_single_image image=&#8221;596110&#8243; img_size=&#8221;full&#8221; alignment=&#8221;center&#8221; onclick=&#8221;custom_link&#8221; img_link_target=&#8221;_blank&#8221; title=&#8221;De ZOMER met mijn hond&#8221; el_class=&#8221;lienversliste&#8221; link=&#8221;https:\/\/www.samoens.com\/nl\/vacances-ete-avec-son-chien\/&#8221;][\/vc_column][\/vc_row][vc_row][vc_column width=&#8221;1\/2&#8243;][vc_single_image image=&#8221;596086&#8243; img_size=&#8221;full&#8221; alignment=&#8221;center&#8221; onclick=&#8221;custom_link&#8221; img_link_target=&#8221;_blank&#8221; title=&#8221;De HERFST met mijn hond&#8221; el_class=&#8221;lienversliste&#8221; link=&#8221;https:\/\/www.samoens.com\/nl\/vacances-automne-avec-son-chien\/&#8221;][\/vc_column][vc_column width=&#8221;1\/2&#8243;][vc_single_image image=&#8221;596077&#8243; img_size=&#8221;full&#8221; alignment=&#8221;center&#8221; onclick=&#8221;custom_link&#8221; img_link_target=&#8221;_blank&#8221; title=&#8221;De WINTER met mijn hond&#8221; el_class=&#8221;lienversliste&#8221; link=&#8221;https:\/\/www.samoens.com\/nl\/vacances-hiver-avec-son-chien\/&#8221;][\/vc_column][\/vc_row]<\/p>\n","protected":false},"author":12,"featured_media":602574,"parent":0,"menu_order":50,"comment_status":"closed","ping_status":"closed","template":"","meta":{"_acf_changed":false,"footnotes":""},"class_list":["post-602895","page","type-page","status-publish","hentry"],"acf":[],"yoast_head":"<!-- This site is optimized with the Yoast SEO plugin v27.4 - https:\/\/yoast.com\/product\/yoast-seo-wordpress\/ -->\n<title>Genieten van je vakantie met je hond Samo\u00ebns, station de ski et village authentique en Haute-Savoie<\/title>\n<meta name=\"description\" content=\"Samo\u00ebns verwelkomt u samen met uw viervoeter voor een 100% gezellige vakantie. Toegankelijke wandelingen, hondvriendelijke restaurants en accommodaties, praktische tips en nuttige info: alles om volop van uw verblijf te genieten \u2013 samen !\" \/>\n<meta name=\"robots\" content=\"index, follow, max-snippet:-1, max-image-preview:large, max-video-preview:-1\" \/>\n<link rel=\"canonical\" href=\"https:\/\/www.samoens.com\/nl\/vakanties-dog-friendly\/\" \/>\n<meta property=\"og:locale\" content=\"nl_NL\" \/>\n<meta property=\"og:type\" content=\"article\" \/>\n<meta property=\"og:title\" content=\"Genieten van je vakantie met je hond Samo\u00ebns, station de ski et village authentique en Haute-Savoie\" \/>\n<meta property=\"og:description\" content=\"Samo\u00ebns offre de nombreuses activit\u00e9s adapt\u00e9es \u00e0 chacun afin de passer d&#039;agr\u00e9able vacances en famille ou entre amis !\" \/>\n<meta property=\"og:url\" content=\"https:\/\/www.samoens.com\/nl\/vakanties-dog-friendly\/\" \/>\n<meta property=\"og:site_name\" content=\"Samo\u00ebns, station de ski et village authentique en Haute-Savoie\" \/>\n<meta property=\"og:image\" content=\"https:\/\/www.samoens.com\/wp-content\/uploads\/2025\/10\/Uno-Colyne-OT-scaled-e1761206170496.jpeg\" \/>\n\t<meta property=\"og:image:width\" content=\"2048\" \/>\n\t<meta property=\"og:image:height\" content=\"1536\" \/>\n\t<meta property=\"og:image:type\" content=\"image\/jpeg\" \/>\n<meta name=\"twitter:card\" content=\"summary_large_image\" \/>\n<meta name=\"twitter:label1\" content=\"Geschatte leestijd\" \/>\n\t<meta name=\"twitter:data1\" content=\"2 minuten\" \/>\n<script type=\"application\/ld+json\" class=\"yoast-schema-graph\">{\"@context\":\"https:\\\/\\\/schema.org\",\"@graph\":[{\"@type\":\"WebPage\",\"@id\":\"https:\\\/\\\/www.samoens.com\\\/nl\\\/vakanties-dog-friendly\\\/\",\"url\":\"https:\\\/\\\/www.samoens.com\\\/nl\\\/vakanties-dog-friendly\\\/\",\"name\":\"Genieten van je vakantie met je hond Samo\u00ebns, station de ski et village authentique en Haute-Savoie\",\"isPartOf\":{\"@id\":\"https:\\\/\\\/www.samoens.com\\\/#website\"},\"primaryImageOfPage\":{\"@id\":\"https:\\\/\\\/www.samoens.com\\\/nl\\\/vakanties-dog-friendly\\\/#primaryimage\"},\"image\":{\"@id\":\"https:\\\/\\\/www.samoens.com\\\/nl\\\/vakanties-dog-friendly\\\/#primaryimage\"},\"thumbnailUrl\":\"https:\\\/\\\/www.samoens.com\\\/wp-content\\\/uploads\\\/2025\\\/10\\\/Uno-Colyne-OT-scaled-e1761206170496.jpeg\",\"datePublished\":\"2025-10-29T10:19:34+00:00\",\"description\":\"Samo\u00ebns offre de nombreuses activit\u00e9s adapt\u00e9es \u00e0 chacun afin de passer d'agr\u00e9able vacances en famille ou entre amis !\",\"breadcrumb\":{\"@id\":\"https:\\\/\\\/www.samoens.com\\\/nl\\\/vakanties-dog-friendly\\\/#breadcrumb\"},\"inLanguage\":\"nl-NL\",\"potentialAction\":[{\"@type\":\"ReadAction\",\"target\":[\"https:\\\/\\\/www.samoens.com\\\/nl\\\/vakanties-dog-friendly\\\/\"]}]},{\"@type\":\"ImageObject\",\"inLanguage\":\"nl-NL\",\"@id\":\"https:\\\/\\\/www.samoens.com\\\/nl\\\/vakanties-dog-friendly\\\/#primaryimage\",\"url\":\"https:\\\/\\\/www.samoens.com\\\/wp-content\\\/uploads\\\/2025\\\/10\\\/Uno-Colyne-OT-scaled-e1761206170496.jpeg\",\"contentUrl\":\"https:\\\/\\\/www.samoens.com\\\/wp-content\\\/uploads\\\/2025\\\/10\\\/Uno-Colyne-OT-scaled-e1761206170496.jpeg\",\"width\":2048,\"height\":1536},{\"@type\":\"BreadcrumbList\",\"@id\":\"https:\\\/\\\/www.samoens.com\\\/nl\\\/vakanties-dog-friendly\\\/#breadcrumb\",\"itemListElement\":[{\"@type\":\"ListItem\",\"position\":1,\"name\":\"Accueil\",\"item\":\"https:\\\/\\\/www.samoens.com\\\/nl\\\/\"},{\"@type\":\"ListItem\",\"position\":2,\"name\":\"Vakanties dog-friendly\"}]},{\"@type\":\"WebSite\",\"@id\":\"https:\\\/\\\/www.samoens.com\\\/#website\",\"url\":\"https:\\\/\\\/www.samoens.com\\\/\",\"name\":\"Samo\u00ebns, station de ski et village authentique en Haute-Savoie\",\"description\":\"Nich\u00e9e au coeur du domaine skiable du Grand Massif et \u00e0 moins d&#039;1h de Gen\u00e8ve, Samo\u00ebns rendra vos vacances inoubliables en \u00e9t\u00e9 comme en hiver\",\"potentialAction\":[{\"@type\":\"SearchAction\",\"target\":{\"@type\":\"EntryPoint\",\"urlTemplate\":\"https:\\\/\\\/www.samoens.com\\\/?s={search_term_string}\"},\"query-input\":{\"@type\":\"PropertyValueSpecification\",\"valueRequired\":true,\"valueName\":\"search_term_string\"}}],\"inLanguage\":\"nl-NL\"}]}<\/script>\n<!-- \/ Yoast SEO plugin. -->","yoast_head_json":{"title":"Genieten van je vakantie met je hond Samo\u00ebns, station de ski et village authentique en Haute-Savoie","description":"Samo\u00ebns verwelkomt u samen met uw viervoeter voor een 100% gezellige vakantie. Toegankelijke wandelingen, hondvriendelijke restaurants en accommodaties, praktische tips en nuttige info: alles om volop van uw verblijf te genieten \u2013 samen !","robots":{"index":"index","follow":"follow","max-snippet":"max-snippet:-1","max-image-preview":"max-image-preview:large","max-video-preview":"max-video-preview:-1"},"canonical":"https:\/\/www.samoens.com\/nl\/vakanties-dog-friendly\/","og_locale":"nl_NL","og_type":"article","og_title":"Genieten van je vakantie met je hond Samo\u00ebns, station de ski et village authentique en Haute-Savoie","og_description":"Samo\u00ebns offre de nombreuses activit\u00e9s adapt\u00e9es \u00e0 chacun afin de passer d'agr\u00e9able vacances en famille ou entre amis !","og_url":"https:\/\/www.samoens.com\/nl\/vakanties-dog-friendly\/","og_site_name":"Samo\u00ebns, station de ski et village authentique en Haute-Savoie","og_image":[{"width":2048,"height":1536,"url":"https:\/\/www.samoens.com\/wp-content\/uploads\/2025\/10\/Uno-Colyne-OT-scaled-e1761206170496.jpeg","type":"image\/jpeg"}],"twitter_card":"summary_large_image","twitter_misc":{"Geschatte leestijd":"2 minuten"},"schema":{"@context":"https:\/\/schema.org","@graph":[{"@type":"WebPage","@id":"https:\/\/www.samoens.com\/nl\/vakanties-dog-friendly\/","url":"https:\/\/www.samoens.com\/nl\/vakanties-dog-friendly\/","name":"Genieten van je vakantie met je hond Samo\u00ebns, station de ski et village authentique en Haute-Savoie","isPartOf":{"@id":"https:\/\/www.samoens.com\/#website"},"primaryImageOfPage":{"@id":"https:\/\/www.samoens.com\/nl\/vakanties-dog-friendly\/#primaryimage"},"image":{"@id":"https:\/\/www.samoens.com\/nl\/vakanties-dog-friendly\/#primaryimage"},"thumbnailUrl":"https:\/\/www.samoens.com\/wp-content\/uploads\/2025\/10\/Uno-Colyne-OT-scaled-e1761206170496.jpeg","datePublished":"2025-10-29T10:19:34+00:00","description":"Samo\u00ebns offre de nombreuses activit\u00e9s adapt\u00e9es \u00e0 chacun afin de passer d'agr\u00e9able vacances en famille ou entre amis !","breadcrumb":{"@id":"https:\/\/www.samoens.com\/nl\/vakanties-dog-friendly\/#breadcrumb"},"inLanguage":"nl-NL","potentialAction":[{"@type":"ReadAction","target":["https:\/\/www.samoens.com\/nl\/vakanties-dog-friendly\/"]}]},{"@type":"ImageObject","inLanguage":"nl-NL","@id":"https:\/\/www.samoens.com\/nl\/vakanties-dog-friendly\/#primaryimage","url":"https:\/\/www.samoens.com\/wp-content\/uploads\/2025\/10\/Uno-Colyne-OT-scaled-e1761206170496.jpeg","contentUrl":"https:\/\/www.samoens.com\/wp-content\/uploads\/2025\/10\/Uno-Colyne-OT-scaled-e1761206170496.jpeg","width":2048,"height":1536},{"@type":"BreadcrumbList","@id":"https:\/\/www.samoens.com\/nl\/vakanties-dog-friendly\/#breadcrumb","itemListElement":[{"@type":"ListItem","position":1,"name":"Accueil","item":"https:\/\/www.samoens.com\/nl\/"},{"@type":"ListItem","position":2,"name":"Vakanties dog-friendly"}]},{"@type":"WebSite","@id":"https:\/\/www.samoens.com\/#website","url":"https:\/\/www.samoens.com\/","name":"Samo\u00ebns, station de ski et village authentique en Haute-Savoie","description":"Nich\u00e9e au coeur du domaine skiable du Grand Massif et \u00e0 moins d&#039;1h de Gen\u00e8ve, Samo\u00ebns rendra vos vacances inoubliables en \u00e9t\u00e9 comme en hiver","potentialAction":[{"@type":"SearchAction","target":{"@type":"EntryPoint","urlTemplate":"https:\/\/www.samoens.com\/?s={search_term_string}"},"query-input":{"@type":"PropertyValueSpecification","valueRequired":true,"valueName":"search_term_string"}}],"inLanguage":"nl-NL"}]}},"_links":{"self":[{"href":"https:\/\/www.samoens.com\/nl\/wp-json\/wp\/v2\/pages\/602895","targetHints":{"allow":["GET"]}}],"collection":[{"href":"https:\/\/www.samoens.com\/nl\/wp-json\/wp\/v2\/pages"}],"about":[{"href":"https:\/\/www.samoens.com\/nl\/wp-json\/wp\/v2\/types\/page"}],"author":[{"embeddable":true,"href":"https:\/\/www.samoens.com\/nl\/wp-json\/wp\/v2\/users\/12"}],"replies":[{"embeddable":true,"href":"https:\/\/www.samoens.com\/nl\/wp-json\/wp\/v2\/comments?post=602895"}],"version-history":[{"count":3,"href":"https:\/\/www.samoens.com\/nl\/wp-json\/wp\/v2\/pages\/602895\/revisions"}],"predecessor-version":[{"id":602934,"href":"https:\/\/www.samoens.com\/nl\/wp-json\/wp\/v2\/pages\/602895\/revisions\/602934"}],"wp:featuredmedia":[{"embeddable":true,"href":"https:\/\/www.samoens.com\/nl\/wp-json\/wp\/v2\/media\/602574"}],"wp:attachment":[{"href":"https:\/\/www.samoens.com\/nl\/wp-json\/wp\/v2\/media?parent=602895"}],"curies":[{"name":"wp","href":"https:\/\/api.w.org\/{rel}","templated":true}]}}