{"id":595585,"date":"2022-04-15T15:02:43","date_gmt":"2022-04-15T13:02:43","guid":{"rendered":"https:\/\/www.samoens.com\/profitez-dun-bel-ete-a-la-montagne\/"},"modified":"2025-04-26T12:57:47","modified_gmt":"2025-04-26T10:57:47","slug":"profitez-dun-bel-ete-a-la-montagne","status":"publish","type":"page","link":"https:\/\/www.samoens.com\/nl\/profitez-dun-bel-ete-a-la-montagne\/","title":{"rendered":"Geniet van een geweldige zomer in de bergen"},"content":{"rendered":"<div class=\"wpb-content-wrapper\"><p>[vc_row][vc_column]<div style=\"height:50px;\"><\/div><div class=\"vc_row wpb_row vc_row-fluid\"><\/div>[\/vc_column][\/vc_row][vc_row][vc_column]<div class=\"vc_row wpb_row vc_row-fluid\"><\/div>[\/vc_column][\/vc_row][vc_row][vc_column]<div class=\"vc_row wpb_row vc_row-fluid\"><\/div>[\/vc_column][\/vc_row][vc_row][vc_column]<div class=\"vc_row wpb_row vc_row-fluid\"><\/div>[\/vc_column][\/vc_row][vc_row][vc_column]<div class=\"vc_row wpb_row vc_row-fluid\"><\/div>[\/vc_column][\/vc_row][vc_row][vc_column]<div class=\"vc_row wpb_row vc_row-fluid\"><\/div><div class=\"vc_row wpb_row vc_row-fluid\"><\/div>[vc_single_image image=&#8221;67946&#8243; img_size=&#8221;medium&#8221; alignment=&#8221;center&#8221; onclick=&#8221;custom_link&#8221; title=&#8221;Wat kun je doen als je in de zomer de skiliften neemt?&#8221; link=&#8221;https:\/\/www.samoens.com\/nl\/opening-of-the-ski-lifts-in-summer-on-the-grand-massif\/&#8221;]<p class=\"\" style=\"text-align:center;\"><a class=\"ye_boutPlein ye_coul1\" href=\"https:\/\/booking.samoens.com\/summer?origine=switchLangue&_gl=1*1bn7wyb*_gcl_au*MTcwMzI1MjMwNS4xNzQ0NzkxMjQ3\">Boek je zomeractiviteiten in Samo\u00ebns<\/a><\/p>[\/vc_column][\/vc_row][vc_row][vc_column]<section class=\"elem_listeactivite row\"><div class=\"imgcropCtn imageacti\"><img decoding=\"async\" class=\"imgcrop\" src=\"https:\/\/www.samoens.com\/wp-content\/uploads\/2020\/11\/Capture-de\u0301cran-2020-11-02-a\u0300-10.13.22-768x492.png\" alt=\"Zomer in Samo\u00ebns, in het kort:\"><\/div><div class=\"textecolacti\"><h2>Zomer in Samo\u00ebns, in het kort:<\/h2><div class=\"texteacti\"><\/p>\n<ul>\n<li>Een idyllische omgeving tussen bergen en meren<\/li>\n<li>Een historische stad met een rijke geschiedenis<\/li>\n<li>Een omgeving die bevorderlijk is voor ontspanning en welzijn<\/li>\n<li>Ongerepte natuur binnen handbereik<\/li>\n<li>Een animatie- en evenementenprogramma gedurende de hele zomer<\/li>\n<li>Een plek voor gezinnen om te verblijven<\/li>\n<li>Een plek voor vrienden om te ontdekken<\/li>\n<\/ul>\n<p><\/div><\/div><\/section>[\/vc_column][\/vc_row][vc_row][vc_column]<div style=\"height:50px;\"><\/div>[\/vc_column][\/vc_row][vc_row][vc_column]<div style=\"height:50px;\"><\/div>[vc_column_text]<\/p>\n<h2>Veelgestelde vragen<\/h2>\n<p>[\/vc_column_text]<div class=\"blocqr\"><div class=\"question\" id=\"qr25q\" onclick=\"openqr('qr25');\"><span>Waar kan ik specifieke informatie vinden voor elke activiteit?<\/span><i class=\"fas fa-chevron-down\"><\/i><\/div><div class=\"reponse\" id=\"qr25\">We nodigen je uit om op de knop \u201contdekken\u201d te klikken achter de activiteit waarin je ge\u00efnteresseerd bent om er meer over te weten te komen. Heb je nog vragen? Aarzel dan niet om contact op te nemen met het Office du Tourisme van Samo\u00ebns op 04.50.34.40.28 of via e-mail infos@samoens.com of neem rechtstreeks contact op met de aanbieder van de activiteit.<\/div><\/div><script>function openqr(div){\n                    if($(\"#\"+div+\"q\").hasClass(\"opened\")){\n                    $(\"#\"+div+\"\").toggle(\"fast\");\n                    $(\"#\"+div+\"q\").removeClass(\"opened\");\n                    }\n                    else{\n                        $(\"#\"+div+\"\").toggle(\"fast\");\n                        $(\"#\"+div+\"q\").addClass(\"opened\");\n                    }\n                }<\/script><div class=\"blocqr\"><div class=\"question\" id=\"qr455q\" onclick=\"openqr('qr455');\"><span>Vanaf welke leeftijd kan mijn kind deelnemen aan de activiteiten die Samo\u00ebns en zijn partners aanbieden?<\/span><i class=\"fas fa-chevron-down\"><\/i><\/div><div class=\"reponse\" id=\"qr455\">De vereiste minimumleeftijd staat vermeld op elke activiteitenfiche op de website van Samo\u00ebns en wanneer u op de knop \u201contdekken\u201d hierboven klikt. We raden je aan om contact op te nemen met de aanbieder in kwestie als je meer informatie wilt. Samo\u00ebns is een gezinsvriendelijk gebied, dus veel activiteiten zijn al vanaf jonge leeftijd toegankelijk!<\/div><\/div><script>function openqr(div){\n                    if($(\"#\"+div+\"q\").hasClass(\"opened\")){\n                    $(\"#\"+div+\"\").toggle(\"fast\");\n                    $(\"#\"+div+\"q\").removeClass(\"opened\");\n                    }\n                    else{\n                        $(\"#\"+div+\"\").toggle(\"fast\");\n                        $(\"#\"+div+\"q\").addClass(\"opened\");\n                    }\n                }<\/script><div class=\"blocqr\"><div class=\"question\" id=\"qr276q\" onclick=\"openqr('qr276');\"><span>Zijn er kosten verbonden aan de aangeboden activiteiten?<\/span><i class=\"fas fa-chevron-down\"><\/i><\/div><div class=\"reponse\" id=\"qr276\"><span style=\"font-weight: 400;\">Voor de meeste activiteiten die door de partners van Samo\u00ebns worden aangeboden, moet worden betaald. Vakantiebonnen worden echter geaccepteerd. <\/span><\/div><\/div><script>function openqr(div){\n                    if($(\"#\"+div+\"q\").hasClass(\"opened\")){\n                    $(\"#\"+div+\"\").toggle(\"fast\");\n                    $(\"#\"+div+\"q\").removeClass(\"opened\");\n                    }\n                    else{\n                        $(\"#\"+div+\"\").toggle(\"fast\");\n                        $(\"#\"+div+\"q\").addClass(\"opened\");\n                    }\n                }<\/script><div class=\"blocqr\"><div class=\"question\" id=\"qr12q\" onclick=\"openqr('qr12');\"><span>Ik wil graag het historische dorp Samo\u00ebns ontdekken zonder rondleiding, kan dat?<\/span><i class=\"fas fa-chevron-down\"><\/i><\/div><div class=\"reponse\" id=\"qr12\">Het is perfect mogelijk! Ga naar het toeristenbureau van Samo\u00ebns om meer te weten te komen over de must-sees in de omgeving en documentatie te verzamelen ter ondersteuning van de plaatsen die je bezoekt.<\/div><\/div><script>function openqr(div){\n                    if($(\"#\"+div+\"q\").hasClass(\"opened\")){\n                    $(\"#\"+div+\"\").toggle(\"fast\");\n                    $(\"#\"+div+\"q\").removeClass(\"opened\");\n                    }\n                    else{\n                        $(\"#\"+div+\"\").toggle(\"fast\");\n                        $(\"#\"+div+\"q\").addClass(\"opened\");\n                    }\n                }<\/script><div class=\"blocqr\"><div class=\"question\" id=\"qr189q\" onclick=\"openqr('qr189');\"><span>Waar vind je het programma van zomerevenementen in Samo\u00ebns?<\/span><i class=\"fas fa-chevron-down\"><\/i><\/div><div class=\"reponse\" id=\"qr189\">Je kunt het volledige programma, week voor week, vinden op onze speciale website https:\/\/www.samoens.com\/agenda\/ of bij het toeristenbureau van Samo\u00ebns.<\/div><\/div><script>function openqr(div){\n                    if($(\"#\"+div+\"q\").hasClass(\"opened\")){\n                    $(\"#\"+div+\"\").toggle(\"fast\");\n                    $(\"#\"+div+\"q\").removeClass(\"opened\");\n                    }\n                    else{\n                        $(\"#\"+div+\"\").toggle(\"fast\");\n                        $(\"#\"+div+\"q\").addClass(\"opened\");\n                    }\n                }<\/script>[\/vc_column][\/vc_row][vc_row][vc_column][\/vc_column][\/vc_row]<\/p>\n<\/div>","protected":false},"excerpt":{"rendered":"<p>[vc_row][vc_column][\/vc_column][\/vc_row][vc_row][vc_column][\/vc_column][\/vc_row][vc_row][vc_column][\/vc_column][\/vc_row][vc_row][vc_column][\/vc_column][\/vc_row][vc_row][vc_column][\/vc_column][\/vc_row][vc_row][vc_column][vc_single_image image=&#8221;67946&#8243; img_size=&#8221;medium&#8221; alignment=&#8221;center&#8221; onclick=&#8221;custom_link&#8221; title=&#8221;Wat kun je doen als je in de zomer de skiliften neemt?&#8221; link=&#8221;https:\/\/www.samoens.com\/nl\/opening-of-the-ski-lifts-in-summer-on-the-grand-massif\/&#8221;][\/vc_column][\/vc_row][vc_row][vc_column][\/vc_column][\/vc_row][vc_row][vc_column][\/vc_column][\/vc_row][vc_row][vc_column][vc_column_text] Veelgestelde vragen [\/vc_column_text][\/vc_column][\/vc_row][vc_row][vc_column][\/vc_column][\/vc_row]<\/p>\n","protected":false},"author":2,"featured_media":587848,"parent":0,"menu_order":3,"comment_status":"closed","ping_status":"closed","template":"template-entete-bleue.php","meta":{"_acf_changed":false,"footnotes":""},"class_list":["post-595585","page","type-page","status-publish","hentry"],"acf":[],"yoast_head":"<!-- This site is optimized with the Yoast SEO plugin v27.4 - https:\/\/yoast.com\/product\/yoast-seo-wordpress\/ -->\n<title>Geniet van een geweldige zomer in de bergen<\/title>\n<meta name=\"description\" content=\"Venez profiter d&#039;un \u00e9t\u00e9 \u00e0 la montagne gr\u00e2ce aux nombreuses activit\u00e9s propos\u00e9es par Samo\u00ebns et ses partenaires : visites guid\u00e9es, activit\u00e9s de montagne et aquatiques, ...\" \/>\n<meta name=\"robots\" content=\"index, follow, max-snippet:-1, max-image-preview:large, max-video-preview:-1\" \/>\n<link rel=\"canonical\" href=\"https:\/\/www.samoens.com\/nl\/profitez-dun-bel-ete-a-la-montagne\/\" \/>\n<meta property=\"og:locale\" content=\"nl_NL\" \/>\n<meta property=\"og:type\" content=\"article\" \/>\n<meta property=\"og:title\" content=\"Geniet van een geweldige zomer in de bergen\" \/>\n<meta property=\"og:description\" content=\"Venez profiter d&#039;un \u00e9t\u00e9 \u00e0 la montagne gr\u00e2ce aux nombreuses activit\u00e9s propos\u00e9es par Samo\u00ebns et ses partenaires : visites guid\u00e9es, activit\u00e9s de montagne et aquatiques, ...\" \/>\n<meta property=\"og:url\" content=\"https:\/\/www.samoens.com\/nl\/profitez-dun-bel-ete-a-la-montagne\/\" \/>\n<meta property=\"og:site_name\" content=\"Samo\u00ebns, station de ski et village authentique en Haute-Savoie\" \/>\n<meta property=\"article:modified_time\" content=\"2025-04-26T10:57:47+00:00\" \/>\n<meta property=\"og:image\" content=\"https:\/\/www.samoens.com\/wp-content\/uploads\/2024\/03\/breathtaking-sight-as-group-colorful-parachutes-gracefully-soar-through-air-majestic-mountain-range-paragliders-flying-mountains-with-golden-evening-light-ai-generated-scaled.jpg\" \/>\n\t<meta property=\"og:image:width\" content=\"2048\" \/>\n\t<meta property=\"og:image:height\" content=\"1365\" \/>\n\t<meta property=\"og:image:type\" content=\"image\/jpeg\" \/>\n<meta name=\"twitter:card\" content=\"summary_large_image\" \/>\n<meta name=\"twitter:label1\" content=\"Geschatte leestijd\" \/>\n\t<meta name=\"twitter:data1\" content=\"8 minuten\" \/>\n<script type=\"application\/ld+json\" class=\"yoast-schema-graph\">{\"@context\":\"https:\\\/\\\/schema.org\",\"@graph\":[{\"@type\":\"WebPage\",\"@id\":\"https:\\\/\\\/www.samoens.com\\\/nl\\\/profitez-dun-bel-ete-a-la-montagne\\\/\",\"url\":\"https:\\\/\\\/www.samoens.com\\\/nl\\\/profitez-dun-bel-ete-a-la-montagne\\\/\",\"name\":\"Geniet van een geweldige zomer in de bergen\",\"isPartOf\":{\"@id\":\"https:\\\/\\\/www.samoens.com\\\/#website\"},\"primaryImageOfPage\":{\"@id\":\"https:\\\/\\\/www.samoens.com\\\/nl\\\/profitez-dun-bel-ete-a-la-montagne\\\/#primaryimage\"},\"image\":{\"@id\":\"https:\\\/\\\/www.samoens.com\\\/nl\\\/profitez-dun-bel-ete-a-la-montagne\\\/#primaryimage\"},\"thumbnailUrl\":\"https:\\\/\\\/www.samoens.com\\\/wp-content\\\/uploads\\\/2024\\\/03\\\/breathtaking-sight-as-group-colorful-parachutes-gracefully-soar-through-air-majestic-mountain-range-paragliders-flying-mountains-with-golden-evening-light-ai-generated-scaled.jpg\",\"datePublished\":\"2022-04-15T13:02:43+00:00\",\"dateModified\":\"2025-04-26T10:57:47+00:00\",\"description\":\"Venez profiter d'un \u00e9t\u00e9 \u00e0 la montagne gr\u00e2ce aux nombreuses activit\u00e9s propos\u00e9es par Samo\u00ebns et ses partenaires : visites guid\u00e9es, activit\u00e9s de montagne et aquatiques, ...\",\"breadcrumb\":{\"@id\":\"https:\\\/\\\/www.samoens.com\\\/nl\\\/profitez-dun-bel-ete-a-la-montagne\\\/#breadcrumb\"},\"inLanguage\":\"nl-NL\",\"potentialAction\":[{\"@type\":\"ReadAction\",\"target\":[\"https:\\\/\\\/www.samoens.com\\\/nl\\\/profitez-dun-bel-ete-a-la-montagne\\\/\"]}]},{\"@type\":\"ImageObject\",\"inLanguage\":\"nl-NL\",\"@id\":\"https:\\\/\\\/www.samoens.com\\\/nl\\\/profitez-dun-bel-ete-a-la-montagne\\\/#primaryimage\",\"url\":\"https:\\\/\\\/www.samoens.com\\\/wp-content\\\/uploads\\\/2024\\\/03\\\/breathtaking-sight-as-group-colorful-parachutes-gracefully-soar-through-air-majestic-mountain-range-paragliders-flying-mountains-with-golden-evening-light-ai-generated-scaled.jpg\",\"contentUrl\":\"https:\\\/\\\/www.samoens.com\\\/wp-content\\\/uploads\\\/2024\\\/03\\\/breathtaking-sight-as-group-colorful-parachutes-gracefully-soar-through-air-majestic-mountain-range-paragliders-flying-mountains-with-golden-evening-light-ai-generated-scaled.jpg\",\"width\":2048,\"height\":1365,\"caption\":\"A breathtaking sight as a group of colorful parachutes gracefully soar through the air above a majestic mountain range, Paragliders flying over mountains with the golden evening light, AI Generated\"},{\"@type\":\"BreadcrumbList\",\"@id\":\"https:\\\/\\\/www.samoens.com\\\/nl\\\/profitez-dun-bel-ete-a-la-montagne\\\/#breadcrumb\",\"itemListElement\":[{\"@type\":\"ListItem\",\"position\":1,\"name\":\"Accueil\",\"item\":\"https:\\\/\\\/www.samoens.com\\\/nl\\\/\"},{\"@type\":\"ListItem\",\"position\":2,\"name\":\"Geniet van een geweldige zomer in de bergen\"}]},{\"@type\":\"WebSite\",\"@id\":\"https:\\\/\\\/www.samoens.com\\\/#website\",\"url\":\"https:\\\/\\\/www.samoens.com\\\/\",\"name\":\"Samo\u00ebns, station de ski et village authentique en Haute-Savoie\",\"description\":\"Nich\u00e9e au coeur du domaine skiable du Grand Massif et \u00e0 moins d&#039;1h de Gen\u00e8ve, Samo\u00ebns rendra vos vacances inoubliables en \u00e9t\u00e9 comme en hiver\",\"potentialAction\":[{\"@type\":\"SearchAction\",\"target\":{\"@type\":\"EntryPoint\",\"urlTemplate\":\"https:\\\/\\\/www.samoens.com\\\/?s={search_term_string}\"},\"query-input\":{\"@type\":\"PropertyValueSpecification\",\"valueRequired\":true,\"valueName\":\"search_term_string\"}}],\"inLanguage\":\"nl-NL\"}]}<\/script>\n<!-- \/ Yoast SEO plugin. -->","yoast_head_json":{"title":"Geniet van een geweldige zomer in de bergen","description":"Venez profiter d'un \u00e9t\u00e9 \u00e0 la montagne gr\u00e2ce aux nombreuses activit\u00e9s propos\u00e9es par Samo\u00ebns et ses partenaires : visites guid\u00e9es, activit\u00e9s de montagne et aquatiques, ...","robots":{"index":"index","follow":"follow","max-snippet":"max-snippet:-1","max-image-preview":"max-image-preview:large","max-video-preview":"max-video-preview:-1"},"canonical":"https:\/\/www.samoens.com\/nl\/profitez-dun-bel-ete-a-la-montagne\/","og_locale":"nl_NL","og_type":"article","og_title":"Geniet van een geweldige zomer in de bergen","og_description":"Venez profiter d'un \u00e9t\u00e9 \u00e0 la montagne gr\u00e2ce aux nombreuses activit\u00e9s propos\u00e9es par Samo\u00ebns et ses partenaires : visites guid\u00e9es, activit\u00e9s de montagne et aquatiques, ...","og_url":"https:\/\/www.samoens.com\/nl\/profitez-dun-bel-ete-a-la-montagne\/","og_site_name":"Samo\u00ebns, station de ski et village authentique en Haute-Savoie","article_modified_time":"2025-04-26T10:57:47+00:00","og_image":[{"width":2048,"height":1365,"url":"https:\/\/www.samoens.com\/wp-content\/uploads\/2024\/03\/breathtaking-sight-as-group-colorful-parachutes-gracefully-soar-through-air-majestic-mountain-range-paragliders-flying-mountains-with-golden-evening-light-ai-generated-scaled.jpg","type":"image\/jpeg"}],"twitter_card":"summary_large_image","twitter_misc":{"Geschatte leestijd":"8 minuten"},"schema":{"@context":"https:\/\/schema.org","@graph":[{"@type":"WebPage","@id":"https:\/\/www.samoens.com\/nl\/profitez-dun-bel-ete-a-la-montagne\/","url":"https:\/\/www.samoens.com\/nl\/profitez-dun-bel-ete-a-la-montagne\/","name":"Geniet van een geweldige zomer in de bergen","isPartOf":{"@id":"https:\/\/www.samoens.com\/#website"},"primaryImageOfPage":{"@id":"https:\/\/www.samoens.com\/nl\/profitez-dun-bel-ete-a-la-montagne\/#primaryimage"},"image":{"@id":"https:\/\/www.samoens.com\/nl\/profitez-dun-bel-ete-a-la-montagne\/#primaryimage"},"thumbnailUrl":"https:\/\/www.samoens.com\/wp-content\/uploads\/2024\/03\/breathtaking-sight-as-group-colorful-parachutes-gracefully-soar-through-air-majestic-mountain-range-paragliders-flying-mountains-with-golden-evening-light-ai-generated-scaled.jpg","datePublished":"2022-04-15T13:02:43+00:00","dateModified":"2025-04-26T10:57:47+00:00","description":"Venez profiter d'un \u00e9t\u00e9 \u00e0 la montagne gr\u00e2ce aux nombreuses activit\u00e9s propos\u00e9es par Samo\u00ebns et ses partenaires : visites guid\u00e9es, activit\u00e9s de montagne et aquatiques, ...","breadcrumb":{"@id":"https:\/\/www.samoens.com\/nl\/profitez-dun-bel-ete-a-la-montagne\/#breadcrumb"},"inLanguage":"nl-NL","potentialAction":[{"@type":"ReadAction","target":["https:\/\/www.samoens.com\/nl\/profitez-dun-bel-ete-a-la-montagne\/"]}]},{"@type":"ImageObject","inLanguage":"nl-NL","@id":"https:\/\/www.samoens.com\/nl\/profitez-dun-bel-ete-a-la-montagne\/#primaryimage","url":"https:\/\/www.samoens.com\/wp-content\/uploads\/2024\/03\/breathtaking-sight-as-group-colorful-parachutes-gracefully-soar-through-air-majestic-mountain-range-paragliders-flying-mountains-with-golden-evening-light-ai-generated-scaled.jpg","contentUrl":"https:\/\/www.samoens.com\/wp-content\/uploads\/2024\/03\/breathtaking-sight-as-group-colorful-parachutes-gracefully-soar-through-air-majestic-mountain-range-paragliders-flying-mountains-with-golden-evening-light-ai-generated-scaled.jpg","width":2048,"height":1365,"caption":"A breathtaking sight as a group of colorful parachutes gracefully soar through the air above a majestic mountain range, Paragliders flying over mountains with the golden evening light, AI Generated"},{"@type":"BreadcrumbList","@id":"https:\/\/www.samoens.com\/nl\/profitez-dun-bel-ete-a-la-montagne\/#breadcrumb","itemListElement":[{"@type":"ListItem","position":1,"name":"Accueil","item":"https:\/\/www.samoens.com\/nl\/"},{"@type":"ListItem","position":2,"name":"Geniet van een geweldige zomer in de bergen"}]},{"@type":"WebSite","@id":"https:\/\/www.samoens.com\/#website","url":"https:\/\/www.samoens.com\/","name":"Samo\u00ebns, station de ski et village authentique en Haute-Savoie","description":"Nich\u00e9e au coeur du domaine skiable du Grand Massif et \u00e0 moins d&#039;1h de Gen\u00e8ve, Samo\u00ebns rendra vos vacances inoubliables en \u00e9t\u00e9 comme en hiver","potentialAction":[{"@type":"SearchAction","target":{"@type":"EntryPoint","urlTemplate":"https:\/\/www.samoens.com\/?s={search_term_string}"},"query-input":{"@type":"PropertyValueSpecification","valueRequired":true,"valueName":"search_term_string"}}],"inLanguage":"nl-NL"}]}},"_links":{"self":[{"href":"https:\/\/www.samoens.com\/nl\/wp-json\/wp\/v2\/pages\/595585","targetHints":{"allow":["GET"]}}],"collection":[{"href":"https:\/\/www.samoens.com\/nl\/wp-json\/wp\/v2\/pages"}],"about":[{"href":"https:\/\/www.samoens.com\/nl\/wp-json\/wp\/v2\/types\/page"}],"author":[{"embeddable":true,"href":"https:\/\/www.samoens.com\/nl\/wp-json\/wp\/v2\/users\/2"}],"replies":[{"embeddable":true,"href":"https:\/\/www.samoens.com\/nl\/wp-json\/wp\/v2\/comments?post=595585"}],"version-history":[{"count":5,"href":"https:\/\/www.samoens.com\/nl\/wp-json\/wp\/v2\/pages\/595585\/revisions"}],"predecessor-version":[{"id":595593,"href":"https:\/\/www.samoens.com\/nl\/wp-json\/wp\/v2\/pages\/595585\/revisions\/595593"}],"wp:featuredmedia":[{"embeddable":true,"href":"https:\/\/www.samoens.com\/nl\/wp-json\/wp\/v2\/media\/587848"}],"wp:attachment":[{"href":"https:\/\/www.samoens.com\/nl\/wp-json\/wp\/v2\/media?parent=595585"}],"curies":[{"name":"wp","href":"https:\/\/api.w.org\/{rel}","templated":true}]}}