{"id":593749,"date":"2025-01-09T22:35:37","date_gmt":"2025-01-09T21:35:37","guid":{"rendered":"https:\/\/www.samoens.com\/?page_id=593749"},"modified":"2025-08-13T14:55:38","modified_gmt":"2025-08-13T12:55:38","slug":"plans-des-itineraires-vtt-vae","status":"publish","type":"page","link":"https:\/\/www.samoens.com\/nl\/plans-des-itineraires-vtt-vae\/","title":{"rendered":"MTB &#038; e-MTB routekaarten"},"content":{"rendered":"<div class=\"wpb-content-wrapper\"><p>[vc_row][vc_column width=&#8221;1\/2&#8243;][vc_single_image image=&#8221;67946&#8243; img_size=&#8221;medium&#8221; alignment=&#8221;center&#8221; onclick=&#8221;custom_link&#8221; img_link_target=&#8221;_blank&#8221; title=&#8221;Panoramische mountainbikekaart van het Grand Massif (alleen in het Frans)&#8221; link=&#8221;https:\/\/www.samoens.com\/wp-content\/uploads\/2025\/05\/Plan-VTT-Grand-Massif-ete-2025.pdf&#8221; el_class=&#8221;lienversliste&#8221;][vc_single_image image=&#8221;542061&#8243; img_size=&#8221;medium&#8221; alignment=&#8221;center&#8221; onclick=&#8221;custom_link&#8221; img_link_target=&#8221;_blank&#8221; title=&#8221;&#8216;Home Fiets&#8217; boekje&#8221; link=&#8221;https:\/\/www.samoens.com\/wp-content\/uploads\/2025\/08\/Accueil-Velo-NL.pdf&#8221; el_class=&#8221;lienversliste&#8221;][\/vc_column][vc_column width=&#8221;1\/2&#8243;][vc_single_image image=&#8221;67851&#8243; img_size=&#8221;medium&#8221; alignment=&#8221;center&#8221; onclick=&#8221;custom_link&#8221; img_link_target=&#8221;_blank&#8221; title=&#8221;e-MTB routes in de bergen van Giffre (alleen in het Frans)&#8221; link=&#8221;https:\/\/www.samoens.com\/wp-content\/uploads\/2022\/08\/MDG_VTTAE_2022.pdf&#8221; el_class=&#8221;lienversliste&#8221;][vc_single_image image=&#8221;541948&#8243; img_size=&#8221;medium&#8221; alignment=&#8221;center&#8221; onclick=&#8221;custom_link&#8221; img_link_target=&#8221;_blank&#8221; title=&#8221;Reisroute &#8216;Au fil du Giffre&#8217; (alleen in het Frans)&#8221; link=&#8221;https:\/\/www.samoens.com\/wp-content\/uploads\/2021\/06\/depliant-au-fil-du-giffre-web.pdf&#8221; el_class=&#8221;lienversliste&#8221;][\/vc_column][\/vc_row]<\/p>\n<\/div>","protected":false},"excerpt":{"rendered":"<p>[vc_row][vc_column width=&#8221;1\/2&#8243;][vc_single_image image=&#8221;67946&#8243; img_size=&#8221;medium&#8221; alignment=&#8221;center&#8221; onclick=&#8221;custom_link&#8221; img_link_target=&#8221;_blank&#8221; title=&#8221;Panoramische mountainbikekaart van het Grand Massif (alleen in het Frans)&#8221; link=&#8221;https:\/\/www.samoens.com\/wp-content\/uploads\/2025\/05\/Plan-VTT-Grand-Massif-ete-2025.pdf&#8221; el_class=&#8221;lienversliste&#8221;][vc_single_image image=&#8221;542061&#8243; img_size=&#8221;medium&#8221; alignment=&#8221;center&#8221; onclick=&#8221;custom_link&#8221; img_link_target=&#8221;_blank&#8221; title=&#8221;&#8216;Home Fiets&#8217; boekje&#8221; link=&#8221;https:\/\/www.samoens.com\/wp-content\/uploads\/2025\/08\/Accueil-Velo-NL.pdf&#8221; el_class=&#8221;lienversliste&#8221;][\/vc_column][vc_column width=&#8221;1\/2&#8243;][vc_single_image image=&#8221;67851&#8243; img_size=&#8221;medium&#8221; alignment=&#8221;center&#8221; onclick=&#8221;custom_link&#8221; img_link_target=&#8221;_blank&#8221; title=&#8221;e-MTB routes in de bergen van Giffre (alleen in het Frans)&#8221; link=&#8221;https:\/\/www.samoens.com\/wp-content\/uploads\/2022\/08\/MDG_VTTAE_2022.pdf&#8221; el_class=&#8221;lienversliste&#8221;][vc_single_image image=&#8221;541948&#8243; img_size=&#8221;medium&#8221; alignment=&#8221;center&#8221; onclick=&#8221;custom_link&#8221; img_link_target=&#8221;_blank&#8221; title=&#8221;Reisroute &#8216;Au [&hellip;]<\/p>\n","protected":false},"author":2,"featured_media":542012,"parent":0,"menu_order":129,"comment_status":"closed","ping_status":"closed","template":"","meta":{"_acf_changed":false,"footnotes":""},"class_list":["post-593749","page","type-page","status-publish","hentry"],"acf":[],"yoast_head":"<!-- This site is optimized with the Yoast SEO plugin v27.2 - https:\/\/yoast.com\/product\/yoast-seo-wordpress\/ -->\n<title>MTB &amp; e-MTB routekaarten Samo\u00ebns, station de ski et village authentique en Haute-Savoie<\/title>\n<meta name=\"robots\" content=\"index, follow, max-snippet:-1, max-image-preview:large, max-video-preview:-1\" \/>\n<link rel=\"canonical\" href=\"https:\/\/www.samoens.com\/nl\/plans-des-itineraires-vtt-vae\/\" \/>\n<meta property=\"og:locale\" content=\"nl_NL\" \/>\n<meta property=\"og:type\" content=\"article\" \/>\n<meta property=\"og:title\" content=\"MTB &amp; e-MTB routekaarten Samo\u00ebns, station de ski et village authentique en Haute-Savoie\" \/>\n<meta property=\"og:description\" content=\"[vc_row][vc_column width=&#8221;1\/2&#8243;][vc_single_image image=&#8221;67946&#8243; img_size=&#8221;medium&#8221; alignment=&#8221;center&#8221; onclick=&#8221;custom_link&#8221; img_link_target=&#8221;_blank&#8221; title=&#8221;Panoramische mountainbikekaart van het Grand Massif (alleen in het Frans)&#8221; link=&#8221;https:\/\/www.samoens.com\/wp-content\/uploads\/2025\/05\/Plan-VTT-Grand-Massif-ete-2025.pdf&#8221; el_class=&#8221;lienversliste&#8221;][vc_single_image image=&#8221;542061&#8243; img_size=&#8221;medium&#8221; alignment=&#8221;center&#8221; onclick=&#8221;custom_link&#8221; img_link_target=&#8221;_blank&#8221; title=&#8221;&#8216;Home Fiets&#8217; boekje&#8221; link=&#8221;https:\/\/www.samoens.com\/wp-content\/uploads\/2025\/08\/Accueil-Velo-NL.pdf&#8221; el_class=&#8221;lienversliste&#8221;][\/vc_column][vc_column width=&#8221;1\/2&#8243;][vc_single_image image=&#8221;67851&#8243; img_size=&#8221;medium&#8221; alignment=&#8221;center&#8221; onclick=&#8221;custom_link&#8221; img_link_target=&#8221;_blank&#8221; title=&#8221;e-MTB routes in de bergen van Giffre (alleen in het Frans)&#8221; link=&#8221;https:\/\/www.samoens.com\/wp-content\/uploads\/2022\/08\/MDG_VTTAE_2022.pdf&#8221; el_class=&#8221;lienversliste&#8221;][vc_single_image image=&#8221;541948&#8243; img_size=&#8221;medium&#8221; alignment=&#8221;center&#8221; onclick=&#8221;custom_link&#8221; img_link_target=&#8221;_blank&#8221; title=&#8221;Reisroute &#8216;Au [&hellip;]\" \/>\n<meta property=\"og:url\" content=\"https:\/\/www.samoens.com\/nl\/plans-des-itineraires-vtt-vae\/\" \/>\n<meta property=\"og:site_name\" content=\"Samo\u00ebns, station de ski et village authentique en Haute-Savoie\" \/>\n<meta property=\"article:modified_time\" content=\"2025-08-13T12:55:38+00:00\" \/>\n<meta property=\"og:image\" content=\"https:\/\/www.samoens.com\/wp-content\/uploads\/2021\/07\/webcam-Joux-Plane-1.jpg\" \/>\n\t<meta property=\"og:image:width\" content=\"771\" \/>\n\t<meta property=\"og:image:height\" content=\"378\" \/>\n\t<meta property=\"og:image:type\" content=\"image\/jpeg\" \/>\n<meta name=\"twitter:card\" content=\"summary_large_image\" \/>\n<meta name=\"twitter:label1\" content=\"Geschatte leestijd\" \/>\n\t<meta name=\"twitter:data1\" content=\"1 minuut\" \/>\n<script type=\"application\/ld+json\" class=\"yoast-schema-graph\">{\"@context\":\"https:\/\/schema.org\",\"@graph\":[{\"@type\":\"WebPage\",\"@id\":\"https:\/\/www.samoens.com\/nl\/plans-des-itineraires-vtt-vae\/\",\"url\":\"https:\/\/www.samoens.com\/nl\/plans-des-itineraires-vtt-vae\/\",\"name\":\"MTB & e-MTB routekaarten Samo\u00ebns, station de ski et village authentique en Haute-Savoie\",\"isPartOf\":{\"@id\":\"https:\/\/www.samoens.com\/#website\"},\"primaryImageOfPage\":{\"@id\":\"https:\/\/www.samoens.com\/nl\/plans-des-itineraires-vtt-vae\/#primaryimage\"},\"image\":{\"@id\":\"https:\/\/www.samoens.com\/nl\/plans-des-itineraires-vtt-vae\/#primaryimage\"},\"thumbnailUrl\":\"https:\/\/www.samoens.com\/wp-content\/uploads\/2021\/07\/webcam-Joux-Plane-1.jpg\",\"datePublished\":\"2025-01-09T21:35:37+00:00\",\"dateModified\":\"2025-08-13T12:55:38+00:00\",\"breadcrumb\":{\"@id\":\"https:\/\/www.samoens.com\/nl\/plans-des-itineraires-vtt-vae\/#breadcrumb\"},\"inLanguage\":\"nl-NL\",\"potentialAction\":[{\"@type\":\"ReadAction\",\"target\":[\"https:\/\/www.samoens.com\/nl\/plans-des-itineraires-vtt-vae\/\"]}]},{\"@type\":\"ImageObject\",\"inLanguage\":\"nl-NL\",\"@id\":\"https:\/\/www.samoens.com\/nl\/plans-des-itineraires-vtt-vae\/#primaryimage\",\"url\":\"https:\/\/www.samoens.com\/wp-content\/uploads\/2021\/07\/webcam-Joux-Plane-1.jpg\",\"contentUrl\":\"https:\/\/www.samoens.com\/wp-content\/uploads\/2021\/07\/webcam-Joux-Plane-1.jpg\",\"width\":771,\"height\":378,\"caption\":\"webcam Joux Plane\"},{\"@type\":\"BreadcrumbList\",\"@id\":\"https:\/\/www.samoens.com\/nl\/plans-des-itineraires-vtt-vae\/#breadcrumb\",\"itemListElement\":[{\"@type\":\"ListItem\",\"position\":1,\"name\":\"Accueil\",\"item\":\"https:\/\/www.samoens.com\/nl\/\"},{\"@type\":\"ListItem\",\"position\":2,\"name\":\"MTB &#038; e-MTB routekaarten\"}]},{\"@type\":\"WebSite\",\"@id\":\"https:\/\/www.samoens.com\/#website\",\"url\":\"https:\/\/www.samoens.com\/\",\"name\":\"Samo\u00ebns, station de ski et village authentique en Haute-Savoie\",\"description\":\"Nich\u00e9e au coeur du domaine skiable du Grand Massif et \u00e0 moins d&#039;1h de Gen\u00e8ve, Samo\u00ebns rendra vos vacances inoubliables en \u00e9t\u00e9 comme en hiver\",\"potentialAction\":[{\"@type\":\"SearchAction\",\"target\":{\"@type\":\"EntryPoint\",\"urlTemplate\":\"https:\/\/www.samoens.com\/?s={search_term_string}\"},\"query-input\":{\"@type\":\"PropertyValueSpecification\",\"valueRequired\":true,\"valueName\":\"search_term_string\"}}],\"inLanguage\":\"nl-NL\"}]}<\/script>\n<!-- \/ Yoast SEO plugin. -->","yoast_head_json":{"title":"MTB & e-MTB routekaarten Samo\u00ebns, station de ski et village authentique en Haute-Savoie","robots":{"index":"index","follow":"follow","max-snippet":"max-snippet:-1","max-image-preview":"max-image-preview:large","max-video-preview":"max-video-preview:-1"},"canonical":"https:\/\/www.samoens.com\/nl\/plans-des-itineraires-vtt-vae\/","og_locale":"nl_NL","og_type":"article","og_title":"MTB & e-MTB routekaarten Samo\u00ebns, station de ski et village authentique en Haute-Savoie","og_description":"[vc_row][vc_column width=&#8221;1\/2&#8243;][vc_single_image image=&#8221;67946&#8243; img_size=&#8221;medium&#8221; alignment=&#8221;center&#8221; onclick=&#8221;custom_link&#8221; img_link_target=&#8221;_blank&#8221; title=&#8221;Panoramische mountainbikekaart van het Grand Massif (alleen in het Frans)&#8221; link=&#8221;https:\/\/www.samoens.com\/wp-content\/uploads\/2025\/05\/Plan-VTT-Grand-Massif-ete-2025.pdf&#8221; el_class=&#8221;lienversliste&#8221;][vc_single_image image=&#8221;542061&#8243; img_size=&#8221;medium&#8221; alignment=&#8221;center&#8221; onclick=&#8221;custom_link&#8221; img_link_target=&#8221;_blank&#8221; title=&#8221;&#8216;Home Fiets&#8217; boekje&#8221; link=&#8221;https:\/\/www.samoens.com\/wp-content\/uploads\/2025\/08\/Accueil-Velo-NL.pdf&#8221; el_class=&#8221;lienversliste&#8221;][\/vc_column][vc_column width=&#8221;1\/2&#8243;][vc_single_image image=&#8221;67851&#8243; img_size=&#8221;medium&#8221; alignment=&#8221;center&#8221; onclick=&#8221;custom_link&#8221; img_link_target=&#8221;_blank&#8221; title=&#8221;e-MTB routes in de bergen van Giffre (alleen in het Frans)&#8221; link=&#8221;https:\/\/www.samoens.com\/wp-content\/uploads\/2022\/08\/MDG_VTTAE_2022.pdf&#8221; el_class=&#8221;lienversliste&#8221;][vc_single_image image=&#8221;541948&#8243; img_size=&#8221;medium&#8221; alignment=&#8221;center&#8221; onclick=&#8221;custom_link&#8221; img_link_target=&#8221;_blank&#8221; title=&#8221;Reisroute &#8216;Au [&hellip;]","og_url":"https:\/\/www.samoens.com\/nl\/plans-des-itineraires-vtt-vae\/","og_site_name":"Samo\u00ebns, station de ski et village authentique en Haute-Savoie","article_modified_time":"2025-08-13T12:55:38+00:00","og_image":[{"width":771,"height":378,"url":"https:\/\/www.samoens.com\/wp-content\/uploads\/2021\/07\/webcam-Joux-Plane-1.jpg","type":"image\/jpeg"}],"twitter_card":"summary_large_image","twitter_misc":{"Geschatte leestijd":"1 minuut"},"schema":{"@context":"https:\/\/schema.org","@graph":[{"@type":"WebPage","@id":"https:\/\/www.samoens.com\/nl\/plans-des-itineraires-vtt-vae\/","url":"https:\/\/www.samoens.com\/nl\/plans-des-itineraires-vtt-vae\/","name":"MTB & e-MTB routekaarten Samo\u00ebns, station de ski et village authentique en Haute-Savoie","isPartOf":{"@id":"https:\/\/www.samoens.com\/#website"},"primaryImageOfPage":{"@id":"https:\/\/www.samoens.com\/nl\/plans-des-itineraires-vtt-vae\/#primaryimage"},"image":{"@id":"https:\/\/www.samoens.com\/nl\/plans-des-itineraires-vtt-vae\/#primaryimage"},"thumbnailUrl":"https:\/\/www.samoens.com\/wp-content\/uploads\/2021\/07\/webcam-Joux-Plane-1.jpg","datePublished":"2025-01-09T21:35:37+00:00","dateModified":"2025-08-13T12:55:38+00:00","breadcrumb":{"@id":"https:\/\/www.samoens.com\/nl\/plans-des-itineraires-vtt-vae\/#breadcrumb"},"inLanguage":"nl-NL","potentialAction":[{"@type":"ReadAction","target":["https:\/\/www.samoens.com\/nl\/plans-des-itineraires-vtt-vae\/"]}]},{"@type":"ImageObject","inLanguage":"nl-NL","@id":"https:\/\/www.samoens.com\/nl\/plans-des-itineraires-vtt-vae\/#primaryimage","url":"https:\/\/www.samoens.com\/wp-content\/uploads\/2021\/07\/webcam-Joux-Plane-1.jpg","contentUrl":"https:\/\/www.samoens.com\/wp-content\/uploads\/2021\/07\/webcam-Joux-Plane-1.jpg","width":771,"height":378,"caption":"webcam Joux Plane"},{"@type":"BreadcrumbList","@id":"https:\/\/www.samoens.com\/nl\/plans-des-itineraires-vtt-vae\/#breadcrumb","itemListElement":[{"@type":"ListItem","position":1,"name":"Accueil","item":"https:\/\/www.samoens.com\/nl\/"},{"@type":"ListItem","position":2,"name":"MTB &#038; e-MTB routekaarten"}]},{"@type":"WebSite","@id":"https:\/\/www.samoens.com\/#website","url":"https:\/\/www.samoens.com\/","name":"Samo\u00ebns, station de ski et village authentique en Haute-Savoie","description":"Nich\u00e9e au coeur du domaine skiable du Grand Massif et \u00e0 moins d&#039;1h de Gen\u00e8ve, Samo\u00ebns rendra vos vacances inoubliables en \u00e9t\u00e9 comme en hiver","potentialAction":[{"@type":"SearchAction","target":{"@type":"EntryPoint","urlTemplate":"https:\/\/www.samoens.com\/?s={search_term_string}"},"query-input":{"@type":"PropertyValueSpecification","valueRequired":true,"valueName":"search_term_string"}}],"inLanguage":"nl-NL"}]}},"_links":{"self":[{"href":"https:\/\/www.samoens.com\/nl\/wp-json\/wp\/v2\/pages\/593749","targetHints":{"allow":["GET"]}}],"collection":[{"href":"https:\/\/www.samoens.com\/nl\/wp-json\/wp\/v2\/pages"}],"about":[{"href":"https:\/\/www.samoens.com\/nl\/wp-json\/wp\/v2\/types\/page"}],"author":[{"embeddable":true,"href":"https:\/\/www.samoens.com\/nl\/wp-json\/wp\/v2\/users\/2"}],"replies":[{"embeddable":true,"href":"https:\/\/www.samoens.com\/nl\/wp-json\/wp\/v2\/comments?post=593749"}],"version-history":[{"count":5,"href":"https:\/\/www.samoens.com\/nl\/wp-json\/wp\/v2\/pages\/593749\/revisions"}],"predecessor-version":[{"id":598956,"href":"https:\/\/www.samoens.com\/nl\/wp-json\/wp\/v2\/pages\/593749\/revisions\/598956"}],"wp:featuredmedia":[{"embeddable":true,"href":"https:\/\/www.samoens.com\/nl\/wp-json\/wp\/v2\/media\/542012"}],"wp:attachment":[{"href":"https:\/\/www.samoens.com\/nl\/wp-json\/wp\/v2\/media?parent=593749"}],"curies":[{"name":"wp","href":"https:\/\/api.w.org\/{rel}","templated":true}]}}