{"id":593089,"date":"2024-12-11T16:25:51","date_gmt":"2024-12-11T15:25:51","guid":{"rendered":"https:\/\/www.samoens.com\/achetez-votre-forfait-de-ski\/"},"modified":"2024-12-14T22:56:17","modified_gmt":"2024-12-14T21:56:17","slug":"skipas-kopen","status":"publish","type":"page","link":"https:\/\/www.samoens.com\/nl\/skipas-kopen\/","title":{"rendered":"Koop je skipas"},"content":{"rendered":"<div class=\"wpb-content-wrapper\"><p>[vc_row][vc_column width=&#8221;1\/2&#8243;]<p class=\"\" style=\"text-align:center;\"><a class=\"ye_boutPlein ye_coul1\" href=\"https:\/\/www.skipass-grand-massif.com\/en\/\">Koop je Grand Massif skipas voor afdalingen<\/a><\/p>[\/vc_column][vc_column width=&#8221;1\/2&#8243;]<p class=\"\" style=\"text-align:center;\"><a class=\"ye_boutPlein ye_coul1\" href=\"https:\/\/www.valleeduhautgiffre.fr\/domaine-nordique\/vente-en-ligne\/\">Koop je langlaufpas voor Haut-Giffre Nordique<\/a><\/p>[\/vc_column][\/vc_row]<\/p>\n<\/div>","protected":false},"excerpt":{"rendered":"<p>[vc_row][vc_column width=&#8221;1\/2&#8243;][\/vc_column][vc_column width=&#8221;1\/2&#8243;][\/vc_column][\/vc_row]<\/p>\n","protected":false},"author":2,"featured_media":576944,"parent":0,"menu_order":0,"comment_status":"closed","ping_status":"closed","template":"","meta":{"_acf_changed":false,"footnotes":""},"class_list":["post-593089","page","type-page","status-publish","hentry"],"acf":[],"yoast_head":"<!-- This site is optimized with the Yoast SEO plugin v27.2 - https:\/\/yoast.com\/product\/yoast-seo-wordpress\/ -->\n<title>Koop je skipas in Samo\u00ebns en geniet van de pistes van het Grand Massif en het Haut-Giffre Nordique gebied Samo\u00ebns, station de ski et village authentique en Haute-Savoie<\/title>\n<meta name=\"description\" content=\"Ontdek onze skipassen voor het Grand Massif en de Haut-Giffre Nordique. Boek online en profiteer van speciale tarieven voor een onvergetelijke ervaring op de piste.\" \/>\n<meta name=\"robots\" content=\"index, follow, max-snippet:-1, max-image-preview:large, max-video-preview:-1\" \/>\n<link rel=\"canonical\" href=\"https:\/\/www.samoens.com\/nl\/skipas-kopen\/\" \/>\n<meta property=\"og:locale\" content=\"nl_NL\" \/>\n<meta property=\"og:type\" content=\"article\" \/>\n<meta property=\"og:title\" content=\"Koop je skipas in Samo\u00ebns en geniet van de pistes van het Grand Massif en het Haut-Giffre Nordique gebied Samo\u00ebns, station de ski et village authentique en Haute-Savoie\" \/>\n<meta property=\"og:description\" content=\"R\u00e9servez votre forfait de ski \u00e0 Samo\u00ebns et explorez le domaine du Grand Massif et de la vall\u00e9e du Giffre. Offres adapt\u00e9es \u00e0 tous les niveaux et tarifs avantageux en ligne. Pr\u00e9parez votre s\u00e9jour d\u00e8s maintenant !\" \/>\n<meta property=\"og:url\" content=\"https:\/\/www.samoens.com\/nl\/skipas-kopen\/\" \/>\n<meta property=\"og:site_name\" content=\"Samo\u00ebns, station de ski et village authentique en Haute-Savoie\" \/>\n<meta property=\"article:modified_time\" content=\"2024-12-14T21:56:17+00:00\" \/>\n<meta property=\"og:image\" content=\"https:\/\/www.samoens.com\/wp-content\/uploads\/2023\/02\/Ski-en-avril-entre-amis-TristanShu-scaled.jpg\" \/>\n\t<meta property=\"og:image:width\" content=\"2048\" \/>\n\t<meta property=\"og:image:height\" content=\"1365\" \/>\n\t<meta property=\"og:image:type\" content=\"image\/jpeg\" \/>\n<meta name=\"twitter:card\" content=\"summary_large_image\" \/>\n<script type=\"application\/ld+json\" class=\"yoast-schema-graph\">{\"@context\":\"https:\/\/schema.org\",\"@graph\":[{\"@type\":\"WebPage\",\"@id\":\"https:\/\/www.samoens.com\/nl\/skipas-kopen\/\",\"url\":\"https:\/\/www.samoens.com\/nl\/skipas-kopen\/\",\"name\":\"Koop je skipas in Samo\u00ebns en geniet van de pistes van het Grand Massif en het Haut-Giffre Nordique gebied Samo\u00ebns, station de ski et village authentique en Haute-Savoie\",\"isPartOf\":{\"@id\":\"https:\/\/www.samoens.com\/#website\"},\"primaryImageOfPage\":{\"@id\":\"https:\/\/www.samoens.com\/nl\/skipas-kopen\/#primaryimage\"},\"image\":{\"@id\":\"https:\/\/www.samoens.com\/nl\/skipas-kopen\/#primaryimage\"},\"thumbnailUrl\":\"https:\/\/www.samoens.com\/wp-content\/uploads\/2023\/02\/Ski-en-avril-entre-amis-TristanShu-scaled.jpg\",\"datePublished\":\"2024-12-11T15:25:51+00:00\",\"dateModified\":\"2024-12-14T21:56:17+00:00\",\"description\":\"R\u00e9servez votre forfait de ski \u00e0 Samo\u00ebns et explorez le domaine du Grand Massif et de la vall\u00e9e du Giffre. Offres adapt\u00e9es \u00e0 tous les niveaux et tarifs avantageux en ligne. Pr\u00e9parez votre s\u00e9jour d\u00e8s maintenant !\",\"breadcrumb\":{\"@id\":\"https:\/\/www.samoens.com\/nl\/skipas-kopen\/#breadcrumb\"},\"inLanguage\":\"nl-NL\",\"potentialAction\":[{\"@type\":\"ReadAction\",\"target\":[\"https:\/\/www.samoens.com\/nl\/skipas-kopen\/\"]}]},{\"@type\":\"ImageObject\",\"inLanguage\":\"nl-NL\",\"@id\":\"https:\/\/www.samoens.com\/nl\/skipas-kopen\/#primaryimage\",\"url\":\"https:\/\/www.samoens.com\/wp-content\/uploads\/2023\/02\/Ski-en-avril-entre-amis-TristanShu-scaled.jpg\",\"contentUrl\":\"https:\/\/www.samoens.com\/wp-content\/uploads\/2023\/02\/Ski-en-avril-entre-amis-TristanShu-scaled.jpg\",\"width\":2048,\"height\":1365},{\"@type\":\"BreadcrumbList\",\"@id\":\"https:\/\/www.samoens.com\/nl\/skipas-kopen\/#breadcrumb\",\"itemListElement\":[{\"@type\":\"ListItem\",\"position\":1,\"name\":\"Accueil\",\"item\":\"https:\/\/www.samoens.com\/nl\/\"},{\"@type\":\"ListItem\",\"position\":2,\"name\":\"Koop je skipas\"}]},{\"@type\":\"WebSite\",\"@id\":\"https:\/\/www.samoens.com\/#website\",\"url\":\"https:\/\/www.samoens.com\/\",\"name\":\"Samo\u00ebns, station de ski et village authentique en Haute-Savoie\",\"description\":\"Nich\u00e9e au coeur du domaine skiable du Grand Massif et \u00e0 moins d&#039;1h de Gen\u00e8ve, Samo\u00ebns rendra vos vacances inoubliables en \u00e9t\u00e9 comme en hiver\",\"potentialAction\":[{\"@type\":\"SearchAction\",\"target\":{\"@type\":\"EntryPoint\",\"urlTemplate\":\"https:\/\/www.samoens.com\/?s={search_term_string}\"},\"query-input\":{\"@type\":\"PropertyValueSpecification\",\"valueRequired\":true,\"valueName\":\"search_term_string\"}}],\"inLanguage\":\"nl-NL\"}]}<\/script>\n<!-- \/ Yoast SEO plugin. -->","yoast_head_json":{"title":"Koop je skipas in Samo\u00ebns en geniet van de pistes van het Grand Massif en het Haut-Giffre Nordique gebied Samo\u00ebns, station de ski et village authentique en Haute-Savoie","description":"Ontdek onze skipassen voor het Grand Massif en de Haut-Giffre Nordique. Boek online en profiteer van speciale tarieven voor een onvergetelijke ervaring op de piste.","robots":{"index":"index","follow":"follow","max-snippet":"max-snippet:-1","max-image-preview":"max-image-preview:large","max-video-preview":"max-video-preview:-1"},"canonical":"https:\/\/www.samoens.com\/nl\/skipas-kopen\/","og_locale":"nl_NL","og_type":"article","og_title":"Koop je skipas in Samo\u00ebns en geniet van de pistes van het Grand Massif en het Haut-Giffre Nordique gebied Samo\u00ebns, station de ski et village authentique en Haute-Savoie","og_description":"R\u00e9servez votre forfait de ski \u00e0 Samo\u00ebns et explorez le domaine du Grand Massif et de la vall\u00e9e du Giffre. Offres adapt\u00e9es \u00e0 tous les niveaux et tarifs avantageux en ligne. Pr\u00e9parez votre s\u00e9jour d\u00e8s maintenant !","og_url":"https:\/\/www.samoens.com\/nl\/skipas-kopen\/","og_site_name":"Samo\u00ebns, station de ski et village authentique en Haute-Savoie","article_modified_time":"2024-12-14T21:56:17+00:00","og_image":[{"width":2048,"height":1365,"url":"https:\/\/www.samoens.com\/wp-content\/uploads\/2023\/02\/Ski-en-avril-entre-amis-TristanShu-scaled.jpg","type":"image\/jpeg"}],"twitter_card":"summary_large_image","schema":{"@context":"https:\/\/schema.org","@graph":[{"@type":"WebPage","@id":"https:\/\/www.samoens.com\/nl\/skipas-kopen\/","url":"https:\/\/www.samoens.com\/nl\/skipas-kopen\/","name":"Koop je skipas in Samo\u00ebns en geniet van de pistes van het Grand Massif en het Haut-Giffre Nordique gebied Samo\u00ebns, station de ski et village authentique en Haute-Savoie","isPartOf":{"@id":"https:\/\/www.samoens.com\/#website"},"primaryImageOfPage":{"@id":"https:\/\/www.samoens.com\/nl\/skipas-kopen\/#primaryimage"},"image":{"@id":"https:\/\/www.samoens.com\/nl\/skipas-kopen\/#primaryimage"},"thumbnailUrl":"https:\/\/www.samoens.com\/wp-content\/uploads\/2023\/02\/Ski-en-avril-entre-amis-TristanShu-scaled.jpg","datePublished":"2024-12-11T15:25:51+00:00","dateModified":"2024-12-14T21:56:17+00:00","description":"R\u00e9servez votre forfait de ski \u00e0 Samo\u00ebns et explorez le domaine du Grand Massif et de la vall\u00e9e du Giffre. Offres adapt\u00e9es \u00e0 tous les niveaux et tarifs avantageux en ligne. Pr\u00e9parez votre s\u00e9jour d\u00e8s maintenant !","breadcrumb":{"@id":"https:\/\/www.samoens.com\/nl\/skipas-kopen\/#breadcrumb"},"inLanguage":"nl-NL","potentialAction":[{"@type":"ReadAction","target":["https:\/\/www.samoens.com\/nl\/skipas-kopen\/"]}]},{"@type":"ImageObject","inLanguage":"nl-NL","@id":"https:\/\/www.samoens.com\/nl\/skipas-kopen\/#primaryimage","url":"https:\/\/www.samoens.com\/wp-content\/uploads\/2023\/02\/Ski-en-avril-entre-amis-TristanShu-scaled.jpg","contentUrl":"https:\/\/www.samoens.com\/wp-content\/uploads\/2023\/02\/Ski-en-avril-entre-amis-TristanShu-scaled.jpg","width":2048,"height":1365},{"@type":"BreadcrumbList","@id":"https:\/\/www.samoens.com\/nl\/skipas-kopen\/#breadcrumb","itemListElement":[{"@type":"ListItem","position":1,"name":"Accueil","item":"https:\/\/www.samoens.com\/nl\/"},{"@type":"ListItem","position":2,"name":"Koop je skipas"}]},{"@type":"WebSite","@id":"https:\/\/www.samoens.com\/#website","url":"https:\/\/www.samoens.com\/","name":"Samo\u00ebns, station de ski et village authentique en Haute-Savoie","description":"Nich\u00e9e au coeur du domaine skiable du Grand Massif et \u00e0 moins d&#039;1h de Gen\u00e8ve, Samo\u00ebns rendra vos vacances inoubliables en \u00e9t\u00e9 comme en hiver","potentialAction":[{"@type":"SearchAction","target":{"@type":"EntryPoint","urlTemplate":"https:\/\/www.samoens.com\/?s={search_term_string}"},"query-input":{"@type":"PropertyValueSpecification","valueRequired":true,"valueName":"search_term_string"}}],"inLanguage":"nl-NL"}]}},"_links":{"self":[{"href":"https:\/\/www.samoens.com\/nl\/wp-json\/wp\/v2\/pages\/593089","targetHints":{"allow":["GET"]}}],"collection":[{"href":"https:\/\/www.samoens.com\/nl\/wp-json\/wp\/v2\/pages"}],"about":[{"href":"https:\/\/www.samoens.com\/nl\/wp-json\/wp\/v2\/types\/page"}],"author":[{"embeddable":true,"href":"https:\/\/www.samoens.com\/nl\/wp-json\/wp\/v2\/users\/2"}],"replies":[{"embeddable":true,"href":"https:\/\/www.samoens.com\/nl\/wp-json\/wp\/v2\/comments?post=593089"}],"version-history":[{"count":2,"href":"https:\/\/www.samoens.com\/nl\/wp-json\/wp\/v2\/pages\/593089\/revisions"}],"predecessor-version":[{"id":593091,"href":"https:\/\/www.samoens.com\/nl\/wp-json\/wp\/v2\/pages\/593089\/revisions\/593091"}],"wp:featuredmedia":[{"embeddable":true,"href":"https:\/\/www.samoens.com\/nl\/wp-json\/wp\/v2\/media\/576944"}],"wp:attachment":[{"href":"https:\/\/www.samoens.com\/nl\/wp-json\/wp\/v2\/media?parent=593089"}],"curies":[{"name":"wp","href":"https:\/\/api.w.org\/{rel}","templated":true}]}}