{"id":593085,"date":"2024-12-11T16:55:01","date_gmt":"2024-12-11T15:55:01","guid":{"rendered":"https:\/\/www.samoens.com\/infos-pistes-de-ski\/"},"modified":"2024-12-14T23:01:44","modified_gmt":"2024-12-14T22:01:44","slug":"skipistes-info","status":"publish","type":"page","link":"https:\/\/www.samoens.com\/nl\/skipistes-info\/","title":{"rendered":"Live informatie over skipistes"},"content":{"rendered":"<div class=\"wpb-content-wrapper\"><p>[vc_row][vc_column width=&#8221;1\/2&#8243;]<p class=\"\" style=\"text-align:center;\"><a class=\"ye_boutPlein ye_coul1\" href=\"https:\/\/www.grand-massif.com\/en\/weather-forecast-opening\/\">Informatie over alpine skipistes in het Grand Massif<\/a><\/p>[\/vc_column][vc_column width=&#8221;1\/2&#8243;]<p class=\"\" style=\"text-align:center;\"><a class=\"ye_boutPlein ye_coul1\" href=\"https:\/\/www.valleeduhautgiffre.fr\/domaine-nordique\/infos-du-jour\/\">Informatie over langlaufloipes Haut-Giffre Nordique<\/a><\/p>[\/vc_column][\/vc_row]<\/p>\n<\/div>","protected":false},"excerpt":{"rendered":"<p>[vc_row][vc_column width=&#8221;1\/2&#8243;][\/vc_column][vc_column width=&#8221;1\/2&#8243;][\/vc_column][\/vc_row]<\/p>\n","protected":false},"author":2,"featured_media":542762,"parent":0,"menu_order":0,"comment_status":"closed","ping_status":"closed","template":"","meta":{"_acf_changed":false,"footnotes":""},"class_list":["post-593085","page","type-page","status-publish","hentry"],"acf":[],"yoast_head":"<!-- This site is optimized with the Yoast SEO plugin v27.4 - https:\/\/yoast.com\/product\/yoast-seo-wordpress\/ -->\n<title>Informatie over skipistes in Samo\u00ebns: kaart, openingstijden en actuele condities Samo\u00ebns, station de ski et village authentique en Haute-Savoie<\/title>\n<meta name=\"description\" content=\"Ontdek alle essenti\u00eble informatie over de skipistes van Samo\u00ebns: pistekaart, openingstijden, sneeuwcondities in real time en beschikbare diensten voor een onvergetelijke ervaring in het hart van het skigebied Grand Massif voor afdalingen en het skigebied Haut-Giffre Nordique voor langlaufen.\" \/>\n<meta name=\"robots\" content=\"index, follow, max-snippet:-1, max-image-preview:large, max-video-preview:-1\" \/>\n<link rel=\"canonical\" href=\"https:\/\/www.samoens.com\/nl\/skipistes-info\/\" \/>\n<meta property=\"og:locale\" content=\"nl_NL\" \/>\n<meta property=\"og:type\" content=\"article\" \/>\n<meta property=\"og:title\" content=\"Informatie over skipistes in Samo\u00ebns: kaart, openingstijden en actuele condities Samo\u00ebns, station de ski et village authentique en Haute-Savoie\" \/>\n<meta property=\"og:description\" content=\"Consultez les infos sur les pistes de ski \u00e0 Samo\u00ebns : plan d\u00e9taill\u00e9, ouvertures, conditions m\u00e9t\u00e9o et tout ce qu&#039;il faut pour pr\u00e9parer votre journ\u00e9e sur le domaine du Grand Massif et de la vall\u00e9e du Giffre.\" \/>\n<meta property=\"og:url\" content=\"https:\/\/www.samoens.com\/nl\/skipistes-info\/\" \/>\n<meta property=\"og:site_name\" content=\"Samo\u00ebns, station de ski et village authentique en Haute-Savoie\" \/>\n<meta property=\"article:modified_time\" content=\"2024-12-14T22:01:44+00:00\" \/>\n<meta property=\"og:image\" content=\"https:\/\/www.samoens.com\/wp-content\/uploads\/2021\/09\/shutterstock_14543449.jpg\" \/>\n\t<meta property=\"og:image:width\" content=\"2483\" \/>\n\t<meta property=\"og:image:height\" content=\"1651\" \/>\n\t<meta property=\"og:image:type\" content=\"image\/jpeg\" \/>\n<meta name=\"twitter:card\" content=\"summary_large_image\" \/>\n<script type=\"application\/ld+json\" class=\"yoast-schema-graph\">{\"@context\":\"https:\\\/\\\/schema.org\",\"@graph\":[{\"@type\":\"WebPage\",\"@id\":\"https:\\\/\\\/www.samoens.com\\\/nl\\\/skipistes-info\\\/\",\"url\":\"https:\\\/\\\/www.samoens.com\\\/nl\\\/skipistes-info\\\/\",\"name\":\"Informatie over skipistes in Samo\u00ebns: kaart, openingstijden en actuele condities Samo\u00ebns, station de ski et village authentique en Haute-Savoie\",\"isPartOf\":{\"@id\":\"https:\\\/\\\/www.samoens.com\\\/#website\"},\"primaryImageOfPage\":{\"@id\":\"https:\\\/\\\/www.samoens.com\\\/nl\\\/skipistes-info\\\/#primaryimage\"},\"image\":{\"@id\":\"https:\\\/\\\/www.samoens.com\\\/nl\\\/skipistes-info\\\/#primaryimage\"},\"thumbnailUrl\":\"https:\\\/\\\/www.samoens.com\\\/wp-content\\\/uploads\\\/2021\\\/09\\\/shutterstock_14543449.jpg\",\"datePublished\":\"2024-12-11T15:55:01+00:00\",\"dateModified\":\"2024-12-14T22:01:44+00:00\",\"description\":\"Consultez les infos sur les pistes de ski \u00e0 Samo\u00ebns : plan d\u00e9taill\u00e9, ouvertures, conditions m\u00e9t\u00e9o et tout ce qu'il faut pour pr\u00e9parer votre journ\u00e9e sur le domaine du Grand Massif et de la vall\u00e9e du Giffre.\",\"breadcrumb\":{\"@id\":\"https:\\\/\\\/www.samoens.com\\\/nl\\\/skipistes-info\\\/#breadcrumb\"},\"inLanguage\":\"nl-NL\",\"potentialAction\":[{\"@type\":\"ReadAction\",\"target\":[\"https:\\\/\\\/www.samoens.com\\\/nl\\\/skipistes-info\\\/\"]}]},{\"@type\":\"ImageObject\",\"inLanguage\":\"nl-NL\",\"@id\":\"https:\\\/\\\/www.samoens.com\\\/nl\\\/skipistes-info\\\/#primaryimage\",\"url\":\"https:\\\/\\\/www.samoens.com\\\/wp-content\\\/uploads\\\/2021\\\/09\\\/shutterstock_14543449.jpg\",\"contentUrl\":\"https:\\\/\\\/www.samoens.com\\\/wp-content\\\/uploads\\\/2021\\\/09\\\/shutterstock_14543449.jpg\",\"width\":2483,\"height\":1651},{\"@type\":\"BreadcrumbList\",\"@id\":\"https:\\\/\\\/www.samoens.com\\\/nl\\\/skipistes-info\\\/#breadcrumb\",\"itemListElement\":[{\"@type\":\"ListItem\",\"position\":1,\"name\":\"Accueil\",\"item\":\"https:\\\/\\\/www.samoens.com\\\/nl\\\/\"},{\"@type\":\"ListItem\",\"position\":2,\"name\":\"Live informatie over skipistes\"}]},{\"@type\":\"WebSite\",\"@id\":\"https:\\\/\\\/www.samoens.com\\\/#website\",\"url\":\"https:\\\/\\\/www.samoens.com\\\/\",\"name\":\"Samo\u00ebns, station de ski et village authentique en Haute-Savoie\",\"description\":\"Nich\u00e9e au coeur du domaine skiable du Grand Massif et \u00e0 moins d&#039;1h de Gen\u00e8ve, Samo\u00ebns rendra vos vacances inoubliables en \u00e9t\u00e9 comme en hiver\",\"potentialAction\":[{\"@type\":\"SearchAction\",\"target\":{\"@type\":\"EntryPoint\",\"urlTemplate\":\"https:\\\/\\\/www.samoens.com\\\/?s={search_term_string}\"},\"query-input\":{\"@type\":\"PropertyValueSpecification\",\"valueRequired\":true,\"valueName\":\"search_term_string\"}}],\"inLanguage\":\"nl-NL\"}]}<\/script>\n<!-- \/ Yoast SEO plugin. -->","yoast_head_json":{"title":"Informatie over skipistes in Samo\u00ebns: kaart, openingstijden en actuele condities Samo\u00ebns, station de ski et village authentique en Haute-Savoie","description":"Ontdek alle essenti\u00eble informatie over de skipistes van Samo\u00ebns: pistekaart, openingstijden, sneeuwcondities in real time en beschikbare diensten voor een onvergetelijke ervaring in het hart van het skigebied Grand Massif voor afdalingen en het skigebied Haut-Giffre Nordique voor langlaufen.","robots":{"index":"index","follow":"follow","max-snippet":"max-snippet:-1","max-image-preview":"max-image-preview:large","max-video-preview":"max-video-preview:-1"},"canonical":"https:\/\/www.samoens.com\/nl\/skipistes-info\/","og_locale":"nl_NL","og_type":"article","og_title":"Informatie over skipistes in Samo\u00ebns: kaart, openingstijden en actuele condities Samo\u00ebns, station de ski et village authentique en Haute-Savoie","og_description":"Consultez les infos sur les pistes de ski \u00e0 Samo\u00ebns : plan d\u00e9taill\u00e9, ouvertures, conditions m\u00e9t\u00e9o et tout ce qu'il faut pour pr\u00e9parer votre journ\u00e9e sur le domaine du Grand Massif et de la vall\u00e9e du Giffre.","og_url":"https:\/\/www.samoens.com\/nl\/skipistes-info\/","og_site_name":"Samo\u00ebns, station de ski et village authentique en Haute-Savoie","article_modified_time":"2024-12-14T22:01:44+00:00","og_image":[{"width":2483,"height":1651,"url":"https:\/\/www.samoens.com\/wp-content\/uploads\/2021\/09\/shutterstock_14543449.jpg","type":"image\/jpeg"}],"twitter_card":"summary_large_image","schema":{"@context":"https:\/\/schema.org","@graph":[{"@type":"WebPage","@id":"https:\/\/www.samoens.com\/nl\/skipistes-info\/","url":"https:\/\/www.samoens.com\/nl\/skipistes-info\/","name":"Informatie over skipistes in Samo\u00ebns: kaart, openingstijden en actuele condities Samo\u00ebns, station de ski et village authentique en Haute-Savoie","isPartOf":{"@id":"https:\/\/www.samoens.com\/#website"},"primaryImageOfPage":{"@id":"https:\/\/www.samoens.com\/nl\/skipistes-info\/#primaryimage"},"image":{"@id":"https:\/\/www.samoens.com\/nl\/skipistes-info\/#primaryimage"},"thumbnailUrl":"https:\/\/www.samoens.com\/wp-content\/uploads\/2021\/09\/shutterstock_14543449.jpg","datePublished":"2024-12-11T15:55:01+00:00","dateModified":"2024-12-14T22:01:44+00:00","description":"Consultez les infos sur les pistes de ski \u00e0 Samo\u00ebns : plan d\u00e9taill\u00e9, ouvertures, conditions m\u00e9t\u00e9o et tout ce qu'il faut pour pr\u00e9parer votre journ\u00e9e sur le domaine du Grand Massif et de la vall\u00e9e du Giffre.","breadcrumb":{"@id":"https:\/\/www.samoens.com\/nl\/skipistes-info\/#breadcrumb"},"inLanguage":"nl-NL","potentialAction":[{"@type":"ReadAction","target":["https:\/\/www.samoens.com\/nl\/skipistes-info\/"]}]},{"@type":"ImageObject","inLanguage":"nl-NL","@id":"https:\/\/www.samoens.com\/nl\/skipistes-info\/#primaryimage","url":"https:\/\/www.samoens.com\/wp-content\/uploads\/2021\/09\/shutterstock_14543449.jpg","contentUrl":"https:\/\/www.samoens.com\/wp-content\/uploads\/2021\/09\/shutterstock_14543449.jpg","width":2483,"height":1651},{"@type":"BreadcrumbList","@id":"https:\/\/www.samoens.com\/nl\/skipistes-info\/#breadcrumb","itemListElement":[{"@type":"ListItem","position":1,"name":"Accueil","item":"https:\/\/www.samoens.com\/nl\/"},{"@type":"ListItem","position":2,"name":"Live informatie over skipistes"}]},{"@type":"WebSite","@id":"https:\/\/www.samoens.com\/#website","url":"https:\/\/www.samoens.com\/","name":"Samo\u00ebns, station de ski et village authentique en Haute-Savoie","description":"Nich\u00e9e au coeur du domaine skiable du Grand Massif et \u00e0 moins d&#039;1h de Gen\u00e8ve, Samo\u00ebns rendra vos vacances inoubliables en \u00e9t\u00e9 comme en hiver","potentialAction":[{"@type":"SearchAction","target":{"@type":"EntryPoint","urlTemplate":"https:\/\/www.samoens.com\/?s={search_term_string}"},"query-input":{"@type":"PropertyValueSpecification","valueRequired":true,"valueName":"search_term_string"}}],"inLanguage":"nl-NL"}]}},"_links":{"self":[{"href":"https:\/\/www.samoens.com\/nl\/wp-json\/wp\/v2\/pages\/593085","targetHints":{"allow":["GET"]}}],"collection":[{"href":"https:\/\/www.samoens.com\/nl\/wp-json\/wp\/v2\/pages"}],"about":[{"href":"https:\/\/www.samoens.com\/nl\/wp-json\/wp\/v2\/types\/page"}],"author":[{"embeddable":true,"href":"https:\/\/www.samoens.com\/nl\/wp-json\/wp\/v2\/users\/2"}],"replies":[{"embeddable":true,"href":"https:\/\/www.samoens.com\/nl\/wp-json\/wp\/v2\/comments?post=593085"}],"version-history":[{"count":2,"href":"https:\/\/www.samoens.com\/nl\/wp-json\/wp\/v2\/pages\/593085\/revisions"}],"predecessor-version":[{"id":593087,"href":"https:\/\/www.samoens.com\/nl\/wp-json\/wp\/v2\/pages\/593085\/revisions\/593087"}],"wp:featuredmedia":[{"embeddable":true,"href":"https:\/\/www.samoens.com\/nl\/wp-json\/wp\/v2\/media\/542762"}],"wp:attachment":[{"href":"https:\/\/www.samoens.com\/nl\/wp-json\/wp\/v2\/media?parent=593085"}],"curies":[{"name":"wp","href":"https:\/\/api.w.org\/{rel}","templated":true}]}}