{"id":592867,"date":"2022-02-22T11:55:10","date_gmt":"2022-02-22T10:55:10","guid":{"rendered":"https:\/\/www.samoens.com\/accueil-velo\/"},"modified":"2025-08-13T14:49:40","modified_gmt":"2025-08-13T12:49:40","slug":"accueil-velo","status":"publish","type":"page","link":"https:\/\/www.samoens.com\/nl\/accueil-velo\/","title":{"rendered":"Home Fiests"},"content":{"rendered":"<div class=\"wpb-content-wrapper\"><p>[vc_row][vc_column]<div style=\"height:30px;\"><\/div>[\/vc_column][vc_column width=&#8221;1\/2&#8243;][vc_single_image image=&#8221;562933&#8243; alignment=&#8221;center&#8221;][\/vc_column][vc_column width=&#8221;1\/2&#8243;][vc_column_text]Accueil V\u00e9lo is een nationaal merk dat garant staat voor een ontvangst, diensten en specifieke voorzieningen die zijn afgestemd op de behoeften van fietstoeristen langs de Franse fietsroutes.[\/vc_column_text][\/vc_column][\/vc_row][vc_row][vc_column][vc_zigzag][vc_column_text]Het helpt fietsklanten, vooral die uit het buitenland, gerust te stellen over de kwaliteit van de diensten die voor hen beschikbaar zijn, met als doel hun fietsreizen gemakkelijker te maken.<\/p>\n<p>Het is de belofte van een hoogwaardige ontvangst voor fietsers en fietsreizigers in Frankrijk, om de klantervaring internationaal uit te breiden: Bett + Bike (D), Fietsers Welkom! (NL), Welcome Cyclists (Tch, HU), Bienvenue cyclistes! (QC), ETC.<\/p>\n<p>Het helpt om Frankrijk tegen 2030 de belangrijkste bestemming voor fietstoerisme ter wereld te maken.<\/p>\n<p>Het kleine groene logo in de vorm van een fietser is een snelle manier om goedgekeurde etablissementen te identificeren en moedigt fietsers aan om deze etablissementen te bezoeken die op minder dan 5 km van fietsroutes liggen (opgenomen in een departementaal, regionaal of nationaal programma), inclusief mountainbikeroutes en bewegwijzerde lokale lussen.<\/p>\n<p><em>Credits: Frankrijk V\u00e9lo Tourisme<\/em><\/p>\n<p>[\/vc_column_text][vc_column_text]Het toeristenbureau van Samo\u00ebns heeft het label \u201cAccueil V\u00e9lo\u201d gekregen. Het biedt een onthaal op maat, aangepaste documentatie en een herstellingskit voor kleine schade.<\/p>\n<p>Klik hieronder voor onze Accueil V\u00e9lo documentatie:[\/vc_column_text][\/vc_column][\/vc_row][vc_row][vc_column]\n\n    <div class=\"brochure\">\n      <a class=\"brochure_link\" target=\"_blank\"><\/a><p class=\"brochure_title\">Home Fiests<\/p><a class=\"gtm_brochures_download brochure_link ye_boutPlein\" href=\"https:\/\/www.samoens.com\/wp-content\/uploads\/2025\/08\/Accueil-Velo-NL.pdf\" target=\"_blank\">Download the brochure<\/a><\/div>[\/vc_column][\/vc_row][vc_row][vc_column][\/vc_column][\/vc_row]<\/p>\n<\/div>","protected":false},"excerpt":{"rendered":"<p>[vc_row][vc_column][\/vc_column][vc_column width=&#8221;1\/2&#8243;][vc_single_image image=&#8221;562933&#8243; alignment=&#8221;center&#8221;][\/vc_column][vc_column width=&#8221;1\/2&#8243;][vc_column_text]Accueil V\u00e9lo is een nationaal merk dat garant staat voor een ontvangst, diensten en specifieke voorzieningen die zijn afgestemd op de behoeften van fietstoeristen langs de Franse fietsroutes.[\/vc_column_text][\/vc_column][\/vc_row][vc_row][vc_column][vc_zigzag][vc_column_text]Het helpt fietsklanten, vooral die uit het buitenland, gerust te stellen over de kwaliteit van de diensten die voor hen beschikbaar zijn, met als [&hellip;]<\/p>\n","protected":false},"author":12,"featured_media":0,"parent":0,"menu_order":144,"comment_status":"closed","ping_status":"closed","template":"","meta":{"_acf_changed":false,"footnotes":""},"class_list":["post-592867","page","type-page","status-publish","hentry"],"acf":[],"yoast_head":"<!-- This site is optimized with the Yoast SEO plugin v27.2 - https:\/\/yoast.com\/product\/yoast-seo-wordpress\/ -->\n<title>Home Fiests Samo\u00ebns, station de ski et village authentique en Haute-Savoie<\/title>\n<meta name=\"robots\" content=\"index, follow, max-snippet:-1, max-image-preview:large, max-video-preview:-1\" \/>\n<link rel=\"canonical\" href=\"https:\/\/www.samoens.com\/nl\/accueil-velo\/\" \/>\n<meta property=\"og:locale\" content=\"nl_NL\" \/>\n<meta property=\"og:type\" content=\"article\" \/>\n<meta property=\"og:title\" content=\"Home Fiests Samo\u00ebns, station de ski et village authentique en Haute-Savoie\" \/>\n<meta property=\"og:description\" content=\"[vc_row][vc_column][\/vc_column][vc_column width=&#8221;1\/2&#8243;][vc_single_image image=&#8221;562933&#8243; alignment=&#8221;center&#8221;][\/vc_column][vc_column width=&#8221;1\/2&#8243;][vc_column_text]Accueil V\u00e9lo is een nationaal merk dat garant staat voor een ontvangst, diensten en specifieke voorzieningen die zijn afgestemd op de behoeften van fietstoeristen langs de Franse fietsroutes.[\/vc_column_text][\/vc_column][\/vc_row][vc_row][vc_column][vc_zigzag][vc_column_text]Het helpt fietsklanten, vooral die uit het buitenland, gerust te stellen over de kwaliteit van de diensten die voor hen beschikbaar zijn, met als [&hellip;]\" \/>\n<meta property=\"og:url\" content=\"https:\/\/www.samoens.com\/nl\/accueil-velo\/\" \/>\n<meta property=\"og:site_name\" content=\"Samo\u00ebns, station de ski et village authentique en Haute-Savoie\" \/>\n<meta property=\"article:modified_time\" content=\"2025-08-13T12:49:40+00:00\" \/>\n<meta name=\"twitter:card\" content=\"summary_large_image\" \/>\n<meta name=\"twitter:label1\" content=\"Geschatte leestijd\" \/>\n\t<meta name=\"twitter:data1\" content=\"2 minuten\" \/>\n<script type=\"application\/ld+json\" class=\"yoast-schema-graph\">{\"@context\":\"https:\/\/schema.org\",\"@graph\":[{\"@type\":\"WebPage\",\"@id\":\"https:\/\/www.samoens.com\/nl\/accueil-velo\/\",\"url\":\"https:\/\/www.samoens.com\/nl\/accueil-velo\/\",\"name\":\"Home Fiests Samo\u00ebns, station de ski et village authentique en Haute-Savoie\",\"isPartOf\":{\"@id\":\"https:\/\/www.samoens.com\/#website\"},\"datePublished\":\"2022-02-22T10:55:10+00:00\",\"dateModified\":\"2025-08-13T12:49:40+00:00\",\"breadcrumb\":{\"@id\":\"https:\/\/www.samoens.com\/nl\/accueil-velo\/#breadcrumb\"},\"inLanguage\":\"nl-NL\",\"potentialAction\":[{\"@type\":\"ReadAction\",\"target\":[\"https:\/\/www.samoens.com\/nl\/accueil-velo\/\"]}]},{\"@type\":\"BreadcrumbList\",\"@id\":\"https:\/\/www.samoens.com\/nl\/accueil-velo\/#breadcrumb\",\"itemListElement\":[{\"@type\":\"ListItem\",\"position\":1,\"name\":\"Accueil\",\"item\":\"https:\/\/www.samoens.com\/nl\/\"},{\"@type\":\"ListItem\",\"position\":2,\"name\":\"Home Fiests\"}]},{\"@type\":\"WebSite\",\"@id\":\"https:\/\/www.samoens.com\/#website\",\"url\":\"https:\/\/www.samoens.com\/\",\"name\":\"Samo\u00ebns, station de ski et village authentique en Haute-Savoie\",\"description\":\"Nich\u00e9e au coeur du domaine skiable du Grand Massif et \u00e0 moins d&#039;1h de Gen\u00e8ve, Samo\u00ebns rendra vos vacances inoubliables en \u00e9t\u00e9 comme en hiver\",\"potentialAction\":[{\"@type\":\"SearchAction\",\"target\":{\"@type\":\"EntryPoint\",\"urlTemplate\":\"https:\/\/www.samoens.com\/?s={search_term_string}\"},\"query-input\":{\"@type\":\"PropertyValueSpecification\",\"valueRequired\":true,\"valueName\":\"search_term_string\"}}],\"inLanguage\":\"nl-NL\"}]}<\/script>\n<!-- \/ Yoast SEO plugin. -->","yoast_head_json":{"title":"Home Fiests Samo\u00ebns, station de ski et village authentique en Haute-Savoie","robots":{"index":"index","follow":"follow","max-snippet":"max-snippet:-1","max-image-preview":"max-image-preview:large","max-video-preview":"max-video-preview:-1"},"canonical":"https:\/\/www.samoens.com\/nl\/accueil-velo\/","og_locale":"nl_NL","og_type":"article","og_title":"Home Fiests Samo\u00ebns, station de ski et village authentique en Haute-Savoie","og_description":"[vc_row][vc_column][\/vc_column][vc_column width=&#8221;1\/2&#8243;][vc_single_image image=&#8221;562933&#8243; alignment=&#8221;center&#8221;][\/vc_column][vc_column width=&#8221;1\/2&#8243;][vc_column_text]Accueil V\u00e9lo is een nationaal merk dat garant staat voor een ontvangst, diensten en specifieke voorzieningen die zijn afgestemd op de behoeften van fietstoeristen langs de Franse fietsroutes.[\/vc_column_text][\/vc_column][\/vc_row][vc_row][vc_column][vc_zigzag][vc_column_text]Het helpt fietsklanten, vooral die uit het buitenland, gerust te stellen over de kwaliteit van de diensten die voor hen beschikbaar zijn, met als [&hellip;]","og_url":"https:\/\/www.samoens.com\/nl\/accueil-velo\/","og_site_name":"Samo\u00ebns, station de ski et village authentique en Haute-Savoie","article_modified_time":"2025-08-13T12:49:40+00:00","twitter_card":"summary_large_image","twitter_misc":{"Geschatte leestijd":"2 minuten"},"schema":{"@context":"https:\/\/schema.org","@graph":[{"@type":"WebPage","@id":"https:\/\/www.samoens.com\/nl\/accueil-velo\/","url":"https:\/\/www.samoens.com\/nl\/accueil-velo\/","name":"Home Fiests Samo\u00ebns, station de ski et village authentique en Haute-Savoie","isPartOf":{"@id":"https:\/\/www.samoens.com\/#website"},"datePublished":"2022-02-22T10:55:10+00:00","dateModified":"2025-08-13T12:49:40+00:00","breadcrumb":{"@id":"https:\/\/www.samoens.com\/nl\/accueil-velo\/#breadcrumb"},"inLanguage":"nl-NL","potentialAction":[{"@type":"ReadAction","target":["https:\/\/www.samoens.com\/nl\/accueil-velo\/"]}]},{"@type":"BreadcrumbList","@id":"https:\/\/www.samoens.com\/nl\/accueil-velo\/#breadcrumb","itemListElement":[{"@type":"ListItem","position":1,"name":"Accueil","item":"https:\/\/www.samoens.com\/nl\/"},{"@type":"ListItem","position":2,"name":"Home Fiests"}]},{"@type":"WebSite","@id":"https:\/\/www.samoens.com\/#website","url":"https:\/\/www.samoens.com\/","name":"Samo\u00ebns, station de ski et village authentique en Haute-Savoie","description":"Nich\u00e9e au coeur du domaine skiable du Grand Massif et \u00e0 moins d&#039;1h de Gen\u00e8ve, Samo\u00ebns rendra vos vacances inoubliables en \u00e9t\u00e9 comme en hiver","potentialAction":[{"@type":"SearchAction","target":{"@type":"EntryPoint","urlTemplate":"https:\/\/www.samoens.com\/?s={search_term_string}"},"query-input":{"@type":"PropertyValueSpecification","valueRequired":true,"valueName":"search_term_string"}}],"inLanguage":"nl-NL"}]}},"_links":{"self":[{"href":"https:\/\/www.samoens.com\/nl\/wp-json\/wp\/v2\/pages\/592867","targetHints":{"allow":["GET"]}}],"collection":[{"href":"https:\/\/www.samoens.com\/nl\/wp-json\/wp\/v2\/pages"}],"about":[{"href":"https:\/\/www.samoens.com\/nl\/wp-json\/wp\/v2\/types\/page"}],"author":[{"embeddable":true,"href":"https:\/\/www.samoens.com\/nl\/wp-json\/wp\/v2\/users\/12"}],"replies":[{"embeddable":true,"href":"https:\/\/www.samoens.com\/nl\/wp-json\/wp\/v2\/comments?post=592867"}],"version-history":[{"count":5,"href":"https:\/\/www.samoens.com\/nl\/wp-json\/wp\/v2\/pages\/592867\/revisions"}],"predecessor-version":[{"id":598491,"href":"https:\/\/www.samoens.com\/nl\/wp-json\/wp\/v2\/pages\/592867\/revisions\/598491"}],"wp:attachment":[{"href":"https:\/\/www.samoens.com\/nl\/wp-json\/wp\/v2\/media?parent=592867"}],"curies":[{"name":"wp","href":"https:\/\/api.w.org\/{rel}","templated":true}]}}