{"id":590842,"date":"2025-10-27T14:30:31","date_gmt":"2025-10-27T13:30:31","guid":{"rendered":"https:\/\/www.samoens.com\/?page_id=590842"},"modified":"2025-10-28T11:33:46","modified_gmt":"2025-10-28T10:33:46","slug":"activites-dinterieur","status":"publish","type":"page","link":"https:\/\/www.samoens.com\/nl\/activites-dinterieur\/","title":{"rendered":"Binnenactiviteiten"},"content":{"rendered":"<div class=\"wpb-content-wrapper\"><p>[vc_row][vc_column][vc_column_text]<\/p>\n<ul>\n<li>Ontdek nieuwe films of boeken in een bioscoop en mediatheek die het hele jaar door geopend zijn. Bezoek musea op minder dan 30 minuten rijden.<\/li>\n<li>Bezoek het erfgoed van Haut-Giffre met zijn kerken, zijn kartuizerklooster en ook de boerenkennis.<\/li>\n<li>Bezoek de boerderijen waar u regionale kazen en soms zelfs slakken kunt proeven!<\/li>\n<li>Verwen uzelf in onze wellnessruimtes.<\/li>\n<li>Ga zwemmen in de nabijgelegen zwembaden.<\/li>\n<li>Geniet van de Philippe Candeloro-ijsbaan in Samo\u00ebns.<\/li>\n<\/ul>\n<p>[\/vc_column_text]<div style=\"height:50px;\"><\/div>[\/vc_column][\/vc_row][vc_row][vc_column]<div class=\"vc_row wpb_row vc_row-fluid\"><div class=\"wpb_column vc_column_container vc_col-sm-6 vc_col-lg-4\"><div class=\"vc_column-inner\"><a href=\"https:\/\/www.samoens.com\/nl\/activites-dinterieur\/culture-et-loisirs\/\" class=\"listeactiseo\"><div class=\"imgcropCtn\"><img decoding=\"async\" class=\"imgcrop\" src=\"https:\/\/www.samoens.com\/wp-content\/uploads\/2021\/12\/Cinema-Pellicule-768x512.jpg\" alt=\"Cultuur en vrije tijd\"><div class=\"descriptif\">\r\nZin in cultuur?\r\nGeniet van de bioscoop van Samo\u00ebns met zijn programma dat 6 dagen per week loopt, ga naar een livevoorstelling of ontdek nieuwe romans in de mediatheek!\r\nOp naar de niet-ski-activiteiten in Samo\u00ebns!\r\n<\/div><\/div><h3>Cultuur en vrije tijd<\/h3><\/a><\/div><\/div><div class=\"wpb_column vc_column_container vc_col-sm-6 vc_col-lg-4\"><div class=\"vc_column-inner\"><a href=\"https:\/\/www.samoens.com\/nl\/activites-dinterieur\/patrimoine\/\" class=\"listeactiseo\"><div class=\"imgcropCtn\"><img decoding=\"async\" class=\"imgcrop\" src=\"https:\/\/www.samoens.com\/wp-content\/uploads\/2019\/08\/65-eglise-samoens-768x510.jpg\" alt=\"Lokaal erfgoed\"><div class=\"descriptif\">\r\nOntdek Samo\u00ebns en omgeving aan de hand van zijn erfgoed. Neem de tijd om een museum te bezoeken of geniet van de bijzondere sfeer van het religieuze erfgoed.\r\n<\/div><\/div><h3>Lokaal erfgoed<\/h3><\/a><\/div><\/div><div class=\"wpb_column vc_column_container vc_col-sm-6 vc_col-lg-4\"><div class=\"vc_column-inner\"><a href=\"https:\/\/www.samoens.com\/nl\/activites-dinterieur\/fermes-et-degustations\/\" class=\"listeactiseo\"><div class=\"imgcropCtn\"><img decoding=\"async\" class=\"imgcrop\" src=\"https:\/\/www.samoens.com\/wp-content\/uploads\/2021\/12\/Agneaux-768x512.jpg\" alt=\"Boerderijen en proeverijen\"><div class=\"descriptif\">\r\nWelke producten uit de Haute-Savoie neem je mee terug van je verblijf in Samo\u00ebns?\r\n<\/div><\/div><h3>Boerderijen en proeverijen<\/h3><\/a><\/div><\/div><div class=\"wpb_column vc_column_container vc_col-sm-6 vc_col-lg-4\"><div class=\"vc_column-inner\"><a href=\"https:\/\/www.samoens.com\/nl\/zomeractiviteiten\/activites-bien-etre\/welbevinden-activiteiten\/\" class=\"listeactiseo\"><div class=\"imgcropCtn\"><img decoding=\"async\" class=\"imgcrop\" src=\"https:\/\/www.samoens.com\/wp-content\/uploads\/2019\/12\/Capture-d\u2019e\u0301cran-2019-12-10-a\u0300-14.10.30-768x511.png\" alt=\"Wellness-activiteiten\"><div class=\"descriptif\"><\/div><\/div><h3>Wellness-activiteiten<\/h3><\/a><\/div><\/div><div class=\"wpb_column vc_column_container vc_col-sm-6 vc_col-lg-4\"><div class=\"vc_column-inner\"><a href=\"https:\/\/www.samoens.com\/nl\/activites-dinterieur\/centres-aquatiques\/\" class=\"listeactiseo\"><div class=\"imgcropCtn\"><img decoding=\"async\" class=\"imgcrop\" src=\"https:\/\/www.samoens.com\/wp-content\/uploads\/2021\/12\/father-daughter-swimming-together-pool-768x512.jpg\" alt=\"Zwemcentra\"><div class=\"descriptif\">\r\nOntdek de watergebieden rond Samo\u00ebns\r\n<\/div><\/div><h3>Zwemcentra<\/h3><\/a><\/div><\/div><div class=\"wpb_column vc_column_container vc_col-sm-6 vc_col-lg-4\"><div class=\"vc_column-inner\"><a href=\"https:\/\/www.samoens.com\/nl\/kunstijsbaan\/\" class=\"listeactiseo\"><div class=\"imgcropCtn\"><img decoding=\"async\" class=\"imgcrop\" src=\"\/wp-content\/plugins\/yatadata\/public\/multimedias\/192278\/35765440-diaporama.jpg\" alt=\"Ice rink\"><div class=\"descriptif\">UNIQUEMENT OUVERTE L'HIVER\r\nVenez go\u00fbter aux joies du patinage sur la patinoire ext\u00e9rieure couverte, \u00e9quip\u00e9e de gradins. L'hiver, vous d\u00e9couvrirez les joies du patin sur glace.<\/div><\/div><h3>Ice rink<\/h3><\/a><\/div><\/div><\/div><div class=\"vc_row wpb_row vc_row-fluid\"><div class=\"wpb_column vc_column_container vc_col-sm-6 vc_col-lg-4\"><div class=\"vc_column-inner\"><a href=\"https:\/\/www.samoens.com\/nl\/latelier-de-puce-handgemaakt-aardewerk\/\" class=\"listeactiseo\"><div class=\"imgcropCtn\"><img decoding=\"async\" class=\"imgcrop\" src=\"\/wp-content\/plugins\/yatadata\/public\/multimedias\/330223\/26269456-diaporama.jpg\" alt=\"Pottenbakkerij\"><div class=\"descriptif\">Fabrication artisanale de jolies poteries toutes blanches en gr\u00e8s \u00e9maill\u00e9, utilitaires et d\u00e9coratives.\r\nD\u00e9monstrations et initiations durant les saisons \u00e9t\u00e9 et hiver sur r\u00e9servation uniquement au 0658104556.<\/div><\/div><h3>Pottenbakkerij<\/h3><\/a><\/div><\/div><div class=\"wpb_column vc_column_container vc_col-sm-6 vc_col-lg-4\"><div class=\"vc_column-inner\"><a href=\"https:\/\/www.samoens.com\/nl\/workshop-micro-macrame-sieraden-maken-saijana\/\" class=\"listeactiseo\"><div class=\"imgcropCtn\"><img decoding=\"async\" class=\"imgcrop\" src=\"\/wp-content\/plugins\/yatadata\/public\/multimedias\/7160016\/26842115-diaporama.jpg\" alt=\"Workshop \u2013 maken van sieraden in micro-macram\u00e9\"><div class=\"descriptif\">D\u00e9couvrez le micro macram\u00e9 avec Laura, cr\u00e9atrice de bijoux ! Lors d'ateliers conviviaux et accessibles, laissez libre cours \u00e0 votre cr\u00e9ativit\u00e9 en r\u00e9alisant des bijoux uniques.<\/div><\/div><h3>Workshop \u2013 maken van sieraden in micro-macram\u00e9<\/h3><\/a><\/div><\/div><div class=\"wpb_column vc_column_container vc_col-sm-6 vc_col-lg-4\"><div class=\"vc_column-inner\"><a href=\"https:\/\/www.samoens.com\/nl\/zomeractiviteiten\/activites-bien-etre\/niet-therapeutische-lichaamsmassages\/\" class=\"listeactiseo\"><div class=\"imgcropCtn\"><img decoding=\"async\" class=\"imgcrop\" src=\"https:\/\/www.samoens.com\/wp-content\/uploads\/2021\/12\/Bien-etre_002-768x512.jpg\" alt=\"Niet-therapeutische lichaamsmassages\"><div class=\"descriptif\">Neem de tijd &#8230; In deskundige handen !\n<\/div><\/div><h3>Niet-therapeutische lichaamsmassages<\/h3><\/a><\/div><\/div><div class=\"wpb_column vc_column_container vc_col-sm-6 vc_col-lg-4\"><div class=\"vc_column-inner\"><a href=\"https:\/\/www.samoens.com\/nl\/zomeractiviteiten\/activites-bien-etre\/wellnessruimtes\/\" class=\"listeactiseo\"><div class=\"imgcropCtn\"><img decoding=\"async\" class=\"imgcrop\" src=\"https:\/\/www.samoens.com\/wp-content\/uploads\/2020\/06\/women-936549-768x500.jpg\" alt=\"Wellnessruimtes\"><div class=\"descriptif\">Neem de tijd &#8230; In deskundige handen\n<\/div><\/div><h3>Wellnessruimtes<\/h3><\/a><\/div><\/div><\/div>[\/vc_column][\/vc_row][vc_row][vc_column][\/vc_column][\/vc_row]<\/p>\n<\/div>","protected":false},"excerpt":{"rendered":"<p>[vc_row][vc_column][vc_column_text] Ontdek nieuwe films of boeken in een bioscoop en mediatheek die het hele jaar door geopend zijn. Bezoek musea op minder dan 30 minuten rijden. Bezoek het erfgoed van Haut-Giffre met zijn kerken, zijn kartuizerklooster en ook de boerenkennis. Bezoek de boerderijen waar u regionale kazen en soms zelfs slakken kunt proeven! Verwen uzelf [&hellip;]<\/p>\n","protected":false},"author":9,"featured_media":590844,"parent":0,"menu_order":141,"comment_status":"closed","ping_status":"closed","template":"template-entete-bleue.php","meta":{"_acf_changed":false,"footnotes":""},"class_list":["post-590842","page","type-page","status-publish","hentry"],"acf":[],"yoast_head":"<!-- This site is optimized with the Yoast SEO plugin v27.4 - https:\/\/yoast.com\/product\/yoast-seo-wordpress\/ -->\n<title>Activit\u00e9s en int\u00e9rieur - Samo\u00ebns<\/title>\n<meta name=\"description\" content=\"D\u00e9couvrez des activit\u00e9s d&#039;int\u00e9rieur captivantes \u00e0 Samo\u00ebns ! Que vous soyez en famille ou entre amis, explorez notre s\u00e9lection d&#039;activit\u00e9s vari\u00e9es pour passer un moment agr\u00e9able, quelles que soient les conditions m\u00e9t\u00e9orologiques. Profitez des loisirs et divertissements uniques qui vous attendent.\" \/>\n<meta name=\"robots\" content=\"index, follow, max-snippet:-1, max-image-preview:large, max-video-preview:-1\" \/>\n<link rel=\"canonical\" href=\"https:\/\/www.samoens.com\/nl\/activites-dinterieur\/\" \/>\n<meta property=\"og:locale\" content=\"nl_NL\" \/>\n<meta property=\"og:type\" content=\"article\" \/>\n<meta property=\"og:title\" content=\"Activit\u00e9s en int\u00e9rieur - Samo\u00ebns\" \/>\n<meta property=\"og:description\" content=\"D\u00e9couvrez des activit\u00e9s d&#039;int\u00e9rieur captivantes \u00e0 Samo\u00ebns ! Que vous soyez en famille ou entre amis, explorez notre s\u00e9lection d&#039;activit\u00e9s vari\u00e9es pour passer un moment agr\u00e9able, quelles que soient les conditions m\u00e9t\u00e9orologiques. Profitez des loisirs et divertissements uniques qui vous attendent.\" \/>\n<meta property=\"og:url\" content=\"https:\/\/www.samoens.com\/nl\/activites-dinterieur\/\" \/>\n<meta property=\"og:site_name\" content=\"Samo\u00ebns, station de ski et village authentique en Haute-Savoie\" \/>\n<meta property=\"article:modified_time\" content=\"2025-10-28T10:33:46+00:00\" \/>\n<meta property=\"og:image\" content=\"https:\/\/www.samoens.com\/wp-content\/uploads\/2021\/12\/Cinema-Pellicule-1200x800.jpg\" \/>\n\t<meta property=\"og:image:width\" content=\"1200\" \/>\n\t<meta property=\"og:image:height\" content=\"800\" \/>\n\t<meta property=\"og:image:type\" content=\"image\/jpeg\" \/>\n<meta name=\"twitter:card\" content=\"summary_large_image\" \/>\n<meta name=\"twitter:label1\" content=\"Geschatte leestijd\" \/>\n\t<meta name=\"twitter:data1\" content=\"2 minuten\" \/>\n<script type=\"application\/ld+json\" class=\"yoast-schema-graph\">{\"@context\":\"https:\\\/\\\/schema.org\",\"@graph\":[{\"@type\":\"WebPage\",\"@id\":\"https:\\\/\\\/www.samoens.com\\\/nl\\\/activites-dinterieur\\\/\",\"url\":\"https:\\\/\\\/www.samoens.com\\\/nl\\\/activites-dinterieur\\\/\",\"name\":\"Activit\u00e9s en int\u00e9rieur - Samo\u00ebns\",\"isPartOf\":{\"@id\":\"https:\\\/\\\/www.samoens.com\\\/#website\"},\"primaryImageOfPage\":{\"@id\":\"https:\\\/\\\/www.samoens.com\\\/nl\\\/activites-dinterieur\\\/#primaryimage\"},\"image\":{\"@id\":\"https:\\\/\\\/www.samoens.com\\\/nl\\\/activites-dinterieur\\\/#primaryimage\"},\"thumbnailUrl\":\"https:\\\/\\\/www.samoens.com\\\/wp-content\\\/uploads\\\/2021\\\/12\\\/Cinema-Pellicule.jpg\",\"datePublished\":\"2025-10-27T13:30:31+00:00\",\"dateModified\":\"2025-10-28T10:33:46+00:00\",\"description\":\"D\u00e9couvrez des activit\u00e9s d'int\u00e9rieur captivantes \u00e0 Samo\u00ebns ! Que vous soyez en famille ou entre amis, explorez notre s\u00e9lection d'activit\u00e9s vari\u00e9es pour passer un moment agr\u00e9able, quelles que soient les conditions m\u00e9t\u00e9orologiques. Profitez des loisirs et divertissements uniques qui vous attendent.\",\"breadcrumb\":{\"@id\":\"https:\\\/\\\/www.samoens.com\\\/nl\\\/activites-dinterieur\\\/#breadcrumb\"},\"inLanguage\":\"nl-NL\",\"potentialAction\":[{\"@type\":\"ReadAction\",\"target\":[\"https:\\\/\\\/www.samoens.com\\\/nl\\\/activites-dinterieur\\\/\"]}]},{\"@type\":\"ImageObject\",\"inLanguage\":\"nl-NL\",\"@id\":\"https:\\\/\\\/www.samoens.com\\\/nl\\\/activites-dinterieur\\\/#primaryimage\",\"url\":\"https:\\\/\\\/www.samoens.com\\\/wp-content\\\/uploads\\\/2021\\\/12\\\/Cinema-Pellicule.jpg\",\"contentUrl\":\"https:\\\/\\\/www.samoens.com\\\/wp-content\\\/uploads\\\/2021\\\/12\\\/Cinema-Pellicule.jpg\",\"width\":4930,\"height\":3287},{\"@type\":\"BreadcrumbList\",\"@id\":\"https:\\\/\\\/www.samoens.com\\\/nl\\\/activites-dinterieur\\\/#breadcrumb\",\"itemListElement\":[{\"@type\":\"ListItem\",\"position\":1,\"name\":\"Accueil\",\"item\":\"https:\\\/\\\/www.samoens.com\\\/nl\\\/\"},{\"@type\":\"ListItem\",\"position\":2,\"name\":\"Binnenactiviteiten\"}]},{\"@type\":\"WebSite\",\"@id\":\"https:\\\/\\\/www.samoens.com\\\/#website\",\"url\":\"https:\\\/\\\/www.samoens.com\\\/\",\"name\":\"Samo\u00ebns, station de ski et village authentique en Haute-Savoie\",\"description\":\"Nich\u00e9e au coeur du domaine skiable du Grand Massif et \u00e0 moins d&#039;1h de Gen\u00e8ve, Samo\u00ebns rendra vos vacances inoubliables en \u00e9t\u00e9 comme en hiver\",\"potentialAction\":[{\"@type\":\"SearchAction\",\"target\":{\"@type\":\"EntryPoint\",\"urlTemplate\":\"https:\\\/\\\/www.samoens.com\\\/?s={search_term_string}\"},\"query-input\":{\"@type\":\"PropertyValueSpecification\",\"valueRequired\":true,\"valueName\":\"search_term_string\"}}],\"inLanguage\":\"nl-NL\"}]}<\/script>\n<!-- \/ Yoast SEO plugin. -->","yoast_head_json":{"title":"Activit\u00e9s en int\u00e9rieur - Samo\u00ebns","description":"D\u00e9couvrez des activit\u00e9s d'int\u00e9rieur captivantes \u00e0 Samo\u00ebns ! Que vous soyez en famille ou entre amis, explorez notre s\u00e9lection d'activit\u00e9s vari\u00e9es pour passer un moment agr\u00e9able, quelles que soient les conditions m\u00e9t\u00e9orologiques. Profitez des loisirs et divertissements uniques qui vous attendent.","robots":{"index":"index","follow":"follow","max-snippet":"max-snippet:-1","max-image-preview":"max-image-preview:large","max-video-preview":"max-video-preview:-1"},"canonical":"https:\/\/www.samoens.com\/nl\/activites-dinterieur\/","og_locale":"nl_NL","og_type":"article","og_title":"Activit\u00e9s en int\u00e9rieur - Samo\u00ebns","og_description":"D\u00e9couvrez des activit\u00e9s d'int\u00e9rieur captivantes \u00e0 Samo\u00ebns ! Que vous soyez en famille ou entre amis, explorez notre s\u00e9lection d'activit\u00e9s vari\u00e9es pour passer un moment agr\u00e9able, quelles que soient les conditions m\u00e9t\u00e9orologiques. Profitez des loisirs et divertissements uniques qui vous attendent.","og_url":"https:\/\/www.samoens.com\/nl\/activites-dinterieur\/","og_site_name":"Samo\u00ebns, station de ski et village authentique en Haute-Savoie","article_modified_time":"2025-10-28T10:33:46+00:00","og_image":[{"width":1200,"height":800,"url":"https:\/\/www.samoens.com\/wp-content\/uploads\/2021\/12\/Cinema-Pellicule-1200x800.jpg","type":"image\/jpeg"}],"twitter_card":"summary_large_image","twitter_misc":{"Geschatte leestijd":"2 minuten"},"schema":{"@context":"https:\/\/schema.org","@graph":[{"@type":"WebPage","@id":"https:\/\/www.samoens.com\/nl\/activites-dinterieur\/","url":"https:\/\/www.samoens.com\/nl\/activites-dinterieur\/","name":"Activit\u00e9s en int\u00e9rieur - Samo\u00ebns","isPartOf":{"@id":"https:\/\/www.samoens.com\/#website"},"primaryImageOfPage":{"@id":"https:\/\/www.samoens.com\/nl\/activites-dinterieur\/#primaryimage"},"image":{"@id":"https:\/\/www.samoens.com\/nl\/activites-dinterieur\/#primaryimage"},"thumbnailUrl":"https:\/\/www.samoens.com\/wp-content\/uploads\/2021\/12\/Cinema-Pellicule.jpg","datePublished":"2025-10-27T13:30:31+00:00","dateModified":"2025-10-28T10:33:46+00:00","description":"D\u00e9couvrez des activit\u00e9s d'int\u00e9rieur captivantes \u00e0 Samo\u00ebns ! Que vous soyez en famille ou entre amis, explorez notre s\u00e9lection d'activit\u00e9s vari\u00e9es pour passer un moment agr\u00e9able, quelles que soient les conditions m\u00e9t\u00e9orologiques. Profitez des loisirs et divertissements uniques qui vous attendent.","breadcrumb":{"@id":"https:\/\/www.samoens.com\/nl\/activites-dinterieur\/#breadcrumb"},"inLanguage":"nl-NL","potentialAction":[{"@type":"ReadAction","target":["https:\/\/www.samoens.com\/nl\/activites-dinterieur\/"]}]},{"@type":"ImageObject","inLanguage":"nl-NL","@id":"https:\/\/www.samoens.com\/nl\/activites-dinterieur\/#primaryimage","url":"https:\/\/www.samoens.com\/wp-content\/uploads\/2021\/12\/Cinema-Pellicule.jpg","contentUrl":"https:\/\/www.samoens.com\/wp-content\/uploads\/2021\/12\/Cinema-Pellicule.jpg","width":4930,"height":3287},{"@type":"BreadcrumbList","@id":"https:\/\/www.samoens.com\/nl\/activites-dinterieur\/#breadcrumb","itemListElement":[{"@type":"ListItem","position":1,"name":"Accueil","item":"https:\/\/www.samoens.com\/nl\/"},{"@type":"ListItem","position":2,"name":"Binnenactiviteiten"}]},{"@type":"WebSite","@id":"https:\/\/www.samoens.com\/#website","url":"https:\/\/www.samoens.com\/","name":"Samo\u00ebns, station de ski et village authentique en Haute-Savoie","description":"Nich\u00e9e au coeur du domaine skiable du Grand Massif et \u00e0 moins d&#039;1h de Gen\u00e8ve, Samo\u00ebns rendra vos vacances inoubliables en \u00e9t\u00e9 comme en hiver","potentialAction":[{"@type":"SearchAction","target":{"@type":"EntryPoint","urlTemplate":"https:\/\/www.samoens.com\/?s={search_term_string}"},"query-input":{"@type":"PropertyValueSpecification","valueRequired":true,"valueName":"search_term_string"}}],"inLanguage":"nl-NL"}]}},"_links":{"self":[{"href":"https:\/\/www.samoens.com\/nl\/wp-json\/wp\/v2\/pages\/590842","targetHints":{"allow":["GET"]}}],"collection":[{"href":"https:\/\/www.samoens.com\/nl\/wp-json\/wp\/v2\/pages"}],"about":[{"href":"https:\/\/www.samoens.com\/nl\/wp-json\/wp\/v2\/types\/page"}],"author":[{"embeddable":true,"href":"https:\/\/www.samoens.com\/nl\/wp-json\/wp\/v2\/users\/9"}],"replies":[{"embeddable":true,"href":"https:\/\/www.samoens.com\/nl\/wp-json\/wp\/v2\/comments?post=590842"}],"version-history":[{"count":5,"href":"https:\/\/www.samoens.com\/nl\/wp-json\/wp\/v2\/pages\/590842\/revisions"}],"predecessor-version":[{"id":602861,"href":"https:\/\/www.samoens.com\/nl\/wp-json\/wp\/v2\/pages\/590842\/revisions\/602861"}],"wp:featuredmedia":[{"embeddable":true,"href":"https:\/\/www.samoens.com\/nl\/wp-json\/wp\/v2\/media\/590844"}],"wp:attachment":[{"href":"https:\/\/www.samoens.com\/nl\/wp-json\/wp\/v2\/media?parent=590842"}],"curies":[{"name":"wp","href":"https:\/\/api.w.org\/{rel}","templated":true}]}}