{"id":582836,"date":"2023-12-21T16:23:13","date_gmt":"2023-12-21T15:23:13","guid":{"rendered":"https:\/\/www.samoens.com\/?page_id=582836"},"modified":"2026-03-29T10:27:18","modified_gmt":"2026-03-29T08:27:18","slug":"pendeldienst-skibus-in-samoens","status":"publish","type":"page","link":"https:\/\/www.samoens.com\/nl\/bonnes-adresses\/handige-services\/vervoer-in-samoens\/pendeldienst-skibus-in-samoens\/","title":{"rendered":"Pendeldienst skibus in Samo\u00ebns"},"content":{"rendered":"<div class=\"wpb-content-wrapper\"><p>[vc_row][vc_column][vc_column_text]<\/p>\n<h2>De gratis pendeldiensten van Samo\u00ebns voor uw verplaatsingen in het station<\/h2>\n<p>[\/vc_column_text][vc_column_text]<\/p>\n<h2 class=\"chapeau\">In de winter zijn er gratis pendeldiensten beschikbaar om je reizen in Samo\u00ebns te vergemakkelijken. Vind alle informatie: haltes, toegang, praktische informatie en bekijk in realtime de positie van de pendeldienst.<\/h2>\n<p>[\/vc_column_text][\/vc_column][\/vc_row][vc_row][vc_column]<p class=\"\" style=\"text-align:center;\"><a class=\"ye_boutPlein ye_coul2\" href=\"https:\/\/www.samoens.com\/wp-content\/uploads\/2025\/12\/Reseaux.pdf\"><span class=\"ye_icon vc_icon_element-icon IcoFont icon-bus\"><\/span><span class=\"ye_txtBoutIc\">Ontdek de routebeschrijving van de skibus<\/span><\/a><\/p>[\/vc_column][\/vc_row][vc_row][vc_column width=&#8221;1\/4&#8243;]<p class=\"\" style=\"text-align:center;\"><a class=\"ye_boutPlein ye_coul2\" href=\"https:\/\/www.samoens.com\/wp-content\/uploads\/2026\/03\/Horaire-21-Mars-Fermeture-Domaine-skiable.pdf\"><span class=\"ye_icon vc_icon_element-icon IcoFont icon-bus\"><\/span><span class=\"ye_txtBoutIc\">Zie dienstregelingen<\/span><\/a><\/p>[\/vc_column][vc_column width=&#8221;1\/4&#8243;]<p class=\"\" style=\"text-align:center;\"><a class=\"ye_boutPlein ye_coul2\" href=\"https:\/\/explore.samoens.com\/en\/shops-and-services?search=skibus%20stop\"><span class=\"ye_icon vc_icon_element-icon IcoFont icon-bus\"><\/span><span class=\"ye_txtBoutIc\">Zoek de dichtstbijzijnde bushalte bij uw accommodatie<\/span><\/a><\/p>[\/vc_column][vc_column width=&#8221;1\/4&#8243;]<p class=\"\" style=\"text-align:center;\"><a class=\"ye_boutPlein ye_coul2\" href=\"https:\/\/livemap.hubup.cloud\/JACQUET\"><span class=\"ye_icon vc_icon_element-icon IcoFont icon-bus\"><\/span><span class=\"ye_txtBoutIc\">Volg je shuttle in real time<\/span><\/a><\/p>[\/vc_column][vc_column width=&#8221;1\/4&#8243;]<p class=\"\" style=\"text-align:center;\"><a class=\"ye_boutPlein ye_coul2\" href=\"https:\/\/www.mairiedesamoens.fr\/parking-gme-payant\"><span class=\"ye_icon vc_icon_element-icon IcoFont icon-bus\"><\/span><span class=\"ye_txtBoutIc\">Betaald parkeren Grand Massif Express<\/span><\/a><\/p>[\/vc_column][\/vc_row][vc_row][vc_column][vc_column_text]<\/p>\n<h2>Veelgestelde vragen over de shuttles<\/h2>\n<p>[\/vc_column_text]<div class=\"blocqr\"><div class=\"question\" id=\"qr911q\" onclick=\"openqr('qr911');\"><span>Is het nodig om de shuttles te reserveren?<\/span><i class=\"fas fa-chevron-down\"><\/i><\/div><div class=\"reponse\" id=\"qr911\">Nee, deze pendeldiensten zijn beschikbaar zonder reservering.<\/div><\/div><script>function openqr(div){\n                    if($(\"#\"+div+\"q\").hasClass(\"opened\")){\n                    $(\"#\"+div+\"\").toggle(\"fast\");\n                    $(\"#\"+div+\"q\").removeClass(\"opened\");\n                    }\n                    else{\n                        $(\"#\"+div+\"\").toggle(\"fast\");\n                        $(\"#\"+div+\"q\").addClass(\"opened\");\n                    }\n                }<\/script><div class=\"blocqr\"><div class=\"question\" id=\"qr918q\" onclick=\"openqr('qr918');\"><span>Kan ik mijn hond meenemen op de shuttles?<\/span><i class=\"fas fa-chevron-down\"><\/i><\/div><div class=\"reponse\" id=\"qr918\">Ja, honden zijn welkom.<\/div><\/div><script>function openqr(div){\n                    if($(\"#\"+div+\"q\").hasClass(\"opened\")){\n                    $(\"#\"+div+\"\").toggle(\"fast\");\n                    $(\"#\"+div+\"q\").removeClass(\"opened\");\n                    }\n                    else{\n                        $(\"#\"+div+\"\").toggle(\"fast\");\n                        $(\"#\"+div+\"q\").addClass(\"opened\");\n                    }\n                }<\/script><div class=\"blocqr\"><div class=\"question\" id=\"qr17q\" onclick=\"openqr('qr17');\"><span>Zijn de shuttles aangepast aan de PMR?<\/span><i class=\"fas fa-chevron-down\"><\/i><\/div><div class=\"reponse\" id=\"qr17\">Ja, mensen met beperkte mobiliteit kunnen de shuttles nemen.<\/div><\/div><script>function openqr(div){\n                    if($(\"#\"+div+\"q\").hasClass(\"opened\")){\n                    $(\"#\"+div+\"\").toggle(\"fast\");\n                    $(\"#\"+div+\"q\").removeClass(\"opened\");\n                    }\n                    else{\n                        $(\"#\"+div+\"\").toggle(\"fast\");\n                        $(\"#\"+div+\"q\").addClass(\"opened\");\n                    }\n                }<\/script><div class=\"blocqr\"><div class=\"question\" id=\"qr529q\" onclick=\"openqr('qr529');\"><span>Kunnen we de shuttles nemen, zelfs als we niet ski\u00ebn?<\/span><i class=\"fas fa-chevron-down\"><\/i><\/div><div class=\"reponse\" id=\"qr529\">Ja, deze shuttles zijn toegankelijk voor iedereen.<\/div><\/div><script>function openqr(div){\n                    if($(\"#\"+div+\"q\").hasClass(\"opened\")){\n                    $(\"#\"+div+\"\").toggle(\"fast\");\n                    $(\"#\"+div+\"q\").removeClass(\"opened\");\n                    }\n                    else{\n                        $(\"#\"+div+\"\").toggle(\"fast\");\n                        $(\"#\"+div+\"q\").addClass(\"opened\");\n                    }\n                }<\/script>[\/vc_column][\/vc_row]<\/p>\n<\/div>","protected":false},"excerpt":{"rendered":"<p>[vc_row][vc_column][vc_column_text] De gratis pendeldiensten van Samo\u00ebns voor uw verplaatsingen in het station [\/vc_column_text][vc_column_text] In de winter zijn er gratis pendeldiensten beschikbaar om je reizen in Samo\u00ebns te vergemakkelijken. Vind alle informatie: haltes, toegang, praktische informatie en bekijk in realtime de positie van de pendeldienst. [\/vc_column_text][\/vc_column][\/vc_row][vc_row][vc_column][\/vc_column][\/vc_row][vc_row][vc_column width=&#8221;1\/4&#8243;][\/vc_column][vc_column width=&#8221;1\/4&#8243;][\/vc_column][vc_column width=&#8221;1\/4&#8243;][\/vc_column][vc_column width=&#8221;1\/4&#8243;][\/vc_column][\/vc_row][vc_row][vc_column][vc_column_text] Veelgestelde vragen over de shuttles [\/vc_column_text][\/vc_column][\/vc_row]<\/p>\n","protected":false},"author":2,"featured_media":577471,"parent":3332,"menu_order":1,"comment_status":"closed","ping_status":"closed","template":"","meta":{"_acf_changed":false,"footnotes":""},"class_list":["post-582836","page","type-page","status-publish","hentry"],"acf":[],"yoast_head":"<!-- This site is optimized with the Yoast SEO plugin v27.2 - https:\/\/yoast.com\/product\/yoast-seo-wordpress\/ -->\n<title>Pendeldienst skibus in Samo\u00ebns Samo\u00ebns, station de ski et village authentique en Haute-Savoie<\/title>\n<meta name=\"robots\" content=\"index, follow, max-snippet:-1, max-image-preview:large, max-video-preview:-1\" \/>\n<link rel=\"canonical\" href=\"https:\/\/www.samoens.com\/nl\/bonnes-adresses\/handige-services\/vervoer-in-samoens\/pendeldienst-skibus-in-samoens\/\" \/>\n<meta property=\"og:locale\" content=\"nl_NL\" \/>\n<meta property=\"og:type\" content=\"article\" \/>\n<meta property=\"og:title\" content=\"Pendeldienst skibus in Samo\u00ebns Samo\u00ebns, station de ski et village authentique en Haute-Savoie\" \/>\n<meta property=\"og:description\" content=\"[vc_row][vc_column][vc_column_text] De gratis pendeldiensten van Samo\u00ebns voor uw verplaatsingen in het station [\/vc_column_text][vc_column_text] In de winter zijn er gratis pendeldiensten beschikbaar om je reizen in Samo\u00ebns te vergemakkelijken. Vind alle informatie: haltes, toegang, praktische informatie en bekijk in realtime de positie van de pendeldienst. [\/vc_column_text][\/vc_column][\/vc_row][vc_row][vc_column][\/vc_column][\/vc_row][vc_row][vc_column width=&#8221;1\/4&#8243;][\/vc_column][vc_column width=&#8221;1\/4&#8243;][\/vc_column][vc_column width=&#8221;1\/4&#8243;][\/vc_column][vc_column width=&#8221;1\/4&#8243;][\/vc_column][\/vc_row][vc_row][vc_column][vc_column_text] Veelgestelde vragen over de shuttles [\/vc_column_text][\/vc_column][\/vc_row]\" \/>\n<meta property=\"og:url\" content=\"https:\/\/www.samoens.com\/nl\/bonnes-adresses\/handige-services\/vervoer-in-samoens\/pendeldienst-skibus-in-samoens\/\" \/>\n<meta property=\"og:site_name\" content=\"Samo\u00ebns, station de ski et village authentique en Haute-Savoie\" \/>\n<meta property=\"article:modified_time\" content=\"2026-03-29T08:27:18+00:00\" \/>\n<meta property=\"og:image\" content=\"https:\/\/www.samoens.com\/wp-content\/uploads\/2023\/03\/istockphoto-467085194-612x612-1.jpg\" \/>\n\t<meta property=\"og:image:width\" content=\"612\" \/>\n\t<meta property=\"og:image:height\" content=\"408\" \/>\n\t<meta property=\"og:image:type\" content=\"image\/jpeg\" \/>\n<meta name=\"twitter:card\" content=\"summary_large_image\" \/>\n<meta name=\"twitter:label1\" content=\"Geschatte leestijd\" \/>\n\t<meta name=\"twitter:data1\" content=\"2 minuten\" \/>\n<script type=\"application\/ld+json\" class=\"yoast-schema-graph\">{\"@context\":\"https:\/\/schema.org\",\"@graph\":[{\"@type\":\"WebPage\",\"@id\":\"https:\/\/www.samoens.com\/nl\/bonnes-adresses\/handige-services\/vervoer-in-samoens\/pendeldienst-skibus-in-samoens\/\",\"url\":\"https:\/\/www.samoens.com\/nl\/bonnes-adresses\/handige-services\/vervoer-in-samoens\/pendeldienst-skibus-in-samoens\/\",\"name\":\"Pendeldienst skibus in Samo\u00ebns Samo\u00ebns, station de ski et village authentique en Haute-Savoie\",\"isPartOf\":{\"@id\":\"https:\/\/www.samoens.com\/#website\"},\"primaryImageOfPage\":{\"@id\":\"https:\/\/www.samoens.com\/nl\/bonnes-adresses\/handige-services\/vervoer-in-samoens\/pendeldienst-skibus-in-samoens\/#primaryimage\"},\"image\":{\"@id\":\"https:\/\/www.samoens.com\/nl\/bonnes-adresses\/handige-services\/vervoer-in-samoens\/pendeldienst-skibus-in-samoens\/#primaryimage\"},\"thumbnailUrl\":\"https:\/\/www.samoens.com\/wp-content\/uploads\/2023\/03\/istockphoto-467085194-612x612-1.jpg\",\"datePublished\":\"2023-12-21T15:23:13+00:00\",\"dateModified\":\"2026-03-29T08:27:18+00:00\",\"breadcrumb\":{\"@id\":\"https:\/\/www.samoens.com\/nl\/bonnes-adresses\/handige-services\/vervoer-in-samoens\/pendeldienst-skibus-in-samoens\/#breadcrumb\"},\"inLanguage\":\"nl-NL\",\"potentialAction\":[{\"@type\":\"ReadAction\",\"target\":[\"https:\/\/www.samoens.com\/nl\/bonnes-adresses\/handige-services\/vervoer-in-samoens\/pendeldienst-skibus-in-samoens\/\"]}]},{\"@type\":\"ImageObject\",\"inLanguage\":\"nl-NL\",\"@id\":\"https:\/\/www.samoens.com\/nl\/bonnes-adresses\/handige-services\/vervoer-in-samoens\/pendeldienst-skibus-in-samoens\/#primaryimage\",\"url\":\"https:\/\/www.samoens.com\/wp-content\/uploads\/2023\/03\/istockphoto-467085194-612x612-1.jpg\",\"contentUrl\":\"https:\/\/www.samoens.com\/wp-content\/uploads\/2023\/03\/istockphoto-467085194-612x612-1.jpg\",\"width\":612,\"height\":408,\"caption\":\"New modern city bus\"},{\"@type\":\"BreadcrumbList\",\"@id\":\"https:\/\/www.samoens.com\/nl\/bonnes-adresses\/handige-services\/vervoer-in-samoens\/pendeldienst-skibus-in-samoens\/#breadcrumb\",\"itemListElement\":[{\"@type\":\"ListItem\",\"position\":1,\"name\":\"Accueil\",\"item\":\"https:\/\/www.samoens.com\/nl\/\"},{\"@type\":\"ListItem\",\"position\":2,\"name\":\"Vervoer in Samo\u00ebns\",\"item\":\"https:\/\/www.samoens.com\/nl\/bonnes-adresses\/handige-services\/vervoer-in-samoens\/\"},{\"@type\":\"ListItem\",\"position\":3,\"name\":\"Handige services\",\"item\":\"https:\/\/www.samoens.com\/nl\/bonnes-adresses\/handige-services\/\"},{\"@type\":\"ListItem\",\"position\":4,\"name\":\"Goede adressen\",\"item\":\"https:\/\/www.samoens.com\/nl\/bonnes-adresses\/\"},{\"@type\":\"ListItem\",\"position\":5,\"name\":\"Pendeldienst skibus in Samo\u00ebns\"}]},{\"@type\":\"WebSite\",\"@id\":\"https:\/\/www.samoens.com\/#website\",\"url\":\"https:\/\/www.samoens.com\/\",\"name\":\"Samo\u00ebns, station de ski et village authentique en Haute-Savoie\",\"description\":\"Nich\u00e9e au coeur du domaine skiable du Grand Massif et \u00e0 moins d&#039;1h de Gen\u00e8ve, Samo\u00ebns rendra vos vacances inoubliables en \u00e9t\u00e9 comme en hiver\",\"potentialAction\":[{\"@type\":\"SearchAction\",\"target\":{\"@type\":\"EntryPoint\",\"urlTemplate\":\"https:\/\/www.samoens.com\/?s={search_term_string}\"},\"query-input\":{\"@type\":\"PropertyValueSpecification\",\"valueRequired\":true,\"valueName\":\"search_term_string\"}}],\"inLanguage\":\"nl-NL\"}]}<\/script>\n<!-- \/ Yoast SEO plugin. -->","yoast_head_json":{"title":"Pendeldienst skibus in Samo\u00ebns Samo\u00ebns, station de ski et village authentique en Haute-Savoie","robots":{"index":"index","follow":"follow","max-snippet":"max-snippet:-1","max-image-preview":"max-image-preview:large","max-video-preview":"max-video-preview:-1"},"canonical":"https:\/\/www.samoens.com\/nl\/bonnes-adresses\/handige-services\/vervoer-in-samoens\/pendeldienst-skibus-in-samoens\/","og_locale":"nl_NL","og_type":"article","og_title":"Pendeldienst skibus in Samo\u00ebns Samo\u00ebns, station de ski et village authentique en Haute-Savoie","og_description":"[vc_row][vc_column][vc_column_text] De gratis pendeldiensten van Samo\u00ebns voor uw verplaatsingen in het station [\/vc_column_text][vc_column_text] In de winter zijn er gratis pendeldiensten beschikbaar om je reizen in Samo\u00ebns te vergemakkelijken. Vind alle informatie: haltes, toegang, praktische informatie en bekijk in realtime de positie van de pendeldienst. [\/vc_column_text][\/vc_column][\/vc_row][vc_row][vc_column][\/vc_column][\/vc_row][vc_row][vc_column width=&#8221;1\/4&#8243;][\/vc_column][vc_column width=&#8221;1\/4&#8243;][\/vc_column][vc_column width=&#8221;1\/4&#8243;][\/vc_column][vc_column width=&#8221;1\/4&#8243;][\/vc_column][\/vc_row][vc_row][vc_column][vc_column_text] Veelgestelde vragen over de shuttles [\/vc_column_text][\/vc_column][\/vc_row]","og_url":"https:\/\/www.samoens.com\/nl\/bonnes-adresses\/handige-services\/vervoer-in-samoens\/pendeldienst-skibus-in-samoens\/","og_site_name":"Samo\u00ebns, station de ski et village authentique en Haute-Savoie","article_modified_time":"2026-03-29T08:27:18+00:00","og_image":[{"width":612,"height":408,"url":"https:\/\/www.samoens.com\/wp-content\/uploads\/2023\/03\/istockphoto-467085194-612x612-1.jpg","type":"image\/jpeg"}],"twitter_card":"summary_large_image","twitter_misc":{"Geschatte leestijd":"2 minuten"},"schema":{"@context":"https:\/\/schema.org","@graph":[{"@type":"WebPage","@id":"https:\/\/www.samoens.com\/nl\/bonnes-adresses\/handige-services\/vervoer-in-samoens\/pendeldienst-skibus-in-samoens\/","url":"https:\/\/www.samoens.com\/nl\/bonnes-adresses\/handige-services\/vervoer-in-samoens\/pendeldienst-skibus-in-samoens\/","name":"Pendeldienst skibus in Samo\u00ebns Samo\u00ebns, station de ski et village authentique en Haute-Savoie","isPartOf":{"@id":"https:\/\/www.samoens.com\/#website"},"primaryImageOfPage":{"@id":"https:\/\/www.samoens.com\/nl\/bonnes-adresses\/handige-services\/vervoer-in-samoens\/pendeldienst-skibus-in-samoens\/#primaryimage"},"image":{"@id":"https:\/\/www.samoens.com\/nl\/bonnes-adresses\/handige-services\/vervoer-in-samoens\/pendeldienst-skibus-in-samoens\/#primaryimage"},"thumbnailUrl":"https:\/\/www.samoens.com\/wp-content\/uploads\/2023\/03\/istockphoto-467085194-612x612-1.jpg","datePublished":"2023-12-21T15:23:13+00:00","dateModified":"2026-03-29T08:27:18+00:00","breadcrumb":{"@id":"https:\/\/www.samoens.com\/nl\/bonnes-adresses\/handige-services\/vervoer-in-samoens\/pendeldienst-skibus-in-samoens\/#breadcrumb"},"inLanguage":"nl-NL","potentialAction":[{"@type":"ReadAction","target":["https:\/\/www.samoens.com\/nl\/bonnes-adresses\/handige-services\/vervoer-in-samoens\/pendeldienst-skibus-in-samoens\/"]}]},{"@type":"ImageObject","inLanguage":"nl-NL","@id":"https:\/\/www.samoens.com\/nl\/bonnes-adresses\/handige-services\/vervoer-in-samoens\/pendeldienst-skibus-in-samoens\/#primaryimage","url":"https:\/\/www.samoens.com\/wp-content\/uploads\/2023\/03\/istockphoto-467085194-612x612-1.jpg","contentUrl":"https:\/\/www.samoens.com\/wp-content\/uploads\/2023\/03\/istockphoto-467085194-612x612-1.jpg","width":612,"height":408,"caption":"New modern city bus"},{"@type":"BreadcrumbList","@id":"https:\/\/www.samoens.com\/nl\/bonnes-adresses\/handige-services\/vervoer-in-samoens\/pendeldienst-skibus-in-samoens\/#breadcrumb","itemListElement":[{"@type":"ListItem","position":1,"name":"Accueil","item":"https:\/\/www.samoens.com\/nl\/"},{"@type":"ListItem","position":2,"name":"Vervoer in Samo\u00ebns","item":"https:\/\/www.samoens.com\/nl\/bonnes-adresses\/handige-services\/vervoer-in-samoens\/"},{"@type":"ListItem","position":3,"name":"Handige services","item":"https:\/\/www.samoens.com\/nl\/bonnes-adresses\/handige-services\/"},{"@type":"ListItem","position":4,"name":"Goede adressen","item":"https:\/\/www.samoens.com\/nl\/bonnes-adresses\/"},{"@type":"ListItem","position":5,"name":"Pendeldienst skibus in Samo\u00ebns"}]},{"@type":"WebSite","@id":"https:\/\/www.samoens.com\/#website","url":"https:\/\/www.samoens.com\/","name":"Samo\u00ebns, station de ski et village authentique en Haute-Savoie","description":"Nich\u00e9e au coeur du domaine skiable du Grand Massif et \u00e0 moins d&#039;1h de Gen\u00e8ve, Samo\u00ebns rendra vos vacances inoubliables en \u00e9t\u00e9 comme en hiver","potentialAction":[{"@type":"SearchAction","target":{"@type":"EntryPoint","urlTemplate":"https:\/\/www.samoens.com\/?s={search_term_string}"},"query-input":{"@type":"PropertyValueSpecification","valueRequired":true,"valueName":"search_term_string"}}],"inLanguage":"nl-NL"}]}},"_links":{"self":[{"href":"https:\/\/www.samoens.com\/nl\/wp-json\/wp\/v2\/pages\/582836","targetHints":{"allow":["GET"]}}],"collection":[{"href":"https:\/\/www.samoens.com\/nl\/wp-json\/wp\/v2\/pages"}],"about":[{"href":"https:\/\/www.samoens.com\/nl\/wp-json\/wp\/v2\/types\/page"}],"author":[{"embeddable":true,"href":"https:\/\/www.samoens.com\/nl\/wp-json\/wp\/v2\/users\/2"}],"replies":[{"embeddable":true,"href":"https:\/\/www.samoens.com\/nl\/wp-json\/wp\/v2\/comments?post=582836"}],"version-history":[{"count":9,"href":"https:\/\/www.samoens.com\/nl\/wp-json\/wp\/v2\/pages\/582836\/revisions"}],"predecessor-version":[{"id":607065,"href":"https:\/\/www.samoens.com\/nl\/wp-json\/wp\/v2\/pages\/582836\/revisions\/607065"}],"up":[{"embeddable":true,"href":"https:\/\/www.samoens.com\/nl\/wp-json\/wp\/v2\/pages\/3332"}],"wp:featuredmedia":[{"embeddable":true,"href":"https:\/\/www.samoens.com\/nl\/wp-json\/wp\/v2\/media\/577471"}],"wp:attachment":[{"href":"https:\/\/www.samoens.com\/nl\/wp-json\/wp\/v2\/media?parent=582836"}],"curies":[{"name":"wp","href":"https:\/\/api.w.org\/{rel}","templated":true}]}}