{"id":582834,"date":"2022-02-02T13:02:06","date_gmt":"2022-02-02T12:02:06","guid":{"rendered":"https:\/\/www.samoens.com\/samoens-paradis-du-ski-de-fond\/"},"modified":"2026-03-29T11:22:00","modified_gmt":"2026-03-29T09:22:00","slug":"samoens-paradijs-du-ski-de-vijver","status":"publish","type":"page","link":"https:\/\/www.samoens.com\/nl\/winteractiviteiten-2\/samoens-paradijs-du-ski-de-vijver\/","title":{"rendered":"Samo\u00ebns, langlaufparadijs"},"content":{"rendered":"<div class=\"wpb-content-wrapper\"><p>[vc_row][vc_column][vc_column_text]<\/p>\n<h2>Geniet van langlaufen in Samo\u00ebns, in het hart van de bergen van de Haut-Giffre<\/h2>\n<p>[\/vc_column_text][vc_column_text]<\/p>\n<h2 class=\"chapeau\" style=\"text-align: justify;\">Langlaufen in Samo\u00ebns is een essentieel onderdeel van de wintersport in de Haute-Savoie. Zowel zacht als sportief, afhankelijk van wat je wilt doen, is langlaufen een goed alternatief voor andere sneeuwsporten en laat iedereen genieten van een mooie dag in de sneeuw. Met meer dan 50 kilometer aan geprepareerde en onderhouden loipes kun je, afhankelijk van je niveau, ski\u00ebn in de vallei van de Giffre of op de hoogten van de Joux Plane pas.<\/h2>\n<p>[\/vc_column_text][\/vc_column][\/vc_row][vc_row][vc_column][vc_column_text]<\/p>\n<h3><strong>Live informatie<\/strong><\/h3>\n<p>[\/vc_column_text][\/vc_column][\/vc_row][vc_row][vc_column width=&#8221;1\/5&#8243;]<p class=\"\" style=\"text-align:center;\"><a href=\"\"><span class=\"ye_icon vc_icon_element-icon IcoFont icon-webcam ye_coul1\"><\/span><\/a><\/p>[vc_column_text]<\/p>\n<p style=\"text-align: center;\"><a href=\"https:\/\/www.samoens.com\/nl\/webcams\/\" target=\"_blank\" rel=\"noopener\">Webcam<\/a><\/p>\n<p>[\/vc_column_text][\/vc_column][vc_column width=&#8221;1\/5&#8243;]<p class=\"\" style=\"text-align:center;\"><a href=\"\"><span class=\"ye_icon vc_icon_element-icon IcoFont icon-sun-1 ye_coul1\"><\/span><\/a><\/p>[vc_column_text]<\/p>\n<p style=\"text-align: center;\"><a href=\"https:\/\/chamonix-meteo.com\/\" target=\"_blank\" rel=\"noopener\">Weer<\/a><\/p>\n<p>[\/vc_column_text][\/vc_column][vc_column width=&#8221;1\/5&#8243;]<p class=\"\" style=\"text-align:center;\"><a href=\"\"><span class=\"ye_icon vc_icon_element-icon IcoFont icon-skier ye_coul1\"><\/span><\/a><\/p>[vc_column_text]<\/p>\n<p style=\"text-align: center;\"><a href=\"https:\/\/www.haute-savoie-nordic.com\/domaines\/haut-giffre\/#\" target=\"_blank\" rel=\"noopener\">Spoor info<\/a><\/p>\n<p>[\/vc_column_text][\/vc_column][\/vc_row][vc_row][vc_column][vc_video link=&#8221;https:\/\/www.youtube.com\/watch?v=ZahRdNvjA88&#8243;][\/vc_column][\/vc_row][vc_row][vc_column][vc_column_text]<\/p>\n<h3>Het langlaufgebied rond Samo\u00ebns<br \/>\nHet domein van de Haut Giffre &#8211; sector van de vallei van de Giffre<\/h3>\n<p>Het noordse skigebied van Samo\u00ebns ligt op een steenworp afstand van het dorpscentrum! Er zijn veel toegangspunten om bij de pistes te parkeren voordat je je schoenen en ski&#8217;s aantrekt. Of je nu vertrekt vanuit Morillon, Samo\u00ebns (naast het Lac aux Dames), Sixt of vanaf het Cirque Fer \u00e0 Cheval, je kunt de hele vallei bestrijken op meer dan 40 kilometer pistes. De pistes zijn toegankelijk in skating of klassiek en nemen je mee langs de Giffre, tussen dorpen, bossen, vlaktes en meren.<\/p>\n<p>De route blijft vooral toegankelijk via groene en blauwe pistes, met uitzondering van de rode verbinding tussen de brug van Perret en de Champ L&#8217;Ev\u00eaque rond Sixt. Het domein van de vallei is dus ideaal voor gezinnen, beginners maar ook voor sportievelingen die gebruik kunnen maken van de vele pistes en lussen om kilometers te maken in een magische omgeving!<\/p>\n<p><a href=\"https:\/\/www.samoens.com\/nl\/le-haut-giffre-in-het-vallei\/\" target=\"_blank\" rel=\"noopener\"><strong>Meer informatie.<\/strong><\/a><\/p>\n<h4>Le domaine du haut Giffre &#8211; Joux Vliegtuig sector<\/h4>\n<p>In het hart van het uitzonderlijke domein van Joux Plane, gelegen op de hoogten van Samo\u00ebns, zit je op de eerste rij voor een adembenemend panorama. De prachtige vallei van de Giffre en het Mont-Blanc massief worden voor je ogen onthuld, voor je grootste plezier. Tijdens het ski\u00ebn geniet je van een uniek moment, midden in de natuur, op geprepareerde pistes voor skating en klassiek ski\u00ebn.<\/p>\n<p>Aangekomen op de skipas Joux Plane, vind je een onthaalchalet waar je je skipassen kunt kopen, evenals een rodelbaan, een geprepareerd voetgangerscircuit voor niet-ski\u00ebrs (of ski\u00ebrs na een skimoment op de piste) en een bar &#8211; restaurant (gesloten op maandag). Genoeg voor een dag in de bergen op de hoogten van Samo\u00ebns!<\/p>\n<p><strong><a href=\"https:\/\/www.samoens.com\/nl\/langlaufen-joux-plane-gebied\/\" target=\"_blank\" rel=\"noopener\">Meer informatie.<\/a><\/strong>[\/vc_column_text][\/vc_column][\/vc_row][vc_row][vc_column width=&#8221;1\/2&#8243;][vc_column_text]<\/p>\n<h4>Het langlaufgebied van de vallei van de Haut-Giffre in cijfers :<\/h4>\n<p><strong>Valley sector :<\/strong><br \/>\n&#8211; 42,6 km aan wandelpaden<br \/>\n&#8211; 6 groene pistes<br \/>\n&#8211; 4 blauwe pistes<br \/>\n&#8211; 2 rode pistes<br \/>\n&#8211; 2 rodelbanen<br \/>\n<strong>Joux Plane Sector :<\/strong><br \/>\n&#8211; 17,7 km aan wandelpaden<br \/>\n&#8211; 3 groene pistes<br \/>\n&#8211; 2 blauwe pistes<br \/>\n&#8211; 3 rode pistes<br \/>\n&#8211; Een sneeuwschoenpad[\/vc_column_text][\/vc_column][vc_column width=&#8221;1\/2&#8243;][vc_single_image image=&#8221;555062&#8243; img_size=&#8221;1500*1500&#8243;][\/vc_column][\/vc_row][vc_row][vc_column][vc_row_inner][vc_column_inner]<div class=\"wpb_single_image \" style=\"text-align:center;\"><img decoding=\"async\" width=\"1400\" height=\"788\" src=\"https:\/\/www.samoens.com\/wp-content\/uploads\/2022\/02\/009-02-20-Ski-de-fond-Praz-\u00a9-Gilles-Piel-1400x788.jpg\" class=\"vc_single_image-img\" alt=\"\" loading=\"lazy\" srcset=\"https:\/\/www.samoens.com\/wp-content\/uploads\/2022\/02\/009-02-20-Ski-de-fond-Praz-\u00a9-Gilles-Piel.jpg 1900w, https:\/\/www.samoens.com\/wp-content\/uploads\/2022\/02\/009-02-20-Ski-de-fond-Praz-\u00a9-Gilles-Piel-1400x788.jpg 1400w, https:\/\/www.samoens.com\/wp-content\/uploads\/2022\/02\/009-02-20-Ski-de-fond-Praz-\u00a9-Gilles-Piel-1200x675.jpg 1200w, https:\/\/www.samoens.com\/wp-content\/uploads\/2022\/02\/009-02-20-Ski-de-fond-Praz-\u00a9-Gilles-Piel-768x432.jpg 768w, https:\/\/www.samoens.com\/wp-content\/uploads\/2022\/02\/009-02-20-Ski-de-fond-Praz-\u00a9-Gilles-Piel-300x169.jpg 300w\" sizes=\"auto, (max-width: 1200px) 100vw, 1200px\"><\/div>[\/vc_column_inner][\/vc_row_inner][\/vc_column][\/vc_row][vc_row][vc_column][vc_column_text]<\/p>\n<h2>Frequently asked questions<\/h2>\n<p>[\/vc_column_text]<div class=\"blocqr\"><div class=\"question\" id=\"qr291q\" onclick=\"openqr('qr291');\"><span>Welke pistes zijn toegankelijk vanuit het dorp Samo\u00ebns?<\/span><i class=\"fas fa-chevron-down\"><\/i><\/div><div class=\"reponse\" id=\"qr291\">Vanuit Samo\u00ebns heb je toegang tot twee groene pistes van de Lacs aux Dames. Dit gebied ligt op een steenworp afstand van het stadscentrum en beschikt over een grote parkeerplaats en talrijke voetgangerscircuits. De 4 km lange loipe van het Bois de l&#8217;Etelley (C, op de kaarten) en de 1,5 km lange loipe van de Lacs aux Dames (D, op de kaarten) bieden een toegankelijke maar even exotische route. Het is mogelijk om onderweg verder te gaan richting Morillon of Sixt.<\/div><\/div><script>function openqr(div){\n                    if($(\"#\"+div+\"q\").hasClass(\"opened\")){\n                    $(\"#\"+div+\"\").toggle(\"fast\");\n                    $(\"#\"+div+\"q\").removeClass(\"opened\");\n                    }\n                    else{\n                        $(\"#\"+div+\"\").toggle(\"fast\");\n                        $(\"#\"+div+\"q\").addClass(\"opened\");\n                    }\n                }<\/script><div class=\"blocqr\"><div class=\"question\" id=\"qr408q\" onclick=\"openqr('qr408');\"><span>Live informatie: weer, opening van de pistes<\/span><i class=\"fas fa-chevron-down\"><\/i><\/div><div class=\"reponse\" id=\"qr408\">Om alle informatie over de langlaufloipes te vinden voordat je je ski&#8217;s aantrekt, kun je naar de website van <a href=\"https:\/\/www.haute-savoie-nordic.com\/domaines\/haut-giffre\/#\">Haute Savoie Nordic<\/a> gaan. Hier vind je een overzicht van alle pistes, hun openingstijden, het weer en nuttige links.<\/div><\/div><script>function openqr(div){\n                    if($(\"#\"+div+\"q\").hasClass(\"opened\")){\n                    $(\"#\"+div+\"\").toggle(\"fast\");\n                    $(\"#\"+div+\"q\").removeClass(\"opened\");\n                    }\n                    else{\n                        $(\"#\"+div+\"\").toggle(\"fast\");\n                        $(\"#\"+div+\"q\").addClass(\"opened\");\n                    }\n                }<\/script><div class=\"blocqr\"><div class=\"question\" id=\"qr256q\" onclick=\"openqr('qr256');\"><span>Schaatsen en\/of klassiek?<\/span><i class=\"fas fa-chevron-down\"><\/i><\/div><div class=\"reponse\" id=\"qr256\">Er zijn twee opties voor langlaufen. Klassiek en skating. Schaatsen is fysieker en wordt beoefend op geprepareerde loipes en vereist een betere schaatstechniek. Klassiek ski\u00ebn wordt beoefend op de piste, op rails die voor dit doel zijn geprepareerd. Deze laatste techniek is relatief gemakkelijk toegankelijk, maakt een rustigere wandeling mogelijk en is daarom toegankelijker voor beginners.<\/div><\/div><script>function openqr(div){\n                    if($(\"#\"+div+\"q\").hasClass(\"opened\")){\n                    $(\"#\"+div+\"\").toggle(\"fast\");\n                    $(\"#\"+div+\"q\").removeClass(\"opened\");\n                    }\n                    else{\n                        $(\"#\"+div+\"\").toggle(\"fast\");\n                        $(\"#\"+div+\"q\").addClass(\"opened\");\n                    }\n                }<\/script><div class=\"blocqr\"><div class=\"question\" id=\"qr206q\" onclick=\"openqr('qr206');\"><span>De pendelbussen naar de noordse skigebieden<\/span><i class=\"fas fa-chevron-down\"><\/i><\/div><div class=\"reponse\" id=\"qr206\">Laat uw auto staan en maak de toegang tot de pistes eenvoudiger! Er worden gratis pendelbussen ingezet om u te helpen er te komen en u de moeite van het zoeken naar een parkeerplaats te besparen. Ze rijden naar de Col de Joux Plane en het Cirque du Fer-\u00e0-Cheval \u2013 <span style=\"color: #6c9ed8;\"><a style=\"color: #6c9ed8;\" href=\"https:\/\/www.samoens.com\/nl\/langlaufen-bus\/\" target=\"_blank\" rel=\"noopener\"><strong>bekijk hier de dienstregeling<\/strong><\/a><\/span>.<\/div><\/div><script>function openqr(div){\n                    if($(\"#\"+div+\"q\").hasClass(\"opened\")){\n                    $(\"#\"+div+\"\").toggle(\"fast\");\n                    $(\"#\"+div+\"q\").removeClass(\"opened\");\n                    }\n                    else{\n                        $(\"#\"+div+\"\").toggle(\"fast\");\n                        $(\"#\"+div+\"q\").addClass(\"opened\");\n                    }\n                }<\/script>[\/vc_column][\/vc_row]<\/p>\n<\/div>","protected":false},"excerpt":{"rendered":"<p>[vc_row][vc_column][vc_column_text] Geniet van langlaufen in Samo\u00ebns, in het hart van de bergen van de Haut-Giffre [\/vc_column_text][vc_column_text] Langlaufen in Samo\u00ebns is een essentieel onderdeel van de wintersport in de Haute-Savoie. Zowel zacht als sportief, afhankelijk van wat je wilt doen, is langlaufen een goed alternatief voor andere sneeuwsporten en laat iedereen genieten van een mooie dag [&hellip;]<\/p>\n","protected":false},"author":2,"featured_media":477731,"parent":40756,"menu_order":142,"comment_status":"closed","ping_status":"closed","template":"","meta":{"_acf_changed":false,"footnotes":""},"class_list":["post-582834","page","type-page","status-publish","hentry"],"acf":[],"yoast_head":"<!-- This site is optimized with the Yoast SEO plugin v27.2 - https:\/\/yoast.com\/product\/yoast-seo-wordpress\/ -->\n<title>Samo\u00ebns, langlaufparadijs Samo\u00ebns, station de ski et village authentique en Haute-Savoie<\/title>\n<meta name=\"robots\" content=\"index, follow, max-snippet:-1, max-image-preview:large, max-video-preview:-1\" \/>\n<link rel=\"canonical\" href=\"https:\/\/www.samoens.com\/nl\/winteractiviteiten-2\/samoens-paradijs-du-ski-de-vijver\/\" \/>\n<meta property=\"og:locale\" content=\"nl_NL\" \/>\n<meta property=\"og:type\" content=\"article\" \/>\n<meta property=\"og:title\" content=\"Samo\u00ebns, langlaufparadijs Samo\u00ebns, station de ski et village authentique en Haute-Savoie\" \/>\n<meta property=\"og:description\" content=\"[vc_row][vc_column][vc_column_text] Geniet van langlaufen in Samo\u00ebns, in het hart van de bergen van de Haut-Giffre [\/vc_column_text][vc_column_text] Langlaufen in Samo\u00ebns is een essentieel onderdeel van de wintersport in de Haute-Savoie. Zowel zacht als sportief, afhankelijk van wat je wilt doen, is langlaufen een goed alternatief voor andere sneeuwsporten en laat iedereen genieten van een mooie dag [&hellip;]\" \/>\n<meta property=\"og:url\" content=\"https:\/\/www.samoens.com\/nl\/winteractiviteiten-2\/samoens-paradijs-du-ski-de-vijver\/\" \/>\n<meta property=\"og:site_name\" content=\"Samo\u00ebns, station de ski et village authentique en Haute-Savoie\" \/>\n<meta property=\"article:modified_time\" content=\"2026-03-29T09:22:00+00:00\" \/>\n<meta property=\"og:image\" content=\"https:\/\/www.samoens.com\/wp-content\/uploads\/2021\/01\/skidefond.png\" \/>\n\t<meta property=\"og:image:width\" content=\"1349\" \/>\n\t<meta property=\"og:image:height\" content=\"922\" \/>\n\t<meta property=\"og:image:type\" content=\"image\/png\" \/>\n<meta name=\"twitter:card\" content=\"summary_large_image\" \/>\n<meta name=\"twitter:label1\" content=\"Geschatte leestijd\" \/>\n\t<meta name=\"twitter:data1\" content=\"8 minuten\" \/>\n<script type=\"application\/ld+json\" class=\"yoast-schema-graph\">{\"@context\":\"https:\/\/schema.org\",\"@graph\":[{\"@type\":\"WebPage\",\"@id\":\"https:\/\/www.samoens.com\/nl\/winteractiviteiten-2\/samoens-paradijs-du-ski-de-vijver\/\",\"url\":\"https:\/\/www.samoens.com\/nl\/winteractiviteiten-2\/samoens-paradijs-du-ski-de-vijver\/\",\"name\":\"Samo\u00ebns, langlaufparadijs Samo\u00ebns, station de ski et village authentique en Haute-Savoie\",\"isPartOf\":{\"@id\":\"https:\/\/www.samoens.com\/#website\"},\"primaryImageOfPage\":{\"@id\":\"https:\/\/www.samoens.com\/nl\/winteractiviteiten-2\/samoens-paradijs-du-ski-de-vijver\/#primaryimage\"},\"image\":{\"@id\":\"https:\/\/www.samoens.com\/nl\/winteractiviteiten-2\/samoens-paradijs-du-ski-de-vijver\/#primaryimage\"},\"thumbnailUrl\":\"https:\/\/www.samoens.com\/wp-content\/uploads\/2021\/01\/skidefond.png\",\"datePublished\":\"2022-02-02T12:02:06+00:00\",\"dateModified\":\"2026-03-29T09:22:00+00:00\",\"breadcrumb\":{\"@id\":\"https:\/\/www.samoens.com\/nl\/winteractiviteiten-2\/samoens-paradijs-du-ski-de-vijver\/#breadcrumb\"},\"inLanguage\":\"nl-NL\",\"potentialAction\":[{\"@type\":\"ReadAction\",\"target\":[\"https:\/\/www.samoens.com\/nl\/winteractiviteiten-2\/samoens-paradijs-du-ski-de-vijver\/\"]}]},{\"@type\":\"ImageObject\",\"inLanguage\":\"nl-NL\",\"@id\":\"https:\/\/www.samoens.com\/nl\/winteractiviteiten-2\/samoens-paradijs-du-ski-de-vijver\/#primaryimage\",\"url\":\"https:\/\/www.samoens.com\/wp-content\/uploads\/2021\/01\/skidefond.png\",\"contentUrl\":\"https:\/\/www.samoens.com\/wp-content\/uploads\/2021\/01\/skidefond.png\",\"width\":1349,\"height\":922,\"caption\":\"Ski de fond \u00e0 Samo\u00ebns\"},{\"@type\":\"BreadcrumbList\",\"@id\":\"https:\/\/www.samoens.com\/nl\/winteractiviteiten-2\/samoens-paradijs-du-ski-de-vijver\/#breadcrumb\",\"itemListElement\":[{\"@type\":\"ListItem\",\"position\":1,\"name\":\"Accueil\",\"item\":\"https:\/\/www.samoens.com\/nl\/\"},{\"@type\":\"ListItem\",\"position\":2,\"name\":\"Winter tijd\",\"item\":\"https:\/\/www.samoens.com\/nl\/winteractiviteiten-2\/\"},{\"@type\":\"ListItem\",\"position\":3,\"name\":\"Samo\u00ebns, langlaufparadijs\"}]},{\"@type\":\"WebSite\",\"@id\":\"https:\/\/www.samoens.com\/#website\",\"url\":\"https:\/\/www.samoens.com\/\",\"name\":\"Samo\u00ebns, station de ski et village authentique en Haute-Savoie\",\"description\":\"Nich\u00e9e au coeur du domaine skiable du Grand Massif et \u00e0 moins d&#039;1h de Gen\u00e8ve, Samo\u00ebns rendra vos vacances inoubliables en \u00e9t\u00e9 comme en hiver\",\"potentialAction\":[{\"@type\":\"SearchAction\",\"target\":{\"@type\":\"EntryPoint\",\"urlTemplate\":\"https:\/\/www.samoens.com\/?s={search_term_string}\"},\"query-input\":{\"@type\":\"PropertyValueSpecification\",\"valueRequired\":true,\"valueName\":\"search_term_string\"}}],\"inLanguage\":\"nl-NL\"}]}<\/script>\n<!-- \/ Yoast SEO plugin. -->","yoast_head_json":{"title":"Samo\u00ebns, langlaufparadijs Samo\u00ebns, station de ski et village authentique en Haute-Savoie","robots":{"index":"index","follow":"follow","max-snippet":"max-snippet:-1","max-image-preview":"max-image-preview:large","max-video-preview":"max-video-preview:-1"},"canonical":"https:\/\/www.samoens.com\/nl\/winteractiviteiten-2\/samoens-paradijs-du-ski-de-vijver\/","og_locale":"nl_NL","og_type":"article","og_title":"Samo\u00ebns, langlaufparadijs Samo\u00ebns, station de ski et village authentique en Haute-Savoie","og_description":"[vc_row][vc_column][vc_column_text] Geniet van langlaufen in Samo\u00ebns, in het hart van de bergen van de Haut-Giffre [\/vc_column_text][vc_column_text] Langlaufen in Samo\u00ebns is een essentieel onderdeel van de wintersport in de Haute-Savoie. Zowel zacht als sportief, afhankelijk van wat je wilt doen, is langlaufen een goed alternatief voor andere sneeuwsporten en laat iedereen genieten van een mooie dag [&hellip;]","og_url":"https:\/\/www.samoens.com\/nl\/winteractiviteiten-2\/samoens-paradijs-du-ski-de-vijver\/","og_site_name":"Samo\u00ebns, station de ski et village authentique en Haute-Savoie","article_modified_time":"2026-03-29T09:22:00+00:00","og_image":[{"width":1349,"height":922,"url":"https:\/\/www.samoens.com\/wp-content\/uploads\/2021\/01\/skidefond.png","type":"image\/png"}],"twitter_card":"summary_large_image","twitter_misc":{"Geschatte leestijd":"8 minuten"},"schema":{"@context":"https:\/\/schema.org","@graph":[{"@type":"WebPage","@id":"https:\/\/www.samoens.com\/nl\/winteractiviteiten-2\/samoens-paradijs-du-ski-de-vijver\/","url":"https:\/\/www.samoens.com\/nl\/winteractiviteiten-2\/samoens-paradijs-du-ski-de-vijver\/","name":"Samo\u00ebns, langlaufparadijs Samo\u00ebns, station de ski et village authentique en Haute-Savoie","isPartOf":{"@id":"https:\/\/www.samoens.com\/#website"},"primaryImageOfPage":{"@id":"https:\/\/www.samoens.com\/nl\/winteractiviteiten-2\/samoens-paradijs-du-ski-de-vijver\/#primaryimage"},"image":{"@id":"https:\/\/www.samoens.com\/nl\/winteractiviteiten-2\/samoens-paradijs-du-ski-de-vijver\/#primaryimage"},"thumbnailUrl":"https:\/\/www.samoens.com\/wp-content\/uploads\/2021\/01\/skidefond.png","datePublished":"2022-02-02T12:02:06+00:00","dateModified":"2026-03-29T09:22:00+00:00","breadcrumb":{"@id":"https:\/\/www.samoens.com\/nl\/winteractiviteiten-2\/samoens-paradijs-du-ski-de-vijver\/#breadcrumb"},"inLanguage":"nl-NL","potentialAction":[{"@type":"ReadAction","target":["https:\/\/www.samoens.com\/nl\/winteractiviteiten-2\/samoens-paradijs-du-ski-de-vijver\/"]}]},{"@type":"ImageObject","inLanguage":"nl-NL","@id":"https:\/\/www.samoens.com\/nl\/winteractiviteiten-2\/samoens-paradijs-du-ski-de-vijver\/#primaryimage","url":"https:\/\/www.samoens.com\/wp-content\/uploads\/2021\/01\/skidefond.png","contentUrl":"https:\/\/www.samoens.com\/wp-content\/uploads\/2021\/01\/skidefond.png","width":1349,"height":922,"caption":"Ski de fond \u00e0 Samo\u00ebns"},{"@type":"BreadcrumbList","@id":"https:\/\/www.samoens.com\/nl\/winteractiviteiten-2\/samoens-paradijs-du-ski-de-vijver\/#breadcrumb","itemListElement":[{"@type":"ListItem","position":1,"name":"Accueil","item":"https:\/\/www.samoens.com\/nl\/"},{"@type":"ListItem","position":2,"name":"Winter tijd","item":"https:\/\/www.samoens.com\/nl\/winteractiviteiten-2\/"},{"@type":"ListItem","position":3,"name":"Samo\u00ebns, langlaufparadijs"}]},{"@type":"WebSite","@id":"https:\/\/www.samoens.com\/#website","url":"https:\/\/www.samoens.com\/","name":"Samo\u00ebns, station de ski et village authentique en Haute-Savoie","description":"Nich\u00e9e au coeur du domaine skiable du Grand Massif et \u00e0 moins d&#039;1h de Gen\u00e8ve, Samo\u00ebns rendra vos vacances inoubliables en \u00e9t\u00e9 comme en hiver","potentialAction":[{"@type":"SearchAction","target":{"@type":"EntryPoint","urlTemplate":"https:\/\/www.samoens.com\/?s={search_term_string}"},"query-input":{"@type":"PropertyValueSpecification","valueRequired":true,"valueName":"search_term_string"}}],"inLanguage":"nl-NL"}]}},"_links":{"self":[{"href":"https:\/\/www.samoens.com\/nl\/wp-json\/wp\/v2\/pages\/582834","targetHints":{"allow":["GET"]}}],"collection":[{"href":"https:\/\/www.samoens.com\/nl\/wp-json\/wp\/v2\/pages"}],"about":[{"href":"https:\/\/www.samoens.com\/nl\/wp-json\/wp\/v2\/types\/page"}],"author":[{"embeddable":true,"href":"https:\/\/www.samoens.com\/nl\/wp-json\/wp\/v2\/users\/2"}],"replies":[{"embeddable":true,"href":"https:\/\/www.samoens.com\/nl\/wp-json\/wp\/v2\/comments?post=582834"}],"version-history":[{"count":4,"href":"https:\/\/www.samoens.com\/nl\/wp-json\/wp\/v2\/pages\/582834\/revisions"}],"predecessor-version":[{"id":607069,"href":"https:\/\/www.samoens.com\/nl\/wp-json\/wp\/v2\/pages\/582834\/revisions\/607069"}],"up":[{"embeddable":true,"href":"https:\/\/www.samoens.com\/nl\/wp-json\/wp\/v2\/pages\/40756"}],"wp:featuredmedia":[{"embeddable":true,"href":"https:\/\/www.samoens.com\/nl\/wp-json\/wp\/v2\/media\/477731"}],"wp:attachment":[{"href":"https:\/\/www.samoens.com\/nl\/wp-json\/wp\/v2\/media?parent=582834"}],"curies":[{"name":"wp","href":"https:\/\/api.w.org\/{rel}","templated":true}]}}