{"id":582291,"date":"2023-11-21T15:22:59","date_gmt":"2023-11-21T14:22:59","guid":{"rendered":"https:\/\/www.samoens.com\/?page_id=582291"},"modified":"2025-09-05T14:28:43","modified_gmt":"2025-09-05T12:28:43","slug":"downhill-skiing-in-samoens-grand-massif-resort","status":"publish","type":"page","link":"https:\/\/www.samoens.com\/nl\/winteractiviteiten-2\/downhill-skiing-in-samoens-grand-massif-resort\/","title":{"rendered":"Alpineski\u00ebn in Samo\u00ebns, Grand Massif-resort"},"content":{"rendered":"<div class=\"wpb-content-wrapper\"><p>[vc_row][vc_column width=&#8221;1\/3&#8243;][vc_btn title=&#8221;Koop uw skipas&#8221; color=&#8221;juicy-pink&#8221; link=&#8221;url:https%3A%2F%2Fwww.skipass-grand-massif.com%2Fen%2F&#8221;][\/vc_column][vc_column width=&#8221;1\/3&#8243;][vc_btn title=&#8221;Opening van het Grand Massif&#8221; color=&#8221;juicy-pink&#8221; link=&#8221;url:https%3A%2F%2Fwww.grand-massif.com%2Fen%2Fweather-forecast-opening%2F&#8221;][\/vc_column][vc_column width=&#8221;1\/3&#8243;][vc_btn title=&#8221;Webcam Grand Massif&#8221; color=&#8221;juicy-pink&#8221; link=&#8221;url:https%3A%2F%2Fwww.samoens.com%2Fen%2Fwebcams%2F&#8221;][\/vc_column][\/vc_row][vc_row][vc_column][vc_column_text]<strong>Wat zijn de verschillende skipassen voor het skigebied Samo\u00ebns\/Grand Massif?<\/strong><\/p>\n<ul style=\"list-style-type: circle;\">\n<li><strong>De Samo\u00ebns beginners skipas<\/strong>: Deze geeft toegang tot Samo\u00ebns 1600 en het gebruik van de liften in de beginnerssector: 2 retourtjes Grand Massif Express of Vercland gondels &#8211; Pendant, Ch\u00e2teau, Babuches en Plateau liften &#8211; Damoiseaux en Demoiselles stoeltjesliften. <strong>Beginner ski\u00ebn is gratis op het Oratoire tapijt.<\/strong><\/li>\n<li><strong>Vill4ges skipas<\/strong>: met deze pas kun je ski\u00ebn op de pistes van Samo\u00ebns, Morillon, Les Carroz en Sixt Fer \u00e0 Cheval.<\/li>\n<li><strong>Skipas Grand Massif:<\/strong> omvat de skipas Vill4ges en de pistes van Flaine.<\/li>\n<\/ul>\n<p>[\/vc_column_text][\/vc_column][\/vc_row][vc_row][vc_column]<div style=\"height:50px;\"><\/div><div class=\"vc_row wpb_row vc_row-fluid\"><div class=\"wpb_column vc_column_container vc_col-sm-6 vc_col-lg-4\"><div class=\"vc_column-inner\"><a href=\"https:\/\/www.samoens.com\/nl\/een-alpineskigebied-gewijd-aan-beginners\/\" class=\"listeactiseo\"><div class=\"imgcropCtn\"><img decoding=\"async\" class=\"imgcrop\" src=\"https:\/\/www.samoens.com\/wp-content\/uploads\/2024\/09\/Samoens_Journee-famille_26\u00a9GMD_2024_MathisDecroux-768x512.jpg\" alt=\"Ski\u00ebn\"><div class=\"descriptif\">Geniet tijdens uw wintervakantie in Samoens in de Haute-Savoie van het vierde grootste skigebied.\n<\/div><\/div><h3>Ski\u00ebn<\/h3><\/a><\/div><\/div><div class=\"wpb_column vc_column_container vc_col-sm-6 vc_col-lg-4\"><div class=\"vc_column-inner\"><a href=\"https:\/\/www.samoens.com\/nl\/winteractiviteiten-2\/alpine-skishuttles\/\" class=\"listeactiseo\"><div class=\"imgcropCtn\"><img decoding=\"async\" class=\"imgcrop\" src=\"https:\/\/www.samoens.com\/wp-content\/uploads\/2021\/06\/906-Samoens-0063-768x512.jpg\" alt=\"Pendeldienst skibus\"><div class=\"descriptif\">mn][vc_column_text css=\"\"]Profiteer van de gratis SKIBUS-wintershuttles om moeiteloos de alpine hellingen van het Grand Massif te bereiken.\r\n\r\n&nbsp;\r\n\r\nShuttlehaltes:\r\n\r\nIk zoek de dichtstbijzijnde SKIBUS-halte bij mijn accommodatie op de interactieve kaart.\r\n\r\n&nbsp;\r\n\r\nData en dienstregeling van de shuttles:\r\n\r\nIk raadpleeg de data en dienstrege...<\/div><\/div><h3>Pendeldienst skibus<\/h3><\/a><\/div><\/div><div class=\"wpb_column vc_column_container vc_col-sm-6 vc_col-lg-4\"><div class=\"vc_column-inner\"><a href=\"https:\/\/www.samoens.com\/nl\/alpine-skiverhuur\/\" class=\"listeactiseo\"><div class=\"imgcropCtn\"><img decoding=\"async\" class=\"imgcrop\" src=\"https:\/\/www.samoens.com\/wp-content\/uploads\/2021\/09\/shutterstock_14543449-768x511.jpg\" alt=\"Alpine skiverhuur\"><div class=\"descriptif\">Huur uw alpine skimateriaal in Samoens tijdens uw wintervakantie in de Alpen.\n<\/div><\/div><h3>Alpine skiverhuur<\/h3><\/a><\/div><\/div><div class=\"wpb_column vc_column_container vc_col-sm-6 vc_col-lg-4\"><div class=\"vc_column-inner\"><a href=\"https:\/\/www.samoens.com\/nl\/infos-pistes\/\" class=\"listeactiseo\"><div class=\"imgcropCtn\"><img decoding=\"async\" class=\"imgcrop\" src=\"https:\/\/www.samoens.com\/wp-content\/uploads\/2024\/09\/Flaine_Last-track_52\u00a9GMD_2024_MathisDecroux-768x512.jpg\" alt=\"Spoorinformatie\"><div class=\"descriptif\">mn][\/vc_<\/div><\/div><h3>Spoorinformatie<\/h3><\/a><\/div><\/div><div class=\"wpb_column vc_column_container vc_col-sm-6 vc_col-lg-4\"><div class=\"vc_column-inner\"><a href=\"https:\/\/www.samoens.com\/nl\/winteractiviteiten-2\/alpine-skischolen\/\" class=\"listeactiseo\"><div class=\"imgcropCtn\"><img decoding=\"async\" class=\"imgcrop\" src=\"https:\/\/www.samoens.com\/wp-content\/uploads\/2023\/02\/Ski-en-avril-entre-amis-TristanShu-768x512.jpg\" alt=\"Skischolen\"><div class=\"descriptif\">Cursussen voor alle niveaus, alle leeftijden en in een vriendelijke sfeer: ontdek de alpine skischolen in Samo\u00ebns en Grand Massif. Deze professionals, onafhankelijk of behorend tot structuren, zullen met u hun passie delen, die van berg en ski\u00ebn. Ski\u00ebn of surfen, geniet van een halve dag, dag of meer lessen. Skilessen worden individueel gegeven of ...<\/div><\/div><h3>Skischolen<\/h3><\/a><\/div><\/div><\/div>[\/vc_column][\/vc_row][vc_row][vc_column]<section class=\"elem_listeactivite row\"><div class=\"imgcropCtn imageacti\"><img decoding=\"async\" class=\"imgcrop\" src=\"https:\/\/www.samoens.com\/wp-content\/uploads\/2023\/02\/Ski-en-avril-entre-amis-TristanShu-768x512.jpg\" alt=\"Ski\u00ebn in Samo\u00ebns, in het kort:\"><\/div><div class=\"textecolacti\"><h2>Ski\u00ebn in Samo\u00ebns, in het kort:<\/h2><div class=\"texteacti\"><\/p>\n<ul>\n<li>4e grootste skigebied in Frankrijk, met een oppervlakte van 7.600 hectare<\/li>\n<li>265 km ski\u00ebn<\/li>\n<li>1.800 meter hoogteverschil<\/li>\n<li>139 pistes: 25 groene, 59 blauwe, 44 rode en 11 zwarte<\/li>\n<li>700 tot 2.500 meter hoogte en 62 skiliften<\/li>\n<li>Bijna 14 funzones verspreid over de 5 resorts, voor alle niveaus<\/li>\n<li>1 oneindig aantal uitzonderlijke panoramische uitzichten<\/li>\n<\/ul>\n<p><\/div><\/div><\/section>[\/vc_column][\/vc_row][vc_row][vc_column]<div style=\"height:50px;\"><\/div>[vc_column_text]<\/p>\n<h2>Veelgestelde vragen<\/h2>\n<p>[\/vc_column_text]<div class=\"blocqr\"><div class=\"question\" id=\"qr354q\" onclick=\"openqr('qr354');\"><span>Waar vind ik informatie over lifttijden en het weer op de piste?<\/span><i class=\"fas fa-chevron-down\"><\/i><\/div><div class=\"reponse\" id=\"qr354\">Klik hier voor het nieuws van de dag.<\/div><\/div><script>function openqr(div){\n                    if($(\"#\"+div+\"q\").hasClass(\"opened\")){\n                    $(\"#\"+div+\"\").toggle(\"fast\");\n                    $(\"#\"+div+\"q\").removeClass(\"opened\");\n                    }\n                    else{\n                        $(\"#\"+div+\"\").toggle(\"fast\");\n                        $(\"#\"+div+\"q\").addClass(\"opened\");\n                    }\n                }<\/script><div class=\"blocqr\"><div class=\"question\" id=\"qr906q\" onclick=\"openqr('qr906');\"><span>Waar kan ik de pistekaart vinden?<\/span><i class=\"fas fa-chevron-down\"><\/i><\/div><div class=\"reponse\" id=\"qr906\">Klik op deze link om naar de interactieve kaart van het Grand Massif te gaan.<\/div><\/div><script>function openqr(div){\n                    if($(\"#\"+div+\"q\").hasClass(\"opened\")){\n                    $(\"#\"+div+\"\").toggle(\"fast\");\n                    $(\"#\"+div+\"q\").removeClass(\"opened\");\n                    }\n                    else{\n                        $(\"#\"+div+\"\").toggle(\"fast\");\n                        $(\"#\"+div+\"q\").addClass(\"opened\");\n                    }\n                }<\/script><div class=\"blocqr\"><div class=\"question\" id=\"qr816q\" onclick=\"openqr('qr816');\"><span>Wat zijn de verschillende skipassen?<\/span><i class=\"fas fa-chevron-down\"><\/i><\/div><div class=\"reponse\" id=\"qr816\">Ontdek alle pakketten op deze pagina en vind het pakket dat het beste bij je past.<\/div><\/div><script>function openqr(div){\n                    if($(\"#\"+div+\"q\").hasClass(\"opened\")){\n                    $(\"#\"+div+\"\").toggle(\"fast\");\n                    $(\"#\"+div+\"q\").removeClass(\"opened\");\n                    }\n                    else{\n                        $(\"#\"+div+\"\").toggle(\"fast\");\n                        $(\"#\"+div+\"q\").addClass(\"opened\");\n                    }\n                }<\/script><div class=\"blocqr\"><div class=\"question\" id=\"qr749q\" onclick=\"openqr('qr749');\"><span>Koop uw skipas online<\/span><i class=\"fas fa-chevron-down\"><\/i><\/div><div class=\"reponse\" id=\"qr749\"><span style=\"font-weight: 400;\"><a href=\"https:\/\/www.skipass-grand-massif.com\/en\/ski-pass\">Vereenvoudig je verblijf en koop je pakketten van tevoren. Klik hier om te kopen!Click here to buy!\u00a0<\/a><\/span><\/div><\/div><script>function openqr(div){\n                    if($(\"#\"+div+\"q\").hasClass(\"opened\")){\n                    $(\"#\"+div+\"\").toggle(\"fast\");\n                    $(\"#\"+div+\"q\").removeClass(\"opened\");\n                    }\n                    else{\n                        $(\"#\"+div+\"\").toggle(\"fast\");\n                        $(\"#\"+div+\"q\").addClass(\"opened\");\n                    }\n                }<\/script><div class=\"blocqr\"><div class=\"question\" id=\"qr660q\" onclick=\"openqr('qr660');\"><span>Zijn kinderen jonger dan 8 jaar gratis?<\/span><i class=\"fas fa-chevron-down\"><\/i><\/div><div class=\"reponse\" id=\"qr660\">Ja, ski\u00ebn is gratis voor kinderen jonger dan 8 jaar en senioren ouder dan 75 jaar.<\/p>\n<p>Je hoeft alleen maar je leeftijdsbewijs te laten zien (identiteitskaart, zorgpas, enz.) wanneer je je skipas online of bij de kassa reserveert.<\/p>\n<p>Wanneer je je bestelling plaatst, selecteer je de leeftijd van de ski\u00ebr in je winkelmandje om de gratis skipas te zien verschijnen en volg je de instructies online.<\/div><\/div><script>function openqr(div){\n                    if($(\"#\"+div+\"q\").hasClass(\"opened\")){\n                    $(\"#\"+div+\"\").toggle(\"fast\");\n                    $(\"#\"+div+\"q\").removeClass(\"opened\");\n                    }\n                    else{\n                        $(\"#\"+div+\"\").toggle(\"fast\");\n                        $(\"#\"+div+\"q\").addClass(\"opened\");\n                    }\n                }<\/script>[\/vc_column][\/vc_row][vc_row][vc_column]<div style=\"height:50px;\"><\/div>[vc_column_text]<\/p>\n<h3>FIND US AND CONTACT US EASILY!<\/h3>\n<p>Samo\u00ebns Tourist Office<\/p>\n<p><span style=\"font-weight: 400;\">66, place de l\u2019Office de Tourisme \u2013 74340 SAMO\u00cbNS<\/span><\/p>\n<p><span style=\"font-weight: 400;\">T\u00e9l. : 04.50.34.40.28<\/span><\/p>\n<p><span style=\"font-weight: 400;\">Mail : infos@samoens.com<\/span>[\/vc_column_text][\/vc_column][\/vc_row]<\/p>\n<\/div>","protected":false},"excerpt":{"rendered":"<p>[vc_row][vc_column width=&#8221;1\/3&#8243;][vc_btn title=&#8221;Koop uw skipas&#8221; color=&#8221;juicy-pink&#8221; link=&#8221;url:https%3A%2F%2Fwww.skipass-grand-massif.com%2Fen%2F&#8221;][\/vc_column][vc_column width=&#8221;1\/3&#8243;][vc_btn title=&#8221;Opening van het Grand Massif&#8221; color=&#8221;juicy-pink&#8221; link=&#8221;url:https%3A%2F%2Fwww.grand-massif.com%2Fen%2Fweather-forecast-opening%2F&#8221;][\/vc_column][vc_column width=&#8221;1\/3&#8243;][vc_btn title=&#8221;Webcam Grand Massif&#8221; color=&#8221;juicy-pink&#8221; link=&#8221;url:https%3A%2F%2Fwww.samoens.com%2Fen%2Fwebcams%2F&#8221;][\/vc_column][\/vc_row][vc_row][vc_column][vc_column_text]Wat zijn de verschillende skipassen voor het skigebied Samo\u00ebns\/Grand Massif? De Samo\u00ebns beginners skipas: Deze geeft toegang tot Samo\u00ebns 1600 en het gebruik van de liften in de beginnerssector: 2 retourtjes Grand Massif Express of [&hellip;]<\/p>\n","protected":false},"author":2,"featured_media":131526,"parent":40756,"menu_order":7,"comment_status":"closed","ping_status":"closed","template":"template-entete-bleue.php","meta":{"_acf_changed":false,"footnotes":""},"class_list":["post-582291","page","type-page","status-publish","hentry"],"acf":[],"yoast_head":"<!-- This site is optimized with the Yoast SEO plugin v27.4 - https:\/\/yoast.com\/product\/yoast-seo-wordpress\/ -->\n<title>Alpineski\u00ebn in Samo\u00ebns, Grand Massif-resort Samo\u00ebns, station de ski et village authentique en Haute-Savoie<\/title>\n<meta name=\"robots\" content=\"index, follow, max-snippet:-1, max-image-preview:large, max-video-preview:-1\" \/>\n<link rel=\"canonical\" href=\"https:\/\/www.samoens.com\/nl\/winteractiviteiten-2\/downhill-skiing-in-samoens-grand-massif-resort\/\" \/>\n<meta property=\"og:locale\" content=\"nl_NL\" \/>\n<meta property=\"og:type\" content=\"article\" \/>\n<meta property=\"og:title\" content=\"Alpineski\u00ebn in Samo\u00ebns, Grand Massif-resort Samo\u00ebns, station de ski et village authentique en Haute-Savoie\" \/>\n<meta property=\"og:description\" content=\"[vc_row][vc_column width=&#8221;1\/3&#8243;][vc_btn title=&#8221;Koop uw skipas&#8221; color=&#8221;juicy-pink&#8221; link=&#8221;url:https%3A%2F%2Fwww.skipass-grand-massif.com%2Fen%2F&#8221;][\/vc_column][vc_column width=&#8221;1\/3&#8243;][vc_btn title=&#8221;Opening van het Grand Massif&#8221; color=&#8221;juicy-pink&#8221; link=&#8221;url:https%3A%2F%2Fwww.grand-massif.com%2Fen%2Fweather-forecast-opening%2F&#8221;][\/vc_column][vc_column width=&#8221;1\/3&#8243;][vc_btn title=&#8221;Webcam Grand Massif&#8221; color=&#8221;juicy-pink&#8221; link=&#8221;url:https%3A%2F%2Fwww.samoens.com%2Fen%2Fwebcams%2F&#8221;][\/vc_column][\/vc_row][vc_row][vc_column][vc_column_text]Wat zijn de verschillende skipassen voor het skigebied Samo\u00ebns\/Grand Massif? De Samo\u00ebns beginners skipas: Deze geeft toegang tot Samo\u00ebns 1600 en het gebruik van de liften in de beginnerssector: 2 retourtjes Grand Massif Express of [&hellip;]\" \/>\n<meta property=\"og:url\" content=\"https:\/\/www.samoens.com\/nl\/winteractiviteiten-2\/downhill-skiing-in-samoens-grand-massif-resort\/\" \/>\n<meta property=\"og:site_name\" content=\"Samo\u00ebns, station de ski et village authentique en Haute-Savoie\" \/>\n<meta property=\"article:modified_time\" content=\"2025-09-05T12:28:43+00:00\" \/>\n<meta property=\"og:image\" content=\"https:\/\/www.samoens.com\/wp-content\/uploads\/2019\/12\/Samoens-001.jpg\" \/>\n\t<meta property=\"og:image:width\" content=\"2560\" \/>\n\t<meta property=\"og:image:height\" content=\"1045\" \/>\n\t<meta property=\"og:image:type\" content=\"image\/jpeg\" \/>\n<meta name=\"twitter:card\" content=\"summary_large_image\" \/>\n<meta name=\"twitter:label1\" content=\"Geschatte leestijd\" \/>\n\t<meta name=\"twitter:data1\" content=\"3 minuten\" \/>\n<script type=\"application\/ld+json\" class=\"yoast-schema-graph\">{\"@context\":\"https:\\\/\\\/schema.org\",\"@graph\":[{\"@type\":\"WebPage\",\"@id\":\"https:\\\/\\\/www.samoens.com\\\/nl\\\/winteractiviteiten-2\\\/downhill-skiing-in-samoens-grand-massif-resort\\\/\",\"url\":\"https:\\\/\\\/www.samoens.com\\\/nl\\\/winteractiviteiten-2\\\/downhill-skiing-in-samoens-grand-massif-resort\\\/\",\"name\":\"Alpineski\u00ebn in Samo\u00ebns, Grand Massif-resort Samo\u00ebns, station de ski et village authentique en Haute-Savoie\",\"isPartOf\":{\"@id\":\"https:\\\/\\\/www.samoens.com\\\/#website\"},\"primaryImageOfPage\":{\"@id\":\"https:\\\/\\\/www.samoens.com\\\/nl\\\/winteractiviteiten-2\\\/downhill-skiing-in-samoens-grand-massif-resort\\\/#primaryimage\"},\"image\":{\"@id\":\"https:\\\/\\\/www.samoens.com\\\/nl\\\/winteractiviteiten-2\\\/downhill-skiing-in-samoens-grand-massif-resort\\\/#primaryimage\"},\"thumbnailUrl\":\"https:\\\/\\\/www.samoens.com\\\/wp-content\\\/uploads\\\/2019\\\/12\\\/Samoens-001.jpg\",\"datePublished\":\"2023-11-21T14:22:59+00:00\",\"dateModified\":\"2025-09-05T12:28:43+00:00\",\"breadcrumb\":{\"@id\":\"https:\\\/\\\/www.samoens.com\\\/nl\\\/winteractiviteiten-2\\\/downhill-skiing-in-samoens-grand-massif-resort\\\/#breadcrumb\"},\"inLanguage\":\"nl-NL\",\"potentialAction\":[{\"@type\":\"ReadAction\",\"target\":[\"https:\\\/\\\/www.samoens.com\\\/nl\\\/winteractiviteiten-2\\\/downhill-skiing-in-samoens-grand-massif-resort\\\/\"]}]},{\"@type\":\"ImageObject\",\"inLanguage\":\"nl-NL\",\"@id\":\"https:\\\/\\\/www.samoens.com\\\/nl\\\/winteractiviteiten-2\\\/downhill-skiing-in-samoens-grand-massif-resort\\\/#primaryimage\",\"url\":\"https:\\\/\\\/www.samoens.com\\\/wp-content\\\/uploads\\\/2019\\\/12\\\/Samoens-001.jpg\",\"contentUrl\":\"https:\\\/\\\/www.samoens.com\\\/wp-content\\\/uploads\\\/2019\\\/12\\\/Samoens-001.jpg\",\"width\":2560,\"height\":1045},{\"@type\":\"BreadcrumbList\",\"@id\":\"https:\\\/\\\/www.samoens.com\\\/nl\\\/winteractiviteiten-2\\\/downhill-skiing-in-samoens-grand-massif-resort\\\/#breadcrumb\",\"itemListElement\":[{\"@type\":\"ListItem\",\"position\":1,\"name\":\"Accueil\",\"item\":\"https:\\\/\\\/www.samoens.com\\\/nl\\\/\"},{\"@type\":\"ListItem\",\"position\":2,\"name\":\"Winter tijd\",\"item\":\"https:\\\/\\\/www.samoens.com\\\/nl\\\/winteractiviteiten-2\\\/\"},{\"@type\":\"ListItem\",\"position\":3,\"name\":\"Alpineski\u00ebn in Samo\u00ebns, Grand Massif-resort\"}]},{\"@type\":\"WebSite\",\"@id\":\"https:\\\/\\\/www.samoens.com\\\/#website\",\"url\":\"https:\\\/\\\/www.samoens.com\\\/\",\"name\":\"Samo\u00ebns, station de ski et village authentique en Haute-Savoie\",\"description\":\"Nich\u00e9e au coeur du domaine skiable du Grand Massif et \u00e0 moins d&#039;1h de Gen\u00e8ve, Samo\u00ebns rendra vos vacances inoubliables en \u00e9t\u00e9 comme en hiver\",\"potentialAction\":[{\"@type\":\"SearchAction\",\"target\":{\"@type\":\"EntryPoint\",\"urlTemplate\":\"https:\\\/\\\/www.samoens.com\\\/?s={search_term_string}\"},\"query-input\":{\"@type\":\"PropertyValueSpecification\",\"valueRequired\":true,\"valueName\":\"search_term_string\"}}],\"inLanguage\":\"nl-NL\"}]}<\/script>\n<!-- \/ Yoast SEO plugin. -->","yoast_head_json":{"title":"Alpineski\u00ebn in Samo\u00ebns, Grand Massif-resort Samo\u00ebns, station de ski et village authentique en Haute-Savoie","robots":{"index":"index","follow":"follow","max-snippet":"max-snippet:-1","max-image-preview":"max-image-preview:large","max-video-preview":"max-video-preview:-1"},"canonical":"https:\/\/www.samoens.com\/nl\/winteractiviteiten-2\/downhill-skiing-in-samoens-grand-massif-resort\/","og_locale":"nl_NL","og_type":"article","og_title":"Alpineski\u00ebn in Samo\u00ebns, Grand Massif-resort Samo\u00ebns, station de ski et village authentique en Haute-Savoie","og_description":"[vc_row][vc_column width=&#8221;1\/3&#8243;][vc_btn title=&#8221;Koop uw skipas&#8221; color=&#8221;juicy-pink&#8221; link=&#8221;url:https%3A%2F%2Fwww.skipass-grand-massif.com%2Fen%2F&#8221;][\/vc_column][vc_column width=&#8221;1\/3&#8243;][vc_btn title=&#8221;Opening van het Grand Massif&#8221; color=&#8221;juicy-pink&#8221; link=&#8221;url:https%3A%2F%2Fwww.grand-massif.com%2Fen%2Fweather-forecast-opening%2F&#8221;][\/vc_column][vc_column width=&#8221;1\/3&#8243;][vc_btn title=&#8221;Webcam Grand Massif&#8221; color=&#8221;juicy-pink&#8221; link=&#8221;url:https%3A%2F%2Fwww.samoens.com%2Fen%2Fwebcams%2F&#8221;][\/vc_column][\/vc_row][vc_row][vc_column][vc_column_text]Wat zijn de verschillende skipassen voor het skigebied Samo\u00ebns\/Grand Massif? De Samo\u00ebns beginners skipas: Deze geeft toegang tot Samo\u00ebns 1600 en het gebruik van de liften in de beginnerssector: 2 retourtjes Grand Massif Express of [&hellip;]","og_url":"https:\/\/www.samoens.com\/nl\/winteractiviteiten-2\/downhill-skiing-in-samoens-grand-massif-resort\/","og_site_name":"Samo\u00ebns, station de ski et village authentique en Haute-Savoie","article_modified_time":"2025-09-05T12:28:43+00:00","og_image":[{"width":2560,"height":1045,"url":"https:\/\/www.samoens.com\/wp-content\/uploads\/2019\/12\/Samoens-001.jpg","type":"image\/jpeg"}],"twitter_card":"summary_large_image","twitter_misc":{"Geschatte leestijd":"3 minuten"},"schema":{"@context":"https:\/\/schema.org","@graph":[{"@type":"WebPage","@id":"https:\/\/www.samoens.com\/nl\/winteractiviteiten-2\/downhill-skiing-in-samoens-grand-massif-resort\/","url":"https:\/\/www.samoens.com\/nl\/winteractiviteiten-2\/downhill-skiing-in-samoens-grand-massif-resort\/","name":"Alpineski\u00ebn in Samo\u00ebns, Grand Massif-resort Samo\u00ebns, station de ski et village authentique en Haute-Savoie","isPartOf":{"@id":"https:\/\/www.samoens.com\/#website"},"primaryImageOfPage":{"@id":"https:\/\/www.samoens.com\/nl\/winteractiviteiten-2\/downhill-skiing-in-samoens-grand-massif-resort\/#primaryimage"},"image":{"@id":"https:\/\/www.samoens.com\/nl\/winteractiviteiten-2\/downhill-skiing-in-samoens-grand-massif-resort\/#primaryimage"},"thumbnailUrl":"https:\/\/www.samoens.com\/wp-content\/uploads\/2019\/12\/Samoens-001.jpg","datePublished":"2023-11-21T14:22:59+00:00","dateModified":"2025-09-05T12:28:43+00:00","breadcrumb":{"@id":"https:\/\/www.samoens.com\/nl\/winteractiviteiten-2\/downhill-skiing-in-samoens-grand-massif-resort\/#breadcrumb"},"inLanguage":"nl-NL","potentialAction":[{"@type":"ReadAction","target":["https:\/\/www.samoens.com\/nl\/winteractiviteiten-2\/downhill-skiing-in-samoens-grand-massif-resort\/"]}]},{"@type":"ImageObject","inLanguage":"nl-NL","@id":"https:\/\/www.samoens.com\/nl\/winteractiviteiten-2\/downhill-skiing-in-samoens-grand-massif-resort\/#primaryimage","url":"https:\/\/www.samoens.com\/wp-content\/uploads\/2019\/12\/Samoens-001.jpg","contentUrl":"https:\/\/www.samoens.com\/wp-content\/uploads\/2019\/12\/Samoens-001.jpg","width":2560,"height":1045},{"@type":"BreadcrumbList","@id":"https:\/\/www.samoens.com\/nl\/winteractiviteiten-2\/downhill-skiing-in-samoens-grand-massif-resort\/#breadcrumb","itemListElement":[{"@type":"ListItem","position":1,"name":"Accueil","item":"https:\/\/www.samoens.com\/nl\/"},{"@type":"ListItem","position":2,"name":"Winter tijd","item":"https:\/\/www.samoens.com\/nl\/winteractiviteiten-2\/"},{"@type":"ListItem","position":3,"name":"Alpineski\u00ebn in Samo\u00ebns, Grand Massif-resort"}]},{"@type":"WebSite","@id":"https:\/\/www.samoens.com\/#website","url":"https:\/\/www.samoens.com\/","name":"Samo\u00ebns, station de ski et village authentique en Haute-Savoie","description":"Nich\u00e9e au coeur du domaine skiable du Grand Massif et \u00e0 moins d&#039;1h de Gen\u00e8ve, Samo\u00ebns rendra vos vacances inoubliables en \u00e9t\u00e9 comme en hiver","potentialAction":[{"@type":"SearchAction","target":{"@type":"EntryPoint","urlTemplate":"https:\/\/www.samoens.com\/?s={search_term_string}"},"query-input":{"@type":"PropertyValueSpecification","valueRequired":true,"valueName":"search_term_string"}}],"inLanguage":"nl-NL"}]}},"_links":{"self":[{"href":"https:\/\/www.samoens.com\/nl\/wp-json\/wp\/v2\/pages\/582291","targetHints":{"allow":["GET"]}}],"collection":[{"href":"https:\/\/www.samoens.com\/nl\/wp-json\/wp\/v2\/pages"}],"about":[{"href":"https:\/\/www.samoens.com\/nl\/wp-json\/wp\/v2\/types\/page"}],"author":[{"embeddable":true,"href":"https:\/\/www.samoens.com\/nl\/wp-json\/wp\/v2\/users\/2"}],"replies":[{"embeddable":true,"href":"https:\/\/www.samoens.com\/nl\/wp-json\/wp\/v2\/comments?post=582291"}],"version-history":[{"count":2,"href":"https:\/\/www.samoens.com\/nl\/wp-json\/wp\/v2\/pages\/582291\/revisions"}],"predecessor-version":[{"id":601055,"href":"https:\/\/www.samoens.com\/nl\/wp-json\/wp\/v2\/pages\/582291\/revisions\/601055"}],"up":[{"embeddable":true,"href":"https:\/\/www.samoens.com\/nl\/wp-json\/wp\/v2\/pages\/40756"}],"wp:featuredmedia":[{"embeddable":true,"href":"https:\/\/www.samoens.com\/nl\/wp-json\/wp\/v2\/media\/131526"}],"wp:attachment":[{"href":"https:\/\/www.samoens.com\/nl\/wp-json\/wp\/v2\/media?parent=582291"}],"curies":[{"name":"wp","href":"https:\/\/api.w.org\/{rel}","templated":true}]}}