{"id":577430,"date":"2023-03-13T11:46:52","date_gmt":"2023-03-13T10:46:52","guid":{"rendered":"https:\/\/www.samoens.com\/bien-vivre\/"},"modified":"2023-03-13T14:06:23","modified_gmt":"2023-03-13T13:06:23","slug":"bien-vivre","status":"publish","type":"page","link":"https:\/\/www.samoens.com\/nl\/bien-vivre\/","title":{"rendered":"Goed leven"},"content":{"rendered":"<div class=\"wpb-content-wrapper\"><p>[vc_row][vc_column][vc_column_text]<\/p>\n<h2>Samo\u00ebns, goed leven in essentie<\/h2>\n<h3>Een land waar de tijd zijn tijd neemt<\/h3>\n<p>Hier is het goede leven een traditie. Die van een dorp in de Haute-Savoie met een unieke architectuur en erfgoed, gevormd door de verfijnde kunst van de Frahans, de steenhouwers die Samo\u00ebns bekend hebben gemaakt. De geplaveide voetgangersstraten met een aantal kraampjes nodigen uit tot een wandeling en een ontspannende pauze bij een heerlijke septimontaine cake, met zijn onvergetelijke zachtheid, of een zeldzame wijn opgegraven door de lokale wijnhandelaren.[\/vc_column_text][\/vc_column][\/vc_row][vc_row][vc_column width=&#8221;1\/3&#8243;][vc_single_image image=&#8221;199&#8243; img_size=&#8221;medium&#8221;][\/vc_column][vc_column width=&#8221;1\/3&#8243;][vc_single_image image=&#8221;186&#8243; img_size=&#8221;medium&#8221;][\/vc_column][vc_column width=&#8221;1\/3&#8243;][vc_single_image image=&#8221;181&#8243; img_size=&#8221;medium&#8221;][\/vc_column][\/vc_row][vc_row][vc_column][vc_column_text]Op de pistes biedt Samo\u00ebns, Grand Massif resort, het 4e grootste skigebied van Frankrijk, zijn eigen gastronomische recept: 265 km ski\u00ebn, 143 pistes, 1 wilde combe tot vreugde van freeriders, een blauwe piste, de Cascades piste, die zijn 14 km sneeuwdek ontvouwt zonder een enkele lift, naast het Sixt-Fer-\u00e0-Cheval natuurreservaat&#8230; Van gedreven adrenaline tot het eenvoudige plezier van het ski\u00ebn, alle soorten ski\u00ebn floreren in Samo\u00ebns.[\/vc_column_text][\/vc_column][\/vc_row][vc_row][vc_column width=&#8221;1\/3&#8243;][vc_single_image image=&#8221;218&#8243; img_size=&#8221;medium&#8221;][\/vc_column][vc_column width=&#8221;1\/3&#8243;][vc_single_image image=&#8221;223&#8243; img_size=&#8221;medium&#8221;][\/vc_column][vc_column width=&#8221;1\/3&#8243;][vc_single_image image=&#8221;221&#8243; img_size=&#8221;medium&#8221;][\/vc_column][\/vc_row][vc_row][vc_column][vc_column_text]Sinds bijna tien jaar cultiveert Samo\u00ebns zijn &#8220;bien-vivre&#8221; troeven door het toeristische aanbod in deze streek te versterken. Kom en probeer de Afghaanse wandeling, de zintuiglijke wandeling, de yoga wandeling, de massages, geniet van een goede maaltijd in een restaurant, slenter door de straten, profiteer van de landschappen die u omringen&#8230;[\/vc_column_text][\/vc_column][\/vc_row][vc_row][vc_column width=&#8221;1\/3&#8243;][vc_single_image image=&#8221;11871&#8243; img_size=&#8221;medium&#8221;][\/vc_column][vc_column width=&#8221;1\/3&#8243;][vc_single_image image=&#8221;11784&#8243; img_size=&#8221;medium&#8221;][\/vc_column][vc_column width=&#8221;1\/3&#8243;][vc_single_image image=&#8221;11775&#8243; img_size=&#8221;medium&#8221;][\/vc_column][\/vc_row]<\/p>\n<\/div>","protected":false},"excerpt":{"rendered":"<p>[vc_row][vc_column][vc_column_text] Samo\u00ebns, goed leven in essentie Een land waar de tijd zijn tijd neemt Hier is het goede leven een traditie. Die van een dorp in de Haute-Savoie met een unieke architectuur en erfgoed, gevormd door de verfijnde kunst van de Frahans, de steenhouwers die Samo\u00ebns bekend hebben gemaakt. De geplaveide voetgangersstraten met een aantal [&hellip;]<\/p>\n","protected":false},"author":2,"featured_media":0,"parent":0,"menu_order":87,"comment_status":"closed","ping_status":"closed","template":"","meta":{"_acf_changed":false,"footnotes":""},"class_list":["post-577430","page","type-page","status-publish","hentry"],"acf":[],"yoast_head":"<!-- This site is optimized with the Yoast SEO plugin v27.5 - https:\/\/yoast.com\/product\/yoast-seo-wordpress\/ -->\n<title>Goed leven Samo\u00ebns, station de ski et village authentique en Haute-Savoie<\/title>\n<meta name=\"robots\" content=\"index, follow, max-snippet:-1, max-image-preview:large, max-video-preview:-1\" \/>\n<link rel=\"canonical\" href=\"https:\/\/www.samoens.com\/nl\/bien-vivre\/\" \/>\n<meta property=\"og:locale\" content=\"nl_NL\" \/>\n<meta property=\"og:type\" content=\"article\" \/>\n<meta property=\"og:title\" content=\"Goed leven Samo\u00ebns, station de ski et village authentique en Haute-Savoie\" \/>\n<meta property=\"og:description\" content=\"[vc_row][vc_column][vc_column_text] Samo\u00ebns, goed leven in essentie Een land waar de tijd zijn tijd neemt Hier is het goede leven een traditie. Die van een dorp in de Haute-Savoie met een unieke architectuur en erfgoed, gevormd door de verfijnde kunst van de Frahans, de steenhouwers die Samo\u00ebns bekend hebben gemaakt. De geplaveide voetgangersstraten met een aantal [&hellip;]\" \/>\n<meta property=\"og:url\" content=\"https:\/\/www.samoens.com\/nl\/bien-vivre\/\" \/>\n<meta property=\"og:site_name\" content=\"Samo\u00ebns, station de ski et village authentique en Haute-Savoie\" \/>\n<meta property=\"article:modified_time\" content=\"2023-03-13T13:06:23+00:00\" \/>\n<meta name=\"twitter:card\" content=\"summary_large_image\" \/>\n<meta name=\"twitter:label1\" content=\"Geschatte leestijd\" \/>\n\t<meta name=\"twitter:data1\" content=\"2 minuten\" \/>\n<script type=\"application\/ld+json\" class=\"yoast-schema-graph\">{\"@context\":\"https:\\\/\\\/schema.org\",\"@graph\":[{\"@type\":\"WebPage\",\"@id\":\"https:\\\/\\\/www.samoens.com\\\/nl\\\/bien-vivre\\\/\",\"url\":\"https:\\\/\\\/www.samoens.com\\\/nl\\\/bien-vivre\\\/\",\"name\":\"Goed leven Samo\u00ebns, station de ski et village authentique en Haute-Savoie\",\"isPartOf\":{\"@id\":\"https:\\\/\\\/www.samoens.com\\\/#website\"},\"datePublished\":\"2023-03-13T10:46:52+00:00\",\"dateModified\":\"2023-03-13T13:06:23+00:00\",\"breadcrumb\":{\"@id\":\"https:\\\/\\\/www.samoens.com\\\/nl\\\/bien-vivre\\\/#breadcrumb\"},\"inLanguage\":\"nl-NL\",\"potentialAction\":[{\"@type\":\"ReadAction\",\"target\":[\"https:\\\/\\\/www.samoens.com\\\/nl\\\/bien-vivre\\\/\"]}]},{\"@type\":\"BreadcrumbList\",\"@id\":\"https:\\\/\\\/www.samoens.com\\\/nl\\\/bien-vivre\\\/#breadcrumb\",\"itemListElement\":[{\"@type\":\"ListItem\",\"position\":1,\"name\":\"Accueil\",\"item\":\"https:\\\/\\\/www.samoens.com\\\/nl\\\/\"},{\"@type\":\"ListItem\",\"position\":2,\"name\":\"Goed leven\"}]},{\"@type\":\"WebSite\",\"@id\":\"https:\\\/\\\/www.samoens.com\\\/#website\",\"url\":\"https:\\\/\\\/www.samoens.com\\\/\",\"name\":\"Samo\u00ebns, station de ski et village authentique en Haute-Savoie\",\"description\":\"Nich\u00e9e au coeur du domaine skiable du Grand Massif et \u00e0 moins d&#039;1h de Gen\u00e8ve, Samo\u00ebns rendra vos vacances inoubliables en \u00e9t\u00e9 comme en hiver\",\"potentialAction\":[{\"@type\":\"SearchAction\",\"target\":{\"@type\":\"EntryPoint\",\"urlTemplate\":\"https:\\\/\\\/www.samoens.com\\\/?s={search_term_string}\"},\"query-input\":{\"@type\":\"PropertyValueSpecification\",\"valueRequired\":true,\"valueName\":\"search_term_string\"}}],\"inLanguage\":\"nl-NL\"}]}<\/script>\n<!-- \/ Yoast SEO plugin. -->","yoast_head_json":{"title":"Goed leven Samo\u00ebns, station de ski et village authentique en Haute-Savoie","robots":{"index":"index","follow":"follow","max-snippet":"max-snippet:-1","max-image-preview":"max-image-preview:large","max-video-preview":"max-video-preview:-1"},"canonical":"https:\/\/www.samoens.com\/nl\/bien-vivre\/","og_locale":"nl_NL","og_type":"article","og_title":"Goed leven Samo\u00ebns, station de ski et village authentique en Haute-Savoie","og_description":"[vc_row][vc_column][vc_column_text] Samo\u00ebns, goed leven in essentie Een land waar de tijd zijn tijd neemt Hier is het goede leven een traditie. Die van een dorp in de Haute-Savoie met een unieke architectuur en erfgoed, gevormd door de verfijnde kunst van de Frahans, de steenhouwers die Samo\u00ebns bekend hebben gemaakt. De geplaveide voetgangersstraten met een aantal [&hellip;]","og_url":"https:\/\/www.samoens.com\/nl\/bien-vivre\/","og_site_name":"Samo\u00ebns, station de ski et village authentique en Haute-Savoie","article_modified_time":"2023-03-13T13:06:23+00:00","twitter_card":"summary_large_image","twitter_misc":{"Geschatte leestijd":"2 minuten"},"schema":{"@context":"https:\/\/schema.org","@graph":[{"@type":"WebPage","@id":"https:\/\/www.samoens.com\/nl\/bien-vivre\/","url":"https:\/\/www.samoens.com\/nl\/bien-vivre\/","name":"Goed leven Samo\u00ebns, station de ski et village authentique en Haute-Savoie","isPartOf":{"@id":"https:\/\/www.samoens.com\/#website"},"datePublished":"2023-03-13T10:46:52+00:00","dateModified":"2023-03-13T13:06:23+00:00","breadcrumb":{"@id":"https:\/\/www.samoens.com\/nl\/bien-vivre\/#breadcrumb"},"inLanguage":"nl-NL","potentialAction":[{"@type":"ReadAction","target":["https:\/\/www.samoens.com\/nl\/bien-vivre\/"]}]},{"@type":"BreadcrumbList","@id":"https:\/\/www.samoens.com\/nl\/bien-vivre\/#breadcrumb","itemListElement":[{"@type":"ListItem","position":1,"name":"Accueil","item":"https:\/\/www.samoens.com\/nl\/"},{"@type":"ListItem","position":2,"name":"Goed leven"}]},{"@type":"WebSite","@id":"https:\/\/www.samoens.com\/#website","url":"https:\/\/www.samoens.com\/","name":"Samo\u00ebns, station de ski et village authentique en Haute-Savoie","description":"Nich\u00e9e au coeur du domaine skiable du Grand Massif et \u00e0 moins d&#039;1h de Gen\u00e8ve, Samo\u00ebns rendra vos vacances inoubliables en \u00e9t\u00e9 comme en hiver","potentialAction":[{"@type":"SearchAction","target":{"@type":"EntryPoint","urlTemplate":"https:\/\/www.samoens.com\/?s={search_term_string}"},"query-input":{"@type":"PropertyValueSpecification","valueRequired":true,"valueName":"search_term_string"}}],"inLanguage":"nl-NL"}]}},"_links":{"self":[{"href":"https:\/\/www.samoens.com\/nl\/wp-json\/wp\/v2\/pages\/577430","targetHints":{"allow":["GET"]}}],"collection":[{"href":"https:\/\/www.samoens.com\/nl\/wp-json\/wp\/v2\/pages"}],"about":[{"href":"https:\/\/www.samoens.com\/nl\/wp-json\/wp\/v2\/types\/page"}],"author":[{"embeddable":true,"href":"https:\/\/www.samoens.com\/nl\/wp-json\/wp\/v2\/users\/2"}],"replies":[{"embeddable":true,"href":"https:\/\/www.samoens.com\/nl\/wp-json\/wp\/v2\/comments?post=577430"}],"version-history":[{"count":1,"href":"https:\/\/www.samoens.com\/nl\/wp-json\/wp\/v2\/pages\/577430\/revisions"}],"predecessor-version":[{"id":577435,"href":"https:\/\/www.samoens.com\/nl\/wp-json\/wp\/v2\/pages\/577430\/revisions\/577435"}],"wp:attachment":[{"href":"https:\/\/www.samoens.com\/nl\/wp-json\/wp\/v2\/media?parent=577430"}],"curies":[{"name":"wp","href":"https:\/\/api.w.org\/{rel}","templated":true}]}}