{"id":530351,"date":"2025-10-25T14:30:26","date_gmt":"2025-10-25T12:30:26","guid":{"rendered":"https:\/\/www.samoens.com\/?page_id=530351"},"modified":"2025-11-11T23:31:09","modified_gmt":"2025-11-11T22:31:09","slug":"vissen-in-de-giffrevallei","status":"publish","type":"page","link":"https:\/\/www.samoens.com\/nl\/vissen-in-de-giffrevallei\/","title":{"rendered":"Vissen in de Giffre-vallei"},"content":{"rendered":"<div class=\"wpb-content-wrapper\"><p>[vc_row][vc_column][vc_column_text]<strong>Ontdek de visroutes<\/strong><\/p>\n<p>&nbsp;<\/p>\n<p>Een van de mooiste en meest uitgebreide bergvisroutes van de eerste categorie: 27 km van de Giffre van Morillon tot Sixt Fer \u00e0 Cheval en 23 km van de Nants; de meren van Gers, Gouilles Rouges, het tweede Lac aux Dames en de gemeentelijke meren van Samo\u00ebns en Morillon.[\/vc_column_text][\/vc_column][\/vc_row][vc_row][vc_column width=&#8221;1\/2&#8243;][vc_column_text]<strong>Soorten vissen<\/strong><\/p>\n<p>Sportief vissen met toc, vairon mani\u00e9, kunstaas, natuurlijk vliegvoer en No Kill bij het tweede Lac aux Dames.<\/p>\n<p><strong>Soorten vis<\/strong><\/p>\n<p>* In rivieren: wilde beekforel<br \/>\n* Meren: beekforel en regenboogforel, arctische zalmforel, beekzalm<\/p>\n<p><strong>Departementale viskaart voor bergstromen, hooggelegen meren en het No Kill-meer<\/strong><\/p>\n<p>* Verkooppunten: de VVV-kantoren van Samo\u00ebns, Morillon en \u201cNarcisse\u201d in Sixt-Fer-\u00e0-Cheval<br \/>\n* Soorten kaarten: dag, week, jaar[\/vc_column_text][\/vc_column][vc_column width=&#8221;1\/2&#8243;][vc_single_image image=&#8221;440480&#8243; img_size=&#8221;medium&#8221; el_class=&#8221;lienversliste&#8221;][\/vc_column][\/vc_row][vc_row][vc_column][vc_column_text]<strong>Regels<\/strong><\/p>\n<p>1e categorie: betreft de rijken, de Giffre, de hooggelegen meren en het tweede meer bij Les Dames de Samo\u00ebns (meer No Kill, respectvol vissen met de vliegvisserij, met de draaiende lepel, een enkele haak zonder weerhaak en zonder bemonstering). Forelgrootte: 25 cm en maximaal 3 vangsten per dag. Er zijn drie reservaten gemarkeerd: het eerste op de Giffre stroomopwaarts van de brug van Samo\u00ebns tot aan Cl\u00e9vieux, vervolgens van Cl\u00e9vieux tot aan de brug van Amours, inclusief de B\u00e9zi\u00e8re des Fontaines tot aan Chevreret. Het tweede op de hele Jouathon, bij Sixt, en het derde op het meer van Plan bij Sixt.[\/vc_column_text][\/vc_column][\/vc_row][vc_row][vc_column width=&#8221;1\/2&#8243;][vc_column_text]<strong>De intercommunale visvergunning<\/strong><\/p>\n<p>Alleen geldig voor de twee gemeentelijke meren:<\/p>\n<p>het kleine meer van Samo\u00ebns (het eerste meer als u vanaf de camping komt)<br \/>\nhet Lac Bleu van Morillon.<\/p>\n<p>Wordt uitgegeven door de VVV-kantoren en gemeentehuizen van de Haut-Giffre-vallei aan toeristen en inwoners van Haut-Giffre (beperkte vangst: 3 per dag; zie voorschriften op de kaart en bij de gemeentelijke meren). Visvergunning: \u20ac 20.<\/p>\n<p><strong>Aas en visgerei<\/strong><\/p>\n<p>Deze zijn verkrijgbaar bij Pellissier Sports in Samo\u00ebns en bij supermarkt Super U in Taninges.<\/p>\n<p><strong>De viswachten<\/strong><\/p>\n<p>AFB, AAPPMA, F\u00e9d\u00e9ration de la p\u00eache, de wachters van het natuurreservaat, de jachtopzieners, de viswachten van Faucigny en de gendarmerie zorgen voor het toezicht en de naleving van de voorschriften.[\/vc_column_text][\/vc_column][vc_column width=&#8221;1\/2&#8243;][vc_single_image image=&#8221;2814&#8243; img_size=&#8221;medium&#8221; el_class=&#8221;lienversliste&#8221;][\/vc_column][\/vc_row][vc_row][vc_column width=&#8221;1\/2&#8243;][vc_single_image image=&#8221;492940&#8243; img_size=&#8221;medium&#8221; alignment=&#8221;center&#8221; onclick=&#8221;custom_link&#8221; img_link_target=&#8221;_blank&#8221; link=&#8221;https:\/\/www.samoens.com\/wp-content\/uploads\/2021\/02\/Magazine-Peche-et-Mouche.pdf&#8221; el_class=&#8221;lienversliste&#8221;][\/vc_column][vc_column width=&#8221;1\/2&#8243;][vc_empty_space height=&#8221;120px&#8221;][vc_column_text]<\/p>\n<p style=\"text-align: center;\"><strong>De mening van wereldkampioen Gr\u00e9goire Juglaret<\/strong><\/p>\n<p style=\"text-align: center;\"><em>&#8220;De Haut-Giffre is een opmerkelijke vislocatie met zijn talrijke beken, rivieren en meren.<\/em><br \/>\n<em>Het is jammer dat dit nog niet voldoende bekend is, want er is echt potentieel.&#8221;<\/em><\/p>\n<p>[\/vc_column_text][vc_single_image image=&#8221;479832&#8243; alignment=&#8221;center&#8221;][vc_column_text]<\/p>\n<p style=\"text-align: center;\"><strong><span id=\"s2_1\">Discover the article published in P\u00eache Mouche magazine!<\/span><\/strong><\/p>\n<p style=\"text-align: center;\"><em><span id=\"s2_2\">Gr\u00e9goire Juglaret presents our beautiful valley through this outdoor activity that is fishing.<\/span><\/em><\/p>\n<p>[\/vc_column_text][\/vc_column][\/vc_row]<\/p>\n<\/div>","protected":false},"excerpt":{"rendered":"<p>[vc_row][vc_column][vc_column_text]Ontdek de visroutes &nbsp; Een van de mooiste en meest uitgebreide bergvisroutes van de eerste categorie: 27 km van de Giffre van Morillon tot Sixt Fer \u00e0 Cheval en 23 km van de Nants; de meren van Gers, Gouilles Rouges, het tweede Lac aux Dames en de gemeentelijke meren van Samo\u00ebns en Morillon.[\/vc_column_text][\/vc_column][\/vc_row][vc_row][vc_column width=&#8221;1\/2&#8243;][vc_column_text]Soorten vissen [&hellip;]<\/p>\n","protected":false},"author":2,"featured_media":2814,"parent":0,"menu_order":108,"comment_status":"closed","ping_status":"closed","template":"","meta":{"_acf_changed":false,"footnotes":""},"class_list":["post-530351","page","type-page","status-publish","hentry"],"acf":[],"yoast_head":"<!-- This site is optimized with the Yoast SEO plugin v27.2 - https:\/\/yoast.com\/product\/yoast-seo-wordpress\/ -->\n<title>Vissen in de Giffre-vallei Samo\u00ebns, station de ski et village authentique en Haute-Savoie<\/title>\n<meta name=\"robots\" content=\"index, follow, max-snippet:-1, max-image-preview:large, max-video-preview:-1\" \/>\n<link rel=\"canonical\" href=\"https:\/\/www.samoens.com\/nl\/vissen-in-de-giffrevallei\/\" \/>\n<meta property=\"og:locale\" content=\"nl_NL\" \/>\n<meta property=\"og:type\" content=\"article\" \/>\n<meta property=\"og:title\" content=\"Vissen in de Giffre-vallei Samo\u00ebns, station de ski et village authentique en Haute-Savoie\" \/>\n<meta property=\"og:description\" content=\"[vc_row][vc_column][vc_column_text]Ontdek de visroutes &nbsp; Een van de mooiste en meest uitgebreide bergvisroutes van de eerste categorie: 27 km van de Giffre van Morillon tot Sixt Fer \u00e0 Cheval en 23 km van de Nants; de meren van Gers, Gouilles Rouges, het tweede Lac aux Dames en de gemeentelijke meren van Samo\u00ebns en Morillon.[\/vc_column_text][\/vc_column][\/vc_row][vc_row][vc_column width=&#8221;1\/2&#8243;][vc_column_text]Soorten vissen [&hellip;]\" \/>\n<meta property=\"og:url\" content=\"https:\/\/www.samoens.com\/nl\/vissen-in-de-giffrevallei\/\" \/>\n<meta property=\"og:site_name\" content=\"Samo\u00ebns, station de ski et village authentique en Haute-Savoie\" \/>\n<meta property=\"article:modified_time\" content=\"2025-11-11T22:31:09+00:00\" \/>\n<meta property=\"og:image\" content=\"https:\/\/www.samoens.com\/wp-content\/uploads\/2019\/08\/Samoens-284.jpg\" \/>\n\t<meta property=\"og:image:width\" content=\"1440\" \/>\n\t<meta property=\"og:image:height\" content=\"960\" \/>\n\t<meta property=\"og:image:type\" content=\"image\/jpeg\" \/>\n<meta name=\"twitter:card\" content=\"summary_large_image\" \/>\n<meta name=\"twitter:label1\" content=\"Geschatte leestijd\" \/>\n\t<meta name=\"twitter:data1\" content=\"3 minuten\" \/>\n<script type=\"application\/ld+json\" class=\"yoast-schema-graph\">{\"@context\":\"https:\/\/schema.org\",\"@graph\":[{\"@type\":\"WebPage\",\"@id\":\"https:\/\/www.samoens.com\/nl\/vissen-in-de-giffrevallei\/\",\"url\":\"https:\/\/www.samoens.com\/nl\/vissen-in-de-giffrevallei\/\",\"name\":\"Vissen in de Giffre-vallei Samo\u00ebns, station de ski et village authentique en Haute-Savoie\",\"isPartOf\":{\"@id\":\"https:\/\/www.samoens.com\/#website\"},\"primaryImageOfPage\":{\"@id\":\"https:\/\/www.samoens.com\/nl\/vissen-in-de-giffrevallei\/#primaryimage\"},\"image\":{\"@id\":\"https:\/\/www.samoens.com\/nl\/vissen-in-de-giffrevallei\/#primaryimage\"},\"thumbnailUrl\":\"https:\/\/www.samoens.com\/wp-content\/uploads\/2019\/08\/Samoens-284.jpg\",\"datePublished\":\"2025-10-25T12:30:26+00:00\",\"dateModified\":\"2025-11-11T22:31:09+00:00\",\"breadcrumb\":{\"@id\":\"https:\/\/www.samoens.com\/nl\/vissen-in-de-giffrevallei\/#breadcrumb\"},\"inLanguage\":\"nl-NL\",\"potentialAction\":[{\"@type\":\"ReadAction\",\"target\":[\"https:\/\/www.samoens.com\/nl\/vissen-in-de-giffrevallei\/\"]}]},{\"@type\":\"ImageObject\",\"inLanguage\":\"nl-NL\",\"@id\":\"https:\/\/www.samoens.com\/nl\/vissen-in-de-giffrevallei\/#primaryimage\",\"url\":\"https:\/\/www.samoens.com\/wp-content\/uploads\/2019\/08\/Samoens-284.jpg\",\"contentUrl\":\"https:\/\/www.samoens.com\/wp-content\/uploads\/2019\/08\/Samoens-284.jpg\",\"width\":1440,\"height\":960,\"caption\":\"P\u00eache \u00e0 Samo\u00ebns\"},{\"@type\":\"BreadcrumbList\",\"@id\":\"https:\/\/www.samoens.com\/nl\/vissen-in-de-giffrevallei\/#breadcrumb\",\"itemListElement\":[{\"@type\":\"ListItem\",\"position\":1,\"name\":\"Accueil\",\"item\":\"https:\/\/www.samoens.com\/nl\/\"},{\"@type\":\"ListItem\",\"position\":2,\"name\":\"Vissen in de Giffre-vallei\"}]},{\"@type\":\"WebSite\",\"@id\":\"https:\/\/www.samoens.com\/#website\",\"url\":\"https:\/\/www.samoens.com\/\",\"name\":\"Samo\u00ebns, station de ski et village authentique en Haute-Savoie\",\"description\":\"Nich\u00e9e au coeur du domaine skiable du Grand Massif et \u00e0 moins d&#039;1h de Gen\u00e8ve, Samo\u00ebns rendra vos vacances inoubliables en \u00e9t\u00e9 comme en hiver\",\"potentialAction\":[{\"@type\":\"SearchAction\",\"target\":{\"@type\":\"EntryPoint\",\"urlTemplate\":\"https:\/\/www.samoens.com\/?s={search_term_string}\"},\"query-input\":{\"@type\":\"PropertyValueSpecification\",\"valueRequired\":true,\"valueName\":\"search_term_string\"}}],\"inLanguage\":\"nl-NL\"}]}<\/script>\n<!-- \/ Yoast SEO plugin. -->","yoast_head_json":{"title":"Vissen in de Giffre-vallei Samo\u00ebns, station de ski et village authentique en Haute-Savoie","robots":{"index":"index","follow":"follow","max-snippet":"max-snippet:-1","max-image-preview":"max-image-preview:large","max-video-preview":"max-video-preview:-1"},"canonical":"https:\/\/www.samoens.com\/nl\/vissen-in-de-giffrevallei\/","og_locale":"nl_NL","og_type":"article","og_title":"Vissen in de Giffre-vallei Samo\u00ebns, station de ski et village authentique en Haute-Savoie","og_description":"[vc_row][vc_column][vc_column_text]Ontdek de visroutes &nbsp; Een van de mooiste en meest uitgebreide bergvisroutes van de eerste categorie: 27 km van de Giffre van Morillon tot Sixt Fer \u00e0 Cheval en 23 km van de Nants; de meren van Gers, Gouilles Rouges, het tweede Lac aux Dames en de gemeentelijke meren van Samo\u00ebns en Morillon.[\/vc_column_text][\/vc_column][\/vc_row][vc_row][vc_column width=&#8221;1\/2&#8243;][vc_column_text]Soorten vissen [&hellip;]","og_url":"https:\/\/www.samoens.com\/nl\/vissen-in-de-giffrevallei\/","og_site_name":"Samo\u00ebns, station de ski et village authentique en Haute-Savoie","article_modified_time":"2025-11-11T22:31:09+00:00","og_image":[{"width":1440,"height":960,"url":"https:\/\/www.samoens.com\/wp-content\/uploads\/2019\/08\/Samoens-284.jpg","type":"image\/jpeg"}],"twitter_card":"summary_large_image","twitter_misc":{"Geschatte leestijd":"3 minuten"},"schema":{"@context":"https:\/\/schema.org","@graph":[{"@type":"WebPage","@id":"https:\/\/www.samoens.com\/nl\/vissen-in-de-giffrevallei\/","url":"https:\/\/www.samoens.com\/nl\/vissen-in-de-giffrevallei\/","name":"Vissen in de Giffre-vallei Samo\u00ebns, station de ski et village authentique en Haute-Savoie","isPartOf":{"@id":"https:\/\/www.samoens.com\/#website"},"primaryImageOfPage":{"@id":"https:\/\/www.samoens.com\/nl\/vissen-in-de-giffrevallei\/#primaryimage"},"image":{"@id":"https:\/\/www.samoens.com\/nl\/vissen-in-de-giffrevallei\/#primaryimage"},"thumbnailUrl":"https:\/\/www.samoens.com\/wp-content\/uploads\/2019\/08\/Samoens-284.jpg","datePublished":"2025-10-25T12:30:26+00:00","dateModified":"2025-11-11T22:31:09+00:00","breadcrumb":{"@id":"https:\/\/www.samoens.com\/nl\/vissen-in-de-giffrevallei\/#breadcrumb"},"inLanguage":"nl-NL","potentialAction":[{"@type":"ReadAction","target":["https:\/\/www.samoens.com\/nl\/vissen-in-de-giffrevallei\/"]}]},{"@type":"ImageObject","inLanguage":"nl-NL","@id":"https:\/\/www.samoens.com\/nl\/vissen-in-de-giffrevallei\/#primaryimage","url":"https:\/\/www.samoens.com\/wp-content\/uploads\/2019\/08\/Samoens-284.jpg","contentUrl":"https:\/\/www.samoens.com\/wp-content\/uploads\/2019\/08\/Samoens-284.jpg","width":1440,"height":960,"caption":"P\u00eache \u00e0 Samo\u00ebns"},{"@type":"BreadcrumbList","@id":"https:\/\/www.samoens.com\/nl\/vissen-in-de-giffrevallei\/#breadcrumb","itemListElement":[{"@type":"ListItem","position":1,"name":"Accueil","item":"https:\/\/www.samoens.com\/nl\/"},{"@type":"ListItem","position":2,"name":"Vissen in de Giffre-vallei"}]},{"@type":"WebSite","@id":"https:\/\/www.samoens.com\/#website","url":"https:\/\/www.samoens.com\/","name":"Samo\u00ebns, station de ski et village authentique en Haute-Savoie","description":"Nich\u00e9e au coeur du domaine skiable du Grand Massif et \u00e0 moins d&#039;1h de Gen\u00e8ve, Samo\u00ebns rendra vos vacances inoubliables en \u00e9t\u00e9 comme en hiver","potentialAction":[{"@type":"SearchAction","target":{"@type":"EntryPoint","urlTemplate":"https:\/\/www.samoens.com\/?s={search_term_string}"},"query-input":{"@type":"PropertyValueSpecification","valueRequired":true,"valueName":"search_term_string"}}],"inLanguage":"nl-NL"}]}},"_links":{"self":[{"href":"https:\/\/www.samoens.com\/nl\/wp-json\/wp\/v2\/pages\/530351","targetHints":{"allow":["GET"]}}],"collection":[{"href":"https:\/\/www.samoens.com\/nl\/wp-json\/wp\/v2\/pages"}],"about":[{"href":"https:\/\/www.samoens.com\/nl\/wp-json\/wp\/v2\/types\/page"}],"author":[{"embeddable":true,"href":"https:\/\/www.samoens.com\/nl\/wp-json\/wp\/v2\/users\/2"}],"replies":[{"embeddable":true,"href":"https:\/\/www.samoens.com\/nl\/wp-json\/wp\/v2\/comments?post=530351"}],"version-history":[{"count":5,"href":"https:\/\/www.samoens.com\/nl\/wp-json\/wp\/v2\/pages\/530351\/revisions"}],"predecessor-version":[{"id":603390,"href":"https:\/\/www.samoens.com\/nl\/wp-json\/wp\/v2\/pages\/530351\/revisions\/603390"}],"wp:featuredmedia":[{"embeddable":true,"href":"https:\/\/www.samoens.com\/nl\/wp-json\/wp\/v2\/media\/2814"}],"wp:attachment":[{"href":"https:\/\/www.samoens.com\/nl\/wp-json\/wp\/v2\/media?parent=530351"}],"curies":[{"name":"wp","href":"https:\/\/api.w.org\/{rel}","templated":true}]}}