{"id":529715,"date":"2021-04-29T12:26:29","date_gmt":"2021-04-29T10:26:29","guid":{"rendered":"https:\/\/www.samoens.com\/?page_id=529715"},"modified":"2024-07-29T11:44:25","modified_gmt":"2024-07-29T09:44:25","slug":"andere-winkels","status":"publish","type":"page","link":"https:\/\/www.samoens.com\/nl\/bonnes-adresses\/andere-winkels\/","title":{"rendered":"Andere winkels"},"content":{"rendered":"<div class=\"wpb-content-wrapper\"><p>[vc_row][vc_column][vc_column_text]<\/p>\n<h2>Winkels in Samo\u00ebns<\/h2>\n<p>[\/vc_column_text][\/vc_column][\/vc_row][vc_row][vc_column][vc_column_text]<span id=\"s2_2\"><span id=\"s2_1\">Op deze pagina vindt u alle winkels van Samo\u00ebns om u gelukkig te maken tijdens uw verblijf.<\/span> Kleding, sieraden, souvenirs, etc&#8230; Vindt u uw geluk voor u en uw gezin.your family.<\/span>[\/vc_column_text][\/vc_column][\/vc_row]<\/p>\n<\/div>","protected":false},"excerpt":{"rendered":"<p>[vc_row][vc_column][vc_column_text] Winkels in Samo\u00ebns [\/vc_column_text][\/vc_column][\/vc_row][vc_row][vc_column][vc_column_text]Op deze pagina vindt u alle winkels van Samo\u00ebns om u gelukkig te maken tijdens uw verblijf. Kleding, sieraden, souvenirs, etc&#8230; Vindt u uw geluk voor u en uw gezin.your family.[\/vc_column_text][\/vc_column][\/vc_row]<\/p>\n","protected":false},"author":2,"featured_media":0,"parent":415753,"menu_order":7,"comment_status":"closed","ping_status":"closed","template":"template-liste-apidae.php","meta":{"_acf_changed":false,"footnotes":""},"class_list":["post-529715","page","type-page","status-publish","hentry"],"acf":[],"yoast_head":"<!-- This site is optimized with the Yoast SEO plugin v27.2 - https:\/\/yoast.com\/product\/yoast-seo-wordpress\/ -->\n<title>Andere winkels Samo\u00ebns, station de ski et village authentique en Haute-Savoie<\/title>\n<meta name=\"robots\" content=\"index, follow, max-snippet:-1, max-image-preview:large, max-video-preview:-1\" \/>\n<link rel=\"canonical\" href=\"https:\/\/www.samoens.com\/nl\/bonnes-adresses\/andere-winkels\/\" \/>\n<meta property=\"og:locale\" content=\"nl_NL\" \/>\n<meta property=\"og:type\" content=\"article\" \/>\n<meta property=\"og:title\" content=\"Andere winkels Samo\u00ebns, station de ski et village authentique en Haute-Savoie\" \/>\n<meta property=\"og:description\" content=\"[vc_row][vc_column][vc_column_text] Winkels in Samo\u00ebns [\/vc_column_text][\/vc_column][\/vc_row][vc_row][vc_column][vc_column_text]Op deze pagina vindt u alle winkels van Samo\u00ebns om u gelukkig te maken tijdens uw verblijf. Kleding, sieraden, souvenirs, etc&#8230; Vindt u uw geluk voor u en uw gezin.your family.[\/vc_column_text][\/vc_column][\/vc_row]\" \/>\n<meta property=\"og:url\" content=\"https:\/\/www.samoens.com\/nl\/bonnes-adresses\/andere-winkels\/\" \/>\n<meta property=\"og:site_name\" content=\"Samo\u00ebns, station de ski et village authentique en Haute-Savoie\" \/>\n<meta property=\"article:modified_time\" content=\"2024-07-29T09:44:25+00:00\" \/>\n<meta name=\"twitter:card\" content=\"summary_large_image\" \/>\n<meta name=\"twitter:label1\" content=\"Geschatte leestijd\" \/>\n\t<meta name=\"twitter:data1\" content=\"1 minuut\" \/>\n<script type=\"application\/ld+json\" class=\"yoast-schema-graph\">{\"@context\":\"https:\/\/schema.org\",\"@graph\":[{\"@type\":\"WebPage\",\"@id\":\"https:\/\/www.samoens.com\/nl\/bonnes-adresses\/andere-winkels\/\",\"url\":\"https:\/\/www.samoens.com\/nl\/bonnes-adresses\/andere-winkels\/\",\"name\":\"Andere winkels Samo\u00ebns, station de ski et village authentique en Haute-Savoie\",\"isPartOf\":{\"@id\":\"https:\/\/www.samoens.com\/#website\"},\"datePublished\":\"2021-04-29T10:26:29+00:00\",\"dateModified\":\"2024-07-29T09:44:25+00:00\",\"breadcrumb\":{\"@id\":\"https:\/\/www.samoens.com\/nl\/bonnes-adresses\/andere-winkels\/#breadcrumb\"},\"inLanguage\":\"nl-NL\",\"potentialAction\":[{\"@type\":\"ReadAction\",\"target\":[\"https:\/\/www.samoens.com\/nl\/bonnes-adresses\/andere-winkels\/\"]}]},{\"@type\":\"BreadcrumbList\",\"@id\":\"https:\/\/www.samoens.com\/nl\/bonnes-adresses\/andere-winkels\/#breadcrumb\",\"itemListElement\":[{\"@type\":\"ListItem\",\"position\":1,\"name\":\"Accueil\",\"item\":\"https:\/\/www.samoens.com\/nl\/\"},{\"@type\":\"ListItem\",\"position\":2,\"name\":\"Goede adressen\",\"item\":\"https:\/\/www.samoens.com\/nl\/bonnes-adresses\/\"},{\"@type\":\"ListItem\",\"position\":3,\"name\":\"Andere winkels\"}]},{\"@type\":\"WebSite\",\"@id\":\"https:\/\/www.samoens.com\/#website\",\"url\":\"https:\/\/www.samoens.com\/\",\"name\":\"Samo\u00ebns, station de ski et village authentique en Haute-Savoie\",\"description\":\"Nich\u00e9e au coeur du domaine skiable du Grand Massif et \u00e0 moins d&#039;1h de Gen\u00e8ve, Samo\u00ebns rendra vos vacances inoubliables en \u00e9t\u00e9 comme en hiver\",\"potentialAction\":[{\"@type\":\"SearchAction\",\"target\":{\"@type\":\"EntryPoint\",\"urlTemplate\":\"https:\/\/www.samoens.com\/?s={search_term_string}\"},\"query-input\":{\"@type\":\"PropertyValueSpecification\",\"valueRequired\":true,\"valueName\":\"search_term_string\"}}],\"inLanguage\":\"nl-NL\"}]}<\/script>\n<!-- \/ Yoast SEO plugin. -->","yoast_head_json":{"title":"Andere winkels Samo\u00ebns, station de ski et village authentique en Haute-Savoie","robots":{"index":"index","follow":"follow","max-snippet":"max-snippet:-1","max-image-preview":"max-image-preview:large","max-video-preview":"max-video-preview:-1"},"canonical":"https:\/\/www.samoens.com\/nl\/bonnes-adresses\/andere-winkels\/","og_locale":"nl_NL","og_type":"article","og_title":"Andere winkels Samo\u00ebns, station de ski et village authentique en Haute-Savoie","og_description":"[vc_row][vc_column][vc_column_text] Winkels in Samo\u00ebns [\/vc_column_text][\/vc_column][\/vc_row][vc_row][vc_column][vc_column_text]Op deze pagina vindt u alle winkels van Samo\u00ebns om u gelukkig te maken tijdens uw verblijf. Kleding, sieraden, souvenirs, etc&#8230; Vindt u uw geluk voor u en uw gezin.your family.[\/vc_column_text][\/vc_column][\/vc_row]","og_url":"https:\/\/www.samoens.com\/nl\/bonnes-adresses\/andere-winkels\/","og_site_name":"Samo\u00ebns, station de ski et village authentique en Haute-Savoie","article_modified_time":"2024-07-29T09:44:25+00:00","twitter_card":"summary_large_image","twitter_misc":{"Geschatte leestijd":"1 minuut"},"schema":{"@context":"https:\/\/schema.org","@graph":[{"@type":"WebPage","@id":"https:\/\/www.samoens.com\/nl\/bonnes-adresses\/andere-winkels\/","url":"https:\/\/www.samoens.com\/nl\/bonnes-adresses\/andere-winkels\/","name":"Andere winkels Samo\u00ebns, station de ski et village authentique en Haute-Savoie","isPartOf":{"@id":"https:\/\/www.samoens.com\/#website"},"datePublished":"2021-04-29T10:26:29+00:00","dateModified":"2024-07-29T09:44:25+00:00","breadcrumb":{"@id":"https:\/\/www.samoens.com\/nl\/bonnes-adresses\/andere-winkels\/#breadcrumb"},"inLanguage":"nl-NL","potentialAction":[{"@type":"ReadAction","target":["https:\/\/www.samoens.com\/nl\/bonnes-adresses\/andere-winkels\/"]}]},{"@type":"BreadcrumbList","@id":"https:\/\/www.samoens.com\/nl\/bonnes-adresses\/andere-winkels\/#breadcrumb","itemListElement":[{"@type":"ListItem","position":1,"name":"Accueil","item":"https:\/\/www.samoens.com\/nl\/"},{"@type":"ListItem","position":2,"name":"Goede adressen","item":"https:\/\/www.samoens.com\/nl\/bonnes-adresses\/"},{"@type":"ListItem","position":3,"name":"Andere winkels"}]},{"@type":"WebSite","@id":"https:\/\/www.samoens.com\/#website","url":"https:\/\/www.samoens.com\/","name":"Samo\u00ebns, station de ski et village authentique en Haute-Savoie","description":"Nich\u00e9e au coeur du domaine skiable du Grand Massif et \u00e0 moins d&#039;1h de Gen\u00e8ve, Samo\u00ebns rendra vos vacances inoubliables en \u00e9t\u00e9 comme en hiver","potentialAction":[{"@type":"SearchAction","target":{"@type":"EntryPoint","urlTemplate":"https:\/\/www.samoens.com\/?s={search_term_string}"},"query-input":{"@type":"PropertyValueSpecification","valueRequired":true,"valueName":"search_term_string"}}],"inLanguage":"nl-NL"}]}},"_links":{"self":[{"href":"https:\/\/www.samoens.com\/nl\/wp-json\/wp\/v2\/pages\/529715","targetHints":{"allow":["GET"]}}],"collection":[{"href":"https:\/\/www.samoens.com\/nl\/wp-json\/wp\/v2\/pages"}],"about":[{"href":"https:\/\/www.samoens.com\/nl\/wp-json\/wp\/v2\/types\/page"}],"author":[{"embeddable":true,"href":"https:\/\/www.samoens.com\/nl\/wp-json\/wp\/v2\/users\/2"}],"replies":[{"embeddable":true,"href":"https:\/\/www.samoens.com\/nl\/wp-json\/wp\/v2\/comments?post=529715"}],"version-history":[{"count":2,"href":"https:\/\/www.samoens.com\/nl\/wp-json\/wp\/v2\/pages\/529715\/revisions"}],"predecessor-version":[{"id":590677,"href":"https:\/\/www.samoens.com\/nl\/wp-json\/wp\/v2\/pages\/529715\/revisions\/590677"}],"up":[{"embeddable":true,"href":"https:\/\/www.samoens.com\/nl\/wp-json\/wp\/v2\/pages\/415753"}],"wp:attachment":[{"href":"https:\/\/www.samoens.com\/nl\/wp-json\/wp\/v2\/media?parent=529715"}],"curies":[{"name":"wp","href":"https:\/\/api.w.org\/{rel}","templated":true}]}}