{"id":51337,"date":"2019-09-12T10:52:43","date_gmt":"2019-09-12T08:52:43","guid":{"rendered":"https:\/\/www.samoens.com\/telechargements-2\/"},"modified":"2026-04-18T09:13:06","modified_gmt":"2026-04-18T07:13:06","slug":"downloads","status":"publish","type":"page","link":"https:\/\/www.samoens.com\/nl\/downloads\/","title":{"rendered":"Downloads"},"content":{"rendered":"<div class=\"wpb-content-wrapper\"><p>[vc_row][vc_column width=&#8221;1\/3&#8243;][vc_single_image image=&#8221;61675&#8243; img_size=&#8221;full&#8221; alignment=&#8221;center&#8221; onclick=&#8221;custom_link&#8221; img_link_target=&#8221;_blank&#8221; title=&#8221;Onze brochures&#8221; link=&#8221;https:\/\/samoens.com\/nl\/telechargements-2\/brochures\/&#8221; el_class=&#8221;lienversliste&#8221;][vc_single_image image=&#8221;542030&#8243; img_size=&#8221;full&#8221; alignment=&#8221;center&#8221; onclick=&#8221;custom_link&#8221; img_link_target=&#8221;_blank&#8221; css=&#8221;&#8221; title=&#8221;Lijst van babysitters&#8221; link=&#8221;https:\/\/www.samoens.com\/wp-content\/uploads\/2026\/04\/Lijst-van-babysitters-voorjaar-2026.pdf&#8221; el_class=&#8221;lienversliste&#8221;][vc_single_image image=&#8221;593615&#8243; img_size=&#8221;full&#8221; alignment=&#8221;center&#8221; onclick=&#8221;custom_link&#8221; img_link_target=&#8221;_blank&#8221; title=&#8221;Kaart van het dorp&#8221; link=&#8221;https:\/\/www.samoens.com\/nl\/telechargements-2\/plans-du-village\/&#8221; el_class=&#8221;lienversliste&#8221;][vc_single_image image=&#8221;530814&#8243; img_size=&#8221;full&#8221; alignment=&#8221;center&#8221; onclick=&#8221;custom_link&#8221; img_link_target=&#8221;_blank&#8221; title=&#8221;Wandelkaarten&#8221; link=&#8221;https:\/\/www.samoens.com\/nl\/wandelkaarten-en-gidsen\/&#8221; el_class=&#8221;lienversliste&#8221;][vc_single_image image=&#8221;2231&#8243; img_size=&#8221;full&#8221; alignment=&#8221;center&#8221; onclick=&#8221;custom_link&#8221; img_link_target=&#8221;_blank&#8221; title=&#8221;Rondleidingen door uitgehouwen stenen&#8221; link=&#8221;https:\/\/www.samoens.com\/wp-content\/uploads\/2021\/08\/Livret-circuits-de-la-pierre.pdf&#8221; el_class=&#8221;lienversliste&#8221;][vc_single_image image=&#8221;588371&#8243; img_size=&#8221;full&#8221; alignment=&#8221;center&#8221; onclick=&#8221;custom_link&#8221; img_link_target=&#8221;_blank&#8221; title=&#8221;Taxi&#8217;s en vervoerders&#8221; link=&#8221;https:\/\/www.samoens.com\/nl\/bonnes-adresses\/handige-services\/vervoer-in-samoens\/&#8221; el_class=&#8221;lienversliste&#8221;][\/vc_column][vc_column width=&#8221;1\/3&#8243;][vc_single_image image=&#8221;596960&#8243; img_size=&#8221;full&#8221; alignment=&#8221;center&#8221; onclick=&#8221;custom_link&#8221; img_link_target=&#8221;_blank&#8221; css=&#8221;&#8221; title=&#8221;Dienstregelingen bus en shuttle&#8221; link=&#8221;https:\/\/www.samoens.com\/nl\/downloads\/horaires-de-bus-s-a-t\/&#8221; el_class=&#8221;lienversliste&#8221;][vc_single_image image=&#8221;554387&#8243; img_size=&#8221;full&#8221; alignment=&#8221;center&#8221; onclick=&#8221;custom_link&#8221; img_link_target=&#8221;_blank&#8221; css=&#8221;&#8221; title=&#8221;Bioscoop programma&#8221; link=&#8221;https:\/\/www.samoens.com\/wp-content\/uploads\/2024\/09\/est-FERME.jpg&#8221; el_class=&#8221;lienversliste&#8221;][vc_single_image image=&#8221;593621&#8243; img_size=&#8221;full&#8221; alignment=&#8221;center&#8221; onclick=&#8221;custom_link&#8221; img_link_target=&#8221;_blank&#8221; title=&#8221;Interactieve kaart&#8221; link=&#8221;https:\/\/explore.samoens.com\/en\/agenda&#8221; el_class=&#8221;lienversliste&#8221;][vc_single_image image=&#8221;12451&#8243; img_size=&#8221;full&#8221; alignment=&#8221;center&#8221; onclick=&#8221;custom_link&#8221; img_link_target=&#8221;_blank&#8221; title=&#8221;Mountainbike en elektrische fiets routes&#8221; link=&#8221;https:\/\/www.samoens.com\/nl\/?page_id=593749&#8243; el_class=&#8221;lienversliste&#8221;][vc_single_image image=&#8221;2313&#8243; img_size=&#8221;full&#8221; alignment=&#8221;center&#8221; onclick=&#8221;custom_link&#8221; img_link_target=&#8221;_blank&#8221; title=&#8221;Mis tijden&#8221; link=&#8221;https:\/\/www.diocese-annecy.fr\/le-diocese\/les-paroisses\/paroisse-bienheureux-ponce-en-haut-giffre\/messes-1\/messes&#8221; el_class=&#8221;lienversliste&#8221;][vc_single_image image=&#8221;596111&#8243; img_size=&#8221;full&#8221; alignment=&#8221;center&#8221; onclick=&#8221;custom_link&#8221; img_link_target=&#8221;_blank&#8221; title=&#8221;Dog-friendly&#8221; link=&#8221;https:\/\/www.samoens.com\/nl\/vakanties-dog-friendly\/&#8221; el_class=&#8221;lienversliste&#8221;][\/vc_column][vc_column width=&#8221;1\/3&#8243;][vc_single_image image=&#8221;427933&#8243; img_size=&#8221;full&#8221; alignment=&#8221;center&#8221; onclick=&#8221;custom_link&#8221; img_link_target=&#8221;_blank&#8221; css=&#8221;&#8221; title=&#8221;Lijst van restaurants&#8221; link=&#8221;https:\/\/www.samoens.com\/wp-content\/uploads\/2026\/04\/Liste-restaurants-18-au-24-avril-2026-NL.pdf&#8221; el_class=&#8221;lienversliste&#8221;][vc_single_image image=&#8221;50659&#8243; img_size=&#8221;full&#8221; alignment=&#8221;center&#8221; onclick=&#8221;custom_link&#8221; img_link_target=&#8221;_blank&#8221; title=&#8221;Animatie en evenementen&#8221; link=&#8221;https:\/\/explore.samoens.com\/en\/agenda&#8221; el_class=&#8221;lienversliste&#8221;][vc_single_image image=&#8221;536556&#8243; img_size=&#8221;full&#8221; alignment=&#8221;center&#8221; onclick=&#8221;custom_link&#8221; img_link_target=&#8221;_blank&#8221; title=&#8221;Toeristische kaart (alleen in het Frans)&#8221; link=&#8221;https:\/\/samoens.com\/wp-content\/uploads\/2021\/07\/CarteTouristiqueCCMG-BAT-HD-WEB.pdf&#8221; el_class=&#8221;lienversliste&#8221;][vc_single_image image=&#8221;2247&#8243; img_size=&#8221;full&#8221; alignment=&#8221;center&#8221; onclick=&#8221;custom_link&#8221; img_link_target=&#8221;_blank&#8221; css=&#8221;&#8221; title=&#8221;Lijst van markten&#8221; el_class=&#8221;lienversliste&#8221; link=&#8221;https:\/\/www.samoens.com\/wp-content\/uploads\/2026\/03\/Marches-printemps-NL-2.pdf&#8221;][vc_single_image image=&#8221;597690&#8243; img_size=&#8221;full&#8221; alignment=&#8221;center&#8221; onclick=&#8221;custom_link&#8221; img_link_target=&#8221;_blank&#8221; title=&#8221;Spoor spelletjes (alleen in het Engels)&#8221; el_class=&#8221;lienversliste&#8221; link=&#8221;https:\/\/www.samoens.com\/wp-content\/uploads\/2025\/07\/Explore-games-Samoens-EN-July-2025.pdf&#8221;][vc_single_image image=&#8221;588239&#8243; img_size=&#8221;full&#8221; alignment=&#8221;center&#8221; onclick=&#8221;custom_link&#8221; img_link_target=&#8221;_blank&#8221; title=&#8221;Deel uw mening&#8221; link=&#8221;https:\/\/www.samoens.com\/nl\/quality-tourism-gecreeerd\/&#8221; el_class=&#8221;lienversliste&#8221;][\/vc_column][\/vc_row]<\/p>\n<\/div>","protected":false},"excerpt":{"rendered":"<p>[vc_row][vc_column width=&#8221;1\/3&#8243;][vc_single_image image=&#8221;61675&#8243; img_size=&#8221;full&#8221; alignment=&#8221;center&#8221; onclick=&#8221;custom_link&#8221; img_link_target=&#8221;_blank&#8221; title=&#8221;Onze brochures&#8221; link=&#8221;https:\/\/samoens.com\/nl\/telechargements-2\/brochures\/&#8221; el_class=&#8221;lienversliste&#8221;][vc_single_image image=&#8221;542030&#8243; img_size=&#8221;full&#8221; alignment=&#8221;center&#8221; onclick=&#8221;custom_link&#8221; img_link_target=&#8221;_blank&#8221; css=&#8221;&#8221; title=&#8221;Lijst van babysitters&#8221; link=&#8221;https:\/\/www.samoens.com\/wp-content\/uploads\/2026\/04\/Lijst-van-babysitters-voorjaar-2026.pdf&#8221; el_class=&#8221;lienversliste&#8221;][vc_single_image image=&#8221;593615&#8243; img_size=&#8221;full&#8221; alignment=&#8221;center&#8221; onclick=&#8221;custom_link&#8221; img_link_target=&#8221;_blank&#8221; title=&#8221;Kaart van het dorp&#8221; link=&#8221;https:\/\/www.samoens.com\/nl\/telechargements-2\/plans-du-village\/&#8221; el_class=&#8221;lienversliste&#8221;][vc_single_image image=&#8221;530814&#8243; img_size=&#8221;full&#8221; alignment=&#8221;center&#8221; onclick=&#8221;custom_link&#8221; img_link_target=&#8221;_blank&#8221; title=&#8221;Wandelkaarten&#8221; link=&#8221;https:\/\/www.samoens.com\/nl\/wandelkaarten-en-gidsen\/&#8221; el_class=&#8221;lienversliste&#8221;][vc_single_image image=&#8221;2231&#8243; img_size=&#8221;full&#8221; alignment=&#8221;center&#8221; onclick=&#8221;custom_link&#8221; img_link_target=&#8221;_blank&#8221; title=&#8221;Rondleidingen door uitgehouwen stenen&#8221; link=&#8221;https:\/\/www.samoens.com\/wp-content\/uploads\/2021\/08\/Livret-circuits-de-la-pierre.pdf&#8221; el_class=&#8221;lienversliste&#8221;][vc_single_image image=&#8221;588371&#8243; img_size=&#8221;full&#8221; alignment=&#8221;center&#8221; [&hellip;]<\/p>\n","protected":false},"author":2,"featured_media":2477,"parent":0,"menu_order":83,"comment_status":"closed","ping_status":"closed","template":"","meta":{"_acf_changed":false,"footnotes":""},"class_list":["post-51337","page","type-page","status-publish","hentry"],"acf":[],"yoast_head":"<!-- This site is optimized with the Yoast SEO plugin v27.2 - https:\/\/yoast.com\/product\/yoast-seo-wordpress\/ -->\n<title>Toeristische informatie om te downloaden voor uw verblijf in Samo\u00ebns Samo\u00ebns, station de ski et village authentique en Haute-Savoie<\/title>\n<meta name=\"description\" content=\"Hier vindt u alle documenten die u moet downloaden voor uw verblijf in Samo\u00ebns: brochures, gidsen, kaarten, bustijden, bioscoopprogramma, circuits, wandelkaarten&#8230;\" \/>\n<meta name=\"robots\" content=\"index, follow, max-snippet:-1, max-image-preview:large, max-video-preview:-1\" \/>\n<link rel=\"canonical\" href=\"https:\/\/www.samoens.com\/nl\/downloads\/\" \/>\n<meta property=\"og:locale\" content=\"nl_NL\" \/>\n<meta property=\"og:type\" content=\"article\" \/>\n<meta property=\"og:title\" content=\"Toeristische informatie om te downloaden voor uw verblijf in Samo\u00ebns Samo\u00ebns, station de ski et village authentique en Haute-Savoie\" \/>\n<meta property=\"og:description\" content=\"[vc_row][vc_column width=&#8221;1\/3&#8243;][vc_single_image image=&#8221;61675&#8243; img_size=&#8221;full&#8221; alignment=&#8221;center&#8221; onclick=&#8221;custom_link&#8221; img_link_target=&#8221;_blank&#8221; title=&#8221;Onze brochures&#8221; link=&#8221;https:\/\/samoens.com\/nl\/telechargements-2\/brochures\/&#8221; el_class=&#8221;lienversliste&#8221;][vc_single_image image=&#8221;542030&#8243; img_size=&#8221;full&#8221; alignment=&#8221;center&#8221; onclick=&#8221;custom_link&#8221; img_link_target=&#8221;_blank&#8221; css=&#8221;&#8221; title=&#8221;Lijst van babysitters&#8221; link=&#8221;https:\/\/www.samoens.com\/wp-content\/uploads\/2026\/04\/Lijst-van-babysitters-voorjaar-2026.pdf&#8221; el_class=&#8221;lienversliste&#8221;][vc_single_image image=&#8221;593615&#8243; img_size=&#8221;full&#8221; alignment=&#8221;center&#8221; onclick=&#8221;custom_link&#8221; img_link_target=&#8221;_blank&#8221; title=&#8221;Kaart van het dorp&#8221; link=&#8221;https:\/\/www.samoens.com\/nl\/telechargements-2\/plans-du-village\/&#8221; el_class=&#8221;lienversliste&#8221;][vc_single_image image=&#8221;530814&#8243; img_size=&#8221;full&#8221; alignment=&#8221;center&#8221; onclick=&#8221;custom_link&#8221; img_link_target=&#8221;_blank&#8221; title=&#8221;Wandelkaarten&#8221; link=&#8221;https:\/\/www.samoens.com\/nl\/wandelkaarten-en-gidsen\/&#8221; el_class=&#8221;lienversliste&#8221;][vc_single_image image=&#8221;2231&#8243; img_size=&#8221;full&#8221; alignment=&#8221;center&#8221; onclick=&#8221;custom_link&#8221; img_link_target=&#8221;_blank&#8221; title=&#8221;Rondleidingen door uitgehouwen stenen&#8221; link=&#8221;https:\/\/www.samoens.com\/wp-content\/uploads\/2021\/08\/Livret-circuits-de-la-pierre.pdf&#8221; el_class=&#8221;lienversliste&#8221;][vc_single_image image=&#8221;588371&#8243; img_size=&#8221;full&#8221; alignment=&#8221;center&#8221; [&hellip;]\" \/>\n<meta property=\"og:url\" content=\"https:\/\/www.samoens.com\/nl\/downloads\/\" \/>\n<meta property=\"og:site_name\" content=\"Samo\u00ebns, station de ski et village authentique en Haute-Savoie\" \/>\n<meta property=\"article:modified_time\" content=\"2026-04-18T07:13:06+00:00\" \/>\n<meta property=\"og:image\" content=\"https:\/\/www.samoens.com\/wp-content\/uploads\/2019\/08\/samoens-vue-du-ciel-ete.jpg\" \/>\n\t<meta property=\"og:image:width\" content=\"1200\" \/>\n\t<meta property=\"og:image:height\" content=\"579\" \/>\n\t<meta property=\"og:image:type\" content=\"image\/jpeg\" \/>\n<meta name=\"twitter:card\" content=\"summary_large_image\" \/>\n<meta name=\"twitter:label1\" content=\"Geschatte leestijd\" \/>\n\t<meta name=\"twitter:data1\" content=\"1 minuut\" \/>\n<script type=\"application\/ld+json\" class=\"yoast-schema-graph\">{\"@context\":\"https:\/\/schema.org\",\"@graph\":[{\"@type\":\"WebPage\",\"@id\":\"https:\/\/www.samoens.com\/nl\/downloads\/\",\"url\":\"https:\/\/www.samoens.com\/nl\/downloads\/\",\"name\":\"Toeristische informatie om te downloaden voor uw verblijf in Samo\u00ebns Samo\u00ebns, station de ski et village authentique en Haute-Savoie\",\"isPartOf\":{\"@id\":\"https:\/\/www.samoens.com\/#website\"},\"primaryImageOfPage\":{\"@id\":\"https:\/\/www.samoens.com\/nl\/downloads\/#primaryimage\"},\"image\":{\"@id\":\"https:\/\/www.samoens.com\/nl\/downloads\/#primaryimage\"},\"thumbnailUrl\":\"https:\/\/www.samoens.com\/wp-content\/uploads\/2019\/08\/samoens-vue-du-ciel-ete.jpg\",\"datePublished\":\"2019-09-12T08:52:43+00:00\",\"dateModified\":\"2026-04-18T07:13:06+00:00\",\"breadcrumb\":{\"@id\":\"https:\/\/www.samoens.com\/nl\/downloads\/#breadcrumb\"},\"inLanguage\":\"nl-NL\",\"potentialAction\":[{\"@type\":\"ReadAction\",\"target\":[\"https:\/\/www.samoens.com\/nl\/downloads\/\"]}]},{\"@type\":\"ImageObject\",\"inLanguage\":\"nl-NL\",\"@id\":\"https:\/\/www.samoens.com\/nl\/downloads\/#primaryimage\",\"url\":\"https:\/\/www.samoens.com\/wp-content\/uploads\/2019\/08\/samoens-vue-du-ciel-ete.jpg\",\"contentUrl\":\"https:\/\/www.samoens.com\/wp-content\/uploads\/2019\/08\/samoens-vue-du-ciel-ete.jpg\",\"width\":1200,\"height\":579,\"caption\":\"Bien vivre \u00e0 Samo\u00ebns\"},{\"@type\":\"BreadcrumbList\",\"@id\":\"https:\/\/www.samoens.com\/nl\/downloads\/#breadcrumb\",\"itemListElement\":[{\"@type\":\"ListItem\",\"position\":1,\"name\":\"Accueil\",\"item\":\"https:\/\/www.samoens.com\/nl\/\"},{\"@type\":\"ListItem\",\"position\":2,\"name\":\"Downloads\"}]},{\"@type\":\"WebSite\",\"@id\":\"https:\/\/www.samoens.com\/#website\",\"url\":\"https:\/\/www.samoens.com\/\",\"name\":\"Samo\u00ebns, station de ski et village authentique en Haute-Savoie\",\"description\":\"Nich\u00e9e au coeur du domaine skiable du Grand Massif et \u00e0 moins d&#039;1h de Gen\u00e8ve, Samo\u00ebns rendra vos vacances inoubliables en \u00e9t\u00e9 comme en hiver\",\"potentialAction\":[{\"@type\":\"SearchAction\",\"target\":{\"@type\":\"EntryPoint\",\"urlTemplate\":\"https:\/\/www.samoens.com\/?s={search_term_string}\"},\"query-input\":{\"@type\":\"PropertyValueSpecification\",\"valueRequired\":true,\"valueName\":\"search_term_string\"}}],\"inLanguage\":\"nl-NL\"}]}<\/script>\n<!-- \/ Yoast SEO plugin. -->","yoast_head_json":{"title":"Toeristische informatie om te downloaden voor uw verblijf in Samo\u00ebns Samo\u00ebns, station de ski et village authentique en Haute-Savoie","description":"Hier vindt u alle documenten die u moet downloaden voor uw verblijf in Samo\u00ebns: brochures, gidsen, kaarten, bustijden, bioscoopprogramma, circuits, wandelkaarten&#8230;","robots":{"index":"index","follow":"follow","max-snippet":"max-snippet:-1","max-image-preview":"max-image-preview:large","max-video-preview":"max-video-preview:-1"},"canonical":"https:\/\/www.samoens.com\/nl\/downloads\/","og_locale":"nl_NL","og_type":"article","og_title":"Toeristische informatie om te downloaden voor uw verblijf in Samo\u00ebns Samo\u00ebns, station de ski et village authentique en Haute-Savoie","og_description":"[vc_row][vc_column width=&#8221;1\/3&#8243;][vc_single_image image=&#8221;61675&#8243; img_size=&#8221;full&#8221; alignment=&#8221;center&#8221; onclick=&#8221;custom_link&#8221; img_link_target=&#8221;_blank&#8221; title=&#8221;Onze brochures&#8221; link=&#8221;https:\/\/samoens.com\/nl\/telechargements-2\/brochures\/&#8221; el_class=&#8221;lienversliste&#8221;][vc_single_image image=&#8221;542030&#8243; img_size=&#8221;full&#8221; alignment=&#8221;center&#8221; onclick=&#8221;custom_link&#8221; img_link_target=&#8221;_blank&#8221; css=&#8221;&#8221; title=&#8221;Lijst van babysitters&#8221; link=&#8221;https:\/\/www.samoens.com\/wp-content\/uploads\/2026\/04\/Lijst-van-babysitters-voorjaar-2026.pdf&#8221; el_class=&#8221;lienversliste&#8221;][vc_single_image image=&#8221;593615&#8243; img_size=&#8221;full&#8221; alignment=&#8221;center&#8221; onclick=&#8221;custom_link&#8221; img_link_target=&#8221;_blank&#8221; title=&#8221;Kaart van het dorp&#8221; link=&#8221;https:\/\/www.samoens.com\/nl\/telechargements-2\/plans-du-village\/&#8221; el_class=&#8221;lienversliste&#8221;][vc_single_image image=&#8221;530814&#8243; img_size=&#8221;full&#8221; alignment=&#8221;center&#8221; onclick=&#8221;custom_link&#8221; img_link_target=&#8221;_blank&#8221; title=&#8221;Wandelkaarten&#8221; link=&#8221;https:\/\/www.samoens.com\/nl\/wandelkaarten-en-gidsen\/&#8221; el_class=&#8221;lienversliste&#8221;][vc_single_image image=&#8221;2231&#8243; img_size=&#8221;full&#8221; alignment=&#8221;center&#8221; onclick=&#8221;custom_link&#8221; img_link_target=&#8221;_blank&#8221; title=&#8221;Rondleidingen door uitgehouwen stenen&#8221; link=&#8221;https:\/\/www.samoens.com\/wp-content\/uploads\/2021\/08\/Livret-circuits-de-la-pierre.pdf&#8221; el_class=&#8221;lienversliste&#8221;][vc_single_image image=&#8221;588371&#8243; img_size=&#8221;full&#8221; alignment=&#8221;center&#8221; [&hellip;]","og_url":"https:\/\/www.samoens.com\/nl\/downloads\/","og_site_name":"Samo\u00ebns, station de ski et village authentique en Haute-Savoie","article_modified_time":"2026-04-18T07:13:06+00:00","og_image":[{"width":1200,"height":579,"url":"https:\/\/www.samoens.com\/wp-content\/uploads\/2019\/08\/samoens-vue-du-ciel-ete.jpg","type":"image\/jpeg"}],"twitter_card":"summary_large_image","twitter_misc":{"Geschatte leestijd":"1 minuut"},"schema":{"@context":"https:\/\/schema.org","@graph":[{"@type":"WebPage","@id":"https:\/\/www.samoens.com\/nl\/downloads\/","url":"https:\/\/www.samoens.com\/nl\/downloads\/","name":"Toeristische informatie om te downloaden voor uw verblijf in Samo\u00ebns Samo\u00ebns, station de ski et village authentique en Haute-Savoie","isPartOf":{"@id":"https:\/\/www.samoens.com\/#website"},"primaryImageOfPage":{"@id":"https:\/\/www.samoens.com\/nl\/downloads\/#primaryimage"},"image":{"@id":"https:\/\/www.samoens.com\/nl\/downloads\/#primaryimage"},"thumbnailUrl":"https:\/\/www.samoens.com\/wp-content\/uploads\/2019\/08\/samoens-vue-du-ciel-ete.jpg","datePublished":"2019-09-12T08:52:43+00:00","dateModified":"2026-04-18T07:13:06+00:00","breadcrumb":{"@id":"https:\/\/www.samoens.com\/nl\/downloads\/#breadcrumb"},"inLanguage":"nl-NL","potentialAction":[{"@type":"ReadAction","target":["https:\/\/www.samoens.com\/nl\/downloads\/"]}]},{"@type":"ImageObject","inLanguage":"nl-NL","@id":"https:\/\/www.samoens.com\/nl\/downloads\/#primaryimage","url":"https:\/\/www.samoens.com\/wp-content\/uploads\/2019\/08\/samoens-vue-du-ciel-ete.jpg","contentUrl":"https:\/\/www.samoens.com\/wp-content\/uploads\/2019\/08\/samoens-vue-du-ciel-ete.jpg","width":1200,"height":579,"caption":"Bien vivre \u00e0 Samo\u00ebns"},{"@type":"BreadcrumbList","@id":"https:\/\/www.samoens.com\/nl\/downloads\/#breadcrumb","itemListElement":[{"@type":"ListItem","position":1,"name":"Accueil","item":"https:\/\/www.samoens.com\/nl\/"},{"@type":"ListItem","position":2,"name":"Downloads"}]},{"@type":"WebSite","@id":"https:\/\/www.samoens.com\/#website","url":"https:\/\/www.samoens.com\/","name":"Samo\u00ebns, station de ski et village authentique en Haute-Savoie","description":"Nich\u00e9e au coeur du domaine skiable du Grand Massif et \u00e0 moins d&#039;1h de Gen\u00e8ve, Samo\u00ebns rendra vos vacances inoubliables en \u00e9t\u00e9 comme en hiver","potentialAction":[{"@type":"SearchAction","target":{"@type":"EntryPoint","urlTemplate":"https:\/\/www.samoens.com\/?s={search_term_string}"},"query-input":{"@type":"PropertyValueSpecification","valueRequired":true,"valueName":"search_term_string"}}],"inLanguage":"nl-NL"}]}},"_links":{"self":[{"href":"https:\/\/www.samoens.com\/nl\/wp-json\/wp\/v2\/pages\/51337","targetHints":{"allow":["GET"]}}],"collection":[{"href":"https:\/\/www.samoens.com\/nl\/wp-json\/wp\/v2\/pages"}],"about":[{"href":"https:\/\/www.samoens.com\/nl\/wp-json\/wp\/v2\/types\/page"}],"author":[{"embeddable":true,"href":"https:\/\/www.samoens.com\/nl\/wp-json\/wp\/v2\/users\/2"}],"replies":[{"embeddable":true,"href":"https:\/\/www.samoens.com\/nl\/wp-json\/wp\/v2\/comments?post=51337"}],"version-history":[{"count":20,"href":"https:\/\/www.samoens.com\/nl\/wp-json\/wp\/v2\/pages\/51337\/revisions"}],"predecessor-version":[{"id":607804,"href":"https:\/\/www.samoens.com\/nl\/wp-json\/wp\/v2\/pages\/51337\/revisions\/607804"}],"wp:featuredmedia":[{"embeddable":true,"href":"https:\/\/www.samoens.com\/nl\/wp-json\/wp\/v2\/media\/2477"}],"wp:attachment":[{"href":"https:\/\/www.samoens.com\/nl\/wp-json\/wp\/v2\/media?parent=51337"}],"curies":[{"name":"wp","href":"https:\/\/api.w.org\/{rel}","templated":true}]}}