{"id":51304,"date":"2019-09-11T17:14:58","date_gmt":"2019-09-11T15:14:58","guid":{"rendered":"https:\/\/www.samoens.com\/activites-famille\/"},"modified":"2024-07-29T09:58:29","modified_gmt":"2024-07-29T07:58:29","slug":"activites-famille","status":"publish","type":"page","link":"https:\/\/www.samoens.com\/nl\/zomeractiviteiten\/activites-famille\/","title":{"rendered":"Familie-activiteiten"},"content":{"rendered":"<div class=\"wpb-content-wrapper\"><p>[vc_row][vc_column][vc_column_text]<\/p>\n<h2>EEN ONVERGETELIJKE VAKANTIE MET EEN FAMILIERE\u00dcNIE IN SAMO\u00cbNS<\/h2>\n<h2 class=\"chapeau\"><span id=\"s2_1\">Charmant bergdorp bewoond het hele jaar door, Samo\u00ebns is ook een familie resort dat bezoekers vele zomeractiviteiten, om te vermaken met familie tijdens en na de activiteiten van de dag.<\/span><br \/>\n<span id=\"s2_2\">Vakantie, meer dan ooit, zal synoniem zijn met re\u00fcnie en frisse lucht!<\/span>\u00a0<span id=\"s2_3\">De vakantie zal een kans zijn om tijd door te brengen met uw gezin, unieke momenten te ervaren, nieuwe activiteiten te ontdekken en te genieten van het buitenleven.<\/span><br \/>\n<span id=\"s2_4\">En om een onvergetelijke vakantie te beleven, ga je naar Samo\u00ebns, een dorp in de Haute-Savoie vol charme en geschiedenis.<\/span>\u00a0<span id=\"s2_5\">Het hotel wordt overzien door het circus van Sixt-Fer-Cheval, de Ciou of de Col de Joux Plane en is de ideale bestemming om te blazen, idee\u00ebn te veranderen en van het buitenleven te genieten.<\/span><\/h2>\n<h2 class=\"chapeau\">EEN RECREATIEF VERBLIJF IN DE BERGEN EN CULTURELE ACTIVITEITEN<\/h2>\n<h2 class=\"chapeau\">Overdag, in de zomer, kunt u genieten van de recreatierefaciliteiten en het zwembad van Samo\u00ebns. Een recreatiecentrum vol activiteiten voor jong en oud: Tennisbanen, jeu-de-boulesbanen, deze magische plek, is ook de thuisbasis van een van de belangrijkste culturele, sport- en congrescentra in de Haute-Savoie: Het Bois aux Dames gebied. Naast de faciliteiten biedt het centrum ook de belangrijkste evenementen in de regio. Voor een ontspannen moment met de familie biedt de bioscoop Le Cjou twee dagelijkse vertoningen met de belangrijkste films van het moment. Tenslotte is de gemeentelijke mediabibliotheek een vriendelijke culturele ruimte die het hele jaar door voor alle doelgroepen geopend is. Animaties worden regelmatig georganiseerd in samenwerking met de vereniging Criou Livres.<\/h2>\n<p>[\/vc_column_text][\/vc_column][\/vc_row][vc_row][vc_column width=&#8221;1\/3&#8243;][vc_single_image image=&#8221;50577&#8243; img_size=&#8221;medium&#8221; alignment=&#8221;center&#8221; onclick=&#8221;custom_link&#8221; img_link_target=&#8221;_blank&#8221; title=&#8221;ROUTES VOOR WANDELINGEN&#8221; link=&#8221;https:\/\/www.valleeduhautgiffre.fr\/randonn%C3%A9e\/randos-faciles\/&#8221; el_class=&#8221;lienversliste&#8221;][vc_single_image image=&#8221;50972&#8243; img_size=&#8221;medium&#8221; alignment=&#8221;center&#8221; onclick=&#8221;custom_link&#8221; img_link_target=&#8221;_blank&#8221; title=&#8221;PETANQUE&#8221; link=&#8221;https:\/\/www.samoens.com\/nl\/bowling\/&#8221; el_class=&#8221;lienversliste&#8221;][vc_single_image image=&#8221;50616&#8243; img_size=&#8221;medium&#8221; alignment=&#8221;center&#8221; onclick=&#8221;custom_link&#8221; img_link_target=&#8221;_blank&#8221; title=&#8221;M\u00e9diatheek&#8221; el_class=&#8221;lienversliste&#8221; link=&#8221;https:\/\/www.samoens.com\/nl\/articles_apidae\/francois-desarnod-gemeentelijke-mediatheek\/&#8221;][vc_single_image image=&#8221;50619&#8243; img_size=&#8221;medium&#8221; alignment=&#8221;center&#8221; onclick=&#8221;custom_link&#8221; img_link_target=&#8221;_blank&#8221; title=&#8221;Verhuur van babyspullen&#8221; el_class=&#8221;lienversliste&#8221; link=&#8221;https:\/\/www.samoens.com\/nl\/articles_apidae\/babyartikelen-huurservice\/&#8221;][vc_single_image image=&#8221;50622&#8243; img_size=&#8221;medium&#8221; alignment=&#8221;center&#8221; onclick=&#8221;custom_link&#8221; img_link_target=&#8221;_blank&#8221; title=&#8221;zwembad&#8221; el_class=&#8221;lienversliste&#8221; link=&#8221;https:\/\/www.samoens.com\/nl\/articles_apidae\/zwembad\/&#8221;][vc_single_image image=&#8221;413303&#8243; img_size=&#8221;medium&#8221; alignment=&#8221;center&#8221; onclick=&#8221;custom_link&#8221; img_link_target=&#8221;_blank&#8221; title=&#8221;GOLFBAAN OP HET WATER&#8221; link=&#8221;https:\/\/www.samoens.com\/nl\/articles_apidae\/golf-practice-op-het-water-en-green\/&#8221; el_class=&#8221;lienversliste&#8221;][vc_single_image image=&#8221;413332&#8243; img_size=&#8221;medium&#8221; alignment=&#8221;center&#8221; onclick=&#8221;custom_link&#8221; img_link_target=&#8221;_blank&#8221; title=&#8221;TENNIS&#8221; link=&#8221;https:\/\/www.samoens.com\/nl\/articles_apidae\/tennis-lessen\/&#8221; el_class=&#8221;lienversliste&#8221;][\/vc_column][vc_column width=&#8221;1\/3&#8243;][vc_single_image image=&#8221;413329&#8243; img_size=&#8221;medium&#8221; alignment=&#8221;center&#8221; onclick=&#8221;custom_link&#8221; img_link_target=&#8221;_blank&#8221; title=&#8221;treintje&#8221; el_class=&#8221;lienversliste&#8221; link=&#8221;https:\/\/www.samoens.com\/nl\/articles_apidae\/septitrain-toeristisch-treintje\/&#8221;][vc_single_image image=&#8221;50629&#8243; img_size=&#8221;medium&#8221; alignment=&#8221;center&#8221; onclick=&#8221;custom_link&#8221; img_link_target=&#8221;_blank&#8221; title=&#8221;Film&#8221; el_class=&#8221;lienversliste&#8221; link=&#8221;https:\/\/www.samoens.com\/nl\/articles_apidae\/le-criou-bioscoop\/&#8221;][vc_single_image image=&#8221;50633&#8243; img_size=&#8221;medium&#8221; alignment=&#8221;center&#8221; onclick=&#8221;custom_link&#8221; img_link_target=&#8221;_blank&#8221; title=&#8221;Paintball&#8221; el_class=&#8221;lienversliste&#8221; link=&#8221;https:\/\/www.samoens.com\/nl\/articles_apidae\/paintball\/&#8221;][vc_single_image image=&#8221;413306&#8243; img_size=&#8221;medium&#8221; alignment=&#8221;center&#8221; onclick=&#8221;custom_link&#8221; img_link_target=&#8221;_blank&#8221; title=&#8221;HET GOLF VAN DE SCHIJF&#8221; link=&#8221;https:\/\/www.samoens.com\/nl\/articles_apidae\/disc-golf-2\/&#8221; el_class=&#8221;lienversliste&#8221;][vc_single_image image=&#8221;50957&#8243; img_size=&#8221;medium&#8221; alignment=&#8221;center&#8221; onclick=&#8221;custom_link&#8221; img_link_target=&#8221;_blank&#8221; title=&#8221;LASER GAME&#8221; link=&#8221;https:\/\/www.samoens.com\/nl\/articles_apidae\/outdoor-laser-game-who-will-be-the-quarterback\/&#8221; el_class=&#8221;lienversliste&#8221;][vc_single_image image=&#8221;413323&#8243; img_size=&#8221;medium&#8221; alignment=&#8221;center&#8221; onclick=&#8221;custom_link&#8221; img_link_target=&#8221;_blank&#8221; title=&#8221;MANEGE&#8221; link=&#8221;https:\/\/www.samoens.com\/nl\/articles_apidae\/manege-2\/&#8221; el_class=&#8221;lienversliste&#8221;][vc_single_image image=&#8221;413326&#8243; img_size=&#8221;medium&#8221; alignment=&#8221;center&#8221; onclick=&#8221;custom_link&#8221; img_link_target=&#8221;_blank&#8221; title=&#8221;avonturenparcours&#8221; link=&#8221;https:\/\/www.samoens.com\/nl\/articles_apidae\/indiana-parc-avonturenpark\/&#8221; el_class=&#8221;lienversliste&#8221;][\/vc_column][vc_column width=&#8221;1\/3&#8243;][vc_single_image image=&#8221;50636&#8243; img_size=&#8221;medium&#8221; alignment=&#8221;center&#8221; onclick=&#8221;custom_link&#8221; title=&#8221;Muntgeld wissel baby&#8221; el_class=&#8221;lienversliste&#8221;][vc_single_image image=&#8221;50639&#8243; img_size=&#8221;medium&#8221; alignment=&#8221;center&#8221; onclick=&#8221;custom_link&#8221; img_link_target=&#8221;_blank&#8221; title=&#8221;Muntgeld wissel baby&#8221; el_class=&#8221;lienversliste&#8221; link=&#8221;https:\/\/www.samoens.com\/nl\/articles_apidae\/lac-aux-dames-recreatiecentrum-in-de-zomer\/&#8221;][vc_single_image image=&#8221;51166&#8243; img_size=&#8221;medium&#8221; alignment=&#8221;center&#8221; onclick=&#8221;custom_link&#8221; img_link_target=&#8221;_blank&#8221; title=&#8221;recreatiecentrum&#8221; link=&#8221;https:\/\/www.samoens.com\/nl\/articles_apidae\/activiteitencentrum-la-marmotte-voor-kinderen\/&#8221; el_class=&#8221;lienversliste&#8221;][vc_single_image image=&#8221;413309&#8243; img_size=&#8221;medium&#8221; alignment=&#8221;center&#8221; onclick=&#8221;custom_link&#8221; img_link_target=&#8221;_blank&#8221; title=&#8221;ESCAPE SPEL&#8221; link=&#8221;https:\/\/www.samoens.com\/nl\/articles_apidae\/trip-game-escape-game-outdoor-2\/&#8221; el_class=&#8221;lienversliste&#8221;][vc_single_image image=&#8221;413320&#8243; img_size=&#8221;medium&#8221; alignment=&#8221;center&#8221; onclick=&#8221;custom_link&#8221; img_link_target=&#8221;_blank&#8221; title=&#8221;PONYRIJDEN&#8221; el_class=&#8221;lienversliste&#8221; link=&#8221;https:\/\/www.samoens.com\/nl\/articles_apidae\/uitstapjes-met-een-pony\/&#8221;][vc_single_image image=&#8221;50969&#8243; img_size=&#8221;medium&#8221; alignment=&#8221;center&#8221; onclick=&#8221;custom_link&#8221; img_link_target=&#8221;_blank&#8221; title=&#8221;ROSALIE&#8221; link=&#8221;https:\/\/www.samoens.com\/nl\/rosalie\/&#8221; el_class=&#8221;lienversliste&#8221;][vc_single_image image=&#8221;181&#8243; img_size=&#8221;medium&#8221; alignment=&#8221;center&#8221; onclick=&#8221;custom_link&#8221; img_link_target=&#8221;_blank&#8221; title=&#8221;PICKNICKPLAATSEN&#8221; link=&#8221;https:\/\/www.samoens.com\/nl\/articles_apidae\/ladies-lake-picknickplaats\/&#8221; el_class=&#8221;lienversliste&#8221;][\/vc_column][\/vc_row]<\/p>\n<\/div>","protected":false},"excerpt":{"rendered":"<p>[vc_row][vc_column][vc_column_text] EEN ONVERGETELIJKE VAKANTIE MET EEN FAMILIERE\u00dcNIE IN SAMO\u00cbNS Charmant bergdorp bewoond het hele jaar door, Samo\u00ebns is ook een familie resort dat bezoekers vele zomeractiviteiten, om te vermaken met familie tijdens en na de activiteiten van de dag. Vakantie, meer dan ooit, zal synoniem zijn met re\u00fcnie en frisse lucht!\u00a0De vakantie zal een kans [&hellip;]<\/p>\n","protected":false},"author":2,"featured_media":67828,"parent":416459,"menu_order":4,"comment_status":"open","ping_status":"closed","template":"","meta":{"_acf_changed":false,"footnotes":""},"class_list":["post-51304","page","type-page","status-publish","hentry"],"acf":[],"yoast_head":"<!-- This site is optimized with the Yoast SEO plugin v27.2 - https:\/\/yoast.com\/product\/yoast-seo-wordpress\/ -->\n<title>Familie-activiteiten Samo\u00ebns, station de ski et village authentique en Haute-Savoie<\/title>\n<meta name=\"robots\" content=\"index, follow, max-snippet:-1, max-image-preview:large, max-video-preview:-1\" \/>\n<link rel=\"canonical\" href=\"https:\/\/www.samoens.com\/nl\/zomeractiviteiten\/activites-famille\/\" \/>\n<meta property=\"og:locale\" content=\"nl_NL\" \/>\n<meta property=\"og:type\" content=\"article\" \/>\n<meta property=\"og:title\" content=\"Familie-activiteiten Samo\u00ebns, station de ski et village authentique en Haute-Savoie\" \/>\n<meta property=\"og:description\" content=\"[vc_row][vc_column][vc_column_text] EEN ONVERGETELIJKE VAKANTIE MET EEN FAMILIERE\u00dcNIE IN SAMO\u00cbNS Charmant bergdorp bewoond het hele jaar door, Samo\u00ebns is ook een familie resort dat bezoekers vele zomeractiviteiten, om te vermaken met familie tijdens en na de activiteiten van de dag. Vakantie, meer dan ooit, zal synoniem zijn met re\u00fcnie en frisse lucht!\u00a0De vakantie zal een kans [&hellip;]\" \/>\n<meta property=\"og:url\" content=\"https:\/\/www.samoens.com\/nl\/zomeractiviteiten\/activites-famille\/\" \/>\n<meta property=\"og:site_name\" content=\"Samo\u00ebns, station de ski et village authentique en Haute-Savoie\" \/>\n<meta property=\"article:modified_time\" content=\"2024-07-29T07:58:29+00:00\" \/>\n<meta property=\"og:image\" content=\"https:\/\/www.samoens.com\/wp-content\/uploads\/2019\/10\/Lac-aux-dames-@Christian-Martelet.jpg\" \/>\n\t<meta property=\"og:image:width\" content=\"3543\" \/>\n\t<meta property=\"og:image:height\" content=\"891\" \/>\n\t<meta property=\"og:image:type\" content=\"image\/jpeg\" \/>\n<meta name=\"twitter:card\" content=\"summary_large_image\" \/>\n<meta name=\"twitter:label1\" content=\"Geschatte leestijd\" \/>\n\t<meta name=\"twitter:data1\" content=\"5 minuten\" \/>\n<script type=\"application\/ld+json\" class=\"yoast-schema-graph\">{\"@context\":\"https:\/\/schema.org\",\"@graph\":[{\"@type\":\"WebPage\",\"@id\":\"https:\/\/www.samoens.com\/nl\/zomeractiviteiten\/activites-famille\/\",\"url\":\"https:\/\/www.samoens.com\/nl\/zomeractiviteiten\/activites-famille\/\",\"name\":\"Familie-activiteiten Samo\u00ebns, station de ski et village authentique en Haute-Savoie\",\"isPartOf\":{\"@id\":\"https:\/\/www.samoens.com\/#website\"},\"primaryImageOfPage\":{\"@id\":\"https:\/\/www.samoens.com\/nl\/zomeractiviteiten\/activites-famille\/#primaryimage\"},\"image\":{\"@id\":\"https:\/\/www.samoens.com\/nl\/zomeractiviteiten\/activites-famille\/#primaryimage\"},\"thumbnailUrl\":\"https:\/\/www.samoens.com\/wp-content\/uploads\/2019\/10\/Lac-aux-dames-@Christian-Martelet.jpg\",\"datePublished\":\"2019-09-11T15:14:58+00:00\",\"dateModified\":\"2024-07-29T07:58:29+00:00\",\"breadcrumb\":{\"@id\":\"https:\/\/www.samoens.com\/nl\/zomeractiviteiten\/activites-famille\/#breadcrumb\"},\"inLanguage\":\"nl-NL\",\"potentialAction\":[{\"@type\":\"ReadAction\",\"target\":[\"https:\/\/www.samoens.com\/nl\/zomeractiviteiten\/activites-famille\/\"]}]},{\"@type\":\"ImageObject\",\"inLanguage\":\"nl-NL\",\"@id\":\"https:\/\/www.samoens.com\/nl\/zomeractiviteiten\/activites-famille\/#primaryimage\",\"url\":\"https:\/\/www.samoens.com\/wp-content\/uploads\/2019\/10\/Lac-aux-dames-@Christian-Martelet.jpg\",\"contentUrl\":\"https:\/\/www.samoens.com\/wp-content\/uploads\/2019\/10\/Lac-aux-dames-@Christian-Martelet.jpg\",\"width\":3543,\"height\":891},{\"@type\":\"BreadcrumbList\",\"@id\":\"https:\/\/www.samoens.com\/nl\/zomeractiviteiten\/activites-famille\/#breadcrumb\",\"itemListElement\":[{\"@type\":\"ListItem\",\"position\":1,\"name\":\"Accueil\",\"item\":\"https:\/\/www.samoens.com\/nl\/\"},{\"@type\":\"ListItem\",\"position\":2,\"name\":\"zomeractiviteiten\",\"item\":\"https:\/\/www.samoens.com\/nl\/zomeractiviteiten\/\"},{\"@type\":\"ListItem\",\"position\":3,\"name\":\"Familie-activiteiten\"}]},{\"@type\":\"WebSite\",\"@id\":\"https:\/\/www.samoens.com\/#website\",\"url\":\"https:\/\/www.samoens.com\/\",\"name\":\"Samo\u00ebns, station de ski et village authentique en Haute-Savoie\",\"description\":\"Nich\u00e9e au coeur du domaine skiable du Grand Massif et \u00e0 moins d&#039;1h de Gen\u00e8ve, Samo\u00ebns rendra vos vacances inoubliables en \u00e9t\u00e9 comme en hiver\",\"potentialAction\":[{\"@type\":\"SearchAction\",\"target\":{\"@type\":\"EntryPoint\",\"urlTemplate\":\"https:\/\/www.samoens.com\/?s={search_term_string}\"},\"query-input\":{\"@type\":\"PropertyValueSpecification\",\"valueRequired\":true,\"valueName\":\"search_term_string\"}}],\"inLanguage\":\"nl-NL\"}]}<\/script>\n<!-- \/ Yoast SEO plugin. -->","yoast_head_json":{"title":"Familie-activiteiten Samo\u00ebns, station de ski et village authentique en Haute-Savoie","robots":{"index":"index","follow":"follow","max-snippet":"max-snippet:-1","max-image-preview":"max-image-preview:large","max-video-preview":"max-video-preview:-1"},"canonical":"https:\/\/www.samoens.com\/nl\/zomeractiviteiten\/activites-famille\/","og_locale":"nl_NL","og_type":"article","og_title":"Familie-activiteiten Samo\u00ebns, station de ski et village authentique en Haute-Savoie","og_description":"[vc_row][vc_column][vc_column_text] EEN ONVERGETELIJKE VAKANTIE MET EEN FAMILIERE\u00dcNIE IN SAMO\u00cbNS Charmant bergdorp bewoond het hele jaar door, Samo\u00ebns is ook een familie resort dat bezoekers vele zomeractiviteiten, om te vermaken met familie tijdens en na de activiteiten van de dag. Vakantie, meer dan ooit, zal synoniem zijn met re\u00fcnie en frisse lucht!\u00a0De vakantie zal een kans [&hellip;]","og_url":"https:\/\/www.samoens.com\/nl\/zomeractiviteiten\/activites-famille\/","og_site_name":"Samo\u00ebns, station de ski et village authentique en Haute-Savoie","article_modified_time":"2024-07-29T07:58:29+00:00","og_image":[{"width":3543,"height":891,"url":"https:\/\/www.samoens.com\/wp-content\/uploads\/2019\/10\/Lac-aux-dames-@Christian-Martelet.jpg","type":"image\/jpeg"}],"twitter_card":"summary_large_image","twitter_misc":{"Geschatte leestijd":"5 minuten"},"schema":{"@context":"https:\/\/schema.org","@graph":[{"@type":"WebPage","@id":"https:\/\/www.samoens.com\/nl\/zomeractiviteiten\/activites-famille\/","url":"https:\/\/www.samoens.com\/nl\/zomeractiviteiten\/activites-famille\/","name":"Familie-activiteiten Samo\u00ebns, station de ski et village authentique en Haute-Savoie","isPartOf":{"@id":"https:\/\/www.samoens.com\/#website"},"primaryImageOfPage":{"@id":"https:\/\/www.samoens.com\/nl\/zomeractiviteiten\/activites-famille\/#primaryimage"},"image":{"@id":"https:\/\/www.samoens.com\/nl\/zomeractiviteiten\/activites-famille\/#primaryimage"},"thumbnailUrl":"https:\/\/www.samoens.com\/wp-content\/uploads\/2019\/10\/Lac-aux-dames-@Christian-Martelet.jpg","datePublished":"2019-09-11T15:14:58+00:00","dateModified":"2024-07-29T07:58:29+00:00","breadcrumb":{"@id":"https:\/\/www.samoens.com\/nl\/zomeractiviteiten\/activites-famille\/#breadcrumb"},"inLanguage":"nl-NL","potentialAction":[{"@type":"ReadAction","target":["https:\/\/www.samoens.com\/nl\/zomeractiviteiten\/activites-famille\/"]}]},{"@type":"ImageObject","inLanguage":"nl-NL","@id":"https:\/\/www.samoens.com\/nl\/zomeractiviteiten\/activites-famille\/#primaryimage","url":"https:\/\/www.samoens.com\/wp-content\/uploads\/2019\/10\/Lac-aux-dames-@Christian-Martelet.jpg","contentUrl":"https:\/\/www.samoens.com\/wp-content\/uploads\/2019\/10\/Lac-aux-dames-@Christian-Martelet.jpg","width":3543,"height":891},{"@type":"BreadcrumbList","@id":"https:\/\/www.samoens.com\/nl\/zomeractiviteiten\/activites-famille\/#breadcrumb","itemListElement":[{"@type":"ListItem","position":1,"name":"Accueil","item":"https:\/\/www.samoens.com\/nl\/"},{"@type":"ListItem","position":2,"name":"zomeractiviteiten","item":"https:\/\/www.samoens.com\/nl\/zomeractiviteiten\/"},{"@type":"ListItem","position":3,"name":"Familie-activiteiten"}]},{"@type":"WebSite","@id":"https:\/\/www.samoens.com\/#website","url":"https:\/\/www.samoens.com\/","name":"Samo\u00ebns, station de ski et village authentique en Haute-Savoie","description":"Nich\u00e9e au coeur du domaine skiable du Grand Massif et \u00e0 moins d&#039;1h de Gen\u00e8ve, Samo\u00ebns rendra vos vacances inoubliables en \u00e9t\u00e9 comme en hiver","potentialAction":[{"@type":"SearchAction","target":{"@type":"EntryPoint","urlTemplate":"https:\/\/www.samoens.com\/?s={search_term_string}"},"query-input":{"@type":"PropertyValueSpecification","valueRequired":true,"valueName":"search_term_string"}}],"inLanguage":"nl-NL"}]}},"_links":{"self":[{"href":"https:\/\/www.samoens.com\/nl\/wp-json\/wp\/v2\/pages\/51304","targetHints":{"allow":["GET"]}}],"collection":[{"href":"https:\/\/www.samoens.com\/nl\/wp-json\/wp\/v2\/pages"}],"about":[{"href":"https:\/\/www.samoens.com\/nl\/wp-json\/wp\/v2\/types\/page"}],"author":[{"embeddable":true,"href":"https:\/\/www.samoens.com\/nl\/wp-json\/wp\/v2\/users\/2"}],"replies":[{"embeddable":true,"href":"https:\/\/www.samoens.com\/nl\/wp-json\/wp\/v2\/comments?post=51304"}],"version-history":[{"count":1,"href":"https:\/\/www.samoens.com\/nl\/wp-json\/wp\/v2\/pages\/51304\/revisions"}],"predecessor-version":[{"id":590661,"href":"https:\/\/www.samoens.com\/nl\/wp-json\/wp\/v2\/pages\/51304\/revisions\/590661"}],"up":[{"embeddable":true,"href":"https:\/\/www.samoens.com\/nl\/wp-json\/wp\/v2\/pages\/416459"}],"wp:featuredmedia":[{"embeddable":true,"href":"https:\/\/www.samoens.com\/nl\/wp-json\/wp\/v2\/media\/67828"}],"wp:attachment":[{"href":"https:\/\/www.samoens.com\/nl\/wp-json\/wp\/v2\/media?parent=51304"}],"curies":[{"name":"wp","href":"https:\/\/api.w.org\/{rel}","templated":true}]}}