{"id":51120,"date":"2019-09-16T16:50:16","date_gmt":"2019-09-16T14:50:16","guid":{"rendered":"https:\/\/www.samoens.com\/hebergements-2\/"},"modified":"2021-08-13T15:57:51","modified_gmt":"2021-08-13T13:57:51","slug":"hebergements-2","status":"publish","type":"page","link":"https:\/\/www.samoens.com\/nl\/hebergements-2\/","title":{"rendered":"Accommodatie"},"content":{"rendered":"<div class=\"wpb-content-wrapper\"><p>[vc_row][vc_column][vc_column_text]<span id=\"s2_1\">In het hart van de Alpen, genieten van de droomplaatsen voor een vakantie met familie of vrienden onder onze accommodaties.<\/span><\/p>\n<p><span id=\"s2_2\">Hotel, toeristenresidentie, camping of bed and breakfast\u2026 Samo\u00ebns heeft een compleet aanbod om u tegemoet te komen.<\/span>\u00a0<span id=\"s2_3\">Als solo, als stel of als gezin profiteert u van moderne, authentieke accommodatie, zonder het karakter van de Savoyaardse sfeer te vergeten.<\/span>[\/vc_column_text][vc_single_image image=&#8221;542188&#8243; img_size=&#8221;full&#8221; alignment=&#8221;center&#8221; onclick=&#8221;custom_link&#8221; img_link_target=&#8221;_blank&#8221; title=&#8221;AANBIEDINGEN VAN VERBLIJF&#8221; link=&#8221;https:\/\/www.samoens.com\/nl\/hebergements-2\/aanbiedingen-van-verblijf\/&#8221; el_class=&#8221;lienversliste&#8221;][\/vc_column][\/vc_row][vc_row][vc_column width=&#8221;1\/3&#8243;][vc_single_image image=&#8221;51113&#8243; img_size=&#8221;medium&#8221; alignment=&#8221;center&#8221; onclick=&#8221;custom_link&#8221; img_link_target=&#8221;_blank&#8221; title=&#8221;Reserverings service&#8221; link=&#8221;https:\/\/booking.www.samoens.com\/&#8221; el_class=&#8221;lienversliste&#8221;][vc_single_image image=&#8221;51084&#8243; img_size=&#8221;medium&#8221; alignment=&#8221;center&#8221; onclick=&#8221;custom_link&#8221; img_link_target=&#8221;_blank&#8221; title=&#8221;Bed &amp; breakfast&#8221; link=&#8221;https:\/\/www.samoens.com\/nl\/bed-and-breakfast\/&#8221; el_class=&#8221;lienversliste&#8221;][vc_single_image image=&#8221;51078&#8243; img_size=&#8221;medium&#8221; alignment=&#8221;center&#8221; onclick=&#8221;custom_link&#8221; img_link_target=&#8221;_blank&#8221; title=&#8221;Vakantiedorpen&#8221; link=&#8221;https:\/\/www.samoens.com\/nl\/vakantiedorpen\/&#8221; el_class=&#8221;lienversliste&#8221;][vc_single_image image=&#8221;51072&#8243; img_size=&#8221;medium&#8221; alignment=&#8221;center&#8221; onclick=&#8221;custom_link&#8221; img_link_target=&#8221;_blank&#8221; title=&#8221;Huurwoningen&#8221; link=&#8221;https:\/\/www.samoens.com\/nl\/huurwoningen\/&#8221; el_class=&#8221;lienversliste&#8221;][vc_single_image image=&#8221;51095&#8243; img_size=&#8221;medium&#8221; alignment=&#8221;center&#8221; onclick=&#8221;custom_link&#8221; img_link_target=&#8221;_blank&#8221; title=&#8221;Appartementenverhuur in&#8221; link=&#8221;https:\/\/www.samoens.com\/nl\/appartementen-te-huur\/&#8221; el_class=&#8221;lienversliste&#8221;][\/vc_column][vc_column width=&#8221;1\/3&#8243;][vc_single_image image=&#8221;51090&#8243; img_size=&#8221;medium&#8221; alignment=&#8221;center&#8221; onclick=&#8221;custom_link&#8221; img_link_target=&#8221;_blank&#8221; title=&#8221;Toeristische hotels&#8221; link=&#8221;https:\/\/www.samoens.com\/nl\/toeristische-hotels\/&#8221; el_class=&#8221;lienversliste&#8221;][vc_single_image image=&#8221;51081&#8243; img_size=&#8221;medium&#8221; alignment=&#8221;center&#8221; onclick=&#8221;custom_link&#8221; img_link_target=&#8221;_blank&#8221; title=&#8221;Verblijven van podium en verblijf&#8221; link=&#8221;https:\/\/www.samoens.com\/nl\/gites-van-verblijf-en-verblijf\/&#8221; el_class=&#8221;lienversliste&#8221;][vc_single_image image=&#8221;50665&#8243; img_size=&#8221;medium&#8221; alignment=&#8221;center&#8221; onclick=&#8221;custom_link&#8221; img_link_target=&#8221;_blank&#8221; title=&#8221;Berghutten&#8221; link=&#8221;https:\/\/www.samoens.com\/nl\/berg-schuilplaatsen\/&#8221; el_class=&#8221;lienversliste&#8221;][vc_single_image image=&#8221;51104&#8243; img_size=&#8221;medium&#8221; alignment=&#8221;center&#8221; onclick=&#8221;custom_link&#8221; img_link_target=&#8221;_blank&#8221; title=&#8221;Verhuurbedrijven&#8221; link=&#8221;https:\/\/www.samoens.com\/nl\/verhuurbedrijven\/&#8221; el_class=&#8221;lienversliste&#8221;][vc_single_image image=&#8221;51069&#8243; img_size=&#8221;medium&#8221; alignment=&#8221;center&#8221; onclick=&#8221;custom_link&#8221; img_link_target=&#8221;_blank&#8221; title=&#8221;Verhuur van chalets&#8221; link=&#8221;https:\/\/www.samoens.com\/nl\/cottage-verhuur\/&#8221; el_class=&#8221;lienversliste&#8221;][\/vc_column][vc_column width=&#8221;1\/3&#8243;][vc_single_image image=&#8221;51087&#8243; img_size=&#8221;medium&#8221; alignment=&#8221;center&#8221; onclick=&#8221;custom_link&#8221; img_link_target=&#8221;_blank&#8221; title=&#8221;Toeristische woningen&#8221; link=&#8221;https:\/\/www.samoens.com\/nl\/toeristische-woningen\/&#8221; el_class=&#8221;lienversliste&#8221;][vc_single_image image=&#8221;51075&#8243; img_size=&#8221;medium&#8221; alignment=&#8221;center&#8221; onclick=&#8221;custom_link&#8221; img_link_target=&#8221;_blank&#8221; title=&#8221;Vakantiecentra&#8221; link=&#8221;https:\/\/www.samoens.com\/nl\/vakantiecentra\/&#8221; el_class=&#8221;lienversliste&#8221;][vc_single_image image=&#8221;413853&#8243; img_size=&#8221;medium&#8221; alignment=&#8221;center&#8221; onclick=&#8221;custom_link&#8221; img_link_target=&#8221;_blank&#8221; title=&#8221;Caravan Camping \u2013 stacaravans&#8221; link=&#8221;https:\/\/www.samoens.com\/nl\/camping-caravaneige-mobilhomes\/&#8221; el_class=&#8221;lienversliste&#8221;][vc_single_image image=&#8221;51107&#8243; img_size=&#8221;medium&#8221; alignment=&#8221;center&#8221; onclick=&#8221;custom_link&#8221; img_link_target=&#8221;_blank&#8221; title=&#8221;Ontvangende instanties&#8221; link=&#8221;https:\/\/www.samoens.com\/nl\/agences-receptives\/&#8221; el_class=&#8221;lienversliste&#8221;][\/vc_column][\/vc_row][vc_row][vc_column][\/vc_column][\/vc_row]<\/p>\n<\/div>","protected":false},"excerpt":{"rendered":"<p>[vc_row][vc_column][vc_column_text]In het hart van de Alpen, genieten van de droomplaatsen voor een vakantie met familie of vrienden onder onze accommodaties. Hotel, toeristenresidentie, camping of bed and breakfast\u2026 Samo\u00ebns heeft een compleet aanbod om u tegemoet te komen.\u00a0Als solo, als stel of als gezin profiteert u van moderne, authentieke accommodatie, zonder het karakter van de Savoyaardse [&hellip;]<\/p>\n","protected":false},"author":2,"featured_media":426830,"parent":0,"menu_order":86,"comment_status":"closed","ping_status":"closed","template":"","meta":{"_acf_changed":false,"footnotes":""},"class_list":["post-51120","page","type-page","status-publish","hentry"],"acf":[],"yoast_head":"<!-- This site is optimized with the Yoast SEO plugin v27.4 - https:\/\/yoast.com\/product\/yoast-seo-wordpress\/ -->\n<title>Accommodatie Samo\u00ebns, station de ski et village authentique en Haute-Savoie<\/title>\n<meta name=\"robots\" content=\"index, follow, max-snippet:-1, max-image-preview:large, max-video-preview:-1\" \/>\n<link rel=\"canonical\" href=\"https:\/\/www.samoens.com\/nl\/hebergements-2\/\" \/>\n<meta property=\"og:locale\" content=\"nl_NL\" \/>\n<meta property=\"og:type\" content=\"article\" \/>\n<meta property=\"og:title\" content=\"Accommodatie Samo\u00ebns, station de ski et village authentique en Haute-Savoie\" \/>\n<meta property=\"og:description\" content=\"[vc_row][vc_column][vc_column_text]In het hart van de Alpen, genieten van de droomplaatsen voor een vakantie met familie of vrienden onder onze accommodaties. Hotel, toeristenresidentie, camping of bed and breakfast\u2026 Samo\u00ebns heeft een compleet aanbod om u tegemoet te komen.\u00a0Als solo, als stel of als gezin profiteert u van moderne, authentieke accommodatie, zonder het karakter van de Savoyaardse [&hellip;]\" \/>\n<meta property=\"og:url\" content=\"https:\/\/www.samoens.com\/nl\/hebergements-2\/\" \/>\n<meta property=\"og:site_name\" content=\"Samo\u00ebns, station de ski et village authentique en Haute-Savoie\" \/>\n<meta property=\"article:modified_time\" content=\"2021-08-13T13:57:51+00:00\" \/>\n<meta property=\"og:image\" content=\"https:\/\/www.samoens.com\/wp-content\/uploads\/2020\/08\/Samoens-191-scaled.jpg\" \/>\n\t<meta property=\"og:image:width\" content=\"2560\" \/>\n\t<meta property=\"og:image:height\" content=\"945\" \/>\n\t<meta property=\"og:image:type\" content=\"image\/jpeg\" \/>\n<meta name=\"twitter:card\" content=\"summary_large_image\" \/>\n<meta name=\"twitter:label1\" content=\"Geschatte leestijd\" \/>\n\t<meta name=\"twitter:data1\" content=\"1 minuut\" \/>\n<script type=\"application\/ld+json\" class=\"yoast-schema-graph\">{\"@context\":\"https:\\\/\\\/schema.org\",\"@graph\":[{\"@type\":\"WebPage\",\"@id\":\"https:\\\/\\\/www.samoens.com\\\/nl\\\/hebergements-2\\\/\",\"url\":\"https:\\\/\\\/www.samoens.com\\\/nl\\\/hebergements-2\\\/\",\"name\":\"Accommodatie Samo\u00ebns, station de ski et village authentique en Haute-Savoie\",\"isPartOf\":{\"@id\":\"https:\\\/\\\/www.samoens.com\\\/#website\"},\"primaryImageOfPage\":{\"@id\":\"https:\\\/\\\/www.samoens.com\\\/nl\\\/hebergements-2\\\/#primaryimage\"},\"image\":{\"@id\":\"https:\\\/\\\/www.samoens.com\\\/nl\\\/hebergements-2\\\/#primaryimage\"},\"thumbnailUrl\":\"https:\\\/\\\/www.samoens.com\\\/wp-content\\\/uploads\\\/2020\\\/08\\\/Samoens-191-scaled.jpg\",\"datePublished\":\"2019-09-16T14:50:16+00:00\",\"dateModified\":\"2021-08-13T13:57:51+00:00\",\"breadcrumb\":{\"@id\":\"https:\\\/\\\/www.samoens.com\\\/nl\\\/hebergements-2\\\/#breadcrumb\"},\"inLanguage\":\"nl-NL\",\"potentialAction\":[{\"@type\":\"ReadAction\",\"target\":[\"https:\\\/\\\/www.samoens.com\\\/nl\\\/hebergements-2\\\/\"]}]},{\"@type\":\"ImageObject\",\"inLanguage\":\"nl-NL\",\"@id\":\"https:\\\/\\\/www.samoens.com\\\/nl\\\/hebergements-2\\\/#primaryimage\",\"url\":\"https:\\\/\\\/www.samoens.com\\\/wp-content\\\/uploads\\\/2020\\\/08\\\/Samoens-191-scaled.jpg\",\"contentUrl\":\"https:\\\/\\\/www.samoens.com\\\/wp-content\\\/uploads\\\/2020\\\/08\\\/Samoens-191-scaled.jpg\",\"width\":2560,\"height\":945,\"caption\":\"au dessus du hameau les Chosalets avec la Pointe du Tuet et le Criou en arri\u00e8re plan\"},{\"@type\":\"BreadcrumbList\",\"@id\":\"https:\\\/\\\/www.samoens.com\\\/nl\\\/hebergements-2\\\/#breadcrumb\",\"itemListElement\":[{\"@type\":\"ListItem\",\"position\":1,\"name\":\"Accueil\",\"item\":\"https:\\\/\\\/www.samoens.com\\\/nl\\\/\"},{\"@type\":\"ListItem\",\"position\":2,\"name\":\"Accommodatie\"}]},{\"@type\":\"WebSite\",\"@id\":\"https:\\\/\\\/www.samoens.com\\\/#website\",\"url\":\"https:\\\/\\\/www.samoens.com\\\/\",\"name\":\"Samo\u00ebns, station de ski et village authentique en Haute-Savoie\",\"description\":\"Nich\u00e9e au coeur du domaine skiable du Grand Massif et \u00e0 moins d&#039;1h de Gen\u00e8ve, Samo\u00ebns rendra vos vacances inoubliables en \u00e9t\u00e9 comme en hiver\",\"potentialAction\":[{\"@type\":\"SearchAction\",\"target\":{\"@type\":\"EntryPoint\",\"urlTemplate\":\"https:\\\/\\\/www.samoens.com\\\/?s={search_term_string}\"},\"query-input\":{\"@type\":\"PropertyValueSpecification\",\"valueRequired\":true,\"valueName\":\"search_term_string\"}}],\"inLanguage\":\"nl-NL\"}]}<\/script>\n<!-- \/ Yoast SEO plugin. -->","yoast_head_json":{"title":"Accommodatie Samo\u00ebns, station de ski et village authentique en Haute-Savoie","robots":{"index":"index","follow":"follow","max-snippet":"max-snippet:-1","max-image-preview":"max-image-preview:large","max-video-preview":"max-video-preview:-1"},"canonical":"https:\/\/www.samoens.com\/nl\/hebergements-2\/","og_locale":"nl_NL","og_type":"article","og_title":"Accommodatie Samo\u00ebns, station de ski et village authentique en Haute-Savoie","og_description":"[vc_row][vc_column][vc_column_text]In het hart van de Alpen, genieten van de droomplaatsen voor een vakantie met familie of vrienden onder onze accommodaties. Hotel, toeristenresidentie, camping of bed and breakfast\u2026 Samo\u00ebns heeft een compleet aanbod om u tegemoet te komen.\u00a0Als solo, als stel of als gezin profiteert u van moderne, authentieke accommodatie, zonder het karakter van de Savoyaardse [&hellip;]","og_url":"https:\/\/www.samoens.com\/nl\/hebergements-2\/","og_site_name":"Samo\u00ebns, station de ski et village authentique en Haute-Savoie","article_modified_time":"2021-08-13T13:57:51+00:00","og_image":[{"width":2560,"height":945,"url":"https:\/\/www.samoens.com\/wp-content\/uploads\/2020\/08\/Samoens-191-scaled.jpg","type":"image\/jpeg"}],"twitter_card":"summary_large_image","twitter_misc":{"Geschatte leestijd":"1 minuut"},"schema":{"@context":"https:\/\/schema.org","@graph":[{"@type":"WebPage","@id":"https:\/\/www.samoens.com\/nl\/hebergements-2\/","url":"https:\/\/www.samoens.com\/nl\/hebergements-2\/","name":"Accommodatie Samo\u00ebns, station de ski et village authentique en Haute-Savoie","isPartOf":{"@id":"https:\/\/www.samoens.com\/#website"},"primaryImageOfPage":{"@id":"https:\/\/www.samoens.com\/nl\/hebergements-2\/#primaryimage"},"image":{"@id":"https:\/\/www.samoens.com\/nl\/hebergements-2\/#primaryimage"},"thumbnailUrl":"https:\/\/www.samoens.com\/wp-content\/uploads\/2020\/08\/Samoens-191-scaled.jpg","datePublished":"2019-09-16T14:50:16+00:00","dateModified":"2021-08-13T13:57:51+00:00","breadcrumb":{"@id":"https:\/\/www.samoens.com\/nl\/hebergements-2\/#breadcrumb"},"inLanguage":"nl-NL","potentialAction":[{"@type":"ReadAction","target":["https:\/\/www.samoens.com\/nl\/hebergements-2\/"]}]},{"@type":"ImageObject","inLanguage":"nl-NL","@id":"https:\/\/www.samoens.com\/nl\/hebergements-2\/#primaryimage","url":"https:\/\/www.samoens.com\/wp-content\/uploads\/2020\/08\/Samoens-191-scaled.jpg","contentUrl":"https:\/\/www.samoens.com\/wp-content\/uploads\/2020\/08\/Samoens-191-scaled.jpg","width":2560,"height":945,"caption":"au dessus du hameau les Chosalets avec la Pointe du Tuet et le Criou en arri\u00e8re plan"},{"@type":"BreadcrumbList","@id":"https:\/\/www.samoens.com\/nl\/hebergements-2\/#breadcrumb","itemListElement":[{"@type":"ListItem","position":1,"name":"Accueil","item":"https:\/\/www.samoens.com\/nl\/"},{"@type":"ListItem","position":2,"name":"Accommodatie"}]},{"@type":"WebSite","@id":"https:\/\/www.samoens.com\/#website","url":"https:\/\/www.samoens.com\/","name":"Samo\u00ebns, station de ski et village authentique en Haute-Savoie","description":"Nich\u00e9e au coeur du domaine skiable du Grand Massif et \u00e0 moins d&#039;1h de Gen\u00e8ve, Samo\u00ebns rendra vos vacances inoubliables en \u00e9t\u00e9 comme en hiver","potentialAction":[{"@type":"SearchAction","target":{"@type":"EntryPoint","urlTemplate":"https:\/\/www.samoens.com\/?s={search_term_string}"},"query-input":{"@type":"PropertyValueSpecification","valueRequired":true,"valueName":"search_term_string"}}],"inLanguage":"nl-NL"}]}},"_links":{"self":[{"href":"https:\/\/www.samoens.com\/nl\/wp-json\/wp\/v2\/pages\/51120","targetHints":{"allow":["GET"]}}],"collection":[{"href":"https:\/\/www.samoens.com\/nl\/wp-json\/wp\/v2\/pages"}],"about":[{"href":"https:\/\/www.samoens.com\/nl\/wp-json\/wp\/v2\/types\/page"}],"author":[{"embeddable":true,"href":"https:\/\/www.samoens.com\/nl\/wp-json\/wp\/v2\/users\/2"}],"replies":[{"embeddable":true,"href":"https:\/\/www.samoens.com\/nl\/wp-json\/wp\/v2\/comments?post=51120"}],"version-history":[{"count":0,"href":"https:\/\/www.samoens.com\/nl\/wp-json\/wp\/v2\/pages\/51120\/revisions"}],"wp:featuredmedia":[{"embeddable":true,"href":"https:\/\/www.samoens.com\/nl\/wp-json\/wp\/v2\/media\/426830"}],"wp:attachment":[{"href":"https:\/\/www.samoens.com\/nl\/wp-json\/wp\/v2\/media?parent=51120"}],"curies":[{"name":"wp","href":"https:\/\/api.w.org\/{rel}","templated":true}]}}