{"id":421321,"date":"2020-07-24T17:24:04","date_gmt":"2020-07-24T15:24:04","guid":{"rendered":"https:\/\/www.samoens.com\/?page_id=421321"},"modified":"2020-07-24T17:24:04","modified_gmt":"2020-07-24T15:24:04","slug":"welbevinden-activiteiten","status":"publish","type":"page","link":"https:\/\/www.samoens.com\/nl\/zomeractiviteiten\/activites-bien-etre\/welbevinden-activiteiten\/","title":{"rendered":"Welbevinden activiteiten"},"content":{"rendered":"","protected":false},"excerpt":{"rendered":"","protected":false},"author":2,"featured_media":132677,"parent":2702,"menu_order":2,"comment_status":"closed","ping_status":"closed","template":"template-liste-apidae.php","meta":{"_acf_changed":false,"footnotes":""},"class_list":["post-421321","page","type-page","status-publish","hentry"],"acf":[],"yoast_head":"<!-- This site is optimized with the Yoast SEO plugin v27.2 - https:\/\/yoast.com\/product\/yoast-seo-wordpress\/ -->\n<title>Welbevinden activiteiten Samo\u00ebns, station de ski et village authentique en Haute-Savoie<\/title>\n<meta name=\"robots\" content=\"index, follow, max-snippet:-1, max-image-preview:large, max-video-preview:-1\" \/>\n<link rel=\"canonical\" href=\"https:\/\/www.samoens.com\/nl\/zomeractiviteiten\/activites-bien-etre\/welbevinden-activiteiten\/\" \/>\n<meta property=\"og:locale\" content=\"nl_NL\" \/>\n<meta property=\"og:type\" content=\"article\" \/>\n<meta property=\"og:title\" content=\"Welbevinden activiteiten Samo\u00ebns, station de ski et village authentique en Haute-Savoie\" \/>\n<meta property=\"og:url\" content=\"https:\/\/www.samoens.com\/nl\/zomeractiviteiten\/activites-bien-etre\/welbevinden-activiteiten\/\" \/>\n<meta property=\"og:site_name\" content=\"Samo\u00ebns, station de ski et village authentique en Haute-Savoie\" \/>\n<meta name=\"twitter:card\" content=\"summary_large_image\" \/>\n<script type=\"application\/ld+json\" class=\"yoast-schema-graph\">{\"@context\":\"https:\/\/schema.org\",\"@graph\":[{\"@type\":\"WebPage\",\"@id\":\"https:\/\/www.samoens.com\/nl\/zomeractiviteiten\/activites-bien-etre\/welbevinden-activiteiten\/\",\"url\":\"https:\/\/www.samoens.com\/nl\/zomeractiviteiten\/activites-bien-etre\/welbevinden-activiteiten\/\",\"name\":\"Welbevinden activiteiten Samo\u00ebns, station de ski et village authentique en Haute-Savoie\",\"isPartOf\":{\"@id\":\"https:\/\/www.samoens.com\/#website\"},\"primaryImageOfPage\":{\"@id\":\"https:\/\/www.samoens.com\/nl\/zomeractiviteiten\/activites-bien-etre\/welbevinden-activiteiten\/#primaryimage\"},\"image\":{\"@id\":\"https:\/\/www.samoens.com\/nl\/zomeractiviteiten\/activites-bien-etre\/welbevinden-activiteiten\/#primaryimage\"},\"thumbnailUrl\":\"https:\/\/www.samoens.com\/wp-content\/uploads\/2019\/12\/Capture-d\u2019e\u0301cran-2019-12-10-a\u0300-14.10.30.png\",\"datePublished\":\"2020-07-24T15:24:04+00:00\",\"breadcrumb\":{\"@id\":\"https:\/\/www.samoens.com\/nl\/zomeractiviteiten\/activites-bien-etre\/welbevinden-activiteiten\/#breadcrumb\"},\"inLanguage\":\"nl-NL\",\"potentialAction\":[{\"@type\":\"ReadAction\",\"target\":[\"https:\/\/www.samoens.com\/nl\/zomeractiviteiten\/activites-bien-etre\/welbevinden-activiteiten\/\"]}]},{\"@type\":\"ImageObject\",\"inLanguage\":\"nl-NL\",\"@id\":\"https:\/\/www.samoens.com\/nl\/zomeractiviteiten\/activites-bien-etre\/welbevinden-activiteiten\/#primaryimage\",\"url\":\"https:\/\/www.samoens.com\/wp-content\/uploads\/2019\/12\/Capture-d\u2019e\u0301cran-2019-12-10-a\u0300-14.10.30.png\",\"contentUrl\":\"https:\/\/www.samoens.com\/wp-content\/uploads\/2019\/12\/Capture-d\u2019e\u0301cran-2019-12-10-a\u0300-14.10.30.png\",\"width\":1236,\"height\":822},{\"@type\":\"BreadcrumbList\",\"@id\":\"https:\/\/www.samoens.com\/nl\/zomeractiviteiten\/activites-bien-etre\/welbevinden-activiteiten\/#breadcrumb\",\"itemListElement\":[{\"@type\":\"ListItem\",\"position\":1,\"name\":\"Accueil\",\"item\":\"https:\/\/www.samoens.com\/nl\/\"},{\"@type\":\"ListItem\",\"position\":2,\"name\":\"Welzijn\",\"item\":\"https:\/\/www.samoens.com\/nl\/zomeractiviteiten\/activites-bien-etre\/\"},{\"@type\":\"ListItem\",\"position\":3,\"name\":\"zomeractiviteiten\",\"item\":\"https:\/\/www.samoens.com\/nl\/zomeractiviteiten\/\"},{\"@type\":\"ListItem\",\"position\":4,\"name\":\"Welbevinden activiteiten\"}]},{\"@type\":\"WebSite\",\"@id\":\"https:\/\/www.samoens.com\/#website\",\"url\":\"https:\/\/www.samoens.com\/\",\"name\":\"Samo\u00ebns, station de ski et village authentique en Haute-Savoie\",\"description\":\"Nich\u00e9e au coeur du domaine skiable du Grand Massif et \u00e0 moins d&#039;1h de Gen\u00e8ve, Samo\u00ebns rendra vos vacances inoubliables en \u00e9t\u00e9 comme en hiver\",\"potentialAction\":[{\"@type\":\"SearchAction\",\"target\":{\"@type\":\"EntryPoint\",\"urlTemplate\":\"https:\/\/www.samoens.com\/?s={search_term_string}\"},\"query-input\":{\"@type\":\"PropertyValueSpecification\",\"valueRequired\":true,\"valueName\":\"search_term_string\"}}],\"inLanguage\":\"nl-NL\"}]}<\/script>\n<!-- \/ Yoast SEO plugin. -->","yoast_head_json":{"title":"Welbevinden activiteiten Samo\u00ebns, station de ski et village authentique en Haute-Savoie","robots":{"index":"index","follow":"follow","max-snippet":"max-snippet:-1","max-image-preview":"max-image-preview:large","max-video-preview":"max-video-preview:-1"},"canonical":"https:\/\/www.samoens.com\/nl\/zomeractiviteiten\/activites-bien-etre\/welbevinden-activiteiten\/","og_locale":"nl_NL","og_type":"article","og_title":"Welbevinden activiteiten Samo\u00ebns, station de ski et village authentique en Haute-Savoie","og_url":"https:\/\/www.samoens.com\/nl\/zomeractiviteiten\/activites-bien-etre\/welbevinden-activiteiten\/","og_site_name":"Samo\u00ebns, station de ski et village authentique en Haute-Savoie","twitter_card":"summary_large_image","schema":{"@context":"https:\/\/schema.org","@graph":[{"@type":"WebPage","@id":"https:\/\/www.samoens.com\/nl\/zomeractiviteiten\/activites-bien-etre\/welbevinden-activiteiten\/","url":"https:\/\/www.samoens.com\/nl\/zomeractiviteiten\/activites-bien-etre\/welbevinden-activiteiten\/","name":"Welbevinden activiteiten Samo\u00ebns, station de ski et village authentique en Haute-Savoie","isPartOf":{"@id":"https:\/\/www.samoens.com\/#website"},"primaryImageOfPage":{"@id":"https:\/\/www.samoens.com\/nl\/zomeractiviteiten\/activites-bien-etre\/welbevinden-activiteiten\/#primaryimage"},"image":{"@id":"https:\/\/www.samoens.com\/nl\/zomeractiviteiten\/activites-bien-etre\/welbevinden-activiteiten\/#primaryimage"},"thumbnailUrl":"https:\/\/www.samoens.com\/wp-content\/uploads\/2019\/12\/Capture-d\u2019e\u0301cran-2019-12-10-a\u0300-14.10.30.png","datePublished":"2020-07-24T15:24:04+00:00","breadcrumb":{"@id":"https:\/\/www.samoens.com\/nl\/zomeractiviteiten\/activites-bien-etre\/welbevinden-activiteiten\/#breadcrumb"},"inLanguage":"nl-NL","potentialAction":[{"@type":"ReadAction","target":["https:\/\/www.samoens.com\/nl\/zomeractiviteiten\/activites-bien-etre\/welbevinden-activiteiten\/"]}]},{"@type":"ImageObject","inLanguage":"nl-NL","@id":"https:\/\/www.samoens.com\/nl\/zomeractiviteiten\/activites-bien-etre\/welbevinden-activiteiten\/#primaryimage","url":"https:\/\/www.samoens.com\/wp-content\/uploads\/2019\/12\/Capture-d\u2019e\u0301cran-2019-12-10-a\u0300-14.10.30.png","contentUrl":"https:\/\/www.samoens.com\/wp-content\/uploads\/2019\/12\/Capture-d\u2019e\u0301cran-2019-12-10-a\u0300-14.10.30.png","width":1236,"height":822},{"@type":"BreadcrumbList","@id":"https:\/\/www.samoens.com\/nl\/zomeractiviteiten\/activites-bien-etre\/welbevinden-activiteiten\/#breadcrumb","itemListElement":[{"@type":"ListItem","position":1,"name":"Accueil","item":"https:\/\/www.samoens.com\/nl\/"},{"@type":"ListItem","position":2,"name":"Welzijn","item":"https:\/\/www.samoens.com\/nl\/zomeractiviteiten\/activites-bien-etre\/"},{"@type":"ListItem","position":3,"name":"zomeractiviteiten","item":"https:\/\/www.samoens.com\/nl\/zomeractiviteiten\/"},{"@type":"ListItem","position":4,"name":"Welbevinden activiteiten"}]},{"@type":"WebSite","@id":"https:\/\/www.samoens.com\/#website","url":"https:\/\/www.samoens.com\/","name":"Samo\u00ebns, station de ski et village authentique en Haute-Savoie","description":"Nich\u00e9e au coeur du domaine skiable du Grand Massif et \u00e0 moins d&#039;1h de Gen\u00e8ve, Samo\u00ebns rendra vos vacances inoubliables en \u00e9t\u00e9 comme en hiver","potentialAction":[{"@type":"SearchAction","target":{"@type":"EntryPoint","urlTemplate":"https:\/\/www.samoens.com\/?s={search_term_string}"},"query-input":{"@type":"PropertyValueSpecification","valueRequired":true,"valueName":"search_term_string"}}],"inLanguage":"nl-NL"}]}},"_links":{"self":[{"href":"https:\/\/www.samoens.com\/nl\/wp-json\/wp\/v2\/pages\/421321","targetHints":{"allow":["GET"]}}],"collection":[{"href":"https:\/\/www.samoens.com\/nl\/wp-json\/wp\/v2\/pages"}],"about":[{"href":"https:\/\/www.samoens.com\/nl\/wp-json\/wp\/v2\/types\/page"}],"author":[{"embeddable":true,"href":"https:\/\/www.samoens.com\/nl\/wp-json\/wp\/v2\/users\/2"}],"replies":[{"embeddable":true,"href":"https:\/\/www.samoens.com\/nl\/wp-json\/wp\/v2\/comments?post=421321"}],"version-history":[{"count":0,"href":"https:\/\/www.samoens.com\/nl\/wp-json\/wp\/v2\/pages\/421321\/revisions"}],"up":[{"embeddable":true,"href":"https:\/\/www.samoens.com\/nl\/wp-json\/wp\/v2\/pages\/2702"}],"wp:featuredmedia":[{"embeddable":true,"href":"https:\/\/www.samoens.com\/nl\/wp-json\/wp\/v2\/media\/132677"}],"wp:attachment":[{"href":"https:\/\/www.samoens.com\/nl\/wp-json\/wp\/v2\/media?parent=421321"}],"curies":[{"name":"wp","href":"https:\/\/api.w.org\/{rel}","templated":true}]}}