{"id":417222,"date":"2020-07-05T15:05:20","date_gmt":"2020-07-05T13:05:20","guid":{"rendered":"https:\/\/www.samoens.com\/?page_id=417222"},"modified":"2024-07-29T11:51:06","modified_gmt":"2024-07-29T09:51:06","slug":"verhuur","status":"publish","type":"page","link":"https:\/\/www.samoens.com\/nl\/bonnes-adresses\/verhuur\/","title":{"rendered":"VERHUUR"},"content":{"rendered":"<div class=\"wpb-content-wrapper\"><p>[vc_row][vc_column][vc_column_text]<\/p>\n<h2>VERHUUR IN SAMOENS<\/h2>\n<p>[\/vc_column_text][\/vc_column][\/vc_row][vc_row][vc_column][vc_column_text]<\/p>\n<h2 class=\"chapeau\">Of u nu een fiets wilt huren, via ferrata apparatuur, ski&#8217;s, babyspullen, etc. onze sportwinkels staan klaar om u te verwelkomen en u zo goed mogelijk te bedienen!<\/h2>\n<p>[\/vc_column_text][\/vc_column][\/vc_row]<\/p>\n<\/div>","protected":false},"excerpt":{"rendered":"<p>[vc_row][vc_column][vc_column_text] VERHUUR IN SAMOENS [\/vc_column_text][\/vc_column][\/vc_row][vc_row][vc_column][vc_column_text] Of u nu een fiets wilt huren, via ferrata apparatuur, ski&#8217;s, babyspullen, etc. onze sportwinkels staan klaar om u te verwelkomen en u zo goed mogelijk te bedienen! [\/vc_column_text][\/vc_column][\/vc_row]<\/p>\n","protected":false},"author":2,"featured_media":592534,"parent":415753,"menu_order":6,"comment_status":"closed","ping_status":"closed","template":"template-liste-apidae.php","meta":{"_acf_changed":false,"footnotes":""},"class_list":["post-417222","page","type-page","status-publish","hentry"],"acf":[],"yoast_head":"<!-- This site is optimized with the Yoast SEO plugin v27.4 - https:\/\/yoast.com\/product\/yoast-seo-wordpress\/ -->\n<title>VERHUUR Samo\u00ebns, station de ski et village authentique en Haute-Savoie<\/title>\n<meta name=\"robots\" content=\"index, follow, max-snippet:-1, max-image-preview:large, max-video-preview:-1\" \/>\n<link rel=\"canonical\" href=\"https:\/\/www.samoens.com\/nl\/bonnes-adresses\/verhuur\/\" \/>\n<meta property=\"og:locale\" content=\"nl_NL\" \/>\n<meta property=\"og:type\" content=\"article\" \/>\n<meta property=\"og:title\" content=\"VERHUUR Samo\u00ebns, station de ski et village authentique en Haute-Savoie\" \/>\n<meta property=\"og:description\" content=\"[vc_row][vc_column][vc_column_text] VERHUUR IN SAMOENS [\/vc_column_text][\/vc_column][\/vc_row][vc_row][vc_column][vc_column_text] Of u nu een fiets wilt huren, via ferrata apparatuur, ski&#8217;s, babyspullen, etc. onze sportwinkels staan klaar om u te verwelkomen en u zo goed mogelijk te bedienen! [\/vc_column_text][\/vc_column][\/vc_row]\" \/>\n<meta property=\"og:url\" content=\"https:\/\/www.samoens.com\/nl\/bonnes-adresses\/verhuur\/\" \/>\n<meta property=\"og:site_name\" content=\"Samo\u00ebns, station de ski et village authentique en Haute-Savoie\" \/>\n<meta property=\"article:modified_time\" content=\"2024-07-29T09:51:06+00:00\" \/>\n<meta name=\"twitter:card\" content=\"summary_large_image\" \/>\n<script type=\"application\/ld+json\" class=\"yoast-schema-graph\">{\"@context\":\"https:\\\/\\\/schema.org\",\"@graph\":[{\"@type\":\"WebPage\",\"@id\":\"https:\\\/\\\/www.samoens.com\\\/nl\\\/bonnes-adresses\\\/verhuur\\\/\",\"url\":\"https:\\\/\\\/www.samoens.com\\\/nl\\\/bonnes-adresses\\\/verhuur\\\/\",\"name\":\"VERHUUR Samo\u00ebns, station de ski et village authentique en Haute-Savoie\",\"isPartOf\":{\"@id\":\"https:\\\/\\\/www.samoens.com\\\/#website\"},\"primaryImageOfPage\":{\"@id\":\"https:\\\/\\\/www.samoens.com\\\/nl\\\/bonnes-adresses\\\/verhuur\\\/#primaryimage\"},\"image\":{\"@id\":\"https:\\\/\\\/www.samoens.com\\\/nl\\\/bonnes-adresses\\\/verhuur\\\/#primaryimage\"},\"thumbnailUrl\":\"https:\\\/\\\/www.samoens.com\\\/wp-content\\\/uploads\\\/2024\\\/12\\\/La-Cyclaventure-Samoens-velo-autour-des-lacs.jpg\",\"datePublished\":\"2020-07-05T13:05:20+00:00\",\"dateModified\":\"2024-07-29T09:51:06+00:00\",\"breadcrumb\":{\"@id\":\"https:\\\/\\\/www.samoens.com\\\/nl\\\/bonnes-adresses\\\/verhuur\\\/#breadcrumb\"},\"inLanguage\":\"nl-NL\",\"potentialAction\":[{\"@type\":\"ReadAction\",\"target\":[\"https:\\\/\\\/www.samoens.com\\\/nl\\\/bonnes-adresses\\\/verhuur\\\/\"]}]},{\"@type\":\"ImageObject\",\"inLanguage\":\"nl-NL\",\"@id\":\"https:\\\/\\\/www.samoens.com\\\/nl\\\/bonnes-adresses\\\/verhuur\\\/#primaryimage\",\"url\":\"https:\\\/\\\/www.samoens.com\\\/wp-content\\\/uploads\\\/2024\\\/12\\\/La-Cyclaventure-Samoens-velo-autour-des-lacs.jpg\",\"contentUrl\":\"https:\\\/\\\/www.samoens.com\\\/wp-content\\\/uploads\\\/2024\\\/12\\\/La-Cyclaventure-Samoens-velo-autour-des-lacs.jpg\",\"width\":2000,\"height\":1429},{\"@type\":\"BreadcrumbList\",\"@id\":\"https:\\\/\\\/www.samoens.com\\\/nl\\\/bonnes-adresses\\\/verhuur\\\/#breadcrumb\",\"itemListElement\":[{\"@type\":\"ListItem\",\"position\":1,\"name\":\"Accueil\",\"item\":\"https:\\\/\\\/www.samoens.com\\\/nl\\\/\"},{\"@type\":\"ListItem\",\"position\":2,\"name\":\"Goede adressen\",\"item\":\"https:\\\/\\\/www.samoens.com\\\/nl\\\/bonnes-adresses\\\/\"},{\"@type\":\"ListItem\",\"position\":3,\"name\":\"VERHUUR\"}]},{\"@type\":\"WebSite\",\"@id\":\"https:\\\/\\\/www.samoens.com\\\/#website\",\"url\":\"https:\\\/\\\/www.samoens.com\\\/\",\"name\":\"Samo\u00ebns, station de ski et village authentique en Haute-Savoie\",\"description\":\"Nich\u00e9e au coeur du domaine skiable du Grand Massif et \u00e0 moins d&#039;1h de Gen\u00e8ve, Samo\u00ebns rendra vos vacances inoubliables en \u00e9t\u00e9 comme en hiver\",\"potentialAction\":[{\"@type\":\"SearchAction\",\"target\":{\"@type\":\"EntryPoint\",\"urlTemplate\":\"https:\\\/\\\/www.samoens.com\\\/?s={search_term_string}\"},\"query-input\":{\"@type\":\"PropertyValueSpecification\",\"valueRequired\":true,\"valueName\":\"search_term_string\"}}],\"inLanguage\":\"nl-NL\"}]}<\/script>\n<!-- \/ Yoast SEO plugin. -->","yoast_head_json":{"title":"VERHUUR Samo\u00ebns, station de ski et village authentique en Haute-Savoie","robots":{"index":"index","follow":"follow","max-snippet":"max-snippet:-1","max-image-preview":"max-image-preview:large","max-video-preview":"max-video-preview:-1"},"canonical":"https:\/\/www.samoens.com\/nl\/bonnes-adresses\/verhuur\/","og_locale":"nl_NL","og_type":"article","og_title":"VERHUUR Samo\u00ebns, station de ski et village authentique en Haute-Savoie","og_description":"[vc_row][vc_column][vc_column_text] VERHUUR IN SAMOENS [\/vc_column_text][\/vc_column][\/vc_row][vc_row][vc_column][vc_column_text] Of u nu een fiets wilt huren, via ferrata apparatuur, ski&#8217;s, babyspullen, etc. onze sportwinkels staan klaar om u te verwelkomen en u zo goed mogelijk te bedienen! [\/vc_column_text][\/vc_column][\/vc_row]","og_url":"https:\/\/www.samoens.com\/nl\/bonnes-adresses\/verhuur\/","og_site_name":"Samo\u00ebns, station de ski et village authentique en Haute-Savoie","article_modified_time":"2024-07-29T09:51:06+00:00","twitter_card":"summary_large_image","schema":{"@context":"https:\/\/schema.org","@graph":[{"@type":"WebPage","@id":"https:\/\/www.samoens.com\/nl\/bonnes-adresses\/verhuur\/","url":"https:\/\/www.samoens.com\/nl\/bonnes-adresses\/verhuur\/","name":"VERHUUR Samo\u00ebns, station de ski et village authentique en Haute-Savoie","isPartOf":{"@id":"https:\/\/www.samoens.com\/#website"},"primaryImageOfPage":{"@id":"https:\/\/www.samoens.com\/nl\/bonnes-adresses\/verhuur\/#primaryimage"},"image":{"@id":"https:\/\/www.samoens.com\/nl\/bonnes-adresses\/verhuur\/#primaryimage"},"thumbnailUrl":"https:\/\/www.samoens.com\/wp-content\/uploads\/2024\/12\/La-Cyclaventure-Samoens-velo-autour-des-lacs.jpg","datePublished":"2020-07-05T13:05:20+00:00","dateModified":"2024-07-29T09:51:06+00:00","breadcrumb":{"@id":"https:\/\/www.samoens.com\/nl\/bonnes-adresses\/verhuur\/#breadcrumb"},"inLanguage":"nl-NL","potentialAction":[{"@type":"ReadAction","target":["https:\/\/www.samoens.com\/nl\/bonnes-adresses\/verhuur\/"]}]},{"@type":"ImageObject","inLanguage":"nl-NL","@id":"https:\/\/www.samoens.com\/nl\/bonnes-adresses\/verhuur\/#primaryimage","url":"https:\/\/www.samoens.com\/wp-content\/uploads\/2024\/12\/La-Cyclaventure-Samoens-velo-autour-des-lacs.jpg","contentUrl":"https:\/\/www.samoens.com\/wp-content\/uploads\/2024\/12\/La-Cyclaventure-Samoens-velo-autour-des-lacs.jpg","width":2000,"height":1429},{"@type":"BreadcrumbList","@id":"https:\/\/www.samoens.com\/nl\/bonnes-adresses\/verhuur\/#breadcrumb","itemListElement":[{"@type":"ListItem","position":1,"name":"Accueil","item":"https:\/\/www.samoens.com\/nl\/"},{"@type":"ListItem","position":2,"name":"Goede adressen","item":"https:\/\/www.samoens.com\/nl\/bonnes-adresses\/"},{"@type":"ListItem","position":3,"name":"VERHUUR"}]},{"@type":"WebSite","@id":"https:\/\/www.samoens.com\/#website","url":"https:\/\/www.samoens.com\/","name":"Samo\u00ebns, station de ski et village authentique en Haute-Savoie","description":"Nich\u00e9e au coeur du domaine skiable du Grand Massif et \u00e0 moins d&#039;1h de Gen\u00e8ve, Samo\u00ebns rendra vos vacances inoubliables en \u00e9t\u00e9 comme en hiver","potentialAction":[{"@type":"SearchAction","target":{"@type":"EntryPoint","urlTemplate":"https:\/\/www.samoens.com\/?s={search_term_string}"},"query-input":{"@type":"PropertyValueSpecification","valueRequired":true,"valueName":"search_term_string"}}],"inLanguage":"nl-NL"}]}},"_links":{"self":[{"href":"https:\/\/www.samoens.com\/nl\/wp-json\/wp\/v2\/pages\/417222","targetHints":{"allow":["GET"]}}],"collection":[{"href":"https:\/\/www.samoens.com\/nl\/wp-json\/wp\/v2\/pages"}],"about":[{"href":"https:\/\/www.samoens.com\/nl\/wp-json\/wp\/v2\/types\/page"}],"author":[{"embeddable":true,"href":"https:\/\/www.samoens.com\/nl\/wp-json\/wp\/v2\/users\/2"}],"replies":[{"embeddable":true,"href":"https:\/\/www.samoens.com\/nl\/wp-json\/wp\/v2\/comments?post=417222"}],"version-history":[{"count":2,"href":"https:\/\/www.samoens.com\/nl\/wp-json\/wp\/v2\/pages\/417222\/revisions"}],"predecessor-version":[{"id":590688,"href":"https:\/\/www.samoens.com\/nl\/wp-json\/wp\/v2\/pages\/417222\/revisions\/590688"}],"up":[{"embeddable":true,"href":"https:\/\/www.samoens.com\/nl\/wp-json\/wp\/v2\/pages\/415753"}],"wp:featuredmedia":[{"embeddable":true,"href":"https:\/\/www.samoens.com\/nl\/wp-json\/wp\/v2\/media\/592534"}],"wp:attachment":[{"href":"https:\/\/www.samoens.com\/nl\/wp-json\/wp\/v2\/media?parent=417222"}],"curies":[{"name":"wp","href":"https:\/\/api.w.org\/{rel}","templated":true}]}}