{"id":416459,"date":"2020-07-03T17:17:26","date_gmt":"2020-07-03T15:17:26","guid":{"rendered":"https:\/\/www.samoens.com\/?page_id=416459"},"modified":"2025-05-23T17:31:39","modified_gmt":"2025-05-23T15:31:39","slug":"zomeractiviteiten","status":"publish","type":"page","link":"https:\/\/www.samoens.com\/nl\/zomeractiviteiten\/","title":{"rendered":"zomeractiviteiten"},"content":{"rendered":"<div class=\"wpb-content-wrapper\"><p>[vc_row][vc_column][vc_column_text]<span id=\"s2_1\">De familie zomeractiviteiten in Samo\u00ebns bieden de mogelijkheid om te oxygeneren in de bergen, om te ontspannen of om veel sporten te beoefenen.<\/span>\u00a0<span id=\"s2_2\">Voeg hieraan de ontdekking van de fauna en flora van de Alpen, evenals het culturele, historische en gastronomische erfgoed van de Haute-Savoie.<\/span>\u00a0<span id=\"s2_3\">Iedereen zal vinden wat ze nodig hebben!<\/span><\/p>\n<p><span id=\"s2_4\">In de familie zult u ongetwijfeld uw geluk vinden en dat van uw kinderen of kleinkinderen doen.<\/span>\u00a0<span id=\"s2_5\">Een vakantie in Samo\u00ebns is de verzekering dat er voor tieners of jongere kinderen gezorgd moet worden.<\/span>\u00a0<span id=\"s2_6\">Er is voor ieder wat wils: Zwembad, paintball of vrije tijd.<\/span>\u00a0<span id=\"s2_7\">Baby&#8217;s worden niet vergeten, omdat je ter plaatse genoeg te huur materiaal en een hoek baby verschedt bij het VVV-kantoor.<\/span><\/p>\n<h3>KLIM JE NAAR DE MONT-BLANC OF SPELEOLOGIE?<\/h3>\n<p><span id=\"s2_6\"><span id=\"s2_1\">Een gezonde geest in een lichaamborst op vakantie.<\/span>\u00a0<span id=\"s2_2\">Om in deze combinatie te slagen, presenteert het Samo\u00ebns VVV u met activiteitsaanbieders voor een onvergetelijk verblijf.<\/span>\u00a0<span id=\"s2_3\">Van bergtraining voor een klim naar de Mont Blanc, tot een tussenstop en speleologie: In de zomer worden er veel bergactiviteiten aangeboden.<\/span>\u00a0<span id=\"s2_4\">Ze zijn toegankelijk, zodat u de typische kenmerken van Samo\u00ebns en de omgeving kunt ontdekken.<\/span>\u00a0<span id=\"s2_5\">Grotten en Abysses maken inderdaad deel uit van het verborgen landschap van onze regio.<\/span>\u00a0Het diepste in Frankrijk is de afgrond van Mirolda, die uiteindelijk een diepte van 1,733 meter heeft.<\/span><\/p>\n<h3>OEFEN JE FAVORIETE SPORT IN DE BERGEN<\/h3>\n<p><span id=\"s2_1\">Liefhebbers van wateractiviteiten zullen niet achterblijven.<\/span>\u00a0<span id=\"s2_2\">Op Samo\u00ebns kun je raften, aquapeed, canyoning, vissen en zelfs waterski\u00ebn beoefenen!<\/span>\u00a0<span id=\"s2_3\">Terug naar het vasteland met 400 km aan paden, 28 Freeride- en Single Track-paden en een legendarische pas.<\/span>\u00a0<span id=\"s2_4\">Deze speeltuin in het hart van de Haut-Giffre zal alle mountainbikers gelukkig maken.<\/span>\u00a0<span id=\"s2_5\">Nog steeds op dit land van de Alpen bieden de kwaliteit van de faciliteiten en het immense natuurgebied rond Samo\u00ebns u de mogelijkheid om nog veel meer sporten te beoefenen.<\/span>\u00a0<span id=\"s2_6\">Op het zomerprogramma: Avontuur, paragliding, paardrijden of multi-activiteit weken.<\/span><\/p>\n<p><span id=\"s2_7\">U hoeft alleen maar contact op te nemen met onze activity providers.<\/span>\u00a0<span id=\"s2_8\">Ze hebben zeker de activiteit van uw dromen, voor een onvergetelijk verblijf!<\/span>[\/vc_column_text][\/vc_column][\/vc_row][vc_row][vc_column width=&#8221;1\/3&#8243;][vc_single_image image=&#8221;164&#8243; img_size=&#8221;medium&#8221; alignment=&#8221;center&#8221; onclick=&#8221;custom_link&#8221; img_link_target=&#8221;_blank&#8221; title=&#8221;rondleidingen&#8221; el_class=&#8221;lienversliste&#8221; link=&#8221;https:\/\/www.samoens.com\/nl\/rondleidingen-door-het-erfgoed-van-samoens\/&#8221;][vc_single_image image=&#8221;50577&#8243; img_size=&#8221;medium&#8221; alignment=&#8221;center&#8221; onclick=&#8221;custom_link&#8221; img_link_target=&#8221;_blank&#8221; title=&#8221;vrije tijd&#8221; link=&#8221;https:\/\/www.samoens.com\/nl\/articles_apidae\/lac-aux-dames-recreatiecentrum-in-de-zomer\/&#8221; el_class=&#8221;lienversliste&#8221;][vc_single_image image=&#8221;181&#8243; img_size=&#8221;medium&#8221; alignment=&#8221;center&#8221; onclick=&#8221;custom_link&#8221; img_link_target=&#8221;_blank&#8221; title=&#8221;FAMILIE&#8221; link=&#8221;https:\/\/www.samoens.com\/nl\/activites-famille\/&#8221; el_class=&#8221;lienversliste&#8221;][\/vc_column][vc_column width=&#8221;1\/3&#8243;][vc_single_image image=&#8221;195&#8243; img_size=&#8221;medium&#8221; alignment=&#8221;center&#8221; onclick=&#8221;custom_link&#8221; img_link_target=&#8221;_blank&#8221; title=&#8221;ROCK EN BERG&#8221; link=&#8221;https:\/\/www.samoens.com\/nl\/activiteiten-in-de-bergen\/&#8221; el_class=&#8221;lienversliste&#8221;][vc_single_image image=&#8221;50587&#8243; img_size=&#8221;medium&#8221; alignment=&#8221;center&#8221; onclick=&#8221;custom_link&#8221; img_link_target=&#8221;_blank&#8221; title=&#8221;2 WIELEN&#8221; link=&#8221;https:\/\/www.samoens.com\/nl\/2-wielen\/&#8221; el_class=&#8221;lienversliste&#8221;][vc_single_image image=&#8221;11781&#8243; img_size=&#8221;medium&#8221; alignment=&#8221;center&#8221; onclick=&#8221;custom_link&#8221; img_link_target=&#8221;_blank&#8221; title=&#8221;WELLNESS&#8221; link=&#8221;https:\/\/www.samoens.com\/nl\/activites-bien-etre\/&#8221; el_class=&#8221;lienversliste&#8221;][vc_single_image image=&#8221;596191&#8243; img_size=&#8221;medium&#8221; alignment=&#8221;center&#8221; onclick=&#8221;custom_link&#8221; title=&#8221;Vakantie in Samo\u00ebns met je hond&#8221; link=&#8221;https:\/\/www.samoens.com\/nl\/op-vakantie-met-mijn-hond\/&#8221; el_class=&#8221;lienversliste&#8221;][\/vc_column][vc_column width=&#8221;1\/3&#8243;][vc_single_image image=&#8221;50573&#8243; img_size=&#8221;medium&#8221; alignment=&#8221;center&#8221; onclick=&#8221;custom_link&#8221; img_link_target=&#8221;_blank&#8221; title=&#8221;WATER&#8221; link=&#8221;https:\/\/www.samoens.com\/nl\/wateractiviteiten\/&#8221; el_class=&#8221;lienversliste&#8221;][vc_single_image image=&#8221;155&#8243; img_size=&#8221;medium&#8221; alignment=&#8221;center&#8221; onclick=&#8221;custom_link&#8221; img_link_target=&#8221;_blank&#8221; title=&#8221;wandelen&#8221; link=&#8221;https:\/\/www.samoens.com\/nl\/wandelen\/&#8221; el_class=&#8221;lienversliste&#8221;][vc_single_image image=&#8221;413885&#8243; img_size=&#8221;medium&#8221; alignment=&#8221;center&#8221; onclick=&#8221;custom_link&#8221; img_link_target=&#8221;_blank&#8221; title=&#8221;HANDICAPS&#8221; link=&#8221;https:\/\/www.samoens.com\/nl\/handicaps-in-de-bergen-in-samoens-zomer\/&#8221; el_class=&#8221;lienversliste&#8221;][\/vc_column][\/vc_row]<\/p>\n<\/div>","protected":false},"excerpt":{"rendered":"<p>[vc_row][vc_column][vc_column_text]De familie zomeractiviteiten in Samo\u00ebns bieden de mogelijkheid om te oxygeneren in de bergen, om te ontspannen of om veel sporten te beoefenen.\u00a0Voeg hieraan de ontdekking van de fauna en flora van de Alpen, evenals het culturele, historische en gastronomische erfgoed van de Haute-Savoie.\u00a0Iedereen zal vinden wat ze nodig hebben! In de familie zult u [&hellip;]<\/p>\n","protected":false},"author":2,"featured_media":426836,"parent":0,"menu_order":1,"comment_status":"open","ping_status":"closed","template":"","meta":{"_acf_changed":false,"footnotes":""},"class_list":["post-416459","page","type-page","status-publish","hentry"],"acf":[],"yoast_head":"<!-- This site is optimized with the Yoast SEO plugin v27.2 - https:\/\/yoast.com\/product\/yoast-seo-wordpress\/ -->\n<title>zomeractiviteiten Samo\u00ebns, station de ski et village authentique en Haute-Savoie<\/title>\n<meta name=\"robots\" content=\"index, follow, max-snippet:-1, max-image-preview:large, max-video-preview:-1\" \/>\n<link rel=\"canonical\" href=\"https:\/\/www.samoens.com\/nl\/zomeractiviteiten\/\" \/>\n<meta property=\"og:locale\" content=\"nl_NL\" \/>\n<meta property=\"og:type\" content=\"article\" \/>\n<meta property=\"og:title\" content=\"zomeractiviteiten Samo\u00ebns, station de ski et village authentique en Haute-Savoie\" \/>\n<meta property=\"og:description\" content=\"[vc_row][vc_column][vc_column_text]De familie zomeractiviteiten in Samo\u00ebns bieden de mogelijkheid om te oxygeneren in de bergen, om te ontspannen of om veel sporten te beoefenen.\u00a0Voeg hieraan de ontdekking van de fauna en flora van de Alpen, evenals het culturele, historische en gastronomische erfgoed van de Haute-Savoie.\u00a0Iedereen zal vinden wat ze nodig hebben! In de familie zult u [&hellip;]\" \/>\n<meta property=\"og:url\" content=\"https:\/\/www.samoens.com\/nl\/zomeractiviteiten\/\" \/>\n<meta property=\"og:site_name\" content=\"Samo\u00ebns, station de ski et village authentique en Haute-Savoie\" \/>\n<meta property=\"article:modified_time\" content=\"2025-05-23T15:31:39+00:00\" \/>\n<meta property=\"og:image\" content=\"https:\/\/www.samoens.com\/wp-content\/uploads\/2020\/08\/Samoe\u00a6ens-001.jpg\" \/>\n\t<meta property=\"og:image:width\" content=\"2259\" \/>\n\t<meta property=\"og:image:height\" content=\"964\" \/>\n\t<meta property=\"og:image:type\" content=\"image\/jpeg\" \/>\n<meta name=\"twitter:card\" content=\"summary_large_image\" \/>\n<meta name=\"twitter:label1\" content=\"Geschatte leestijd\" \/>\n\t<meta name=\"twitter:data1\" content=\"3 minuten\" \/>\n<script type=\"application\/ld+json\" class=\"yoast-schema-graph\">{\"@context\":\"https:\/\/schema.org\",\"@graph\":[{\"@type\":\"WebPage\",\"@id\":\"https:\/\/www.samoens.com\/nl\/zomeractiviteiten\/\",\"url\":\"https:\/\/www.samoens.com\/nl\/zomeractiviteiten\/\",\"name\":\"zomeractiviteiten Samo\u00ebns, station de ski et village authentique en Haute-Savoie\",\"isPartOf\":{\"@id\":\"https:\/\/www.samoens.com\/#website\"},\"primaryImageOfPage\":{\"@id\":\"https:\/\/www.samoens.com\/nl\/zomeractiviteiten\/#primaryimage\"},\"image\":{\"@id\":\"https:\/\/www.samoens.com\/nl\/zomeractiviteiten\/#primaryimage\"},\"thumbnailUrl\":\"https:\/\/www.samoens.com\/wp-content\/uploads\/2020\/08\/Samoe\u00a6ens-001.jpg\",\"datePublished\":\"2020-07-03T15:17:26+00:00\",\"dateModified\":\"2025-05-23T15:31:39+00:00\",\"breadcrumb\":{\"@id\":\"https:\/\/www.samoens.com\/nl\/zomeractiviteiten\/#breadcrumb\"},\"inLanguage\":\"nl-NL\",\"potentialAction\":[{\"@type\":\"ReadAction\",\"target\":[\"https:\/\/www.samoens.com\/nl\/zomeractiviteiten\/\"]}]},{\"@type\":\"ImageObject\",\"inLanguage\":\"nl-NL\",\"@id\":\"https:\/\/www.samoens.com\/nl\/zomeractiviteiten\/#primaryimage\",\"url\":\"https:\/\/www.samoens.com\/wp-content\/uploads\/2020\/08\/Samoe\u00a6ens-001.jpg\",\"contentUrl\":\"https:\/\/www.samoens.com\/wp-content\/uploads\/2020\/08\/Samoe\u00a6ens-001.jpg\",\"width\":2259,\"height\":964,\"caption\":\"Point de vue panoramique sur le massif du Mont-Blanc depuis le lac de joux Plane.\"},{\"@type\":\"BreadcrumbList\",\"@id\":\"https:\/\/www.samoens.com\/nl\/zomeractiviteiten\/#breadcrumb\",\"itemListElement\":[{\"@type\":\"ListItem\",\"position\":1,\"name\":\"Accueil\",\"item\":\"https:\/\/www.samoens.com\/nl\/\"},{\"@type\":\"ListItem\",\"position\":2,\"name\":\"zomeractiviteiten\"}]},{\"@type\":\"WebSite\",\"@id\":\"https:\/\/www.samoens.com\/#website\",\"url\":\"https:\/\/www.samoens.com\/\",\"name\":\"Samo\u00ebns, station de ski et village authentique en Haute-Savoie\",\"description\":\"Nich\u00e9e au coeur du domaine skiable du Grand Massif et \u00e0 moins d&#039;1h de Gen\u00e8ve, Samo\u00ebns rendra vos vacances inoubliables en \u00e9t\u00e9 comme en hiver\",\"potentialAction\":[{\"@type\":\"SearchAction\",\"target\":{\"@type\":\"EntryPoint\",\"urlTemplate\":\"https:\/\/www.samoens.com\/?s={search_term_string}\"},\"query-input\":{\"@type\":\"PropertyValueSpecification\",\"valueRequired\":true,\"valueName\":\"search_term_string\"}}],\"inLanguage\":\"nl-NL\"}]}<\/script>\n<!-- \/ Yoast SEO plugin. -->","yoast_head_json":{"title":"zomeractiviteiten Samo\u00ebns, station de ski et village authentique en Haute-Savoie","robots":{"index":"index","follow":"follow","max-snippet":"max-snippet:-1","max-image-preview":"max-image-preview:large","max-video-preview":"max-video-preview:-1"},"canonical":"https:\/\/www.samoens.com\/nl\/zomeractiviteiten\/","og_locale":"nl_NL","og_type":"article","og_title":"zomeractiviteiten Samo\u00ebns, station de ski et village authentique en Haute-Savoie","og_description":"[vc_row][vc_column][vc_column_text]De familie zomeractiviteiten in Samo\u00ebns bieden de mogelijkheid om te oxygeneren in de bergen, om te ontspannen of om veel sporten te beoefenen.\u00a0Voeg hieraan de ontdekking van de fauna en flora van de Alpen, evenals het culturele, historische en gastronomische erfgoed van de Haute-Savoie.\u00a0Iedereen zal vinden wat ze nodig hebben! In de familie zult u [&hellip;]","og_url":"https:\/\/www.samoens.com\/nl\/zomeractiviteiten\/","og_site_name":"Samo\u00ebns, station de ski et village authentique en Haute-Savoie","article_modified_time":"2025-05-23T15:31:39+00:00","og_image":[{"width":2259,"height":964,"url":"https:\/\/www.samoens.com\/wp-content\/uploads\/2020\/08\/Samoe\u00a6ens-001.jpg","type":"image\/jpeg"}],"twitter_card":"summary_large_image","twitter_misc":{"Geschatte leestijd":"3 minuten"},"schema":{"@context":"https:\/\/schema.org","@graph":[{"@type":"WebPage","@id":"https:\/\/www.samoens.com\/nl\/zomeractiviteiten\/","url":"https:\/\/www.samoens.com\/nl\/zomeractiviteiten\/","name":"zomeractiviteiten Samo\u00ebns, station de ski et village authentique en Haute-Savoie","isPartOf":{"@id":"https:\/\/www.samoens.com\/#website"},"primaryImageOfPage":{"@id":"https:\/\/www.samoens.com\/nl\/zomeractiviteiten\/#primaryimage"},"image":{"@id":"https:\/\/www.samoens.com\/nl\/zomeractiviteiten\/#primaryimage"},"thumbnailUrl":"https:\/\/www.samoens.com\/wp-content\/uploads\/2020\/08\/Samoe\u00a6ens-001.jpg","datePublished":"2020-07-03T15:17:26+00:00","dateModified":"2025-05-23T15:31:39+00:00","breadcrumb":{"@id":"https:\/\/www.samoens.com\/nl\/zomeractiviteiten\/#breadcrumb"},"inLanguage":"nl-NL","potentialAction":[{"@type":"ReadAction","target":["https:\/\/www.samoens.com\/nl\/zomeractiviteiten\/"]}]},{"@type":"ImageObject","inLanguage":"nl-NL","@id":"https:\/\/www.samoens.com\/nl\/zomeractiviteiten\/#primaryimage","url":"https:\/\/www.samoens.com\/wp-content\/uploads\/2020\/08\/Samoe\u00a6ens-001.jpg","contentUrl":"https:\/\/www.samoens.com\/wp-content\/uploads\/2020\/08\/Samoe\u00a6ens-001.jpg","width":2259,"height":964,"caption":"Point de vue panoramique sur le massif du Mont-Blanc depuis le lac de joux Plane."},{"@type":"BreadcrumbList","@id":"https:\/\/www.samoens.com\/nl\/zomeractiviteiten\/#breadcrumb","itemListElement":[{"@type":"ListItem","position":1,"name":"Accueil","item":"https:\/\/www.samoens.com\/nl\/"},{"@type":"ListItem","position":2,"name":"zomeractiviteiten"}]},{"@type":"WebSite","@id":"https:\/\/www.samoens.com\/#website","url":"https:\/\/www.samoens.com\/","name":"Samo\u00ebns, station de ski et village authentique en Haute-Savoie","description":"Nich\u00e9e au coeur du domaine skiable du Grand Massif et \u00e0 moins d&#039;1h de Gen\u00e8ve, Samo\u00ebns rendra vos vacances inoubliables en \u00e9t\u00e9 comme en hiver","potentialAction":[{"@type":"SearchAction","target":{"@type":"EntryPoint","urlTemplate":"https:\/\/www.samoens.com\/?s={search_term_string}"},"query-input":{"@type":"PropertyValueSpecification","valueRequired":true,"valueName":"search_term_string"}}],"inLanguage":"nl-NL"}]}},"_links":{"self":[{"href":"https:\/\/www.samoens.com\/nl\/wp-json\/wp\/v2\/pages\/416459","targetHints":{"allow":["GET"]}}],"collection":[{"href":"https:\/\/www.samoens.com\/nl\/wp-json\/wp\/v2\/pages"}],"about":[{"href":"https:\/\/www.samoens.com\/nl\/wp-json\/wp\/v2\/types\/page"}],"author":[{"embeddable":true,"href":"https:\/\/www.samoens.com\/nl\/wp-json\/wp\/v2\/users\/2"}],"replies":[{"embeddable":true,"href":"https:\/\/www.samoens.com\/nl\/wp-json\/wp\/v2\/comments?post=416459"}],"version-history":[{"count":1,"href":"https:\/\/www.samoens.com\/nl\/wp-json\/wp\/v2\/pages\/416459\/revisions"}],"predecessor-version":[{"id":596473,"href":"https:\/\/www.samoens.com\/nl\/wp-json\/wp\/v2\/pages\/416459\/revisions\/596473"}],"wp:featuredmedia":[{"embeddable":true,"href":"https:\/\/www.samoens.com\/nl\/wp-json\/wp\/v2\/media\/426836"}],"wp:attachment":[{"href":"https:\/\/www.samoens.com\/nl\/wp-json\/wp\/v2\/media?parent=416459"}],"curies":[{"name":"wp","href":"https:\/\/api.w.org\/{rel}","templated":true}]}}