{"id":416415,"date":"2020-07-03T14:01:57","date_gmt":"2020-07-03T12:01:57","guid":{"rendered":"https:\/\/www.samoens.com\/?page_id=416415"},"modified":"2024-07-29T09:59:16","modified_gmt":"2024-07-29T07:59:16","slug":"samoens-het-dorp","status":"publish","type":"page","link":"https:\/\/www.samoens.com\/nl\/samoens-het-dorp\/","title":{"rendered":"Samo\u00ebns, het dorp"},"content":{"rendered":"<div class=\"wpb-content-wrapper\"><p>[vc_row][vc_column][vc_column_text]<\/p>\n<h2>De geschiedenis van het dorp Samo\u00ebns<\/h2>\n<p>[\/vc_column_text][vc_column_text]<\/p>\n<h2 class=\"chapeau\"><span id=\"s2_1\">Het historische hart van Samo\u00ebns, met zijn oude Halles, kerk en de Big Linden, doet denken aan een bijna duizendjarige geschiedenis en voorouderlijk erfgoed.<\/span>\u00a0<span id=\"s2_2\">De naam \u00abSamo\u00ebns\u00bb gaat terug tot het jaar 1167. Het komt uit een middeleeuwse uitdrukking die \u00abde zeven bergen\u00bb omringt het dorp beschrijft: Cuidex, Vigny, Folly, Oddaz, Bostan, Chardonni\u00e8re, Freterolles, La Vullie.<\/span>\u00a0<span id=\"s2_3\">Dit is de reden dat de inwoners van het dorp septimontains en septimontaines worden genoemd.<\/span><\/h2>\n<p>[\/vc_column_text][\/vc_column][\/vc_row][vc_row][vc_column width=&#8221;1\/3&#8243;][vc_single_image image=&#8221;1435&#8243; img_size=&#8221;medium&#8221; alignment=&#8221;center&#8221; onclick=&#8221;custom_link&#8221; img_link_target=&#8221;_blank&#8221; title=&#8221;200 JAAR VAN HET TOERISME&#8221; link=&#8221;https:\/\/www.samoens.com\/nl\/geen-onderdeel-van-een-categorie\/geschiedenis-samoens-de-stad-van-zeven-bergen\/&#8221; el_class=&#8221;lienversliste&#8221;][vc_single_image image=&#8221;1233&#8243; img_size=&#8221;medium&#8221; alignment=&#8221;center&#8221; onclick=&#8221;custom_link&#8221; img_link_target=&#8221;_blank&#8221; title=&#8221;DE GROTE LINDEBOOM&#8221; link=&#8221;https:\/\/www.samoens.com\/nl\/de-grote-linde\/&#8221; el_class=&#8221;lienversliste&#8221;][vc_single_image image=&#8221;413869&#8243; img_size=&#8221;medium&#8221; alignment=&#8221;center&#8221; onclick=&#8221;custom_link&#8221; img_link_target=&#8221;_blank&#8221; title=&#8221;Natuurreservaat&#8221; link=&#8221;https:\/\/www.samoens.com\/nl\/articles_apidae\/reserve-naturelle-de-sixt-fer-a-cheval-2\/&#8221; el_class=&#8221;lienversliste&#8221;][\/vc_column][vc_column width=&#8221;1\/3&#8243;][vc_single_image image=&#8221;173&#8243; img_size=&#8221;medium&#8221; alignment=&#8221;center&#8221; onclick=&#8221;custom_link&#8221; img_link_target=&#8221;_blank&#8221; title=&#8221;Botanische Tuin&#8221; link=&#8221;https:\/\/www.samoens.com\/nl\/erfgoed\/alpine-botanische-tuin-ja-lasinia\/&#8221; el_class=&#8221;lienversliste&#8221;][vc_single_image image=&#8221;1236&#8243; img_size=&#8221;medium&#8221; alignment=&#8221;center&#8221; onclick=&#8221;custom_link&#8221; img_link_target=&#8221;_blank&#8221; title=&#8221;gehucht&#8221; link=&#8221;https:\/\/www.samoens.com\/nl\/de-hameaux\/&#8221; el_class=&#8221;lienversliste&#8221;][vc_single_image image=&#8221;3385&#8243; img_size=&#8221;medium&#8221; alignment=&#8221;center&#8221; onclick=&#8221;custom_link&#8221; img_link_target=&#8221;_blank&#8221; title=&#8221;rondleiding&#8221; link=&#8221;https:\/\/www.samoens.com\/nl\/rondleidingen-door-het-erfgoed-van-samoens\/&#8221; el_class=&#8221;lienversliste&#8221;][\/vc_column][vc_column width=&#8221;1\/3&#8243;][vc_single_image image=&#8221;1238&#8243; img_size=&#8221;medium&#8221; alignment=&#8221;center&#8221; onclick=&#8221;custom_link&#8221; img_link_target=&#8221;_blank&#8221; title=&#8221;THE CHAPELS&#8221; link=&#8221;https:\/\/www.samoens.com\/en\/uncategorized\/the-chapels\/&#8221; el_class=&#8221;lienversliste&#8221;][vc_single_image image=&#8221;413863&#8243; img_size=&#8221;medium&#8221; alignment=&#8221;center&#8221; onclick=&#8221;custom_link&#8221; img_link_target=&#8221;_blank&#8221; title=&#8221;DE ECOMUSEE&#8221; link=&#8221;https:\/\/www.samoens.com\/nl\/erfgoed\/lecomusee\/&#8221; el_class=&#8221;lienversliste&#8221;][\/vc_column][\/vc_row][vc_row][vc_column][\/vc_column][\/vc_row]<\/p>\n<\/div>","protected":false},"excerpt":{"rendered":"<p>[vc_row][vc_column][vc_column_text] De geschiedenis van het dorp Samo\u00ebns [\/vc_column_text][vc_column_text] Het historische hart van Samo\u00ebns, met zijn oude Halles, kerk en de Big Linden, doet denken aan een bijna duizendjarige geschiedenis en voorouderlijk erfgoed.\u00a0De naam \u00abSamo\u00ebns\u00bb gaat terug tot het jaar 1167. Het komt uit een middeleeuwse uitdrukking die \u00abde zeven bergen\u00bb omringt het dorp beschrijft: Cuidex, [&hellip;]<\/p>\n","protected":false},"author":2,"featured_media":426839,"parent":0,"menu_order":96,"comment_status":"closed","ping_status":"closed","template":"","meta":{"_acf_changed":false,"footnotes":""},"class_list":["post-416415","page","type-page","status-publish","hentry"],"acf":[],"yoast_head":"<!-- This site is optimized with the Yoast SEO plugin v27.4 - https:\/\/yoast.com\/product\/yoast-seo-wordpress\/ -->\n<title>Samo\u00ebns, het dorp Samo\u00ebns, station de ski et village authentique en Haute-Savoie<\/title>\n<meta name=\"robots\" content=\"index, follow, max-snippet:-1, max-image-preview:large, max-video-preview:-1\" \/>\n<link rel=\"canonical\" href=\"https:\/\/www.samoens.com\/nl\/samoens-het-dorp\/\" \/>\n<meta property=\"og:locale\" content=\"nl_NL\" \/>\n<meta property=\"og:type\" content=\"article\" \/>\n<meta property=\"og:title\" content=\"Samo\u00ebns, het dorp Samo\u00ebns, station de ski et village authentique en Haute-Savoie\" \/>\n<meta property=\"og:description\" content=\"[vc_row][vc_column][vc_column_text] De geschiedenis van het dorp Samo\u00ebns [\/vc_column_text][vc_column_text] Het historische hart van Samo\u00ebns, met zijn oude Halles, kerk en de Big Linden, doet denken aan een bijna duizendjarige geschiedenis en voorouderlijk erfgoed.\u00a0De naam \u00abSamo\u00ebns\u00bb gaat terug tot het jaar 1167. Het komt uit een middeleeuwse uitdrukking die \u00abde zeven bergen\u00bb omringt het dorp beschrijft: Cuidex, [&hellip;]\" \/>\n<meta property=\"og:url\" content=\"https:\/\/www.samoens.com\/nl\/samoens-het-dorp\/\" \/>\n<meta property=\"og:site_name\" content=\"Samo\u00ebns, station de ski et village authentique en Haute-Savoie\" \/>\n<meta property=\"article:modified_time\" content=\"2024-07-29T07:59:16+00:00\" \/>\n<meta property=\"og:image\" content=\"https:\/\/www.samoens.com\/wp-content\/uploads\/2020\/08\/Samoe\u00a6ens-006.jpg\" \/>\n\t<meta property=\"og:image:width\" content=\"2522\" \/>\n\t<meta property=\"og:image:height\" content=\"987\" \/>\n\t<meta property=\"og:image:type\" content=\"image\/jpeg\" \/>\n<meta name=\"twitter:card\" content=\"summary_large_image\" \/>\n<meta name=\"twitter:label1\" content=\"Geschatte leestijd\" \/>\n\t<meta name=\"twitter:data1\" content=\"2 minuten\" \/>\n<script type=\"application\/ld+json\" class=\"yoast-schema-graph\">{\"@context\":\"https:\\\/\\\/schema.org\",\"@graph\":[{\"@type\":\"WebPage\",\"@id\":\"https:\\\/\\\/www.samoens.com\\\/nl\\\/samoens-het-dorp\\\/\",\"url\":\"https:\\\/\\\/www.samoens.com\\\/nl\\\/samoens-het-dorp\\\/\",\"name\":\"Samo\u00ebns, het dorp Samo\u00ebns, station de ski et village authentique en Haute-Savoie\",\"isPartOf\":{\"@id\":\"https:\\\/\\\/www.samoens.com\\\/#website\"},\"primaryImageOfPage\":{\"@id\":\"https:\\\/\\\/www.samoens.com\\\/nl\\\/samoens-het-dorp\\\/#primaryimage\"},\"image\":{\"@id\":\"https:\\\/\\\/www.samoens.com\\\/nl\\\/samoens-het-dorp\\\/#primaryimage\"},\"thumbnailUrl\":\"https:\\\/\\\/www.samoens.com\\\/wp-content\\\/uploads\\\/2020\\\/08\\\/Samoe\u00a6ens-006.jpg\",\"datePublished\":\"2020-07-03T12:01:57+00:00\",\"dateModified\":\"2024-07-29T07:59:16+00:00\",\"breadcrumb\":{\"@id\":\"https:\\\/\\\/www.samoens.com\\\/nl\\\/samoens-het-dorp\\\/#breadcrumb\"},\"inLanguage\":\"nl-NL\",\"potentialAction\":[{\"@type\":\"ReadAction\",\"target\":[\"https:\\\/\\\/www.samoens.com\\\/nl\\\/samoens-het-dorp\\\/\"]}]},{\"@type\":\"ImageObject\",\"inLanguage\":\"nl-NL\",\"@id\":\"https:\\\/\\\/www.samoens.com\\\/nl\\\/samoens-het-dorp\\\/#primaryimage\",\"url\":\"https:\\\/\\\/www.samoens.com\\\/wp-content\\\/uploads\\\/2020\\\/08\\\/Samoe\u00a6ens-006.jpg\",\"contentUrl\":\"https:\\\/\\\/www.samoens.com\\\/wp-content\\\/uploads\\\/2020\\\/08\\\/Samoe\u00a6ens-006.jpg\",\"width\":2522,\"height\":987,\"caption\":\"Stitched Panorama\"},{\"@type\":\"BreadcrumbList\",\"@id\":\"https:\\\/\\\/www.samoens.com\\\/nl\\\/samoens-het-dorp\\\/#breadcrumb\",\"itemListElement\":[{\"@type\":\"ListItem\",\"position\":1,\"name\":\"Accueil\",\"item\":\"https:\\\/\\\/www.samoens.com\\\/nl\\\/\"},{\"@type\":\"ListItem\",\"position\":2,\"name\":\"Samo\u00ebns, het dorp\"}]},{\"@type\":\"WebSite\",\"@id\":\"https:\\\/\\\/www.samoens.com\\\/#website\",\"url\":\"https:\\\/\\\/www.samoens.com\\\/\",\"name\":\"Samo\u00ebns, station de ski et village authentique en Haute-Savoie\",\"description\":\"Nich\u00e9e au coeur du domaine skiable du Grand Massif et \u00e0 moins d&#039;1h de Gen\u00e8ve, Samo\u00ebns rendra vos vacances inoubliables en \u00e9t\u00e9 comme en hiver\",\"potentialAction\":[{\"@type\":\"SearchAction\",\"target\":{\"@type\":\"EntryPoint\",\"urlTemplate\":\"https:\\\/\\\/www.samoens.com\\\/?s={search_term_string}\"},\"query-input\":{\"@type\":\"PropertyValueSpecification\",\"valueRequired\":true,\"valueName\":\"search_term_string\"}}],\"inLanguage\":\"nl-NL\"}]}<\/script>\n<!-- \/ Yoast SEO plugin. -->","yoast_head_json":{"title":"Samo\u00ebns, het dorp Samo\u00ebns, station de ski et village authentique en Haute-Savoie","robots":{"index":"index","follow":"follow","max-snippet":"max-snippet:-1","max-image-preview":"max-image-preview:large","max-video-preview":"max-video-preview:-1"},"canonical":"https:\/\/www.samoens.com\/nl\/samoens-het-dorp\/","og_locale":"nl_NL","og_type":"article","og_title":"Samo\u00ebns, het dorp Samo\u00ebns, station de ski et village authentique en Haute-Savoie","og_description":"[vc_row][vc_column][vc_column_text] De geschiedenis van het dorp Samo\u00ebns [\/vc_column_text][vc_column_text] Het historische hart van Samo\u00ebns, met zijn oude Halles, kerk en de Big Linden, doet denken aan een bijna duizendjarige geschiedenis en voorouderlijk erfgoed.\u00a0De naam \u00abSamo\u00ebns\u00bb gaat terug tot het jaar 1167. Het komt uit een middeleeuwse uitdrukking die \u00abde zeven bergen\u00bb omringt het dorp beschrijft: Cuidex, [&hellip;]","og_url":"https:\/\/www.samoens.com\/nl\/samoens-het-dorp\/","og_site_name":"Samo\u00ebns, station de ski et village authentique en Haute-Savoie","article_modified_time":"2024-07-29T07:59:16+00:00","og_image":[{"width":2522,"height":987,"url":"https:\/\/www.samoens.com\/wp-content\/uploads\/2020\/08\/Samoe\u00a6ens-006.jpg","type":"image\/jpeg"}],"twitter_card":"summary_large_image","twitter_misc":{"Geschatte leestijd":"2 minuten"},"schema":{"@context":"https:\/\/schema.org","@graph":[{"@type":"WebPage","@id":"https:\/\/www.samoens.com\/nl\/samoens-het-dorp\/","url":"https:\/\/www.samoens.com\/nl\/samoens-het-dorp\/","name":"Samo\u00ebns, het dorp Samo\u00ebns, station de ski et village authentique en Haute-Savoie","isPartOf":{"@id":"https:\/\/www.samoens.com\/#website"},"primaryImageOfPage":{"@id":"https:\/\/www.samoens.com\/nl\/samoens-het-dorp\/#primaryimage"},"image":{"@id":"https:\/\/www.samoens.com\/nl\/samoens-het-dorp\/#primaryimage"},"thumbnailUrl":"https:\/\/www.samoens.com\/wp-content\/uploads\/2020\/08\/Samoe\u00a6ens-006.jpg","datePublished":"2020-07-03T12:01:57+00:00","dateModified":"2024-07-29T07:59:16+00:00","breadcrumb":{"@id":"https:\/\/www.samoens.com\/nl\/samoens-het-dorp\/#breadcrumb"},"inLanguage":"nl-NL","potentialAction":[{"@type":"ReadAction","target":["https:\/\/www.samoens.com\/nl\/samoens-het-dorp\/"]}]},{"@type":"ImageObject","inLanguage":"nl-NL","@id":"https:\/\/www.samoens.com\/nl\/samoens-het-dorp\/#primaryimage","url":"https:\/\/www.samoens.com\/wp-content\/uploads\/2020\/08\/Samoe\u00a6ens-006.jpg","contentUrl":"https:\/\/www.samoens.com\/wp-content\/uploads\/2020\/08\/Samoe\u00a6ens-006.jpg","width":2522,"height":987,"caption":"Stitched Panorama"},{"@type":"BreadcrumbList","@id":"https:\/\/www.samoens.com\/nl\/samoens-het-dorp\/#breadcrumb","itemListElement":[{"@type":"ListItem","position":1,"name":"Accueil","item":"https:\/\/www.samoens.com\/nl\/"},{"@type":"ListItem","position":2,"name":"Samo\u00ebns, het dorp"}]},{"@type":"WebSite","@id":"https:\/\/www.samoens.com\/#website","url":"https:\/\/www.samoens.com\/","name":"Samo\u00ebns, station de ski et village authentique en Haute-Savoie","description":"Nich\u00e9e au coeur du domaine skiable du Grand Massif et \u00e0 moins d&#039;1h de Gen\u00e8ve, Samo\u00ebns rendra vos vacances inoubliables en \u00e9t\u00e9 comme en hiver","potentialAction":[{"@type":"SearchAction","target":{"@type":"EntryPoint","urlTemplate":"https:\/\/www.samoens.com\/?s={search_term_string}"},"query-input":{"@type":"PropertyValueSpecification","valueRequired":true,"valueName":"search_term_string"}}],"inLanguage":"nl-NL"}]}},"_links":{"self":[{"href":"https:\/\/www.samoens.com\/nl\/wp-json\/wp\/v2\/pages\/416415","targetHints":{"allow":["GET"]}}],"collection":[{"href":"https:\/\/www.samoens.com\/nl\/wp-json\/wp\/v2\/pages"}],"about":[{"href":"https:\/\/www.samoens.com\/nl\/wp-json\/wp\/v2\/types\/page"}],"author":[{"embeddable":true,"href":"https:\/\/www.samoens.com\/nl\/wp-json\/wp\/v2\/users\/2"}],"replies":[{"embeddable":true,"href":"https:\/\/www.samoens.com\/nl\/wp-json\/wp\/v2\/comments?post=416415"}],"version-history":[{"count":1,"href":"https:\/\/www.samoens.com\/nl\/wp-json\/wp\/v2\/pages\/416415\/revisions"}],"predecessor-version":[{"id":590662,"href":"https:\/\/www.samoens.com\/nl\/wp-json\/wp\/v2\/pages\/416415\/revisions\/590662"}],"wp:featuredmedia":[{"embeddable":true,"href":"https:\/\/www.samoens.com\/nl\/wp-json\/wp\/v2\/media\/426839"}],"wp:attachment":[{"href":"https:\/\/www.samoens.com\/nl\/wp-json\/wp\/v2\/media?parent=416415"}],"curies":[{"name":"wp","href":"https:\/\/api.w.org\/{rel}","templated":true}]}}