{"id":415870,"date":"2020-07-02T18:27:21","date_gmt":"2020-07-02T16:27:21","guid":{"rendered":"https:\/\/www.samoens.com\/?page_id=415870"},"modified":"2026-03-10T11:17:34","modified_gmt":"2026-03-10T10:17:34","slug":"2-wielen","status":"publish","type":"page","link":"https:\/\/www.samoens.com\/nl\/zomeractiviteiten\/2-wielen\/","title":{"rendered":"2 wielen"},"content":{"rendered":"<div class=\"wpb-content-wrapper\"><p>[vc_row][vc_column]<section class=\"elem_listeactivite row\"><div class=\"imgcropCtn imageacti\"><img decoding=\"async\" class=\"imgcrop\" src=\"https:\/\/www.samoens.com\/wp-content\/uploads\/2019\/07\/VTT-001-768x576.jpg\" alt=\"Ontdek het Grand Massif in de zomer!\"><\/div><div class=\"textecolacti\"><h2>Ontdek het Grand Massif in de zomer!<\/h2><div class=\"texteacti\"><span id=\"s2_1\">Op zonnige dagen, wanneer de sneeuw is gesmolten, wordt Samo\u00ebns een fietsland.<\/span>\u00a0<span id=\"s2_2\">Hier is de Joux-Plane pas, die 1,700 meter boven de zeespiegel uitstijgt, een mijlpaal (of zelfs een hangout) voor ervaren fietsers die een legendarische pas willen toevoegen aan hun lijst van prestaties.<\/span>\u00a0<span id=\"s2_3\">De beklimming van de Tour de France wordt vele malen doorkruist door de ruiters van de Tour de France, waardoor een prachtig balkon kan worden bewandeld dat open is op de vallei en het Mont-Blanc massief.<\/span><\/p>\n<p><span id=\"s2_4\">Met 400 km aan paden en 28 freeride en enkele track tracks, Fietsers met minder getrainde kalveren zullen ook iets te genieten in Samo\u00ebns vinden.<\/span>\u00a0<span id=\"s2_5\">Het dorp heeft ook het nationale label \u201cBike Home\u201d gekregen, dat een welkome en kwalitatief hoogstaande dienstverlening langs fietsroutes garandeert.<\/span><\/div><a class=\"ye_slidereventsbouton_bouton\" href=\"https:\/\/www.samoens.com\/nl\/grand-massif-in-de-zomer\/\">Dienstregelingen, prijzen en alle praktische details vind je hier!<\/a><\/div><\/section>[\/vc_column][\/vc_row][vc_row][vc_column width=&#8221;1\/3&#8243;][vc_single_image image=&#8221;67947&#8243; img_size=&#8221;medium&#8221; alignment=&#8221;center&#8221; onclick=&#8221;custom_link&#8221; img_link_target=&#8221;_blank&#8221; title=&#8221;LABEL ACCUEIL VELO&#8221; link=&#8221;https:\/\/www.samoens.com\/nl\/accueil-velo-label\/&#8221; el_class=&#8221;lienversliste&#8221;][vc_single_image image=&#8221;2267&#8243; img_size=&#8221;medium&#8221; alignment=&#8221;center&#8221; onclick=&#8221;custom_link&#8221; img_link_target=&#8221;_blank&#8221; title=&#8221;VELO A ASSISTANCE ELECTRIQUE&#8221; link=&#8221;https:\/\/www.samoens.com\/nl\/vae\/&#8221; el_class=&#8221;lienversliste&#8221;][\/vc_column][vc_column width=&#8221;1\/3&#8243;][vc_single_image image=&#8221;67621&#8243; img_size=&#8221;medium&#8221; alignment=&#8221;center&#8221; onclick=&#8221;custom_link&#8221; img_link_target=&#8221;_blank&#8221; title=&#8221;racefiets&#8221; link=&#8221;https:\/\/www.samoens.com\/nl\/road-bike\/&#8221; el_class=&#8221;lienversliste&#8221;][vc_single_image image=&#8221;2533&#8243; img_size=&#8221;medium&#8221; alignment=&#8221;center&#8221; onclick=&#8221;custom_link&#8221; title=&#8221;Routes&#8221; link=&#8221;https:\/\/www.samoens.com\/nl\/wandelroutes\/&#8221; el_class=&#8221;lienversliste&#8221;][\/vc_column][vc_column width=&#8221;1\/3&#8243;][vc_single_image image=&#8221;50588&#8243; img_size=&#8221;medium&#8221; alignment=&#8221;center&#8221; onclick=&#8221;custom_link&#8221; img_link_target=&#8221;_blank&#8221; title=&#8221;mountainbiken&#8221; link=&#8221;https:\/\/www.samoens.com\/nl\/atv\/&#8221; el_class=&#8221;lienversliste&#8221;][vc_single_image image=&#8221;592528&#8243; img_size=&#8221;medium&#8221; alignment=&#8221;center&#8221; onclick=&#8221;custom_link&#8221; css=&#8221;&#8221; title=&#8221;Event &#8211; Baroudeurs des Alpes&#8221; link=&#8221;https:\/\/www.samoens.com\/nl\/avonturiers-in-de-alpen\/&#8221; el_class=&#8221;lienversliste&#8221;][\/vc_column][\/vc_row]<\/p>\n<\/div>","protected":false},"excerpt":{"rendered":"<p>[vc_row][vc_column][\/vc_column][\/vc_row][vc_row][vc_column width=&#8221;1\/3&#8243;][vc_single_image image=&#8221;67947&#8243; img_size=&#8221;medium&#8221; alignment=&#8221;center&#8221; onclick=&#8221;custom_link&#8221; img_link_target=&#8221;_blank&#8221; title=&#8221;LABEL ACCUEIL VELO&#8221; link=&#8221;https:\/\/www.samoens.com\/nl\/accueil-velo-label\/&#8221; el_class=&#8221;lienversliste&#8221;][vc_single_image image=&#8221;2267&#8243; img_size=&#8221;medium&#8221; alignment=&#8221;center&#8221; onclick=&#8221;custom_link&#8221; img_link_target=&#8221;_blank&#8221; title=&#8221;VELO A ASSISTANCE ELECTRIQUE&#8221; link=&#8221;https:\/\/www.samoens.com\/nl\/vae\/&#8221; el_class=&#8221;lienversliste&#8221;][\/vc_column][vc_column width=&#8221;1\/3&#8243;][vc_single_image image=&#8221;67621&#8243; img_size=&#8221;medium&#8221; alignment=&#8221;center&#8221; onclick=&#8221;custom_link&#8221; img_link_target=&#8221;_blank&#8221; title=&#8221;racefiets&#8221; link=&#8221;https:\/\/www.samoens.com\/nl\/road-bike\/&#8221; el_class=&#8221;lienversliste&#8221;][vc_single_image image=&#8221;2533&#8243; img_size=&#8221;medium&#8221; alignment=&#8221;center&#8221; onclick=&#8221;custom_link&#8221; title=&#8221;Routes&#8221; link=&#8221;https:\/\/www.samoens.com\/nl\/wandelroutes\/&#8221; el_class=&#8221;lienversliste&#8221;][\/vc_column][vc_column width=&#8221;1\/3&#8243;][vc_single_image image=&#8221;50588&#8243; img_size=&#8221;medium&#8221; alignment=&#8221;center&#8221; onclick=&#8221;custom_link&#8221; img_link_target=&#8221;_blank&#8221; title=&#8221;mountainbiken&#8221; link=&#8221;https:\/\/www.samoens.com\/nl\/atv\/&#8221; el_class=&#8221;lienversliste&#8221;][vc_single_image image=&#8221;592528&#8243; img_size=&#8221;medium&#8221; alignment=&#8221;center&#8221; onclick=&#8221;custom_link&#8221; css=&#8221;&#8221; title=&#8221;Event &#8211; [&hellip;]<\/p>\n","protected":false},"author":2,"featured_media":592749,"parent":416459,"menu_order":5,"comment_status":"closed","ping_status":"closed","template":"","meta":{"_acf_changed":false,"footnotes":""},"class_list":["post-415870","page","type-page","status-publish","hentry"],"acf":[],"yoast_head":"<!-- This site is optimized with the Yoast SEO plugin v27.2 - https:\/\/yoast.com\/product\/yoast-seo-wordpress\/ -->\n<title>2 wielen Samo\u00ebns, station de ski et village authentique en Haute-Savoie<\/title>\n<meta name=\"robots\" content=\"index, follow, max-snippet:-1, max-image-preview:large, max-video-preview:-1\" \/>\n<link rel=\"canonical\" href=\"https:\/\/www.samoens.com\/nl\/zomeractiviteiten\/2-wielen\/\" \/>\n<meta property=\"og:locale\" content=\"nl_NL\" \/>\n<meta property=\"og:type\" content=\"article\" \/>\n<meta property=\"og:title\" content=\"2 wielen Samo\u00ebns, station de ski et village authentique en Haute-Savoie\" \/>\n<meta property=\"og:description\" content=\"[vc_row][vc_column][\/vc_column][\/vc_row][vc_row][vc_column width=&#8221;1\/3&#8243;][vc_single_image image=&#8221;67947&#8243; img_size=&#8221;medium&#8221; alignment=&#8221;center&#8221; onclick=&#8221;custom_link&#8221; img_link_target=&#8221;_blank&#8221; title=&#8221;LABEL ACCUEIL VELO&#8221; link=&#8221;https:\/\/www.samoens.com\/nl\/accueil-velo-label\/&#8221; el_class=&#8221;lienversliste&#8221;][vc_single_image image=&#8221;2267&#8243; img_size=&#8221;medium&#8221; alignment=&#8221;center&#8221; onclick=&#8221;custom_link&#8221; img_link_target=&#8221;_blank&#8221; title=&#8221;VELO A ASSISTANCE ELECTRIQUE&#8221; link=&#8221;https:\/\/www.samoens.com\/nl\/vae\/&#8221; el_class=&#8221;lienversliste&#8221;][\/vc_column][vc_column width=&#8221;1\/3&#8243;][vc_single_image image=&#8221;67621&#8243; img_size=&#8221;medium&#8221; alignment=&#8221;center&#8221; onclick=&#8221;custom_link&#8221; img_link_target=&#8221;_blank&#8221; title=&#8221;racefiets&#8221; link=&#8221;https:\/\/www.samoens.com\/nl\/road-bike\/&#8221; el_class=&#8221;lienversliste&#8221;][vc_single_image image=&#8221;2533&#8243; img_size=&#8221;medium&#8221; alignment=&#8221;center&#8221; onclick=&#8221;custom_link&#8221; title=&#8221;Routes&#8221; link=&#8221;https:\/\/www.samoens.com\/nl\/wandelroutes\/&#8221; el_class=&#8221;lienversliste&#8221;][\/vc_column][vc_column width=&#8221;1\/3&#8243;][vc_single_image image=&#8221;50588&#8243; img_size=&#8221;medium&#8221; alignment=&#8221;center&#8221; onclick=&#8221;custom_link&#8221; img_link_target=&#8221;_blank&#8221; title=&#8221;mountainbiken&#8221; link=&#8221;https:\/\/www.samoens.com\/nl\/atv\/&#8221; el_class=&#8221;lienversliste&#8221;][vc_single_image image=&#8221;592528&#8243; img_size=&#8221;medium&#8221; alignment=&#8221;center&#8221; onclick=&#8221;custom_link&#8221; css=&#8221;&#8221; title=&#8221;Event &#8211; [&hellip;]\" \/>\n<meta property=\"og:url\" content=\"https:\/\/www.samoens.com\/nl\/zomeractiviteiten\/2-wielen\/\" \/>\n<meta property=\"og:site_name\" content=\"Samo\u00ebns, station de ski et village authentique en Haute-Savoie\" \/>\n<meta property=\"article:modified_time\" content=\"2026-03-10T10:17:34+00:00\" \/>\n<meta property=\"og:image\" content=\"https:\/\/www.samoens.com\/wp-content\/uploads\/2020\/08\/Samoe\u00a6ens-001.jpg\" \/>\n\t<meta property=\"og:image:width\" content=\"2259\" \/>\n\t<meta property=\"og:image:height\" content=\"964\" \/>\n\t<meta property=\"og:image:type\" content=\"image\/jpeg\" \/>\n<meta name=\"twitter:card\" content=\"summary_large_image\" \/>\n<meta name=\"twitter:label1\" content=\"Geschatte leestijd\" \/>\n\t<meta name=\"twitter:data1\" content=\"2 minuten\" \/>\n<script type=\"application\/ld+json\" class=\"yoast-schema-graph\">{\"@context\":\"https:\/\/schema.org\",\"@graph\":[{\"@type\":\"WebPage\",\"@id\":\"https:\/\/www.samoens.com\/nl\/zomeractiviteiten\/2-wielen\/\",\"url\":\"https:\/\/www.samoens.com\/nl\/zomeractiviteiten\/2-wielen\/\",\"name\":\"2 wielen Samo\u00ebns, station de ski et village authentique en Haute-Savoie\",\"isPartOf\":{\"@id\":\"https:\/\/www.samoens.com\/#website\"},\"primaryImageOfPage\":{\"@id\":\"https:\/\/www.samoens.com\/nl\/zomeractiviteiten\/2-wielen\/#primaryimage\"},\"image\":{\"@id\":\"https:\/\/www.samoens.com\/nl\/zomeractiviteiten\/2-wielen\/#primaryimage\"},\"thumbnailUrl\":\"https:\/\/www.samoens.com\/wp-content\/uploads\/2024\/12\/Chalet-Velo-Samoens-\u00a9-Thomas-Garcia.jpg\",\"datePublished\":\"2020-07-02T16:27:21+00:00\",\"dateModified\":\"2026-03-10T10:17:34+00:00\",\"breadcrumb\":{\"@id\":\"https:\/\/www.samoens.com\/nl\/zomeractiviteiten\/2-wielen\/#breadcrumb\"},\"inLanguage\":\"nl-NL\",\"potentialAction\":[{\"@type\":\"ReadAction\",\"target\":[\"https:\/\/www.samoens.com\/nl\/zomeractiviteiten\/2-wielen\/\"]}]},{\"@type\":\"ImageObject\",\"inLanguage\":\"nl-NL\",\"@id\":\"https:\/\/www.samoens.com\/nl\/zomeractiviteiten\/2-wielen\/#primaryimage\",\"url\":\"https:\/\/www.samoens.com\/wp-content\/uploads\/2024\/12\/Chalet-Velo-Samoens-\u00a9-Thomas-Garcia.jpg\",\"contentUrl\":\"https:\/\/www.samoens.com\/wp-content\/uploads\/2024\/12\/Chalet-Velo-Samoens-\u00a9-Thomas-Garcia.jpg\",\"width\":2000,\"height\":1331},{\"@type\":\"BreadcrumbList\",\"@id\":\"https:\/\/www.samoens.com\/nl\/zomeractiviteiten\/2-wielen\/#breadcrumb\",\"itemListElement\":[{\"@type\":\"ListItem\",\"position\":1,\"name\":\"Accueil\",\"item\":\"https:\/\/www.samoens.com\/nl\/\"},{\"@type\":\"ListItem\",\"position\":2,\"name\":\"zomeractiviteiten\",\"item\":\"https:\/\/www.samoens.com\/nl\/zomeractiviteiten\/\"},{\"@type\":\"ListItem\",\"position\":3,\"name\":\"2 wielen\"}]},{\"@type\":\"WebSite\",\"@id\":\"https:\/\/www.samoens.com\/#website\",\"url\":\"https:\/\/www.samoens.com\/\",\"name\":\"Samo\u00ebns, station de ski et village authentique en Haute-Savoie\",\"description\":\"Nich\u00e9e au coeur du domaine skiable du Grand Massif et \u00e0 moins d&#039;1h de Gen\u00e8ve, Samo\u00ebns rendra vos vacances inoubliables en \u00e9t\u00e9 comme en hiver\",\"potentialAction\":[{\"@type\":\"SearchAction\",\"target\":{\"@type\":\"EntryPoint\",\"urlTemplate\":\"https:\/\/www.samoens.com\/?s={search_term_string}\"},\"query-input\":{\"@type\":\"PropertyValueSpecification\",\"valueRequired\":true,\"valueName\":\"search_term_string\"}}],\"inLanguage\":\"nl-NL\"}]}<\/script>\n<!-- \/ Yoast SEO plugin. -->","yoast_head_json":{"title":"2 wielen Samo\u00ebns, station de ski et village authentique en Haute-Savoie","robots":{"index":"index","follow":"follow","max-snippet":"max-snippet:-1","max-image-preview":"max-image-preview:large","max-video-preview":"max-video-preview:-1"},"canonical":"https:\/\/www.samoens.com\/nl\/zomeractiviteiten\/2-wielen\/","og_locale":"nl_NL","og_type":"article","og_title":"2 wielen Samo\u00ebns, station de ski et village authentique en Haute-Savoie","og_description":"[vc_row][vc_column][\/vc_column][\/vc_row][vc_row][vc_column width=&#8221;1\/3&#8243;][vc_single_image image=&#8221;67947&#8243; img_size=&#8221;medium&#8221; alignment=&#8221;center&#8221; onclick=&#8221;custom_link&#8221; img_link_target=&#8221;_blank&#8221; title=&#8221;LABEL ACCUEIL VELO&#8221; link=&#8221;https:\/\/www.samoens.com\/nl\/accueil-velo-label\/&#8221; el_class=&#8221;lienversliste&#8221;][vc_single_image image=&#8221;2267&#8243; img_size=&#8221;medium&#8221; alignment=&#8221;center&#8221; onclick=&#8221;custom_link&#8221; img_link_target=&#8221;_blank&#8221; title=&#8221;VELO A ASSISTANCE ELECTRIQUE&#8221; link=&#8221;https:\/\/www.samoens.com\/nl\/vae\/&#8221; el_class=&#8221;lienversliste&#8221;][\/vc_column][vc_column width=&#8221;1\/3&#8243;][vc_single_image image=&#8221;67621&#8243; img_size=&#8221;medium&#8221; alignment=&#8221;center&#8221; onclick=&#8221;custom_link&#8221; img_link_target=&#8221;_blank&#8221; title=&#8221;racefiets&#8221; link=&#8221;https:\/\/www.samoens.com\/nl\/road-bike\/&#8221; el_class=&#8221;lienversliste&#8221;][vc_single_image image=&#8221;2533&#8243; img_size=&#8221;medium&#8221; alignment=&#8221;center&#8221; onclick=&#8221;custom_link&#8221; title=&#8221;Routes&#8221; link=&#8221;https:\/\/www.samoens.com\/nl\/wandelroutes\/&#8221; el_class=&#8221;lienversliste&#8221;][\/vc_column][vc_column width=&#8221;1\/3&#8243;][vc_single_image image=&#8221;50588&#8243; img_size=&#8221;medium&#8221; alignment=&#8221;center&#8221; onclick=&#8221;custom_link&#8221; img_link_target=&#8221;_blank&#8221; title=&#8221;mountainbiken&#8221; link=&#8221;https:\/\/www.samoens.com\/nl\/atv\/&#8221; el_class=&#8221;lienversliste&#8221;][vc_single_image image=&#8221;592528&#8243; img_size=&#8221;medium&#8221; alignment=&#8221;center&#8221; onclick=&#8221;custom_link&#8221; css=&#8221;&#8221; title=&#8221;Event &#8211; [&hellip;]","og_url":"https:\/\/www.samoens.com\/nl\/zomeractiviteiten\/2-wielen\/","og_site_name":"Samo\u00ebns, station de ski et village authentique en Haute-Savoie","article_modified_time":"2026-03-10T10:17:34+00:00","og_image":[{"width":2259,"height":964,"url":"https:\/\/www.samoens.com\/wp-content\/uploads\/2020\/08\/Samoe\u00a6ens-001.jpg","type":"image\/jpeg"}],"twitter_card":"summary_large_image","twitter_misc":{"Geschatte leestijd":"2 minuten"},"schema":{"@context":"https:\/\/schema.org","@graph":[{"@type":"WebPage","@id":"https:\/\/www.samoens.com\/nl\/zomeractiviteiten\/2-wielen\/","url":"https:\/\/www.samoens.com\/nl\/zomeractiviteiten\/2-wielen\/","name":"2 wielen Samo\u00ebns, station de ski et village authentique en Haute-Savoie","isPartOf":{"@id":"https:\/\/www.samoens.com\/#website"},"primaryImageOfPage":{"@id":"https:\/\/www.samoens.com\/nl\/zomeractiviteiten\/2-wielen\/#primaryimage"},"image":{"@id":"https:\/\/www.samoens.com\/nl\/zomeractiviteiten\/2-wielen\/#primaryimage"},"thumbnailUrl":"https:\/\/www.samoens.com\/wp-content\/uploads\/2024\/12\/Chalet-Velo-Samoens-\u00a9-Thomas-Garcia.jpg","datePublished":"2020-07-02T16:27:21+00:00","dateModified":"2026-03-10T10:17:34+00:00","breadcrumb":{"@id":"https:\/\/www.samoens.com\/nl\/zomeractiviteiten\/2-wielen\/#breadcrumb"},"inLanguage":"nl-NL","potentialAction":[{"@type":"ReadAction","target":["https:\/\/www.samoens.com\/nl\/zomeractiviteiten\/2-wielen\/"]}]},{"@type":"ImageObject","inLanguage":"nl-NL","@id":"https:\/\/www.samoens.com\/nl\/zomeractiviteiten\/2-wielen\/#primaryimage","url":"https:\/\/www.samoens.com\/wp-content\/uploads\/2024\/12\/Chalet-Velo-Samoens-\u00a9-Thomas-Garcia.jpg","contentUrl":"https:\/\/www.samoens.com\/wp-content\/uploads\/2024\/12\/Chalet-Velo-Samoens-\u00a9-Thomas-Garcia.jpg","width":2000,"height":1331},{"@type":"BreadcrumbList","@id":"https:\/\/www.samoens.com\/nl\/zomeractiviteiten\/2-wielen\/#breadcrumb","itemListElement":[{"@type":"ListItem","position":1,"name":"Accueil","item":"https:\/\/www.samoens.com\/nl\/"},{"@type":"ListItem","position":2,"name":"zomeractiviteiten","item":"https:\/\/www.samoens.com\/nl\/zomeractiviteiten\/"},{"@type":"ListItem","position":3,"name":"2 wielen"}]},{"@type":"WebSite","@id":"https:\/\/www.samoens.com\/#website","url":"https:\/\/www.samoens.com\/","name":"Samo\u00ebns, station de ski et village authentique en Haute-Savoie","description":"Nich\u00e9e au coeur du domaine skiable du Grand Massif et \u00e0 moins d&#039;1h de Gen\u00e8ve, Samo\u00ebns rendra vos vacances inoubliables en \u00e9t\u00e9 comme en hiver","potentialAction":[{"@type":"SearchAction","target":{"@type":"EntryPoint","urlTemplate":"https:\/\/www.samoens.com\/?s={search_term_string}"},"query-input":{"@type":"PropertyValueSpecification","valueRequired":true,"valueName":"search_term_string"}}],"inLanguage":"nl-NL"}]}},"_links":{"self":[{"href":"https:\/\/www.samoens.com\/nl\/wp-json\/wp\/v2\/pages\/415870","targetHints":{"allow":["GET"]}}],"collection":[{"href":"https:\/\/www.samoens.com\/nl\/wp-json\/wp\/v2\/pages"}],"about":[{"href":"https:\/\/www.samoens.com\/nl\/wp-json\/wp\/v2\/types\/page"}],"author":[{"embeddable":true,"href":"https:\/\/www.samoens.com\/nl\/wp-json\/wp\/v2\/users\/2"}],"replies":[{"embeddable":true,"href":"https:\/\/www.samoens.com\/nl\/wp-json\/wp\/v2\/comments?post=415870"}],"version-history":[{"count":5,"href":"https:\/\/www.samoens.com\/nl\/wp-json\/wp\/v2\/pages\/415870\/revisions"}],"predecessor-version":[{"id":606762,"href":"https:\/\/www.samoens.com\/nl\/wp-json\/wp\/v2\/pages\/415870\/revisions\/606762"}],"up":[{"embeddable":true,"href":"https:\/\/www.samoens.com\/nl\/wp-json\/wp\/v2\/pages\/416459"}],"wp:featuredmedia":[{"embeddable":true,"href":"https:\/\/www.samoens.com\/nl\/wp-json\/wp\/v2\/media\/592749"}],"wp:attachment":[{"href":"https:\/\/www.samoens.com\/nl\/wp-json\/wp\/v2\/media?parent=415870"}],"curies":[{"name":"wp","href":"https:\/\/api.w.org\/{rel}","templated":true}]}}