{"id":415859,"date":"2026-04-06T16:45:54","date_gmt":"2026-04-06T14:45:54","guid":{"rendered":"https:\/\/www.samoens.com\/?page_id=415859"},"modified":"2026-04-06T16:48:41","modified_gmt":"2026-04-06T14:48:41","slug":"activiteiten-in-de-bergen","status":"publish","type":"page","link":"https:\/\/www.samoens.com\/nl\/zomeractiviteiten\/activiteiten-in-de-bergen\/","title":{"rendered":"BERG ACTIVITEITEN"},"content":{"rendered":"<div class=\"wpb-content-wrapper\"><p>[vc_row][vc_column][vc_column_text]Er worden tal van activiteiten aangeboden tijdens je zomervakantie in Samo\u00ebns. Ga de lucht in met onze gespecialiseerde gidsen en beoefen rots- en bergsporten.<\/p>\n<p>Met het gezin, met z&#8217;n twee\u00ebn of alleen, na een zomervakantie in Samo\u00ebns zul je de Alpen nooit meer op dezelfde manier zien. Onze dienstverleners bieden een scala aan activiteiten die zowel amateur- als ervaren bergliefhebbers zullen plezieren.[\/vc_column_text][\/vc_column][\/vc_row][vc_row][vc_column width=&#8221;1\/3&#8243;][vc_single_image image=&#8221;2439&#8243; img_size=&#8221;medium&#8221; alignment=&#8221;center&#8221; onclick=&#8221;custom_link&#8221; img_link_target=&#8221;_blank&#8221; title=&#8221;BERGBEKLIMMEN&#8221; link=&#8221;https:\/\/www.samoens.com\/nl\/alpinisme\/&#8221; el_class=&#8221;lienversliste&#8221;][vc_single_image image=&#8221;2473&#8243; img_size=&#8221;medium&#8221; alignment=&#8221;center&#8221; onclick=&#8221;custom_link&#8221; img_link_target=&#8221;_blank&#8221; title=&#8221;QUAD&#8221; link=&#8221;https:\/\/www.samoens.com\/nl\/quad\/&#8221; el_class=&#8221;lienversliste&#8221;][vc_single_image image=&#8221;536489&#8243; img_size=&#8221;medium&#8221; alignment=&#8221;center&#8221; onclick=&#8221;custom_link&#8221; img_link_target=&#8221;_blank&#8221; title=&#8221;SPELEOLOGIE&#8221; link=&#8221;https:\/\/www.samoens.com\/nl\/caving\/&#8221; el_class=&#8221;lienversliste&#8221;][\/vc_column][vc_column width=&#8221;1\/3&#8243;][vc_single_image image=&#8221;2223&#8243; img_size=&#8221;medium&#8221; alignment=&#8221;center&#8221; onclick=&#8221;custom_link&#8221; img_link_target=&#8221;_blank&#8221; css=&#8221;&#8221; title=&#8221;KLIMMEN&#8221; link=&#8221;https:\/\/explore.samoens.com\/en\/map?search=climbing&#8221; el_class=&#8221;lienversliste&#8221;][vc_single_image image=&#8221;2469&#8243; img_size=&#8221;medium&#8221; alignment=&#8221;center&#8221; onclick=&#8221;custom_link&#8221; img_link_target=&#8221;_blank&#8221; css=&#8221;&#8221; title=&#8221;PARAGLIDING&#8221; link=&#8221;https:\/\/www.samoens.com\/nl\/paragliding\/&#8221; el_class=&#8221;lienversliste&#8221;][vc_single_image image=&#8221;507251&#8243; img_size=&#8221;medium&#8221; alignment=&#8221;center&#8221; onclick=&#8221;custom_link&#8221; img_link_target=&#8221;_blank&#8221; title=&#8221;MAN VS. WILD&#8221; link=&#8221;https:\/\/www.samoens.com\/nl\/mannen-versus-wild-bergoverleving-gids-compagny\/&#8221; el_class=&#8221;lienversliste&#8221;][\/vc_column][vc_column width=&#8221;1\/3&#8243;][vc_single_image image=&#8221;2447&#8243; img_size=&#8221;medium&#8221; alignment=&#8221;center&#8221; onclick=&#8221;custom_link&#8221; img_link_target=&#8221;_blank&#8221; title=&#8221;HELIKOPTER&#8221; link=&#8221;https:\/\/www.samoens.com\/nl\/articles_apidae\/bapteme-dhelicoptere-2\/&#8221; el_class=&#8221;lienversliste&#8221;][vc_single_image image=&#8221;2429&#8243; img_size=&#8221;medium&#8221; alignment=&#8221;center&#8221; onclick=&#8221;custom_link&#8221; img_link_target=&#8221;_blank&#8221; title=&#8221;VIA FERRATA&#8221; el_class=&#8221;lienversliste&#8221; link=&#8221;https:\/\/www.samoens.com\/nl\/via-ferrata\/&#8221;][vc_single_image image=&#8221;11794&#8243; img_size=&#8221;medium&#8221; alignment=&#8221;center&#8221; onclick=&#8221;custom_link&#8221; img_link_target=&#8221;_blank&#8221; css=&#8221;&#8221; title=&#8221;RAFTING&#8221; el_class=&#8221;lienversliste&#8221; link=&#8221;https:\/\/www.samoens.com\/nl\/zomeractiviteiten\/wateractiviteiten\/rafting-2\/&#8221;][\/vc_column][\/vc_row]<\/p>\n<\/div>","protected":false},"excerpt":{"rendered":"<p>[vc_row][vc_column][vc_column_text]Er worden tal van activiteiten aangeboden tijdens je zomervakantie in Samo\u00ebns. Ga de lucht in met onze gespecialiseerde gidsen en beoefen rots- en bergsporten. Met het gezin, met z&#8217;n twee\u00ebn of alleen, na een zomervakantie in Samo\u00ebns zul je de Alpen nooit meer op dezelfde manier zien. Onze dienstverleners bieden een scala aan activiteiten die [&hellip;]<\/p>\n","protected":false},"author":2,"featured_media":426836,"parent":416459,"menu_order":6,"comment_status":"closed","ping_status":"closed","template":"","meta":{"_acf_changed":false,"footnotes":""},"class_list":["post-415859","page","type-page","status-publish","hentry"],"acf":[],"yoast_head":"<!-- This site is optimized with the Yoast SEO plugin v27.2 - https:\/\/yoast.com\/product\/yoast-seo-wordpress\/ -->\n<title>BERG ACTIVITEITEN Samo\u00ebns, station de ski et village authentique en Haute-Savoie<\/title>\n<meta name=\"robots\" content=\"index, follow, max-snippet:-1, max-image-preview:large, max-video-preview:-1\" \/>\n<link rel=\"canonical\" href=\"https:\/\/www.samoens.com\/nl\/zomeractiviteiten\/activiteiten-in-de-bergen\/\" \/>\n<meta property=\"og:locale\" content=\"nl_NL\" \/>\n<meta property=\"og:type\" content=\"article\" \/>\n<meta property=\"og:title\" content=\"BERG ACTIVITEITEN Samo\u00ebns, station de ski et village authentique en Haute-Savoie\" \/>\n<meta property=\"og:description\" content=\"[vc_row][vc_column][vc_column_text]Er worden tal van activiteiten aangeboden tijdens je zomervakantie in Samo\u00ebns. Ga de lucht in met onze gespecialiseerde gidsen en beoefen rots- en bergsporten. Met het gezin, met z&#8217;n twee\u00ebn of alleen, na een zomervakantie in Samo\u00ebns zul je de Alpen nooit meer op dezelfde manier zien. Onze dienstverleners bieden een scala aan activiteiten die [&hellip;]\" \/>\n<meta property=\"og:url\" content=\"https:\/\/www.samoens.com\/nl\/zomeractiviteiten\/activiteiten-in-de-bergen\/\" \/>\n<meta property=\"og:site_name\" content=\"Samo\u00ebns, station de ski et village authentique en Haute-Savoie\" \/>\n<meta property=\"article:modified_time\" content=\"2026-04-06T14:48:41+00:00\" \/>\n<meta property=\"og:image\" content=\"https:\/\/www.samoens.com\/wp-content\/uploads\/2020\/08\/Samoe\u00a6ens-001.jpg\" \/>\n\t<meta property=\"og:image:width\" content=\"2259\" \/>\n\t<meta property=\"og:image:height\" content=\"964\" \/>\n\t<meta property=\"og:image:type\" content=\"image\/jpeg\" \/>\n<meta name=\"twitter:card\" content=\"summary_large_image\" \/>\n<meta name=\"twitter:label1\" content=\"Geschatte leestijd\" \/>\n\t<meta name=\"twitter:data1\" content=\"2 minuten\" \/>\n<script type=\"application\/ld+json\" class=\"yoast-schema-graph\">{\"@context\":\"https:\/\/schema.org\",\"@graph\":[{\"@type\":\"WebPage\",\"@id\":\"https:\/\/www.samoens.com\/nl\/zomeractiviteiten\/activiteiten-in-de-bergen\/\",\"url\":\"https:\/\/www.samoens.com\/nl\/zomeractiviteiten\/activiteiten-in-de-bergen\/\",\"name\":\"BERG ACTIVITEITEN Samo\u00ebns, station de ski et village authentique en Haute-Savoie\",\"isPartOf\":{\"@id\":\"https:\/\/www.samoens.com\/#website\"},\"primaryImageOfPage\":{\"@id\":\"https:\/\/www.samoens.com\/nl\/zomeractiviteiten\/activiteiten-in-de-bergen\/#primaryimage\"},\"image\":{\"@id\":\"https:\/\/www.samoens.com\/nl\/zomeractiviteiten\/activiteiten-in-de-bergen\/#primaryimage\"},\"thumbnailUrl\":\"https:\/\/www.samoens.com\/wp-content\/uploads\/2020\/08\/Samoe\u00a6ens-001.jpg\",\"datePublished\":\"2026-04-06T14:45:54+00:00\",\"dateModified\":\"2026-04-06T14:48:41+00:00\",\"breadcrumb\":{\"@id\":\"https:\/\/www.samoens.com\/nl\/zomeractiviteiten\/activiteiten-in-de-bergen\/#breadcrumb\"},\"inLanguage\":\"nl-NL\",\"potentialAction\":[{\"@type\":\"ReadAction\",\"target\":[\"https:\/\/www.samoens.com\/nl\/zomeractiviteiten\/activiteiten-in-de-bergen\/\"]}]},{\"@type\":\"ImageObject\",\"inLanguage\":\"nl-NL\",\"@id\":\"https:\/\/www.samoens.com\/nl\/zomeractiviteiten\/activiteiten-in-de-bergen\/#primaryimage\",\"url\":\"https:\/\/www.samoens.com\/wp-content\/uploads\/2020\/08\/Samoe\u00a6ens-001.jpg\",\"contentUrl\":\"https:\/\/www.samoens.com\/wp-content\/uploads\/2020\/08\/Samoe\u00a6ens-001.jpg\",\"width\":2259,\"height\":964,\"caption\":\"Point de vue panoramique sur le massif du Mont-Blanc depuis le lac de joux Plane.\"},{\"@type\":\"BreadcrumbList\",\"@id\":\"https:\/\/www.samoens.com\/nl\/zomeractiviteiten\/activiteiten-in-de-bergen\/#breadcrumb\",\"itemListElement\":[{\"@type\":\"ListItem\",\"position\":1,\"name\":\"Accueil\",\"item\":\"https:\/\/www.samoens.com\/nl\/\"},{\"@type\":\"ListItem\",\"position\":2,\"name\":\"zomeractiviteiten\",\"item\":\"https:\/\/www.samoens.com\/nl\/zomeractiviteiten\/\"},{\"@type\":\"ListItem\",\"position\":3,\"name\":\"BERG ACTIVITEITEN\"}]},{\"@type\":\"WebSite\",\"@id\":\"https:\/\/www.samoens.com\/#website\",\"url\":\"https:\/\/www.samoens.com\/\",\"name\":\"Samo\u00ebns, station de ski et village authentique en Haute-Savoie\",\"description\":\"Nich\u00e9e au coeur du domaine skiable du Grand Massif et \u00e0 moins d&#039;1h de Gen\u00e8ve, Samo\u00ebns rendra vos vacances inoubliables en \u00e9t\u00e9 comme en hiver\",\"potentialAction\":[{\"@type\":\"SearchAction\",\"target\":{\"@type\":\"EntryPoint\",\"urlTemplate\":\"https:\/\/www.samoens.com\/?s={search_term_string}\"},\"query-input\":{\"@type\":\"PropertyValueSpecification\",\"valueRequired\":true,\"valueName\":\"search_term_string\"}}],\"inLanguage\":\"nl-NL\"}]}<\/script>\n<!-- \/ Yoast SEO plugin. -->","yoast_head_json":{"title":"BERG ACTIVITEITEN Samo\u00ebns, station de ski et village authentique en Haute-Savoie","robots":{"index":"index","follow":"follow","max-snippet":"max-snippet:-1","max-image-preview":"max-image-preview:large","max-video-preview":"max-video-preview:-1"},"canonical":"https:\/\/www.samoens.com\/nl\/zomeractiviteiten\/activiteiten-in-de-bergen\/","og_locale":"nl_NL","og_type":"article","og_title":"BERG ACTIVITEITEN Samo\u00ebns, station de ski et village authentique en Haute-Savoie","og_description":"[vc_row][vc_column][vc_column_text]Er worden tal van activiteiten aangeboden tijdens je zomervakantie in Samo\u00ebns. Ga de lucht in met onze gespecialiseerde gidsen en beoefen rots- en bergsporten. Met het gezin, met z&#8217;n twee\u00ebn of alleen, na een zomervakantie in Samo\u00ebns zul je de Alpen nooit meer op dezelfde manier zien. Onze dienstverleners bieden een scala aan activiteiten die [&hellip;]","og_url":"https:\/\/www.samoens.com\/nl\/zomeractiviteiten\/activiteiten-in-de-bergen\/","og_site_name":"Samo\u00ebns, station de ski et village authentique en Haute-Savoie","article_modified_time":"2026-04-06T14:48:41+00:00","og_image":[{"width":2259,"height":964,"url":"https:\/\/www.samoens.com\/wp-content\/uploads\/2020\/08\/Samoe\u00a6ens-001.jpg","type":"image\/jpeg"}],"twitter_card":"summary_large_image","twitter_misc":{"Geschatte leestijd":"2 minuten"},"schema":{"@context":"https:\/\/schema.org","@graph":[{"@type":"WebPage","@id":"https:\/\/www.samoens.com\/nl\/zomeractiviteiten\/activiteiten-in-de-bergen\/","url":"https:\/\/www.samoens.com\/nl\/zomeractiviteiten\/activiteiten-in-de-bergen\/","name":"BERG ACTIVITEITEN Samo\u00ebns, station de ski et village authentique en Haute-Savoie","isPartOf":{"@id":"https:\/\/www.samoens.com\/#website"},"primaryImageOfPage":{"@id":"https:\/\/www.samoens.com\/nl\/zomeractiviteiten\/activiteiten-in-de-bergen\/#primaryimage"},"image":{"@id":"https:\/\/www.samoens.com\/nl\/zomeractiviteiten\/activiteiten-in-de-bergen\/#primaryimage"},"thumbnailUrl":"https:\/\/www.samoens.com\/wp-content\/uploads\/2020\/08\/Samoe\u00a6ens-001.jpg","datePublished":"2026-04-06T14:45:54+00:00","dateModified":"2026-04-06T14:48:41+00:00","breadcrumb":{"@id":"https:\/\/www.samoens.com\/nl\/zomeractiviteiten\/activiteiten-in-de-bergen\/#breadcrumb"},"inLanguage":"nl-NL","potentialAction":[{"@type":"ReadAction","target":["https:\/\/www.samoens.com\/nl\/zomeractiviteiten\/activiteiten-in-de-bergen\/"]}]},{"@type":"ImageObject","inLanguage":"nl-NL","@id":"https:\/\/www.samoens.com\/nl\/zomeractiviteiten\/activiteiten-in-de-bergen\/#primaryimage","url":"https:\/\/www.samoens.com\/wp-content\/uploads\/2020\/08\/Samoe\u00a6ens-001.jpg","contentUrl":"https:\/\/www.samoens.com\/wp-content\/uploads\/2020\/08\/Samoe\u00a6ens-001.jpg","width":2259,"height":964,"caption":"Point de vue panoramique sur le massif du Mont-Blanc depuis le lac de joux Plane."},{"@type":"BreadcrumbList","@id":"https:\/\/www.samoens.com\/nl\/zomeractiviteiten\/activiteiten-in-de-bergen\/#breadcrumb","itemListElement":[{"@type":"ListItem","position":1,"name":"Accueil","item":"https:\/\/www.samoens.com\/nl\/"},{"@type":"ListItem","position":2,"name":"zomeractiviteiten","item":"https:\/\/www.samoens.com\/nl\/zomeractiviteiten\/"},{"@type":"ListItem","position":3,"name":"BERG ACTIVITEITEN"}]},{"@type":"WebSite","@id":"https:\/\/www.samoens.com\/#website","url":"https:\/\/www.samoens.com\/","name":"Samo\u00ebns, station de ski et village authentique en Haute-Savoie","description":"Nich\u00e9e au coeur du domaine skiable du Grand Massif et \u00e0 moins d&#039;1h de Gen\u00e8ve, Samo\u00ebns rendra vos vacances inoubliables en \u00e9t\u00e9 comme en hiver","potentialAction":[{"@type":"SearchAction","target":{"@type":"EntryPoint","urlTemplate":"https:\/\/www.samoens.com\/?s={search_term_string}"},"query-input":{"@type":"PropertyValueSpecification","valueRequired":true,"valueName":"search_term_string"}}],"inLanguage":"nl-NL"}]}},"_links":{"self":[{"href":"https:\/\/www.samoens.com\/nl\/wp-json\/wp\/v2\/pages\/415859","targetHints":{"allow":["GET"]}}],"collection":[{"href":"https:\/\/www.samoens.com\/nl\/wp-json\/wp\/v2\/pages"}],"about":[{"href":"https:\/\/www.samoens.com\/nl\/wp-json\/wp\/v2\/types\/page"}],"author":[{"embeddable":true,"href":"https:\/\/www.samoens.com\/nl\/wp-json\/wp\/v2\/users\/2"}],"replies":[{"embeddable":true,"href":"https:\/\/www.samoens.com\/nl\/wp-json\/wp\/v2\/comments?post=415859"}],"version-history":[{"count":8,"href":"https:\/\/www.samoens.com\/nl\/wp-json\/wp\/v2\/pages\/415859\/revisions"}],"predecessor-version":[{"id":607444,"href":"https:\/\/www.samoens.com\/nl\/wp-json\/wp\/v2\/pages\/415859\/revisions\/607444"}],"up":[{"embeddable":true,"href":"https:\/\/www.samoens.com\/nl\/wp-json\/wp\/v2\/pages\/416459"}],"wp:featuredmedia":[{"embeddable":true,"href":"https:\/\/www.samoens.com\/nl\/wp-json\/wp\/v2\/media\/426836"}],"wp:attachment":[{"href":"https:\/\/www.samoens.com\/nl\/wp-json\/wp\/v2\/media?parent=415859"}],"curies":[{"name":"wp","href":"https:\/\/api.w.org\/{rel}","templated":true}]}}