{"id":415853,"date":"2020-07-02T18:02:20","date_gmt":"2020-07-02T16:02:20","guid":{"rendered":"https:\/\/www.samoens.com\/?page_id=415853"},"modified":"2024-06-04T11:50:32","modified_gmt":"2024-06-04T09:50:32","slug":"wateractiviteiten","status":"publish","type":"page","link":"https:\/\/www.samoens.com\/nl\/zomeractiviteiten\/wateractiviteiten\/","title":{"rendered":"WATERACTIVITEITEN"},"content":{"rendered":"<div class=\"wpb-content-wrapper\"><p>[vc_row][vc_column][vc_column_text]<span id=\"s2_1\">In de zomer heb je behoefte aan frisheid\u2026 En de tumultueuze Giffre, die door Samo\u00ebns loopt, is een uitstekende leverancier.<\/span> <span id=\"s2_2\">Hydrospeed, canoraft, canyoning\u2026 In deze bergstroom zijn alle wateractiviteiten toegestaan.<\/span> <span id=\"s2_3\">Stimulerend!<\/span><\/p>\n<p><span id=\"s2_4\">Weinig lexicon:<\/span><\/p>\n<p><strong><span id=\"s2_1\">Raften.<\/span><\/strong> <span id=\"s2_2\">In een onversmelte boot, tot 8 en onder toezicht van een gids die u zal helpen de boot te besturen, verlaat u Sixt, voor een afdaling die door de vlakte van Samo\u00ebns en de smalle kloven van de tanden zal gaan.<\/span> <span id=\"s2_3\">Sommige structuren bieden een barbecue pauze en zelfs een yurt party!<\/span><\/p>\n<p><strong><span id=\"s2_1\">Hydrosnelheid.<\/span><\/strong> <span id=\"s2_2\">Uitgerust met vinnen en een versterkte jumpsuit, vliegt u de Giffre op een schuimrubber drijver en leert u de stromingen en surft de golven.<\/span><\/p>\n<p><strong><span id=\"s2_1\">Canyoning.<\/span><\/strong> <span id=\"s2_2\">Spring in de zwembaden die door het water zijn gegraven, schuif over natuurlijke glijbanen, ontsteek de watervallen voor een watersport- en wandeltocht in een prachtige natuurlijke omgeving.<\/span><\/p>\n<p><strong><span id=\"s2_1\">Canoraft.<\/span><\/strong> <span id=\"s2_2\">De Canoraft is een wendbare opblaasbare boot, die het mogelijk maakt om over de Giffre te glijden.<\/span> <span id=\"s2_3\">Twee in de boot, die je met een peddel stuurt, zul je in osmose met de rivier.<\/span> <span id=\"s2_4\">Voor beginners wordt een cursus voorgesteld die niet door de kloven loopt.<\/span><\/p>\n<p><span id=\"s2_1\"><strong>Luchtboot<\/strong>.<\/span> <span id=\"s2_2\">De Airboat is een opblaasbare kajak, maar in tegenstelling tot de kano ben je alleen in de boot.<\/span> <span id=\"s2_3\">In autonomie ontdekt u veilig de geneugten van de navigatie op de Giffre.<\/span><\/p>\n<p><span id=\"s2_1\">En ook\u2026 w<strong>aterski\u00ebn.<\/strong><\/span> <span id=\"s2_2\">Dicht bij Samo\u00ebns en in het hart van de bergen kunt u genieten van waterski\u00ebn op een eigen meer met gecertificeerde slalom.<\/span>[\/vc_column_text][\/vc_column][\/vc_row][vc_row][vc_column width=&#8221;1\/3&#8243;][vc_single_image image=&#8221;414028&#8243; img_size=&#8221;medium&#8221; alignment=&#8221;center&#8221; onclick=&#8221;custom_link&#8221; img_link_target=&#8221;_blank&#8221; title=&#8221;LUCHTBOOT&#8221; link=&#8221;https:\/\/www.samoens.com\/nl\/airboat\/&#8221; el_class=&#8221;lienversliste&#8221;][vc_single_image image=&#8221;11790&#8243; img_size=&#8221;medium&#8221; alignment=&#8221;center&#8221; onclick=&#8221;custom_link&#8221; img_link_target=&#8221;_blank&#8221; title=&#8221;HYDROSPEED&#8221; link=&#8221;https:\/\/www.samoens.com\/nl\/hydrospeed\/&#8221; el_class=&#8221;lienversliste&#8221;][vc_single_image image=&#8221;414040&#8243; img_size=&#8221;medium&#8221; alignment=&#8221;center&#8221; onclick=&#8221;custom_link&#8221; img_link_target=&#8221;_blank&#8221; title=&#8221;WATERSKIEN&#8221; link=&#8221;https:\/\/www.samoens.com\/nl\/articles_apidae\/waterskien\/&#8221; el_class=&#8221;lienversliste&#8221;][vc_single_image image=&#8221;414037&#8243; img_size=&#8221;medium&#8221; alignment=&#8221;center&#8221; onclick=&#8221;custom_link&#8221; img_link_target=&#8221;_blank&#8221; title=&#8221;OPEN KAJAK&#8221; link=&#8221;https:\/\/www.samoens.com\/nl\/articles_apidae\/open-kayak-2\/&#8221; el_class=&#8221;lienversliste&#8221;][\/vc_column][vc_column width=&#8221;1\/3&#8243;][vc_single_image image=&#8221;414031&#8243; img_size=&#8221;medium&#8221; alignment=&#8221;center&#8221; onclick=&#8221;custom_link&#8221; img_link_target=&#8221;_blank&#8221; title=&#8221;CANORAFT&#8221; link=&#8221;https:\/\/www.samoens.com\/nl\/canoraft\/&#8221; el_class=&#8221;lienversliste&#8221;][vc_single_image image=&#8221;414034&#8243; img_size=&#8221;medium&#8221; alignment=&#8221;center&#8221; onclick=&#8221;custom_link&#8221; img_link_target=&#8221;_blank&#8221; title=&#8221;MINI RAFT&#8221; link=&#8221;https:\/\/www.samoens.com\/nl\/mini-raft\/&#8221; el_class=&#8221;lienversliste&#8221;][vc_single_image image=&#8221;2816&#8243; img_size=&#8221;medium&#8221; alignment=&#8221;center&#8221; onclick=&#8221;custom_link&#8221; img_link_target=&#8221;_blank&#8221; title=&#8221;MEREN AAN DE DAMES&#8221; link=&#8221;https:\/\/www.samoens.com\/nl\/articles_apidae\/lac-aux-dames-recreatiecentrum-in-de-zomer\/&#8221; el_class=&#8221;lienversliste&#8221;][vc_single_image image=&#8221;11793&#8243; img_size=&#8221;medium&#8221; alignment=&#8221;center&#8221; onclick=&#8221;custom_link&#8221; img_link_target=&#8221;_blank&#8221; title=&#8221;RAFTEN&#8221; link=&#8221;https:\/\/www.samoens.com\/nl\/rafting\/&#8221; el_class=&#8221;lienversliste&#8221;][\/vc_column][vc_column width=&#8221;1\/3&#8243;][vc_single_image image=&#8221;11797&#8243; img_size=&#8221;medium&#8221; alignment=&#8221;center&#8221; onclick=&#8221;custom_link&#8221; img_link_target=&#8221;_blank&#8221; title=&#8221;CANYONING&#8221; link=&#8221;https:\/\/www.samoens.com\/nl\/canyoning\/&#8221; el_class=&#8221;lienversliste&#8221;][vc_single_image image=&#8221;414043&#8243; img_size=&#8221;medium&#8221; alignment=&#8221;center&#8221; onclick=&#8221;custom_link&#8221; img_link_target=&#8221;_blank&#8221; title=&#8221;zwembad&#8221; link=&#8221;https:\/\/www.samoens.com\/nl\/articles_apidae\/zwembad\/&#8221; el_class=&#8221;lienversliste&#8221;][vc_single_image image=&#8221;2813&#8243; img_size=&#8221;medium&#8221; alignment=&#8221;center&#8221; onclick=&#8221;custom_link&#8221; img_link_target=&#8221;_blank&#8221; title=&#8221;VISSERIJ&#8221; link=&#8221;https:\/\/www.samoens.com\/nl\/fishing\/&#8221; el_class=&#8221;lienversliste&#8221;][\/vc_column][\/vc_row]<\/p>\n<\/div>","protected":false},"excerpt":{"rendered":"<p>[vc_row][vc_column][vc_column_text]In de zomer heb je behoefte aan frisheid\u2026 En de tumultueuze Giffre, die door Samo\u00ebns loopt, is een uitstekende leverancier. Hydrospeed, canoraft, canyoning\u2026 In deze bergstroom zijn alle wateractiviteiten toegestaan. Stimulerend! Weinig lexicon: Raften. In een onversmelte boot, tot 8 en onder toezicht van een gids die u zal helpen de boot te besturen, verlaat [&hellip;]<\/p>\n","protected":false},"author":2,"featured_media":535905,"parent":416459,"menu_order":7,"comment_status":"closed","ping_status":"closed","template":"template-entete-bleue.php","meta":{"_acf_changed":false,"footnotes":""},"class_list":["post-415853","page","type-page","status-publish","hentry"],"acf":[],"yoast_head":"<!-- This site is optimized with the Yoast SEO plugin v27.2 - https:\/\/yoast.com\/product\/yoast-seo-wordpress\/ -->\n<title>WATERACTIVITEITEN Samo\u00ebns, station de ski et village authentique en Haute-Savoie<\/title>\n<meta name=\"robots\" content=\"index, follow, max-snippet:-1, max-image-preview:large, max-video-preview:-1\" \/>\n<link rel=\"canonical\" href=\"https:\/\/www.samoens.com\/nl\/zomeractiviteiten\/wateractiviteiten\/\" \/>\n<meta property=\"og:locale\" content=\"nl_NL\" \/>\n<meta property=\"og:type\" content=\"article\" \/>\n<meta property=\"og:title\" content=\"WATERACTIVITEITEN Samo\u00ebns, station de ski et village authentique en Haute-Savoie\" \/>\n<meta property=\"og:description\" content=\"[vc_row][vc_column][vc_column_text]In de zomer heb je behoefte aan frisheid\u2026 En de tumultueuze Giffre, die door Samo\u00ebns loopt, is een uitstekende leverancier. Hydrospeed, canoraft, canyoning\u2026 In deze bergstroom zijn alle wateractiviteiten toegestaan. Stimulerend! Weinig lexicon: Raften. In een onversmelte boot, tot 8 en onder toezicht van een gids die u zal helpen de boot te besturen, verlaat [&hellip;]\" \/>\n<meta property=\"og:url\" content=\"https:\/\/www.samoens.com\/nl\/zomeractiviteiten\/wateractiviteiten\/\" \/>\n<meta property=\"og:site_name\" content=\"Samo\u00ebns, station de ski et village authentique en Haute-Savoie\" \/>\n<meta property=\"article:modified_time\" content=\"2024-06-04T09:50:32+00:00\" \/>\n<meta property=\"og:image\" content=\"https:\/\/www.samoens.com\/wp-content\/uploads\/2021\/06\/river-1335737-scaled.jpg\" \/>\n\t<meta property=\"og:image:width\" content=\"2560\" \/>\n\t<meta property=\"og:image:height\" content=\"1707\" \/>\n\t<meta property=\"og:image:type\" content=\"image\/jpeg\" \/>\n<meta name=\"twitter:card\" content=\"summary_large_image\" \/>\n<meta name=\"twitter:label1\" content=\"Geschatte leestijd\" \/>\n\t<meta name=\"twitter:data1\" content=\"3 minuten\" \/>\n<script type=\"application\/ld+json\" class=\"yoast-schema-graph\">{\"@context\":\"https:\/\/schema.org\",\"@graph\":[{\"@type\":\"WebPage\",\"@id\":\"https:\/\/www.samoens.com\/nl\/zomeractiviteiten\/wateractiviteiten\/\",\"url\":\"https:\/\/www.samoens.com\/nl\/zomeractiviteiten\/wateractiviteiten\/\",\"name\":\"WATERACTIVITEITEN Samo\u00ebns, station de ski et village authentique en Haute-Savoie\",\"isPartOf\":{\"@id\":\"https:\/\/www.samoens.com\/#website\"},\"primaryImageOfPage\":{\"@id\":\"https:\/\/www.samoens.com\/nl\/zomeractiviteiten\/wateractiviteiten\/#primaryimage\"},\"image\":{\"@id\":\"https:\/\/www.samoens.com\/nl\/zomeractiviteiten\/wateractiviteiten\/#primaryimage\"},\"thumbnailUrl\":\"https:\/\/www.samoens.com\/wp-content\/uploads\/2021\/06\/river-1335737-scaled.jpg\",\"datePublished\":\"2020-07-02T16:02:20+00:00\",\"dateModified\":\"2024-06-04T09:50:32+00:00\",\"breadcrumb\":{\"@id\":\"https:\/\/www.samoens.com\/nl\/zomeractiviteiten\/wateractiviteiten\/#breadcrumb\"},\"inLanguage\":\"nl-NL\",\"potentialAction\":[{\"@type\":\"ReadAction\",\"target\":[\"https:\/\/www.samoens.com\/nl\/zomeractiviteiten\/wateractiviteiten\/\"]}]},{\"@type\":\"ImageObject\",\"inLanguage\":\"nl-NL\",\"@id\":\"https:\/\/www.samoens.com\/nl\/zomeractiviteiten\/wateractiviteiten\/#primaryimage\",\"url\":\"https:\/\/www.samoens.com\/wp-content\/uploads\/2021\/06\/river-1335737-scaled.jpg\",\"contentUrl\":\"https:\/\/www.samoens.com\/wp-content\/uploads\/2021\/06\/river-1335737-scaled.jpg\",\"width\":2560,\"height\":1707,\"caption\":\"Rivi\u00e8re du Giffre\"},{\"@type\":\"BreadcrumbList\",\"@id\":\"https:\/\/www.samoens.com\/nl\/zomeractiviteiten\/wateractiviteiten\/#breadcrumb\",\"itemListElement\":[{\"@type\":\"ListItem\",\"position\":1,\"name\":\"Accueil\",\"item\":\"https:\/\/www.samoens.com\/nl\/\"},{\"@type\":\"ListItem\",\"position\":2,\"name\":\"zomeractiviteiten\",\"item\":\"https:\/\/www.samoens.com\/nl\/zomeractiviteiten\/\"},{\"@type\":\"ListItem\",\"position\":3,\"name\":\"WATERACTIVITEITEN\"}]},{\"@type\":\"WebSite\",\"@id\":\"https:\/\/www.samoens.com\/#website\",\"url\":\"https:\/\/www.samoens.com\/\",\"name\":\"Samo\u00ebns, station de ski et village authentique en Haute-Savoie\",\"description\":\"Nich\u00e9e au coeur du domaine skiable du Grand Massif et \u00e0 moins d&#039;1h de Gen\u00e8ve, Samo\u00ebns rendra vos vacances inoubliables en \u00e9t\u00e9 comme en hiver\",\"potentialAction\":[{\"@type\":\"SearchAction\",\"target\":{\"@type\":\"EntryPoint\",\"urlTemplate\":\"https:\/\/www.samoens.com\/?s={search_term_string}\"},\"query-input\":{\"@type\":\"PropertyValueSpecification\",\"valueRequired\":true,\"valueName\":\"search_term_string\"}}],\"inLanguage\":\"nl-NL\"}]}<\/script>\n<!-- \/ Yoast SEO plugin. -->","yoast_head_json":{"title":"WATERACTIVITEITEN Samo\u00ebns, station de ski et village authentique en Haute-Savoie","robots":{"index":"index","follow":"follow","max-snippet":"max-snippet:-1","max-image-preview":"max-image-preview:large","max-video-preview":"max-video-preview:-1"},"canonical":"https:\/\/www.samoens.com\/nl\/zomeractiviteiten\/wateractiviteiten\/","og_locale":"nl_NL","og_type":"article","og_title":"WATERACTIVITEITEN Samo\u00ebns, station de ski et village authentique en Haute-Savoie","og_description":"[vc_row][vc_column][vc_column_text]In de zomer heb je behoefte aan frisheid\u2026 En de tumultueuze Giffre, die door Samo\u00ebns loopt, is een uitstekende leverancier. Hydrospeed, canoraft, canyoning\u2026 In deze bergstroom zijn alle wateractiviteiten toegestaan. Stimulerend! Weinig lexicon: Raften. In een onversmelte boot, tot 8 en onder toezicht van een gids die u zal helpen de boot te besturen, verlaat [&hellip;]","og_url":"https:\/\/www.samoens.com\/nl\/zomeractiviteiten\/wateractiviteiten\/","og_site_name":"Samo\u00ebns, station de ski et village authentique en Haute-Savoie","article_modified_time":"2024-06-04T09:50:32+00:00","og_image":[{"width":2560,"height":1707,"url":"https:\/\/www.samoens.com\/wp-content\/uploads\/2021\/06\/river-1335737-scaled.jpg","type":"image\/jpeg"}],"twitter_card":"summary_large_image","twitter_misc":{"Geschatte leestijd":"3 minuten"},"schema":{"@context":"https:\/\/schema.org","@graph":[{"@type":"WebPage","@id":"https:\/\/www.samoens.com\/nl\/zomeractiviteiten\/wateractiviteiten\/","url":"https:\/\/www.samoens.com\/nl\/zomeractiviteiten\/wateractiviteiten\/","name":"WATERACTIVITEITEN Samo\u00ebns, station de ski et village authentique en Haute-Savoie","isPartOf":{"@id":"https:\/\/www.samoens.com\/#website"},"primaryImageOfPage":{"@id":"https:\/\/www.samoens.com\/nl\/zomeractiviteiten\/wateractiviteiten\/#primaryimage"},"image":{"@id":"https:\/\/www.samoens.com\/nl\/zomeractiviteiten\/wateractiviteiten\/#primaryimage"},"thumbnailUrl":"https:\/\/www.samoens.com\/wp-content\/uploads\/2021\/06\/river-1335737-scaled.jpg","datePublished":"2020-07-02T16:02:20+00:00","dateModified":"2024-06-04T09:50:32+00:00","breadcrumb":{"@id":"https:\/\/www.samoens.com\/nl\/zomeractiviteiten\/wateractiviteiten\/#breadcrumb"},"inLanguage":"nl-NL","potentialAction":[{"@type":"ReadAction","target":["https:\/\/www.samoens.com\/nl\/zomeractiviteiten\/wateractiviteiten\/"]}]},{"@type":"ImageObject","inLanguage":"nl-NL","@id":"https:\/\/www.samoens.com\/nl\/zomeractiviteiten\/wateractiviteiten\/#primaryimage","url":"https:\/\/www.samoens.com\/wp-content\/uploads\/2021\/06\/river-1335737-scaled.jpg","contentUrl":"https:\/\/www.samoens.com\/wp-content\/uploads\/2021\/06\/river-1335737-scaled.jpg","width":2560,"height":1707,"caption":"Rivi\u00e8re du Giffre"},{"@type":"BreadcrumbList","@id":"https:\/\/www.samoens.com\/nl\/zomeractiviteiten\/wateractiviteiten\/#breadcrumb","itemListElement":[{"@type":"ListItem","position":1,"name":"Accueil","item":"https:\/\/www.samoens.com\/nl\/"},{"@type":"ListItem","position":2,"name":"zomeractiviteiten","item":"https:\/\/www.samoens.com\/nl\/zomeractiviteiten\/"},{"@type":"ListItem","position":3,"name":"WATERACTIVITEITEN"}]},{"@type":"WebSite","@id":"https:\/\/www.samoens.com\/#website","url":"https:\/\/www.samoens.com\/","name":"Samo\u00ebns, station de ski et village authentique en Haute-Savoie","description":"Nich\u00e9e au coeur du domaine skiable du Grand Massif et \u00e0 moins d&#039;1h de Gen\u00e8ve, Samo\u00ebns rendra vos vacances inoubliables en \u00e9t\u00e9 comme en hiver","potentialAction":[{"@type":"SearchAction","target":{"@type":"EntryPoint","urlTemplate":"https:\/\/www.samoens.com\/?s={search_term_string}"},"query-input":{"@type":"PropertyValueSpecification","valueRequired":true,"valueName":"search_term_string"}}],"inLanguage":"nl-NL"}]}},"_links":{"self":[{"href":"https:\/\/www.samoens.com\/nl\/wp-json\/wp\/v2\/pages\/415853","targetHints":{"allow":["GET"]}}],"collection":[{"href":"https:\/\/www.samoens.com\/nl\/wp-json\/wp\/v2\/pages"}],"about":[{"href":"https:\/\/www.samoens.com\/nl\/wp-json\/wp\/v2\/types\/page"}],"author":[{"embeddable":true,"href":"https:\/\/www.samoens.com\/nl\/wp-json\/wp\/v2\/users\/2"}],"replies":[{"embeddable":true,"href":"https:\/\/www.samoens.com\/nl\/wp-json\/wp\/v2\/comments?post=415853"}],"version-history":[{"count":1,"href":"https:\/\/www.samoens.com\/nl\/wp-json\/wp\/v2\/pages\/415853\/revisions"}],"predecessor-version":[{"id":589504,"href":"https:\/\/www.samoens.com\/nl\/wp-json\/wp\/v2\/pages\/415853\/revisions\/589504"}],"up":[{"embeddable":true,"href":"https:\/\/www.samoens.com\/nl\/wp-json\/wp\/v2\/pages\/416459"}],"wp:featuredmedia":[{"embeddable":true,"href":"https:\/\/www.samoens.com\/nl\/wp-json\/wp\/v2\/media\/535905"}],"wp:attachment":[{"href":"https:\/\/www.samoens.com\/nl\/wp-json\/wp\/v2\/media?parent=415853"}],"curies":[{"name":"wp","href":"https:\/\/api.w.org\/{rel}","templated":true}]}}