{"id":415753,"date":"2020-06-25T16:04:13","date_gmt":"2020-06-25T14:04:13","guid":{"rendered":"https:\/\/www.samoens.com\/bonnes-adresses\/"},"modified":"2024-07-29T09:27:27","modified_gmt":"2024-07-29T07:27:27","slug":"bonnes-adresses","status":"publish","type":"page","link":"https:\/\/www.samoens.com\/nl\/bonnes-adresses\/","title":{"rendered":"Goede adressen"},"content":{"rendered":"<div class=\"wpb-content-wrapper\"><p>[vc_row][vc_column][vc_column_text]<\/p>\n<h2>Het juiste adres in Samo\u00ebns<\/h2>\n<p>[\/vc_column_text][vc_column_text]<\/p>\n<h2 class=\"chapeau\">Als het op vakantie gaat, zijn er culinaire hoogstandjes te krijgen, en Samo\u00ebns zal u tevreden stellen.<\/h2>\n<p>[\/vc_column_text][\/vc_column][\/vc_row][vc_row][vc_column width=&#8221;1\/3&#8243;][vc_single_image image=&#8221;144474&#8243; img_size=&#8221;medium&#8221; alignment=&#8221;center&#8221; onclick=&#8221;custom_link&#8221; img_link_target=&#8221;_blank&#8221; title=&#8221;Met een drankje&#8221; link=&#8221;https:\/\/www.samoens.com\/nl\/rond-een-glas\/&#8221; el_class=&#8221;lienversliste&#8221;][vc_single_image image=&#8221;262&#8243; img_size=&#8221;medium&#8221; alignment=&#8221;center&#8221; onclick=&#8221;custom_link&#8221; img_link_target=&#8221;_blank&#8221; title=&#8221;lokale producten&#8221; link=&#8221;https:\/\/www.samoens.com\/nl\/onze-lokale-producten\/&#8221; el_class=&#8221;lienversliste&#8221;][vc_single_image image=&#8221;415832&#8243; img_size=&#8221;medium&#8221; alignment=&#8221;center&#8221; onclick=&#8221;custom_link&#8221; img_link_target=&#8221;_blank&#8221; title=&#8221;eten&#8221; el_class=&#8221;lienversliste&#8221; link=&#8221;https:\/\/www.samoens.com\/nl\/eten\/&#8221;][\/vc_column][vc_column width=&#8221;1\/3&#8243;][vc_single_image image=&#8221;417227&#8243; img_size=&#8221;medium&#8221; alignment=&#8221;center&#8221; onclick=&#8221;custom_link&#8221; img_link_target=&#8221;_blank&#8221; title=&#8221;picknickplaats&#8221; link=&#8221;https:\/\/www.samoens.com\/nl\/articles_apidae\/ladies-lake-picknickplaats\/&#8221; el_class=&#8221;lienversliste&#8221;][vc_single_image image=&#8221;243&#8243; img_size=&#8221;medium&#8221; alignment=&#8221;center&#8221; onclick=&#8221;custom_link&#8221; img_link_target=&#8221;_blank&#8221; title=&#8221;RESTAURANTS&#8221; link=&#8221;https:\/\/www.samoens.com\/nl\/restaurants\/&#8221; el_class=&#8221;lienversliste&#8221;][vc_single_image image=&#8221;415835&#8243; img_size=&#8221;medium&#8221; alignment=&#8221;center&#8221; onclick=&#8221;custom_link&#8221; img_link_target=&#8221;_blank&#8221; title=&#8221;andere winkels&#8221; el_class=&#8221;lienversliste&#8221; link=&#8221;https:\/\/www.samoens.com\/les-autres-commerces\/&#8221;][\/vc_column][vc_column width=&#8221;1\/3&#8243;][vc_single_image image=&#8221;413877&#8243; img_size=&#8221;medium&#8221; alignment=&#8221;center&#8221; onclick=&#8221;custom_link&#8221; img_link_target=&#8221;_blank&#8221; title=&#8221;diensten&#8221; link=&#8221;https:\/\/www.samoens.com\/nl\/handige-services\/&#8221; el_class=&#8221;lienversliste&#8221;][vc_single_image image=&#8221;415827&#8243; img_size=&#8221;medium&#8221; alignment=&#8221;center&#8221; onclick=&#8221;custom_link&#8221; img_link_target=&#8221;_blank&#8221; link=&#8221;https:\/\/www.samoens.com\/nl\/ambachten\/&#8221; title=&#8221;ambachtslieden&#8221; el_class=&#8221;lienversliste&#8221;][vc_single_image image=&#8221;1356&#8243; img_size=&#8221;medium&#8221; alignment=&#8221;center&#8221; onclick=&#8221;custom_link&#8221; img_link_target=&#8221;_blank&#8221; title=&#8221;HUUR&#8221; el_class=&#8221;lienversliste&#8221; link=&#8221;https:\/\/www.samoens.com\/nl\/verhuur\/&#8221;][\/vc_column][\/vc_row][vc_row][vc_column][\/vc_column][\/vc_row]<\/p>\n<\/div>","protected":false},"excerpt":{"rendered":"<p>[vc_row][vc_column][vc_column_text] Het juiste adres in Samo\u00ebns [\/vc_column_text][vc_column_text] Als het op vakantie gaat, zijn er culinaire hoogstandjes te krijgen, en Samo\u00ebns zal u tevreden stellen. [\/vc_column_text][\/vc_column][\/vc_row][vc_row][vc_column width=&#8221;1\/3&#8243;][vc_single_image image=&#8221;144474&#8243; img_size=&#8221;medium&#8221; alignment=&#8221;center&#8221; onclick=&#8221;custom_link&#8221; img_link_target=&#8221;_blank&#8221; title=&#8221;Met een drankje&#8221; link=&#8221;https:\/\/www.samoens.com\/nl\/rond-een-glas\/&#8221; el_class=&#8221;lienversliste&#8221;][vc_single_image image=&#8221;262&#8243; img_size=&#8221;medium&#8221; alignment=&#8221;center&#8221; onclick=&#8221;custom_link&#8221; img_link_target=&#8221;_blank&#8221; title=&#8221;lokale producten&#8221; link=&#8221;https:\/\/www.samoens.com\/nl\/onze-lokale-producten\/&#8221; el_class=&#8221;lienversliste&#8221;][vc_single_image image=&#8221;415832&#8243; img_size=&#8221;medium&#8221; alignment=&#8221;center&#8221; onclick=&#8221;custom_link&#8221; img_link_target=&#8221;_blank&#8221; title=&#8221;eten&#8221; el_class=&#8221;lienversliste&#8221; link=&#8221;https:\/\/www.samoens.com\/nl\/eten\/&#8221;][\/vc_column][vc_column width=&#8221;1\/3&#8243;][vc_single_image image=&#8221;417227&#8243; [&hellip;]<\/p>\n","protected":false},"author":2,"featured_media":565037,"parent":0,"menu_order":97,"comment_status":"closed","ping_status":"closed","template":"","meta":{"_acf_changed":false,"footnotes":""},"class_list":["post-415753","page","type-page","status-publish","hentry"],"acf":[],"yoast_head":"<!-- This site is optimized with the Yoast SEO plugin v27.4 - https:\/\/yoast.com\/product\/yoast-seo-wordpress\/ -->\n<title>Goede adressen Samo\u00ebns, station de ski et village authentique en Haute-Savoie<\/title>\n<meta name=\"description\" content=\"Alleen leden van het toeristenbureau verschijnen op deze pagina.\" \/>\n<meta name=\"robots\" content=\"index, follow, max-snippet:-1, max-image-preview:large, max-video-preview:-1\" \/>\n<link rel=\"canonical\" href=\"https:\/\/www.samoens.com\/nl\/bonnes-adresses\/\" \/>\n<meta property=\"og:locale\" content=\"nl_NL\" \/>\n<meta property=\"og:type\" content=\"article\" \/>\n<meta property=\"og:title\" content=\"Goede adressen Samo\u00ebns, station de ski et village authentique en Haute-Savoie\" \/>\n<meta property=\"og:description\" content=\"[vc_row][vc_column][vc_column_text] Het juiste adres in Samo\u00ebns [\/vc_column_text][vc_column_text] Als het op vakantie gaat, zijn er culinaire hoogstandjes te krijgen, en Samo\u00ebns zal u tevreden stellen. [\/vc_column_text][\/vc_column][\/vc_row][vc_row][vc_column width=&#8221;1\/3&#8243;][vc_single_image image=&#8221;144474&#8243; img_size=&#8221;medium&#8221; alignment=&#8221;center&#8221; onclick=&#8221;custom_link&#8221; img_link_target=&#8221;_blank&#8221; title=&#8221;Met een drankje&#8221; link=&#8221;https:\/\/www.samoens.com\/nl\/rond-een-glas\/&#8221; el_class=&#8221;lienversliste&#8221;][vc_single_image image=&#8221;262&#8243; img_size=&#8221;medium&#8221; alignment=&#8221;center&#8221; onclick=&#8221;custom_link&#8221; img_link_target=&#8221;_blank&#8221; title=&#8221;lokale producten&#8221; link=&#8221;https:\/\/www.samoens.com\/nl\/onze-lokale-producten\/&#8221; el_class=&#8221;lienversliste&#8221;][vc_single_image image=&#8221;415832&#8243; img_size=&#8221;medium&#8221; alignment=&#8221;center&#8221; onclick=&#8221;custom_link&#8221; img_link_target=&#8221;_blank&#8221; title=&#8221;eten&#8221; el_class=&#8221;lienversliste&#8221; link=&#8221;https:\/\/www.samoens.com\/nl\/eten\/&#8221;][\/vc_column][vc_column width=&#8221;1\/3&#8243;][vc_single_image image=&#8221;417227&#8243; [&hellip;]\" \/>\n<meta property=\"og:url\" content=\"https:\/\/www.samoens.com\/nl\/bonnes-adresses\/\" \/>\n<meta property=\"og:site_name\" content=\"Samo\u00ebns, station de ski et village authentique en Haute-Savoie\" \/>\n<meta property=\"article:modified_time\" content=\"2024-07-29T07:27:27+00:00\" \/>\n<meta property=\"og:image\" content=\"https:\/\/www.samoens.com\/wp-content\/uploads\/2022\/11\/IMG_3816-scaled.jpg\" \/>\n\t<meta property=\"og:image:width\" content=\"2048\" \/>\n\t<meta property=\"og:image:height\" content=\"1365\" \/>\n\t<meta property=\"og:image:type\" content=\"image\/jpeg\" \/>\n<meta name=\"twitter:card\" content=\"summary_large_image\" \/>\n<meta name=\"twitter:label1\" content=\"Geschatte leestijd\" \/>\n\t<meta name=\"twitter:data1\" content=\"2 minuten\" \/>\n<script type=\"application\/ld+json\" class=\"yoast-schema-graph\">{\"@context\":\"https:\\\/\\\/schema.org\",\"@graph\":[{\"@type\":\"WebPage\",\"@id\":\"https:\\\/\\\/www.samoens.com\\\/nl\\\/bonnes-adresses\\\/\",\"url\":\"https:\\\/\\\/www.samoens.com\\\/nl\\\/bonnes-adresses\\\/\",\"name\":\"Goede adressen Samo\u00ebns, station de ski et village authentique en Haute-Savoie\",\"isPartOf\":{\"@id\":\"https:\\\/\\\/www.samoens.com\\\/#website\"},\"primaryImageOfPage\":{\"@id\":\"https:\\\/\\\/www.samoens.com\\\/nl\\\/bonnes-adresses\\\/#primaryimage\"},\"image\":{\"@id\":\"https:\\\/\\\/www.samoens.com\\\/nl\\\/bonnes-adresses\\\/#primaryimage\"},\"thumbnailUrl\":\"https:\\\/\\\/www.samoens.com\\\/wp-content\\\/uploads\\\/2022\\\/11\\\/IMG_3816-scaled.jpg\",\"datePublished\":\"2020-06-25T14:04:13+00:00\",\"dateModified\":\"2024-07-29T07:27:27+00:00\",\"breadcrumb\":{\"@id\":\"https:\\\/\\\/www.samoens.com\\\/nl\\\/bonnes-adresses\\\/#breadcrumb\"},\"inLanguage\":\"nl-NL\",\"potentialAction\":[{\"@type\":\"ReadAction\",\"target\":[\"https:\\\/\\\/www.samoens.com\\\/nl\\\/bonnes-adresses\\\/\"]}]},{\"@type\":\"ImageObject\",\"inLanguage\":\"nl-NL\",\"@id\":\"https:\\\/\\\/www.samoens.com\\\/nl\\\/bonnes-adresses\\\/#primaryimage\",\"url\":\"https:\\\/\\\/www.samoens.com\\\/wp-content\\\/uploads\\\/2022\\\/11\\\/IMG_3816-scaled.jpg\",\"contentUrl\":\"https:\\\/\\\/www.samoens.com\\\/wp-content\\\/uploads\\\/2022\\\/11\\\/IMG_3816-scaled.jpg\",\"width\":2048,\"height\":1365},{\"@type\":\"BreadcrumbList\",\"@id\":\"https:\\\/\\\/www.samoens.com\\\/nl\\\/bonnes-adresses\\\/#breadcrumb\",\"itemListElement\":[{\"@type\":\"ListItem\",\"position\":1,\"name\":\"Accueil\",\"item\":\"https:\\\/\\\/www.samoens.com\\\/nl\\\/\"},{\"@type\":\"ListItem\",\"position\":2,\"name\":\"Goede adressen\"}]},{\"@type\":\"WebSite\",\"@id\":\"https:\\\/\\\/www.samoens.com\\\/#website\",\"url\":\"https:\\\/\\\/www.samoens.com\\\/\",\"name\":\"Samo\u00ebns, station de ski et village authentique en Haute-Savoie\",\"description\":\"Nich\u00e9e au coeur du domaine skiable du Grand Massif et \u00e0 moins d&#039;1h de Gen\u00e8ve, Samo\u00ebns rendra vos vacances inoubliables en \u00e9t\u00e9 comme en hiver\",\"potentialAction\":[{\"@type\":\"SearchAction\",\"target\":{\"@type\":\"EntryPoint\",\"urlTemplate\":\"https:\\\/\\\/www.samoens.com\\\/?s={search_term_string}\"},\"query-input\":{\"@type\":\"PropertyValueSpecification\",\"valueRequired\":true,\"valueName\":\"search_term_string\"}}],\"inLanguage\":\"nl-NL\"}]}<\/script>\n<!-- \/ Yoast SEO plugin. -->","yoast_head_json":{"title":"Goede adressen Samo\u00ebns, station de ski et village authentique en Haute-Savoie","description":"Alleen leden van het toeristenbureau verschijnen op deze pagina.","robots":{"index":"index","follow":"follow","max-snippet":"max-snippet:-1","max-image-preview":"max-image-preview:large","max-video-preview":"max-video-preview:-1"},"canonical":"https:\/\/www.samoens.com\/nl\/bonnes-adresses\/","og_locale":"nl_NL","og_type":"article","og_title":"Goede adressen Samo\u00ebns, station de ski et village authentique en Haute-Savoie","og_description":"[vc_row][vc_column][vc_column_text] Het juiste adres in Samo\u00ebns [\/vc_column_text][vc_column_text] Als het op vakantie gaat, zijn er culinaire hoogstandjes te krijgen, en Samo\u00ebns zal u tevreden stellen. [\/vc_column_text][\/vc_column][\/vc_row][vc_row][vc_column width=&#8221;1\/3&#8243;][vc_single_image image=&#8221;144474&#8243; img_size=&#8221;medium&#8221; alignment=&#8221;center&#8221; onclick=&#8221;custom_link&#8221; img_link_target=&#8221;_blank&#8221; title=&#8221;Met een drankje&#8221; link=&#8221;https:\/\/www.samoens.com\/nl\/rond-een-glas\/&#8221; el_class=&#8221;lienversliste&#8221;][vc_single_image image=&#8221;262&#8243; img_size=&#8221;medium&#8221; alignment=&#8221;center&#8221; onclick=&#8221;custom_link&#8221; img_link_target=&#8221;_blank&#8221; title=&#8221;lokale producten&#8221; link=&#8221;https:\/\/www.samoens.com\/nl\/onze-lokale-producten\/&#8221; el_class=&#8221;lienversliste&#8221;][vc_single_image image=&#8221;415832&#8243; img_size=&#8221;medium&#8221; alignment=&#8221;center&#8221; onclick=&#8221;custom_link&#8221; img_link_target=&#8221;_blank&#8221; title=&#8221;eten&#8221; el_class=&#8221;lienversliste&#8221; link=&#8221;https:\/\/www.samoens.com\/nl\/eten\/&#8221;][\/vc_column][vc_column width=&#8221;1\/3&#8243;][vc_single_image image=&#8221;417227&#8243; [&hellip;]","og_url":"https:\/\/www.samoens.com\/nl\/bonnes-adresses\/","og_site_name":"Samo\u00ebns, station de ski et village authentique en Haute-Savoie","article_modified_time":"2024-07-29T07:27:27+00:00","og_image":[{"width":2048,"height":1365,"url":"https:\/\/www.samoens.com\/wp-content\/uploads\/2022\/11\/IMG_3816-scaled.jpg","type":"image\/jpeg"}],"twitter_card":"summary_large_image","twitter_misc":{"Geschatte leestijd":"2 minuten"},"schema":{"@context":"https:\/\/schema.org","@graph":[{"@type":"WebPage","@id":"https:\/\/www.samoens.com\/nl\/bonnes-adresses\/","url":"https:\/\/www.samoens.com\/nl\/bonnes-adresses\/","name":"Goede adressen Samo\u00ebns, station de ski et village authentique en Haute-Savoie","isPartOf":{"@id":"https:\/\/www.samoens.com\/#website"},"primaryImageOfPage":{"@id":"https:\/\/www.samoens.com\/nl\/bonnes-adresses\/#primaryimage"},"image":{"@id":"https:\/\/www.samoens.com\/nl\/bonnes-adresses\/#primaryimage"},"thumbnailUrl":"https:\/\/www.samoens.com\/wp-content\/uploads\/2022\/11\/IMG_3816-scaled.jpg","datePublished":"2020-06-25T14:04:13+00:00","dateModified":"2024-07-29T07:27:27+00:00","breadcrumb":{"@id":"https:\/\/www.samoens.com\/nl\/bonnes-adresses\/#breadcrumb"},"inLanguage":"nl-NL","potentialAction":[{"@type":"ReadAction","target":["https:\/\/www.samoens.com\/nl\/bonnes-adresses\/"]}]},{"@type":"ImageObject","inLanguage":"nl-NL","@id":"https:\/\/www.samoens.com\/nl\/bonnes-adresses\/#primaryimage","url":"https:\/\/www.samoens.com\/wp-content\/uploads\/2022\/11\/IMG_3816-scaled.jpg","contentUrl":"https:\/\/www.samoens.com\/wp-content\/uploads\/2022\/11\/IMG_3816-scaled.jpg","width":2048,"height":1365},{"@type":"BreadcrumbList","@id":"https:\/\/www.samoens.com\/nl\/bonnes-adresses\/#breadcrumb","itemListElement":[{"@type":"ListItem","position":1,"name":"Accueil","item":"https:\/\/www.samoens.com\/nl\/"},{"@type":"ListItem","position":2,"name":"Goede adressen"}]},{"@type":"WebSite","@id":"https:\/\/www.samoens.com\/#website","url":"https:\/\/www.samoens.com\/","name":"Samo\u00ebns, station de ski et village authentique en Haute-Savoie","description":"Nich\u00e9e au coeur du domaine skiable du Grand Massif et \u00e0 moins d&#039;1h de Gen\u00e8ve, Samo\u00ebns rendra vos vacances inoubliables en \u00e9t\u00e9 comme en hiver","potentialAction":[{"@type":"SearchAction","target":{"@type":"EntryPoint","urlTemplate":"https:\/\/www.samoens.com\/?s={search_term_string}"},"query-input":{"@type":"PropertyValueSpecification","valueRequired":true,"valueName":"search_term_string"}}],"inLanguage":"nl-NL"}]}},"_links":{"self":[{"href":"https:\/\/www.samoens.com\/nl\/wp-json\/wp\/v2\/pages\/415753","targetHints":{"allow":["GET"]}}],"collection":[{"href":"https:\/\/www.samoens.com\/nl\/wp-json\/wp\/v2\/pages"}],"about":[{"href":"https:\/\/www.samoens.com\/nl\/wp-json\/wp\/v2\/types\/page"}],"author":[{"embeddable":true,"href":"https:\/\/www.samoens.com\/nl\/wp-json\/wp\/v2\/users\/2"}],"replies":[{"embeddable":true,"href":"https:\/\/www.samoens.com\/nl\/wp-json\/wp\/v2\/comments?post=415753"}],"version-history":[{"count":2,"href":"https:\/\/www.samoens.com\/nl\/wp-json\/wp\/v2\/pages\/415753\/revisions"}],"predecessor-version":[{"id":590653,"href":"https:\/\/www.samoens.com\/nl\/wp-json\/wp\/v2\/pages\/415753\/revisions\/590653"}],"wp:featuredmedia":[{"embeddable":true,"href":"https:\/\/www.samoens.com\/nl\/wp-json\/wp\/v2\/media\/565037"}],"wp:attachment":[{"href":"https:\/\/www.samoens.com\/nl\/wp-json\/wp\/v2\/media?parent=415753"}],"curies":[{"name":"wp","href":"https:\/\/api.w.org\/{rel}","templated":true}]}}