{"id":38436,"date":"2019-09-09T18:11:55","date_gmt":"2019-09-09T16:11:55","guid":{"rendered":"https:\/\/www.samoens.com\/?page_id=38436"},"modified":"2020-04-20T10:17:56","modified_gmt":"2020-04-20T08:17:56","slug":"parking","status":"publish","type":"page","link":"https:\/\/www.samoens.com\/nl\/parking\/","title":{"rendered":"PARKING"},"content":{"rendered":"<div class=\"wpb-content-wrapper\"><p>[vc_row][vc_column][vc_column_text]<span id=\"s2_1\">Al onze parkeergelegenheid is gratis.<\/span><br \/>\n<span id=\"s2_2\">Ze zijn beperkt tot maximaal 48 uur, behalve de parkeerplaats van de Place du Gros Tilleul die is beperkt tot 1 uur en die van de Place du Criou tot 2 uur (hebben een blauwe schijf voor deze twee parkeerterreinen).<\/span>[\/vc_column_text][\/vc_column][\/vc_row]<\/p>\n<\/div>","protected":false},"excerpt":{"rendered":"<p>[vc_row][vc_column][vc_column_text]Al onze parkeergelegenheid is gratis. Ze zijn beperkt tot maximaal 48 uur, behalve de parkeerplaats van de Place du Gros Tilleul die is beperkt tot 1 uur en die van de Place du Criou tot 2 uur (hebben een blauwe schijf voor deze twee parkeerterreinen).[\/vc_column_text][\/vc_column][\/vc_row]<\/p>\n","protected":false},"author":2,"featured_media":0,"parent":0,"menu_order":1,"comment_status":"closed","ping_status":"closed","template":"template-entete-bleue.php","meta":{"_acf_changed":false,"footnotes":""},"class_list":["post-38436","page","type-page","status-publish","hentry"],"acf":[],"yoast_head":"<!-- This site is optimized with the Yoast SEO plugin v27.5 - https:\/\/yoast.com\/product\/yoast-seo-wordpress\/ -->\n<title>PARKING Samo\u00ebns, station de ski et village authentique en Haute-Savoie<\/title>\n<meta name=\"robots\" content=\"noindex, nofollow\" \/>\n<meta property=\"og:locale\" content=\"nl_NL\" \/>\n<meta property=\"og:type\" content=\"article\" \/>\n<meta property=\"og:title\" content=\"PARKING Samo\u00ebns, station de ski et village authentique en Haute-Savoie\" \/>\n<meta property=\"og:description\" content=\"[vc_row][vc_column][vc_column_text]Al onze parkeergelegenheid is gratis. Ze zijn beperkt tot maximaal 48 uur, behalve de parkeerplaats van de Place du Gros Tilleul die is beperkt tot 1 uur en die van de Place du Criou tot 2 uur (hebben een blauwe schijf voor deze twee parkeerterreinen).[\/vc_column_text][\/vc_column][\/vc_row]\" \/>\n<meta property=\"og:url\" content=\"https:\/\/www.samoens.com\/nl\/parking\/\" \/>\n<meta property=\"og:site_name\" content=\"Samo\u00ebns, station de ski et village authentique en Haute-Savoie\" \/>\n<meta property=\"article:modified_time\" content=\"2020-04-20T08:17:56+00:00\" \/>\n<meta name=\"twitter:card\" content=\"summary_large_image\" \/>\n<script type=\"application\/ld+json\" class=\"yoast-schema-graph\">{\"@context\":\"https:\\\/\\\/schema.org\",\"@graph\":[{\"@type\":\"WebPage\",\"@id\":\"https:\\\/\\\/www.samoens.com\\\/nl\\\/parking\\\/\",\"url\":\"https:\\\/\\\/www.samoens.com\\\/nl\\\/parking\\\/\",\"name\":\"PARKING Samo\u00ebns, station de ski et village authentique en Haute-Savoie\",\"isPartOf\":{\"@id\":\"https:\\\/\\\/www.samoens.com\\\/#website\"},\"datePublished\":\"2019-09-09T16:11:55+00:00\",\"dateModified\":\"2020-04-20T08:17:56+00:00\",\"breadcrumb\":{\"@id\":\"https:\\\/\\\/www.samoens.com\\\/nl\\\/parking\\\/#breadcrumb\"},\"inLanguage\":\"nl-NL\",\"potentialAction\":[{\"@type\":\"ReadAction\",\"target\":[\"https:\\\/\\\/www.samoens.com\\\/nl\\\/parking\\\/\"]}]},{\"@type\":\"BreadcrumbList\",\"@id\":\"https:\\\/\\\/www.samoens.com\\\/nl\\\/parking\\\/#breadcrumb\",\"itemListElement\":[{\"@type\":\"ListItem\",\"position\":1,\"name\":\"Accueil\",\"item\":\"https:\\\/\\\/www.samoens.com\\\/nl\\\/\"},{\"@type\":\"ListItem\",\"position\":2,\"name\":\"PARKING\"}]},{\"@type\":\"WebSite\",\"@id\":\"https:\\\/\\\/www.samoens.com\\\/#website\",\"url\":\"https:\\\/\\\/www.samoens.com\\\/\",\"name\":\"Samo\u00ebns, station de ski et village authentique en Haute-Savoie\",\"description\":\"Nich\u00e9e au coeur du domaine skiable du Grand Massif et \u00e0 moins d&#039;1h de Gen\u00e8ve, Samo\u00ebns rendra vos vacances inoubliables en \u00e9t\u00e9 comme en hiver\",\"potentialAction\":[{\"@type\":\"SearchAction\",\"target\":{\"@type\":\"EntryPoint\",\"urlTemplate\":\"https:\\\/\\\/www.samoens.com\\\/?s={search_term_string}\"},\"query-input\":{\"@type\":\"PropertyValueSpecification\",\"valueRequired\":true,\"valueName\":\"search_term_string\"}}],\"inLanguage\":\"nl-NL\"}]}<\/script>\n<!-- \/ Yoast SEO plugin. -->","yoast_head_json":{"title":"PARKING Samo\u00ebns, station de ski et village authentique en Haute-Savoie","robots":{"index":"noindex","follow":"nofollow"},"og_locale":"nl_NL","og_type":"article","og_title":"PARKING Samo\u00ebns, station de ski et village authentique en Haute-Savoie","og_description":"[vc_row][vc_column][vc_column_text]Al onze parkeergelegenheid is gratis. Ze zijn beperkt tot maximaal 48 uur, behalve de parkeerplaats van de Place du Gros Tilleul die is beperkt tot 1 uur en die van de Place du Criou tot 2 uur (hebben een blauwe schijf voor deze twee parkeerterreinen).[\/vc_column_text][\/vc_column][\/vc_row]","og_url":"https:\/\/www.samoens.com\/nl\/parking\/","og_site_name":"Samo\u00ebns, station de ski et village authentique en Haute-Savoie","article_modified_time":"2020-04-20T08:17:56+00:00","twitter_card":"summary_large_image","schema":{"@context":"https:\/\/schema.org","@graph":[{"@type":"WebPage","@id":"https:\/\/www.samoens.com\/nl\/parking\/","url":"https:\/\/www.samoens.com\/nl\/parking\/","name":"PARKING Samo\u00ebns, station de ski et village authentique en Haute-Savoie","isPartOf":{"@id":"https:\/\/www.samoens.com\/#website"},"datePublished":"2019-09-09T16:11:55+00:00","dateModified":"2020-04-20T08:17:56+00:00","breadcrumb":{"@id":"https:\/\/www.samoens.com\/nl\/parking\/#breadcrumb"},"inLanguage":"nl-NL","potentialAction":[{"@type":"ReadAction","target":["https:\/\/www.samoens.com\/nl\/parking\/"]}]},{"@type":"BreadcrumbList","@id":"https:\/\/www.samoens.com\/nl\/parking\/#breadcrumb","itemListElement":[{"@type":"ListItem","position":1,"name":"Accueil","item":"https:\/\/www.samoens.com\/nl\/"},{"@type":"ListItem","position":2,"name":"PARKING"}]},{"@type":"WebSite","@id":"https:\/\/www.samoens.com\/#website","url":"https:\/\/www.samoens.com\/","name":"Samo\u00ebns, station de ski et village authentique en Haute-Savoie","description":"Nich\u00e9e au coeur du domaine skiable du Grand Massif et \u00e0 moins d&#039;1h de Gen\u00e8ve, Samo\u00ebns rendra vos vacances inoubliables en \u00e9t\u00e9 comme en hiver","potentialAction":[{"@type":"SearchAction","target":{"@type":"EntryPoint","urlTemplate":"https:\/\/www.samoens.com\/?s={search_term_string}"},"query-input":{"@type":"PropertyValueSpecification","valueRequired":true,"valueName":"search_term_string"}}],"inLanguage":"nl-NL"}]}},"_links":{"self":[{"href":"https:\/\/www.samoens.com\/nl\/wp-json\/wp\/v2\/pages\/38436","targetHints":{"allow":["GET"]}}],"collection":[{"href":"https:\/\/www.samoens.com\/nl\/wp-json\/wp\/v2\/pages"}],"about":[{"href":"https:\/\/www.samoens.com\/nl\/wp-json\/wp\/v2\/types\/page"}],"author":[{"embeddable":true,"href":"https:\/\/www.samoens.com\/nl\/wp-json\/wp\/v2\/users\/2"}],"replies":[{"embeddable":true,"href":"https:\/\/www.samoens.com\/nl\/wp-json\/wp\/v2\/comments?post=38436"}],"version-history":[{"count":0,"href":"https:\/\/www.samoens.com\/nl\/wp-json\/wp\/v2\/pages\/38436\/revisions"}],"wp:attachment":[{"href":"https:\/\/www.samoens.com\/nl\/wp-json\/wp\/v2\/media?parent=38436"}],"curies":[{"name":"wp","href":"https:\/\/api.w.org\/{rel}","templated":true}]}}