{"id":38428,"date":"2019-09-09T18:09:47","date_gmt":"2019-09-09T16:09:47","guid":{"rendered":"https:\/\/www.samoens.com\/?page_id=38428"},"modified":"2026-03-29T09:31:03","modified_gmt":"2026-03-29T07:31:03","slug":"alpine-skishuttles","status":"publish","type":"page","link":"https:\/\/www.samoens.com\/nl\/winteractiviteiten-2\/alpine-skishuttles\/","title":{"rendered":"Alpine skishuttles"},"content":{"rendered":"<div class=\"wpb-content-wrapper\"><p>[vc_row][vc_column][vc_column_text css=&#8221;&#8221;]Profiteer van de gratis <strong>SKIBUS<\/strong>-wintershuttles om moeiteloos de alpine hellingen van het <strong>Grand Massif<\/strong> te bereiken.<\/p>\n<p>&nbsp;<\/p>\n<p><span style=\"color: #eb4747;\"><strong>Shuttlehaltes:<\/strong><\/span><\/p>\n<p>Ik zoek de dichtstbijzijnde SKIBUS-halte bij mijn accommodatie op de <span style=\"color: #6c9ed8;\"><a style=\"color: #6c9ed8;\" href=\"https:\/\/explore.samoens.com\/en\/shops-and-services?search=skibus%20stop\" target=\"_blank\" rel=\"noopener\"><strong>interactieve kaart<\/strong><\/a><\/span>.<\/p>\n<p>&nbsp;<\/p>\n<p><span style=\"color: #eb4747;\"><strong>Data en dienstregeling van de shuttles:<\/strong><\/span><\/p>\n<p>Ik raadpleeg de <span style=\"color: #6c9ed8;\"><a style=\"color: #6c9ed8;\" href=\"https:\/\/www.samoens.com\/nl\/downloads\/horaires-de-bus-s-a-t\/\" target=\"_blank\" rel=\"noopener\"><strong>data en dienstregeling van de SKIBUS-lijnen<\/strong><\/a><\/span>.<\/p>\n<p>&nbsp;<\/p>\n<p><span style=\"color: #eb4747;\"><strong>Optimaliseer uw toegang tot de pistes:<\/strong><\/span><\/p>\n<ul>\n<li><strong>Beginners en skilessen<\/strong>: toegang tot het alpengebied direct via de Grand Massif Express-gondel. De beginnerssector en het verzamelpunt van de skischool bevinden zich bij de aankomst van deze gondel.<\/li>\n<li><strong>Ervaren alpineski\u00ebrs<\/strong>: bespaar tijd en vermijd wachten door de Vercland-gondel met 10 zitplaatsen te nemen, een ideaal alternatief voor de Grand Massif Express-gondel.<\/li>\n<\/ul>\n<p>[\/vc_column_text][\/vc_column][\/vc_row][vc_row][vc_column][vc_single_image image=&#8221;593570&#8243; img_size=&#8221;medium&#8221; alignment=&#8221;center&#8221; css=&#8221;&#8221;][\/vc_column][\/vc_row]<\/p>\n<\/div>","protected":false},"excerpt":{"rendered":"<p>[vc_row][vc_column][vc_column_text css=&#8221;&#8221;]Profiteer van de gratis SKIBUS-wintershuttles om moeiteloos de alpine hellingen van het Grand Massif te bereiken. &nbsp; Shuttlehaltes: Ik zoek de dichtstbijzijnde SKIBUS-halte bij mijn accommodatie op de interactieve kaart. &nbsp; Data en dienstregeling van de shuttles: Ik raadpleeg de data en dienstregeling van de SKIBUS-lijnen. &nbsp; Optimaliseer uw toegang tot de pistes: Beginners [&hellip;]<\/p>\n","protected":false},"author":2,"featured_media":535965,"parent":40756,"menu_order":4,"comment_status":"closed","ping_status":"closed","template":"template-liste-apidae.php","meta":{"_acf_changed":false,"footnotes":""},"class_list":["post-38428","page","type-page","status-publish","hentry"],"acf":[],"yoast_head":"<!-- This site is optimized with the Yoast SEO plugin v27.4 - https:\/\/yoast.com\/product\/yoast-seo-wordpress\/ -->\n<title>Alpine skishuttles Samo\u00ebns, station de ski et village authentique en Haute-Savoie<\/title>\n<meta name=\"robots\" content=\"index, follow, max-snippet:-1, max-image-preview:large, max-video-preview:-1\" \/>\n<link rel=\"canonical\" href=\"https:\/\/www.samoens.com\/nl\/winteractiviteiten-2\/alpine-skishuttles\/\" \/>\n<meta property=\"og:locale\" content=\"nl_NL\" \/>\n<meta property=\"og:type\" content=\"article\" \/>\n<meta property=\"og:title\" content=\"Alpine skishuttles Samo\u00ebns, station de ski et village authentique en Haute-Savoie\" \/>\n<meta property=\"og:description\" content=\"[vc_row][vc_column][vc_column_text css=&#8221;&#8221;]Profiteer van de gratis SKIBUS-wintershuttles om moeiteloos de alpine hellingen van het Grand Massif te bereiken. &nbsp; Shuttlehaltes: Ik zoek de dichtstbijzijnde SKIBUS-halte bij mijn accommodatie op de interactieve kaart. &nbsp; Data en dienstregeling van de shuttles: Ik raadpleeg de data en dienstregeling van de SKIBUS-lijnen. &nbsp; Optimaliseer uw toegang tot de pistes: Beginners [&hellip;]\" \/>\n<meta property=\"og:url\" content=\"https:\/\/www.samoens.com\/nl\/winteractiviteiten-2\/alpine-skishuttles\/\" \/>\n<meta property=\"og:site_name\" content=\"Samo\u00ebns, station de ski et village authentique en Haute-Savoie\" \/>\n<meta property=\"article:modified_time\" content=\"2026-03-29T07:31:03+00:00\" \/>\n<meta property=\"og:image\" content=\"https:\/\/www.samoens.com\/wp-content\/uploads\/2021\/06\/906-Samoens-0063-scaled.jpg\" \/>\n\t<meta property=\"og:image:width\" content=\"2560\" \/>\n\t<meta property=\"og:image:height\" content=\"1707\" \/>\n\t<meta property=\"og:image:type\" content=\"image\/jpeg\" \/>\n<meta name=\"twitter:card\" content=\"summary_large_image\" \/>\n<meta name=\"twitter:label1\" content=\"Geschatte leestijd\" \/>\n\t<meta name=\"twitter:data1\" content=\"1 minuut\" \/>\n<script type=\"application\/ld+json\" class=\"yoast-schema-graph\">{\"@context\":\"https:\\\/\\\/schema.org\",\"@graph\":[{\"@type\":\"WebPage\",\"@id\":\"https:\\\/\\\/www.samoens.com\\\/nl\\\/winteractiviteiten-2\\\/alpine-skishuttles\\\/\",\"url\":\"https:\\\/\\\/www.samoens.com\\\/nl\\\/winteractiviteiten-2\\\/alpine-skishuttles\\\/\",\"name\":\"Alpine skishuttles Samo\u00ebns, station de ski et village authentique en Haute-Savoie\",\"isPartOf\":{\"@id\":\"https:\\\/\\\/www.samoens.com\\\/#website\"},\"primaryImageOfPage\":{\"@id\":\"https:\\\/\\\/www.samoens.com\\\/nl\\\/winteractiviteiten-2\\\/alpine-skishuttles\\\/#primaryimage\"},\"image\":{\"@id\":\"https:\\\/\\\/www.samoens.com\\\/nl\\\/winteractiviteiten-2\\\/alpine-skishuttles\\\/#primaryimage\"},\"thumbnailUrl\":\"https:\\\/\\\/www.samoens.com\\\/wp-content\\\/uploads\\\/2021\\\/06\\\/906-Samoens-0063-scaled.jpg\",\"datePublished\":\"2019-09-09T16:09:47+00:00\",\"dateModified\":\"2026-03-29T07:31:03+00:00\",\"breadcrumb\":{\"@id\":\"https:\\\/\\\/www.samoens.com\\\/nl\\\/winteractiviteiten-2\\\/alpine-skishuttles\\\/#breadcrumb\"},\"inLanguage\":\"nl-NL\",\"potentialAction\":[{\"@type\":\"ReadAction\",\"target\":[\"https:\\\/\\\/www.samoens.com\\\/nl\\\/winteractiviteiten-2\\\/alpine-skishuttles\\\/\"]}]},{\"@type\":\"ImageObject\",\"inLanguage\":\"nl-NL\",\"@id\":\"https:\\\/\\\/www.samoens.com\\\/nl\\\/winteractiviteiten-2\\\/alpine-skishuttles\\\/#primaryimage\",\"url\":\"https:\\\/\\\/www.samoens.com\\\/wp-content\\\/uploads\\\/2021\\\/06\\\/906-Samoens-0063-scaled.jpg\",\"contentUrl\":\"https:\\\/\\\/www.samoens.com\\\/wp-content\\\/uploads\\\/2021\\\/06\\\/906-Samoens-0063-scaled.jpg\",\"width\":2560,\"height\":1707,\"caption\":\"Navettes ski bus\"},{\"@type\":\"BreadcrumbList\",\"@id\":\"https:\\\/\\\/www.samoens.com\\\/nl\\\/winteractiviteiten-2\\\/alpine-skishuttles\\\/#breadcrumb\",\"itemListElement\":[{\"@type\":\"ListItem\",\"position\":1,\"name\":\"Accueil\",\"item\":\"https:\\\/\\\/www.samoens.com\\\/nl\\\/\"},{\"@type\":\"ListItem\",\"position\":2,\"name\":\"Winter tijd\",\"item\":\"https:\\\/\\\/www.samoens.com\\\/nl\\\/winteractiviteiten-2\\\/\"},{\"@type\":\"ListItem\",\"position\":3,\"name\":\"Alpine skishuttles\"}]},{\"@type\":\"WebSite\",\"@id\":\"https:\\\/\\\/www.samoens.com\\\/#website\",\"url\":\"https:\\\/\\\/www.samoens.com\\\/\",\"name\":\"Samo\u00ebns, station de ski et village authentique en Haute-Savoie\",\"description\":\"Nich\u00e9e au coeur du domaine skiable du Grand Massif et \u00e0 moins d&#039;1h de Gen\u00e8ve, Samo\u00ebns rendra vos vacances inoubliables en \u00e9t\u00e9 comme en hiver\",\"potentialAction\":[{\"@type\":\"SearchAction\",\"target\":{\"@type\":\"EntryPoint\",\"urlTemplate\":\"https:\\\/\\\/www.samoens.com\\\/?s={search_term_string}\"},\"query-input\":{\"@type\":\"PropertyValueSpecification\",\"valueRequired\":true,\"valueName\":\"search_term_string\"}}],\"inLanguage\":\"nl-NL\"}]}<\/script>\n<!-- \/ Yoast SEO plugin. -->","yoast_head_json":{"title":"Alpine skishuttles Samo\u00ebns, station de ski et village authentique en Haute-Savoie","robots":{"index":"index","follow":"follow","max-snippet":"max-snippet:-1","max-image-preview":"max-image-preview:large","max-video-preview":"max-video-preview:-1"},"canonical":"https:\/\/www.samoens.com\/nl\/winteractiviteiten-2\/alpine-skishuttles\/","og_locale":"nl_NL","og_type":"article","og_title":"Alpine skishuttles Samo\u00ebns, station de ski et village authentique en Haute-Savoie","og_description":"[vc_row][vc_column][vc_column_text css=&#8221;&#8221;]Profiteer van de gratis SKIBUS-wintershuttles om moeiteloos de alpine hellingen van het Grand Massif te bereiken. &nbsp; Shuttlehaltes: Ik zoek de dichtstbijzijnde SKIBUS-halte bij mijn accommodatie op de interactieve kaart. &nbsp; Data en dienstregeling van de shuttles: Ik raadpleeg de data en dienstregeling van de SKIBUS-lijnen. &nbsp; Optimaliseer uw toegang tot de pistes: Beginners [&hellip;]","og_url":"https:\/\/www.samoens.com\/nl\/winteractiviteiten-2\/alpine-skishuttles\/","og_site_name":"Samo\u00ebns, station de ski et village authentique en Haute-Savoie","article_modified_time":"2026-03-29T07:31:03+00:00","og_image":[{"width":2560,"height":1707,"url":"https:\/\/www.samoens.com\/wp-content\/uploads\/2021\/06\/906-Samoens-0063-scaled.jpg","type":"image\/jpeg"}],"twitter_card":"summary_large_image","twitter_misc":{"Geschatte leestijd":"1 minuut"},"schema":{"@context":"https:\/\/schema.org","@graph":[{"@type":"WebPage","@id":"https:\/\/www.samoens.com\/nl\/winteractiviteiten-2\/alpine-skishuttles\/","url":"https:\/\/www.samoens.com\/nl\/winteractiviteiten-2\/alpine-skishuttles\/","name":"Alpine skishuttles Samo\u00ebns, station de ski et village authentique en Haute-Savoie","isPartOf":{"@id":"https:\/\/www.samoens.com\/#website"},"primaryImageOfPage":{"@id":"https:\/\/www.samoens.com\/nl\/winteractiviteiten-2\/alpine-skishuttles\/#primaryimage"},"image":{"@id":"https:\/\/www.samoens.com\/nl\/winteractiviteiten-2\/alpine-skishuttles\/#primaryimage"},"thumbnailUrl":"https:\/\/www.samoens.com\/wp-content\/uploads\/2021\/06\/906-Samoens-0063-scaled.jpg","datePublished":"2019-09-09T16:09:47+00:00","dateModified":"2026-03-29T07:31:03+00:00","breadcrumb":{"@id":"https:\/\/www.samoens.com\/nl\/winteractiviteiten-2\/alpine-skishuttles\/#breadcrumb"},"inLanguage":"nl-NL","potentialAction":[{"@type":"ReadAction","target":["https:\/\/www.samoens.com\/nl\/winteractiviteiten-2\/alpine-skishuttles\/"]}]},{"@type":"ImageObject","inLanguage":"nl-NL","@id":"https:\/\/www.samoens.com\/nl\/winteractiviteiten-2\/alpine-skishuttles\/#primaryimage","url":"https:\/\/www.samoens.com\/wp-content\/uploads\/2021\/06\/906-Samoens-0063-scaled.jpg","contentUrl":"https:\/\/www.samoens.com\/wp-content\/uploads\/2021\/06\/906-Samoens-0063-scaled.jpg","width":2560,"height":1707,"caption":"Navettes ski bus"},{"@type":"BreadcrumbList","@id":"https:\/\/www.samoens.com\/nl\/winteractiviteiten-2\/alpine-skishuttles\/#breadcrumb","itemListElement":[{"@type":"ListItem","position":1,"name":"Accueil","item":"https:\/\/www.samoens.com\/nl\/"},{"@type":"ListItem","position":2,"name":"Winter tijd","item":"https:\/\/www.samoens.com\/nl\/winteractiviteiten-2\/"},{"@type":"ListItem","position":3,"name":"Alpine skishuttles"}]},{"@type":"WebSite","@id":"https:\/\/www.samoens.com\/#website","url":"https:\/\/www.samoens.com\/","name":"Samo\u00ebns, station de ski et village authentique en Haute-Savoie","description":"Nich\u00e9e au coeur du domaine skiable du Grand Massif et \u00e0 moins d&#039;1h de Gen\u00e8ve, Samo\u00ebns rendra vos vacances inoubliables en \u00e9t\u00e9 comme en hiver","potentialAction":[{"@type":"SearchAction","target":{"@type":"EntryPoint","urlTemplate":"https:\/\/www.samoens.com\/?s={search_term_string}"},"query-input":{"@type":"PropertyValueSpecification","valueRequired":true,"valueName":"search_term_string"}}],"inLanguage":"nl-NL"}]}},"_links":{"self":[{"href":"https:\/\/www.samoens.com\/nl\/wp-json\/wp\/v2\/pages\/38428","targetHints":{"allow":["GET"]}}],"collection":[{"href":"https:\/\/www.samoens.com\/nl\/wp-json\/wp\/v2\/pages"}],"about":[{"href":"https:\/\/www.samoens.com\/nl\/wp-json\/wp\/v2\/types\/page"}],"author":[{"embeddable":true,"href":"https:\/\/www.samoens.com\/nl\/wp-json\/wp\/v2\/users\/2"}],"replies":[{"embeddable":true,"href":"https:\/\/www.samoens.com\/nl\/wp-json\/wp\/v2\/comments?post=38428"}],"version-history":[{"count":5,"href":"https:\/\/www.samoens.com\/nl\/wp-json\/wp\/v2\/pages\/38428\/revisions"}],"predecessor-version":[{"id":607051,"href":"https:\/\/www.samoens.com\/nl\/wp-json\/wp\/v2\/pages\/38428\/revisions\/607051"}],"up":[{"embeddable":true,"href":"https:\/\/www.samoens.com\/nl\/wp-json\/wp\/v2\/pages\/40756"}],"wp:featuredmedia":[{"embeddable":true,"href":"https:\/\/www.samoens.com\/nl\/wp-json\/wp\/v2\/media\/535965"}],"wp:attachment":[{"href":"https:\/\/www.samoens.com\/nl\/wp-json\/wp\/v2\/media?parent=38428"}],"curies":[{"name":"wp","href":"https:\/\/api.w.org\/{rel}","templated":true}]}}