{"id":38420,"date":"2019-09-09T18:04:51","date_gmt":"2019-09-09T16:04:51","guid":{"rendered":"https:\/\/www.samoens.com\/?page_id=38420"},"modified":"2020-02-26T09:20:35","modified_gmt":"2020-02-26T08:20:35","slug":"wettelijke-vermeldingen","status":"publish","type":"page","link":"https:\/\/www.samoens.com\/nl\/wettelijke-vermeldingen\/","title":{"rendered":"Wettelijke vermeldingen"},"content":{"rendered":"<h2>Eigendom en redactionele verantwoordelijkheid:<\/h2>\n<p><strong>Deze site is eigendom van: Office de Tourisme de Samo\u00ebns<\/strong><\/p>\n<p>66, place de l\u2019Office de Tourisme<br \/>\nB.P. 42<br \/>\n74340 SAMOENS<br \/>\nT\u00e9l. : 04.50.34.40.28<\/p>\n<p>SIRET : 45190638200010<\/p>\n<p><strong>Directeur publicatie:<\/strong> de heer\u00a0Nicolas FRANCFORT<br \/>\nemail : nicolas@www.samoens.com<\/p>\n<h2>Website ontwerp:<\/h2>\n<p><a href=\"https:\/\/www.yata.fr\/\">YATA!<\/a> teken van Logitourisme<br \/>\nWeb- en mediacommunicatiebureau<br \/>\n11 place de l\u2019h\u00f4tel de Ville 39000 Lons le Saunier<br \/>\n10 rue Marcel Dassault 59700 Marcq-en-Baroeul<\/p>\n<h2>Host door YATA! :<\/h2>\n<p>De website wordt gehost door : OVH\u00a0 www.ovh.com<br \/>\n2 rue Kellermann \u2013 59100 ROUBAIX \u2013 France<\/p>\n<h2>Photo credit\u00a0 :<\/h2>\n<p>Office de Tourisme Samo\u00ebns, Christian Marelet, Stefan Laude, Monica Dalmasso, Tristan shu \u2013 GMDS, Istock, 123 rf, shutterstock, Olivier Lestien.<\/p>\n<h2>Intellectuele eigendom:<\/h2>\n<p>De teksten, foto&#8217;s, video&#8217;s, gegevens, posters, logo&#8217;s, merken en andere elementen gereproduceerd op de website zijn intellectueel eigendom van Office de Tourisme de Sam\u00f6ens, inclusief auteursrechten, naburige rechten, handelsmerkrechten. Elke reproductie of gebruik van deze teksten, foto&#8217;s, video&#8217;s, gegevens, posters, logo&#8217;s, merken en andere elementen die op enigerlei wijze en voor welk doel dan ook zijn gereproduceerd, is verboden.<\/p>\n<h2>Algemene Verkoopvoorwaarden<\/h2>\n<p><a href=\"\/wp-content\/uploads\/2019\/09\/algemene-verkoopvoorwaarden.pdf\" target=\"_blank\" rel=\"noopener noreferrer\">Download de algemene verkoopvoorwaarden<\/a><\/p>\n\t\t<form action=\"https:\/\/www.samoens.com\/wp-admin\/admin-ajax.php\" method=\"post\" id=\"gdrf-form\">\n\t\t\t<input type=\"hidden\" name=\"action\" value=\"gdrf_data_request\" \/>\n\t\t\t<input type=\"hidden\" name=\"gdrf_data_human_key\" id=\"gdrf_data_human_key\" value=\"40004\" \/>\n\t\t\t<input type=\"hidden\" name=\"gdrf_data_nonce\" id=\"gdrf_data_nonce\" value=\"0c4277e1e2\" \/>\n\n\t\t\t\t\t<div class=\"gdrf-field gdrf-field-action\" role=\"radiogroup\" aria-labelledby=\"gdrf-radio-label\">\n\t\t\t\t<p id=\"gdrf-radio-label\">\n\t\t\t\t\tSelecteer je aanvraag:\t\t\t\t<\/p>\n\n\t\t\t\t<input id=\"gdrf-data-type-export\" class=\"gdrf-data-type-input\" type=\"radio\" name=\"gdrf_data_type\" value=\"export_personal_data\" \/>\n\t\t\t\t<label for=\"gdrf-data-type-export\" class=\"gdrf-data-type-label\">\n\t\t\t\t\tExporteer persoonlijke data\t\t\t\t<\/label>\n\t\t\t\t<br \/>\n\t\t\t\t<input id=\"gdrf-data-type-remove\" class=\"gdrf-data-type-input\" type=\"radio\" name=\"gdrf_data_type\" value=\"remove_personal_data\" \/>\n\t\t\t\t<label for=\"gdrf-data-type-remove\" class=\"gdrf-data-type-label\">\n\t\t\t\t\tVerwijder persoonlijke gegevens\t\t\t\t<\/label>\n\t\t\t<\/div>\n\t\t\n\t\t\t<p class=\"gdrf-field gdrf-field-email\">\n\t\t\t\t<label for=\"gdrf_data_email\">\n\t\t\t\t\tJe e-mailadres (verplicht)\t\t\t\t<\/label>\n\t\t\t\t<input type=\"email\" id=\"gdrf_data_email\" name=\"gdrf_data_email\" required \/>\n\t\t\t<\/p>\n\n\t\t\t<p class=\"gdrf-field gdrf-field-human\">\n\t\t\t\t<label for=\"gdrf_data_human\">\n\t\t\t\t\tMenselijke controle (verplicht)\t\t\t\t\t4\u00a0+\u00a04\u00a0=\u00a0?\t\t\t\t<\/label>\n\t\t\t\t<input type=\"text\" id=\"gdrf_data_human\" name=\"gdrf_data_human\" required \/>\n\t\t\t<\/p>\n\n\t\t\t<p class=\"gdrf-field gdrf-field-submit\">\n\t\t\t\t<input id=\"gdrf-submit-button\" type=\"submit\" class=\"wp-element-button\" value=\"Verstuur aanvraag\" \/>\n\t\t\t<\/p>\n\t\t<\/form>\n\t\t\n","protected":false},"excerpt":{"rendered":"<p>Eigendom en redactionele verantwoordelijkheid: Deze site is eigendom van: Office de Tourisme de Samo\u00ebns 66, place de l\u2019Office de Tourisme B.P. 42 74340 SAMOENS T\u00e9l. : 04.50.34.40.28 SIRET : 45190638200010 Directeur publicatie: de heer\u00a0Nicolas FRANCFORT email : nicolas@www.samoens.com Website ontwerp: YATA! teken van Logitourisme Web- en mediacommunicatiebureau 11 place de l\u2019h\u00f4tel de Ville 39000 Lons [&hellip;]<\/p>\n","protected":false},"author":2,"featured_media":0,"parent":0,"menu_order":68,"comment_status":"closed","ping_status":"closed","template":"","meta":{"_acf_changed":false,"footnotes":""},"class_list":["post-38420","page","type-page","status-publish","hentry"],"acf":[],"yoast_head":"<!-- This site is optimized with the Yoast SEO plugin v27.4 - https:\/\/yoast.com\/product\/yoast-seo-wordpress\/ -->\n<title>Wettelijke vermeldingen Samo\u00ebns, station de ski et village authentique en Haute-Savoie<\/title>\n<meta name=\"robots\" content=\"index, follow, max-snippet:-1, max-image-preview:large, max-video-preview:-1\" \/>\n<link rel=\"canonical\" href=\"https:\/\/www.samoens.com\/nl\/wettelijke-vermeldingen\/\" \/>\n<meta property=\"og:locale\" content=\"nl_NL\" \/>\n<meta property=\"og:type\" content=\"article\" \/>\n<meta property=\"og:title\" content=\"Wettelijke vermeldingen Samo\u00ebns, station de ski et village authentique en Haute-Savoie\" \/>\n<meta property=\"og:description\" content=\"Eigendom en redactionele verantwoordelijkheid: Deze site is eigendom van: Office de Tourisme de Samo\u00ebns 66, place de l\u2019Office de Tourisme B.P. 42 74340 SAMOENS T\u00e9l. : 04.50.34.40.28 SIRET : 45190638200010 Directeur publicatie: de heer\u00a0Nicolas FRANCFORT email : nicolas@www.samoens.com Website ontwerp: YATA! teken van Logitourisme Web- en mediacommunicatiebureau 11 place de l\u2019h\u00f4tel de Ville 39000 Lons [&hellip;]\" \/>\n<meta property=\"og:url\" content=\"https:\/\/www.samoens.com\/nl\/wettelijke-vermeldingen\/\" \/>\n<meta property=\"og:site_name\" content=\"Samo\u00ebns, station de ski et village authentique en Haute-Savoie\" \/>\n<meta property=\"article:modified_time\" content=\"2020-02-26T08:20:35+00:00\" \/>\n<meta name=\"twitter:card\" content=\"summary_large_image\" \/>\n<meta name=\"twitter:label1\" content=\"Geschatte leestijd\" \/>\n\t<meta name=\"twitter:data1\" content=\"1 minuut\" \/>\n<script type=\"application\/ld+json\" class=\"yoast-schema-graph\">{\"@context\":\"https:\\\/\\\/schema.org\",\"@graph\":[{\"@type\":\"WebPage\",\"@id\":\"https:\\\/\\\/www.samoens.com\\\/nl\\\/wettelijke-vermeldingen\\\/\",\"url\":\"https:\\\/\\\/www.samoens.com\\\/nl\\\/wettelijke-vermeldingen\\\/\",\"name\":\"Wettelijke vermeldingen Samo\u00ebns, station de ski et village authentique en Haute-Savoie\",\"isPartOf\":{\"@id\":\"https:\\\/\\\/www.samoens.com\\\/#website\"},\"datePublished\":\"2019-09-09T16:04:51+00:00\",\"dateModified\":\"2020-02-26T08:20:35+00:00\",\"breadcrumb\":{\"@id\":\"https:\\\/\\\/www.samoens.com\\\/nl\\\/wettelijke-vermeldingen\\\/#breadcrumb\"},\"inLanguage\":\"nl-NL\",\"potentialAction\":[{\"@type\":\"ReadAction\",\"target\":[\"https:\\\/\\\/www.samoens.com\\\/nl\\\/wettelijke-vermeldingen\\\/\"]}]},{\"@type\":\"BreadcrumbList\",\"@id\":\"https:\\\/\\\/www.samoens.com\\\/nl\\\/wettelijke-vermeldingen\\\/#breadcrumb\",\"itemListElement\":[{\"@type\":\"ListItem\",\"position\":1,\"name\":\"Accueil\",\"item\":\"https:\\\/\\\/www.samoens.com\\\/nl\\\/\"},{\"@type\":\"ListItem\",\"position\":2,\"name\":\"Wettelijke vermeldingen\"}]},{\"@type\":\"WebSite\",\"@id\":\"https:\\\/\\\/www.samoens.com\\\/#website\",\"url\":\"https:\\\/\\\/www.samoens.com\\\/\",\"name\":\"Samo\u00ebns, station de ski et village authentique en Haute-Savoie\",\"description\":\"Nich\u00e9e au coeur du domaine skiable du Grand Massif et \u00e0 moins d&#039;1h de Gen\u00e8ve, Samo\u00ebns rendra vos vacances inoubliables en \u00e9t\u00e9 comme en hiver\",\"potentialAction\":[{\"@type\":\"SearchAction\",\"target\":{\"@type\":\"EntryPoint\",\"urlTemplate\":\"https:\\\/\\\/www.samoens.com\\\/?s={search_term_string}\"},\"query-input\":{\"@type\":\"PropertyValueSpecification\",\"valueRequired\":true,\"valueName\":\"search_term_string\"}}],\"inLanguage\":\"nl-NL\"}]}<\/script>\n<!-- \/ Yoast SEO plugin. -->","yoast_head_json":{"title":"Wettelijke vermeldingen Samo\u00ebns, station de ski et village authentique en Haute-Savoie","robots":{"index":"index","follow":"follow","max-snippet":"max-snippet:-1","max-image-preview":"max-image-preview:large","max-video-preview":"max-video-preview:-1"},"canonical":"https:\/\/www.samoens.com\/nl\/wettelijke-vermeldingen\/","og_locale":"nl_NL","og_type":"article","og_title":"Wettelijke vermeldingen Samo\u00ebns, station de ski et village authentique en Haute-Savoie","og_description":"Eigendom en redactionele verantwoordelijkheid: Deze site is eigendom van: Office de Tourisme de Samo\u00ebns 66, place de l\u2019Office de Tourisme B.P. 42 74340 SAMOENS T\u00e9l. : 04.50.34.40.28 SIRET : 45190638200010 Directeur publicatie: de heer\u00a0Nicolas FRANCFORT email : nicolas@www.samoens.com Website ontwerp: YATA! teken van Logitourisme Web- en mediacommunicatiebureau 11 place de l\u2019h\u00f4tel de Ville 39000 Lons [&hellip;]","og_url":"https:\/\/www.samoens.com\/nl\/wettelijke-vermeldingen\/","og_site_name":"Samo\u00ebns, station de ski et village authentique en Haute-Savoie","article_modified_time":"2020-02-26T08:20:35+00:00","twitter_card":"summary_large_image","twitter_misc":{"Geschatte leestijd":"1 minuut"},"schema":{"@context":"https:\/\/schema.org","@graph":[{"@type":"WebPage","@id":"https:\/\/www.samoens.com\/nl\/wettelijke-vermeldingen\/","url":"https:\/\/www.samoens.com\/nl\/wettelijke-vermeldingen\/","name":"Wettelijke vermeldingen Samo\u00ebns, station de ski et village authentique en Haute-Savoie","isPartOf":{"@id":"https:\/\/www.samoens.com\/#website"},"datePublished":"2019-09-09T16:04:51+00:00","dateModified":"2020-02-26T08:20:35+00:00","breadcrumb":{"@id":"https:\/\/www.samoens.com\/nl\/wettelijke-vermeldingen\/#breadcrumb"},"inLanguage":"nl-NL","potentialAction":[{"@type":"ReadAction","target":["https:\/\/www.samoens.com\/nl\/wettelijke-vermeldingen\/"]}]},{"@type":"BreadcrumbList","@id":"https:\/\/www.samoens.com\/nl\/wettelijke-vermeldingen\/#breadcrumb","itemListElement":[{"@type":"ListItem","position":1,"name":"Accueil","item":"https:\/\/www.samoens.com\/nl\/"},{"@type":"ListItem","position":2,"name":"Wettelijke vermeldingen"}]},{"@type":"WebSite","@id":"https:\/\/www.samoens.com\/#website","url":"https:\/\/www.samoens.com\/","name":"Samo\u00ebns, station de ski et village authentique en Haute-Savoie","description":"Nich\u00e9e au coeur du domaine skiable du Grand Massif et \u00e0 moins d&#039;1h de Gen\u00e8ve, Samo\u00ebns rendra vos vacances inoubliables en \u00e9t\u00e9 comme en hiver","potentialAction":[{"@type":"SearchAction","target":{"@type":"EntryPoint","urlTemplate":"https:\/\/www.samoens.com\/?s={search_term_string}"},"query-input":{"@type":"PropertyValueSpecification","valueRequired":true,"valueName":"search_term_string"}}],"inLanguage":"nl-NL"}]}},"_links":{"self":[{"href":"https:\/\/www.samoens.com\/nl\/wp-json\/wp\/v2\/pages\/38420","targetHints":{"allow":["GET"]}}],"collection":[{"href":"https:\/\/www.samoens.com\/nl\/wp-json\/wp\/v2\/pages"}],"about":[{"href":"https:\/\/www.samoens.com\/nl\/wp-json\/wp\/v2\/types\/page"}],"author":[{"embeddable":true,"href":"https:\/\/www.samoens.com\/nl\/wp-json\/wp\/v2\/users\/2"}],"replies":[{"embeddable":true,"href":"https:\/\/www.samoens.com\/nl\/wp-json\/wp\/v2\/comments?post=38420"}],"version-history":[{"count":0,"href":"https:\/\/www.samoens.com\/nl\/wp-json\/wp\/v2\/pages\/38420\/revisions"}],"wp:attachment":[{"href":"https:\/\/www.samoens.com\/nl\/wp-json\/wp\/v2\/media?parent=38420"}],"curies":[{"name":"wp","href":"https:\/\/api.w.org\/{rel}","templated":true}]}}