{"id":38416,"date":"2025-04-25T15:09:28","date_gmt":"2025-04-25T13:09:28","guid":{"rendered":"https:\/\/www.samoens.com\/?page_id=38416"},"modified":"2025-04-25T15:10:00","modified_gmt":"2025-04-25T13:10:00","slug":"manege","status":"publish","type":"page","link":"https:\/\/www.samoens.com\/nl\/manege\/","title":{"rendered":"Carrousel"},"content":{"rendered":"<div class=\"wpb-content-wrapper\"><p>[vc_row][vc_column][vc_column_text]Onder een sterrenhemel schittert een juweel in het hart van ons charmante dorp: de draaimolen van Gros Tilleul. Een onweerstaanbare uitnodiging voor jong en oud om zich onder te dompelen in een wereld van gelach, kleur en betoverende herinneringen.<\/p>\n<p>Elke dag dwarrelen de speelse noten van de muziek door de lucht en lokken kinderen als vlinders naar dit symbool van betovering. Met zijn majestueuze houten paarden, versierde koetsen en glinsterende lichtjes roept onze draaimolen sprookjes en legendarische avonturen op.<\/p>\n<p>Maar de Gros Tilleul carrousel is meer dan alleen een plek van vermaak. Het is een waar heiligdom van herinneringen. Families komen hier samen, rond de Gros Tilleul, om goede tijden te delen.<\/p>\n<p>Dus of je nu al lang in de buurt woont of een nieuwsgierige bezoeker bent, kom en verlies jezelf in de kronkelingen van de tijd op onze draaimolen. Laat je meeslepen door de magie, nostalgie en eenvoudige vreugde van een ritje. In de draaimolen van Gros Tilleul is elk moment een uitnodiging om het kind in jezelf wakker te maken.[\/vc_column_text][vc_column_text]Ouvert : Pendant les vacances scolaires de f\u00e9vrier et estivales (juillet et ao\u00fbt).[\/vc_column_text][\/vc_column][\/vc_row][vc_row][vc_column][vc_single_image image=&#8221;177&#8243; img_size=&#8221;large&#8221; alignment=&#8221;center&#8221;][\/vc_column][\/vc_row]<\/p>\n<\/div>","protected":false},"excerpt":{"rendered":"<p>[vc_row][vc_column][vc_column_text]Onder een sterrenhemel schittert een juweel in het hart van ons charmante dorp: de draaimolen van Gros Tilleul. Een onweerstaanbare uitnodiging voor jong en oud om zich onder te dompelen in een wereld van gelach, kleur en betoverende herinneringen. Elke dag dwarrelen de speelse noten van de muziek door de lucht en lokken kinderen als [&hellip;]<\/p>\n","protected":false},"author":1,"featured_media":413324,"parent":0,"menu_order":53,"comment_status":"closed","ping_status":"closed","template":"","meta":{"_acf_changed":false,"footnotes":""},"class_list":["post-38416","page","type-page","status-publish","hentry"],"acf":[],"yoast_head":"<!-- This site is optimized with the Yoast SEO plugin v27.5 - https:\/\/yoast.com\/product\/yoast-seo-wordpress\/ -->\n<title>Carrousel du Gros Tilleul: een ode aan de betovering in het hart van Samo\u00ebns Samo\u00ebns, station de ski et village authentique en Haute-Savoie<\/title>\n<meta name=\"description\" content=\"Ontdek de draaimolen van Gros Tilleul in Samo\u00ebns, een symbool van betovering en gezelligheid. Majestueuze houten paarden, versierde koetsen en glinsterende lichtjes nemen je mee naar een wereld waar elk moment een uitnodiging is om je innerlijke kind te laten ontwaken.\" \/>\n<meta name=\"robots\" content=\"index, follow, max-snippet:-1, max-image-preview:large, max-video-preview:-1\" \/>\n<link rel=\"canonical\" href=\"https:\/\/www.samoens.com\/nl\/manege\/\" \/>\n<meta property=\"og:locale\" content=\"nl_NL\" \/>\n<meta property=\"og:type\" content=\"article\" \/>\n<meta property=\"og:title\" content=\"Carrousel du Gros Tilleul: een ode aan de betovering in het hart van Samo\u00ebns Samo\u00ebns, station de ski et village authentique en Haute-Savoie\" \/>\n<meta property=\"og:description\" content=\"D\u00e9couvrez le carrousel du Gros Tilleul \u00e0 Samo\u00ebns, un lieu de f\u00e9\u00e9rie et de souvenirs o\u00f9 petits et grands se retrouvent pour partager des moments inoubliables. Plongez dans un univers magique et laissez-vous emporter par la nostalgie et le bonheur simple d&#039;un tour de man\u00e8ge.\" \/>\n<meta property=\"og:url\" content=\"https:\/\/www.samoens.com\/nl\/manege\/\" \/>\n<meta property=\"og:site_name\" content=\"Samo\u00ebns, station de ski et village authentique en Haute-Savoie\" \/>\n<meta property=\"article:modified_time\" content=\"2025-04-25T13:10:00+00:00\" \/>\n<meta property=\"og:image\" content=\"https:\/\/www.samoens.com\/wp-content\/uploads\/2020\/06\/Samoe\u00a6\u00eans-125.jpg\" \/>\n\t<meta property=\"og:image:width\" content=\"1029\" \/>\n\t<meta property=\"og:image:height\" content=\"684\" \/>\n\t<meta property=\"og:image:type\" content=\"image\/jpeg\" \/>\n<meta name=\"twitter:card\" content=\"summary_large_image\" \/>\n<meta name=\"twitter:label1\" content=\"Geschatte leestijd\" \/>\n\t<meta name=\"twitter:data1\" content=\"1 minuut\" \/>\n<script type=\"application\/ld+json\" class=\"yoast-schema-graph\">{\"@context\":\"https:\\\/\\\/schema.org\",\"@graph\":[{\"@type\":\"WebPage\",\"@id\":\"https:\\\/\\\/www.samoens.com\\\/nl\\\/manege\\\/\",\"url\":\"https:\\\/\\\/www.samoens.com\\\/nl\\\/manege\\\/\",\"name\":\"Carrousel du Gros Tilleul: een ode aan de betovering in het hart van Samo\u00ebns Samo\u00ebns, station de ski et village authentique en Haute-Savoie\",\"isPartOf\":{\"@id\":\"https:\\\/\\\/www.samoens.com\\\/#website\"},\"primaryImageOfPage\":{\"@id\":\"https:\\\/\\\/www.samoens.com\\\/nl\\\/manege\\\/#primaryimage\"},\"image\":{\"@id\":\"https:\\\/\\\/www.samoens.com\\\/nl\\\/manege\\\/#primaryimage\"},\"thumbnailUrl\":\"https:\\\/\\\/www.samoens.com\\\/wp-content\\\/uploads\\\/2020\\\/06\\\/Samoe\u00a6\u00eans-125.jpg\",\"datePublished\":\"2025-04-25T13:09:28+00:00\",\"dateModified\":\"2025-04-25T13:10:00+00:00\",\"description\":\"D\u00e9couvrez le carrousel du Gros Tilleul \u00e0 Samo\u00ebns, un lieu de f\u00e9\u00e9rie et de souvenirs o\u00f9 petits et grands se retrouvent pour partager des moments inoubliables. Plongez dans un univers magique et laissez-vous emporter par la nostalgie et le bonheur simple d'un tour de man\u00e8ge.\",\"breadcrumb\":{\"@id\":\"https:\\\/\\\/www.samoens.com\\\/nl\\\/manege\\\/#breadcrumb\"},\"inLanguage\":\"nl-NL\",\"potentialAction\":[{\"@type\":\"ReadAction\",\"target\":[\"https:\\\/\\\/www.samoens.com\\\/nl\\\/manege\\\/\"]}]},{\"@type\":\"ImageObject\",\"inLanguage\":\"nl-NL\",\"@id\":\"https:\\\/\\\/www.samoens.com\\\/nl\\\/manege\\\/#primaryimage\",\"url\":\"https:\\\/\\\/www.samoens.com\\\/wp-content\\\/uploads\\\/2020\\\/06\\\/Samoe\u00a6\u00eans-125.jpg\",\"contentUrl\":\"https:\\\/\\\/www.samoens.com\\\/wp-content\\\/uploads\\\/2020\\\/06\\\/Samoe\u00a6\u00eans-125.jpg\",\"width\":1029,\"height\":684},{\"@type\":\"BreadcrumbList\",\"@id\":\"https:\\\/\\\/www.samoens.com\\\/nl\\\/manege\\\/#breadcrumb\",\"itemListElement\":[{\"@type\":\"ListItem\",\"position\":1,\"name\":\"Accueil\",\"item\":\"https:\\\/\\\/www.samoens.com\\\/nl\\\/\"},{\"@type\":\"ListItem\",\"position\":2,\"name\":\"Carrousel\"}]},{\"@type\":\"WebSite\",\"@id\":\"https:\\\/\\\/www.samoens.com\\\/#website\",\"url\":\"https:\\\/\\\/www.samoens.com\\\/\",\"name\":\"Samo\u00ebns, station de ski et village authentique en Haute-Savoie\",\"description\":\"Nich\u00e9e au coeur du domaine skiable du Grand Massif et \u00e0 moins d&#039;1h de Gen\u00e8ve, Samo\u00ebns rendra vos vacances inoubliables en \u00e9t\u00e9 comme en hiver\",\"potentialAction\":[{\"@type\":\"SearchAction\",\"target\":{\"@type\":\"EntryPoint\",\"urlTemplate\":\"https:\\\/\\\/www.samoens.com\\\/?s={search_term_string}\"},\"query-input\":{\"@type\":\"PropertyValueSpecification\",\"valueRequired\":true,\"valueName\":\"search_term_string\"}}],\"inLanguage\":\"nl-NL\"}]}<\/script>\n<!-- \/ Yoast SEO plugin. -->","yoast_head_json":{"title":"Carrousel du Gros Tilleul: een ode aan de betovering in het hart van Samo\u00ebns Samo\u00ebns, station de ski et village authentique en Haute-Savoie","description":"Ontdek de draaimolen van Gros Tilleul in Samo\u00ebns, een symbool van betovering en gezelligheid. Majestueuze houten paarden, versierde koetsen en glinsterende lichtjes nemen je mee naar een wereld waar elk moment een uitnodiging is om je innerlijke kind te laten ontwaken.","robots":{"index":"index","follow":"follow","max-snippet":"max-snippet:-1","max-image-preview":"max-image-preview:large","max-video-preview":"max-video-preview:-1"},"canonical":"https:\/\/www.samoens.com\/nl\/manege\/","og_locale":"nl_NL","og_type":"article","og_title":"Carrousel du Gros Tilleul: een ode aan de betovering in het hart van Samo\u00ebns Samo\u00ebns, station de ski et village authentique en Haute-Savoie","og_description":"D\u00e9couvrez le carrousel du Gros Tilleul \u00e0 Samo\u00ebns, un lieu de f\u00e9\u00e9rie et de souvenirs o\u00f9 petits et grands se retrouvent pour partager des moments inoubliables. Plongez dans un univers magique et laissez-vous emporter par la nostalgie et le bonheur simple d'un tour de man\u00e8ge.","og_url":"https:\/\/www.samoens.com\/nl\/manege\/","og_site_name":"Samo\u00ebns, station de ski et village authentique en Haute-Savoie","article_modified_time":"2025-04-25T13:10:00+00:00","og_image":[{"width":1029,"height":684,"url":"https:\/\/www.samoens.com\/wp-content\/uploads\/2020\/06\/Samoe\u00a6\u00eans-125.jpg","type":"image\/jpeg"}],"twitter_card":"summary_large_image","twitter_misc":{"Geschatte leestijd":"1 minuut"},"schema":{"@context":"https:\/\/schema.org","@graph":[{"@type":"WebPage","@id":"https:\/\/www.samoens.com\/nl\/manege\/","url":"https:\/\/www.samoens.com\/nl\/manege\/","name":"Carrousel du Gros Tilleul: een ode aan de betovering in het hart van Samo\u00ebns Samo\u00ebns, station de ski et village authentique en Haute-Savoie","isPartOf":{"@id":"https:\/\/www.samoens.com\/#website"},"primaryImageOfPage":{"@id":"https:\/\/www.samoens.com\/nl\/manege\/#primaryimage"},"image":{"@id":"https:\/\/www.samoens.com\/nl\/manege\/#primaryimage"},"thumbnailUrl":"https:\/\/www.samoens.com\/wp-content\/uploads\/2020\/06\/Samoe\u00a6\u00eans-125.jpg","datePublished":"2025-04-25T13:09:28+00:00","dateModified":"2025-04-25T13:10:00+00:00","description":"D\u00e9couvrez le carrousel du Gros Tilleul \u00e0 Samo\u00ebns, un lieu de f\u00e9\u00e9rie et de souvenirs o\u00f9 petits et grands se retrouvent pour partager des moments inoubliables. Plongez dans un univers magique et laissez-vous emporter par la nostalgie et le bonheur simple d'un tour de man\u00e8ge.","breadcrumb":{"@id":"https:\/\/www.samoens.com\/nl\/manege\/#breadcrumb"},"inLanguage":"nl-NL","potentialAction":[{"@type":"ReadAction","target":["https:\/\/www.samoens.com\/nl\/manege\/"]}]},{"@type":"ImageObject","inLanguage":"nl-NL","@id":"https:\/\/www.samoens.com\/nl\/manege\/#primaryimage","url":"https:\/\/www.samoens.com\/wp-content\/uploads\/2020\/06\/Samoe\u00a6\u00eans-125.jpg","contentUrl":"https:\/\/www.samoens.com\/wp-content\/uploads\/2020\/06\/Samoe\u00a6\u00eans-125.jpg","width":1029,"height":684},{"@type":"BreadcrumbList","@id":"https:\/\/www.samoens.com\/nl\/manege\/#breadcrumb","itemListElement":[{"@type":"ListItem","position":1,"name":"Accueil","item":"https:\/\/www.samoens.com\/nl\/"},{"@type":"ListItem","position":2,"name":"Carrousel"}]},{"@type":"WebSite","@id":"https:\/\/www.samoens.com\/#website","url":"https:\/\/www.samoens.com\/","name":"Samo\u00ebns, station de ski et village authentique en Haute-Savoie","description":"Nich\u00e9e au coeur du domaine skiable du Grand Massif et \u00e0 moins d&#039;1h de Gen\u00e8ve, Samo\u00ebns rendra vos vacances inoubliables en \u00e9t\u00e9 comme en hiver","potentialAction":[{"@type":"SearchAction","target":{"@type":"EntryPoint","urlTemplate":"https:\/\/www.samoens.com\/?s={search_term_string}"},"query-input":{"@type":"PropertyValueSpecification","valueRequired":true,"valueName":"search_term_string"}}],"inLanguage":"nl-NL"}]}},"_links":{"self":[{"href":"https:\/\/www.samoens.com\/nl\/wp-json\/wp\/v2\/pages\/38416","targetHints":{"allow":["GET"]}}],"collection":[{"href":"https:\/\/www.samoens.com\/nl\/wp-json\/wp\/v2\/pages"}],"about":[{"href":"https:\/\/www.samoens.com\/nl\/wp-json\/wp\/v2\/types\/page"}],"author":[{"embeddable":true,"href":"https:\/\/www.samoens.com\/nl\/wp-json\/wp\/v2\/users\/1"}],"replies":[{"embeddable":true,"href":"https:\/\/www.samoens.com\/nl\/wp-json\/wp\/v2\/comments?post=38416"}],"version-history":[{"count":2,"href":"https:\/\/www.samoens.com\/nl\/wp-json\/wp\/v2\/pages\/38416\/revisions"}],"predecessor-version":[{"id":595543,"href":"https:\/\/www.samoens.com\/nl\/wp-json\/wp\/v2\/pages\/38416\/revisions\/595543"}],"wp:featuredmedia":[{"embeddable":true,"href":"https:\/\/www.samoens.com\/nl\/wp-json\/wp\/v2\/media\/413324"}],"wp:attachment":[{"href":"https:\/\/www.samoens.com\/nl\/wp-json\/wp\/v2\/media?parent=38416"}],"curies":[{"name":"wp","href":"https:\/\/api.w.org\/{rel}","templated":true}]}}