{"id":38389,"date":"2019-09-09T17:51:06","date_gmt":"2019-09-09T15:51:06","guid":{"rendered":"https:\/\/www.samoens.com\/?page_id=38389"},"modified":"2024-07-29T09:20:07","modified_gmt":"2024-07-29T07:20:07","slug":"wandelroutes","status":"publish","type":"page","link":"https:\/\/www.samoens.com\/nl\/wandelroutes\/","title":{"rendered":"Wandelroutes"},"content":{"rendered":"<div class=\"wpb-content-wrapper\"><p>[vc_row][vc_column][vc_column_text]<\/p>\n<h2>Wandelroutes in Samo\u00ebns<\/h2>\n<p>[\/vc_column_text][vc_column_text]In het hart van het Giffregebergte kunt u vanuit Samo\u00ebns de mooiste routes te voet, met de fiets of mountainbike ontdekken dankzij de vele routes die voor iedereen toegankelijk zijn.<\/p>\n<p>Choisissez votre pratique de randonn\u00e9e et la distance en cliquant sur &#8220;Filtrer&#8221;.<br \/>\nT\u00e9l\u00e9chargez une trace GPX et imprimez un PDF de votre circuit en acc\u00e9dant \u00e0 la fiche de l&#8217;itin\u00e9raire.<\/p>\n<p><em>Pour encore plus d&#8217;itin\u00e9raires cliquez <a href=\"https:\/\/www.valleeduhautgiffre.fr\/randonn\u00e9e\/\">ici<\/a>.<\/em>[\/vc_column_text][vc_column_text][\/vc_column_text][\/vc_column][\/vc_row]<\/p>\n<\/div>","protected":false},"excerpt":{"rendered":"<p>[vc_row][vc_column][vc_column_text] Wandelroutes in Samo\u00ebns [\/vc_column_text][vc_column_text]In het hart van het Giffregebergte kunt u vanuit Samo\u00ebns de mooiste routes te voet, met de fiets of mountainbike ontdekken dankzij de vele routes die voor iedereen toegankelijk zijn. Choisissez votre pratique de randonn\u00e9e et la distance en cliquant sur &#8220;Filtrer&#8221;. T\u00e9l\u00e9chargez une trace GPX et imprimez un PDF de [&hellip;]<\/p>\n","protected":false},"author":1,"featured_media":426839,"parent":0,"menu_order":79,"comment_status":"closed","ping_status":"closed","template":"","meta":{"_acf_changed":false,"footnotes":""},"class_list":["post-38389","page","type-page","status-publish","hentry"],"acf":[],"yoast_head":"<!-- This site is optimized with the Yoast SEO plugin v27.4 - https:\/\/yoast.com\/product\/yoast-seo-wordpress\/ -->\n<title>Wandelroutes Samo\u00ebns, station de ski et village authentique en Haute-Savoie Samo\u00ebns - Toegankelijk voor iedereen<\/title>\n<meta name=\"robots\" content=\"index, follow, max-snippet:-1, max-image-preview:large, max-video-preview:-1\" \/>\n<link rel=\"canonical\" href=\"https:\/\/www.samoens.com\/nl\/wandelroutes\/\" \/>\n<meta property=\"og:locale\" content=\"nl_NL\" \/>\n<meta property=\"og:type\" content=\"article\" \/>\n<meta property=\"og:title\" content=\"Wandelroutes Samo\u00ebns, station de ski et village authentique en Haute-Savoie Samo\u00ebns - Toegankelijk voor iedereen\" \/>\n<meta property=\"og:description\" content=\"[vc_row][vc_column][vc_column_text] Wandelroutes in Samo\u00ebns [\/vc_column_text][vc_column_text]In het hart van het Giffregebergte kunt u vanuit Samo\u00ebns de mooiste routes te voet, met de fiets of mountainbike ontdekken dankzij de vele routes die voor iedereen toegankelijk zijn. Choisissez votre pratique de randonn\u00e9e et la distance en cliquant sur &#8220;Filtrer&#8221;. T\u00e9l\u00e9chargez une trace GPX et imprimez un PDF de [&hellip;]\" \/>\n<meta property=\"og:url\" content=\"https:\/\/www.samoens.com\/nl\/wandelroutes\/\" \/>\n<meta property=\"og:site_name\" content=\"Samo\u00ebns, station de ski et village authentique en Haute-Savoie\" \/>\n<meta property=\"article:modified_time\" content=\"2024-07-29T07:20:07+00:00\" \/>\n<meta property=\"og:image\" content=\"https:\/\/www.samoens.com\/wp-content\/uploads\/2020\/08\/Samoe\u00a6ens-006.jpg\" \/>\n\t<meta property=\"og:image:width\" content=\"2522\" \/>\n\t<meta property=\"og:image:height\" content=\"987\" \/>\n\t<meta property=\"og:image:type\" content=\"image\/jpeg\" \/>\n<meta name=\"twitter:card\" content=\"summary_large_image\" \/>\n<meta name=\"twitter:label1\" content=\"Geschatte leestijd\" \/>\n\t<meta name=\"twitter:data1\" content=\"1 minuut\" \/>\n<script type=\"application\/ld+json\" class=\"yoast-schema-graph\">{\"@context\":\"https:\\\/\\\/schema.org\",\"@graph\":[{\"@type\":\"WebPage\",\"@id\":\"https:\\\/\\\/www.samoens.com\\\/nl\\\/wandelroutes\\\/\",\"url\":\"https:\\\/\\\/www.samoens.com\\\/nl\\\/wandelroutes\\\/\",\"name\":\"Wandelroutes Samo\u00ebns, station de ski et village authentique en Haute-Savoie Samo\u00ebns - Toegankelijk voor iedereen\",\"isPartOf\":{\"@id\":\"https:\\\/\\\/www.samoens.com\\\/#website\"},\"primaryImageOfPage\":{\"@id\":\"https:\\\/\\\/www.samoens.com\\\/nl\\\/wandelroutes\\\/#primaryimage\"},\"image\":{\"@id\":\"https:\\\/\\\/www.samoens.com\\\/nl\\\/wandelroutes\\\/#primaryimage\"},\"thumbnailUrl\":\"https:\\\/\\\/www.samoens.com\\\/wp-content\\\/uploads\\\/2020\\\/08\\\/Samoe\u00a6ens-006.jpg\",\"datePublished\":\"2019-09-09T15:51:06+00:00\",\"dateModified\":\"2024-07-29T07:20:07+00:00\",\"breadcrumb\":{\"@id\":\"https:\\\/\\\/www.samoens.com\\\/nl\\\/wandelroutes\\\/#breadcrumb\"},\"inLanguage\":\"nl-NL\",\"potentialAction\":[{\"@type\":\"ReadAction\",\"target\":[\"https:\\\/\\\/www.samoens.com\\\/nl\\\/wandelroutes\\\/\"]}]},{\"@type\":\"ImageObject\",\"inLanguage\":\"nl-NL\",\"@id\":\"https:\\\/\\\/www.samoens.com\\\/nl\\\/wandelroutes\\\/#primaryimage\",\"url\":\"https:\\\/\\\/www.samoens.com\\\/wp-content\\\/uploads\\\/2020\\\/08\\\/Samoe\u00a6ens-006.jpg\",\"contentUrl\":\"https:\\\/\\\/www.samoens.com\\\/wp-content\\\/uploads\\\/2020\\\/08\\\/Samoe\u00a6ens-006.jpg\",\"width\":2522,\"height\":987,\"caption\":\"Stitched Panorama\"},{\"@type\":\"BreadcrumbList\",\"@id\":\"https:\\\/\\\/www.samoens.com\\\/nl\\\/wandelroutes\\\/#breadcrumb\",\"itemListElement\":[{\"@type\":\"ListItem\",\"position\":1,\"name\":\"Accueil\",\"item\":\"https:\\\/\\\/www.samoens.com\\\/nl\\\/\"},{\"@type\":\"ListItem\",\"position\":2,\"name\":\"Wandelroutes\"}]},{\"@type\":\"WebSite\",\"@id\":\"https:\\\/\\\/www.samoens.com\\\/#website\",\"url\":\"https:\\\/\\\/www.samoens.com\\\/\",\"name\":\"Samo\u00ebns, station de ski et village authentique en Haute-Savoie\",\"description\":\"Nich\u00e9e au coeur du domaine skiable du Grand Massif et \u00e0 moins d&#039;1h de Gen\u00e8ve, Samo\u00ebns rendra vos vacances inoubliables en \u00e9t\u00e9 comme en hiver\",\"potentialAction\":[{\"@type\":\"SearchAction\",\"target\":{\"@type\":\"EntryPoint\",\"urlTemplate\":\"https:\\\/\\\/www.samoens.com\\\/?s={search_term_string}\"},\"query-input\":{\"@type\":\"PropertyValueSpecification\",\"valueRequired\":true,\"valueName\":\"search_term_string\"}}],\"inLanguage\":\"nl-NL\"}]}<\/script>\n<!-- \/ Yoast SEO plugin. -->","yoast_head_json":{"title":"Wandelroutes Samo\u00ebns, station de ski et village authentique en Haute-Savoie Samo\u00ebns - Toegankelijk voor iedereen","robots":{"index":"index","follow":"follow","max-snippet":"max-snippet:-1","max-image-preview":"max-image-preview:large","max-video-preview":"max-video-preview:-1"},"canonical":"https:\/\/www.samoens.com\/nl\/wandelroutes\/","og_locale":"nl_NL","og_type":"article","og_title":"Wandelroutes Samo\u00ebns, station de ski et village authentique en Haute-Savoie Samo\u00ebns - Toegankelijk voor iedereen","og_description":"[vc_row][vc_column][vc_column_text] Wandelroutes in Samo\u00ebns [\/vc_column_text][vc_column_text]In het hart van het Giffregebergte kunt u vanuit Samo\u00ebns de mooiste routes te voet, met de fiets of mountainbike ontdekken dankzij de vele routes die voor iedereen toegankelijk zijn. Choisissez votre pratique de randonn\u00e9e et la distance en cliquant sur &#8220;Filtrer&#8221;. T\u00e9l\u00e9chargez une trace GPX et imprimez un PDF de [&hellip;]","og_url":"https:\/\/www.samoens.com\/nl\/wandelroutes\/","og_site_name":"Samo\u00ebns, station de ski et village authentique en Haute-Savoie","article_modified_time":"2024-07-29T07:20:07+00:00","og_image":[{"width":2522,"height":987,"url":"https:\/\/www.samoens.com\/wp-content\/uploads\/2020\/08\/Samoe\u00a6ens-006.jpg","type":"image\/jpeg"}],"twitter_card":"summary_large_image","twitter_misc":{"Geschatte leestijd":"1 minuut"},"schema":{"@context":"https:\/\/schema.org","@graph":[{"@type":"WebPage","@id":"https:\/\/www.samoens.com\/nl\/wandelroutes\/","url":"https:\/\/www.samoens.com\/nl\/wandelroutes\/","name":"Wandelroutes Samo\u00ebns, station de ski et village authentique en Haute-Savoie Samo\u00ebns - Toegankelijk voor iedereen","isPartOf":{"@id":"https:\/\/www.samoens.com\/#website"},"primaryImageOfPage":{"@id":"https:\/\/www.samoens.com\/nl\/wandelroutes\/#primaryimage"},"image":{"@id":"https:\/\/www.samoens.com\/nl\/wandelroutes\/#primaryimage"},"thumbnailUrl":"https:\/\/www.samoens.com\/wp-content\/uploads\/2020\/08\/Samoe\u00a6ens-006.jpg","datePublished":"2019-09-09T15:51:06+00:00","dateModified":"2024-07-29T07:20:07+00:00","breadcrumb":{"@id":"https:\/\/www.samoens.com\/nl\/wandelroutes\/#breadcrumb"},"inLanguage":"nl-NL","potentialAction":[{"@type":"ReadAction","target":["https:\/\/www.samoens.com\/nl\/wandelroutes\/"]}]},{"@type":"ImageObject","inLanguage":"nl-NL","@id":"https:\/\/www.samoens.com\/nl\/wandelroutes\/#primaryimage","url":"https:\/\/www.samoens.com\/wp-content\/uploads\/2020\/08\/Samoe\u00a6ens-006.jpg","contentUrl":"https:\/\/www.samoens.com\/wp-content\/uploads\/2020\/08\/Samoe\u00a6ens-006.jpg","width":2522,"height":987,"caption":"Stitched Panorama"},{"@type":"BreadcrumbList","@id":"https:\/\/www.samoens.com\/nl\/wandelroutes\/#breadcrumb","itemListElement":[{"@type":"ListItem","position":1,"name":"Accueil","item":"https:\/\/www.samoens.com\/nl\/"},{"@type":"ListItem","position":2,"name":"Wandelroutes"}]},{"@type":"WebSite","@id":"https:\/\/www.samoens.com\/#website","url":"https:\/\/www.samoens.com\/","name":"Samo\u00ebns, station de ski et village authentique en Haute-Savoie","description":"Nich\u00e9e au coeur du domaine skiable du Grand Massif et \u00e0 moins d&#039;1h de Gen\u00e8ve, Samo\u00ebns rendra vos vacances inoubliables en \u00e9t\u00e9 comme en hiver","potentialAction":[{"@type":"SearchAction","target":{"@type":"EntryPoint","urlTemplate":"https:\/\/www.samoens.com\/?s={search_term_string}"},"query-input":{"@type":"PropertyValueSpecification","valueRequired":true,"valueName":"search_term_string"}}],"inLanguage":"nl-NL"}]}},"_links":{"self":[{"href":"https:\/\/www.samoens.com\/nl\/wp-json\/wp\/v2\/pages\/38389","targetHints":{"allow":["GET"]}}],"collection":[{"href":"https:\/\/www.samoens.com\/nl\/wp-json\/wp\/v2\/pages"}],"about":[{"href":"https:\/\/www.samoens.com\/nl\/wp-json\/wp\/v2\/types\/page"}],"author":[{"embeddable":true,"href":"https:\/\/www.samoens.com\/nl\/wp-json\/wp\/v2\/users\/1"}],"replies":[{"embeddable":true,"href":"https:\/\/www.samoens.com\/nl\/wp-json\/wp\/v2\/comments?post=38389"}],"version-history":[{"count":1,"href":"https:\/\/www.samoens.com\/nl\/wp-json\/wp\/v2\/pages\/38389\/revisions"}],"predecessor-version":[{"id":590650,"href":"https:\/\/www.samoens.com\/nl\/wp-json\/wp\/v2\/pages\/38389\/revisions\/590650"}],"wp:featuredmedia":[{"embeddable":true,"href":"https:\/\/www.samoens.com\/nl\/wp-json\/wp\/v2\/media\/426839"}],"wp:attachment":[{"href":"https:\/\/www.samoens.com\/nl\/wp-json\/wp\/v2\/media?parent=38389"}],"curies":[{"name":"wp","href":"https:\/\/api.w.org\/{rel}","templated":true}]}}