{"id":38312,"date":"2019-09-09T16:42:04","date_gmt":"2019-09-09T14:42:04","guid":{"rendered":"https:\/\/www.samoens.com\/?page_id=38312"},"modified":"2019-09-09T16:42:04","modified_gmt":"2019-09-09T14:42:04","slug":"cross-country-skischool","status":"publish","type":"page","link":"https:\/\/www.samoens.com\/nl\/winteractiviteiten-2\/langlaufen\/cross-country-skischool\/","title":{"rendered":"Cross-country skischool"},"content":{"rendered":"<p>Deze winter is je kind gemotiveerd om zijn eerste skilessen te volgen of wensen je je skitechniek te verbeteren.<\/p>\n<p>Laat je leiden door deze professionals in de sneeuw en langs de hellingen van het Grand Massif om al zijn geheimen te kennen.<\/p>\n","protected":false},"excerpt":{"rendered":"<p>Deze winter is je kind gemotiveerd om zijn eerste skilessen te volgen of wensen je je skitechniek te verbeteren. Laat je leiden door deze professionals in de sneeuw en langs de hellingen van het Grand Massif om al zijn geheimen te kennen.<\/p>\n","protected":false},"author":2,"featured_media":0,"parent":13211,"menu_order":2,"comment_status":"closed","ping_status":"closed","template":"template-liste-apidae.php","meta":{"_acf_changed":false,"footnotes":""},"class_list":["post-38312","page","type-page","status-publish","hentry"],"acf":[],"yoast_head":"<!-- This site is optimized with the Yoast SEO plugin v27.5 - https:\/\/yoast.com\/product\/yoast-seo-wordpress\/ -->\n<title>Cross-country skischool Samo\u00ebns, station de ski et village authentique en Haute-Savoie<\/title>\n<meta name=\"robots\" content=\"index, follow, max-snippet:-1, max-image-preview:large, max-video-preview:-1\" \/>\n<link rel=\"canonical\" href=\"https:\/\/www.samoens.com\/nl\/winteractiviteiten-2\/langlaufen\/cross-country-skischool\/\" \/>\n<meta property=\"og:locale\" content=\"nl_NL\" \/>\n<meta property=\"og:type\" content=\"article\" \/>\n<meta property=\"og:title\" content=\"Cross-country skischool Samo\u00ebns, station de ski et village authentique en Haute-Savoie\" \/>\n<meta property=\"og:description\" content=\"Deze winter is je kind gemotiveerd om zijn eerste skilessen te volgen of wensen je je skitechniek te verbeteren. Laat je leiden door deze professionals in de sneeuw en langs de hellingen van het Grand Massif om al zijn geheimen te kennen.\" \/>\n<meta property=\"og:url\" content=\"https:\/\/www.samoens.com\/nl\/winteractiviteiten-2\/langlaufen\/cross-country-skischool\/\" \/>\n<meta property=\"og:site_name\" content=\"Samo\u00ebns, station de ski et village authentique en Haute-Savoie\" \/>\n<meta name=\"twitter:card\" content=\"summary_large_image\" \/>\n<script type=\"application\/ld+json\" class=\"yoast-schema-graph\">{\"@context\":\"https:\\\/\\\/schema.org\",\"@graph\":[{\"@type\":\"WebPage\",\"@id\":\"https:\\\/\\\/www.samoens.com\\\/nl\\\/winteractiviteiten-2\\\/langlaufen\\\/cross-country-skischool\\\/\",\"url\":\"https:\\\/\\\/www.samoens.com\\\/nl\\\/winteractiviteiten-2\\\/langlaufen\\\/cross-country-skischool\\\/\",\"name\":\"Cross-country skischool Samo\u00ebns, station de ski et village authentique en Haute-Savoie\",\"isPartOf\":{\"@id\":\"https:\\\/\\\/www.samoens.com\\\/#website\"},\"datePublished\":\"2019-09-09T14:42:04+00:00\",\"breadcrumb\":{\"@id\":\"https:\\\/\\\/www.samoens.com\\\/nl\\\/winteractiviteiten-2\\\/langlaufen\\\/cross-country-skischool\\\/#breadcrumb\"},\"inLanguage\":\"nl-NL\",\"potentialAction\":[{\"@type\":\"ReadAction\",\"target\":[\"https:\\\/\\\/www.samoens.com\\\/nl\\\/winteractiviteiten-2\\\/langlaufen\\\/cross-country-skischool\\\/\"]}]},{\"@type\":\"BreadcrumbList\",\"@id\":\"https:\\\/\\\/www.samoens.com\\\/nl\\\/winteractiviteiten-2\\\/langlaufen\\\/cross-country-skischool\\\/#breadcrumb\",\"itemListElement\":[{\"@type\":\"ListItem\",\"position\":1,\"name\":\"Accueil\",\"item\":\"https:\\\/\\\/www.samoens.com\\\/nl\\\/\"},{\"@type\":\"ListItem\",\"position\":2,\"name\":\"Langlaufen\",\"item\":\"https:\\\/\\\/www.samoens.com\\\/nl\\\/winteractiviteiten-2\\\/langlaufen\\\/\"},{\"@type\":\"ListItem\",\"position\":3,\"name\":\"Winter tijd\",\"item\":\"https:\\\/\\\/www.samoens.com\\\/nl\\\/winteractiviteiten-2\\\/\"},{\"@type\":\"ListItem\",\"position\":4,\"name\":\"Cross-country skischool\"}]},{\"@type\":\"WebSite\",\"@id\":\"https:\\\/\\\/www.samoens.com\\\/#website\",\"url\":\"https:\\\/\\\/www.samoens.com\\\/\",\"name\":\"Samo\u00ebns, station de ski et village authentique en Haute-Savoie\",\"description\":\"Nich\u00e9e au coeur du domaine skiable du Grand Massif et \u00e0 moins d&#039;1h de Gen\u00e8ve, Samo\u00ebns rendra vos vacances inoubliables en \u00e9t\u00e9 comme en hiver\",\"potentialAction\":[{\"@type\":\"SearchAction\",\"target\":{\"@type\":\"EntryPoint\",\"urlTemplate\":\"https:\\\/\\\/www.samoens.com\\\/?s={search_term_string}\"},\"query-input\":{\"@type\":\"PropertyValueSpecification\",\"valueRequired\":true,\"valueName\":\"search_term_string\"}}],\"inLanguage\":\"nl-NL\"}]}<\/script>\n<!-- \/ Yoast SEO plugin. -->","yoast_head_json":{"title":"Cross-country skischool Samo\u00ebns, station de ski et village authentique en Haute-Savoie","robots":{"index":"index","follow":"follow","max-snippet":"max-snippet:-1","max-image-preview":"max-image-preview:large","max-video-preview":"max-video-preview:-1"},"canonical":"https:\/\/www.samoens.com\/nl\/winteractiviteiten-2\/langlaufen\/cross-country-skischool\/","og_locale":"nl_NL","og_type":"article","og_title":"Cross-country skischool Samo\u00ebns, station de ski et village authentique en Haute-Savoie","og_description":"Deze winter is je kind gemotiveerd om zijn eerste skilessen te volgen of wensen je je skitechniek te verbeteren. Laat je leiden door deze professionals in de sneeuw en langs de hellingen van het Grand Massif om al zijn geheimen te kennen.","og_url":"https:\/\/www.samoens.com\/nl\/winteractiviteiten-2\/langlaufen\/cross-country-skischool\/","og_site_name":"Samo\u00ebns, station de ski et village authentique en Haute-Savoie","twitter_card":"summary_large_image","schema":{"@context":"https:\/\/schema.org","@graph":[{"@type":"WebPage","@id":"https:\/\/www.samoens.com\/nl\/winteractiviteiten-2\/langlaufen\/cross-country-skischool\/","url":"https:\/\/www.samoens.com\/nl\/winteractiviteiten-2\/langlaufen\/cross-country-skischool\/","name":"Cross-country skischool Samo\u00ebns, station de ski et village authentique en Haute-Savoie","isPartOf":{"@id":"https:\/\/www.samoens.com\/#website"},"datePublished":"2019-09-09T14:42:04+00:00","breadcrumb":{"@id":"https:\/\/www.samoens.com\/nl\/winteractiviteiten-2\/langlaufen\/cross-country-skischool\/#breadcrumb"},"inLanguage":"nl-NL","potentialAction":[{"@type":"ReadAction","target":["https:\/\/www.samoens.com\/nl\/winteractiviteiten-2\/langlaufen\/cross-country-skischool\/"]}]},{"@type":"BreadcrumbList","@id":"https:\/\/www.samoens.com\/nl\/winteractiviteiten-2\/langlaufen\/cross-country-skischool\/#breadcrumb","itemListElement":[{"@type":"ListItem","position":1,"name":"Accueil","item":"https:\/\/www.samoens.com\/nl\/"},{"@type":"ListItem","position":2,"name":"Langlaufen","item":"https:\/\/www.samoens.com\/nl\/winteractiviteiten-2\/langlaufen\/"},{"@type":"ListItem","position":3,"name":"Winter tijd","item":"https:\/\/www.samoens.com\/nl\/winteractiviteiten-2\/"},{"@type":"ListItem","position":4,"name":"Cross-country skischool"}]},{"@type":"WebSite","@id":"https:\/\/www.samoens.com\/#website","url":"https:\/\/www.samoens.com\/","name":"Samo\u00ebns, station de ski et village authentique en Haute-Savoie","description":"Nich\u00e9e au coeur du domaine skiable du Grand Massif et \u00e0 moins d&#039;1h de Gen\u00e8ve, Samo\u00ebns rendra vos vacances inoubliables en \u00e9t\u00e9 comme en hiver","potentialAction":[{"@type":"SearchAction","target":{"@type":"EntryPoint","urlTemplate":"https:\/\/www.samoens.com\/?s={search_term_string}"},"query-input":{"@type":"PropertyValueSpecification","valueRequired":true,"valueName":"search_term_string"}}],"inLanguage":"nl-NL"}]}},"_links":{"self":[{"href":"https:\/\/www.samoens.com\/nl\/wp-json\/wp\/v2\/pages\/38312","targetHints":{"allow":["GET"]}}],"collection":[{"href":"https:\/\/www.samoens.com\/nl\/wp-json\/wp\/v2\/pages"}],"about":[{"href":"https:\/\/www.samoens.com\/nl\/wp-json\/wp\/v2\/types\/page"}],"author":[{"embeddable":true,"href":"https:\/\/www.samoens.com\/nl\/wp-json\/wp\/v2\/users\/2"}],"replies":[{"embeddable":true,"href":"https:\/\/www.samoens.com\/nl\/wp-json\/wp\/v2\/comments?post=38312"}],"version-history":[{"count":0,"href":"https:\/\/www.samoens.com\/nl\/wp-json\/wp\/v2\/pages\/38312\/revisions"}],"up":[{"embeddable":true,"href":"https:\/\/www.samoens.com\/nl\/wp-json\/wp\/v2\/pages\/13211"}],"wp:attachment":[{"href":"https:\/\/www.samoens.com\/nl\/wp-json\/wp\/v2\/media?parent=38312"}],"curies":[{"name":"wp","href":"https:\/\/api.w.org\/{rel}","templated":true}]}}