{"id":36604,"date":"2019-09-06T11:18:22","date_gmt":"2019-09-06T09:18:22","guid":{"rendered":"https:\/\/www.samoens.com\/webcams\/"},"modified":"2026-04-16T13:58:16","modified_gmt":"2026-04-16T11:58:16","slug":"webcams","status":"publish","type":"page","link":"https:\/\/www.samoens.com\/nl\/webcams\/","title":{"rendered":"Webcams"},"content":{"rendered":"<div class=\"wpb-content-wrapper\"><p>[vc_row][vc_column][vc_column_text css=&#8221;&#8221;]<\/p>\n<h2>Alle webcams in Samo\u00ebns<\/h2>\n<p>[\/vc_column_text][vc_column_text css=&#8221;&#8221;]<strong>Met de webcams van Samo\u00ebns voelt u de lokroep van de bergtoppen!<\/strong><\/p>\n<p>&nbsp;<\/p>\n<p>Vier webcams in het Giffre-gebergte bieden u een venster op de ongerepte en rustgevende schoonheid van Samo\u00ebns in de zomer. Of u nu uw volgende vakantie aan het plannen bent of gewoon even weg wilt, geniet van de panorama\u2019s in realtime!<\/p>\n<p>Er is een camera ge\u00efnstalleerd in <strong>Samo\u00ebns 1600<\/strong>, bij de aankomst van de kabelbaan van de Grand Massif Express: een ideaal vertrekpunt voor wandelingen en panoramische tochten.<\/p>\n<p>Een andere, gelegen op de <strong>T\u00eate des Saix<\/strong>, biedt u een spectaculair uitzicht op de Mont Blanc en de omliggende bergtoppen.<\/p>\n<p>Zin in de grote open ruimte? De webcam van de <strong>Col de Joux Plane<\/strong> biedt u een uitzonderlijk panorama, perfect om uw volgende wandel- of fietstochten te plannen.<\/p>\n<p>En voor een totale onderdompeling, laat u meevoeren door het uitzicht op het <strong>Cirque du Fer \u00e0 Cheval<\/strong>, een ware oase van rust, genesteld in het hart van het natuurreservaat.[\/vc_column_text][vc_row_inner][vc_column_inner width=&#8221;1\/2&#8243;][vc_single_image image=&#8221;605844&#8243; img_size=&#8221;medium&#8221; alignment=&#8221;center&#8221; onclick=&#8221;custom_link&#8221; img_link_target=&#8221;_blank&#8221; css=&#8221;&#8221; title=&#8221;Webcam Samo\u00ebns 1600m&#8221; link=&#8221;\/webcam-samoens\/&#8221; el_class=&#8221;lienversliste&#8221;][\/vc_column_inner][vc_column_inner width=&#8221;1\/2&#8243;][vc_single_image image=&#8221;426836&#8243; img_size=&#8221;medium&#8221; alignment=&#8221;center&#8221; onclick=&#8221;custom_link&#8221; img_link_target=&#8221;_blank&#8221; css=&#8221;&#8221; title=&#8221;Webcam Joux Plane&#8221; link=&#8221;https:\/\/www.skaping.com\/samoens\/col-de-joux-plane&#8221; el_class=&#8221;lienversliste&#8221;][\/vc_column_inner][\/vc_row_inner][\/vc_column][\/vc_row][vc_row][vc_column width=&#8221;1\/2&#8243;][vc_single_image image=&#8221;536325&#8243; img_size=&#8221;medium&#8221; alignment=&#8221;center&#8221; onclick=&#8221;custom_link&#8221; img_link_target=&#8221;_blank&#8221; css=&#8221;&#8221; title=&#8221;Webcam T\u00eate des Saix&#8221; link=&#8221;https:\/\/app.webcam-hd.com\/grand-massif\/grand-massif_samoens-tete-des-saix&#8221; el_class=&#8221;lienversliste&#8221;][\/vc_column][vc_column width=&#8221;1\/2&#8243;][vc_single_image image=&#8221;413870&#8243; img_size=&#8221;medium&#8221; alignment=&#8221;center&#8221; onclick=&#8221;custom_link&#8221; img_link_target=&#8221;_blank&#8221; css=&#8221;&#8221; title=&#8221;Webcam Fer \u00e0 Cheval&#8221; link=&#8221;http:\/\/m.webcam-hd.com\/vallee-haut-giffre\/sixt-fer-a-cheval&#8221; el_class=&#8221;lienversliste&#8221;][\/vc_column][\/vc_row][vc_row][vc_column][vc_column_text css=&#8221;&#8221;]<\/p>\n<h2 class=\"chapeau\" style=\"text-align: center;\">Dit is het moment om de beste aanbiedingen voor deze zomer te bemachtigen!<\/h2>\n<p>De zomer staat voor de deur in Samo\u00ebns, een charmant dorpje midden in het Giffre-gebergte, een waar juweeltje in de Alpen. Het is tijd om uw zomerse uitstapjes te plannen en volop te genieten van de zonnige dagen, de zuivere berglucht en de rijke natuur rondom.<\/p>\n<p>Samo\u00ebns biedt u een veelheid aan zomerse activiteiten: wandelen, mountainbiken, via ferrata, zwemmen in meren en rivieren, paragliden of gewoon ontspannen momenten met uitzicht op groene en zonnige landschappen. Er is voor elk wat wils, in een rustgevende en verkwikkende natuurlijke omgeving. Organiseer uw vakantie in alle rust dankzij flexibele en aangepaste reserveringsvoorwaarden.<\/p>\n<p>Trek dus uw wandelschoenen aan, pak uw zonnebril en laat u betoveren door de authentieke en gezellige sfeer van de Giffre-bergen in de zomer. Reserveer nu uw zomerverblijf in Samo\u00ebns![\/vc_column_text][\/vc_column][\/vc_row][vc_row][vc_column][vc_btn title=&#8221;Profiteer van onze aanbiedingen&#8221; color=&#8221;danger&#8221; size=&#8221;lg&#8221; align=&#8221;center&#8221; css=&#8221;&#8221; link=&#8221;url:https%3A%2F%2Fbooking.samoens.com%2Fstays-and-weekends.html|target:_blank&#8221; el_class=&#8221;lienversliste&#8221;][\/vc_column][\/vc_row]<\/p>\n<\/div>","protected":false},"excerpt":{"rendered":"<p>[vc_row][vc_column][vc_column_text css=&#8221;&#8221;] Alle webcams in Samo\u00ebns [\/vc_column_text][vc_column_text css=&#8221;&#8221;]Met de webcams van Samo\u00ebns voelt u de lokroep van de bergtoppen! &nbsp; Vier webcams in het Giffre-gebergte bieden u een venster op de ongerepte en rustgevende schoonheid van Samo\u00ebns in de zomer. Of u nu uw volgende vakantie aan het plannen bent of gewoon even weg wilt, [&hellip;]<\/p>\n","protected":false},"author":1,"featured_media":597198,"parent":0,"menu_order":74,"comment_status":"closed","ping_status":"closed","template":"","meta":{"_acf_changed":false,"footnotes":""},"class_list":["post-36604","page","type-page","status-publish","hentry"],"acf":[],"yoast_head":"<!-- This site is optimized with the Yoast SEO plugin v27.4 - https:\/\/yoast.com\/product\/yoast-seo-wordpress\/ -->\n<title>Live webcams uit Samo\u00ebns \u2013 Bekijk het skigebied in realtime Samo\u00ebns, station de ski et village authentique en Haute-Savoie<\/title>\n<meta name=\"description\" content=\"Bekijk livebeelden van de webcams in Samo\u00ebns en de Giffre-bergen. Bekijk in realtime de weersomstandigheden en de zomerse landschappen vanaf verschillende strategische punten in de vallei: Samo\u00ebns 1600, T\u00eate des Saix, Col de Joux Plane en het Cirque du Fer \u00e0 Cheval.\nBereid uw dagen in de bergen voor dankzij deze continu bijgewerkte panoramische beelden, ideaal voor het organiseren van uw wandelingen, uitstapjes in de natuur en buitenactiviteiten.\" \/>\n<meta name=\"robots\" content=\"index, follow, max-snippet:-1, max-image-preview:large, max-video-preview:-1\" \/>\n<link rel=\"canonical\" href=\"https:\/\/www.samoens.com\/nl\/webcams\/\" \/>\n<meta property=\"og:locale\" content=\"nl_NL\" \/>\n<meta property=\"og:type\" content=\"article\" \/>\n<meta property=\"og:title\" content=\"Live webcams uit Samo\u00ebns \u2013 Bekijk het skigebied in realtime Samo\u00ebns, station de ski et village authentique en Haute-Savoie\" \/>\n<meta property=\"og:description\" content=\"D\u00e9couvrez les webcams de Samo\u00ebns en direct : m\u00e9t\u00e9o et panorama depuis Samo\u00ebns 1600, T\u00eate des Saix, Col de Joux Plane et le Cirque du Fer \u00e0 Cheval. Id\u00e9al pour pr\u00e9parer vos activit\u00e9s en montagne.\" \/>\n<meta property=\"og:url\" content=\"https:\/\/www.samoens.com\/nl\/webcams\/\" \/>\n<meta property=\"og:site_name\" content=\"Samo\u00ebns, station de ski et village authentique en Haute-Savoie\" \/>\n<meta property=\"article:modified_time\" content=\"2026-04-16T11:58:16+00:00\" \/>\n<meta property=\"og:image\" content=\"https:\/\/www.samoens.com\/wp-content\/uploads\/2025\/06\/013-08-19-Samoens-1600\u00a9-Gilles-Piel-1200x676.jpg\" \/>\n\t<meta property=\"og:image:width\" content=\"1200\" \/>\n\t<meta property=\"og:image:height\" content=\"676\" \/>\n\t<meta property=\"og:image:type\" content=\"image\/jpeg\" \/>\n<meta name=\"twitter:card\" content=\"summary_large_image\" \/>\n<meta name=\"twitter:label1\" content=\"Geschatte leestijd\" \/>\n\t<meta name=\"twitter:data1\" content=\"1 minuut\" \/>\n<script type=\"application\/ld+json\" class=\"yoast-schema-graph\">{\"@context\":\"https:\\\/\\\/schema.org\",\"@graph\":[{\"@type\":\"WebPage\",\"@id\":\"https:\\\/\\\/www.samoens.com\\\/nl\\\/webcams\\\/\",\"url\":\"https:\\\/\\\/www.samoens.com\\\/nl\\\/webcams\\\/\",\"name\":\"Live webcams uit Samo\u00ebns \u2013 Bekijk het skigebied in realtime Samo\u00ebns, station de ski et village authentique en Haute-Savoie\",\"isPartOf\":{\"@id\":\"https:\\\/\\\/www.samoens.com\\\/#website\"},\"primaryImageOfPage\":{\"@id\":\"https:\\\/\\\/www.samoens.com\\\/nl\\\/webcams\\\/#primaryimage\"},\"image\":{\"@id\":\"https:\\\/\\\/www.samoens.com\\\/nl\\\/webcams\\\/#primaryimage\"},\"thumbnailUrl\":\"https:\\\/\\\/www.samoens.com\\\/wp-content\\\/uploads\\\/2025\\\/06\\\/013-08-19-Samoens-1600\u00a9-Gilles-Piel.jpg\",\"datePublished\":\"2019-09-06T09:18:22+00:00\",\"dateModified\":\"2026-04-16T11:58:16+00:00\",\"description\":\"D\u00e9couvrez les webcams de Samo\u00ebns en direct : m\u00e9t\u00e9o et panorama depuis Samo\u00ebns 1600, T\u00eate des Saix, Col de Joux Plane et le Cirque du Fer \u00e0 Cheval. Id\u00e9al pour pr\u00e9parer vos activit\u00e9s en montagne.\",\"breadcrumb\":{\"@id\":\"https:\\\/\\\/www.samoens.com\\\/nl\\\/webcams\\\/#breadcrumb\"},\"inLanguage\":\"nl-NL\",\"potentialAction\":[{\"@type\":\"ReadAction\",\"target\":[\"https:\\\/\\\/www.samoens.com\\\/nl\\\/webcams\\\/\"]}]},{\"@type\":\"ImageObject\",\"inLanguage\":\"nl-NL\",\"@id\":\"https:\\\/\\\/www.samoens.com\\\/nl\\\/webcams\\\/#primaryimage\",\"url\":\"https:\\\/\\\/www.samoens.com\\\/wp-content\\\/uploads\\\/2025\\\/06\\\/013-08-19-Samoens-1600\u00a9-Gilles-Piel.jpg\",\"contentUrl\":\"https:\\\/\\\/www.samoens.com\\\/wp-content\\\/uploads\\\/2025\\\/06\\\/013-08-19-Samoens-1600\u00a9-Gilles-Piel.jpg\",\"width\":1900,\"height\":1070},{\"@type\":\"BreadcrumbList\",\"@id\":\"https:\\\/\\\/www.samoens.com\\\/nl\\\/webcams\\\/#breadcrumb\",\"itemListElement\":[{\"@type\":\"ListItem\",\"position\":1,\"name\":\"Accueil\",\"item\":\"https:\\\/\\\/www.samoens.com\\\/nl\\\/\"},{\"@type\":\"ListItem\",\"position\":2,\"name\":\"Webcams\"}]},{\"@type\":\"WebSite\",\"@id\":\"https:\\\/\\\/www.samoens.com\\\/#website\",\"url\":\"https:\\\/\\\/www.samoens.com\\\/\",\"name\":\"Samo\u00ebns, station de ski et village authentique en Haute-Savoie\",\"description\":\"Nich\u00e9e au coeur du domaine skiable du Grand Massif et \u00e0 moins d&#039;1h de Gen\u00e8ve, Samo\u00ebns rendra vos vacances inoubliables en \u00e9t\u00e9 comme en hiver\",\"potentialAction\":[{\"@type\":\"SearchAction\",\"target\":{\"@type\":\"EntryPoint\",\"urlTemplate\":\"https:\\\/\\\/www.samoens.com\\\/?s={search_term_string}\"},\"query-input\":{\"@type\":\"PropertyValueSpecification\",\"valueRequired\":true,\"valueName\":\"search_term_string\"}}],\"inLanguage\":\"nl-NL\"}]}<\/script>\n<!-- \/ Yoast SEO plugin. -->","yoast_head_json":{"title":"Live webcams uit Samo\u00ebns \u2013 Bekijk het skigebied in realtime Samo\u00ebns, station de ski et village authentique en Haute-Savoie","description":"Bekijk livebeelden van de webcams in Samo\u00ebns en de Giffre-bergen. Bekijk in realtime de weersomstandigheden en de zomerse landschappen vanaf verschillende strategische punten in de vallei: Samo\u00ebns 1600, T\u00eate des Saix, Col de Joux Plane en het Cirque du Fer \u00e0 Cheval.\nBereid uw dagen in de bergen voor dankzij deze continu bijgewerkte panoramische beelden, ideaal voor het organiseren van uw wandelingen, uitstapjes in de natuur en buitenactiviteiten.","robots":{"index":"index","follow":"follow","max-snippet":"max-snippet:-1","max-image-preview":"max-image-preview:large","max-video-preview":"max-video-preview:-1"},"canonical":"https:\/\/www.samoens.com\/nl\/webcams\/","og_locale":"nl_NL","og_type":"article","og_title":"Live webcams uit Samo\u00ebns \u2013 Bekijk het skigebied in realtime Samo\u00ebns, station de ski et village authentique en Haute-Savoie","og_description":"D\u00e9couvrez les webcams de Samo\u00ebns en direct : m\u00e9t\u00e9o et panorama depuis Samo\u00ebns 1600, T\u00eate des Saix, Col de Joux Plane et le Cirque du Fer \u00e0 Cheval. Id\u00e9al pour pr\u00e9parer vos activit\u00e9s en montagne.","og_url":"https:\/\/www.samoens.com\/nl\/webcams\/","og_site_name":"Samo\u00ebns, station de ski et village authentique en Haute-Savoie","article_modified_time":"2026-04-16T11:58:16+00:00","og_image":[{"width":1200,"height":676,"url":"https:\/\/www.samoens.com\/wp-content\/uploads\/2025\/06\/013-08-19-Samoens-1600\u00a9-Gilles-Piel-1200x676.jpg","type":"image\/jpeg"}],"twitter_card":"summary_large_image","twitter_misc":{"Geschatte leestijd":"1 minuut"},"schema":{"@context":"https:\/\/schema.org","@graph":[{"@type":"WebPage","@id":"https:\/\/www.samoens.com\/nl\/webcams\/","url":"https:\/\/www.samoens.com\/nl\/webcams\/","name":"Live webcams uit Samo\u00ebns \u2013 Bekijk het skigebied in realtime Samo\u00ebns, station de ski et village authentique en Haute-Savoie","isPartOf":{"@id":"https:\/\/www.samoens.com\/#website"},"primaryImageOfPage":{"@id":"https:\/\/www.samoens.com\/nl\/webcams\/#primaryimage"},"image":{"@id":"https:\/\/www.samoens.com\/nl\/webcams\/#primaryimage"},"thumbnailUrl":"https:\/\/www.samoens.com\/wp-content\/uploads\/2025\/06\/013-08-19-Samoens-1600\u00a9-Gilles-Piel.jpg","datePublished":"2019-09-06T09:18:22+00:00","dateModified":"2026-04-16T11:58:16+00:00","description":"D\u00e9couvrez les webcams de Samo\u00ebns en direct : m\u00e9t\u00e9o et panorama depuis Samo\u00ebns 1600, T\u00eate des Saix, Col de Joux Plane et le Cirque du Fer \u00e0 Cheval. Id\u00e9al pour pr\u00e9parer vos activit\u00e9s en montagne.","breadcrumb":{"@id":"https:\/\/www.samoens.com\/nl\/webcams\/#breadcrumb"},"inLanguage":"nl-NL","potentialAction":[{"@type":"ReadAction","target":["https:\/\/www.samoens.com\/nl\/webcams\/"]}]},{"@type":"ImageObject","inLanguage":"nl-NL","@id":"https:\/\/www.samoens.com\/nl\/webcams\/#primaryimage","url":"https:\/\/www.samoens.com\/wp-content\/uploads\/2025\/06\/013-08-19-Samoens-1600\u00a9-Gilles-Piel.jpg","contentUrl":"https:\/\/www.samoens.com\/wp-content\/uploads\/2025\/06\/013-08-19-Samoens-1600\u00a9-Gilles-Piel.jpg","width":1900,"height":1070},{"@type":"BreadcrumbList","@id":"https:\/\/www.samoens.com\/nl\/webcams\/#breadcrumb","itemListElement":[{"@type":"ListItem","position":1,"name":"Accueil","item":"https:\/\/www.samoens.com\/nl\/"},{"@type":"ListItem","position":2,"name":"Webcams"}]},{"@type":"WebSite","@id":"https:\/\/www.samoens.com\/#website","url":"https:\/\/www.samoens.com\/","name":"Samo\u00ebns, station de ski et village authentique en Haute-Savoie","description":"Nich\u00e9e au coeur du domaine skiable du Grand Massif et \u00e0 moins d&#039;1h de Gen\u00e8ve, Samo\u00ebns rendra vos vacances inoubliables en \u00e9t\u00e9 comme en hiver","potentialAction":[{"@type":"SearchAction","target":{"@type":"EntryPoint","urlTemplate":"https:\/\/www.samoens.com\/?s={search_term_string}"},"query-input":{"@type":"PropertyValueSpecification","valueRequired":true,"valueName":"search_term_string"}}],"inLanguage":"nl-NL"}]}},"_links":{"self":[{"href":"https:\/\/www.samoens.com\/nl\/wp-json\/wp\/v2\/pages\/36604","targetHints":{"allow":["GET"]}}],"collection":[{"href":"https:\/\/www.samoens.com\/nl\/wp-json\/wp\/v2\/pages"}],"about":[{"href":"https:\/\/www.samoens.com\/nl\/wp-json\/wp\/v2\/types\/page"}],"author":[{"embeddable":true,"href":"https:\/\/www.samoens.com\/nl\/wp-json\/wp\/v2\/users\/1"}],"replies":[{"embeddable":true,"href":"https:\/\/www.samoens.com\/nl\/wp-json\/wp\/v2\/comments?post=36604"}],"version-history":[{"count":5,"href":"https:\/\/www.samoens.com\/nl\/wp-json\/wp\/v2\/pages\/36604\/revisions"}],"predecessor-version":[{"id":607739,"href":"https:\/\/www.samoens.com\/nl\/wp-json\/wp\/v2\/pages\/36604\/revisions\/607739"}],"wp:featuredmedia":[{"embeddable":true,"href":"https:\/\/www.samoens.com\/nl\/wp-json\/wp\/v2\/media\/597198"}],"wp:attachment":[{"href":"https:\/\/www.samoens.com\/nl\/wp-json\/wp\/v2\/media?parent=36604"}],"curies":[{"name":"wp","href":"https:\/\/api.w.org\/{rel}","templated":true}]}}