{"id":3646,"date":"2019-08-27T08:55:37","date_gmt":"2019-08-27T06:55:37","guid":{"rendered":"https:\/\/www.samoens.com\/?page_id=3646"},"modified":"2025-05-15T17:00:27","modified_gmt":"2025-05-15T15:00:27","slug":"blog","status":"publish","type":"page","link":"https:\/\/www.samoens.com\/nl\/blog\/","title":{"rendered":"Blog"},"content":{"rendered":"<p>Samo\u00ebns: ontdek het dorpsresort in het hart van de Alpen<\/p>\n<p>&nbsp;<\/p>\n<p>Samo\u00ebns, genesteld in het hart van de Giffrevallei, is veel meer dan een skistation. Dit charmante Savoyaardse dorp, geklasseerd om zijn erfgoed en bekend om zijn gezellige sfeer, trekt het hele jaar door liefhebbers van natuur, geschiedenis en bergsporten.<\/p>\n<p>Ontdek in deze blog Samo\u00ebns vanuit alle hoeken: de tradities, de activiteiten in 4 seizoenen, de onvergetelijke wandelingen, de culturele evenementen en nog veel meer. Of je nu op zoek bent naar een ontsnapping, sensatie of ontspanning, Samo\u00ebns heeft zoveel te bieden. Volg gewoon de gids!<\/p>\n<p>&nbsp;<\/p>\n<p>&nbsp;<\/p>\n","protected":false},"excerpt":{"rendered":"<p>Samo\u00ebns: ontdek het dorpsresort in het hart van de Alpen &nbsp; Samo\u00ebns, genesteld in het hart van de Giffrevallei, is veel meer dan een skistation. Dit charmante Savoyaardse dorp, geklasseerd om zijn erfgoed en bekend om zijn gezellige sfeer, trekt het hele jaar door liefhebbers van natuur, geschiedenis en bergsporten. Ontdek in deze blog Samo\u00ebns [&hellip;]<\/p>\n","protected":false},"author":2,"featured_media":13259,"parent":0,"menu_order":45,"comment_status":"closed","ping_status":"closed","template":"blog-accueil.php","meta":{"_acf_changed":false,"footnotes":""},"class_list":["post-3646","page","type-page","status-publish","hentry"],"acf":[],"yoast_head":"<!-- This site is optimized with the Yoast SEO plugin v27.4 - https:\/\/yoast.com\/product\/yoast-seo-wordpress\/ -->\n<title>Blog Samo\u00ebns, station de ski et village authentique en Haute-Savoie<\/title>\n<meta name=\"description\" content=\"Ontdek Samo\u00ebns, een authentiek dorpsoord in de Alpen: erfgoed, natuur, zomer- en winteractiviteiten, evenementen en tips om te ontdekken.\" \/>\n<meta name=\"robots\" content=\"index, follow, max-snippet:-1, max-image-preview:large, max-video-preview:-1\" \/>\n<link rel=\"canonical\" href=\"https:\/\/www.samoens.com\/nl\/blog\/\" \/>\n<meta property=\"og:locale\" content=\"nl_NL\" \/>\n<meta property=\"og:type\" content=\"article\" \/>\n<meta property=\"og:title\" content=\"Blog Samo\u00ebns, station de ski et village authentique en Haute-Savoie\" \/>\n<meta property=\"og:description\" content=\"Ontdek Samo\u00ebns, een authentiek dorpsoord in de Alpen: erfgoed, natuur, zomer- en winteractiviteiten, evenementen en tips om te ontdekken.\" \/>\n<meta property=\"og:url\" content=\"https:\/\/www.samoens.com\/nl\/blog\/\" \/>\n<meta property=\"og:site_name\" content=\"Samo\u00ebns, station de ski et village authentique en Haute-Savoie\" \/>\n<meta property=\"article:modified_time\" content=\"2025-05-15T15:00:27+00:00\" \/>\n<meta property=\"og:image\" content=\"https:\/\/www.samoens.com\/wp-content\/uploads\/2019\/09\/7669-TristanShu.jpg\" \/>\n\t<meta property=\"og:image:width\" content=\"2000\" \/>\n\t<meta property=\"og:image:height\" content=\"700\" \/>\n\t<meta property=\"og:image:type\" content=\"image\/jpeg\" \/>\n<meta name=\"twitter:card\" content=\"summary_large_image\" \/>\n<meta name=\"twitter:label1\" content=\"Geschatte leestijd\" \/>\n\t<meta name=\"twitter:data1\" content=\"1 minuut\" \/>\n<script type=\"application\/ld+json\" class=\"yoast-schema-graph\">{\"@context\":\"https:\\\/\\\/schema.org\",\"@graph\":[{\"@type\":\"WebPage\",\"@id\":\"https:\\\/\\\/www.samoens.com\\\/nl\\\/blog\\\/\",\"url\":\"https:\\\/\\\/www.samoens.com\\\/nl\\\/blog\\\/\",\"name\":\"Blog Samo\u00ebns, station de ski et village authentique en Haute-Savoie\",\"isPartOf\":{\"@id\":\"https:\\\/\\\/www.samoens.com\\\/#website\"},\"primaryImageOfPage\":{\"@id\":\"https:\\\/\\\/www.samoens.com\\\/nl\\\/blog\\\/#primaryimage\"},\"image\":{\"@id\":\"https:\\\/\\\/www.samoens.com\\\/nl\\\/blog\\\/#primaryimage\"},\"thumbnailUrl\":\"https:\\\/\\\/www.samoens.com\\\/wp-content\\\/uploads\\\/2019\\\/09\\\/7669-TristanShu.jpg\",\"datePublished\":\"2019-08-27T06:55:37+00:00\",\"dateModified\":\"2025-05-15T15:00:27+00:00\",\"description\":\"Ontdek Samo\u00ebns, een authentiek dorpsoord in de Alpen: erfgoed, natuur, zomer- en winteractiviteiten, evenementen en tips om te ontdekken.\",\"breadcrumb\":{\"@id\":\"https:\\\/\\\/www.samoens.com\\\/nl\\\/blog\\\/#breadcrumb\"},\"inLanguage\":\"nl-NL\",\"potentialAction\":[{\"@type\":\"ReadAction\",\"target\":[\"https:\\\/\\\/www.samoens.com\\\/nl\\\/blog\\\/\"]}]},{\"@type\":\"ImageObject\",\"inLanguage\":\"nl-NL\",\"@id\":\"https:\\\/\\\/www.samoens.com\\\/nl\\\/blog\\\/#primaryimage\",\"url\":\"https:\\\/\\\/www.samoens.com\\\/wp-content\\\/uploads\\\/2019\\\/09\\\/7669-TristanShu.jpg\",\"contentUrl\":\"https:\\\/\\\/www.samoens.com\\\/wp-content\\\/uploads\\\/2019\\\/09\\\/7669-TristanShu.jpg\",\"width\":2000,\"height\":700,\"caption\":\"Samo\u00ebns Blog\"},{\"@type\":\"BreadcrumbList\",\"@id\":\"https:\\\/\\\/www.samoens.com\\\/nl\\\/blog\\\/#breadcrumb\",\"itemListElement\":[{\"@type\":\"ListItem\",\"position\":1,\"name\":\"Accueil\",\"item\":\"https:\\\/\\\/www.samoens.com\\\/nl\\\/\"},{\"@type\":\"ListItem\",\"position\":2,\"name\":\"Blog\"}]},{\"@type\":\"WebSite\",\"@id\":\"https:\\\/\\\/www.samoens.com\\\/#website\",\"url\":\"https:\\\/\\\/www.samoens.com\\\/\",\"name\":\"Samo\u00ebns, station de ski et village authentique en Haute-Savoie\",\"description\":\"Nich\u00e9e au coeur du domaine skiable du Grand Massif et \u00e0 moins d&#039;1h de Gen\u00e8ve, Samo\u00ebns rendra vos vacances inoubliables en \u00e9t\u00e9 comme en hiver\",\"potentialAction\":[{\"@type\":\"SearchAction\",\"target\":{\"@type\":\"EntryPoint\",\"urlTemplate\":\"https:\\\/\\\/www.samoens.com\\\/?s={search_term_string}\"},\"query-input\":{\"@type\":\"PropertyValueSpecification\",\"valueRequired\":true,\"valueName\":\"search_term_string\"}}],\"inLanguage\":\"nl-NL\"}]}<\/script>\n<!-- \/ Yoast SEO plugin. -->","yoast_head_json":{"title":"Blog Samo\u00ebns, station de ski et village authentique en Haute-Savoie","description":"Ontdek Samo\u00ebns, een authentiek dorpsoord in de Alpen: erfgoed, natuur, zomer- en winteractiviteiten, evenementen en tips om te ontdekken.","robots":{"index":"index","follow":"follow","max-snippet":"max-snippet:-1","max-image-preview":"max-image-preview:large","max-video-preview":"max-video-preview:-1"},"canonical":"https:\/\/www.samoens.com\/nl\/blog\/","og_locale":"nl_NL","og_type":"article","og_title":"Blog Samo\u00ebns, station de ski et village authentique en Haute-Savoie","og_description":"Ontdek Samo\u00ebns, een authentiek dorpsoord in de Alpen: erfgoed, natuur, zomer- en winteractiviteiten, evenementen en tips om te ontdekken.","og_url":"https:\/\/www.samoens.com\/nl\/blog\/","og_site_name":"Samo\u00ebns, station de ski et village authentique en Haute-Savoie","article_modified_time":"2025-05-15T15:00:27+00:00","og_image":[{"width":2000,"height":700,"url":"https:\/\/www.samoens.com\/wp-content\/uploads\/2019\/09\/7669-TristanShu.jpg","type":"image\/jpeg"}],"twitter_card":"summary_large_image","twitter_misc":{"Geschatte leestijd":"1 minuut"},"schema":{"@context":"https:\/\/schema.org","@graph":[{"@type":"WebPage","@id":"https:\/\/www.samoens.com\/nl\/blog\/","url":"https:\/\/www.samoens.com\/nl\/blog\/","name":"Blog Samo\u00ebns, station de ski et village authentique en Haute-Savoie","isPartOf":{"@id":"https:\/\/www.samoens.com\/#website"},"primaryImageOfPage":{"@id":"https:\/\/www.samoens.com\/nl\/blog\/#primaryimage"},"image":{"@id":"https:\/\/www.samoens.com\/nl\/blog\/#primaryimage"},"thumbnailUrl":"https:\/\/www.samoens.com\/wp-content\/uploads\/2019\/09\/7669-TristanShu.jpg","datePublished":"2019-08-27T06:55:37+00:00","dateModified":"2025-05-15T15:00:27+00:00","description":"Ontdek Samo\u00ebns, een authentiek dorpsoord in de Alpen: erfgoed, natuur, zomer- en winteractiviteiten, evenementen en tips om te ontdekken.","breadcrumb":{"@id":"https:\/\/www.samoens.com\/nl\/blog\/#breadcrumb"},"inLanguage":"nl-NL","potentialAction":[{"@type":"ReadAction","target":["https:\/\/www.samoens.com\/nl\/blog\/"]}]},{"@type":"ImageObject","inLanguage":"nl-NL","@id":"https:\/\/www.samoens.com\/nl\/blog\/#primaryimage","url":"https:\/\/www.samoens.com\/wp-content\/uploads\/2019\/09\/7669-TristanShu.jpg","contentUrl":"https:\/\/www.samoens.com\/wp-content\/uploads\/2019\/09\/7669-TristanShu.jpg","width":2000,"height":700,"caption":"Samo\u00ebns Blog"},{"@type":"BreadcrumbList","@id":"https:\/\/www.samoens.com\/nl\/blog\/#breadcrumb","itemListElement":[{"@type":"ListItem","position":1,"name":"Accueil","item":"https:\/\/www.samoens.com\/nl\/"},{"@type":"ListItem","position":2,"name":"Blog"}]},{"@type":"WebSite","@id":"https:\/\/www.samoens.com\/#website","url":"https:\/\/www.samoens.com\/","name":"Samo\u00ebns, station de ski et village authentique en Haute-Savoie","description":"Nich\u00e9e au coeur du domaine skiable du Grand Massif et \u00e0 moins d&#039;1h de Gen\u00e8ve, Samo\u00ebns rendra vos vacances inoubliables en \u00e9t\u00e9 comme en hiver","potentialAction":[{"@type":"SearchAction","target":{"@type":"EntryPoint","urlTemplate":"https:\/\/www.samoens.com\/?s={search_term_string}"},"query-input":{"@type":"PropertyValueSpecification","valueRequired":true,"valueName":"search_term_string"}}],"inLanguage":"nl-NL"}]}},"_links":{"self":[{"href":"https:\/\/www.samoens.com\/nl\/wp-json\/wp\/v2\/pages\/3646","targetHints":{"allow":["GET"]}}],"collection":[{"href":"https:\/\/www.samoens.com\/nl\/wp-json\/wp\/v2\/pages"}],"about":[{"href":"https:\/\/www.samoens.com\/nl\/wp-json\/wp\/v2\/types\/page"}],"author":[{"embeddable":true,"href":"https:\/\/www.samoens.com\/nl\/wp-json\/wp\/v2\/users\/2"}],"replies":[{"embeddable":true,"href":"https:\/\/www.samoens.com\/nl\/wp-json\/wp\/v2\/comments?post=3646"}],"version-history":[{"count":2,"href":"https:\/\/www.samoens.com\/nl\/wp-json\/wp\/v2\/pages\/3646\/revisions"}],"predecessor-version":[{"id":595930,"href":"https:\/\/www.samoens.com\/nl\/wp-json\/wp\/v2\/pages\/3646\/revisions\/595930"}],"wp:featuredmedia":[{"embeddable":true,"href":"https:\/\/www.samoens.com\/nl\/wp-json\/wp\/v2\/media\/13259"}],"wp:attachment":[{"href":"https:\/\/www.samoens.com\/nl\/wp-json\/wp\/v2\/media?parent=3646"}],"curies":[{"name":"wp","href":"https:\/\/api.w.org\/{rel}","templated":true}]}}