{"id":3322,"date":"2019-08-23T11:17:41","date_gmt":"2019-08-23T09:17:41","guid":{"rendered":"https:\/\/www.samoens.com\/?page_id=3322"},"modified":"2019-08-23T11:17:41","modified_gmt":"2019-08-23T09:17:41","slug":"skigebied-samoens-winteractiviteiten-met-het-gezin","status":"publish","type":"page","link":"https:\/\/www.samoens.com\/nl\/skigebied-samoens-winteractiviteiten-met-het-gezin\/","title":{"rendered":"Skigebied Samo\u00ebns: winteractiviteiten met het gezin"},"content":{"rendered":"<div class=\"wpb-content-wrapper\"><p>[vc_row][vc_column][vc_column_text]Winter betekent niet alleen ski\u00ebn, het vakantieoord Samo\u00ebns biedt talloze winteractiviteiten met het gezin.<\/p>\n<p>Charmant dorp het hele jaar bewoond, Samo\u00ebns biedt de bezoeker vele activiteiten om te blijven vermaken na ski\u00ebn en sneeuw: ijsbaan, bioscoop, bibliotheek &#8230; Of proeverijen voor fijnproevers!<\/p>\n<p>Koppel je ski&#8217;s los en rijd met je stam op een slee! Verschillende tracks zijn beschikbaar rond Samo\u00ebns op de sites van Fer-\u00e0-Cheval en de Joux Plane pass. Een andere activiteit om de Alpen op een speelse en originele manier in familie te ontdekken: de verschillende slee\u00ebn. Ze duren ongeveer 30 minuten en zullen jong en oud verrukken. Dit is ook het geval voor ponyrijden en slee ponyrijden. De ski-joering bestaat ondertussen uit het trekken door een paard met een star frame, terwijl hij skiet. Tijdens deze familiewinteractiviteiten zult u genieten van de betoverende omgeving van een prachtig pad in de vlakte van Morillon, tegenover de Criou, langs de langlaufloipes. Ontdek ten slotte het plezier van een wandeling, zittend in de slee aangedreven door een musher!<\/p>\n<h2>Workshops en culturele activiteiten met het gezin in Samo\u00ebns<\/h2>\n<p>De stad Samo\u00ebns biedt ook het hele gezin twee ijsbanen om te genieten van het plezier om in alle rust te ski\u00ebn. Tijdens het winterseizoen worden ook workshops georganiseerd. Ze bieden verschillende soorten demonstratie, confectie of initiaties om te maken en te cre\u00ebren. Perfect voor alle generaties kunstenaars en kunstliefhebbers! Tot slot, voor degenen die een moment warm willen doorbrengen, verwelkomen de bioscoop en de mediabibliotheek u voor een moment van cultuur![\/vc_column_text][\/vc_column][\/vc_row]<\/p>\n<\/div>","protected":false},"excerpt":{"rendered":"<p>[vc_row][vc_column][vc_column_text]Winter betekent niet alleen ski\u00ebn, het vakantieoord Samo\u00ebns biedt talloze winteractiviteiten met het gezin. Charmant dorp het hele jaar bewoond, Samo\u00ebns biedt de bezoeker vele activiteiten om te blijven vermaken na ski\u00ebn en sneeuw: ijsbaan, bioscoop, bibliotheek &#8230; Of proeverijen voor fijnproevers! Koppel je ski&#8217;s los en rijd met je stam op een slee! Verschillende [&hellip;]<\/p>\n","protected":false},"author":2,"featured_media":0,"parent":0,"menu_order":0,"comment_status":"closed","ping_status":"closed","template":"","meta":{"_acf_changed":false,"footnotes":""},"class_list":["post-3322","page","type-page","status-publish","hentry"],"acf":[],"yoast_head":"<!-- This site is optimized with the Yoast SEO plugin v27.2 - https:\/\/yoast.com\/product\/yoast-seo-wordpress\/ -->\n<title>Skigebied Samo\u00ebns: winteractiviteiten met het gezin Samo\u00ebns, station de ski et village authentique en Haute-Savoie<\/title>\n<meta name=\"robots\" content=\"index, follow, max-snippet:-1, max-image-preview:large, max-video-preview:-1\" \/>\n<link rel=\"canonical\" href=\"https:\/\/www.samoens.com\/nl\/skigebied-samoens-winteractiviteiten-met-het-gezin\/\" \/>\n<meta property=\"og:locale\" content=\"nl_NL\" \/>\n<meta property=\"og:type\" content=\"article\" \/>\n<meta property=\"og:title\" content=\"Skigebied Samo\u00ebns: winteractiviteiten met het gezin Samo\u00ebns, station de ski et village authentique en Haute-Savoie\" \/>\n<meta property=\"og:description\" content=\"[vc_row][vc_column][vc_column_text]Winter betekent niet alleen ski\u00ebn, het vakantieoord Samo\u00ebns biedt talloze winteractiviteiten met het gezin. Charmant dorp het hele jaar bewoond, Samo\u00ebns biedt de bezoeker vele activiteiten om te blijven vermaken na ski\u00ebn en sneeuw: ijsbaan, bioscoop, bibliotheek &#8230; Of proeverijen voor fijnproevers! Koppel je ski&#8217;s los en rijd met je stam op een slee! Verschillende [&hellip;]\" \/>\n<meta property=\"og:url\" content=\"https:\/\/www.samoens.com\/nl\/skigebied-samoens-winteractiviteiten-met-het-gezin\/\" \/>\n<meta property=\"og:site_name\" content=\"Samo\u00ebns, station de ski et village authentique en Haute-Savoie\" \/>\n<meta name=\"twitter:card\" content=\"summary_large_image\" \/>\n<meta name=\"twitter:label1\" content=\"Geschatte leestijd\" \/>\n\t<meta name=\"twitter:data1\" content=\"1 minuut\" \/>\n<script type=\"application\/ld+json\" class=\"yoast-schema-graph\">{\"@context\":\"https:\/\/schema.org\",\"@graph\":[{\"@type\":\"WebPage\",\"@id\":\"https:\/\/www.samoens.com\/nl\/skigebied-samoens-winteractiviteiten-met-het-gezin\/\",\"url\":\"https:\/\/www.samoens.com\/nl\/skigebied-samoens-winteractiviteiten-met-het-gezin\/\",\"name\":\"Skigebied Samo\u00ebns: winteractiviteiten met het gezin Samo\u00ebns, station de ski et village authentique en Haute-Savoie\",\"isPartOf\":{\"@id\":\"https:\/\/www.samoens.com\/#website\"},\"datePublished\":\"2019-08-23T09:17:41+00:00\",\"breadcrumb\":{\"@id\":\"https:\/\/www.samoens.com\/nl\/skigebied-samoens-winteractiviteiten-met-het-gezin\/#breadcrumb\"},\"inLanguage\":\"nl-NL\",\"potentialAction\":[{\"@type\":\"ReadAction\",\"target\":[\"https:\/\/www.samoens.com\/nl\/skigebied-samoens-winteractiviteiten-met-het-gezin\/\"]}]},{\"@type\":\"BreadcrumbList\",\"@id\":\"https:\/\/www.samoens.com\/nl\/skigebied-samoens-winteractiviteiten-met-het-gezin\/#breadcrumb\",\"itemListElement\":[{\"@type\":\"ListItem\",\"position\":1,\"name\":\"Accueil\",\"item\":\"https:\/\/www.samoens.com\/nl\/\"},{\"@type\":\"ListItem\",\"position\":2,\"name\":\"Skigebied Samo\u00ebns: winteractiviteiten met het gezin\"}]},{\"@type\":\"WebSite\",\"@id\":\"https:\/\/www.samoens.com\/#website\",\"url\":\"https:\/\/www.samoens.com\/\",\"name\":\"Samo\u00ebns, station de ski et village authentique en Haute-Savoie\",\"description\":\"Nich\u00e9e au coeur du domaine skiable du Grand Massif et \u00e0 moins d&#039;1h de Gen\u00e8ve, Samo\u00ebns rendra vos vacances inoubliables en \u00e9t\u00e9 comme en hiver\",\"potentialAction\":[{\"@type\":\"SearchAction\",\"target\":{\"@type\":\"EntryPoint\",\"urlTemplate\":\"https:\/\/www.samoens.com\/?s={search_term_string}\"},\"query-input\":{\"@type\":\"PropertyValueSpecification\",\"valueRequired\":true,\"valueName\":\"search_term_string\"}}],\"inLanguage\":\"nl-NL\"}]}<\/script>\n<!-- \/ Yoast SEO plugin. -->","yoast_head_json":{"title":"Skigebied Samo\u00ebns: winteractiviteiten met het gezin Samo\u00ebns, station de ski et village authentique en Haute-Savoie","robots":{"index":"index","follow":"follow","max-snippet":"max-snippet:-1","max-image-preview":"max-image-preview:large","max-video-preview":"max-video-preview:-1"},"canonical":"https:\/\/www.samoens.com\/nl\/skigebied-samoens-winteractiviteiten-met-het-gezin\/","og_locale":"nl_NL","og_type":"article","og_title":"Skigebied Samo\u00ebns: winteractiviteiten met het gezin Samo\u00ebns, station de ski et village authentique en Haute-Savoie","og_description":"[vc_row][vc_column][vc_column_text]Winter betekent niet alleen ski\u00ebn, het vakantieoord Samo\u00ebns biedt talloze winteractiviteiten met het gezin. Charmant dorp het hele jaar bewoond, Samo\u00ebns biedt de bezoeker vele activiteiten om te blijven vermaken na ski\u00ebn en sneeuw: ijsbaan, bioscoop, bibliotheek &#8230; Of proeverijen voor fijnproevers! Koppel je ski&#8217;s los en rijd met je stam op een slee! Verschillende [&hellip;]","og_url":"https:\/\/www.samoens.com\/nl\/skigebied-samoens-winteractiviteiten-met-het-gezin\/","og_site_name":"Samo\u00ebns, station de ski et village authentique en Haute-Savoie","twitter_card":"summary_large_image","twitter_misc":{"Geschatte leestijd":"1 minuut"},"schema":{"@context":"https:\/\/schema.org","@graph":[{"@type":"WebPage","@id":"https:\/\/www.samoens.com\/nl\/skigebied-samoens-winteractiviteiten-met-het-gezin\/","url":"https:\/\/www.samoens.com\/nl\/skigebied-samoens-winteractiviteiten-met-het-gezin\/","name":"Skigebied Samo\u00ebns: winteractiviteiten met het gezin Samo\u00ebns, station de ski et village authentique en Haute-Savoie","isPartOf":{"@id":"https:\/\/www.samoens.com\/#website"},"datePublished":"2019-08-23T09:17:41+00:00","breadcrumb":{"@id":"https:\/\/www.samoens.com\/nl\/skigebied-samoens-winteractiviteiten-met-het-gezin\/#breadcrumb"},"inLanguage":"nl-NL","potentialAction":[{"@type":"ReadAction","target":["https:\/\/www.samoens.com\/nl\/skigebied-samoens-winteractiviteiten-met-het-gezin\/"]}]},{"@type":"BreadcrumbList","@id":"https:\/\/www.samoens.com\/nl\/skigebied-samoens-winteractiviteiten-met-het-gezin\/#breadcrumb","itemListElement":[{"@type":"ListItem","position":1,"name":"Accueil","item":"https:\/\/www.samoens.com\/nl\/"},{"@type":"ListItem","position":2,"name":"Skigebied Samo\u00ebns: winteractiviteiten met het gezin"}]},{"@type":"WebSite","@id":"https:\/\/www.samoens.com\/#website","url":"https:\/\/www.samoens.com\/","name":"Samo\u00ebns, station de ski et village authentique en Haute-Savoie","description":"Nich\u00e9e au coeur du domaine skiable du Grand Massif et \u00e0 moins d&#039;1h de Gen\u00e8ve, Samo\u00ebns rendra vos vacances inoubliables en \u00e9t\u00e9 comme en hiver","potentialAction":[{"@type":"SearchAction","target":{"@type":"EntryPoint","urlTemplate":"https:\/\/www.samoens.com\/?s={search_term_string}"},"query-input":{"@type":"PropertyValueSpecification","valueRequired":true,"valueName":"search_term_string"}}],"inLanguage":"nl-NL"}]}},"_links":{"self":[{"href":"https:\/\/www.samoens.com\/nl\/wp-json\/wp\/v2\/pages\/3322","targetHints":{"allow":["GET"]}}],"collection":[{"href":"https:\/\/www.samoens.com\/nl\/wp-json\/wp\/v2\/pages"}],"about":[{"href":"https:\/\/www.samoens.com\/nl\/wp-json\/wp\/v2\/types\/page"}],"author":[{"embeddable":true,"href":"https:\/\/www.samoens.com\/nl\/wp-json\/wp\/v2\/users\/2"}],"replies":[{"embeddable":true,"href":"https:\/\/www.samoens.com\/nl\/wp-json\/wp\/v2\/comments?post=3322"}],"version-history":[{"count":0,"href":"https:\/\/www.samoens.com\/nl\/wp-json\/wp\/v2\/pages\/3322\/revisions"}],"wp:attachment":[{"href":"https:\/\/www.samoens.com\/nl\/wp-json\/wp\/v2\/media?parent=3322"}],"curies":[{"name":"wp","href":"https:\/\/api.w.org\/{rel}","templated":true}]}}