{"id":3311,"date":"2019-08-23T11:04:52","date_gmt":"2019-08-23T09:04:52","guid":{"rendered":"https:\/\/www.samoens.com\/?page_id=3311"},"modified":"2019-08-23T11:07:06","modified_gmt":"2019-08-23T09:07:06","slug":"sorties-accompagnees-velo-de-route","status":"publish","type":"page","link":"https:\/\/www.samoens.com\/nl\/zomeractiviteiten\/2-wielen\/racefiets\/sorties-accompagnees-velo-de-route\/","title":{"rendered":"Uitstapjes begeleid racefiets"},"content":{"rendered":"<div class=\"wpb-content-wrapper\"><p>[vc_row][vc_column][vc_column_text]Ontdek met een professional, de wegen en de onvermijdelijke passen van Samo\u00ebns. Hier is de Joux-Plane Pass, op een hoogte van 1.700 meter, de benchmark voor doorgewinterde wielrenners die een legendarische pass op hun track record willen zetten. Vele malen doorkruist door de hardlopers van de Tour de France, maakt zijn beklimming vanuit Samo\u00ebns het mogelijk om een \u200b\u200bprachtig balkon te lopen open op de vallei en het Mont-Blanc-massief. De Joux-vliegtuigpas wordt ook erkend als een van de zes grote passen van de Franse massieven met Galibier, Izoard, de klim naar Alpe d&#8217;Huez, Mont Ventoux en Tourmalet.[\/vc_column_text][\/vc_column][\/vc_row]<\/p>\n<\/div>","protected":false},"excerpt":{"rendered":"<p>[vc_row][vc_column][vc_column_text]Ontdek met een professional, de wegen en de onvermijdelijke passen van Samo\u00ebns. Hier is de Joux-Plane Pass, op een hoogte van 1.700 meter, de benchmark voor doorgewinterde wielrenners die een legendarische pass op hun track record willen zetten. Vele malen doorkruist door de hardlopers van de Tour de France, maakt zijn beklimming vanuit Samo\u00ebns het [&hellip;]<\/p>\n","protected":false},"author":2,"featured_media":0,"parent":3355,"menu_order":1,"comment_status":"closed","ping_status":"closed","template":"template-liste-apidae.php","meta":{"_acf_changed":false,"footnotes":""},"class_list":["post-3311","page","type-page","status-publish","hentry"],"acf":[],"yoast_head":"<!-- This site is optimized with the Yoast SEO plugin v27.2 - https:\/\/yoast.com\/product\/yoast-seo-wordpress\/ -->\n<title>Uitstapjes begeleid racefiets Samo\u00ebns, station de ski et village authentique en Haute-Savoie<\/title>\n<meta name=\"robots\" content=\"index, follow, max-snippet:-1, max-image-preview:large, max-video-preview:-1\" \/>\n<link rel=\"canonical\" href=\"https:\/\/www.samoens.com\/nl\/zomeractiviteiten\/2-wielen\/racefiets\/sorties-accompagnees-velo-de-route\/\" \/>\n<meta property=\"og:locale\" content=\"nl_NL\" \/>\n<meta property=\"og:type\" content=\"article\" \/>\n<meta property=\"og:title\" content=\"Uitstapjes begeleid racefiets Samo\u00ebns, station de ski et village authentique en Haute-Savoie\" \/>\n<meta property=\"og:description\" content=\"[vc_row][vc_column][vc_column_text]Ontdek met een professional, de wegen en de onvermijdelijke passen van Samo\u00ebns. Hier is de Joux-Plane Pass, op een hoogte van 1.700 meter, de benchmark voor doorgewinterde wielrenners die een legendarische pass op hun track record willen zetten. Vele malen doorkruist door de hardlopers van de Tour de France, maakt zijn beklimming vanuit Samo\u00ebns het [&hellip;]\" \/>\n<meta property=\"og:url\" content=\"https:\/\/www.samoens.com\/nl\/zomeractiviteiten\/2-wielen\/racefiets\/sorties-accompagnees-velo-de-route\/\" \/>\n<meta property=\"og:site_name\" content=\"Samo\u00ebns, station de ski et village authentique en Haute-Savoie\" \/>\n<meta property=\"article:modified_time\" content=\"2019-08-23T09:07:06+00:00\" \/>\n<meta name=\"twitter:card\" content=\"summary_large_image\" \/>\n<meta name=\"twitter:label1\" content=\"Geschatte leestijd\" \/>\n\t<meta name=\"twitter:data1\" content=\"1 minuut\" \/>\n<script type=\"application\/ld+json\" class=\"yoast-schema-graph\">{\"@context\":\"https:\/\/schema.org\",\"@graph\":[{\"@type\":\"WebPage\",\"@id\":\"https:\/\/www.samoens.com\/nl\/zomeractiviteiten\/2-wielen\/racefiets\/sorties-accompagnees-velo-de-route\/\",\"url\":\"https:\/\/www.samoens.com\/nl\/zomeractiviteiten\/2-wielen\/racefiets\/sorties-accompagnees-velo-de-route\/\",\"name\":\"Uitstapjes begeleid racefiets Samo\u00ebns, station de ski et village authentique en Haute-Savoie\",\"isPartOf\":{\"@id\":\"https:\/\/www.samoens.com\/#website\"},\"datePublished\":\"2019-08-23T09:04:52+00:00\",\"dateModified\":\"2019-08-23T09:07:06+00:00\",\"breadcrumb\":{\"@id\":\"https:\/\/www.samoens.com\/nl\/zomeractiviteiten\/2-wielen\/racefiets\/sorties-accompagnees-velo-de-route\/#breadcrumb\"},\"inLanguage\":\"nl-NL\",\"potentialAction\":[{\"@type\":\"ReadAction\",\"target\":[\"https:\/\/www.samoens.com\/nl\/zomeractiviteiten\/2-wielen\/racefiets\/sorties-accompagnees-velo-de-route\/\"]}]},{\"@type\":\"BreadcrumbList\",\"@id\":\"https:\/\/www.samoens.com\/nl\/zomeractiviteiten\/2-wielen\/racefiets\/sorties-accompagnees-velo-de-route\/#breadcrumb\",\"itemListElement\":[{\"@type\":\"ListItem\",\"position\":1,\"name\":\"Accueil\",\"item\":\"https:\/\/www.samoens.com\/nl\/\"},{\"@type\":\"ListItem\",\"position\":2,\"name\":\"Racefiets\",\"item\":\"https:\/\/www.samoens.com\/nl\/zomeractiviteiten\/2-wielen\/racefiets\/\"},{\"@type\":\"ListItem\",\"position\":3,\"name\":\"2 wielen\",\"item\":\"https:\/\/www.samoens.com\/nl\/zomeractiviteiten\/2-wielen\/\"},{\"@type\":\"ListItem\",\"position\":4,\"name\":\"zomeractiviteiten\",\"item\":\"https:\/\/www.samoens.com\/nl\/zomeractiviteiten\/\"},{\"@type\":\"ListItem\",\"position\":5,\"name\":\"Uitstapjes begeleid racefiets\"}]},{\"@type\":\"WebSite\",\"@id\":\"https:\/\/www.samoens.com\/#website\",\"url\":\"https:\/\/www.samoens.com\/\",\"name\":\"Samo\u00ebns, station de ski et village authentique en Haute-Savoie\",\"description\":\"Nich\u00e9e au coeur du domaine skiable du Grand Massif et \u00e0 moins d&#039;1h de Gen\u00e8ve, Samo\u00ebns rendra vos vacances inoubliables en \u00e9t\u00e9 comme en hiver\",\"potentialAction\":[{\"@type\":\"SearchAction\",\"target\":{\"@type\":\"EntryPoint\",\"urlTemplate\":\"https:\/\/www.samoens.com\/?s={search_term_string}\"},\"query-input\":{\"@type\":\"PropertyValueSpecification\",\"valueRequired\":true,\"valueName\":\"search_term_string\"}}],\"inLanguage\":\"nl-NL\"}]}<\/script>\n<!-- \/ Yoast SEO plugin. -->","yoast_head_json":{"title":"Uitstapjes begeleid racefiets Samo\u00ebns, station de ski et village authentique en Haute-Savoie","robots":{"index":"index","follow":"follow","max-snippet":"max-snippet:-1","max-image-preview":"max-image-preview:large","max-video-preview":"max-video-preview:-1"},"canonical":"https:\/\/www.samoens.com\/nl\/zomeractiviteiten\/2-wielen\/racefiets\/sorties-accompagnees-velo-de-route\/","og_locale":"nl_NL","og_type":"article","og_title":"Uitstapjes begeleid racefiets Samo\u00ebns, station de ski et village authentique en Haute-Savoie","og_description":"[vc_row][vc_column][vc_column_text]Ontdek met een professional, de wegen en de onvermijdelijke passen van Samo\u00ebns. Hier is de Joux-Plane Pass, op een hoogte van 1.700 meter, de benchmark voor doorgewinterde wielrenners die een legendarische pass op hun track record willen zetten. Vele malen doorkruist door de hardlopers van de Tour de France, maakt zijn beklimming vanuit Samo\u00ebns het [&hellip;]","og_url":"https:\/\/www.samoens.com\/nl\/zomeractiviteiten\/2-wielen\/racefiets\/sorties-accompagnees-velo-de-route\/","og_site_name":"Samo\u00ebns, station de ski et village authentique en Haute-Savoie","article_modified_time":"2019-08-23T09:07:06+00:00","twitter_card":"summary_large_image","twitter_misc":{"Geschatte leestijd":"1 minuut"},"schema":{"@context":"https:\/\/schema.org","@graph":[{"@type":"WebPage","@id":"https:\/\/www.samoens.com\/nl\/zomeractiviteiten\/2-wielen\/racefiets\/sorties-accompagnees-velo-de-route\/","url":"https:\/\/www.samoens.com\/nl\/zomeractiviteiten\/2-wielen\/racefiets\/sorties-accompagnees-velo-de-route\/","name":"Uitstapjes begeleid racefiets Samo\u00ebns, station de ski et village authentique en Haute-Savoie","isPartOf":{"@id":"https:\/\/www.samoens.com\/#website"},"datePublished":"2019-08-23T09:04:52+00:00","dateModified":"2019-08-23T09:07:06+00:00","breadcrumb":{"@id":"https:\/\/www.samoens.com\/nl\/zomeractiviteiten\/2-wielen\/racefiets\/sorties-accompagnees-velo-de-route\/#breadcrumb"},"inLanguage":"nl-NL","potentialAction":[{"@type":"ReadAction","target":["https:\/\/www.samoens.com\/nl\/zomeractiviteiten\/2-wielen\/racefiets\/sorties-accompagnees-velo-de-route\/"]}]},{"@type":"BreadcrumbList","@id":"https:\/\/www.samoens.com\/nl\/zomeractiviteiten\/2-wielen\/racefiets\/sorties-accompagnees-velo-de-route\/#breadcrumb","itemListElement":[{"@type":"ListItem","position":1,"name":"Accueil","item":"https:\/\/www.samoens.com\/nl\/"},{"@type":"ListItem","position":2,"name":"Racefiets","item":"https:\/\/www.samoens.com\/nl\/zomeractiviteiten\/2-wielen\/racefiets\/"},{"@type":"ListItem","position":3,"name":"2 wielen","item":"https:\/\/www.samoens.com\/nl\/zomeractiviteiten\/2-wielen\/"},{"@type":"ListItem","position":4,"name":"zomeractiviteiten","item":"https:\/\/www.samoens.com\/nl\/zomeractiviteiten\/"},{"@type":"ListItem","position":5,"name":"Uitstapjes begeleid racefiets"}]},{"@type":"WebSite","@id":"https:\/\/www.samoens.com\/#website","url":"https:\/\/www.samoens.com\/","name":"Samo\u00ebns, station de ski et village authentique en Haute-Savoie","description":"Nich\u00e9e au coeur du domaine skiable du Grand Massif et \u00e0 moins d&#039;1h de Gen\u00e8ve, Samo\u00ebns rendra vos vacances inoubliables en \u00e9t\u00e9 comme en hiver","potentialAction":[{"@type":"SearchAction","target":{"@type":"EntryPoint","urlTemplate":"https:\/\/www.samoens.com\/?s={search_term_string}"},"query-input":{"@type":"PropertyValueSpecification","valueRequired":true,"valueName":"search_term_string"}}],"inLanguage":"nl-NL"}]}},"_links":{"self":[{"href":"https:\/\/www.samoens.com\/nl\/wp-json\/wp\/v2\/pages\/3311","targetHints":{"allow":["GET"]}}],"collection":[{"href":"https:\/\/www.samoens.com\/nl\/wp-json\/wp\/v2\/pages"}],"about":[{"href":"https:\/\/www.samoens.com\/nl\/wp-json\/wp\/v2\/types\/page"}],"author":[{"embeddable":true,"href":"https:\/\/www.samoens.com\/nl\/wp-json\/wp\/v2\/users\/2"}],"replies":[{"embeddable":true,"href":"https:\/\/www.samoens.com\/nl\/wp-json\/wp\/v2\/comments?post=3311"}],"version-history":[{"count":0,"href":"https:\/\/www.samoens.com\/nl\/wp-json\/wp\/v2\/pages\/3311\/revisions"}],"up":[{"embeddable":true,"href":"https:\/\/www.samoens.com\/nl\/wp-json\/wp\/v2\/pages\/3355"}],"wp:attachment":[{"href":"https:\/\/www.samoens.com\/nl\/wp-json\/wp\/v2\/media?parent=3311"}],"curies":[{"name":"wp","href":"https:\/\/api.w.org\/{rel}","templated":true}]}}