{"id":3211,"date":"2019-08-21T11:49:14","date_gmt":"2019-08-21T09:49:14","guid":{"rendered":"https:\/\/www.samoens.com\/?page_id=3211"},"modified":"2019-08-21T11:53:42","modified_gmt":"2019-08-21T09:53:42","slug":"geleide-wandelingen","status":"publish","type":"page","link":"https:\/\/www.samoens.com\/nl\/zomeractiviteiten\/wandelen\/geleide-wandelingen\/","title":{"rendered":"Geleide wandelingen"},"content":{"rendered":"<div class=\"wpb-content-wrapper\"><p>[vc_row][vc_column][vc_column_text]<\/p>\n<h2>Met een escort of een gids: veiligheid en kennis van het terrein<\/h2>\n<p>In Samo\u00ebns staan \u200b\u200bde gidsen of professionele gidsen (afgestudeerden van de staat) zomer en winter tot uw beschikking om u de vallei en zijn eigenaardigheden te laten ontdekken. Deze professionals hebben kennis van de bergomgeving en de verschillende thema&#8217;s, ze kunnen bijvoorbeeld de wandeling verfraaien van anekdotes die verband houden met de regio. Ze brengen ook hun ervaring op het gebied van veiligheid en waarschuwen: &#8220;We hebben elk jaar mensen die ons vertellen dat we de ramp hebben benaderd omdat we op wandelingen zijn gegaan zonder het terrein te kennen. Met een gids raak je niet verdwaald! &#8220;We gaan er op een meer serene manier naartoe, we kennen de belangrijkste passages en we specificeren de juiste apparatuur&#8221;. Hij zal ook in staat zijn om uw verzoek te richten en zal u een gepersonaliseerde wandeling kunnen aanbieden op basis van uw verwachtingen en uw fysieke mogelijkheden.[\/vc_column_text][\/vc_column][\/vc_row]<\/p>\n<\/div>","protected":false},"excerpt":{"rendered":"<p>[vc_row][vc_column][vc_column_text] Met een escort of een gids: veiligheid en kennis van het terrein In Samo\u00ebns staan \u200b\u200bde gidsen of professionele gidsen (afgestudeerden van de staat) zomer en winter tot uw beschikking om u de vallei en zijn eigenaardigheden te laten ontdekken. Deze professionals hebben kennis van de bergomgeving en de verschillende thema&#8217;s, ze kunnen bijvoorbeeld [&hellip;]<\/p>\n","protected":false},"author":2,"featured_media":0,"parent":3201,"menu_order":2,"comment_status":"closed","ping_status":"closed","template":"template-liste-apidae.php","meta":{"_acf_changed":false,"footnotes":""},"class_list":["post-3211","page","type-page","status-publish","hentry"],"acf":[],"yoast_head":"<!-- This site is optimized with the Yoast SEO plugin v27.5 - https:\/\/yoast.com\/product\/yoast-seo-wordpress\/ -->\n<title>Geleide wandelingen Samo\u00ebns, station de ski et village authentique en Haute-Savoie<\/title>\n<meta name=\"robots\" content=\"index, follow, max-snippet:-1, max-image-preview:large, max-video-preview:-1\" \/>\n<link rel=\"canonical\" href=\"https:\/\/www.samoens.com\/nl\/zomeractiviteiten\/wandelen\/geleide-wandelingen\/\" \/>\n<meta property=\"og:locale\" content=\"nl_NL\" \/>\n<meta property=\"og:type\" content=\"article\" \/>\n<meta property=\"og:title\" content=\"Geleide wandelingen Samo\u00ebns, station de ski et village authentique en Haute-Savoie\" \/>\n<meta property=\"og:description\" content=\"[vc_row][vc_column][vc_column_text] Met een escort of een gids: veiligheid en kennis van het terrein In Samo\u00ebns staan \u200b\u200bde gidsen of professionele gidsen (afgestudeerden van de staat) zomer en winter tot uw beschikking om u de vallei en zijn eigenaardigheden te laten ontdekken. Deze professionals hebben kennis van de bergomgeving en de verschillende thema&#8217;s, ze kunnen bijvoorbeeld [&hellip;]\" \/>\n<meta property=\"og:url\" content=\"https:\/\/www.samoens.com\/nl\/zomeractiviteiten\/wandelen\/geleide-wandelingen\/\" \/>\n<meta property=\"og:site_name\" content=\"Samo\u00ebns, station de ski et village authentique en Haute-Savoie\" \/>\n<meta property=\"article:modified_time\" content=\"2019-08-21T09:53:42+00:00\" \/>\n<meta name=\"twitter:card\" content=\"summary_large_image\" \/>\n<meta name=\"twitter:label1\" content=\"Geschatte leestijd\" \/>\n\t<meta name=\"twitter:data1\" content=\"1 minuut\" \/>\n<script type=\"application\/ld+json\" class=\"yoast-schema-graph\">{\"@context\":\"https:\\\/\\\/schema.org\",\"@graph\":[{\"@type\":\"WebPage\",\"@id\":\"https:\\\/\\\/www.samoens.com\\\/nl\\\/zomeractiviteiten\\\/wandelen\\\/geleide-wandelingen\\\/\",\"url\":\"https:\\\/\\\/www.samoens.com\\\/nl\\\/zomeractiviteiten\\\/wandelen\\\/geleide-wandelingen\\\/\",\"name\":\"Geleide wandelingen Samo\u00ebns, station de ski et village authentique en Haute-Savoie\",\"isPartOf\":{\"@id\":\"https:\\\/\\\/www.samoens.com\\\/#website\"},\"datePublished\":\"2019-08-21T09:49:14+00:00\",\"dateModified\":\"2019-08-21T09:53:42+00:00\",\"breadcrumb\":{\"@id\":\"https:\\\/\\\/www.samoens.com\\\/nl\\\/zomeractiviteiten\\\/wandelen\\\/geleide-wandelingen\\\/#breadcrumb\"},\"inLanguage\":\"nl-NL\",\"potentialAction\":[{\"@type\":\"ReadAction\",\"target\":[\"https:\\\/\\\/www.samoens.com\\\/nl\\\/zomeractiviteiten\\\/wandelen\\\/geleide-wandelingen\\\/\"]}]},{\"@type\":\"BreadcrumbList\",\"@id\":\"https:\\\/\\\/www.samoens.com\\\/nl\\\/zomeractiviteiten\\\/wandelen\\\/geleide-wandelingen\\\/#breadcrumb\",\"itemListElement\":[{\"@type\":\"ListItem\",\"position\":1,\"name\":\"Accueil\",\"item\":\"https:\\\/\\\/www.samoens.com\\\/nl\\\/\"},{\"@type\":\"ListItem\",\"position\":2,\"name\":\"Wandelen\",\"item\":\"https:\\\/\\\/www.samoens.com\\\/nl\\\/zomeractiviteiten\\\/wandelen\\\/\"},{\"@type\":\"ListItem\",\"position\":3,\"name\":\"zomeractiviteiten\",\"item\":\"https:\\\/\\\/www.samoens.com\\\/nl\\\/zomeractiviteiten\\\/\"},{\"@type\":\"ListItem\",\"position\":4,\"name\":\"Geleide wandelingen\"}]},{\"@type\":\"WebSite\",\"@id\":\"https:\\\/\\\/www.samoens.com\\\/#website\",\"url\":\"https:\\\/\\\/www.samoens.com\\\/\",\"name\":\"Samo\u00ebns, station de ski et village authentique en Haute-Savoie\",\"description\":\"Nich\u00e9e au coeur du domaine skiable du Grand Massif et \u00e0 moins d&#039;1h de Gen\u00e8ve, Samo\u00ebns rendra vos vacances inoubliables en \u00e9t\u00e9 comme en hiver\",\"potentialAction\":[{\"@type\":\"SearchAction\",\"target\":{\"@type\":\"EntryPoint\",\"urlTemplate\":\"https:\\\/\\\/www.samoens.com\\\/?s={search_term_string}\"},\"query-input\":{\"@type\":\"PropertyValueSpecification\",\"valueRequired\":true,\"valueName\":\"search_term_string\"}}],\"inLanguage\":\"nl-NL\"}]}<\/script>\n<!-- \/ Yoast SEO plugin. -->","yoast_head_json":{"title":"Geleide wandelingen Samo\u00ebns, station de ski et village authentique en Haute-Savoie","robots":{"index":"index","follow":"follow","max-snippet":"max-snippet:-1","max-image-preview":"max-image-preview:large","max-video-preview":"max-video-preview:-1"},"canonical":"https:\/\/www.samoens.com\/nl\/zomeractiviteiten\/wandelen\/geleide-wandelingen\/","og_locale":"nl_NL","og_type":"article","og_title":"Geleide wandelingen Samo\u00ebns, station de ski et village authentique en Haute-Savoie","og_description":"[vc_row][vc_column][vc_column_text] Met een escort of een gids: veiligheid en kennis van het terrein In Samo\u00ebns staan \u200b\u200bde gidsen of professionele gidsen (afgestudeerden van de staat) zomer en winter tot uw beschikking om u de vallei en zijn eigenaardigheden te laten ontdekken. Deze professionals hebben kennis van de bergomgeving en de verschillende thema&#8217;s, ze kunnen bijvoorbeeld [&hellip;]","og_url":"https:\/\/www.samoens.com\/nl\/zomeractiviteiten\/wandelen\/geleide-wandelingen\/","og_site_name":"Samo\u00ebns, station de ski et village authentique en Haute-Savoie","article_modified_time":"2019-08-21T09:53:42+00:00","twitter_card":"summary_large_image","twitter_misc":{"Geschatte leestijd":"1 minuut"},"schema":{"@context":"https:\/\/schema.org","@graph":[{"@type":"WebPage","@id":"https:\/\/www.samoens.com\/nl\/zomeractiviteiten\/wandelen\/geleide-wandelingen\/","url":"https:\/\/www.samoens.com\/nl\/zomeractiviteiten\/wandelen\/geleide-wandelingen\/","name":"Geleide wandelingen Samo\u00ebns, station de ski et village authentique en Haute-Savoie","isPartOf":{"@id":"https:\/\/www.samoens.com\/#website"},"datePublished":"2019-08-21T09:49:14+00:00","dateModified":"2019-08-21T09:53:42+00:00","breadcrumb":{"@id":"https:\/\/www.samoens.com\/nl\/zomeractiviteiten\/wandelen\/geleide-wandelingen\/#breadcrumb"},"inLanguage":"nl-NL","potentialAction":[{"@type":"ReadAction","target":["https:\/\/www.samoens.com\/nl\/zomeractiviteiten\/wandelen\/geleide-wandelingen\/"]}]},{"@type":"BreadcrumbList","@id":"https:\/\/www.samoens.com\/nl\/zomeractiviteiten\/wandelen\/geleide-wandelingen\/#breadcrumb","itemListElement":[{"@type":"ListItem","position":1,"name":"Accueil","item":"https:\/\/www.samoens.com\/nl\/"},{"@type":"ListItem","position":2,"name":"Wandelen","item":"https:\/\/www.samoens.com\/nl\/zomeractiviteiten\/wandelen\/"},{"@type":"ListItem","position":3,"name":"zomeractiviteiten","item":"https:\/\/www.samoens.com\/nl\/zomeractiviteiten\/"},{"@type":"ListItem","position":4,"name":"Geleide wandelingen"}]},{"@type":"WebSite","@id":"https:\/\/www.samoens.com\/#website","url":"https:\/\/www.samoens.com\/","name":"Samo\u00ebns, station de ski et village authentique en Haute-Savoie","description":"Nich\u00e9e au coeur du domaine skiable du Grand Massif et \u00e0 moins d&#039;1h de Gen\u00e8ve, Samo\u00ebns rendra vos vacances inoubliables en \u00e9t\u00e9 comme en hiver","potentialAction":[{"@type":"SearchAction","target":{"@type":"EntryPoint","urlTemplate":"https:\/\/www.samoens.com\/?s={search_term_string}"},"query-input":{"@type":"PropertyValueSpecification","valueRequired":true,"valueName":"search_term_string"}}],"inLanguage":"nl-NL"}]}},"_links":{"self":[{"href":"https:\/\/www.samoens.com\/nl\/wp-json\/wp\/v2\/pages\/3211","targetHints":{"allow":["GET"]}}],"collection":[{"href":"https:\/\/www.samoens.com\/nl\/wp-json\/wp\/v2\/pages"}],"about":[{"href":"https:\/\/www.samoens.com\/nl\/wp-json\/wp\/v2\/types\/page"}],"author":[{"embeddable":true,"href":"https:\/\/www.samoens.com\/nl\/wp-json\/wp\/v2\/users\/2"}],"replies":[{"embeddable":true,"href":"https:\/\/www.samoens.com\/nl\/wp-json\/wp\/v2\/comments?post=3211"}],"version-history":[{"count":1,"href":"https:\/\/www.samoens.com\/nl\/wp-json\/wp\/v2\/pages\/3211\/revisions"}],"predecessor-version":[{"id":556382,"href":"https:\/\/www.samoens.com\/nl\/wp-json\/wp\/v2\/pages\/3211\/revisions\/556382"}],"up":[{"embeddable":true,"href":"https:\/\/www.samoens.com\/nl\/wp-json\/wp\/v2\/pages\/3201"}],"wp:attachment":[{"href":"https:\/\/www.samoens.com\/nl\/wp-json\/wp\/v2\/media?parent=3211"}],"curies":[{"name":"wp","href":"https:\/\/api.w.org\/{rel}","templated":true}]}}