{"id":3206,"date":"2023-03-13T10:10:45","date_gmt":"2023-03-13T09:10:45","guid":{"rendered":"https:\/\/www.samoens.com\/?page_id=3206"},"modified":"2023-03-13T10:10:51","modified_gmt":"2023-03-13T09:10:51","slug":"wandelen-aan-het-einde-van-de-wereld","status":"publish","type":"page","link":"https:\/\/www.samoens.com\/nl\/zomeractiviteiten\/wandelen\/wandelen-aan-het-einde-van-de-wereld\/","title":{"rendered":"Wandelen aan het einde van de wereld"},"content":{"rendered":"<div class=\"wpb-content-wrapper\"><p>[vc_row][vc_column][vc_column_text]Als de reputatie van het Cirque du Fer-\u00e0-Cheval meer te doen is, is het echt te danken aan het onvergetelijke en imposante landschap dat het bezoekers biedt, naast zijn gemakkelijke toegang!<\/p>\n<p>Vanaf de parkeerplaats ontdekt u de watervallen die uit de imposante muren van het Cirque du Fer-\u00e0-Cheval stromen, evenals de Hoorn van Chamois, deze karakteristieke piekvormige berg, die u domineert vanaf zijn 2560 meter hoogte . Aan het einde van de lente, wanneer de sneeuw smelt (mei-juni), tellen we de meeste watervallen in de Cirque en in de vallei die naar de Bout du Monde leidt. Een onvergetelijke show![\/vc_column_text][\/vc_column][\/vc_row]<\/p>\n<\/div>","protected":false},"excerpt":{"rendered":"<p>[vc_row][vc_column][vc_column_text]Als de reputatie van het Cirque du Fer-\u00e0-Cheval meer te doen is, is het echt te danken aan het onvergetelijke en imposante landschap dat het bezoekers biedt, naast zijn gemakkelijke toegang! Vanaf de parkeerplaats ontdekt u de watervallen die uit de imposante muren van het Cirque du Fer-\u00e0-Cheval stromen, evenals de Hoorn van Chamois, deze [&hellip;]<\/p>\n","protected":false},"author":2,"featured_media":0,"parent":3201,"menu_order":1,"comment_status":"closed","ping_status":"closed","template":"","meta":{"_acf_changed":false,"footnotes":""},"class_list":["post-3206","page","type-page","status-publish","hentry"],"acf":[],"yoast_head":"<!-- This site is optimized with the Yoast SEO plugin v27.5 - https:\/\/yoast.com\/product\/yoast-seo-wordpress\/ -->\n<title>Wandelen aan het einde van de wereld Samo\u00ebns, station de ski et village authentique en Haute-Savoie<\/title>\n<meta name=\"robots\" content=\"index, follow, max-snippet:-1, max-image-preview:large, max-video-preview:-1\" \/>\n<link rel=\"canonical\" href=\"https:\/\/www.samoens.com\/nl\/zomeractiviteiten\/wandelen\/wandelen-aan-het-einde-van-de-wereld\/\" \/>\n<meta property=\"og:locale\" content=\"nl_NL\" \/>\n<meta property=\"og:type\" content=\"article\" \/>\n<meta property=\"og:title\" content=\"Wandelen aan het einde van de wereld Samo\u00ebns, station de ski et village authentique en Haute-Savoie\" \/>\n<meta property=\"og:description\" content=\"[vc_row][vc_column][vc_column_text]Als de reputatie van het Cirque du Fer-\u00e0-Cheval meer te doen is, is het echt te danken aan het onvergetelijke en imposante landschap dat het bezoekers biedt, naast zijn gemakkelijke toegang! Vanaf de parkeerplaats ontdekt u de watervallen die uit de imposante muren van het Cirque du Fer-\u00e0-Cheval stromen, evenals de Hoorn van Chamois, deze [&hellip;]\" \/>\n<meta property=\"og:url\" content=\"https:\/\/www.samoens.com\/nl\/zomeractiviteiten\/wandelen\/wandelen-aan-het-einde-van-de-wereld\/\" \/>\n<meta property=\"og:site_name\" content=\"Samo\u00ebns, station de ski et village authentique en Haute-Savoie\" \/>\n<meta property=\"article:modified_time\" content=\"2023-03-13T09:10:51+00:00\" \/>\n<meta name=\"twitter:card\" content=\"summary_large_image\" \/>\n<meta name=\"twitter:label1\" content=\"Geschatte leestijd\" \/>\n\t<meta name=\"twitter:data1\" content=\"1 minuut\" \/>\n<script type=\"application\/ld+json\" class=\"yoast-schema-graph\">{\"@context\":\"https:\\\/\\\/schema.org\",\"@graph\":[{\"@type\":\"WebPage\",\"@id\":\"https:\\\/\\\/www.samoens.com\\\/nl\\\/zomeractiviteiten\\\/wandelen\\\/wandelen-aan-het-einde-van-de-wereld\\\/\",\"url\":\"https:\\\/\\\/www.samoens.com\\\/nl\\\/zomeractiviteiten\\\/wandelen\\\/wandelen-aan-het-einde-van-de-wereld\\\/\",\"name\":\"Wandelen aan het einde van de wereld Samo\u00ebns, station de ski et village authentique en Haute-Savoie\",\"isPartOf\":{\"@id\":\"https:\\\/\\\/www.samoens.com\\\/#website\"},\"datePublished\":\"2023-03-13T09:10:45+00:00\",\"dateModified\":\"2023-03-13T09:10:51+00:00\",\"breadcrumb\":{\"@id\":\"https:\\\/\\\/www.samoens.com\\\/nl\\\/zomeractiviteiten\\\/wandelen\\\/wandelen-aan-het-einde-van-de-wereld\\\/#breadcrumb\"},\"inLanguage\":\"nl-NL\",\"potentialAction\":[{\"@type\":\"ReadAction\",\"target\":[\"https:\\\/\\\/www.samoens.com\\\/nl\\\/zomeractiviteiten\\\/wandelen\\\/wandelen-aan-het-einde-van-de-wereld\\\/\"]}]},{\"@type\":\"BreadcrumbList\",\"@id\":\"https:\\\/\\\/www.samoens.com\\\/nl\\\/zomeractiviteiten\\\/wandelen\\\/wandelen-aan-het-einde-van-de-wereld\\\/#breadcrumb\",\"itemListElement\":[{\"@type\":\"ListItem\",\"position\":1,\"name\":\"Accueil\",\"item\":\"https:\\\/\\\/www.samoens.com\\\/nl\\\/\"},{\"@type\":\"ListItem\",\"position\":2,\"name\":\"Wandelen\",\"item\":\"https:\\\/\\\/www.samoens.com\\\/nl\\\/zomeractiviteiten\\\/wandelen\\\/\"},{\"@type\":\"ListItem\",\"position\":3,\"name\":\"zomeractiviteiten\",\"item\":\"https:\\\/\\\/www.samoens.com\\\/nl\\\/zomeractiviteiten\\\/\"},{\"@type\":\"ListItem\",\"position\":4,\"name\":\"Wandelen aan het einde van de wereld\"}]},{\"@type\":\"WebSite\",\"@id\":\"https:\\\/\\\/www.samoens.com\\\/#website\",\"url\":\"https:\\\/\\\/www.samoens.com\\\/\",\"name\":\"Samo\u00ebns, station de ski et village authentique en Haute-Savoie\",\"description\":\"Nich\u00e9e au coeur du domaine skiable du Grand Massif et \u00e0 moins d&#039;1h de Gen\u00e8ve, Samo\u00ebns rendra vos vacances inoubliables en \u00e9t\u00e9 comme en hiver\",\"potentialAction\":[{\"@type\":\"SearchAction\",\"target\":{\"@type\":\"EntryPoint\",\"urlTemplate\":\"https:\\\/\\\/www.samoens.com\\\/?s={search_term_string}\"},\"query-input\":{\"@type\":\"PropertyValueSpecification\",\"valueRequired\":true,\"valueName\":\"search_term_string\"}}],\"inLanguage\":\"nl-NL\"}]}<\/script>\n<!-- \/ Yoast SEO plugin. -->","yoast_head_json":{"title":"Wandelen aan het einde van de wereld Samo\u00ebns, station de ski et village authentique en Haute-Savoie","robots":{"index":"index","follow":"follow","max-snippet":"max-snippet:-1","max-image-preview":"max-image-preview:large","max-video-preview":"max-video-preview:-1"},"canonical":"https:\/\/www.samoens.com\/nl\/zomeractiviteiten\/wandelen\/wandelen-aan-het-einde-van-de-wereld\/","og_locale":"nl_NL","og_type":"article","og_title":"Wandelen aan het einde van de wereld Samo\u00ebns, station de ski et village authentique en Haute-Savoie","og_description":"[vc_row][vc_column][vc_column_text]Als de reputatie van het Cirque du Fer-\u00e0-Cheval meer te doen is, is het echt te danken aan het onvergetelijke en imposante landschap dat het bezoekers biedt, naast zijn gemakkelijke toegang! Vanaf de parkeerplaats ontdekt u de watervallen die uit de imposante muren van het Cirque du Fer-\u00e0-Cheval stromen, evenals de Hoorn van Chamois, deze [&hellip;]","og_url":"https:\/\/www.samoens.com\/nl\/zomeractiviteiten\/wandelen\/wandelen-aan-het-einde-van-de-wereld\/","og_site_name":"Samo\u00ebns, station de ski et village authentique en Haute-Savoie","article_modified_time":"2023-03-13T09:10:51+00:00","twitter_card":"summary_large_image","twitter_misc":{"Geschatte leestijd":"1 minuut"},"schema":{"@context":"https:\/\/schema.org","@graph":[{"@type":"WebPage","@id":"https:\/\/www.samoens.com\/nl\/zomeractiviteiten\/wandelen\/wandelen-aan-het-einde-van-de-wereld\/","url":"https:\/\/www.samoens.com\/nl\/zomeractiviteiten\/wandelen\/wandelen-aan-het-einde-van-de-wereld\/","name":"Wandelen aan het einde van de wereld Samo\u00ebns, station de ski et village authentique en Haute-Savoie","isPartOf":{"@id":"https:\/\/www.samoens.com\/#website"},"datePublished":"2023-03-13T09:10:45+00:00","dateModified":"2023-03-13T09:10:51+00:00","breadcrumb":{"@id":"https:\/\/www.samoens.com\/nl\/zomeractiviteiten\/wandelen\/wandelen-aan-het-einde-van-de-wereld\/#breadcrumb"},"inLanguage":"nl-NL","potentialAction":[{"@type":"ReadAction","target":["https:\/\/www.samoens.com\/nl\/zomeractiviteiten\/wandelen\/wandelen-aan-het-einde-van-de-wereld\/"]}]},{"@type":"BreadcrumbList","@id":"https:\/\/www.samoens.com\/nl\/zomeractiviteiten\/wandelen\/wandelen-aan-het-einde-van-de-wereld\/#breadcrumb","itemListElement":[{"@type":"ListItem","position":1,"name":"Accueil","item":"https:\/\/www.samoens.com\/nl\/"},{"@type":"ListItem","position":2,"name":"Wandelen","item":"https:\/\/www.samoens.com\/nl\/zomeractiviteiten\/wandelen\/"},{"@type":"ListItem","position":3,"name":"zomeractiviteiten","item":"https:\/\/www.samoens.com\/nl\/zomeractiviteiten\/"},{"@type":"ListItem","position":4,"name":"Wandelen aan het einde van de wereld"}]},{"@type":"WebSite","@id":"https:\/\/www.samoens.com\/#website","url":"https:\/\/www.samoens.com\/","name":"Samo\u00ebns, station de ski et village authentique en Haute-Savoie","description":"Nich\u00e9e au coeur du domaine skiable du Grand Massif et \u00e0 moins d&#039;1h de Gen\u00e8ve, Samo\u00ebns rendra vos vacances inoubliables en \u00e9t\u00e9 comme en hiver","potentialAction":[{"@type":"SearchAction","target":{"@type":"EntryPoint","urlTemplate":"https:\/\/www.samoens.com\/?s={search_term_string}"},"query-input":{"@type":"PropertyValueSpecification","valueRequired":true,"valueName":"search_term_string"}}],"inLanguage":"nl-NL"}]}},"_links":{"self":[{"href":"https:\/\/www.samoens.com\/nl\/wp-json\/wp\/v2\/pages\/3206","targetHints":{"allow":["GET"]}}],"collection":[{"href":"https:\/\/www.samoens.com\/nl\/wp-json\/wp\/v2\/pages"}],"about":[{"href":"https:\/\/www.samoens.com\/nl\/wp-json\/wp\/v2\/types\/page"}],"author":[{"embeddable":true,"href":"https:\/\/www.samoens.com\/nl\/wp-json\/wp\/v2\/users\/2"}],"replies":[{"embeddable":true,"href":"https:\/\/www.samoens.com\/nl\/wp-json\/wp\/v2\/comments?post=3206"}],"version-history":[{"count":0,"href":"https:\/\/www.samoens.com\/nl\/wp-json\/wp\/v2\/pages\/3206\/revisions"}],"up":[{"embeddable":true,"href":"https:\/\/www.samoens.com\/nl\/wp-json\/wp\/v2\/pages\/3201"}],"wp:attachment":[{"href":"https:\/\/www.samoens.com\/nl\/wp-json\/wp\/v2\/media?parent=3206"}],"curies":[{"name":"wp","href":"https:\/\/api.w.org\/{rel}","templated":true}]}}