{"id":3193,"date":"2019-08-13T14:57:42","date_gmt":"2019-08-13T12:57:42","guid":{"rendered":"https:\/\/www.samoens.com\/?page_id=3193"},"modified":"2025-12-29T16:24:28","modified_gmt":"2025-12-29T15:24:28","slug":"qualite-tourisme","status":"publish","type":"page","link":"https:\/\/www.samoens.com\/nl\/qualite-tourisme\/","title":{"rendered":"Qualit\u00e9 Tourisme\u2122"},"content":{"rendered":"<div class=\"wpb-content-wrapper\"><p>[vc_row][vc_column][vc_column_text]<\/p>\n<h2 class=\"titrbleu1\"><strong>Qualit\u00e9 Tourisme\u2122<\/strong><\/h2>\n<p>De Franse overheid heeft het merk <strong><span style=\"color: #193a5f;\">Qualit\u00e9 Tourisme\u2122<\/span><\/strong> in het leven geroepen om ervoor te zorgen dat je altijd goed verzorgd wordt en om de kwaliteit van toeristische diensten in Frankrijk te verbeteren.<\/p>\n<p>&nbsp;<\/p>\n<p><a href=\"https:\/\/www.samoens.com\/wp-content\/uploads\/2024\/04\/qualite-tourisme-francia.jpg\"><img loading=\"lazy\" decoding=\"async\" class=\"alignnone wp-image-588238\" src=\"https:\/\/www.samoens.com\/wp-content\/uploads\/2024\/04\/qualite-tourisme-francia-768x336.jpg\" alt=\"\" width=\"279\" height=\"122\" srcset=\"https:\/\/www.samoens.com\/wp-content\/uploads\/2024\/04\/qualite-tourisme-francia-768x336.jpg 768w, https:\/\/www.samoens.com\/wp-content\/uploads\/2024\/04\/qualite-tourisme-francia-300x131.jpg 300w, https:\/\/www.samoens.com\/wp-content\/uploads\/2024\/04\/qualite-tourisme-francia.jpg 1120w\" sizes=\"auto, (max-width: 279px) 100vw, 279px\" \/><\/a><\/p>\n<p>&nbsp;<\/p>\n<p><span style=\"color: #193a5f;\"><strong>Qualit\u00e9 Tourisme\u2122<\/strong><\/span> is het enige overheidskeurmerk dat wordt toegekend aan <strong>professionals in de toeristische sector<\/strong> voor de kwaliteit van hun onthaal en diensten.<\/p>\n<p>&nbsp;<\/p>\n<p><span style=\"color: #193a5f;\"><strong>Qualit\u00e9 Tourisme\u2122<\/strong><\/span> begeleidt u <strong>tijdens uw hele verblijf<\/strong>: accommodatie, restaurants, bezienswaardigheden, vrijetijds- en sportactiviteiten, VVV-kantoren, seizoensverhuurbedrijven&#8230; u kunt met een gerust hart kiezen uit etablissementen die u <strong>een warm onthaal en kwaliteitsdiensten <\/strong>bieden.<\/p>\n<p>&nbsp;<\/p>\n<p>Of het nu gaat om bekende of ongewone bestemmingen, grote groepen met een internationale reputatie of kleine zelfstandige etablissementen, ze werken allemaal samen met <span style=\"color: #193a5f;\"><strong>Qualit\u00e9 Tourisme\u2122<\/strong><\/span> om u een <span style=\"color: #363939;\"><strong>ontvangst van uitmuntendheid<\/strong><\/span> te bieden: bijna 5.500 etablissementen hebben het <span style=\"color: #193a5f;\"><strong>Qualit\u00e9 Tourisme\u2122<\/strong><\/span>-label gekregen.<\/p>\n<p>&nbsp;<\/p>\n<p><strong>De staat en toerismeprofessionals willen je graag helpen:<\/strong><\/p>\n<ul class=\"rteindent1\">\n<li>Een warm welkom<\/li>\n<li>Attent personeel<\/li>\n<li>Vloeiend in vreemde talen<\/li>\n<li>Persoonlijke diensten<\/li>\n<li>Duidelijke, nauwkeurige informatie<\/li>\n<li>Netheid en comfort<\/li>\n<li>Een bestemming ontdekken<\/li>\n<li>Er wordt rekening gehouden met uw mening<\/li>\n<\/ul>\n<p>Meer informatie vind je <span style=\"color: #6c9ed8;\"><strong><a style=\"color: #6c9ed8;\" href=\"https:\/\/www.economie.gouv.fr\/particuliers\/marque-qualite-tourisme\" target=\"_blank\" rel=\"noopener\">hier<\/a><\/strong><\/span>.<\/p>\n<p>&nbsp;<\/p>\n<p><span style=\"color: #eb4747;\"><strong>Onze interne verplichtingen:<\/strong><\/span> u ondersteunen is een van onze topprioriteiten! Meer informatie vind je <span style=\"color: #6c9ed8;\"><strong><a style=\"color: #6c9ed8;\" href=\"https:\/\/www.samoens.com\/wp-content\/uploads\/2024\/03\/FI-Nos-engagements-en-internes.pdf\" target=\"_blank\" rel=\"noopener\">hier<\/a><\/strong><\/span>.<\/p>\n<p>&nbsp;<\/p>\n<p><span style=\"color: #286b1f;\"><strong>Milieu:<\/strong><\/span> Samo\u00ebns, een resort dat zich ook inzet voor het <span style=\"color: #193a5f;\"><strong>milieu<\/strong><\/span>. Meer informatie vind je <span style=\"color: #6c9ed8;\"><strong><a style=\"color: #6c9ed8;\" href=\"https:\/\/www.samoens.com\/nl\/environnement\/#\" target=\"_blank\" rel=\"noopener\">hier<\/a><\/strong><\/span>.[\/vc_column_text][\/vc_column][\/vc_row][vc_row][vc_column][vc_column_text css=&#8221;&#8221;]<\/p>\n<h2>Laat een beoordeling achter over het VVV-kantoor<\/h2>\n<p>Op <span style=\"color: #193a5f;\"><strong>Google<\/strong><\/span> door <span style=\"color: #6c9ed8;\"><strong><a style=\"color: #6c9ed8;\" href=\"https:\/\/search.google.com\/local\/writereview?placeid=ChIJa0hzzSOqjkcRYlT26ViHMM0&amp;source=g.page.m.ia._&amp;laa=nmx-review-solicitation-ia2\" target=\"_blank\" rel=\"noopener\">hier<\/a><\/strong><\/span>\u00a0te klikken.<\/p>\n<p>&nbsp;<\/p>\n<p>Op <span style=\"color: #193a5f;\"><strong>Tripadvisor<\/strong><\/span> door <span style=\"color: #6c9ed8;\"><strong><a style=\"color: #6c9ed8;\" href=\"https:\/\/www.tripadvisor.fr\/UserReviewEdit-g196712-d25150927-Office_de_Tourisme_de_Samoens-Samoens_Grand_Massif_Haute_Savoie_Auvergne_Rhone_Alpes.html\" target=\"_blank\" rel=\"noopener\">hier<\/a> <\/strong><\/span>te klikken.<\/p>\n<p>&nbsp;<\/p>\n<p>&nbsp;<\/p>\n<h2>Doe mee aan onze tevredenheidsenqu\u00eate<\/h2>\n<p>Als je wilt deelnemen aan ons <span style=\"color: #193a5f;\"><strong><em>Zomerseizoen<\/em> tevredenheidsenqu\u00eate<\/strong><\/span> om ons te helpen onze bestemming en diensten verder te ontwikkelen, klik dan <span style=\"color: #6c9ed8;\"><strong><a style=\"color: #6c9ed8;\" href=\"https:\/\/docs.google.com\/forms\/d\/e\/1FAIpQLSdw6y_toV0Xl2P52HuzmG3Wi1mfqsZVZoJFbHIX3yic-g-Z8g\/viewform\" target=\"_blank\" rel=\"noopener\">hier<\/a><\/strong><\/span>.<\/p>\n<p>&nbsp;<\/p>\n<p>Als je wilt deelnemen aan ons <span style=\"color: #193a5f;\"><strong><em>Winterseizoen<\/em> tevredenheidsenqu\u00eate<\/strong><\/span>, klik dan <span style=\"color: #6c9ed8;\"><strong><a style=\"color: #6c9ed8;\" href=\"https:\/\/f.info.samoens.com\/f\/lp\/2025-2026-hiver-ot-samoens-enquete-satisfaction-cote-client\/3opodd95\" target=\"_blank\" rel=\"noopener\">hier<\/a><\/strong><\/span>.[\/vc_column_text][\/vc_column][\/vc_row]<\/p>\n<\/div>","protected":false},"excerpt":{"rendered":"<p>[vc_row][vc_column][vc_column_text] Qualit\u00e9 Tourisme\u2122 De Franse overheid heeft het merk Qualit\u00e9 Tourisme\u2122 in het leven geroepen om ervoor te zorgen dat je altijd goed verzorgd wordt en om de kwaliteit van toeristische diensten in Frankrijk te verbeteren. &nbsp; &nbsp; Qualit\u00e9 Tourisme\u2122 is het enige overheidskeurmerk dat wordt toegekend aan professionals in de toeristische sector voor de [&hellip;]<\/p>\n","protected":false},"author":2,"featured_media":0,"parent":0,"menu_order":38,"comment_status":"closed","ping_status":"closed","template":"","meta":{"_acf_changed":false,"footnotes":""},"class_list":["post-3193","page","type-page","status-publish","hentry"],"acf":[],"yoast_head":"<!-- This site is optimized with the Yoast SEO plugin v27.4 - https:\/\/yoast.com\/product\/yoast-seo-wordpress\/ -->\n<title>Qualit\u00e9 Tourisme\u2122 Samo\u00ebns, station de ski et village authentique en Haute-Savoie<\/title>\n<meta name=\"robots\" content=\"index, follow, max-snippet:-1, max-image-preview:large, max-video-preview:-1\" \/>\n<link rel=\"canonical\" href=\"https:\/\/www.samoens.com\/nl\/qualite-tourisme\/\" \/>\n<meta property=\"og:locale\" content=\"nl_NL\" \/>\n<meta property=\"og:type\" content=\"article\" \/>\n<meta property=\"og:title\" content=\"Qualit\u00e9 Tourisme\u2122 Samo\u00ebns, station de ski et village authentique en Haute-Savoie\" \/>\n<meta property=\"og:description\" content=\"[vc_row][vc_column][vc_column_text] Qualit\u00e9 Tourisme\u2122 De Franse overheid heeft het merk Qualit\u00e9 Tourisme\u2122 in het leven geroepen om ervoor te zorgen dat je altijd goed verzorgd wordt en om de kwaliteit van toeristische diensten in Frankrijk te verbeteren. &nbsp; &nbsp; Qualit\u00e9 Tourisme\u2122 is het enige overheidskeurmerk dat wordt toegekend aan professionals in de toeristische sector voor de [&hellip;]\" \/>\n<meta property=\"og:url\" content=\"https:\/\/www.samoens.com\/nl\/qualite-tourisme\/\" \/>\n<meta property=\"og:site_name\" content=\"Samo\u00ebns, station de ski et village authentique en Haute-Savoie\" \/>\n<meta property=\"article:modified_time\" content=\"2025-12-29T15:24:28+00:00\" \/>\n<meta property=\"og:image\" content=\"https:\/\/www.samoens.com\/wp-content\/uploads\/2024\/04\/qualite-tourisme-francia.jpg\" \/>\n\t<meta property=\"og:image:width\" content=\"1120\" \/>\n\t<meta property=\"og:image:height\" content=\"490\" \/>\n\t<meta property=\"og:image:type\" content=\"image\/jpeg\" \/>\n<meta name=\"twitter:card\" content=\"summary_large_image\" \/>\n<meta name=\"twitter:label1\" content=\"Geschatte leestijd\" \/>\n\t<meta name=\"twitter:data1\" content=\"2 minuten\" \/>\n<script type=\"application\/ld+json\" class=\"yoast-schema-graph\">{\"@context\":\"https:\\\/\\\/schema.org\",\"@graph\":[{\"@type\":\"WebPage\",\"@id\":\"https:\\\/\\\/www.samoens.com\\\/nl\\\/qualite-tourisme\\\/\",\"url\":\"https:\\\/\\\/www.samoens.com\\\/nl\\\/qualite-tourisme\\\/\",\"name\":\"Qualit\u00e9 Tourisme\u2122 Samo\u00ebns, station de ski et village authentique en Haute-Savoie\",\"isPartOf\":{\"@id\":\"https:\\\/\\\/www.samoens.com\\\/#website\"},\"primaryImageOfPage\":{\"@id\":\"https:\\\/\\\/www.samoens.com\\\/nl\\\/qualite-tourisme\\\/#primaryimage\"},\"image\":{\"@id\":\"https:\\\/\\\/www.samoens.com\\\/nl\\\/qualite-tourisme\\\/#primaryimage\"},\"thumbnailUrl\":\"https:\\\/\\\/www.samoens.com\\\/wp-content\\\/uploads\\\/2024\\\/04\\\/qualite-tourisme-francia-768x336.jpg\",\"datePublished\":\"2019-08-13T12:57:42+00:00\",\"dateModified\":\"2025-12-29T15:24:28+00:00\",\"breadcrumb\":{\"@id\":\"https:\\\/\\\/www.samoens.com\\\/nl\\\/qualite-tourisme\\\/#breadcrumb\"},\"inLanguage\":\"nl-NL\",\"potentialAction\":[{\"@type\":\"ReadAction\",\"target\":[\"https:\\\/\\\/www.samoens.com\\\/nl\\\/qualite-tourisme\\\/\"]}]},{\"@type\":\"ImageObject\",\"inLanguage\":\"nl-NL\",\"@id\":\"https:\\\/\\\/www.samoens.com\\\/nl\\\/qualite-tourisme\\\/#primaryimage\",\"url\":\"https:\\\/\\\/www.samoens.com\\\/wp-content\\\/uploads\\\/2024\\\/04\\\/qualite-tourisme-francia-768x336.jpg\",\"contentUrl\":\"https:\\\/\\\/www.samoens.com\\\/wp-content\\\/uploads\\\/2024\\\/04\\\/qualite-tourisme-francia-768x336.jpg\"},{\"@type\":\"BreadcrumbList\",\"@id\":\"https:\\\/\\\/www.samoens.com\\\/nl\\\/qualite-tourisme\\\/#breadcrumb\",\"itemListElement\":[{\"@type\":\"ListItem\",\"position\":1,\"name\":\"Accueil\",\"item\":\"https:\\\/\\\/www.samoens.com\\\/nl\\\/\"},{\"@type\":\"ListItem\",\"position\":2,\"name\":\"Qualit\u00e9 Tourisme\u2122\"}]},{\"@type\":\"WebSite\",\"@id\":\"https:\\\/\\\/www.samoens.com\\\/#website\",\"url\":\"https:\\\/\\\/www.samoens.com\\\/\",\"name\":\"Samo\u00ebns, station de ski et village authentique en Haute-Savoie\",\"description\":\"Nich\u00e9e au coeur du domaine skiable du Grand Massif et \u00e0 moins d&#039;1h de Gen\u00e8ve, Samo\u00ebns rendra vos vacances inoubliables en \u00e9t\u00e9 comme en hiver\",\"potentialAction\":[{\"@type\":\"SearchAction\",\"target\":{\"@type\":\"EntryPoint\",\"urlTemplate\":\"https:\\\/\\\/www.samoens.com\\\/?s={search_term_string}\"},\"query-input\":{\"@type\":\"PropertyValueSpecification\",\"valueRequired\":true,\"valueName\":\"search_term_string\"}}],\"inLanguage\":\"nl-NL\"}]}<\/script>\n<!-- \/ Yoast SEO plugin. -->","yoast_head_json":{"title":"Qualit\u00e9 Tourisme\u2122 Samo\u00ebns, station de ski et village authentique en Haute-Savoie","robots":{"index":"index","follow":"follow","max-snippet":"max-snippet:-1","max-image-preview":"max-image-preview:large","max-video-preview":"max-video-preview:-1"},"canonical":"https:\/\/www.samoens.com\/nl\/qualite-tourisme\/","og_locale":"nl_NL","og_type":"article","og_title":"Qualit\u00e9 Tourisme\u2122 Samo\u00ebns, station de ski et village authentique en Haute-Savoie","og_description":"[vc_row][vc_column][vc_column_text] Qualit\u00e9 Tourisme\u2122 De Franse overheid heeft het merk Qualit\u00e9 Tourisme\u2122 in het leven geroepen om ervoor te zorgen dat je altijd goed verzorgd wordt en om de kwaliteit van toeristische diensten in Frankrijk te verbeteren. &nbsp; &nbsp; Qualit\u00e9 Tourisme\u2122 is het enige overheidskeurmerk dat wordt toegekend aan professionals in de toeristische sector voor de [&hellip;]","og_url":"https:\/\/www.samoens.com\/nl\/qualite-tourisme\/","og_site_name":"Samo\u00ebns, station de ski et village authentique en Haute-Savoie","article_modified_time":"2025-12-29T15:24:28+00:00","og_image":[{"width":1120,"height":490,"url":"https:\/\/www.samoens.com\/wp-content\/uploads\/2024\/04\/qualite-tourisme-francia.jpg","type":"image\/jpeg"}],"twitter_card":"summary_large_image","twitter_misc":{"Geschatte leestijd":"2 minuten"},"schema":{"@context":"https:\/\/schema.org","@graph":[{"@type":"WebPage","@id":"https:\/\/www.samoens.com\/nl\/qualite-tourisme\/","url":"https:\/\/www.samoens.com\/nl\/qualite-tourisme\/","name":"Qualit\u00e9 Tourisme\u2122 Samo\u00ebns, station de ski et village authentique en Haute-Savoie","isPartOf":{"@id":"https:\/\/www.samoens.com\/#website"},"primaryImageOfPage":{"@id":"https:\/\/www.samoens.com\/nl\/qualite-tourisme\/#primaryimage"},"image":{"@id":"https:\/\/www.samoens.com\/nl\/qualite-tourisme\/#primaryimage"},"thumbnailUrl":"https:\/\/www.samoens.com\/wp-content\/uploads\/2024\/04\/qualite-tourisme-francia-768x336.jpg","datePublished":"2019-08-13T12:57:42+00:00","dateModified":"2025-12-29T15:24:28+00:00","breadcrumb":{"@id":"https:\/\/www.samoens.com\/nl\/qualite-tourisme\/#breadcrumb"},"inLanguage":"nl-NL","potentialAction":[{"@type":"ReadAction","target":["https:\/\/www.samoens.com\/nl\/qualite-tourisme\/"]}]},{"@type":"ImageObject","inLanguage":"nl-NL","@id":"https:\/\/www.samoens.com\/nl\/qualite-tourisme\/#primaryimage","url":"https:\/\/www.samoens.com\/wp-content\/uploads\/2024\/04\/qualite-tourisme-francia-768x336.jpg","contentUrl":"https:\/\/www.samoens.com\/wp-content\/uploads\/2024\/04\/qualite-tourisme-francia-768x336.jpg"},{"@type":"BreadcrumbList","@id":"https:\/\/www.samoens.com\/nl\/qualite-tourisme\/#breadcrumb","itemListElement":[{"@type":"ListItem","position":1,"name":"Accueil","item":"https:\/\/www.samoens.com\/nl\/"},{"@type":"ListItem","position":2,"name":"Qualit\u00e9 Tourisme\u2122"}]},{"@type":"WebSite","@id":"https:\/\/www.samoens.com\/#website","url":"https:\/\/www.samoens.com\/","name":"Samo\u00ebns, station de ski et village authentique en Haute-Savoie","description":"Nich\u00e9e au coeur du domaine skiable du Grand Massif et \u00e0 moins d&#039;1h de Gen\u00e8ve, Samo\u00ebns rendra vos vacances inoubliables en \u00e9t\u00e9 comme en hiver","potentialAction":[{"@type":"SearchAction","target":{"@type":"EntryPoint","urlTemplate":"https:\/\/www.samoens.com\/?s={search_term_string}"},"query-input":{"@type":"PropertyValueSpecification","valueRequired":true,"valueName":"search_term_string"}}],"inLanguage":"nl-NL"}]}},"_links":{"self":[{"href":"https:\/\/www.samoens.com\/nl\/wp-json\/wp\/v2\/pages\/3193","targetHints":{"allow":["GET"]}}],"collection":[{"href":"https:\/\/www.samoens.com\/nl\/wp-json\/wp\/v2\/pages"}],"about":[{"href":"https:\/\/www.samoens.com\/nl\/wp-json\/wp\/v2\/types\/page"}],"author":[{"embeddable":true,"href":"https:\/\/www.samoens.com\/nl\/wp-json\/wp\/v2\/users\/2"}],"replies":[{"embeddable":true,"href":"https:\/\/www.samoens.com\/nl\/wp-json\/wp\/v2\/comments?post=3193"}],"version-history":[{"count":5,"href":"https:\/\/www.samoens.com\/nl\/wp-json\/wp\/v2\/pages\/3193\/revisions"}],"predecessor-version":[{"id":605176,"href":"https:\/\/www.samoens.com\/nl\/wp-json\/wp\/v2\/pages\/3193\/revisions\/605176"}],"wp:attachment":[{"href":"https:\/\/www.samoens.com\/nl\/wp-json\/wp\/v2\/media?parent=3193"}],"curies":[{"name":"wp","href":"https:\/\/api.w.org\/{rel}","templated":true}]}}