{"id":3187,"date":"2019-08-21T11:13:47","date_gmt":"2019-08-21T09:13:47","guid":{"rendered":"https:\/\/www.samoens.com\/?page_id=3187"},"modified":"2023-04-13T12:22:36","modified_gmt":"2023-04-13T10:22:36","slug":"privacybeleid","status":"publish","type":"page","link":"https:\/\/www.samoens.com\/nl\/privacybeleid\/","title":{"rendered":"Privacybeleid"},"content":{"rendered":"<div class=\"wpb-content-wrapper\"><p>[vc_row][vc_column][vc_column_text]<\/p>\r\n<h2 class=\"wp-block-heading\">Wie zijn we ?<\/h2>\r\n\r\n<p>Het adres van onze website is: https:\/\/www.yata.fr\/samoens.<\/p>\r\n\r\n<p>&nbsp;<\/p>\r\n\r\n<h2 class=\"wp-block-heading\">Gebruik van verzamelde persoonlijke gegevens<\/h2>\r\n\r\n<p>&nbsp;<\/p>\r\n\r\n<h3 class=\"wp-block-heading\">Comments<\/h3>\r\n\r\n<p>Wanneer u een opmerking achterlaat op onze website, worden de gegevens die zijn ingevoerd in het opmerkingenformulier, maar ook uw IP-adres en de user-agent van uw browser verzameld om ons te helpen ongewenste opmerkingen te detecteren. Een geanonimiseerd kanaal gemaakt op basis van uw e-mailadres (ook wel hash genoemd) kan naar de Gravatar-service worden verzonden om te controleren of u de Gravatar-service gebruikt. De privacybepalingen van de Gravatar-service zijn hier beschikbaar: https:\/\/automattic.com\/privacy\/. Na validatie van je reactie is je profielfoto openbaar zichtbaar naast je reactie.<\/p>\r\n\r\n<p>&nbsp;<\/p>\r\n\r\n<h3 class=\"wp-block-heading\">Media<\/h3>\r\n\r\n<p>Als u een geregistreerde gebruiker bent en afbeeldingen naar de website uploadt, raden wij u aan om geen afbeeldingen met EXIF \u200b\u200bGPS-co\u00f6rdinaten te uploaden. Bezoekers van uw website kunnen locatiegegevens van deze afbeeldingen downloaden en extraheren.<\/p>\r\n\r\n<p>&nbsp;<\/p>\r\n\r\n<h3 class=\"wp-block-heading\">Contactformulieren<\/h3>\r\n\r\n<p>&nbsp;<\/p>\r\n\r\n<h3 class=\"wp-block-heading\">Koekjes<\/h3>\r\n\r\n<p>Als u een opmerking op onze site plaatst, wordt u gevraagd uw naam, e-mailadres en website in cookies op te slaan. Het is alleen voor uw comfort, zodat u deze informatie niet hoeft in te voeren als u later nog een opmerking plaatst. Deze cookies vervallen na \u00e9\u00e9n jaar. Als u naar de inlogpagina gaat, wordt een tijdelijke cookie gemaakt om te bepalen of uw browser cookies accepteert. Het bevat geen persoonlijke gegevens en wordt automatisch verwijderd wanneer u uw browser sluit. Wanneer u zich aanmeldt, zullen we een aantal cookies instellen om uw inloggegevens en schermvoorkeuren op te slaan. De levensduur van een login-cookie is twee dagen, die van een schermoptie-cookie is \u00e9\u00e9n jaar. Als u &#8220;onthoud mij&#8221; aanvinkt, wordt uw cookie twee weken bewaard. Als u uitlogt bij uw account, wordt de inlogcookie verwijderd. Door een publicatie te wijzigen of te publiceren, wordt een extra cookie in uw browser opgeslagen. Deze cookie bevat geen persoonlijke gegevens. Het geeft eenvoudig de ID aan van de publicatie die u zojuist hebt bewerkt. Het verloopt na \u00e9\u00e9n dag.<\/p>\r\n\r\n<p>&nbsp;<\/p>\r\n\r\n<h3 class=\"wp-block-heading\">Ingesloten inhoud van andere sites<\/h3>\r\n\r\n<p>Artikelen op deze site kunnen ingesloten inhoud bevatten (bijv. Video&#8217;s, afbeeldingen, artikelen &#8230;). Inhoud die is ingesloten van andere sites, gedraagt \u200b\u200bzich op dezelfde manier alsof de bezoeker die andere site zou bezoeken. Deze websites kunnen gegevens over u verzamelen, cookies gebruiken, trackingtools van derden insluiten, uw interacties met deze ingesloten inhoud volgen als u een account hebt dat verbonden is met hun website.<\/p>\r\n\r\n<p>&nbsp;<\/p>\r\n\r\n<h3 class=\"wp-block-heading\">Statistieken en publieksmetingen<\/h3>\r\n\r\n<p>&nbsp;<\/p>\r\n\r\n<h2 class=\"wp-block-heading\">Gebruik en verzending van uw persoonlijke gegevens<\/h2>\r\n\r\n<p>&nbsp;<\/p>\r\n\r\n<h2 class=\"wp-block-heading\">Opslagtijden van uw gegevens<\/h2>\r\n\r\n<p>Als u een opmerking achterlaat, worden de opmerking en de bijbehorende metagegevens voor onbepaalde tijd bewaard. Hiermee worden de volgende opmerkingen automatisch herkend en goedgekeurd in plaats van ze in de moderatiewachtrij te laten. Voor gebruikers die zich registreren op onze site (als dit mogelijk is), slaan we ook de persoonlijke gegevens op die in hun profiel worden vermeld. Alle gebruikers kunnen hun persoonlijke gegevens op elk gewenst moment bekijken, wijzigen of verwijderen (behalve hun gebruikersnaam). Sitebeheerders kunnen deze informatie ook bekijken en bewerken.<\/p>\r\n\r\n<p>&nbsp;<\/p>\r\n\r\n<h2 class=\"wp-block-heading\">De rechten die u hebt op uw gegevens<\/h2>\r\n\r\n<p>Als u een account hebt of opmerkingen hebt achtergelaten op de site, kunt u een bestand aanvragen met alle persoonlijke gegevens die we over u hebben, inclusief de gegevens die u hebt verstrekt. U kunt ook vragen om verwijdering van uw persoonlijke gegevens. Dit houdt geen rekening met de gegevens die zijn opgeslagen om administratieve, wettelijke of beveiligingsredenen.<\/p>\r\n\r\n<p>&nbsp;<\/p>\r\n\r\n<h2 class=\"wp-block-heading\">Transmission of your personal data<\/h2>\r\n\r\n<p>Bezoekersreacties kunnen worden geverifieerd met behulp van een geautomatiseerde spamdetectieservice.<\/p>\r\n\r\n<p>&nbsp;<\/p>\r\n\r\n<h2 class=\"wp-block-heading\">Contactgegevens<\/h2>\r\n\r\n<p>&nbsp;<\/p>\r\n\r\n<h2 class=\"wp-block-heading\">Extra informatie<\/h2>\r\n\r\n<p>&nbsp;<\/p>\r\n\r\n<h3 class=\"wp-block-heading\">Hoe we uw gegevens beschermen<\/h3>\r\n\r\n<p>&nbsp;<\/p>\r\n\r\n<h3 class=\"wp-block-heading\">Procedures ge\u00efmplementeerd in geval van gegevenslekkage<\/h3>\r\n\r\n<p>&nbsp;<\/p>\r\n\r\n<h3 class=\"wp-block-heading\">Diensten van derden die ons gegevens sturen<\/h3>\r\n\r\n<p>&nbsp;<\/p>\r\n\r\n<h3 class=\"wp-block-heading\">Geautomatiseerde marketing- en \/ of profileringsactiviteiten met behulp van persoonlijke gegevens<\/h3>\r\n\r\n<p>&nbsp;<\/p>\r\n\r\n<h3 class=\"wp-block-heading\">Weergave van informatie met betrekking tot sectoren waarvoor specifieke voorschriften gelden<\/h3>\r\n<p>[\/vc_column_text][\/vc_column][\/vc_row][vc_row][vc_column]\n          <div class=\"moteurRecherche\">\n        <form id=\"formSearch\" action=\"\" method=\"post\">\n                  <\/form>\n      <\/div>\n      \n    \n    \n    \n\n    <div class=\"col-sm-12 colonneitems\">\n                <div class=\"inner\" id=\"listItems0\"><\/div>\n                <div class=\"loader\" id=\"loader0\" hidden><img decoding=\"async\" src=\"\/wp-content\/themes\/samoens\/img\/loader.svg\" alt=\"Loader\"><\/div>\n                 <div class=\"voirplusctn\"><button onclick=\"displayItems0();\" id=\"voirlasuite0\" class=\"voirplus\">Voir la suite<\/button><\/div>\n              <\/div>\n    <script type=\"text\/javascript\">\n      \n              var layers0 = [];\n      var mymap0;\n      var page0 = 0;\n      var allItems0 = [];\n      var items0 = [];\n      var fields0 = [];\n      var nbPerPg0 = 8;\n            function bindMarker(id){\n        var markerToBind = layers0[id];\n        if (markerToBind) {\n          markerToBind.openPopup();\n          markerToBind.setIcon(myIconRed);\n        }\n      }\n\n      function unbindMarker(id){\n        var markerToBind = layers0[id];\n        if (markerToBind) {\n          markerToBind.setIcon(myIcon);\n        }\n      }\n\n      function displayItems0()\n      {\n        var aspect = \"\";\n        var old_height = $(window).height();  \/\/store document height before modifications\n        var old_scroll = $(window).scrollTop(); \/\/remember the scroll position\n        jQuery('#loader0').show();\n        var itemsToShow = [];\n        var fieldsToShow = [];\n        var deb = page0 * nbPerPg0;\n        var fin = deb + nbPerPg0;\n        var count = 0;\n        page0++;\n        for (var i = deb; i < fin; i++) {\n          if (items0[i]) {\n            itemsToShow[count] = items0[i];\n            fieldsToShow[count] = fields0[items0[i].ID];\n            jQuery('#voirlasuite0').css('visibility', 'visible');\n          } else {\n            jQuery('#voirlasuite0').css('visibility', 'hidden');\n          }\n          count++;\n        }\n        jQuery.ajax({\n          url: 'https:\/\/www.samoens.com\/wp-content\/plugins\/yatadata-shortcodes\/includes\/ajax\/get_articlesyatadata.php',\n                      data: {'lang' : \"nl\", 'saison': \"ete\", 'libelle': \"libelleNl\", 'nlist': 0, 'items': itemsToShow, 'fields': fieldsToShow, 'aspect': aspect},\n            \n          type: 'post',\n          dataType: 'html',\n          success: function(code_html, statut){\n            jQuery('#loader0').hide();\n            if(code_html){\n                jQuery(code_html).appendTo('#listItems0');\n            }else{\n                var aucunresultat = \"Aucun r\u00e9sultat\";\n                jQuery('<p class=\"aucun-resultat\">'+aucunresultat+'<\/p>').appendTo('#listItems0');\n            }\n\n            $(window).scrollTop(old_scroll + $(window).height() - old_height); \/\/restore \"scroll position\"\n          }\n        });\n      }\n\n      jQuery(function(){\n        function initMap()\n        {\n          \/\/ mymap0 = L.map('mapid0', { dragging: !L.Browser.mobile }).setView([46.083431, 6.727270], 15);\n          mymap0 = L.map('mapid0', { gestureHandling: true }).setView([46.083431, 6.727270], 15);\n          \n          L.tileLayer('https:\/\/{s}.tile.openstreetmap.fr\/hot\/{z}\/{x}\/{y}.png', {\n          \tmaxZoom: 19,\n          \tattribution: '&copy; <a href=\"https:\/\/www.openstreetmap.org\/copyright\">OpenStreetMap<\/a> contributors, Tiles style by <a href=\"https:\/\/www.hotosm.org\/\" target=\"_blank\">Humanitarian OpenStreetMap Team<\/a> hosted by <a href=\"https:\/\/openstreetmap.fr\/\" target=\"_blank\">OpenStreetMap France<\/a>'\n          }).addTo(mymap0);\n        }\n\n        function displayAllMarkers()\n        {\n          allItems0.forEach(item => displayMarker(item));\n        }\n\n        function displayMarker(item)\n        {\n          var itemID = item.ID;\n          var fieldItem = fields0[itemID];\n          if (fieldItem.localisation.geolocalisation) {\n            if (fieldItem.localisation.geolocalisation.geoJson) {\n              var lat = fieldItem.localisation.geolocalisation.geoJson.coordinates[1];\n              var lng = fieldItem.localisation.geolocalisation.geoJson.coordinates[0];\n              var title = item.post_title;\n              var popuphtml = \"<div><a href='\"+ item.guid +\"'><p><b>\"+ title +\"<\/b><\/p><\/a><\/div>\";\n              var marker = L.marker([lat, lng], {icon: myIcon}).addTo(mymap0);\n              marker.bindPopup(popuphtml);\n              layers0[itemID] = marker;\n            }\n          }\n        }\n\n        function datasToArr(datas)\n        {\n          var BeautifyDatas = [];\n          if (datas.indexOf('&')) {\n            datas = datas.split('&');\n          } else {\n            datas = [datas];\n          }\n\n          datas.forEach(function(data, index){\n            data = data.split('=');\n            BeautifyDatas.push(data[0]);\n            BeautifyDatas.push(data[1]);\n          });\n\n          return BeautifyDatas;\n        }\n\n        function submitForm(){\n          jQuery('#formSearch').submit();\n        }\n\n        jQuery('#formSearch').on('submit', function(e){\n          e.preventDefault();\n          items0 = getItems(jQuery(this).serialize());\n          page0 = 0;\n          jQuery('#listItems0').html('');\n          displayItems0();\n        });\n\n        function getItems(datas)\n        {\n          datas = datasToArr(datas);\n          var newItems = [];\n          console.log(datas);\n          allItems0.forEach(function(item, index){\n            var addThis = true;\n            for (var i = 0; i < datas.length; i++) {\n              var index = datas[i];\n              i++;\n              var value = datas[i];\n              if (value == '' || !value) {\n                continue;\n              }\n              var type = '';\n              if (index == 'dateDeb' || index == 'dateFin') {\n                var dateTest = value.replace(\/%2F\/g, '\/');\n                dateTest = dateTest.split('\/').reverse().join('');\n                if (index == 'dateDeb'){\n                  var dateDeb = dateTest;\n                } else if (index == 'dateFin') {\n                  var dateFin = dateTest;\n                }\n                \/\/ var date = item.date.split('||');\n                \/\/ if(date.length > 1){\n                \/\/   dateDebSplit = date[0];\n                \/\/   dateFinSplit = date[1];\n                \/\/ }else{\n                \/\/   dateDebSplit = date[0];\n                \/\/   dateFinSplit = date[0];\n                \/\/ }\n                var DateDebTest = item.date.split('-').join('');\n                var DateFinTest = item.date.split('-').join('');\n                \/\/ if (item.ID == '553437') {\n                \/\/   console.log(item.date);\n                \/\/   \/\/console.log(DateFinTest);\n                \/\/ }\n                if (dateFin && dateDeb && DateDebTest && DateFinTest) {\n                  if (parseInt(DateFinTest) < parseInt(dateDeb) || parseInt(DateDebTest) > parseInt(dateFin)) {\n                    addThis = false;\n                  }\n                }\n              } else {\n                if (!fields0[item.ID][index]) {\n                  \/\/certaines fiches n'ont pas de capacit\u00e9 ou de nbr de chambres, il faut les afficher quand m\u00eame\n                  if(index != 'NBREEMPLACEMENTS' && index != 'CAPACITEACCUEIL' && index != 'NBRECOUVERTS'){\n                    addThis = false;\n                  }else{\n                    var values = value.split('-');\n                    if(parseInt(values[0], 10) != 0){\n                      addThis = false;\n                    }\n                  }\n                } else {\n                  var testValue = fields0[item.ID][index];\n                  if (typeof testValue != 'string') {\n                    testValue = testValue.toString();\n                  }\n                  if (index == 'tarifChDbl' || index == 'NBREPERS' || index == 'NBREEMPLACEMENTS' || index == 'nuitee' || index == 'tarifSemaine' || index == 'tarifResto' || index == 'CAPACITEACCUEIL' || index == 'NBRECOUVERTS') {\n                    type = 'range';\n                  }\n                  if (index == 'datesOuverture') {\n                    value = wpFeSanitizeTitle(value.split('%2F').reverse().join('\/'));\n                  }\n                  if (type == 'range') {\n                    var values = value.split('-');\n                    if (testValue < parseInt(values[0], 10) || testValue > parseInt(values[1], 10)) {\n                      addThis = false;\n                    }\n                  } else {\n\n                    if (wpFeSanitizeTitle(testValue).indexOf(value) == -1) {\n                      addThis = false;\n                    }\n                  }\n                }\n              }\n            }\n\n            if (addThis) {\n              newItems.push(item);\n            }\n          });\n          return newItems;\n        }\n\n\n                if (jQuery('#formSearch').length) {\n          \/\/ console.log('ITEMS : ');\n          \/\/ console.log(jQuery('#formSearch').length);\n          jQuery('#formSearch').submit();\n          \/\/ displayItems0();\n        } else {\n                    displayItems0();\n                  }\n\n              });\n    <\/script>\n    [\/vc_column][\/vc_row]<\/p><\/div>","protected":false},"excerpt":{"rendered":"<p>[vc_row][vc_column][vc_column_text] Wie zijn we ? Het adres van onze website is: https:\/\/www.yata.fr\/samoens. &nbsp; Gebruik van verzamelde persoonlijke gegevens &nbsp; Comments Wanneer u een opmerking achterlaat op onze website, worden de gegevens die zijn ingevoerd in het opmerkingenformulier, maar ook uw IP-adres en de user-agent van uw browser verzameld om ons te helpen ongewenste opmerkingen te [&hellip;]<\/p>\n","protected":false},"author":2,"featured_media":0,"parent":0,"menu_order":67,"comment_status":"closed","ping_status":"open","template":"","meta":{"_acf_changed":false,"footnotes":""},"class_list":["post-3187","page","type-page","status-publish","hentry"],"acf":[],"yoast_head":"<!-- This site is optimized with the Yoast SEO plugin v27.4 - https:\/\/yoast.com\/product\/yoast-seo-wordpress\/ -->\n<title>Privacybeleid<\/title>\n<meta name=\"description\" content=\"Gebruik van verzamelde persoonlijke gegevens\n\nComments\n\nWanneer u een opmerking achterlaat op onze website, worden de gegevens die zijn ingevoerd in het opmerkingenformulier, maar ook uw IP-adres en de user-agent van uw browser verzameld om ons te helpen ongewenste opmerkingen te detecteren.\" \/>\n<meta name=\"robots\" content=\"index, follow, max-snippet:-1, max-image-preview:large, max-video-preview:-1\" \/>\n<link rel=\"canonical\" href=\"https:\/\/www.samoens.com\/nl\/privacybeleid\/\" \/>\n<meta property=\"og:locale\" content=\"nl_NL\" \/>\n<meta property=\"og:type\" content=\"article\" \/>\n<meta property=\"og:title\" content=\"Privacybeleid\" \/>\n<meta property=\"og:description\" content=\"[vc_row][vc_column][vc_column_text] Wie zijn we ? Het adres van onze website is: https:\/\/www.yata.fr\/samoens. &nbsp; Gebruik van verzamelde persoonlijke gegevens &nbsp; Comments Wanneer u een opmerking achterlaat op onze website, worden de gegevens die zijn ingevoerd in het opmerkingenformulier, maar ook uw IP-adres en de user-agent van uw browser verzameld om ons te helpen ongewenste opmerkingen te [&hellip;]\" \/>\n<meta property=\"og:url\" content=\"https:\/\/www.samoens.com\/nl\/privacybeleid\/\" \/>\n<meta property=\"og:site_name\" content=\"Samo\u00ebns, station de ski et village authentique en Haute-Savoie\" \/>\n<meta property=\"article:modified_time\" content=\"2023-04-13T10:22:36+00:00\" \/>\n<meta name=\"twitter:card\" content=\"summary_large_image\" \/>\n<meta name=\"twitter:label1\" content=\"Geschatte leestijd\" \/>\n\t<meta name=\"twitter:data1\" content=\"3 minuten\" \/>\n<script type=\"application\/ld+json\" class=\"yoast-schema-graph\">{\"@context\":\"https:\\\/\\\/schema.org\",\"@graph\":[{\"@type\":\"WebPage\",\"@id\":\"https:\\\/\\\/www.samoens.com\\\/nl\\\/privacybeleid\\\/\",\"url\":\"https:\\\/\\\/www.samoens.com\\\/nl\\\/privacybeleid\\\/\",\"name\":\"Privacybeleid\",\"isPartOf\":{\"@id\":\"https:\\\/\\\/www.samoens.com\\\/#website\"},\"datePublished\":\"2019-08-21T09:13:47+00:00\",\"dateModified\":\"2023-04-13T10:22:36+00:00\",\"breadcrumb\":{\"@id\":\"https:\\\/\\\/www.samoens.com\\\/nl\\\/privacybeleid\\\/#breadcrumb\"},\"inLanguage\":\"nl-NL\",\"potentialAction\":[{\"@type\":\"ReadAction\",\"target\":[\"https:\\\/\\\/www.samoens.com\\\/nl\\\/privacybeleid\\\/\"]}]},{\"@type\":\"BreadcrumbList\",\"@id\":\"https:\\\/\\\/www.samoens.com\\\/nl\\\/privacybeleid\\\/#breadcrumb\",\"itemListElement\":[{\"@type\":\"ListItem\",\"position\":1,\"name\":\"Accueil\",\"item\":\"https:\\\/\\\/www.samoens.com\\\/nl\\\/\"},{\"@type\":\"ListItem\",\"position\":2,\"name\":\"Privacybeleid\"}]},{\"@type\":\"WebSite\",\"@id\":\"https:\\\/\\\/www.samoens.com\\\/#website\",\"url\":\"https:\\\/\\\/www.samoens.com\\\/\",\"name\":\"Samo\u00ebns, station de ski et village authentique en Haute-Savoie\",\"description\":\"Nich\u00e9e au coeur du domaine skiable du Grand Massif et \u00e0 moins d&#039;1h de Gen\u00e8ve, Samo\u00ebns rendra vos vacances inoubliables en \u00e9t\u00e9 comme en hiver\",\"potentialAction\":[{\"@type\":\"SearchAction\",\"target\":{\"@type\":\"EntryPoint\",\"urlTemplate\":\"https:\\\/\\\/www.samoens.com\\\/?s={search_term_string}\"},\"query-input\":{\"@type\":\"PropertyValueSpecification\",\"valueRequired\":true,\"valueName\":\"search_term_string\"}}],\"inLanguage\":\"nl-NL\"}]}<\/script>\n<!-- \/ Yoast SEO plugin. -->","yoast_head_json":{"title":"Privacybeleid","description":"Gebruik van verzamelde persoonlijke gegevens\n\nComments\n\nWanneer u een opmerking achterlaat op onze website, worden de gegevens die zijn ingevoerd in het opmerkingenformulier, maar ook uw IP-adres en de user-agent van uw browser verzameld om ons te helpen ongewenste opmerkingen te detecteren.","robots":{"index":"index","follow":"follow","max-snippet":"max-snippet:-1","max-image-preview":"max-image-preview:large","max-video-preview":"max-video-preview:-1"},"canonical":"https:\/\/www.samoens.com\/nl\/privacybeleid\/","og_locale":"nl_NL","og_type":"article","og_title":"Privacybeleid","og_description":"[vc_row][vc_column][vc_column_text] Wie zijn we ? Het adres van onze website is: https:\/\/www.yata.fr\/samoens. &nbsp; Gebruik van verzamelde persoonlijke gegevens &nbsp; Comments Wanneer u een opmerking achterlaat op onze website, worden de gegevens die zijn ingevoerd in het opmerkingenformulier, maar ook uw IP-adres en de user-agent van uw browser verzameld om ons te helpen ongewenste opmerkingen te [&hellip;]","og_url":"https:\/\/www.samoens.com\/nl\/privacybeleid\/","og_site_name":"Samo\u00ebns, station de ski et village authentique en Haute-Savoie","article_modified_time":"2023-04-13T10:22:36+00:00","twitter_card":"summary_large_image","twitter_misc":{"Geschatte leestijd":"3 minuten"},"schema":{"@context":"https:\/\/schema.org","@graph":[{"@type":"WebPage","@id":"https:\/\/www.samoens.com\/nl\/privacybeleid\/","url":"https:\/\/www.samoens.com\/nl\/privacybeleid\/","name":"Privacybeleid","isPartOf":{"@id":"https:\/\/www.samoens.com\/#website"},"datePublished":"2019-08-21T09:13:47+00:00","dateModified":"2023-04-13T10:22:36+00:00","breadcrumb":{"@id":"https:\/\/www.samoens.com\/nl\/privacybeleid\/#breadcrumb"},"inLanguage":"nl-NL","potentialAction":[{"@type":"ReadAction","target":["https:\/\/www.samoens.com\/nl\/privacybeleid\/"]}]},{"@type":"BreadcrumbList","@id":"https:\/\/www.samoens.com\/nl\/privacybeleid\/#breadcrumb","itemListElement":[{"@type":"ListItem","position":1,"name":"Accueil","item":"https:\/\/www.samoens.com\/nl\/"},{"@type":"ListItem","position":2,"name":"Privacybeleid"}]},{"@type":"WebSite","@id":"https:\/\/www.samoens.com\/#website","url":"https:\/\/www.samoens.com\/","name":"Samo\u00ebns, station de ski et village authentique en Haute-Savoie","description":"Nich\u00e9e au coeur du domaine skiable du Grand Massif et \u00e0 moins d&#039;1h de Gen\u00e8ve, Samo\u00ebns rendra vos vacances inoubliables en \u00e9t\u00e9 comme en hiver","potentialAction":[{"@type":"SearchAction","target":{"@type":"EntryPoint","urlTemplate":"https:\/\/www.samoens.com\/?s={search_term_string}"},"query-input":{"@type":"PropertyValueSpecification","valueRequired":true,"valueName":"search_term_string"}}],"inLanguage":"nl-NL"}]}},"_links":{"self":[{"href":"https:\/\/www.samoens.com\/nl\/wp-json\/wp\/v2\/pages\/3187","targetHints":{"allow":["GET"]}}],"collection":[{"href":"https:\/\/www.samoens.com\/nl\/wp-json\/wp\/v2\/pages"}],"about":[{"href":"https:\/\/www.samoens.com\/nl\/wp-json\/wp\/v2\/types\/page"}],"author":[{"embeddable":true,"href":"https:\/\/www.samoens.com\/nl\/wp-json\/wp\/v2\/users\/2"}],"replies":[{"embeddable":true,"href":"https:\/\/www.samoens.com\/nl\/wp-json\/wp\/v2\/comments?post=3187"}],"version-history":[{"count":1,"href":"https:\/\/www.samoens.com\/nl\/wp-json\/wp\/v2\/pages\/3187\/revisions"}],"predecessor-version":[{"id":578330,"href":"https:\/\/www.samoens.com\/nl\/wp-json\/wp\/v2\/pages\/3187\/revisions\/578330"}],"wp:attachment":[{"href":"https:\/\/www.samoens.com\/nl\/wp-json\/wp\/v2\/media?parent=3187"}],"curies":[{"name":"wp","href":"https:\/\/api.w.org\/{rel}","templated":true}]}}