{"id":3121,"date":"2019-08-20T16:00:28","date_gmt":"2019-08-20T14:00:28","guid":{"rendered":"https:\/\/www.samoens.com\/?page_id=3121"},"modified":"2019-08-26T16:20:35","modified_gmt":"2019-08-26T14:20:35","slug":"mtb-verhuur-enduro","status":"publish","type":"page","link":"https:\/\/www.samoens.com\/nl\/zomeractiviteiten\/2-wielen\/atv\/mtb-verhuur-enduro\/","title":{"rendered":"MTB verhuur &#8211; enduro"},"content":{"rendered":"<div class=\"wpb-content-wrapper\"><p>[vc_row][vc_column][vc_column_text]Ontdek onze selectie van enduro mountainbikeverhuurdiensten. Kies uit vele modellen en huur deze twee wielen. Eenmaal in het zadel kunt u bladeren door de vele tracks en circuits gewijd tussen Samoens en Morillon, de afdaling van het Grand Massif of het circuit van de vlakte van Vallon. Dit zijn een paar honderd kilometer van zowel rustige als sportieve routes, voor liefhebbers van downhill of enduro. Uw verblijf in de bergen wordt onderbroken door de ontdekking van de alpiene natuur en de spanning die gepaard gaat met de praktijk van enduro.[\/vc_column_text][\/vc_column][\/vc_row]<\/p>\n<\/div>","protected":false},"excerpt":{"rendered":"<p>[vc_row][vc_column][vc_column_text]Ontdek onze selectie van enduro mountainbikeverhuurdiensten. Kies uit vele modellen en huur deze twee wielen. Eenmaal in het zadel kunt u bladeren door de vele tracks en circuits gewijd tussen Samoens en Morillon, de afdaling van het Grand Massif of het circuit van de vlakte van Vallon. Dit zijn een paar honderd kilometer van zowel [&hellip;]<\/p>\n","protected":false},"author":2,"featured_media":0,"parent":3379,"menu_order":1,"comment_status":"closed","ping_status":"closed","template":"template-liste-apidae.php","meta":{"_acf_changed":false,"footnotes":""},"class_list":["post-3121","page","type-page","status-publish","hentry"],"acf":[],"yoast_head":"<!-- This site is optimized with the Yoast SEO plugin v27.2 - https:\/\/yoast.com\/product\/yoast-seo-wordpress\/ -->\n<title>MTB verhuur - enduro Samo\u00ebns, station de ski et village authentique en Haute-Savoie<\/title>\n<meta name=\"robots\" content=\"index, follow, max-snippet:-1, max-image-preview:large, max-video-preview:-1\" \/>\n<link rel=\"canonical\" href=\"https:\/\/www.samoens.com\/nl\/zomeractiviteiten\/2-wielen\/atv\/mtb-verhuur-enduro\/\" \/>\n<meta property=\"og:locale\" content=\"nl_NL\" \/>\n<meta property=\"og:type\" content=\"article\" \/>\n<meta property=\"og:title\" content=\"MTB verhuur - enduro Samo\u00ebns, station de ski et village authentique en Haute-Savoie\" \/>\n<meta property=\"og:description\" content=\"[vc_row][vc_column][vc_column_text]Ontdek onze selectie van enduro mountainbikeverhuurdiensten. Kies uit vele modellen en huur deze twee wielen. Eenmaal in het zadel kunt u bladeren door de vele tracks en circuits gewijd tussen Samoens en Morillon, de afdaling van het Grand Massif of het circuit van de vlakte van Vallon. Dit zijn een paar honderd kilometer van zowel [&hellip;]\" \/>\n<meta property=\"og:url\" content=\"https:\/\/www.samoens.com\/nl\/zomeractiviteiten\/2-wielen\/atv\/mtb-verhuur-enduro\/\" \/>\n<meta property=\"og:site_name\" content=\"Samo\u00ebns, station de ski et village authentique en Haute-Savoie\" \/>\n<meta property=\"article:modified_time\" content=\"2019-08-26T14:20:35+00:00\" \/>\n<meta name=\"twitter:card\" content=\"summary_large_image\" \/>\n<meta name=\"twitter:label1\" content=\"Geschatte leestijd\" \/>\n\t<meta name=\"twitter:data1\" content=\"1 minuut\" \/>\n<script type=\"application\/ld+json\" class=\"yoast-schema-graph\">{\"@context\":\"https:\/\/schema.org\",\"@graph\":[{\"@type\":\"WebPage\",\"@id\":\"https:\/\/www.samoens.com\/nl\/zomeractiviteiten\/2-wielen\/atv\/mtb-verhuur-enduro\/\",\"url\":\"https:\/\/www.samoens.com\/nl\/zomeractiviteiten\/2-wielen\/atv\/mtb-verhuur-enduro\/\",\"name\":\"MTB verhuur - enduro Samo\u00ebns, station de ski et village authentique en Haute-Savoie\",\"isPartOf\":{\"@id\":\"https:\/\/www.samoens.com\/#website\"},\"datePublished\":\"2019-08-20T14:00:28+00:00\",\"dateModified\":\"2019-08-26T14:20:35+00:00\",\"breadcrumb\":{\"@id\":\"https:\/\/www.samoens.com\/nl\/zomeractiviteiten\/2-wielen\/atv\/mtb-verhuur-enduro\/#breadcrumb\"},\"inLanguage\":\"nl-NL\",\"potentialAction\":[{\"@type\":\"ReadAction\",\"target\":[\"https:\/\/www.samoens.com\/nl\/zomeractiviteiten\/2-wielen\/atv\/mtb-verhuur-enduro\/\"]}]},{\"@type\":\"BreadcrumbList\",\"@id\":\"https:\/\/www.samoens.com\/nl\/zomeractiviteiten\/2-wielen\/atv\/mtb-verhuur-enduro\/#breadcrumb\",\"itemListElement\":[{\"@type\":\"ListItem\",\"position\":1,\"name\":\"Accueil\",\"item\":\"https:\/\/www.samoens.com\/nl\/\"},{\"@type\":\"ListItem\",\"position\":2,\"name\":\"VTT\",\"item\":\"https:\/\/www.samoens.com\/nl\/zomeractiviteiten\/2-wielen\/atv\/\"},{\"@type\":\"ListItem\",\"position\":3,\"name\":\"2 wielen\",\"item\":\"https:\/\/www.samoens.com\/nl\/zomeractiviteiten\/2-wielen\/\"},{\"@type\":\"ListItem\",\"position\":4,\"name\":\"zomeractiviteiten\",\"item\":\"https:\/\/www.samoens.com\/nl\/zomeractiviteiten\/\"},{\"@type\":\"ListItem\",\"position\":5,\"name\":\"MTB verhuur &#8211; enduro\"}]},{\"@type\":\"WebSite\",\"@id\":\"https:\/\/www.samoens.com\/#website\",\"url\":\"https:\/\/www.samoens.com\/\",\"name\":\"Samo\u00ebns, station de ski et village authentique en Haute-Savoie\",\"description\":\"Nich\u00e9e au coeur du domaine skiable du Grand Massif et \u00e0 moins d&#039;1h de Gen\u00e8ve, Samo\u00ebns rendra vos vacances inoubliables en \u00e9t\u00e9 comme en hiver\",\"potentialAction\":[{\"@type\":\"SearchAction\",\"target\":{\"@type\":\"EntryPoint\",\"urlTemplate\":\"https:\/\/www.samoens.com\/?s={search_term_string}\"},\"query-input\":{\"@type\":\"PropertyValueSpecification\",\"valueRequired\":true,\"valueName\":\"search_term_string\"}}],\"inLanguage\":\"nl-NL\"}]}<\/script>\n<!-- \/ Yoast SEO plugin. -->","yoast_head_json":{"title":"MTB verhuur - enduro Samo\u00ebns, station de ski et village authentique en Haute-Savoie","robots":{"index":"index","follow":"follow","max-snippet":"max-snippet:-1","max-image-preview":"max-image-preview:large","max-video-preview":"max-video-preview:-1"},"canonical":"https:\/\/www.samoens.com\/nl\/zomeractiviteiten\/2-wielen\/atv\/mtb-verhuur-enduro\/","og_locale":"nl_NL","og_type":"article","og_title":"MTB verhuur - enduro Samo\u00ebns, station de ski et village authentique en Haute-Savoie","og_description":"[vc_row][vc_column][vc_column_text]Ontdek onze selectie van enduro mountainbikeverhuurdiensten. Kies uit vele modellen en huur deze twee wielen. Eenmaal in het zadel kunt u bladeren door de vele tracks en circuits gewijd tussen Samoens en Morillon, de afdaling van het Grand Massif of het circuit van de vlakte van Vallon. Dit zijn een paar honderd kilometer van zowel [&hellip;]","og_url":"https:\/\/www.samoens.com\/nl\/zomeractiviteiten\/2-wielen\/atv\/mtb-verhuur-enduro\/","og_site_name":"Samo\u00ebns, station de ski et village authentique en Haute-Savoie","article_modified_time":"2019-08-26T14:20:35+00:00","twitter_card":"summary_large_image","twitter_misc":{"Geschatte leestijd":"1 minuut"},"schema":{"@context":"https:\/\/schema.org","@graph":[{"@type":"WebPage","@id":"https:\/\/www.samoens.com\/nl\/zomeractiviteiten\/2-wielen\/atv\/mtb-verhuur-enduro\/","url":"https:\/\/www.samoens.com\/nl\/zomeractiviteiten\/2-wielen\/atv\/mtb-verhuur-enduro\/","name":"MTB verhuur - enduro Samo\u00ebns, station de ski et village authentique en Haute-Savoie","isPartOf":{"@id":"https:\/\/www.samoens.com\/#website"},"datePublished":"2019-08-20T14:00:28+00:00","dateModified":"2019-08-26T14:20:35+00:00","breadcrumb":{"@id":"https:\/\/www.samoens.com\/nl\/zomeractiviteiten\/2-wielen\/atv\/mtb-verhuur-enduro\/#breadcrumb"},"inLanguage":"nl-NL","potentialAction":[{"@type":"ReadAction","target":["https:\/\/www.samoens.com\/nl\/zomeractiviteiten\/2-wielen\/atv\/mtb-verhuur-enduro\/"]}]},{"@type":"BreadcrumbList","@id":"https:\/\/www.samoens.com\/nl\/zomeractiviteiten\/2-wielen\/atv\/mtb-verhuur-enduro\/#breadcrumb","itemListElement":[{"@type":"ListItem","position":1,"name":"Accueil","item":"https:\/\/www.samoens.com\/nl\/"},{"@type":"ListItem","position":2,"name":"VTT","item":"https:\/\/www.samoens.com\/nl\/zomeractiviteiten\/2-wielen\/atv\/"},{"@type":"ListItem","position":3,"name":"2 wielen","item":"https:\/\/www.samoens.com\/nl\/zomeractiviteiten\/2-wielen\/"},{"@type":"ListItem","position":4,"name":"zomeractiviteiten","item":"https:\/\/www.samoens.com\/nl\/zomeractiviteiten\/"},{"@type":"ListItem","position":5,"name":"MTB verhuur &#8211; enduro"}]},{"@type":"WebSite","@id":"https:\/\/www.samoens.com\/#website","url":"https:\/\/www.samoens.com\/","name":"Samo\u00ebns, station de ski et village authentique en Haute-Savoie","description":"Nich\u00e9e au coeur du domaine skiable du Grand Massif et \u00e0 moins d&#039;1h de Gen\u00e8ve, Samo\u00ebns rendra vos vacances inoubliables en \u00e9t\u00e9 comme en hiver","potentialAction":[{"@type":"SearchAction","target":{"@type":"EntryPoint","urlTemplate":"https:\/\/www.samoens.com\/?s={search_term_string}"},"query-input":{"@type":"PropertyValueSpecification","valueRequired":true,"valueName":"search_term_string"}}],"inLanguage":"nl-NL"}]}},"_links":{"self":[{"href":"https:\/\/www.samoens.com\/nl\/wp-json\/wp\/v2\/pages\/3121","targetHints":{"allow":["GET"]}}],"collection":[{"href":"https:\/\/www.samoens.com\/nl\/wp-json\/wp\/v2\/pages"}],"about":[{"href":"https:\/\/www.samoens.com\/nl\/wp-json\/wp\/v2\/types\/page"}],"author":[{"embeddable":true,"href":"https:\/\/www.samoens.com\/nl\/wp-json\/wp\/v2\/users\/2"}],"replies":[{"embeddable":true,"href":"https:\/\/www.samoens.com\/nl\/wp-json\/wp\/v2\/comments?post=3121"}],"version-history":[{"count":0,"href":"https:\/\/www.samoens.com\/nl\/wp-json\/wp\/v2\/pages\/3121\/revisions"}],"up":[{"embeddable":true,"href":"https:\/\/www.samoens.com\/nl\/wp-json\/wp\/v2\/pages\/3379"}],"wp:attachment":[{"href":"https:\/\/www.samoens.com\/nl\/wp-json\/wp\/v2\/media?parent=3121"}],"curies":[{"name":"wp","href":"https:\/\/api.w.org\/{rel}","templated":true}]}}