{"id":3014,"date":"2019-08-20T11:35:59","date_gmt":"2019-08-20T09:35:59","guid":{"rendered":"https:\/\/www.samoens.com\/?page_id=3014"},"modified":"2019-08-20T11:37:33","modified_gmt":"2019-08-20T09:37:33","slug":"lake-joux-plane","status":"publish","type":"page","link":"https:\/\/www.samoens.com\/nl\/lake-joux-plane\/","title":{"rendered":"Lake Joux Plane"},"content":{"rendered":"<div class=\"wpb-content-wrapper\"><p>[vc_row][vc_column][vc_column_text]Lake Joux Plane, bereikbaar met de auto, is de ideale plek om met het gezin van de natuur te genieten. Gelegen tussen Samo\u00ebns en Morzine en geopend van 26 juni tot 31 december (afhankelijk van de sneeuwcondities), kunt u ontspannen in een zachte bergachtige omgeving. Het natuurgebied is uitgerust met een picknickplaats en een parkeerplaats. Doe ook vol met activiteiten: vissen (kaart ter plaatse kopen), wandelingen en wandelingen te midden van weiden: uitgestippelde routes. Langlaufen en sneeuwschoenen zijn in de winter mogelijk. U zult onvergetelijke herinneringen brengen, ongeacht het seizoen![\/vc_column_text][\/vc_column][\/vc_row]<\/p>\n<\/div>","protected":false},"excerpt":{"rendered":"<p>[vc_row][vc_column][vc_column_text]Lake Joux Plane, bereikbaar met de auto, is de ideale plek om met het gezin van de natuur te genieten. Gelegen tussen Samo\u00ebns en Morzine en geopend van 26 juni tot 31 december (afhankelijk van de sneeuwcondities), kunt u ontspannen in een zachte bergachtige omgeving. Het natuurgebied is uitgerust met een picknickplaats en een parkeerplaats. [&hellip;]<\/p>\n","protected":false},"author":2,"featured_media":580664,"parent":0,"menu_order":42,"comment_status":"closed","ping_status":"closed","template":"","meta":{"_acf_changed":false,"footnotes":""},"class_list":["post-3014","page","type-page","status-publish","hentry"],"acf":[],"yoast_head":"<!-- This site is optimized with the Yoast SEO plugin v27.2 - https:\/\/yoast.com\/product\/yoast-seo-wordpress\/ -->\n<title>Lake Joux Plane Samo\u00ebns, station de ski et village authentique en Haute-Savoie<\/title>\n<meta name=\"robots\" content=\"index, follow, max-snippet:-1, max-image-preview:large, max-video-preview:-1\" \/>\n<link rel=\"canonical\" href=\"https:\/\/www.samoens.com\/nl\/lake-joux-plane\/\" \/>\n<meta property=\"og:locale\" content=\"nl_NL\" \/>\n<meta property=\"og:type\" content=\"article\" \/>\n<meta property=\"og:title\" content=\"Lake Joux Plane Samo\u00ebns, station de ski et village authentique en Haute-Savoie\" \/>\n<meta property=\"og:description\" content=\"[vc_row][vc_column][vc_column_text]Lake Joux Plane, bereikbaar met de auto, is de ideale plek om met het gezin van de natuur te genieten. Gelegen tussen Samo\u00ebns en Morzine en geopend van 26 juni tot 31 december (afhankelijk van de sneeuwcondities), kunt u ontspannen in een zachte bergachtige omgeving. Het natuurgebied is uitgerust met een picknickplaats en een parkeerplaats. [&hellip;]\" \/>\n<meta property=\"og:url\" content=\"https:\/\/www.samoens.com\/nl\/lake-joux-plane\/\" \/>\n<meta property=\"og:site_name\" content=\"Samo\u00ebns, station de ski et village authentique en Haute-Savoie\" \/>\n<meta property=\"article:modified_time\" content=\"2019-08-20T09:37:33+00:00\" \/>\n<meta name=\"twitter:card\" content=\"summary_large_image\" \/>\n<meta name=\"twitter:label1\" content=\"Geschatte leestijd\" \/>\n\t<meta name=\"twitter:data1\" content=\"1 minuut\" \/>\n<script type=\"application\/ld+json\" class=\"yoast-schema-graph\">{\"@context\":\"https:\/\/schema.org\",\"@graph\":[{\"@type\":\"WebPage\",\"@id\":\"https:\/\/www.samoens.com\/nl\/lake-joux-plane\/\",\"url\":\"https:\/\/www.samoens.com\/nl\/lake-joux-plane\/\",\"name\":\"Lake Joux Plane Samo\u00ebns, station de ski et village authentique en Haute-Savoie\",\"isPartOf\":{\"@id\":\"https:\/\/www.samoens.com\/#website\"},\"primaryImageOfPage\":{\"@id\":\"https:\/\/www.samoens.com\/nl\/lake-joux-plane\/#primaryimage\"},\"image\":{\"@id\":\"https:\/\/www.samoens.com\/nl\/lake-joux-plane\/#primaryimage\"},\"thumbnailUrl\":\"https:\/\/www.samoens.com\/wp-content\/uploads\/2023\/08\/Lac-Joux-Plane-Samoens.jpg\",\"datePublished\":\"2019-08-20T09:35:59+00:00\",\"dateModified\":\"2019-08-20T09:37:33+00:00\",\"breadcrumb\":{\"@id\":\"https:\/\/www.samoens.com\/nl\/lake-joux-plane\/#breadcrumb\"},\"inLanguage\":\"nl-NL\",\"potentialAction\":[{\"@type\":\"ReadAction\",\"target\":[\"https:\/\/www.samoens.com\/nl\/lake-joux-plane\/\"]}]},{\"@type\":\"ImageObject\",\"inLanguage\":\"nl-NL\",\"@id\":\"https:\/\/www.samoens.com\/nl\/lake-joux-plane\/#primaryimage\",\"url\":\"https:\/\/www.samoens.com\/wp-content\/uploads\/2023\/08\/Lac-Joux-Plane-Samoens.jpg\",\"contentUrl\":\"https:\/\/www.samoens.com\/wp-content\/uploads\/2023\/08\/Lac-Joux-Plane-Samoens.jpg\",\"width\":2048,\"height\":1534,\"caption\":\"default\"},{\"@type\":\"BreadcrumbList\",\"@id\":\"https:\/\/www.samoens.com\/nl\/lake-joux-plane\/#breadcrumb\",\"itemListElement\":[{\"@type\":\"ListItem\",\"position\":1,\"name\":\"Accueil\",\"item\":\"https:\/\/www.samoens.com\/nl\/\"},{\"@type\":\"ListItem\",\"position\":2,\"name\":\"Lake Joux Plane\"}]},{\"@type\":\"WebSite\",\"@id\":\"https:\/\/www.samoens.com\/#website\",\"url\":\"https:\/\/www.samoens.com\/\",\"name\":\"Samo\u00ebns, station de ski et village authentique en Haute-Savoie\",\"description\":\"Nich\u00e9e au coeur du domaine skiable du Grand Massif et \u00e0 moins d&#039;1h de Gen\u00e8ve, Samo\u00ebns rendra vos vacances inoubliables en \u00e9t\u00e9 comme en hiver\",\"potentialAction\":[{\"@type\":\"SearchAction\",\"target\":{\"@type\":\"EntryPoint\",\"urlTemplate\":\"https:\/\/www.samoens.com\/?s={search_term_string}\"},\"query-input\":{\"@type\":\"PropertyValueSpecification\",\"valueRequired\":true,\"valueName\":\"search_term_string\"}}],\"inLanguage\":\"nl-NL\"}]}<\/script>\n<!-- \/ Yoast SEO plugin. -->","yoast_head_json":{"title":"Lake Joux Plane Samo\u00ebns, station de ski et village authentique en Haute-Savoie","robots":{"index":"index","follow":"follow","max-snippet":"max-snippet:-1","max-image-preview":"max-image-preview:large","max-video-preview":"max-video-preview:-1"},"canonical":"https:\/\/www.samoens.com\/nl\/lake-joux-plane\/","og_locale":"nl_NL","og_type":"article","og_title":"Lake Joux Plane Samo\u00ebns, station de ski et village authentique en Haute-Savoie","og_description":"[vc_row][vc_column][vc_column_text]Lake Joux Plane, bereikbaar met de auto, is de ideale plek om met het gezin van de natuur te genieten. Gelegen tussen Samo\u00ebns en Morzine en geopend van 26 juni tot 31 december (afhankelijk van de sneeuwcondities), kunt u ontspannen in een zachte bergachtige omgeving. Het natuurgebied is uitgerust met een picknickplaats en een parkeerplaats. [&hellip;]","og_url":"https:\/\/www.samoens.com\/nl\/lake-joux-plane\/","og_site_name":"Samo\u00ebns, station de ski et village authentique en Haute-Savoie","article_modified_time":"2019-08-20T09:37:33+00:00","twitter_card":"summary_large_image","twitter_misc":{"Geschatte leestijd":"1 minuut"},"schema":{"@context":"https:\/\/schema.org","@graph":[{"@type":"WebPage","@id":"https:\/\/www.samoens.com\/nl\/lake-joux-plane\/","url":"https:\/\/www.samoens.com\/nl\/lake-joux-plane\/","name":"Lake Joux Plane Samo\u00ebns, station de ski et village authentique en Haute-Savoie","isPartOf":{"@id":"https:\/\/www.samoens.com\/#website"},"primaryImageOfPage":{"@id":"https:\/\/www.samoens.com\/nl\/lake-joux-plane\/#primaryimage"},"image":{"@id":"https:\/\/www.samoens.com\/nl\/lake-joux-plane\/#primaryimage"},"thumbnailUrl":"https:\/\/www.samoens.com\/wp-content\/uploads\/2023\/08\/Lac-Joux-Plane-Samoens.jpg","datePublished":"2019-08-20T09:35:59+00:00","dateModified":"2019-08-20T09:37:33+00:00","breadcrumb":{"@id":"https:\/\/www.samoens.com\/nl\/lake-joux-plane\/#breadcrumb"},"inLanguage":"nl-NL","potentialAction":[{"@type":"ReadAction","target":["https:\/\/www.samoens.com\/nl\/lake-joux-plane\/"]}]},{"@type":"ImageObject","inLanguage":"nl-NL","@id":"https:\/\/www.samoens.com\/nl\/lake-joux-plane\/#primaryimage","url":"https:\/\/www.samoens.com\/wp-content\/uploads\/2023\/08\/Lac-Joux-Plane-Samoens.jpg","contentUrl":"https:\/\/www.samoens.com\/wp-content\/uploads\/2023\/08\/Lac-Joux-Plane-Samoens.jpg","width":2048,"height":1534,"caption":"default"},{"@type":"BreadcrumbList","@id":"https:\/\/www.samoens.com\/nl\/lake-joux-plane\/#breadcrumb","itemListElement":[{"@type":"ListItem","position":1,"name":"Accueil","item":"https:\/\/www.samoens.com\/nl\/"},{"@type":"ListItem","position":2,"name":"Lake Joux Plane"}]},{"@type":"WebSite","@id":"https:\/\/www.samoens.com\/#website","url":"https:\/\/www.samoens.com\/","name":"Samo\u00ebns, station de ski et village authentique en Haute-Savoie","description":"Nich\u00e9e au coeur du domaine skiable du Grand Massif et \u00e0 moins d&#039;1h de Gen\u00e8ve, Samo\u00ebns rendra vos vacances inoubliables en \u00e9t\u00e9 comme en hiver","potentialAction":[{"@type":"SearchAction","target":{"@type":"EntryPoint","urlTemplate":"https:\/\/www.samoens.com\/?s={search_term_string}"},"query-input":{"@type":"PropertyValueSpecification","valueRequired":true,"valueName":"search_term_string"}}],"inLanguage":"nl-NL"}]}},"_links":{"self":[{"href":"https:\/\/www.samoens.com\/nl\/wp-json\/wp\/v2\/pages\/3014","targetHints":{"allow":["GET"]}}],"collection":[{"href":"https:\/\/www.samoens.com\/nl\/wp-json\/wp\/v2\/pages"}],"about":[{"href":"https:\/\/www.samoens.com\/nl\/wp-json\/wp\/v2\/types\/page"}],"author":[{"embeddable":true,"href":"https:\/\/www.samoens.com\/nl\/wp-json\/wp\/v2\/users\/2"}],"replies":[{"embeddable":true,"href":"https:\/\/www.samoens.com\/nl\/wp-json\/wp\/v2\/comments?post=3014"}],"version-history":[{"count":0,"href":"https:\/\/www.samoens.com\/nl\/wp-json\/wp\/v2\/pages\/3014\/revisions"}],"wp:featuredmedia":[{"embeddable":true,"href":"https:\/\/www.samoens.com\/nl\/wp-json\/wp\/v2\/media\/580664"}],"wp:attachment":[{"href":"https:\/\/www.samoens.com\/nl\/wp-json\/wp\/v2\/media?parent=3014"}],"curies":[{"name":"wp","href":"https:\/\/api.w.org\/{rel}","templated":true}]}}