{"id":3010,"date":"2019-08-20T11:28:07","date_gmt":"2019-08-20T09:28:07","guid":{"rendered":"https:\/\/www.samoens.com\/?page_id=3010"},"modified":"2019-08-20T11:28:07","modified_gmt":"2019-08-20T09:28:07","slug":"lac-de-gers","status":"publish","type":"page","link":"https:\/\/www.samoens.com\/nl\/lac-de-gers\/","title":{"rendered":"Lac de Gers"},"content":{"rendered":"<div class=\"wpb-content-wrapper\"><p>[vc_row][vc_column][vc_column_text]Ontdek een van de belangrijkste locaties van de Alpen, een combinatie van landschappen en dieren in het wild (permanente aanwezigheid van gemzen en marmotten) in de Giffre-vallei. Lac de Gers ligt aan de andere kant van Rocher des Fiz, op het terrein van het Grand Massif, tussen Samo\u00ebns en Flaine. Dit natuurgebied, gelegen op 1540 meter boven de zeespiegel in de hoogten van Samo\u00ebns, is een aangenaam doel voor een familie-uitje. Een ode aan schoonheid en dagdromen, dus voor natuurliefhebbers![\/vc_column_text][\/vc_column][\/vc_row]<\/p>\n<\/div>","protected":false},"excerpt":{"rendered":"<p>[vc_row][vc_column][vc_column_text]Ontdek een van de belangrijkste locaties van de Alpen, een combinatie van landschappen en dieren in het wild (permanente aanwezigheid van gemzen en marmotten) in de Giffre-vallei. Lac de Gers ligt aan de andere kant van Rocher des Fiz, op het terrein van het Grand Massif, tussen Samo\u00ebns en Flaine. Dit natuurgebied, gelegen op 1540 [&hellip;]<\/p>\n","protected":false},"author":2,"featured_media":580669,"parent":0,"menu_order":43,"comment_status":"closed","ping_status":"closed","template":"","meta":{"_acf_changed":false,"footnotes":""},"class_list":["post-3010","page","type-page","status-publish","hentry"],"acf":[],"yoast_head":"<!-- This site is optimized with the Yoast SEO plugin v27.5 - https:\/\/yoast.com\/product\/yoast-seo-wordpress\/ -->\n<title>Lac de Gers Samo\u00ebns, station de ski et village authentique en Haute-Savoie<\/title>\n<meta name=\"robots\" content=\"index, follow, max-snippet:-1, max-image-preview:large, max-video-preview:-1\" \/>\n<link rel=\"canonical\" href=\"https:\/\/www.samoens.com\/nl\/lac-de-gers\/\" \/>\n<meta property=\"og:locale\" content=\"nl_NL\" \/>\n<meta property=\"og:type\" content=\"article\" \/>\n<meta property=\"og:title\" content=\"Lac de Gers Samo\u00ebns, station de ski et village authentique en Haute-Savoie\" \/>\n<meta property=\"og:description\" content=\"[vc_row][vc_column][vc_column_text]Ontdek een van de belangrijkste locaties van de Alpen, een combinatie van landschappen en dieren in het wild (permanente aanwezigheid van gemzen en marmotten) in de Giffre-vallei. Lac de Gers ligt aan de andere kant van Rocher des Fiz, op het terrein van het Grand Massif, tussen Samo\u00ebns en Flaine. Dit natuurgebied, gelegen op 1540 [&hellip;]\" \/>\n<meta property=\"og:url\" content=\"https:\/\/www.samoens.com\/nl\/lac-de-gers\/\" \/>\n<meta property=\"og:site_name\" content=\"Samo\u00ebns, station de ski et village authentique en Haute-Savoie\" \/>\n<meta name=\"twitter:card\" content=\"summary_large_image\" \/>\n<script type=\"application\/ld+json\" class=\"yoast-schema-graph\">{\"@context\":\"https:\\\/\\\/schema.org\",\"@graph\":[{\"@type\":\"WebPage\",\"@id\":\"https:\\\/\\\/www.samoens.com\\\/nl\\\/lac-de-gers\\\/\",\"url\":\"https:\\\/\\\/www.samoens.com\\\/nl\\\/lac-de-gers\\\/\",\"name\":\"Lac de Gers Samo\u00ebns, station de ski et village authentique en Haute-Savoie\",\"isPartOf\":{\"@id\":\"https:\\\/\\\/www.samoens.com\\\/#website\"},\"primaryImageOfPage\":{\"@id\":\"https:\\\/\\\/www.samoens.com\\\/nl\\\/lac-de-gers\\\/#primaryimage\"},\"image\":{\"@id\":\"https:\\\/\\\/www.samoens.com\\\/nl\\\/lac-de-gers\\\/#primaryimage\"},\"thumbnailUrl\":\"https:\\\/\\\/www.samoens.com\\\/wp-content\\\/uploads\\\/2023\\\/08\\\/lac-de-gers-en-ete.jpg\",\"datePublished\":\"2019-08-20T09:28:07+00:00\",\"breadcrumb\":{\"@id\":\"https:\\\/\\\/www.samoens.com\\\/nl\\\/lac-de-gers\\\/#breadcrumb\"},\"inLanguage\":\"nl-NL\",\"potentialAction\":[{\"@type\":\"ReadAction\",\"target\":[\"https:\\\/\\\/www.samoens.com\\\/nl\\\/lac-de-gers\\\/\"]}]},{\"@type\":\"ImageObject\",\"inLanguage\":\"nl-NL\",\"@id\":\"https:\\\/\\\/www.samoens.com\\\/nl\\\/lac-de-gers\\\/#primaryimage\",\"url\":\"https:\\\/\\\/www.samoens.com\\\/wp-content\\\/uploads\\\/2023\\\/08\\\/lac-de-gers-en-ete.jpg\",\"contentUrl\":\"https:\\\/\\\/www.samoens.com\\\/wp-content\\\/uploads\\\/2023\\\/08\\\/lac-de-gers-en-ete.jpg\",\"width\":2048,\"height\":1365},{\"@type\":\"BreadcrumbList\",\"@id\":\"https:\\\/\\\/www.samoens.com\\\/nl\\\/lac-de-gers\\\/#breadcrumb\",\"itemListElement\":[{\"@type\":\"ListItem\",\"position\":1,\"name\":\"Accueil\",\"item\":\"https:\\\/\\\/www.samoens.com\\\/nl\\\/\"},{\"@type\":\"ListItem\",\"position\":2,\"name\":\"Lac de Gers\"}]},{\"@type\":\"WebSite\",\"@id\":\"https:\\\/\\\/www.samoens.com\\\/#website\",\"url\":\"https:\\\/\\\/www.samoens.com\\\/\",\"name\":\"Samo\u00ebns, station de ski et village authentique en Haute-Savoie\",\"description\":\"Nich\u00e9e au coeur du domaine skiable du Grand Massif et \u00e0 moins d&#039;1h de Gen\u00e8ve, Samo\u00ebns rendra vos vacances inoubliables en \u00e9t\u00e9 comme en hiver\",\"potentialAction\":[{\"@type\":\"SearchAction\",\"target\":{\"@type\":\"EntryPoint\",\"urlTemplate\":\"https:\\\/\\\/www.samoens.com\\\/?s={search_term_string}\"},\"query-input\":{\"@type\":\"PropertyValueSpecification\",\"valueRequired\":true,\"valueName\":\"search_term_string\"}}],\"inLanguage\":\"nl-NL\"}]}<\/script>\n<!-- \/ Yoast SEO plugin. -->","yoast_head_json":{"title":"Lac de Gers Samo\u00ebns, station de ski et village authentique en Haute-Savoie","robots":{"index":"index","follow":"follow","max-snippet":"max-snippet:-1","max-image-preview":"max-image-preview:large","max-video-preview":"max-video-preview:-1"},"canonical":"https:\/\/www.samoens.com\/nl\/lac-de-gers\/","og_locale":"nl_NL","og_type":"article","og_title":"Lac de Gers Samo\u00ebns, station de ski et village authentique en Haute-Savoie","og_description":"[vc_row][vc_column][vc_column_text]Ontdek een van de belangrijkste locaties van de Alpen, een combinatie van landschappen en dieren in het wild (permanente aanwezigheid van gemzen en marmotten) in de Giffre-vallei. Lac de Gers ligt aan de andere kant van Rocher des Fiz, op het terrein van het Grand Massif, tussen Samo\u00ebns en Flaine. Dit natuurgebied, gelegen op 1540 [&hellip;]","og_url":"https:\/\/www.samoens.com\/nl\/lac-de-gers\/","og_site_name":"Samo\u00ebns, station de ski et village authentique en Haute-Savoie","twitter_card":"summary_large_image","schema":{"@context":"https:\/\/schema.org","@graph":[{"@type":"WebPage","@id":"https:\/\/www.samoens.com\/nl\/lac-de-gers\/","url":"https:\/\/www.samoens.com\/nl\/lac-de-gers\/","name":"Lac de Gers Samo\u00ebns, station de ski et village authentique en Haute-Savoie","isPartOf":{"@id":"https:\/\/www.samoens.com\/#website"},"primaryImageOfPage":{"@id":"https:\/\/www.samoens.com\/nl\/lac-de-gers\/#primaryimage"},"image":{"@id":"https:\/\/www.samoens.com\/nl\/lac-de-gers\/#primaryimage"},"thumbnailUrl":"https:\/\/www.samoens.com\/wp-content\/uploads\/2023\/08\/lac-de-gers-en-ete.jpg","datePublished":"2019-08-20T09:28:07+00:00","breadcrumb":{"@id":"https:\/\/www.samoens.com\/nl\/lac-de-gers\/#breadcrumb"},"inLanguage":"nl-NL","potentialAction":[{"@type":"ReadAction","target":["https:\/\/www.samoens.com\/nl\/lac-de-gers\/"]}]},{"@type":"ImageObject","inLanguage":"nl-NL","@id":"https:\/\/www.samoens.com\/nl\/lac-de-gers\/#primaryimage","url":"https:\/\/www.samoens.com\/wp-content\/uploads\/2023\/08\/lac-de-gers-en-ete.jpg","contentUrl":"https:\/\/www.samoens.com\/wp-content\/uploads\/2023\/08\/lac-de-gers-en-ete.jpg","width":2048,"height":1365},{"@type":"BreadcrumbList","@id":"https:\/\/www.samoens.com\/nl\/lac-de-gers\/#breadcrumb","itemListElement":[{"@type":"ListItem","position":1,"name":"Accueil","item":"https:\/\/www.samoens.com\/nl\/"},{"@type":"ListItem","position":2,"name":"Lac de Gers"}]},{"@type":"WebSite","@id":"https:\/\/www.samoens.com\/#website","url":"https:\/\/www.samoens.com\/","name":"Samo\u00ebns, station de ski et village authentique en Haute-Savoie","description":"Nich\u00e9e au coeur du domaine skiable du Grand Massif et \u00e0 moins d&#039;1h de Gen\u00e8ve, Samo\u00ebns rendra vos vacances inoubliables en \u00e9t\u00e9 comme en hiver","potentialAction":[{"@type":"SearchAction","target":{"@type":"EntryPoint","urlTemplate":"https:\/\/www.samoens.com\/?s={search_term_string}"},"query-input":{"@type":"PropertyValueSpecification","valueRequired":true,"valueName":"search_term_string"}}],"inLanguage":"nl-NL"}]}},"_links":{"self":[{"href":"https:\/\/www.samoens.com\/nl\/wp-json\/wp\/v2\/pages\/3010","targetHints":{"allow":["GET"]}}],"collection":[{"href":"https:\/\/www.samoens.com\/nl\/wp-json\/wp\/v2\/pages"}],"about":[{"href":"https:\/\/www.samoens.com\/nl\/wp-json\/wp\/v2\/types\/page"}],"author":[{"embeddable":true,"href":"https:\/\/www.samoens.com\/nl\/wp-json\/wp\/v2\/users\/2"}],"replies":[{"embeddable":true,"href":"https:\/\/www.samoens.com\/nl\/wp-json\/wp\/v2\/comments?post=3010"}],"version-history":[{"count":0,"href":"https:\/\/www.samoens.com\/nl\/wp-json\/wp\/v2\/pages\/3010\/revisions"}],"wp:featuredmedia":[{"embeddable":true,"href":"https:\/\/www.samoens.com\/nl\/wp-json\/wp\/v2\/media\/580669"}],"wp:attachment":[{"href":"https:\/\/www.samoens.com\/nl\/wp-json\/wp\/v2\/media?parent=3010"}],"curies":[{"name":"wp","href":"https:\/\/api.w.org\/{rel}","templated":true}]}}