{"id":3006,"date":"2019-08-20T11:26:18","date_gmt":"2019-08-20T09:26:18","guid":{"rendered":"https:\/\/www.samoens.com\/?page_id=3006"},"modified":"2019-09-27T16:33:32","modified_gmt":"2019-09-27T14:33:32","slug":"lac-aux-dames","status":"publish","type":"page","link":"https:\/\/www.samoens.com\/nl\/lac-aux-dames\/","title":{"rendered":"Lac aux dames"},"content":{"rendered":"<div class=\"wpb-content-wrapper\"><p>[vc_row][vc_column][vc_column_text]Het recreatiecentrum van Lac aux Dames in Samo\u00ebns is gebouwd rond de twee meren. Ver weg van het centrum van het dorp, beslaat het een oppervlakte van ongeveer 10 ha. Het is de ideale plek om te ontspannen met vrienden of familie, wandelen, vissen, wandelen of rennen. Er is een grote speeltuin voor kinderen in het hart van deze site, evenals sportvelden voor tieners. Veel activiteiten zijn beschikbaar gedurende de zomer: tennis, avonturenparcours, buitenzwembad, paragliding, bowlen &#8230; Het Bois aux Dames is ook het startpunt voor kleine familie-wandelingen.[\/vc_column_text][\/vc_column][\/vc_row][vc_row][vc_column][vc_single_image image=&#8221;2243&#8243; img_size=&#8221;large&#8221;][\/vc_column][\/vc_row][vc_row][vc_column][vc_column_text]<a href=\"https:\/\/www.samoens.com\/nl\/een-recreatiecentrum-in-de-bergen\/\">Klik hier voor meer informatie over de activiteiten rond het Lac aux Dames.<\/a>[\/vc_column_text][\/vc_column][\/vc_row]<\/p>\n<\/div>","protected":false},"excerpt":{"rendered":"<p>[vc_row][vc_column][vc_column_text]Het recreatiecentrum van Lac aux Dames in Samo\u00ebns is gebouwd rond de twee meren. Ver weg van het centrum van het dorp, beslaat het een oppervlakte van ongeveer 10 ha. Het is de ideale plek om te ontspannen met vrienden of familie, wandelen, vissen, wandelen of rennen. Er is een grote speeltuin voor kinderen in [&hellip;]<\/p>\n","protected":false},"author":2,"featured_media":578798,"parent":0,"menu_order":41,"comment_status":"closed","ping_status":"closed","template":"","meta":{"_acf_changed":false,"footnotes":""},"class_list":["post-3006","page","type-page","status-publish","hentry"],"acf":[],"yoast_head":"<!-- This site is optimized with the Yoast SEO plugin v27.4 - https:\/\/yoast.com\/product\/yoast-seo-wordpress\/ -->\n<title>Lac aux dames Samo\u00ebns, station de ski et village authentique en Haute-Savoie<\/title>\n<meta name=\"robots\" content=\"index, follow, max-snippet:-1, max-image-preview:large, max-video-preview:-1\" \/>\n<link rel=\"canonical\" href=\"https:\/\/www.samoens.com\/nl\/lac-aux-dames\/\" \/>\n<meta property=\"og:locale\" content=\"nl_NL\" \/>\n<meta property=\"og:type\" content=\"article\" \/>\n<meta property=\"og:title\" content=\"Lac aux dames Samo\u00ebns, station de ski et village authentique en Haute-Savoie\" \/>\n<meta property=\"og:description\" content=\"[vc_row][vc_column][vc_column_text]Het recreatiecentrum van Lac aux Dames in Samo\u00ebns is gebouwd rond de twee meren. Ver weg van het centrum van het dorp, beslaat het een oppervlakte van ongeveer 10 ha. Het is de ideale plek om te ontspannen met vrienden of familie, wandelen, vissen, wandelen of rennen. Er is een grote speeltuin voor kinderen in [&hellip;]\" \/>\n<meta property=\"og:url\" content=\"https:\/\/www.samoens.com\/nl\/lac-aux-dames\/\" \/>\n<meta property=\"og:site_name\" content=\"Samo\u00ebns, station de ski et village authentique en Haute-Savoie\" \/>\n<meta property=\"article:modified_time\" content=\"2019-09-27T14:33:32+00:00\" \/>\n<meta name=\"twitter:card\" content=\"summary_large_image\" \/>\n<meta name=\"twitter:label1\" content=\"Geschatte leestijd\" \/>\n\t<meta name=\"twitter:data1\" content=\"1 minuut\" \/>\n<script type=\"application\/ld+json\" class=\"yoast-schema-graph\">{\"@context\":\"https:\\\/\\\/schema.org\",\"@graph\":[{\"@type\":\"WebPage\",\"@id\":\"https:\\\/\\\/www.samoens.com\\\/nl\\\/lac-aux-dames\\\/\",\"url\":\"https:\\\/\\\/www.samoens.com\\\/nl\\\/lac-aux-dames\\\/\",\"name\":\"Lac aux dames Samo\u00ebns, station de ski et village authentique en Haute-Savoie\",\"isPartOf\":{\"@id\":\"https:\\\/\\\/www.samoens.com\\\/#website\"},\"primaryImageOfPage\":{\"@id\":\"https:\\\/\\\/www.samoens.com\\\/nl\\\/lac-aux-dames\\\/#primaryimage\"},\"image\":{\"@id\":\"https:\\\/\\\/www.samoens.com\\\/nl\\\/lac-aux-dames\\\/#primaryimage\"},\"thumbnailUrl\":\"https:\\\/\\\/www.samoens.com\\\/wp-content\\\/uploads\\\/2023\\\/05\\\/Base-de-loisirs-Samoens.jpg\",\"datePublished\":\"2019-08-20T09:26:18+00:00\",\"dateModified\":\"2019-09-27T14:33:32+00:00\",\"breadcrumb\":{\"@id\":\"https:\\\/\\\/www.samoens.com\\\/nl\\\/lac-aux-dames\\\/#breadcrumb\"},\"inLanguage\":\"nl-NL\",\"potentialAction\":[{\"@type\":\"ReadAction\",\"target\":[\"https:\\\/\\\/www.samoens.com\\\/nl\\\/lac-aux-dames\\\/\"]}]},{\"@type\":\"ImageObject\",\"inLanguage\":\"nl-NL\",\"@id\":\"https:\\\/\\\/www.samoens.com\\\/nl\\\/lac-aux-dames\\\/#primaryimage\",\"url\":\"https:\\\/\\\/www.samoens.com\\\/wp-content\\\/uploads\\\/2023\\\/05\\\/Base-de-loisirs-Samoens.jpg\",\"contentUrl\":\"https:\\\/\\\/www.samoens.com\\\/wp-content\\\/uploads\\\/2023\\\/05\\\/Base-de-loisirs-Samoens.jpg\",\"width\":1000,\"height\":416},{\"@type\":\"BreadcrumbList\",\"@id\":\"https:\\\/\\\/www.samoens.com\\\/nl\\\/lac-aux-dames\\\/#breadcrumb\",\"itemListElement\":[{\"@type\":\"ListItem\",\"position\":1,\"name\":\"Accueil\",\"item\":\"https:\\\/\\\/www.samoens.com\\\/nl\\\/\"},{\"@type\":\"ListItem\",\"position\":2,\"name\":\"Lac aux dames\"}]},{\"@type\":\"WebSite\",\"@id\":\"https:\\\/\\\/www.samoens.com\\\/#website\",\"url\":\"https:\\\/\\\/www.samoens.com\\\/\",\"name\":\"Samo\u00ebns, station de ski et village authentique en Haute-Savoie\",\"description\":\"Nich\u00e9e au coeur du domaine skiable du Grand Massif et \u00e0 moins d&#039;1h de Gen\u00e8ve, Samo\u00ebns rendra vos vacances inoubliables en \u00e9t\u00e9 comme en hiver\",\"potentialAction\":[{\"@type\":\"SearchAction\",\"target\":{\"@type\":\"EntryPoint\",\"urlTemplate\":\"https:\\\/\\\/www.samoens.com\\\/?s={search_term_string}\"},\"query-input\":{\"@type\":\"PropertyValueSpecification\",\"valueRequired\":true,\"valueName\":\"search_term_string\"}}],\"inLanguage\":\"nl-NL\"}]}<\/script>\n<!-- \/ Yoast SEO plugin. -->","yoast_head_json":{"title":"Lac aux dames Samo\u00ebns, station de ski et village authentique en Haute-Savoie","robots":{"index":"index","follow":"follow","max-snippet":"max-snippet:-1","max-image-preview":"max-image-preview:large","max-video-preview":"max-video-preview:-1"},"canonical":"https:\/\/www.samoens.com\/nl\/lac-aux-dames\/","og_locale":"nl_NL","og_type":"article","og_title":"Lac aux dames Samo\u00ebns, station de ski et village authentique en Haute-Savoie","og_description":"[vc_row][vc_column][vc_column_text]Het recreatiecentrum van Lac aux Dames in Samo\u00ebns is gebouwd rond de twee meren. Ver weg van het centrum van het dorp, beslaat het een oppervlakte van ongeveer 10 ha. Het is de ideale plek om te ontspannen met vrienden of familie, wandelen, vissen, wandelen of rennen. Er is een grote speeltuin voor kinderen in [&hellip;]","og_url":"https:\/\/www.samoens.com\/nl\/lac-aux-dames\/","og_site_name":"Samo\u00ebns, station de ski et village authentique en Haute-Savoie","article_modified_time":"2019-09-27T14:33:32+00:00","twitter_card":"summary_large_image","twitter_misc":{"Geschatte leestijd":"1 minuut"},"schema":{"@context":"https:\/\/schema.org","@graph":[{"@type":"WebPage","@id":"https:\/\/www.samoens.com\/nl\/lac-aux-dames\/","url":"https:\/\/www.samoens.com\/nl\/lac-aux-dames\/","name":"Lac aux dames Samo\u00ebns, station de ski et village authentique en Haute-Savoie","isPartOf":{"@id":"https:\/\/www.samoens.com\/#website"},"primaryImageOfPage":{"@id":"https:\/\/www.samoens.com\/nl\/lac-aux-dames\/#primaryimage"},"image":{"@id":"https:\/\/www.samoens.com\/nl\/lac-aux-dames\/#primaryimage"},"thumbnailUrl":"https:\/\/www.samoens.com\/wp-content\/uploads\/2023\/05\/Base-de-loisirs-Samoens.jpg","datePublished":"2019-08-20T09:26:18+00:00","dateModified":"2019-09-27T14:33:32+00:00","breadcrumb":{"@id":"https:\/\/www.samoens.com\/nl\/lac-aux-dames\/#breadcrumb"},"inLanguage":"nl-NL","potentialAction":[{"@type":"ReadAction","target":["https:\/\/www.samoens.com\/nl\/lac-aux-dames\/"]}]},{"@type":"ImageObject","inLanguage":"nl-NL","@id":"https:\/\/www.samoens.com\/nl\/lac-aux-dames\/#primaryimage","url":"https:\/\/www.samoens.com\/wp-content\/uploads\/2023\/05\/Base-de-loisirs-Samoens.jpg","contentUrl":"https:\/\/www.samoens.com\/wp-content\/uploads\/2023\/05\/Base-de-loisirs-Samoens.jpg","width":1000,"height":416},{"@type":"BreadcrumbList","@id":"https:\/\/www.samoens.com\/nl\/lac-aux-dames\/#breadcrumb","itemListElement":[{"@type":"ListItem","position":1,"name":"Accueil","item":"https:\/\/www.samoens.com\/nl\/"},{"@type":"ListItem","position":2,"name":"Lac aux dames"}]},{"@type":"WebSite","@id":"https:\/\/www.samoens.com\/#website","url":"https:\/\/www.samoens.com\/","name":"Samo\u00ebns, station de ski et village authentique en Haute-Savoie","description":"Nich\u00e9e au coeur du domaine skiable du Grand Massif et \u00e0 moins d&#039;1h de Gen\u00e8ve, Samo\u00ebns rendra vos vacances inoubliables en \u00e9t\u00e9 comme en hiver","potentialAction":[{"@type":"SearchAction","target":{"@type":"EntryPoint","urlTemplate":"https:\/\/www.samoens.com\/?s={search_term_string}"},"query-input":{"@type":"PropertyValueSpecification","valueRequired":true,"valueName":"search_term_string"}}],"inLanguage":"nl-NL"}]}},"_links":{"self":[{"href":"https:\/\/www.samoens.com\/nl\/wp-json\/wp\/v2\/pages\/3006","targetHints":{"allow":["GET"]}}],"collection":[{"href":"https:\/\/www.samoens.com\/nl\/wp-json\/wp\/v2\/pages"}],"about":[{"href":"https:\/\/www.samoens.com\/nl\/wp-json\/wp\/v2\/types\/page"}],"author":[{"embeddable":true,"href":"https:\/\/www.samoens.com\/nl\/wp-json\/wp\/v2\/users\/2"}],"replies":[{"embeddable":true,"href":"https:\/\/www.samoens.com\/nl\/wp-json\/wp\/v2\/comments?post=3006"}],"version-history":[{"count":0,"href":"https:\/\/www.samoens.com\/nl\/wp-json\/wp\/v2\/pages\/3006\/revisions"}],"wp:featuredmedia":[{"embeddable":true,"href":"https:\/\/www.samoens.com\/nl\/wp-json\/wp\/v2\/media\/578798"}],"wp:attachment":[{"href":"https:\/\/www.samoens.com\/nl\/wp-json\/wp\/v2\/media?parent=3006"}],"curies":[{"name":"wp","href":"https:\/\/api.w.org\/{rel}","templated":true}]}}