{"id":2799,"date":"2019-08-19T14:22:55","date_gmt":"2019-08-19T12:22:55","guid":{"rendered":"https:\/\/www.samoens.com\/?page_id=2799"},"modified":"2020-06-11T11:18:12","modified_gmt":"2020-06-11T09:18:12","slug":"rijd-met-de-ezels","status":"publish","type":"page","link":"https:\/\/www.samoens.com\/nl\/rijd-met-de-ezels\/","title":{"rendered":"Rijd met de ezels"},"content":{"rendered":"<div class=\"wpb-content-wrapper\"><p>[vc_row][vc_column][vc_column_text]<\/p>\n<h2><strong>Familie met een ezel in de bergen<\/strong><\/h2>\n<p>Ezeltochten met het gezin, in de bergen, in de Haute-Savoie, Samoens, zijn de gelegenheid voor een leuke ontdekking van de berg voor het hele gezin. De toppen van onze bergen zullen goed moeten staan.<\/p>\n<p>Ze zijn zachtaardig, intelligent (in tegenstelling tot wat vaak wordt gedacht), voeden zich met kruiden en houden van kinderen. Wandelen met ezels is ideaal voor een gezin met kinderen die de wonderen van de bergen willen ontdekken. Routes worden georganiseerd in de zomer in Samoens in Haut-Giffre. Ze bieden de mogelijkheid voor de kinderen, maar ook hun ouders, om de fauna en flora van de weiden tussen twee strelingen aan de gidsen te ontdekken.<\/p>\n<p>Streelt welverdiend, omdat de ezels de tassen dragen zonder te klagen. Het reisbureau van Haut-Giffre laat je vooral genieten van deze lieve dieren tijdens een minitour door Haut Giffre. Het vindt plaats in drie dagen op het platteland, tussen 1200 en 1800 meter. Deze familietour omvat ook verblijf in een gite en een beschutte schuilplaats. &#8216;S Avonds geniet u van een warme en stevige maaltijd. Een ontbijt zal worden genomen v\u00f3\u00f3r het vertrek van de refuge.<\/p>\n<p>Andere opties worden u aangeboden om te profiteren van de ezelwandelingen, omdat kortere stappen en volgens uw wensen kunnen worden georganiseerd in Haut-Giffre of in andere sectoren. En zoals het spreekwoord zegt: &#8220;Je kunt van een ezel geen renpaard maken&#8221;. Je hebt dus genoeg tijd om te genieten van de prachtige panorama&#8217;s van de Alpen!<\/p>\n<p>Contact : Bureau des guides &#8211; T\u00e9l. : +33 (0)4.50.34.43.12 <a href=\"mailto:info@guidesmontagnes.com\">info@guidesmontagnes.com<\/a>[\/vc_column_text][\/vc_column][\/vc_row]<\/p>\n<\/div>","protected":false},"excerpt":{"rendered":"<p>[vc_row][vc_column][vc_column_text] Familie met een ezel in de bergen Ezeltochten met het gezin, in de bergen, in de Haute-Savoie, Samoens, zijn de gelegenheid voor een leuke ontdekking van de berg voor het hele gezin. De toppen van onze bergen zullen goed moeten staan. Ze zijn zachtaardig, intelligent (in tegenstelling tot wat vaak wordt gedacht), voeden zich [&hellip;]<\/p>\n","protected":false},"author":2,"featured_media":0,"parent":0,"menu_order":10,"comment_status":"closed","ping_status":"closed","template":"","meta":{"_acf_changed":false,"footnotes":""},"class_list":["post-2799","page","type-page","status-publish","hentry"],"acf":[],"yoast_head":"<!-- This site is optimized with the Yoast SEO plugin v27.2 - https:\/\/yoast.com\/product\/yoast-seo-wordpress\/ -->\n<title>Rijd met de ezels Samo\u00ebns, station de ski et village authentique en Haute-Savoie<\/title>\n<meta name=\"robots\" content=\"index, follow, max-snippet:-1, max-image-preview:large, max-video-preview:-1\" \/>\n<link rel=\"canonical\" href=\"https:\/\/www.samoens.com\/nl\/rijd-met-de-ezels\/\" \/>\n<meta property=\"og:locale\" content=\"nl_NL\" \/>\n<meta property=\"og:type\" content=\"article\" \/>\n<meta property=\"og:title\" content=\"Rijd met de ezels Samo\u00ebns, station de ski et village authentique en Haute-Savoie\" \/>\n<meta property=\"og:description\" content=\"[vc_row][vc_column][vc_column_text] Familie met een ezel in de bergen Ezeltochten met het gezin, in de bergen, in de Haute-Savoie, Samoens, zijn de gelegenheid voor een leuke ontdekking van de berg voor het hele gezin. De toppen van onze bergen zullen goed moeten staan. Ze zijn zachtaardig, intelligent (in tegenstelling tot wat vaak wordt gedacht), voeden zich [&hellip;]\" \/>\n<meta property=\"og:url\" content=\"https:\/\/www.samoens.com\/nl\/rijd-met-de-ezels\/\" \/>\n<meta property=\"og:site_name\" content=\"Samo\u00ebns, station de ski et village authentique en Haute-Savoie\" \/>\n<meta property=\"article:modified_time\" content=\"2020-06-11T09:18:12+00:00\" \/>\n<meta name=\"twitter:card\" content=\"summary_large_image\" \/>\n<meta name=\"twitter:label1\" content=\"Geschatte leestijd\" \/>\n\t<meta name=\"twitter:data1\" content=\"1 minuut\" \/>\n<script type=\"application\/ld+json\" class=\"yoast-schema-graph\">{\"@context\":\"https:\/\/schema.org\",\"@graph\":[{\"@type\":\"WebPage\",\"@id\":\"https:\/\/www.samoens.com\/nl\/rijd-met-de-ezels\/\",\"url\":\"https:\/\/www.samoens.com\/nl\/rijd-met-de-ezels\/\",\"name\":\"Rijd met de ezels Samo\u00ebns, station de ski et village authentique en Haute-Savoie\",\"isPartOf\":{\"@id\":\"https:\/\/www.samoens.com\/#website\"},\"datePublished\":\"2019-08-19T12:22:55+00:00\",\"dateModified\":\"2020-06-11T09:18:12+00:00\",\"breadcrumb\":{\"@id\":\"https:\/\/www.samoens.com\/nl\/rijd-met-de-ezels\/#breadcrumb\"},\"inLanguage\":\"nl-NL\",\"potentialAction\":[{\"@type\":\"ReadAction\",\"target\":[\"https:\/\/www.samoens.com\/nl\/rijd-met-de-ezels\/\"]}]},{\"@type\":\"BreadcrumbList\",\"@id\":\"https:\/\/www.samoens.com\/nl\/rijd-met-de-ezels\/#breadcrumb\",\"itemListElement\":[{\"@type\":\"ListItem\",\"position\":1,\"name\":\"Accueil\",\"item\":\"https:\/\/www.samoens.com\/nl\/\"},{\"@type\":\"ListItem\",\"position\":2,\"name\":\"Rijd met de ezels\"}]},{\"@type\":\"WebSite\",\"@id\":\"https:\/\/www.samoens.com\/#website\",\"url\":\"https:\/\/www.samoens.com\/\",\"name\":\"Samo\u00ebns, station de ski et village authentique en Haute-Savoie\",\"description\":\"Nich\u00e9e au coeur du domaine skiable du Grand Massif et \u00e0 moins d&#039;1h de Gen\u00e8ve, Samo\u00ebns rendra vos vacances inoubliables en \u00e9t\u00e9 comme en hiver\",\"potentialAction\":[{\"@type\":\"SearchAction\",\"target\":{\"@type\":\"EntryPoint\",\"urlTemplate\":\"https:\/\/www.samoens.com\/?s={search_term_string}\"},\"query-input\":{\"@type\":\"PropertyValueSpecification\",\"valueRequired\":true,\"valueName\":\"search_term_string\"}}],\"inLanguage\":\"nl-NL\"}]}<\/script>\n<!-- \/ Yoast SEO plugin. -->","yoast_head_json":{"title":"Rijd met de ezels Samo\u00ebns, station de ski et village authentique en Haute-Savoie","robots":{"index":"index","follow":"follow","max-snippet":"max-snippet:-1","max-image-preview":"max-image-preview:large","max-video-preview":"max-video-preview:-1"},"canonical":"https:\/\/www.samoens.com\/nl\/rijd-met-de-ezels\/","og_locale":"nl_NL","og_type":"article","og_title":"Rijd met de ezels Samo\u00ebns, station de ski et village authentique en Haute-Savoie","og_description":"[vc_row][vc_column][vc_column_text] Familie met een ezel in de bergen Ezeltochten met het gezin, in de bergen, in de Haute-Savoie, Samoens, zijn de gelegenheid voor een leuke ontdekking van de berg voor het hele gezin. De toppen van onze bergen zullen goed moeten staan. Ze zijn zachtaardig, intelligent (in tegenstelling tot wat vaak wordt gedacht), voeden zich [&hellip;]","og_url":"https:\/\/www.samoens.com\/nl\/rijd-met-de-ezels\/","og_site_name":"Samo\u00ebns, station de ski et village authentique en Haute-Savoie","article_modified_time":"2020-06-11T09:18:12+00:00","twitter_card":"summary_large_image","twitter_misc":{"Geschatte leestijd":"1 minuut"},"schema":{"@context":"https:\/\/schema.org","@graph":[{"@type":"WebPage","@id":"https:\/\/www.samoens.com\/nl\/rijd-met-de-ezels\/","url":"https:\/\/www.samoens.com\/nl\/rijd-met-de-ezels\/","name":"Rijd met de ezels Samo\u00ebns, station de ski et village authentique en Haute-Savoie","isPartOf":{"@id":"https:\/\/www.samoens.com\/#website"},"datePublished":"2019-08-19T12:22:55+00:00","dateModified":"2020-06-11T09:18:12+00:00","breadcrumb":{"@id":"https:\/\/www.samoens.com\/nl\/rijd-met-de-ezels\/#breadcrumb"},"inLanguage":"nl-NL","potentialAction":[{"@type":"ReadAction","target":["https:\/\/www.samoens.com\/nl\/rijd-met-de-ezels\/"]}]},{"@type":"BreadcrumbList","@id":"https:\/\/www.samoens.com\/nl\/rijd-met-de-ezels\/#breadcrumb","itemListElement":[{"@type":"ListItem","position":1,"name":"Accueil","item":"https:\/\/www.samoens.com\/nl\/"},{"@type":"ListItem","position":2,"name":"Rijd met de ezels"}]},{"@type":"WebSite","@id":"https:\/\/www.samoens.com\/#website","url":"https:\/\/www.samoens.com\/","name":"Samo\u00ebns, station de ski et village authentique en Haute-Savoie","description":"Nich\u00e9e au coeur du domaine skiable du Grand Massif et \u00e0 moins d&#039;1h de Gen\u00e8ve, Samo\u00ebns rendra vos vacances inoubliables en \u00e9t\u00e9 comme en hiver","potentialAction":[{"@type":"SearchAction","target":{"@type":"EntryPoint","urlTemplate":"https:\/\/www.samoens.com\/?s={search_term_string}"},"query-input":{"@type":"PropertyValueSpecification","valueRequired":true,"valueName":"search_term_string"}}],"inLanguage":"nl-NL"}]}},"_links":{"self":[{"href":"https:\/\/www.samoens.com\/nl\/wp-json\/wp\/v2\/pages\/2799","targetHints":{"allow":["GET"]}}],"collection":[{"href":"https:\/\/www.samoens.com\/nl\/wp-json\/wp\/v2\/pages"}],"about":[{"href":"https:\/\/www.samoens.com\/nl\/wp-json\/wp\/v2\/types\/page"}],"author":[{"embeddable":true,"href":"https:\/\/www.samoens.com\/nl\/wp-json\/wp\/v2\/users\/2"}],"replies":[{"embeddable":true,"href":"https:\/\/www.samoens.com\/nl\/wp-json\/wp\/v2\/comments?post=2799"}],"version-history":[{"count":0,"href":"https:\/\/www.samoens.com\/nl\/wp-json\/wp\/v2\/pages\/2799\/revisions"}],"wp:attachment":[{"href":"https:\/\/www.samoens.com\/nl\/wp-json\/wp\/v2\/media?parent=2799"}],"curies":[{"name":"wp","href":"https:\/\/api.w.org\/{rel}","templated":true}]}}