{"id":20274,"date":"2019-09-03T10:11:31","date_gmt":"2019-09-03T08:11:31","guid":{"rendered":"https:\/\/www.samoens.com\/venir-nous-voir\/"},"modified":"2025-11-14T21:01:57","modified_gmt":"2025-11-14T20:01:57","slug":"venir-nous-voir","status":"publish","type":"page","link":"https:\/\/www.samoens.com\/nl\/venir-nous-voir\/","title":{"rendered":"Naar Samo\u00ebns komen"},"content":{"rendered":"<div class=\"wpb-content-wrapper\"><p>[vc_row el_class=&#8221;formnl&#8221;][vc_column][vc_column_text]<\/p>\n<h2>Gemakkelijk bij ons komen<\/h2>\n<p><strong>Wilt u onze besneeuwde bergen komen ontdekken? Wilt u een zomervakantie doorbrengen in het hart van de Haute-Savoie?<\/strong><\/p>\n<p>Het vakantiepark Samoens wordt gekenmerkt door zijn toegankelijkheid. Inderdaad, het dorp ligt op slechts een uur van de luchthaven van Gen\u00e8ve en op 20 minuten van de snelweg A40. Annemasse en Cluses (20 km) SNCF-treinstations liggen respectievelijk op 57 en 20 km van Samo\u00ebns in het Grand Massif. Vind alle nuttige informatie om te weten hoe te komen en hoe u zich op het station kunt verplaatsen. Hoe bereik je Samoens, Haute-Savoie, de Alpen, via de weg, het vliegtuig of de trein? Ontdek hier alle nuttige informatie.[\/vc_column_text][vc_column_text]<strong>DOOR AUTO<\/strong><br \/>\nSnelweg A40 Gen\u00e8ve \/ Chamonix.<br \/>\nVerlaat Cluses-Scionzier (nr. 18), Samoens 20 minuten.<br \/>\nWeginformatie Haute-Savoie: Tel. +33 (0)4 50 66 10 74<br \/>\nMeer informatie over uw route: <a href=\"http:\/\/www.viamichelin.fr\">www.viamichelin.fr<\/a>[\/vc_column_text][vc_column_text]<strong>DOOR TREIN<\/strong><br \/>\nAankomst SNCF treinstation op: Cluses (20 km), lijn Saint-Gervais \/ Le Fayet.<br \/>\nGen\u00e8ve (50 km) of Bellegarde (70 km)<br \/>\nDirecte TGV-lijnen vanuit grote steden (weekends).<br \/>\nSNCF Informatie Tel. +33 (0)8 36 35 35 35 of hoger <a href=\"http:\/\/www.sncf.com\">www.sncf.com<\/a><br \/>\nDan busverbindingen <a href=\"http:\/\/www.altibus.com\">www.altibus.com<\/a> of taxi of autoverhuur.[\/vc_column_text][vc_column_text]<strong>DOOR BUS<\/strong><br \/>\nVerbinding naar Samo\u00ebns vanaf de SNCF-stations van Cluses (buslijn Y94) en Annemasse (buslijn Y02).<\/p>\n<p>Aangezien het bus- en treinstation in beide steden naast elkaar liggen, bieden ze een snelle en handige trein-busverbinding. Bij aankomst van de bus in Samo\u00ebns: uitstappen bij een van de zeven haltes: <em>Grand Massif Express<\/em> (parkeerplaats van de gondellift), <em>Gare Routi\u00e8re<\/em> (achter het VVV-kantoor), <em>Les Vallons d\u2019en Bas<\/em>, <em>Le Quart<\/em>, <em>Fontaine de Vallon<\/em>, <em>Les Vallons d\u2019en Haut<\/em>, <em>Le Sougey<\/em>.<\/p>\n<p><span style=\"color: #eb4747;\"><strong>Dienstregelingen, tarieven, en reserveringsinformatie:<\/strong><\/span> <a href=\"https:\/\/jacquet-autocars.com\/en\/regular-bus-lines\/\" target=\"_blank\" rel=\"noopener\"><span style=\"color: #6c9ed8;\"><em><strong>Busmaatschappij Jacquet<\/strong><\/em><\/span><\/a>[\/vc_column_text][vc_column_text]<strong>DOOR VLIEGTUIG<\/strong><br \/>\nDe internationale luchthaven van Gen\u00e8ve (GVA) ligt op 50 km van Samo\u00ebns.<br \/>\nDan busverbindingen <a href=\"http:\/\/www.altibus.com\">www.altibus.com<\/a> of taxi of autoverhuur. Vanuit Gen\u00e8ve neemt de L\u00e9man Express u van Gen\u00e8ve naar Cluses (SNCF-station op 20 km van Samo\u00ebns), <a href=\"https:\/\/www.lemanexpress.com\/en\/\">ontdekt u de dienstregeling<\/a> en <a href=\"https:\/\/www.ceva.ch\/wp-content\/uploads\/2019\/06\/plan-du-reseau-leman_express_dec-2019.jpg\">de netwerkkaart<\/a>.<br \/>\n<span id=\"s2_1\">Transfer van en naar de luchthaven van Gen\u00e8ve met de Leman Express: Vanaf Gen\u00e8ve:<\/span><\/p>\n<ol>\n<li><span id=\"s2_2\">Neem de trein tussen Gen\u00e8ve A\u00e9roport en Gen\u00e8ve gare Corna vin. (Vertrek om de 10 minuten en 12 minuten)<\/span><\/li>\n<li><span id=\"s2_3\">Neem lijn 3 van de Leman Express richting Saint-Gervais-les-Bains-Le Fayet.<\/span>\u00a0<span id=\"s2_4\">Stap uit bij Cluses.<\/span><\/li>\n<li>Neem lijn Y94, van de firma Jacquet, vanuit Cluses richting Samo\u00ebns.<\/li>\n<\/ol>\n<p>[\/vc_column_text][vc_column_text]<strong>DOOR TAXI OF VERVOERDER<\/strong><\/p>\n<ul>\n<li style=\"font-weight: 400;\">Alps-Direct &#8211; <span style=\"color: #6c9ed8;\"><em><strong><a style=\"color: #6c9ed8;\" href=\"https:\/\/www.alps-direct.com\/fr\/\" target=\"_blank\" rel=\"noopener\">alps-direct.com<\/a><\/strong><\/em><\/span> &#8211; <a href=\"mailto:info@alps-direct.com\">info@alps-direct.com<\/a> \/ +33 (0)4 50 90 30 08 \/ +33 (0)6 12 98 12 50<\/li>\n<li style=\"font-weight: 400;\">Alps Transfert &#8211;\u00a0<span style=\"color: #6c9ed8;\"><em><strong><a style=\"color: #6c9ed8;\" href=\"http:\/\/www.alpstransfert.com\" target=\"_blank\" rel=\"noopener\">alpstransfert.com<\/a>\u00a0<\/strong><\/em><\/span>&#8211; <a href=\"mailto:alpstransfert@gmail.com\">alpstransfert@gmail.com<\/a> \/ +33 (0)6 11 30 30 15<\/li>\n<li style=\"font-weight: 400;\">Go Massif &#8211; <span style=\"color: #6c9ed8;\"><em><strong><a style=\"color: #6c9ed8;\" href=\"http:\/\/gomassif.fr\" target=\"_blank\" rel=\"noopener\">gomassif.fr<\/a><\/strong><\/em><\/span>\u00a0&#8211; <a href=\"mailto:info@gomassif.com\">info@gomassif.com<\/a> \/ +33 (0)4 50 89 35 68<\/li>\n<li style=\"font-weight: 400;\">Trans&#8217;Alp Mobility &#8211;<em> <a href=\"transalpmobility.com\" target=\"_blank\" rel=\"noopener\"><span style=\"color: #6c9ed8;\"><strong>transalpmobility.com<\/strong><\/span><\/a><\/em>\u00a0&#8211; <a href=\"mailto:transalpmobility@gmail.com\">transalpmobility@gmail.com<\/a> \/ +33 (0)6 82 33 70 44<\/li>\n<\/ul>\n<p>[\/vc_column_text][vc_column_text]<strong>DOOR CARPOOLING<\/strong><\/p>\n<p><a href=\"www.blablacar.nl\" target=\"_blank\" rel=\"noopener\"><span style=\"color: #6c9ed8;\"><em><strong>www.blablacar.nl<\/strong><\/em><\/span><\/a>[\/vc_column_text][vc_raw_html]JTNDbGluayUyMCUyMGhyZWYlM0QlMjJodHRwcyUzQSUyRiUyRnVucGtnLmNvbSUyRmxlYWZsZXQlNDAxLjMuNCUyRmRpc3QlMkZsZWFmbGV0LmNzcyUzRnZlciUzRDUuMC4zJTIyJTIwcmVsJTNEJTIyc3R5bGVzaGVldCUyMiUzRSUwQSUzQ2RpdiUyMGlkJTNEJTIyYmxvY21hcCUyMiUyMHN0eWxlJTNEJTIyd2lkdGglM0ExMDAlMjUlM0IlMjBoZWlnaHQlM0E1MDBweCUzQnotaW5kZXglM0EyJTNCJTIyJTNFJTNDJTJGZGl2JTNFJTBBJTNDc2NyaXB0JTIwc3JjJTNEJTIyaHR0cHMlM0ElMkYlMkZ1bnBrZy5jb20lMkZsZWFmbGV0JTQwMS4zLjQlMkZkaXN0JTJGbGVhZmxldC5qcyUzRnZlciUzRDUuMC4zJTIyJTNFJTNDJTJGc2NyaXB0JTNFJTBBJTNDc2NyaXB0JTIwdHlwZSUzRCUyMnRleHQlMkZqYXZhc2NyaXB0JTIyJTNFJTBBJTA5dmFyJTIwbXlsYXRsbmclMjAlM0QlMjAlNUI0Ni4wODM0MzElMkM2LjcyNzI3MCU1RCUzQiUwQSUwOXZhciUyMG15bWFwJTIwJTNEJTIwTC5tYXAlMjglMjdibG9jbWFwJTI3JTI5LnNldFZpZXclMjhteWxhdGxuZyUyQyUyMDklMjklM0IlMEElMDlMLnRpbGVMYXllciUyOCUyN2h0dHBzJTNBJTJGJTJGJTdCcyU3RC50aWxlLm9wZW5zdHJlZXRtYXAub3JnJTJGJTdCeiU3RCUyRiU3QnglN0QlMkYlN0J5JTdELnBuZyUyNyUyQyUyMCU3QiUwQSUwOSUwOW1heFpvb20lM0ElMjAxOSUyQyUwQSUwOSUwOWF0dHJpYnV0aW9uJTNBJTIwJTI3JTI2Y29weSUzQiUyMCUzQ2ElMjBocmVmJTNEJTIyaHR0cCUzQSUyRiUyRnd3dy5vcGVuc3RyZWV0bWFwLm9yZyUyRmNvcHlyaWdodCUyMiUzRU9wZW5TdHJlZXRNYXAlM0MlMkZhJTNFJTI3JTBBJTA5JTdEJTI5LmFkZFRvJTI4bXltYXAlMjklM0IlMEElMDl2YXIlMjBtYXJrZXIlMjAlM0QlMjBMLm1hcmtlciUyOG15bGF0bG5nJTI5LmFkZFRvJTI4bXltYXAlMjklM0IlMEElM0MlMkZzY3JpcHQlM0U=[\/vc_raw_html][\/vc_column][\/vc_row]<\/p>\n<\/div>","protected":false},"excerpt":{"rendered":"<p>[vc_row el_class=&#8221;formnl&#8221;][vc_column][vc_column_text] Gemakkelijk bij ons komen Wilt u onze besneeuwde bergen komen ontdekken? Wilt u een zomervakantie doorbrengen in het hart van de Haute-Savoie? Het vakantiepark Samoens wordt gekenmerkt door zijn toegankelijkheid. Inderdaad, het dorp ligt op slechts een uur van de luchthaven van Gen\u00e8ve en op 20 minuten van de snelweg A40. Annemasse en [&hellip;]<\/p>\n","protected":false},"author":1,"featured_media":0,"parent":0,"menu_order":70,"comment_status":"closed","ping_status":"closed","template":"","meta":{"_acf_changed":false,"footnotes":""},"class_list":["post-20274","page","type-page","status-publish","hentry"],"acf":[],"yoast_head":"<!-- This site is optimized with the Yoast SEO plugin v27.4 - https:\/\/yoast.com\/product\/yoast-seo-wordpress\/ -->\n<title>Naar Samo\u00ebns komen Samo\u00ebns, station de ski et village authentique en Haute-Savoie<\/title>\n<meta name=\"robots\" content=\"index, follow, max-snippet:-1, max-image-preview:large, max-video-preview:-1\" \/>\n<link rel=\"canonical\" href=\"https:\/\/www.samoens.com\/nl\/venir-nous-voir\/\" \/>\n<meta property=\"og:locale\" content=\"nl_NL\" \/>\n<meta property=\"og:type\" content=\"article\" \/>\n<meta property=\"og:title\" content=\"Naar Samo\u00ebns komen Samo\u00ebns, station de ski et village authentique en Haute-Savoie\" \/>\n<meta property=\"og:description\" content=\"[vc_row el_class=&#8221;formnl&#8221;][vc_column][vc_column_text] Gemakkelijk bij ons komen Wilt u onze besneeuwde bergen komen ontdekken? Wilt u een zomervakantie doorbrengen in het hart van de Haute-Savoie? Het vakantiepark Samoens wordt gekenmerkt door zijn toegankelijkheid. Inderdaad, het dorp ligt op slechts een uur van de luchthaven van Gen\u00e8ve en op 20 minuten van de snelweg A40. Annemasse en [&hellip;]\" \/>\n<meta property=\"og:url\" content=\"https:\/\/www.samoens.com\/nl\/venir-nous-voir\/\" \/>\n<meta property=\"og:site_name\" content=\"Samo\u00ebns, station de ski et village authentique en Haute-Savoie\" \/>\n<meta property=\"article:modified_time\" content=\"2025-11-14T20:01:57+00:00\" \/>\n<meta name=\"twitter:card\" content=\"summary_large_image\" \/>\n<meta name=\"twitter:label1\" content=\"Geschatte leestijd\" \/>\n\t<meta name=\"twitter:data1\" content=\"2 minuten\" \/>\n<script type=\"application\/ld+json\" class=\"yoast-schema-graph\">{\"@context\":\"https:\\\/\\\/schema.org\",\"@graph\":[{\"@type\":\"WebPage\",\"@id\":\"https:\\\/\\\/www.samoens.com\\\/nl\\\/venir-nous-voir\\\/\",\"url\":\"https:\\\/\\\/www.samoens.com\\\/nl\\\/venir-nous-voir\\\/\",\"name\":\"Naar Samo\u00ebns komen Samo\u00ebns, station de ski et village authentique en Haute-Savoie\",\"isPartOf\":{\"@id\":\"https:\\\/\\\/www.samoens.com\\\/#website\"},\"datePublished\":\"2019-09-03T08:11:31+00:00\",\"dateModified\":\"2025-11-14T20:01:57+00:00\",\"breadcrumb\":{\"@id\":\"https:\\\/\\\/www.samoens.com\\\/nl\\\/venir-nous-voir\\\/#breadcrumb\"},\"inLanguage\":\"nl-NL\",\"potentialAction\":[{\"@type\":\"ReadAction\",\"target\":[\"https:\\\/\\\/www.samoens.com\\\/nl\\\/venir-nous-voir\\\/\"]}]},{\"@type\":\"BreadcrumbList\",\"@id\":\"https:\\\/\\\/www.samoens.com\\\/nl\\\/venir-nous-voir\\\/#breadcrumb\",\"itemListElement\":[{\"@type\":\"ListItem\",\"position\":1,\"name\":\"Accueil\",\"item\":\"https:\\\/\\\/www.samoens.com\\\/nl\\\/\"},{\"@type\":\"ListItem\",\"position\":2,\"name\":\"Naar Samo\u00ebns komen\"}]},{\"@type\":\"WebSite\",\"@id\":\"https:\\\/\\\/www.samoens.com\\\/#website\",\"url\":\"https:\\\/\\\/www.samoens.com\\\/\",\"name\":\"Samo\u00ebns, station de ski et village authentique en Haute-Savoie\",\"description\":\"Nich\u00e9e au coeur du domaine skiable du Grand Massif et \u00e0 moins d&#039;1h de Gen\u00e8ve, Samo\u00ebns rendra vos vacances inoubliables en \u00e9t\u00e9 comme en hiver\",\"potentialAction\":[{\"@type\":\"SearchAction\",\"target\":{\"@type\":\"EntryPoint\",\"urlTemplate\":\"https:\\\/\\\/www.samoens.com\\\/?s={search_term_string}\"},\"query-input\":{\"@type\":\"PropertyValueSpecification\",\"valueRequired\":true,\"valueName\":\"search_term_string\"}}],\"inLanguage\":\"nl-NL\"}]}<\/script>\n<!-- \/ Yoast SEO plugin. -->","yoast_head_json":{"title":"Naar Samo\u00ebns komen Samo\u00ebns, station de ski et village authentique en Haute-Savoie","robots":{"index":"index","follow":"follow","max-snippet":"max-snippet:-1","max-image-preview":"max-image-preview:large","max-video-preview":"max-video-preview:-1"},"canonical":"https:\/\/www.samoens.com\/nl\/venir-nous-voir\/","og_locale":"nl_NL","og_type":"article","og_title":"Naar Samo\u00ebns komen Samo\u00ebns, station de ski et village authentique en Haute-Savoie","og_description":"[vc_row el_class=&#8221;formnl&#8221;][vc_column][vc_column_text] Gemakkelijk bij ons komen Wilt u onze besneeuwde bergen komen ontdekken? Wilt u een zomervakantie doorbrengen in het hart van de Haute-Savoie? Het vakantiepark Samoens wordt gekenmerkt door zijn toegankelijkheid. Inderdaad, het dorp ligt op slechts een uur van de luchthaven van Gen\u00e8ve en op 20 minuten van de snelweg A40. Annemasse en [&hellip;]","og_url":"https:\/\/www.samoens.com\/nl\/venir-nous-voir\/","og_site_name":"Samo\u00ebns, station de ski et village authentique en Haute-Savoie","article_modified_time":"2025-11-14T20:01:57+00:00","twitter_card":"summary_large_image","twitter_misc":{"Geschatte leestijd":"2 minuten"},"schema":{"@context":"https:\/\/schema.org","@graph":[{"@type":"WebPage","@id":"https:\/\/www.samoens.com\/nl\/venir-nous-voir\/","url":"https:\/\/www.samoens.com\/nl\/venir-nous-voir\/","name":"Naar Samo\u00ebns komen Samo\u00ebns, station de ski et village authentique en Haute-Savoie","isPartOf":{"@id":"https:\/\/www.samoens.com\/#website"},"datePublished":"2019-09-03T08:11:31+00:00","dateModified":"2025-11-14T20:01:57+00:00","breadcrumb":{"@id":"https:\/\/www.samoens.com\/nl\/venir-nous-voir\/#breadcrumb"},"inLanguage":"nl-NL","potentialAction":[{"@type":"ReadAction","target":["https:\/\/www.samoens.com\/nl\/venir-nous-voir\/"]}]},{"@type":"BreadcrumbList","@id":"https:\/\/www.samoens.com\/nl\/venir-nous-voir\/#breadcrumb","itemListElement":[{"@type":"ListItem","position":1,"name":"Accueil","item":"https:\/\/www.samoens.com\/nl\/"},{"@type":"ListItem","position":2,"name":"Naar Samo\u00ebns komen"}]},{"@type":"WebSite","@id":"https:\/\/www.samoens.com\/#website","url":"https:\/\/www.samoens.com\/","name":"Samo\u00ebns, station de ski et village authentique en Haute-Savoie","description":"Nich\u00e9e au coeur du domaine skiable du Grand Massif et \u00e0 moins d&#039;1h de Gen\u00e8ve, Samo\u00ebns rendra vos vacances inoubliables en \u00e9t\u00e9 comme en hiver","potentialAction":[{"@type":"SearchAction","target":{"@type":"EntryPoint","urlTemplate":"https:\/\/www.samoens.com\/?s={search_term_string}"},"query-input":{"@type":"PropertyValueSpecification","valueRequired":true,"valueName":"search_term_string"}}],"inLanguage":"nl-NL"}]}},"_links":{"self":[{"href":"https:\/\/www.samoens.com\/nl\/wp-json\/wp\/v2\/pages\/20274","targetHints":{"allow":["GET"]}}],"collection":[{"href":"https:\/\/www.samoens.com\/nl\/wp-json\/wp\/v2\/pages"}],"about":[{"href":"https:\/\/www.samoens.com\/nl\/wp-json\/wp\/v2\/types\/page"}],"author":[{"embeddable":true,"href":"https:\/\/www.samoens.com\/nl\/wp-json\/wp\/v2\/users\/1"}],"replies":[{"embeddable":true,"href":"https:\/\/www.samoens.com\/nl\/wp-json\/wp\/v2\/comments?post=20274"}],"version-history":[{"count":5,"href":"https:\/\/www.samoens.com\/nl\/wp-json\/wp\/v2\/pages\/20274\/revisions"}],"predecessor-version":[{"id":603576,"href":"https:\/\/www.samoens.com\/nl\/wp-json\/wp\/v2\/pages\/20274\/revisions\/603576"}],"wp:attachment":[{"href":"https:\/\/www.samoens.com\/nl\/wp-json\/wp\/v2\/media?parent=20274"}],"curies":[{"name":"wp","href":"https:\/\/api.w.org\/{rel}","templated":true}]}}