{"id":13219,"date":"2019-08-30T17:39:51","date_gmt":"2019-08-30T15:39:51","guid":{"rendered":"https:\/\/www.samoens.com\/?page_id=13219"},"modified":"2019-08-30T17:46:24","modified_gmt":"2019-08-30T15:46:24","slug":"ijsbaan","status":"publish","type":"page","link":"https:\/\/www.samoens.com\/nl\/winteractiviteiten-2\/ijsbaan\/","title":{"rendered":"Ijsbaan"},"content":{"rendered":"<div class=\"wpb-content-wrapper\"><p>[vc_row][vc_column][vc_column_text]Er is geen leeftijd om te schaatsen, aarzel niet om tijdens uw verblijf in Samo\u00ebns de prachtige overdekte ijsbaan in het hart van het dorp te ontdekken.[\/vc_column_text][\/vc_column][\/vc_row]<\/p>\n<\/div>","protected":false},"excerpt":{"rendered":"<p>[vc_row][vc_column][vc_column_text]Er is geen leeftijd om te schaatsen, aarzel niet om tijdens uw verblijf in Samo\u00ebns de prachtige overdekte ijsbaan in het hart van het dorp te ontdekken.[\/vc_column_text][\/vc_column][\/vc_row]<\/p>\n","protected":false},"author":2,"featured_media":554367,"parent":40756,"menu_order":13,"comment_status":"closed","ping_status":"closed","template":"template-liste-apidae.php","meta":{"_acf_changed":false,"footnotes":""},"class_list":["post-13219","page","type-page","status-publish","hentry"],"acf":[],"yoast_head":"<!-- This site is optimized with the Yoast SEO plugin v27.2 - https:\/\/yoast.com\/product\/yoast-seo-wordpress\/ -->\n<title>Ijsbaan Samo\u00ebns, station de ski et village authentique en Haute-Savoie<\/title>\n<meta name=\"robots\" content=\"index, follow, max-snippet:-1, max-image-preview:large, max-video-preview:-1\" \/>\n<link rel=\"canonical\" href=\"https:\/\/www.samoens.com\/nl\/winteractiviteiten-2\/ijsbaan\/\" \/>\n<meta property=\"og:locale\" content=\"nl_NL\" \/>\n<meta property=\"og:type\" content=\"article\" \/>\n<meta property=\"og:title\" content=\"Ijsbaan Samo\u00ebns, station de ski et village authentique en Haute-Savoie\" \/>\n<meta property=\"og:description\" content=\"[vc_row][vc_column][vc_column_text]Er is geen leeftijd om te schaatsen, aarzel niet om tijdens uw verblijf in Samo\u00ebns de prachtige overdekte ijsbaan in het hart van het dorp te ontdekken.[\/vc_column_text][\/vc_column][\/vc_row]\" \/>\n<meta property=\"og:url\" content=\"https:\/\/www.samoens.com\/nl\/winteractiviteiten-2\/ijsbaan\/\" \/>\n<meta property=\"og:site_name\" content=\"Samo\u00ebns, station de ski et village authentique en Haute-Savoie\" \/>\n<meta property=\"article:modified_time\" content=\"2019-08-30T15:46:24+00:00\" \/>\n<meta property=\"og:image\" content=\"https:\/\/www.samoens.com\/wp-content\/uploads\/2019\/10\/Samo\u00ebns-large-vall\u00e9e-\u00e0-fond-plat-et-Criou-Christian-Martelet-1200x405.jpg\" \/>\n\t<meta property=\"og:image:width\" content=\"1200\" \/>\n\t<meta property=\"og:image:height\" content=\"405\" \/>\n\t<meta property=\"og:image:type\" content=\"image\/jpeg\" \/>\n<meta name=\"twitter:card\" content=\"summary_large_image\" \/>\n<script type=\"application\/ld+json\" class=\"yoast-schema-graph\">{\"@context\":\"https:\/\/schema.org\",\"@graph\":[{\"@type\":\"WebPage\",\"@id\":\"https:\/\/www.samoens.com\/nl\/winteractiviteiten-2\/ijsbaan\/\",\"url\":\"https:\/\/www.samoens.com\/nl\/winteractiviteiten-2\/ijsbaan\/\",\"name\":\"Ijsbaan Samo\u00ebns, station de ski et village authentique en Haute-Savoie\",\"isPartOf\":{\"@id\":\"https:\/\/www.samoens.com\/#website\"},\"primaryImageOfPage\":{\"@id\":\"https:\/\/www.samoens.com\/nl\/winteractiviteiten-2\/ijsbaan\/#primaryimage\"},\"image\":{\"@id\":\"https:\/\/www.samoens.com\/nl\/winteractiviteiten-2\/ijsbaan\/#primaryimage\"},\"thumbnailUrl\":\"https:\/\/www.samoens.com\/wp-content\/uploads\/2021\/12\/mother-with-daughter-teaching-ice-skating-rink.jpg\",\"datePublished\":\"2019-08-30T15:39:51+00:00\",\"dateModified\":\"2019-08-30T15:46:24+00:00\",\"breadcrumb\":{\"@id\":\"https:\/\/www.samoens.com\/nl\/winteractiviteiten-2\/ijsbaan\/#breadcrumb\"},\"inLanguage\":\"nl-NL\",\"potentialAction\":[{\"@type\":\"ReadAction\",\"target\":[\"https:\/\/www.samoens.com\/nl\/winteractiviteiten-2\/ijsbaan\/\"]}]},{\"@type\":\"ImageObject\",\"inLanguage\":\"nl-NL\",\"@id\":\"https:\/\/www.samoens.com\/nl\/winteractiviteiten-2\/ijsbaan\/#primaryimage\",\"url\":\"https:\/\/www.samoens.com\/wp-content\/uploads\/2021\/12\/mother-with-daughter-teaching-ice-skating-rink.jpg\",\"contentUrl\":\"https:\/\/www.samoens.com\/wp-content\/uploads\/2021\/12\/mother-with-daughter-teaching-ice-skating-rink.jpg\",\"width\":3200,\"height\":2133,\"caption\":\"Mother with daughter teaching ice skating on a rink\"},{\"@type\":\"BreadcrumbList\",\"@id\":\"https:\/\/www.samoens.com\/nl\/winteractiviteiten-2\/ijsbaan\/#breadcrumb\",\"itemListElement\":[{\"@type\":\"ListItem\",\"position\":1,\"name\":\"Accueil\",\"item\":\"https:\/\/www.samoens.com\/nl\/\"},{\"@type\":\"ListItem\",\"position\":2,\"name\":\"Winter tijd\",\"item\":\"https:\/\/www.samoens.com\/nl\/winteractiviteiten-2\/\"},{\"@type\":\"ListItem\",\"position\":3,\"name\":\"Ijsbaan\"}]},{\"@type\":\"WebSite\",\"@id\":\"https:\/\/www.samoens.com\/#website\",\"url\":\"https:\/\/www.samoens.com\/\",\"name\":\"Samo\u00ebns, station de ski et village authentique en Haute-Savoie\",\"description\":\"Nich\u00e9e au coeur du domaine skiable du Grand Massif et \u00e0 moins d&#039;1h de Gen\u00e8ve, Samo\u00ebns rendra vos vacances inoubliables en \u00e9t\u00e9 comme en hiver\",\"potentialAction\":[{\"@type\":\"SearchAction\",\"target\":{\"@type\":\"EntryPoint\",\"urlTemplate\":\"https:\/\/www.samoens.com\/?s={search_term_string}\"},\"query-input\":{\"@type\":\"PropertyValueSpecification\",\"valueRequired\":true,\"valueName\":\"search_term_string\"}}],\"inLanguage\":\"nl-NL\"}]}<\/script>\n<!-- \/ Yoast SEO plugin. -->","yoast_head_json":{"title":"Ijsbaan Samo\u00ebns, station de ski et village authentique en Haute-Savoie","robots":{"index":"index","follow":"follow","max-snippet":"max-snippet:-1","max-image-preview":"max-image-preview:large","max-video-preview":"max-video-preview:-1"},"canonical":"https:\/\/www.samoens.com\/nl\/winteractiviteiten-2\/ijsbaan\/","og_locale":"nl_NL","og_type":"article","og_title":"Ijsbaan Samo\u00ebns, station de ski et village authentique en Haute-Savoie","og_description":"[vc_row][vc_column][vc_column_text]Er is geen leeftijd om te schaatsen, aarzel niet om tijdens uw verblijf in Samo\u00ebns de prachtige overdekte ijsbaan in het hart van het dorp te ontdekken.[\/vc_column_text][\/vc_column][\/vc_row]","og_url":"https:\/\/www.samoens.com\/nl\/winteractiviteiten-2\/ijsbaan\/","og_site_name":"Samo\u00ebns, station de ski et village authentique en Haute-Savoie","article_modified_time":"2019-08-30T15:46:24+00:00","og_image":[{"width":1200,"height":405,"url":"https:\/\/www.samoens.com\/wp-content\/uploads\/2019\/10\/Samo\u00ebns-large-vall\u00e9e-\u00e0-fond-plat-et-Criou-Christian-Martelet-1200x405.jpg","type":"image\/jpeg"}],"twitter_card":"summary_large_image","schema":{"@context":"https:\/\/schema.org","@graph":[{"@type":"WebPage","@id":"https:\/\/www.samoens.com\/nl\/winteractiviteiten-2\/ijsbaan\/","url":"https:\/\/www.samoens.com\/nl\/winteractiviteiten-2\/ijsbaan\/","name":"Ijsbaan Samo\u00ebns, station de ski et village authentique en Haute-Savoie","isPartOf":{"@id":"https:\/\/www.samoens.com\/#website"},"primaryImageOfPage":{"@id":"https:\/\/www.samoens.com\/nl\/winteractiviteiten-2\/ijsbaan\/#primaryimage"},"image":{"@id":"https:\/\/www.samoens.com\/nl\/winteractiviteiten-2\/ijsbaan\/#primaryimage"},"thumbnailUrl":"https:\/\/www.samoens.com\/wp-content\/uploads\/2021\/12\/mother-with-daughter-teaching-ice-skating-rink.jpg","datePublished":"2019-08-30T15:39:51+00:00","dateModified":"2019-08-30T15:46:24+00:00","breadcrumb":{"@id":"https:\/\/www.samoens.com\/nl\/winteractiviteiten-2\/ijsbaan\/#breadcrumb"},"inLanguage":"nl-NL","potentialAction":[{"@type":"ReadAction","target":["https:\/\/www.samoens.com\/nl\/winteractiviteiten-2\/ijsbaan\/"]}]},{"@type":"ImageObject","inLanguage":"nl-NL","@id":"https:\/\/www.samoens.com\/nl\/winteractiviteiten-2\/ijsbaan\/#primaryimage","url":"https:\/\/www.samoens.com\/wp-content\/uploads\/2021\/12\/mother-with-daughter-teaching-ice-skating-rink.jpg","contentUrl":"https:\/\/www.samoens.com\/wp-content\/uploads\/2021\/12\/mother-with-daughter-teaching-ice-skating-rink.jpg","width":3200,"height":2133,"caption":"Mother with daughter teaching ice skating on a rink"},{"@type":"BreadcrumbList","@id":"https:\/\/www.samoens.com\/nl\/winteractiviteiten-2\/ijsbaan\/#breadcrumb","itemListElement":[{"@type":"ListItem","position":1,"name":"Accueil","item":"https:\/\/www.samoens.com\/nl\/"},{"@type":"ListItem","position":2,"name":"Winter tijd","item":"https:\/\/www.samoens.com\/nl\/winteractiviteiten-2\/"},{"@type":"ListItem","position":3,"name":"Ijsbaan"}]},{"@type":"WebSite","@id":"https:\/\/www.samoens.com\/#website","url":"https:\/\/www.samoens.com\/","name":"Samo\u00ebns, station de ski et village authentique en Haute-Savoie","description":"Nich\u00e9e au coeur du domaine skiable du Grand Massif et \u00e0 moins d&#039;1h de Gen\u00e8ve, Samo\u00ebns rendra vos vacances inoubliables en \u00e9t\u00e9 comme en hiver","potentialAction":[{"@type":"SearchAction","target":{"@type":"EntryPoint","urlTemplate":"https:\/\/www.samoens.com\/?s={search_term_string}"},"query-input":{"@type":"PropertyValueSpecification","valueRequired":true,"valueName":"search_term_string"}}],"inLanguage":"nl-NL"}]}},"_links":{"self":[{"href":"https:\/\/www.samoens.com\/nl\/wp-json\/wp\/v2\/pages\/13219","targetHints":{"allow":["GET"]}}],"collection":[{"href":"https:\/\/www.samoens.com\/nl\/wp-json\/wp\/v2\/pages"}],"about":[{"href":"https:\/\/www.samoens.com\/nl\/wp-json\/wp\/v2\/types\/page"}],"author":[{"embeddable":true,"href":"https:\/\/www.samoens.com\/nl\/wp-json\/wp\/v2\/users\/2"}],"replies":[{"embeddable":true,"href":"https:\/\/www.samoens.com\/nl\/wp-json\/wp\/v2\/comments?post=13219"}],"version-history":[{"count":0,"href":"https:\/\/www.samoens.com\/nl\/wp-json\/wp\/v2\/pages\/13219\/revisions"}],"up":[{"embeddable":true,"href":"https:\/\/www.samoens.com\/nl\/wp-json\/wp\/v2\/pages\/40756"}],"wp:featuredmedia":[{"embeddable":true,"href":"https:\/\/www.samoens.com\/nl\/wp-json\/wp\/v2\/media\/554367"}],"wp:attachment":[{"href":"https:\/\/www.samoens.com\/nl\/wp-json\/wp\/v2\/media?parent=13219"}],"curies":[{"name":"wp","href":"https:\/\/api.w.org\/{rel}","templated":true}]}}