{"id":10770,"date":"2019-08-28T14:34:48","date_gmt":"2019-08-28T12:34:48","guid":{"rendered":"https:\/\/www.samoens.com\/contactez-nous\/"},"modified":"2025-07-12T11:02:47","modified_gmt":"2025-07-12T09:02:47","slug":"neem-contact-met-ons-op","status":"publish","type":"page","link":"https:\/\/www.samoens.com\/nl\/neem-contact-met-ons-op\/","title":{"rendered":"Neem contact met ons op"},"content":{"rendered":"<div class=\"wpb-content-wrapper\"><p>[vc_row][vc_column][vc_column_text]<\/p>\n<h2>Vind ons en neem gemakkelijk contact met ons op !<\/h2>\n<p>[\/vc_column_text][\/vc_column][\/vc_row][vc_row el_class=&#8221;formnl&#8221;][vc_column width=&#8221;1\/3&#8243;][vc_column_text]<\/p>\n<div class=\"vc_row wpb_row vc_row-fluid\">\n<div class=\"wpb_column vc_column_container vc_col-sm-12\">\n<div class=\"vc_column-inner\">\n<div class=\"wpb_wrapper\">\n<div class=\"wpb_text_column wpb_content_element \">\n<div class=\"wpb_wrapper\">\n<div class=\"wpb_text_column wpb_content_element \">\n<div class=\"wpb_wrapper\"><\/div>\n<\/div>\n<\/div>\n<\/div>\n<\/div>\n<\/div>\n<\/div>\n<\/div>\n<div class=\"vc_row wpb_row vc_row-fluid\">\n<div class=\"wpb_column vc_column_container vc_col-sm-12\">\n<div class=\"vc_column-inner\">\n<div class=\"wpb_wrapper\">\n<div class=\"wpb_text_column wpb_content_element \">\n<div class=\"wpb_wrapper\">\n<h3><span style=\"color: #193a5f;\"><b>TOERISTISCHE INFORMATIE<\/b><\/span><\/h3>\n<p><em>Office de Tourisme de Samo\u00ebns<\/em><\/p>\n<p><em>66 Place de l\u2019Office du Tourisme<\/em><\/p>\n<p><em>74340 SAMO\u00cbNS<\/em><\/p>\n<p>&nbsp;<\/p>\n<p>Tel. : <b>+33 (0)4 50 34 40 28<\/b><\/p>\n<p>Mail :\u00a0<strong><a href=\"mailto:infos@samoens.com\" target=\"_blank\" rel=\"noopener\">infos@samoens.com<\/a><\/strong><\/p>\n<\/div>\n<\/div>\n<\/div>\n<\/div>\n<\/div>\n<\/div>\n<p>[\/vc_column_text][vc_btn title=&#8221;Plan je verblijf in Samo\u00ebns&#8221; align=&#8221;left&#8221; i_type=&#8221;monosocial&#8221; i_icon_monosocial=&#8221;vc-mono vc-mono-heart&#8221; add_icon=&#8221;true&#8221; link=&#8221;url:https%3A%2F%2Fwww.samoens.com%2Fnl%2F|title:Plan%20je%20verblijf%20in%20Samo%C3%ABns|target:_blank&#8221;][vc_btn title=&#8221;Bekijk onze interactieve kaart&#8221; align=&#8221;left&#8221; i_type=&#8221;monosocial&#8221; i_icon_monosocial=&#8221;vc-mono vc-mono-gowallapin&#8221; add_icon=&#8221;true&#8221; link=&#8221;url:https%3A%2F%2Fexplore.samoens.com%2Fen%2Fmap|title:Bekijk%20onze%20interactieve%20kaart|target:_blank&#8221;][vc_btn title=&#8221;Ontdek onze Instagram feed&#8221; align=&#8221;left&#8221; i_type=&#8221;monosocial&#8221; i_icon_monosocial=&#8221;vc-mono vc-mono-instagram&#8221; add_icon=&#8221;true&#8221; link=&#8221;url:https%3A%2F%2Fwww.instagram.com%2Fsamoens_officiel%2F|title:Ontdek%20onze%20Instagram%20feed|target:_blank&#8221;][\/vc_column][vc_column width=&#8221;1\/3&#8243;][vc_column_text]<\/p>\n<div class=\"vc_row wpb_row vc_row-fluid\">\n<div class=\"wpb_column vc_column_container vc_col-sm-12\">\n<div class=\"vc_column-inner\">\n<div class=\"wpb_wrapper\">\n<div class=\"wpb_text_column wpb_content_element \">\n<div class=\"wpb_wrapper\">\n<div class=\"wpb_text_column wpb_content_element \">\n<div class=\"wpb_wrapper\"><\/div>\n<\/div>\n<\/div>\n<\/div>\n<\/div>\n<\/div>\n<\/div>\n<\/div>\n<div class=\"vc_row wpb_row vc_row-fluid\">\n<div class=\"wpb_column vc_column_container vc_col-sm-12\">\n<div class=\"vc_column-inner\">\n<div class=\"wpb_wrapper\">\n<div class=\"wpb_text_column wpb_content_element \">\n<div class=\"wpb_wrapper\">\n<h3><span style=\"color: #193a5f;\"><b>RESERVERINGSCENTRALE<\/b><\/span><\/h3>\n<p><em>Office de Tourisme de Samo\u00ebns<\/em><\/p>\n<p><em>66 Place de l\u2019Office du Tourisme<\/em><\/p>\n<p><em>74340 SAMO\u00cbNS<\/em><\/p>\n<p>&nbsp;<\/p>\n<p>Tel. : <b>+33 (0)4 50 78 62 50<\/b><\/p>\n<p>Mail : <strong><a href=\"mailto:reservation@samoens.com\" target=\"_blank\" rel=\"noopener\">reservation@samoens.com<\/a><\/strong><\/p>\n<\/div>\n<\/div>\n<\/div>\n<\/div>\n<\/div>\n<\/div>\n<p>[\/vc_column_text][vc_btn title=&#8221;Boek je verblijf en activiteiten&#8221; align=&#8221;left&#8221; i_type=&#8221;monosocial&#8221; i_icon_monosocial=&#8221;vc-mono vc-mono-heart&#8221; add_icon=&#8221;true&#8221; link=&#8221;url:https%3A%2F%2Fbooking.samoens.com%2F|title:Boek%20je%20verblijf%20en%20activiteiten|target:_blank&#8221;][\/vc_column][vc_column width=&#8221;1\/3&#8243;][vc_column_text]<\/p>\n<div class=\"vc_row wpb_row vc_row-fluid\">\n<div class=\"wpb_column vc_column_container vc_col-sm-12\">\n<div class=\"vc_column-inner\">\n<div class=\"wpb_wrapper\">\n<div class=\"wpb_text_column wpb_content_element \">\n<div class=\"wpb_wrapper\">\n<div class=\"wpb_text_column wpb_content_element \">\n<div class=\"wpb_wrapper\"><\/div>\n<\/div>\n<\/div>\n<\/div>\n<\/div>\n<\/div>\n<\/div>\n<\/div>\n<div class=\"vc_row wpb_row vc_row-fluid\">\n<div class=\"wpb_column vc_column_container vc_col-sm-12\">\n<div class=\"vc_column-inner\">\n<div class=\"wpb_wrapper\">\n<div class=\"wpb_text_column wpb_content_element \">\n<div class=\"wpb_wrapper\">\n<h3><span style=\"color: #193a5f;\"><b>AFDELING BUSINESS EN GROEP<\/b><\/span><\/h3>\n<p><em>Office de Tourisme de Samo\u00ebns<\/em><\/p>\n<p><em>66 Place de l\u2019Office du Tourisme<\/em><\/p>\n<p><em>74340 SAMO\u00cbNS<\/em><\/p>\n<p>&nbsp;<\/p>\n<p>Tel. : <strong>+33 (0)4 50 34 46 57<\/strong><\/p>\n<p>Mobiel : <strong>+33 (0)6 45 72 60 76<\/strong><\/p>\n<p>Mail : <strong><a href=\"mailto:promotion@samoens.com\" target=\"_blank\" rel=\"noopener\">promotion@samoens.com<\/a><\/strong><\/p>\n<\/div>\n<\/div>\n<\/div>\n<\/div>\n<\/div>\n<\/div>\n<p>[\/vc_column_text][vc_btn title=&#8221;Onze evenementen, groepen en persberichten&#8221; align=&#8221;left&#8221; i_type=&#8221;monosocial&#8221; i_icon_monosocial=&#8221;vc-mono vc-mono-linkedin&#8221; add_icon=&#8221;true&#8221; link=&#8221;url:https%3A%2F%2Flinkedin.com%2Fcompany%2Fsamo%C3%ABns%2F|title:Onze%20evenementen%2C%20groepen%20en%20persberichten|target:_blank&#8221;][vc_btn title=&#8221;Onze video&#8217;s over teambuilding en seminars&#8221; i_type=&#8221;monosocial&#8221; i_icon_monosocial=&#8221;vc-mono vc-mono-youtube&#8221; add_icon=&#8221;true&#8221; link=&#8221;url:https%3A%2F%2Fwww.youtube.com%2Fplaylist%3Flist%3DPL3ONQ9FZdIP5AusO_MXcZFo6omv4i7wz2|title:Onze%20video&#8217;s%20over%20teambuilding%20en%20seminars|target:_blank&#8221;][\/vc_column][\/vc_row][vc_row][vc_column][vc_column_text]  \n<div id=\"yataclock--full\" class=\"yataclock--full\">\n    \n        <h2>Onze openingstijden<\/h2>\n        \n    <div class=\"row\">\n        \n                \n        <div class=\"yataclock--full--item col-lg-6 col-12\">\n            \n                        <h3>TOERISTISCHE INFORMATIE<\/h3>\n                        \n            <div class=\"row\">\n                \n                                <div class=\"yataclock--full--grid yataclock--full--openinghours col-12\">\n                    \n                                        \n                    <ul>\n                                                <li>\n                            <span class=\"day\">Lundi:<\/span>\n                            <span class=\"infos\">9.00-12.00 \/ 14.00-18.00<\/span>\n                        <\/li>\n                                                <li>\n                            <span class=\"day\">Mardi:<\/span>\n                            <span class=\"infos\">9.00-12.00 \/ 14.00-18.00<\/span>\n                        <\/li>\n                                                <li>\n                            <span class=\"day\">Mercredi:<\/span>\n                            <span class=\"infos\">9.00-12.00 \/ 14.00-18.00<\/span>\n                        <\/li>\n                                                <li>\n                            <span class=\"day\">Jeudi:<\/span>\n                            <span class=\"infos\">ferm\u00e9<\/span>\n                        <\/li>\n                                                <li>\n                            <span class=\"day\">Vendredi:<\/span>\n                            <span class=\"infos\">ferm\u00e9<\/span>\n                        <\/li>\n                                                <li>\n                            <span class=\"day\">Samedi:<\/span>\n                            <span class=\"infos\">9.00-12.00 \/ 14.00-18.00<\/span>\n                        <\/li>\n                                                <li>\n                            <span class=\"day\">Dimanche:<\/span>\n                            <span class=\"infos\">9.00-12.00 <\/span>\n                        <\/li>\n                                            <\/ul>\n                    \n                <\/div>\n                                \n                                \n                                \n                                    \n                            <\/div>\n            \n        <\/div>\n\n                \n        <div class=\"yataclock--full--item col-lg-6 col-12\">\n            \n                        <h3>RESERVERINGSCENTRALE<\/h3>\n                        \n            <div class=\"row\">\n                \n                                <div class=\"yataclock--full--grid yataclock--full--openinghours col-12\">\n                    \n                                        \n                    <ul>\n                                                <li>\n                            <span class=\"day\">Lundi:<\/span>\n                            <span class=\"infos\">9.00-12.00 \/ 13.30-17.00<\/span>\n                        <\/li>\n                                                <li>\n                            <span class=\"day\">Mardi:<\/span>\n                            <span class=\"infos\">9.00-12.00 \/ 13.30-17.00<\/span>\n                        <\/li>\n                                                <li>\n                            <span class=\"day\">Mercredi:<\/span>\n                            <span class=\"infos\">9.00-12.00 \/ 13.30-17.00<\/span>\n                        <\/li>\n                                                <li>\n                            <span class=\"day\">Jeudi:<\/span>\n                            <span class=\"infos\">9.00-12.00 \/ 13.30-17.00<\/span>\n                        <\/li>\n                                                <li>\n                            <span class=\"day\">Vendredi:<\/span>\n                            <span class=\"infos\">9.00-12.00 \/ 13.30-17.00<\/span>\n                        <\/li>\n                                                <li>\n                            <span class=\"day\">Samedi:<\/span>\n                            <span class=\"infos\">ferm\u00e9<\/span>\n                        <\/li>\n                                                <li>\n                            <span class=\"day\">Dimanche:<\/span>\n                            <span class=\"infos\">ferm\u00e9<\/span>\n                        <\/li>\n                                            <\/ul>\n                    \n                <\/div>\n                                \n                                \n                                \n                                    \n                            <\/div>\n            \n        <\/div>\n\n                \n        <div class=\"yataclock--full--item col-lg-6 col-12\">\n            \n                        <h3>AFDELING BUSINESS EN GROEP<\/h3>\n                        \n            <div class=\"row\">\n                \n                                <div class=\"yataclock--full--grid yataclock--full--openinghours col-12\">\n                    \n                                        \n                    <ul>\n                                                <li>\n                            <span class=\"day\">Lundi:<\/span>\n                            <span class=\"infos\">9.00-12.00 \/ 13.30-17.00<\/span>\n                        <\/li>\n                                                <li>\n                            <span class=\"day\">Mardi:<\/span>\n                            <span class=\"infos\">9.00-12.00 \/ 13.30-17.00<\/span>\n                        <\/li>\n                                                <li>\n                            <span class=\"day\">Mercredi:<\/span>\n                            <span class=\"infos\">9.00-12.00 \/ 13.30-17.00<\/span>\n                        <\/li>\n                                                <li>\n                            <span class=\"day\">Jeudi:<\/span>\n                            <span class=\"infos\">9.00-12.00 \/ 13.30-17.00<\/span>\n                        <\/li>\n                                                <li>\n                            <span class=\"day\">Vendredi:<\/span>\n                            <span class=\"infos\">9.00-12.00 \/ 13.30-17.00<\/span>\n                        <\/li>\n                                                <li>\n                            <span class=\"day\">Samedi:<\/span>\n                            <span class=\"infos\">ferm\u00e9<\/span>\n                        <\/li>\n                                                <li>\n                            <span class=\"day\">Dimanche:<\/span>\n                            <span class=\"infos\">ferm\u00e9<\/span>\n                        <\/li>\n                                            <\/ul>\n                    \n                <\/div>\n                                \n                                \n                                \n                                    \n                            <\/div>\n            \n        <\/div>\n\n                \n    <\/div>\n    \n<\/div>\n[\/vc_column_text][\/vc_column][\/vc_row]<\/p>\n<\/div>","protected":false},"excerpt":{"rendered":"<p>[vc_row][vc_column][vc_column_text] Vind ons en neem gemakkelijk contact met ons op ! [\/vc_column_text][\/vc_column][\/vc_row][vc_row el_class=&#8221;formnl&#8221;][vc_column width=&#8221;1\/3&#8243;][vc_column_text] TOERISTISCHE INFORMATIE Office de Tourisme de Samo\u00ebns 66 Place de l\u2019Office du Tourisme 74340 SAMO\u00cbNS &nbsp; Tel. : +33 (0)4 50 34 40 28 Mail :\u00a0infos@samoens.com [\/vc_column_text][vc_btn title=&#8221;Plan je verblijf in Samo\u00ebns&#8221; align=&#8221;left&#8221; i_type=&#8221;monosocial&#8221; i_icon_monosocial=&#8221;vc-mono vc-mono-heart&#8221; add_icon=&#8221;true&#8221; link=&#8221;url:https%3A%2F%2Fwww.samoens.com%2Fnl%2F|title:Plan%20je%20verblijf%20in%20Samo%C3%ABns|target:_blank&#8221;][vc_btn title=&#8221;Bekijk onze interactieve [&hellip;]<\/p>\n","protected":false},"author":1,"featured_media":0,"parent":0,"menu_order":178,"comment_status":"closed","ping_status":"closed","template":"","meta":{"_acf_changed":false,"footnotes":""},"class_list":["post-10770","page","type-page","status-publish","hentry"],"acf":[],"yoast_head":"<!-- This site is optimized with the Yoast SEO plugin v27.4 - https:\/\/yoast.com\/product\/yoast-seo-wordpress\/ -->\n<title>Neem contact met ons op Samo\u00ebns, station de ski et village authentique en Haute-Savoie<\/title>\n<meta name=\"robots\" content=\"index, follow, max-snippet:-1, max-image-preview:large, max-video-preview:-1\" \/>\n<link rel=\"canonical\" href=\"https:\/\/www.samoens.com\/nl\/neem-contact-met-ons-op\/\" \/>\n<meta property=\"og:locale\" content=\"nl_NL\" \/>\n<meta property=\"og:type\" content=\"article\" \/>\n<meta property=\"og:title\" content=\"Neem contact met ons op Samo\u00ebns, station de ski et village authentique en Haute-Savoie\" \/>\n<meta property=\"og:description\" content=\"[vc_row][vc_column][vc_column_text] Vind ons en neem gemakkelijk contact met ons op ! [\/vc_column_text][\/vc_column][\/vc_row][vc_row el_class=&#8221;formnl&#8221;][vc_column width=&#8221;1\/3&#8243;][vc_column_text] TOERISTISCHE INFORMATIE Office de Tourisme de Samo\u00ebns 66 Place de l\u2019Office du Tourisme 74340 SAMO\u00cbNS &nbsp; Tel. : +33 (0)4 50 34 40 28 Mail :\u00a0infos@samoens.com [\/vc_column_text][vc_btn title=&#8221;Plan je verblijf in Samo\u00ebns&#8221; align=&#8221;left&#8221; i_type=&#8221;monosocial&#8221; i_icon_monosocial=&#8221;vc-mono vc-mono-heart&#8221; add_icon=&#8221;true&#8221; link=&#8221;url:https%3A%2F%2Fwww.samoens.com%2Fnl%2F|title:Plan%20je%20verblijf%20in%20Samo%C3%ABns|target:_blank&#8221;][vc_btn title=&#8221;Bekijk onze interactieve [&hellip;]\" \/>\n<meta property=\"og:url\" content=\"https:\/\/www.samoens.com\/nl\/neem-contact-met-ons-op\/\" \/>\n<meta property=\"og:site_name\" content=\"Samo\u00ebns, station de ski et village authentique en Haute-Savoie\" \/>\n<meta property=\"article:modified_time\" content=\"2025-07-12T09:02:47+00:00\" \/>\n<meta name=\"twitter:card\" content=\"summary_large_image\" \/>\n<meta name=\"twitter:label1\" content=\"Geschatte leestijd\" \/>\n\t<meta name=\"twitter:data1\" content=\"1 minuut\" \/>\n<script type=\"application\/ld+json\" class=\"yoast-schema-graph\">{\"@context\":\"https:\\\/\\\/schema.org\",\"@graph\":[{\"@type\":\"WebPage\",\"@id\":\"https:\\\/\\\/www.samoens.com\\\/nl\\\/neem-contact-met-ons-op\\\/\",\"url\":\"https:\\\/\\\/www.samoens.com\\\/nl\\\/neem-contact-met-ons-op\\\/\",\"name\":\"Neem contact met ons op Samo\u00ebns, station de ski et village authentique en Haute-Savoie\",\"isPartOf\":{\"@id\":\"https:\\\/\\\/www.samoens.com\\\/#website\"},\"datePublished\":\"2019-08-28T12:34:48+00:00\",\"dateModified\":\"2025-07-12T09:02:47+00:00\",\"breadcrumb\":{\"@id\":\"https:\\\/\\\/www.samoens.com\\\/nl\\\/neem-contact-met-ons-op\\\/#breadcrumb\"},\"inLanguage\":\"nl-NL\",\"potentialAction\":[{\"@type\":\"ReadAction\",\"target\":[\"https:\\\/\\\/www.samoens.com\\\/nl\\\/neem-contact-met-ons-op\\\/\"]}]},{\"@type\":\"BreadcrumbList\",\"@id\":\"https:\\\/\\\/www.samoens.com\\\/nl\\\/neem-contact-met-ons-op\\\/#breadcrumb\",\"itemListElement\":[{\"@type\":\"ListItem\",\"position\":1,\"name\":\"Accueil\",\"item\":\"https:\\\/\\\/www.samoens.com\\\/nl\\\/\"},{\"@type\":\"ListItem\",\"position\":2,\"name\":\"Neem contact met ons op\"}]},{\"@type\":\"WebSite\",\"@id\":\"https:\\\/\\\/www.samoens.com\\\/#website\",\"url\":\"https:\\\/\\\/www.samoens.com\\\/\",\"name\":\"Samo\u00ebns, station de ski et village authentique en Haute-Savoie\",\"description\":\"Nich\u00e9e au coeur du domaine skiable du Grand Massif et \u00e0 moins d&#039;1h de Gen\u00e8ve, Samo\u00ebns rendra vos vacances inoubliables en \u00e9t\u00e9 comme en hiver\",\"potentialAction\":[{\"@type\":\"SearchAction\",\"target\":{\"@type\":\"EntryPoint\",\"urlTemplate\":\"https:\\\/\\\/www.samoens.com\\\/?s={search_term_string}\"},\"query-input\":{\"@type\":\"PropertyValueSpecification\",\"valueRequired\":true,\"valueName\":\"search_term_string\"}}],\"inLanguage\":\"nl-NL\"}]}<\/script>\n<!-- \/ Yoast SEO plugin. -->","yoast_head_json":{"title":"Neem contact met ons op Samo\u00ebns, station de ski et village authentique en Haute-Savoie","robots":{"index":"index","follow":"follow","max-snippet":"max-snippet:-1","max-image-preview":"max-image-preview:large","max-video-preview":"max-video-preview:-1"},"canonical":"https:\/\/www.samoens.com\/nl\/neem-contact-met-ons-op\/","og_locale":"nl_NL","og_type":"article","og_title":"Neem contact met ons op Samo\u00ebns, station de ski et village authentique en Haute-Savoie","og_description":"[vc_row][vc_column][vc_column_text] Vind ons en neem gemakkelijk contact met ons op ! [\/vc_column_text][\/vc_column][\/vc_row][vc_row el_class=&#8221;formnl&#8221;][vc_column width=&#8221;1\/3&#8243;][vc_column_text] TOERISTISCHE INFORMATIE Office de Tourisme de Samo\u00ebns 66 Place de l\u2019Office du Tourisme 74340 SAMO\u00cbNS &nbsp; Tel. : +33 (0)4 50 34 40 28 Mail :\u00a0infos@samoens.com [\/vc_column_text][vc_btn title=&#8221;Plan je verblijf in Samo\u00ebns&#8221; align=&#8221;left&#8221; i_type=&#8221;monosocial&#8221; i_icon_monosocial=&#8221;vc-mono vc-mono-heart&#8221; add_icon=&#8221;true&#8221; link=&#8221;url:https%3A%2F%2Fwww.samoens.com%2Fnl%2F|title:Plan%20je%20verblijf%20in%20Samo%C3%ABns|target:_blank&#8221;][vc_btn title=&#8221;Bekijk onze interactieve [&hellip;]","og_url":"https:\/\/www.samoens.com\/nl\/neem-contact-met-ons-op\/","og_site_name":"Samo\u00ebns, station de ski et village authentique en Haute-Savoie","article_modified_time":"2025-07-12T09:02:47+00:00","twitter_card":"summary_large_image","twitter_misc":{"Geschatte leestijd":"1 minuut"},"schema":{"@context":"https:\/\/schema.org","@graph":[{"@type":"WebPage","@id":"https:\/\/www.samoens.com\/nl\/neem-contact-met-ons-op\/","url":"https:\/\/www.samoens.com\/nl\/neem-contact-met-ons-op\/","name":"Neem contact met ons op Samo\u00ebns, station de ski et village authentique en Haute-Savoie","isPartOf":{"@id":"https:\/\/www.samoens.com\/#website"},"datePublished":"2019-08-28T12:34:48+00:00","dateModified":"2025-07-12T09:02:47+00:00","breadcrumb":{"@id":"https:\/\/www.samoens.com\/nl\/neem-contact-met-ons-op\/#breadcrumb"},"inLanguage":"nl-NL","potentialAction":[{"@type":"ReadAction","target":["https:\/\/www.samoens.com\/nl\/neem-contact-met-ons-op\/"]}]},{"@type":"BreadcrumbList","@id":"https:\/\/www.samoens.com\/nl\/neem-contact-met-ons-op\/#breadcrumb","itemListElement":[{"@type":"ListItem","position":1,"name":"Accueil","item":"https:\/\/www.samoens.com\/nl\/"},{"@type":"ListItem","position":2,"name":"Neem contact met ons op"}]},{"@type":"WebSite","@id":"https:\/\/www.samoens.com\/#website","url":"https:\/\/www.samoens.com\/","name":"Samo\u00ebns, station de ski et village authentique en Haute-Savoie","description":"Nich\u00e9e au coeur du domaine skiable du Grand Massif et \u00e0 moins d&#039;1h de Gen\u00e8ve, Samo\u00ebns rendra vos vacances inoubliables en \u00e9t\u00e9 comme en hiver","potentialAction":[{"@type":"SearchAction","target":{"@type":"EntryPoint","urlTemplate":"https:\/\/www.samoens.com\/?s={search_term_string}"},"query-input":{"@type":"PropertyValueSpecification","valueRequired":true,"valueName":"search_term_string"}}],"inLanguage":"nl-NL"}]}},"_links":{"self":[{"href":"https:\/\/www.samoens.com\/nl\/wp-json\/wp\/v2\/pages\/10770","targetHints":{"allow":["GET"]}}],"collection":[{"href":"https:\/\/www.samoens.com\/nl\/wp-json\/wp\/v2\/pages"}],"about":[{"href":"https:\/\/www.samoens.com\/nl\/wp-json\/wp\/v2\/types\/page"}],"author":[{"embeddable":true,"href":"https:\/\/www.samoens.com\/nl\/wp-json\/wp\/v2\/users\/1"}],"replies":[{"embeddable":true,"href":"https:\/\/www.samoens.com\/nl\/wp-json\/wp\/v2\/comments?post=10770"}],"version-history":[{"count":5,"href":"https:\/\/www.samoens.com\/nl\/wp-json\/wp\/v2\/pages\/10770\/revisions"}],"predecessor-version":[{"id":597773,"href":"https:\/\/www.samoens.com\/nl\/wp-json\/wp\/v2\/pages\/10770\/revisions\/597773"}],"wp:attachment":[{"href":"https:\/\/www.samoens.com\/nl\/wp-json\/wp\/v2\/media?parent=10770"}],"curies":[{"name":"wp","href":"https:\/\/api.w.org\/{rel}","templated":true}]}}