{"id":607301,"date":"2025-06-24T09:34:35","date_gmt":"2025-06-24T07:34:35","guid":{"rendered":"https:\/\/www.samoens.com\/mtb-routes\/itineraires-de-velo-incontournables-les-plus-belles-balades-a-decouvrir\/"},"modified":"2026-04-05T14:56:26","modified_gmt":"2026-04-05T12:56:26","slug":"itineraires-de-velo-incontournables-les-plus-belles-balades-a-decouvrir","status":"publish","type":"page","link":"https:\/\/www.samoens.com\/en\/mtb-routes\/itineraires-de-velo-incontournables-les-plus-belles-balades-a-decouvrir\/","title":{"rendered":"Must-do cycling routes"},"content":{"rendered":"","protected":false},"excerpt":{"rendered":"","protected":false},"author":2,"featured_media":529212,"parent":38410,"menu_order":0,"comment_status":"closed","ping_status":"closed","template":"template-liste-apidae.php","meta":{"_acf_changed":false,"footnotes":""},"class_list":["post-607301","page","type-page","status-publish","hentry"],"acf":[],"yoast_head":"<!-- This site is optimized with the Yoast SEO plugin v27.4 - https:\/\/yoast.com\/product\/yoast-seo-wordpress\/ -->\n<title>The must-try cycling and mountain biking routes in Samo\u00ebns, Haute-Savoie Samo\u00ebns, station de ski et village authentique en Haute-Savoie<\/title>\n<meta name=\"description\" content=\"Discover Samo\u00ebns in a whole new light with its unmissable cycling routes. Nestled in the heart of the Giffre Valley, this Alpine village resort offers a variety of routes to suit all abilities. From scenic roads and forest trails to legendary mountain passes, cycle through the breathtaking landscapes of Samo\u00ebns. Whether you\u2019re with your family, looking to relax or seeking sporting challenges, each route will offer you a unique experience right at the heart of the mountains.\" \/>\n<meta name=\"robots\" content=\"index, follow, max-snippet:-1, max-image-preview:large, max-video-preview:-1\" \/>\n<link rel=\"canonical\" href=\"https:\/\/www.samoens.com\/en\/mtb-routes\/itineraires-de-velo-incontournables-les-plus-belles-balades-a-decouvrir\/\" \/>\n<meta property=\"og:locale\" content=\"en_US\" \/>\n<meta property=\"og:type\" content=\"article\" \/>\n<meta property=\"og:title\" content=\"The must-try cycling and mountain biking routes in Samo\u00ebns, Haute-Savoie Samo\u00ebns, station de ski et village authentique en Haute-Savoie\" \/>\n<meta property=\"og:description\" content=\"D\u00e9couvrez les plus beaux itin\u00e9raires de v\u00e9lo \u00e0 Samo\u00ebns, entre montagnes, nature et patrimoine. Parcours pour tous les niveaux, au c\u0153ur des Alpes.\" \/>\n<meta property=\"og:url\" content=\"https:\/\/www.samoens.com\/en\/mtb-routes\/itineraires-de-velo-incontournables-les-plus-belles-balades-a-decouvrir\/\" \/>\n<meta property=\"og:site_name\" content=\"Samo\u00ebns, station de ski et village authentique en Haute-Savoie\" \/>\n<meta property=\"article:modified_time\" content=\"2026-04-05T12:56:26+00:00\" \/>\n<meta property=\"og:image\" content=\"https:\/\/www.samoens.com\/wp-content\/uploads\/2021\/03\/7381-TristanShu-scaled.jpg\" \/>\n\t<meta property=\"og:image:width\" content=\"2560\" \/>\n\t<meta property=\"og:image:height\" content=\"1707\" \/>\n\t<meta property=\"og:image:type\" content=\"image\/jpeg\" \/>\n<meta name=\"twitter:card\" content=\"summary_large_image\" \/>\n<script type=\"application\/ld+json\" class=\"yoast-schema-graph\">{\"@context\":\"https:\\\/\\\/schema.org\",\"@graph\":[{\"@type\":\"WebPage\",\"@id\":\"https:\\\/\\\/www.samoens.com\\\/en\\\/mtb-routes\\\/itineraires-de-velo-incontournables-les-plus-belles-balades-a-decouvrir\\\/\",\"url\":\"https:\\\/\\\/www.samoens.com\\\/en\\\/mtb-routes\\\/itineraires-de-velo-incontournables-les-plus-belles-balades-a-decouvrir\\\/\",\"name\":\"The must-try cycling and mountain biking routes in Samo\u00ebns, Haute-Savoie Samo\u00ebns, station de ski et village authentique en Haute-Savoie\",\"isPartOf\":{\"@id\":\"https:\\\/\\\/www.samoens.com\\\/#website\"},\"primaryImageOfPage\":{\"@id\":\"https:\\\/\\\/www.samoens.com\\\/en\\\/mtb-routes\\\/itineraires-de-velo-incontournables-les-plus-belles-balades-a-decouvrir\\\/#primaryimage\"},\"image\":{\"@id\":\"https:\\\/\\\/www.samoens.com\\\/en\\\/mtb-routes\\\/itineraires-de-velo-incontournables-les-plus-belles-balades-a-decouvrir\\\/#primaryimage\"},\"thumbnailUrl\":\"https:\\\/\\\/www.samoens.com\\\/wp-content\\\/uploads\\\/2021\\\/03\\\/7381-TristanShu-scaled.jpg\",\"datePublished\":\"2025-06-24T07:34:35+00:00\",\"dateModified\":\"2026-04-05T12:56:26+00:00\",\"description\":\"D\u00e9couvrez les plus beaux itin\u00e9raires de v\u00e9lo \u00e0 Samo\u00ebns, entre montagnes, nature et patrimoine. Parcours pour tous les niveaux, au c\u0153ur des Alpes.\",\"breadcrumb\":{\"@id\":\"https:\\\/\\\/www.samoens.com\\\/en\\\/mtb-routes\\\/itineraires-de-velo-incontournables-les-plus-belles-balades-a-decouvrir\\\/#breadcrumb\"},\"inLanguage\":\"en-US\",\"potentialAction\":[{\"@type\":\"ReadAction\",\"target\":[\"https:\\\/\\\/www.samoens.com\\\/en\\\/mtb-routes\\\/itineraires-de-velo-incontournables-les-plus-belles-balades-a-decouvrir\\\/\"]}]},{\"@type\":\"ImageObject\",\"inLanguage\":\"en-US\",\"@id\":\"https:\\\/\\\/www.samoens.com\\\/en\\\/mtb-routes\\\/itineraires-de-velo-incontournables-les-plus-belles-balades-a-decouvrir\\\/#primaryimage\",\"url\":\"https:\\\/\\\/www.samoens.com\\\/wp-content\\\/uploads\\\/2021\\\/03\\\/7381-TristanShu-scaled.jpg\",\"contentUrl\":\"https:\\\/\\\/www.samoens.com\\\/wp-content\\\/uploads\\\/2021\\\/03\\\/7381-TristanShu-scaled.jpg\",\"width\":2560,\"height\":1707,\"caption\":\"VTT sur le Grand Massif\"},{\"@type\":\"BreadcrumbList\",\"@id\":\"https:\\\/\\\/www.samoens.com\\\/en\\\/mtb-routes\\\/itineraires-de-velo-incontournables-les-plus-belles-balades-a-decouvrir\\\/#breadcrumb\",\"itemListElement\":[{\"@type\":\"ListItem\",\"position\":1,\"name\":\"Accueil\",\"item\":\"https:\\\/\\\/www.samoens.com\\\/en\\\/\"},{\"@type\":\"ListItem\",\"position\":2,\"name\":\"MTB routes\",\"item\":\"https:\\\/\\\/www.samoens.com\\\/en\\\/mtb-routes\\\/\"},{\"@type\":\"ListItem\",\"position\":3,\"name\":\"Must-do cycling routes\"}]},{\"@type\":\"WebSite\",\"@id\":\"https:\\\/\\\/www.samoens.com\\\/#website\",\"url\":\"https:\\\/\\\/www.samoens.com\\\/\",\"name\":\"Samo\u00ebns, station de ski et village authentique en Haute-Savoie\",\"description\":\"Nich\u00e9e au coeur du domaine skiable du Grand Massif et \u00e0 moins d&#039;1h de Gen\u00e8ve, Samo\u00ebns rendra vos vacances inoubliables en \u00e9t\u00e9 comme en hiver\",\"potentialAction\":[{\"@type\":\"SearchAction\",\"target\":{\"@type\":\"EntryPoint\",\"urlTemplate\":\"https:\\\/\\\/www.samoens.com\\\/?s={search_term_string}\"},\"query-input\":{\"@type\":\"PropertyValueSpecification\",\"valueRequired\":true,\"valueName\":\"search_term_string\"}}],\"inLanguage\":\"en-US\"}]}<\/script>\n<!-- \/ Yoast SEO plugin. -->","yoast_head_json":{"title":"The must-try cycling and mountain biking routes in Samo\u00ebns, Haute-Savoie Samo\u00ebns, station de ski et village authentique en Haute-Savoie","description":"Discover Samo\u00ebns in a whole new light with its unmissable cycling routes. Nestled in the heart of the Giffre Valley, this Alpine village resort offers a variety of routes to suit all abilities. From scenic roads and forest trails to legendary mountain passes, cycle through the breathtaking landscapes of Samo\u00ebns. Whether you\u2019re with your family, looking to relax or seeking sporting challenges, each route will offer you a unique experience right at the heart of the mountains.","robots":{"index":"index","follow":"follow","max-snippet":"max-snippet:-1","max-image-preview":"max-image-preview:large","max-video-preview":"max-video-preview:-1"},"canonical":"https:\/\/www.samoens.com\/en\/mtb-routes\/itineraires-de-velo-incontournables-les-plus-belles-balades-a-decouvrir\/","og_locale":"en_US","og_type":"article","og_title":"The must-try cycling and mountain biking routes in Samo\u00ebns, Haute-Savoie Samo\u00ebns, station de ski et village authentique en Haute-Savoie","og_description":"D\u00e9couvrez les plus beaux itin\u00e9raires de v\u00e9lo \u00e0 Samo\u00ebns, entre montagnes, nature et patrimoine. Parcours pour tous les niveaux, au c\u0153ur des Alpes.","og_url":"https:\/\/www.samoens.com\/en\/mtb-routes\/itineraires-de-velo-incontournables-les-plus-belles-balades-a-decouvrir\/","og_site_name":"Samo\u00ebns, station de ski et village authentique en Haute-Savoie","article_modified_time":"2026-04-05T12:56:26+00:00","og_image":[{"width":2560,"height":1707,"url":"https:\/\/www.samoens.com\/wp-content\/uploads\/2021\/03\/7381-TristanShu-scaled.jpg","type":"image\/jpeg"}],"twitter_card":"summary_large_image","schema":{"@context":"https:\/\/schema.org","@graph":[{"@type":"WebPage","@id":"https:\/\/www.samoens.com\/en\/mtb-routes\/itineraires-de-velo-incontournables-les-plus-belles-balades-a-decouvrir\/","url":"https:\/\/www.samoens.com\/en\/mtb-routes\/itineraires-de-velo-incontournables-les-plus-belles-balades-a-decouvrir\/","name":"The must-try cycling and mountain biking routes in Samo\u00ebns, Haute-Savoie Samo\u00ebns, station de ski et village authentique en Haute-Savoie","isPartOf":{"@id":"https:\/\/www.samoens.com\/#website"},"primaryImageOfPage":{"@id":"https:\/\/www.samoens.com\/en\/mtb-routes\/itineraires-de-velo-incontournables-les-plus-belles-balades-a-decouvrir\/#primaryimage"},"image":{"@id":"https:\/\/www.samoens.com\/en\/mtb-routes\/itineraires-de-velo-incontournables-les-plus-belles-balades-a-decouvrir\/#primaryimage"},"thumbnailUrl":"https:\/\/www.samoens.com\/wp-content\/uploads\/2021\/03\/7381-TristanShu-scaled.jpg","datePublished":"2025-06-24T07:34:35+00:00","dateModified":"2026-04-05T12:56:26+00:00","description":"D\u00e9couvrez les plus beaux itin\u00e9raires de v\u00e9lo \u00e0 Samo\u00ebns, entre montagnes, nature et patrimoine. Parcours pour tous les niveaux, au c\u0153ur des Alpes.","breadcrumb":{"@id":"https:\/\/www.samoens.com\/en\/mtb-routes\/itineraires-de-velo-incontournables-les-plus-belles-balades-a-decouvrir\/#breadcrumb"},"inLanguage":"en-US","potentialAction":[{"@type":"ReadAction","target":["https:\/\/www.samoens.com\/en\/mtb-routes\/itineraires-de-velo-incontournables-les-plus-belles-balades-a-decouvrir\/"]}]},{"@type":"ImageObject","inLanguage":"en-US","@id":"https:\/\/www.samoens.com\/en\/mtb-routes\/itineraires-de-velo-incontournables-les-plus-belles-balades-a-decouvrir\/#primaryimage","url":"https:\/\/www.samoens.com\/wp-content\/uploads\/2021\/03\/7381-TristanShu-scaled.jpg","contentUrl":"https:\/\/www.samoens.com\/wp-content\/uploads\/2021\/03\/7381-TristanShu-scaled.jpg","width":2560,"height":1707,"caption":"VTT sur le Grand Massif"},{"@type":"BreadcrumbList","@id":"https:\/\/www.samoens.com\/en\/mtb-routes\/itineraires-de-velo-incontournables-les-plus-belles-balades-a-decouvrir\/#breadcrumb","itemListElement":[{"@type":"ListItem","position":1,"name":"Accueil","item":"https:\/\/www.samoens.com\/en\/"},{"@type":"ListItem","position":2,"name":"MTB routes","item":"https:\/\/www.samoens.com\/en\/mtb-routes\/"},{"@type":"ListItem","position":3,"name":"Must-do cycling routes"}]},{"@type":"WebSite","@id":"https:\/\/www.samoens.com\/#website","url":"https:\/\/www.samoens.com\/","name":"Samo\u00ebns, station de ski et village authentique en Haute-Savoie","description":"Nich\u00e9e au coeur du domaine skiable du Grand Massif et \u00e0 moins d&#039;1h de Gen\u00e8ve, Samo\u00ebns rendra vos vacances inoubliables en \u00e9t\u00e9 comme en hiver","potentialAction":[{"@type":"SearchAction","target":{"@type":"EntryPoint","urlTemplate":"https:\/\/www.samoens.com\/?s={search_term_string}"},"query-input":{"@type":"PropertyValueSpecification","valueRequired":true,"valueName":"search_term_string"}}],"inLanguage":"en-US"}]}},"_links":{"self":[{"href":"https:\/\/www.samoens.com\/en\/wp-json\/wp\/v2\/pages\/607301","targetHints":{"allow":["GET"]}}],"collection":[{"href":"https:\/\/www.samoens.com\/en\/wp-json\/wp\/v2\/pages"}],"about":[{"href":"https:\/\/www.samoens.com\/en\/wp-json\/wp\/v2\/types\/page"}],"author":[{"embeddable":true,"href":"https:\/\/www.samoens.com\/en\/wp-json\/wp\/v2\/users\/2"}],"replies":[{"embeddable":true,"href":"https:\/\/www.samoens.com\/en\/wp-json\/wp\/v2\/comments?post=607301"}],"version-history":[{"count":1,"href":"https:\/\/www.samoens.com\/en\/wp-json\/wp\/v2\/pages\/607301\/revisions"}],"predecessor-version":[{"id":607302,"href":"https:\/\/www.samoens.com\/en\/wp-json\/wp\/v2\/pages\/607301\/revisions\/607302"}],"up":[{"embeddable":true,"href":"https:\/\/www.samoens.com\/en\/wp-json\/wp\/v2\/pages\/38410"}],"wp:featuredmedia":[{"embeddable":true,"href":"https:\/\/www.samoens.com\/en\/wp-json\/wp\/v2\/media\/529212"}],"wp:attachment":[{"href":"https:\/\/www.samoens.com\/en\/wp-json\/wp\/v2\/media?parent=607301"}],"curies":[{"name":"wp","href":"https:\/\/api.w.org\/{rel}","templated":true}]}}