{"id":606261,"date":"2025-10-30T17:41:25","date_gmt":"2025-10-30T16:41:25","guid":{"rendered":"https:\/\/www.samoens.com\/sans-voiture\/"},"modified":"2026-02-09T09:52:20","modified_gmt":"2026-02-09T08:52:20","slug":"car-free","status":"publish","type":"page","link":"https:\/\/www.samoens.com\/en\/car-free\/","title":{"rendered":"Sustainable Mobility in Samo\u00ebns: The Mountains Without a Car"},"content":{"rendered":"<div class=\"wpb-content-wrapper\"><p>[vc_row gap=&#8221;20&#8243; full_height=&#8221;yes&#8221; columns_placement=&#8221;top&#8221;][vc_column width=&#8221;1\/2&#8243;][vc_row_inner][vc_column_inner][vc_single_image image=&#8221;603840&#8243; img_size=&#8221;full&#8221;][\/vc_column_inner][\/vc_row_inner][\/vc_column][vc_column width=&#8221;1\/2&#8243;][vc_row_inner][vc_column_inner width=&#8221;1\/2&#8243;][vc_column_text css=&#8221;&#8221;]<\/p>\n<h3>What if your holiday started the moment you set off? In Samo\u00ebns, everything is designed for an easy, sustainable, car-free stay.<\/h3>\n<p>[\/vc_column_text][\/vc_column_inner][vc_column_inner width=&#8221;1\/2&#8243;][vc_column_text css=&#8221;&#8221;]The village is easily accessible by train and bus, and once there, during peak season, shuttle services make it simple to reach the ski areas, hamlets and hiking trails. Enjoy the stunning landscapes of the Haut-Giffre with complete freedom, and rediscover the pleasure of gentle, stress-free travel.[\/vc_column_text][\/vc_column_inner][\/vc_row_inner][\/vc_column][\/vc_row][vc_row][vc_column width=&#8221;1\/2&#8243;][vc_row_inner][vc_column_inner][vc_separator color=&#8221;custom&#8221; border_width=&#8221;3&#8243; accent_color=&#8221;#042736&#8243;][vc_column_text css=&#8221;.vc_custom_1770626427015{padding-top: 10px !important;padding-right: 10px !important;padding-left: 10px !important;}&#8221;]<\/p>\n<h2><span style=\"color: #042736;\">\u27a1\ufe0f <\/span><strong>01 <span style=\"color: #042736;\">I book my train ticket<\/span><\/strong><\/h2>\n<p>[\/vc_column_text]<section class=\"elem_listeactivite row\"><div class=\"imgcropCtn imageacti\"><img decoding=\"async\" class=\"imgcrop\" src=\"https:\/\/www.samoens.com\/wp-content\/uploads\/2025\/10\/236132-768x512.jpg\" alt=\"\u279c From the big cities\"><\/div><div class=\"textecolacti\"><h2>\u279c From the big cities<\/h2><div class=\"texteacti\"><span style=\"color: #ffffff;\"><img loading=\"lazy\" decoding=\"async\" class=\"alignnone wp-image-603047\" src=\"https:\/\/www.samoens.com\/wp-content\/uploads\/2025\/10\/Logo_SNCF_2011.svg-768x403.png\" alt=\"\" width=\"114\" height=\"60\" srcset=\"https:\/\/www.samoens.com\/wp-content\/uploads\/2025\/10\/Logo_SNCF_2011.svg-768x403.png 768w, https:\/\/www.samoens.com\/wp-content\/uploads\/2025\/10\/Logo_SNCF_2011.svg-300x157.png 300w, https:\/\/www.samoens.com\/wp-content\/uploads\/2025\/10\/Logo_SNCF_2011.svg.png 1200w\" sizes=\"auto, (max-width: 114px) 100vw, 114px\" \/><\/span><\/div><a class=\"ye_slidereventsbouton_bouton\" href=\"https:\/\/www.sncf-voyageurs.com\/\">sncf-voyageurs.com<\/a><\/div><\/section>[vc_column_text css=&#8221;.vc_custom_1770626706076{padding-top: 10px !important;padding-right: 10px !important;padding-bottom: 10px !important;padding-left: 10px !important;}&#8221;]<strong>Reach our nearest stations:<\/strong><\/p>\n<p><span style=\"color: #363939;\">&#8211; Cluses (20 km)<\/span><br \/>\n<span style=\"color: #363939;\">&#8211; Annemasse (50 km)<\/span><\/p>\n<p><span style=\"color: #363939;\">&#8211; Geneva (70 km)<\/span><br \/>\nFrom some cities, direct trains are available.[\/vc_column_text]<div class=\"\"><script>\n\u00a0\u00a0\u00a0\u00a0\u00a0 document.addEventListener(\n\u00a0\u00a0\u00a0\u00a0\u00a0\u00a0\u00a0 \"IvtsWidgetsExternal.Booking.Ready\",\n\u00a0\u00a0\u00a0\u00a0\u00a0\u00a0\u00a0 ({ detail: bookingWidget }) => {\n\u00a0\u00a0\u00a0\u00a0\u00a0\u00a0\u00a0\u00a0\u00a0 bookingWidget.init(\"container__booking\", {\n\u00a0\u00a0\u00a0\u00a0\u00a0\u00a0\u00a0\u00a0\u00a0\u00a0\u00a0 titleIndex: 0,\n\t\t\tisOneWay: true,\n\t\t\tisInModal: true,\n\t\t\tdestination: { defaultValue: 'Calais', isDisabled: true },\n\u00a0\u00a0\u00a0\u00a0\u00a0\u00a0\u00a0\u00a0\u00a0\u00a0\u00a0 tracking: {\n\u00a0\u00a0\u00a0\u00a0\u00a0\u00a0\u00a0\u00a0\u00a0\u00a0\u00a0\u00a0\u00a0 wizalyQueryParameters:\n\"eaf-publisher=samoens&eaf-name=part_fr_conv_samoens-widget-_tourisme_filrouge_tr-multiproduit_fr_mk_202511&eaf-creative=creative&eaf-creativetype=1x1\",\n\u00a0\u00a0\u00a0\u00a0\u00a0\u00a0\u00a0\u00a0\u00a0\u00a0\u00a0 },\n\u00a0\u00a0\u00a0\u00a0\u00a0\u00a0\u00a0\u00a0\u00a0 });\n\u00a0\u00a0\u00a0\u00a0\u00a0\u00a0\u00a0 }\n\u00a0\u00a0\u00a0\u00a0\u00a0 );\n\u00a0\u00a0\u00a0 <\/script>\n\n\n<script async defer src=\"https:\/\/www.sncf-connect.com\/widget-external\/web-widgets-external.js\"><\/script>\n\n\n\n<div id=\"container__booking\"><\/div><\/div>[vc_empty_space height=&#8221;5px&#8221;][\/vc_column_inner][\/vc_row_inner][\/vc_column][vc_column width=&#8221;1\/2&#8243;][vc_separator color=&#8221;custom&#8221; border_width=&#8221;3&#8243; accent_color=&#8221;#042736&#8243;][vc_column_text css=&#8221;.vc_custom_1770626564940{padding-top: 10px !important;padding-right: 10px !important;padding-left: 10px !important;}&#8221;]<\/p>\n<h2><span style=\"color: #042736;\">\u27a1\ufe0f <\/span>02 <span style=\"color: #042736;\"><strong>I plan my journey from the station<\/strong><\/span><\/h2>\n<p>[\/vc_column_text]<section class=\"elem_listeactivite row\"><div class=\"imgcropCtn imageacti\"><img decoding=\"async\" class=\"imgcrop\" src=\"https:\/\/www.samoens.com\/wp-content\/uploads\/2024\/04\/chauffeur-elegant-assis-dans-navette-souriant-camera-jour-ete-vue-face-homme-heureux-768x512.jpg\" alt=\"\u279c From Cluses, Annemasse, Geneva\"><\/div><div class=\"textecolacti\"><h2>\u279c From Cluses, Annemasse, Geneva<\/h2><div class=\"texteacti\"><\/p>\n<h2><img loading=\"lazy\" decoding=\"async\" class=\"alignnone\" src=\"https:\/\/www.samoens.com\/wp-content\/uploads\/2025\/11\/Logo_Ou\u0300ra.svg.png\" alt=\"\" width=\"149\" height=\"49\" \/><\/h2>\n<p><\/div><a class=\"ye_slidereventsbouton_bouton\" href=\"https:\/\/www.oura.com\/\">oura.com<\/a><\/div><\/section>[vc_column_text css=&#8221;.vc_custom_1770626747935{padding-top: 10px !important;padding-right: 10px !important;padding-bottom: 10px !important;padding-left: 10px !important;}&#8221;]<strong>Book your bus trip quickly and easily using the search below:<\/strong>[\/vc_column_text]<div class=\"\"><div\n\tdata-is-widget\n\tdata-domain=\"sim.oura.com\"\n\tdata-widget-type=\"trip-planner\"\n\tdata-locale=\"fr\"\n><\/div>\n<script src=\"\/\/sim.oura.com\/widget\/v1\/installer.js\"><\/script><\/div>[vc_empty_space height=&#8221;10px&#8221;]<section class=\"elem_listeactivite row\"><div class=\"imgcropCtn imageacti\"><img decoding=\"async\" class=\"imgcrop\" src=\"https:\/\/www.samoens.com\/wp-content\/uploads\/2025\/10\/4877611-768x512.jpg\" alt=\"\u279c From our nearest stations\"><\/div><div class=\"textecolacti\"><h2>\u279c From our nearest stations<\/h2><div class=\"texteacti\"><span style=\"color: #ffffff;\"><img loading=\"lazy\" decoding=\"async\" class=\"alignleft wp-image-603083\" src=\"https:\/\/www.samoens.com\/wp-content\/uploads\/2025\/10\/Logo-Jacquet-Autocars.svg\" alt=\"\" width=\"275\" height=\"41\" \/><\/span><\/div><a class=\"ye_slidereventsbouton_bouton\" href=\"https:\/\/jacquet-autocars.com\/lignes-regulieres\/\">jacquet-autocars.com<\/a><\/div><\/section>[vc_column_text css=&#8221;.vc_custom_1770626803897{padding-top: 10px !important;padding-right: 10px !important;padding-left: 10px !important;}&#8221;]<strong>From Cluses Station (line Y94) and Annemasse Station (line Y02), Jacquet buses take you directly to the center of Samo\u00ebns.<\/strong>[\/vc_column_text][\/vc_column][\/vc_row][vc_row][vc_column width=&#8221;1\/2&#8243;][vc_row_inner][vc_column_inner][vc_separator color=&#8221;custom&#8221; border_width=&#8221;3&#8243; accent_color=&#8221;#042736&#8243;][vc_column_text css=&#8221;.vc_custom_1770626578615{padding-top: 10px !important;padding-right: 10px !important;padding-left: 10px !important;}&#8221;]<\/p>\n<h2><span style=\"color: #042736;\">\u27a1\ufe0f <\/span>03 <span style=\"color: #042736;\"><strong>I travel around the valley<\/strong><\/span><\/h2>\n<p>[\/vc_column_text]<section class=\"elem_listeactivite row\"><div class=\"imgcropCtn imageacti\"><img decoding=\"async\" class=\"imgcrop\" src=\"https:\/\/www.samoens.com\/wp-content\/uploads\/2024\/12\/navette-ski-bus-hiver-2024-@otsamoens10-768x512.jpg\" alt=\"\u279c En navettes \u00e9t\u00e9 comme hiver\"><\/div><div class=\"textecolacti\"><h2>\u279c En navettes \u00e9t\u00e9 comme hiver<\/h2><div class=\"texteacti\"><img loading=\"lazy\" decoding=\"async\" class=\"alignnone wp-image-603092\" src=\"https:\/\/www.samoens.com\/wp-content\/uploads\/2025\/10\/LOGO_MDG_3_LIGNES_BLEU_HTE_SAVOIE-768x262.png\" alt=\"\" width=\"173\" height=\"59\" srcset=\"https:\/\/www.samoens.com\/wp-content\/uploads\/2025\/10\/LOGO_MDG_3_LIGNES_BLEU_HTE_SAVOIE-768x262.png 768w, https:\/\/www.samoens.com\/wp-content\/uploads\/2025\/10\/LOGO_MDG_3_LIGNES_BLEU_HTE_SAVOIE-1200x410.png 1200w, https:\/\/www.samoens.com\/wp-content\/uploads\/2025\/10\/LOGO_MDG_3_LIGNES_BLEU_HTE_SAVOIE-1536x524.png 1536w, https:\/\/www.samoens.com\/wp-content\/uploads\/2025\/10\/LOGO_MDG_3_LIGNES_BLEU_HTE_SAVOIE-1400x478.png 1400w, https:\/\/www.samoens.com\/wp-content\/uploads\/2025\/10\/LOGO_MDG_3_LIGNES_BLEU_HTE_SAVOIE-300x102.png 300w, https:\/\/www.samoens.com\/wp-content\/uploads\/2025\/10\/LOGO_MDG_3_LIGNES_BLEU_HTE_SAVOIE.png 1781w\" sizes=\"auto, (max-width: 173px) 100vw, 173px\" \/><\/div><a class=\"ye_slidereventsbouton_bouton\" href=\"https:\/\/www.montagnesdugiffre.fr\/vivre-et-habiter\/deplacements\/navettes-du-giffre-ete-hiver\/\">Navettes du Giffre<\/a><\/div><\/section>[vc_column_text css=&#8221;.vc_custom_1770626832053{padding-top: 10px !important;padding-right: 10px !important;padding-bottom: 10px !important;padding-left: 10px !important;}&#8221;]<\/p>\n<h4><strong>Explore Samo\u00ebns and the surrounding area with ease thanks to the Giffre shuttles. In winter, the SKIBUS gets you to the slopes, while in summer, the RANDO&#8217;BUS takes you to hiking trails and biking routes. Wherever adventure calls, the shuttle has you covered.<\/strong><\/h4>\n<p>[\/vc_column_text][vc_empty_space height=&#8221;10px&#8221;]<div class=\"row element31liste ye_slick87\"><div class=\"col-lg-4 col-md-6\"><a href=\"https:\/\/www.samoens.com\/navettes-ski-bus\/\" ><div class=\"imgcropCtn\"><img decoding=\"async\" class=\"imgcrop\" alt=\"SKIBUS\" src=\"https:\/\/www.samoens.com\/wp-content\/uploads\/2021\/06\/906-Samoens-0063-768x512.jpg\"><span class=\"ye_ombre\"><\/span><h4>SKIBUS<\/h4><\/div><\/a><\/div><div class=\"col-lg-4 col-md-6\"><a href=\"https:\/\/www.samoens.com\/navettes-estivales-dans-les-montagnes-du-giffre\/\" ><div class=\"imgcropCtn\"><img decoding=\"async\" class=\"imgcrop\" alt=\"RANDO'BUS\" src=\"https:\/\/www.samoens.com\/wp-content\/uploads\/2025\/06\/Navettes-du-Giffre-\u00a9Olivier-Lestien-2-768x612.jpg\"><span class=\"ye_ombre\"><\/span><h4>RANDO'BUS<\/h4><\/div><\/a><\/div><div class=\"col-lg-4 col-md-6\"><a href=\"https:\/\/www.samoens.com\/telechargements\/horaires-de-bus-samoens\/\" ><div class=\"imgcropCtn\"><img decoding=\"async\" class=\"imgcrop\" alt=\"HORAIRES\" src=\"https:\/\/www.samoens.com\/wp-content\/uploads\/2024\/04\/chauffeur-elegant-assis-dans-navette-souriant-camera-jour-ete-vue-face-homme-heureux-768x512.jpg\"><span class=\"ye_ombre\"><\/span><h4>HORAIRES<\/h4><\/div><\/a><\/div><\/div><section class=\"elem_listeactivite row\"><div class=\"imgcropCtn imageacti\"><img decoding=\"async\" class=\"imgcrop\" src=\"https:\/\/www.samoens.com\/wp-content\/uploads\/2026\/01\/2149125462-768x512.jpg\" alt=\"\u279c By hitchhiking\"><\/div><div class=\"textecolacti\"><h2>\u279c By hitchhiking<\/h2><div class=\"texteacti\"><\/p>\n<p style=\"text-align: justify;\"><img loading=\"lazy\" decoding=\"async\" class=\"wp-image-605616\" src=\"https:\/\/www.samoens.com\/wp-content\/uploads\/2026\/01\/logo_rezo_pouce.svg\" alt=\"\" width=\"167\" height=\"97\" \/><\/p>\n<p><\/div><a class=\"ye_slidereventsbouton_bouton\" href=\"https:\/\/www.rezopouce.fr\/\">rezopouce.fr<\/a><\/div><\/section>[vc_column_text css=&#8221;.vc_custom_1770626859194{padding-top: 10px !important;padding-right: 10px !important;padding-bottom: 10px !important;padding-left: 10px !important;}&#8221;]<\/p>\n<h4><strong>With this network of stops and the free Rezo Mobicoop app (on the App Store and Google Play), you can share regular or occasional rides, or find a driver if you\u2019re traveling on foot. Explore our 50 \u201cthumbs-up\u201d stops\u2014green signs with a thumb\u2014carefully installed across the Giffre Mountains in partnership with each local community.<\/strong><\/h4>\n<p>[\/vc_column_text]<section class=\"elem_listeactivite row\"><div class=\"imgcropCtn imageacti\"><img decoding=\"async\" class=\"imgcrop\" src=\"https:\/\/www.samoens.com\/wp-content\/uploads\/2026\/01\/young-couple-traveling-with-car-768x512.jpg\" alt=\"\u279c By carpooling\"><\/div><div class=\"textecolacti\"><h2>\u279c By carpooling<\/h2><div class=\"texteacti\"><img loading=\"lazy\" decoding=\"async\" class=\"alignnone wp-image-605921\" src=\"https:\/\/www.samoens.com\/wp-content\/uploads\/2026\/01\/logo-BBC-Daily.png\" alt=\"\" width=\"109\" height=\"100\" \/>\u00a0 \u00a0 <img loading=\"lazy\" decoding=\"async\" class=\"alignnone wp-image-605924\" src=\"https:\/\/www.samoens.com\/wp-content\/uploads\/2026\/01\/logo-KAROS-2.png\" alt=\"\" width=\"119\" height=\"135\" \/><\/div><a class=\"ye_slidereventsbouton_bouton\" href=\"https:\/\/www.montagnesdugiffre.fr\/vivre-et-habiter\/deplacements\/rezo-pouce\/\">BlaBlaCar Daily ou Karos<\/a><\/div><\/section>[vc_column_text css=&#8221;.vc_custom_1770627084887{padding-top: 10px !important;padding-right: 10px !important;padding-bottom: 10px !important;padding-left: 10px !important;}&#8221;]<\/p>\n<h4><strong>Designed for daily mobility, particularly commuting, this service encourages shared trips with a financial incentive. Simply put, every ride you take via one of the partner apps (<span style=\"color: #7d90a1;\"><a style=\"color: #7d90a1;\" href=\"https:\/\/www.blablacardaily.com\/\">BlaBlaCar Daily<\/a><\/span> or <span style=\"color: #7d90a1;\"><a style=\"color: #7d90a1;\" href=\"https:\/\/www.karos.fr\/\">Karos<\/a><\/span>) is included in the program.<\/strong><\/h4>\n<p>[\/vc_column_text][\/vc_column_inner][\/vc_row_inner][\/vc_column][vc_column width=&#8221;1\/2&#8243;][vc_separator color=&#8221;custom&#8221; border_width=&#8221;3&#8243; accent_color=&#8221;#042736&#8243;][vc_column_text css=&#8221;.vc_custom_1770626526365{padding-top: 10px !important;padding-right: 10px !important;padding-left: 10px !important;}&#8221;]<\/p>\n<h2><span style=\"color: #363939;\">\u27a1\ufe0f <\/span>04<span style=\"color: #042736;\"><strong> I go wherever I want, however I want<\/strong><\/span><\/h2>\n<p>[\/vc_column_text]<section class=\"elem_listeactivite row\"><div class=\"imgcropCtn imageacti\"><img decoding=\"async\" class=\"imgcrop\" src=\"https:\/\/www.samoens.com\/wp-content\/uploads\/2026\/01\/302-512x768.jpg\" alt=\"\u279c On foot, by bike\"><\/div><div class=\"textecolacti\"><h2>\u279c On foot, by bike<\/h2><div class=\"texteacti\"><\/p>\n<h4 style=\"text-align: justify;\"><img loading=\"lazy\" decoding=\"async\" class=\"alignleft\" src=\"https:\/\/www.samoens.com\/wp-content\/uploads\/2026\/01\/balade_velo-768x512.png\" alt=\"\" width=\"231\" height=\"150\" \/><\/h4>\n<p><\/div><\/div><\/section>[vc_column_text css=&#8221;.vc_custom_1770626947295{padding-top: 10px !important;padding-right: 10px !important;padding-bottom: 10px !important;padding-left: 10px !important;}&#8221;]<\/p>\n<h4><strong>Let your car rest and choose freedom! In Samo\u00ebns, walking and cycling let you explore breathtaking landscapes at your own rhythm, fully independent and stress-free.<\/strong><\/h4>\n<h5><\/h5>\n<p>[\/vc_column_text][vc_empty_space height=&#8221;10px&#8221;]<div class=\"vc_row wpb_row vc_row-fluid\"><\/div>[\/vc_column][\/vc_row]<\/p>\n<\/div>","protected":false},"excerpt":{"rendered":"<p>[vc_row gap=&#8221;20&#8243; full_height=&#8221;yes&#8221; columns_placement=&#8221;top&#8221;][vc_column width=&#8221;1\/2&#8243;][vc_row_inner][vc_column_inner][vc_single_image image=&#8221;603840&#8243; img_size=&#8221;full&#8221;][\/vc_column_inner][\/vc_row_inner][\/vc_column][vc_column width=&#8221;1\/2&#8243;][vc_row_inner][vc_column_inner width=&#8221;1\/2&#8243;][vc_column_text css=&#8221;&#8221;] What if your holiday started the moment you set off? In Samo\u00ebns, everything is designed for an easy, sustainable, car-free stay. [\/vc_column_text][\/vc_column_inner][vc_column_inner width=&#8221;1\/2&#8243;][vc_column_text css=&#8221;&#8221;]The village is easily accessible by train and bus, and once there, during peak season, shuttle services make it simple to reach [&hellip;]<\/p>\n","protected":false},"author":209,"featured_media":603028,"parent":0,"menu_order":0,"comment_status":"closed","ping_status":"closed","template":"","meta":{"_acf_changed":false,"footnotes":""},"class_list":["post-606261","page","type-page","status-publish","hentry"],"acf":[],"yoast_head":"<!-- This site is optimized with the Yoast SEO plugin v27.4 - https:\/\/yoast.com\/product\/yoast-seo-wordpress\/ -->\n<title>Sustainable Mobility in Samo\u00ebns: The Mountains Without a Car Samo\u00ebns, station de ski et village authentique en Haute-Savoie<\/title>\n<meta name=\"robots\" content=\"index, follow, max-snippet:-1, max-image-preview:large, max-video-preview:-1\" \/>\n<link rel=\"canonical\" href=\"https:\/\/www.samoens.com\/en\/car-free\/\" \/>\n<meta property=\"og:locale\" content=\"en_US\" \/>\n<meta property=\"og:type\" content=\"article\" \/>\n<meta property=\"og:title\" content=\"Sustainable Mobility in Samo\u00ebns: The Mountains Without a Car Samo\u00ebns, station de ski et village authentique en Haute-Savoie\" \/>\n<meta property=\"og:description\" content=\"[vc_row gap=&#8221;20&#8243; full_height=&#8221;yes&#8221; columns_placement=&#8221;top&#8221;][vc_column width=&#8221;1\/2&#8243;][vc_row_inner][vc_column_inner][vc_single_image image=&#8221;603840&#8243; img_size=&#8221;full&#8221;][\/vc_column_inner][\/vc_row_inner][\/vc_column][vc_column width=&#8221;1\/2&#8243;][vc_row_inner][vc_column_inner width=&#8221;1\/2&#8243;][vc_column_text css=&#8221;&#8221;] What if your holiday started the moment you set off? In Samo\u00ebns, everything is designed for an easy, sustainable, car-free stay. [\/vc_column_text][\/vc_column_inner][vc_column_inner width=&#8221;1\/2&#8243;][vc_column_text css=&#8221;&#8221;]The village is easily accessible by train and bus, and once there, during peak season, shuttle services make it simple to reach [&hellip;]\" \/>\n<meta property=\"og:url\" content=\"https:\/\/www.samoens.com\/en\/car-free\/\" \/>\n<meta property=\"og:site_name\" content=\"Samo\u00ebns, station de ski et village authentique en Haute-Savoie\" \/>\n<meta property=\"article:modified_time\" content=\"2026-02-09T08:52:20+00:00\" \/>\n<meta property=\"og:image\" content=\"https:\/\/www.samoens.com\/wp-content\/uploads\/2025\/10\/236132.jpg\" \/>\n\t<meta property=\"og:image:width\" content=\"1000\" \/>\n\t<meta property=\"og:image:height\" content=\"667\" \/>\n\t<meta property=\"og:image:type\" content=\"image\/jpeg\" \/>\n<meta name=\"twitter:card\" content=\"summary_large_image\" \/>\n<meta name=\"twitter:label1\" content=\"Est. reading time\" \/>\n\t<meta name=\"twitter:data1\" content=\"6 minutes\" \/>\n<script type=\"application\/ld+json\" class=\"yoast-schema-graph\">{\"@context\":\"https:\\\/\\\/schema.org\",\"@graph\":[{\"@type\":\"WebPage\",\"@id\":\"https:\\\/\\\/www.samoens.com\\\/en\\\/car-free\\\/\",\"url\":\"https:\\\/\\\/www.samoens.com\\\/en\\\/car-free\\\/\",\"name\":\"Sustainable Mobility in Samo\u00ebns: The Mountains Without a Car Samo\u00ebns, station de ski et village authentique en Haute-Savoie\",\"isPartOf\":{\"@id\":\"https:\\\/\\\/www.samoens.com\\\/#website\"},\"primaryImageOfPage\":{\"@id\":\"https:\\\/\\\/www.samoens.com\\\/en\\\/car-free\\\/#primaryimage\"},\"image\":{\"@id\":\"https:\\\/\\\/www.samoens.com\\\/en\\\/car-free\\\/#primaryimage\"},\"thumbnailUrl\":\"https:\\\/\\\/www.samoens.com\\\/wp-content\\\/uploads\\\/2025\\\/10\\\/236132.jpg\",\"datePublished\":\"2025-10-30T16:41:25+00:00\",\"dateModified\":\"2026-02-09T08:52:20+00:00\",\"breadcrumb\":{\"@id\":\"https:\\\/\\\/www.samoens.com\\\/en\\\/car-free\\\/#breadcrumb\"},\"inLanguage\":\"en-US\",\"potentialAction\":[{\"@type\":\"ReadAction\",\"target\":[\"https:\\\/\\\/www.samoens.com\\\/en\\\/car-free\\\/\"]}]},{\"@type\":\"ImageObject\",\"inLanguage\":\"en-US\",\"@id\":\"https:\\\/\\\/www.samoens.com\\\/en\\\/car-free\\\/#primaryimage\",\"url\":\"https:\\\/\\\/www.samoens.com\\\/wp-content\\\/uploads\\\/2025\\\/10\\\/236132.jpg\",\"contentUrl\":\"https:\\\/\\\/www.samoens.com\\\/wp-content\\\/uploads\\\/2025\\\/10\\\/236132.jpg\",\"width\":1000,\"height\":667},{\"@type\":\"BreadcrumbList\",\"@id\":\"https:\\\/\\\/www.samoens.com\\\/en\\\/car-free\\\/#breadcrumb\",\"itemListElement\":[{\"@type\":\"ListItem\",\"position\":1,\"name\":\"Accueil\",\"item\":\"https:\\\/\\\/www.samoens.com\\\/en\\\/\"},{\"@type\":\"ListItem\",\"position\":2,\"name\":\"Sustainable Mobility in Samo\u00ebns: The Mountains Without a Car\"}]},{\"@type\":\"WebSite\",\"@id\":\"https:\\\/\\\/www.samoens.com\\\/#website\",\"url\":\"https:\\\/\\\/www.samoens.com\\\/\",\"name\":\"Samo\u00ebns, station de ski et village authentique en Haute-Savoie\",\"description\":\"Nich\u00e9e au coeur du domaine skiable du Grand Massif et \u00e0 moins d&#039;1h de Gen\u00e8ve, Samo\u00ebns rendra vos vacances inoubliables en \u00e9t\u00e9 comme en hiver\",\"potentialAction\":[{\"@type\":\"SearchAction\",\"target\":{\"@type\":\"EntryPoint\",\"urlTemplate\":\"https:\\\/\\\/www.samoens.com\\\/?s={search_term_string}\"},\"query-input\":{\"@type\":\"PropertyValueSpecification\",\"valueRequired\":true,\"valueName\":\"search_term_string\"}}],\"inLanguage\":\"en-US\"}]}<\/script>\n<!-- \/ Yoast SEO plugin. -->","yoast_head_json":{"title":"Sustainable Mobility in Samo\u00ebns: The Mountains Without a Car Samo\u00ebns, station de ski et village authentique en Haute-Savoie","robots":{"index":"index","follow":"follow","max-snippet":"max-snippet:-1","max-image-preview":"max-image-preview:large","max-video-preview":"max-video-preview:-1"},"canonical":"https:\/\/www.samoens.com\/en\/car-free\/","og_locale":"en_US","og_type":"article","og_title":"Sustainable Mobility in Samo\u00ebns: The Mountains Without a Car Samo\u00ebns, station de ski et village authentique en Haute-Savoie","og_description":"[vc_row gap=&#8221;20&#8243; full_height=&#8221;yes&#8221; columns_placement=&#8221;top&#8221;][vc_column width=&#8221;1\/2&#8243;][vc_row_inner][vc_column_inner][vc_single_image image=&#8221;603840&#8243; img_size=&#8221;full&#8221;][\/vc_column_inner][\/vc_row_inner][\/vc_column][vc_column width=&#8221;1\/2&#8243;][vc_row_inner][vc_column_inner width=&#8221;1\/2&#8243;][vc_column_text css=&#8221;&#8221;] What if your holiday started the moment you set off? In Samo\u00ebns, everything is designed for an easy, sustainable, car-free stay. [\/vc_column_text][\/vc_column_inner][vc_column_inner width=&#8221;1\/2&#8243;][vc_column_text css=&#8221;&#8221;]The village is easily accessible by train and bus, and once there, during peak season, shuttle services make it simple to reach [&hellip;]","og_url":"https:\/\/www.samoens.com\/en\/car-free\/","og_site_name":"Samo\u00ebns, station de ski et village authentique en Haute-Savoie","article_modified_time":"2026-02-09T08:52:20+00:00","og_image":[{"width":1000,"height":667,"url":"https:\/\/www.samoens.com\/wp-content\/uploads\/2025\/10\/236132.jpg","type":"image\/jpeg"}],"twitter_card":"summary_large_image","twitter_misc":{"Est. reading time":"6 minutes"},"schema":{"@context":"https:\/\/schema.org","@graph":[{"@type":"WebPage","@id":"https:\/\/www.samoens.com\/en\/car-free\/","url":"https:\/\/www.samoens.com\/en\/car-free\/","name":"Sustainable Mobility in Samo\u00ebns: The Mountains Without a Car Samo\u00ebns, station de ski et village authentique en Haute-Savoie","isPartOf":{"@id":"https:\/\/www.samoens.com\/#website"},"primaryImageOfPage":{"@id":"https:\/\/www.samoens.com\/en\/car-free\/#primaryimage"},"image":{"@id":"https:\/\/www.samoens.com\/en\/car-free\/#primaryimage"},"thumbnailUrl":"https:\/\/www.samoens.com\/wp-content\/uploads\/2025\/10\/236132.jpg","datePublished":"2025-10-30T16:41:25+00:00","dateModified":"2026-02-09T08:52:20+00:00","breadcrumb":{"@id":"https:\/\/www.samoens.com\/en\/car-free\/#breadcrumb"},"inLanguage":"en-US","potentialAction":[{"@type":"ReadAction","target":["https:\/\/www.samoens.com\/en\/car-free\/"]}]},{"@type":"ImageObject","inLanguage":"en-US","@id":"https:\/\/www.samoens.com\/en\/car-free\/#primaryimage","url":"https:\/\/www.samoens.com\/wp-content\/uploads\/2025\/10\/236132.jpg","contentUrl":"https:\/\/www.samoens.com\/wp-content\/uploads\/2025\/10\/236132.jpg","width":1000,"height":667},{"@type":"BreadcrumbList","@id":"https:\/\/www.samoens.com\/en\/car-free\/#breadcrumb","itemListElement":[{"@type":"ListItem","position":1,"name":"Accueil","item":"https:\/\/www.samoens.com\/en\/"},{"@type":"ListItem","position":2,"name":"Sustainable Mobility in Samo\u00ebns: The Mountains Without a Car"}]},{"@type":"WebSite","@id":"https:\/\/www.samoens.com\/#website","url":"https:\/\/www.samoens.com\/","name":"Samo\u00ebns, station de ski et village authentique en Haute-Savoie","description":"Nich\u00e9e au coeur du domaine skiable du Grand Massif et \u00e0 moins d&#039;1h de Gen\u00e8ve, Samo\u00ebns rendra vos vacances inoubliables en \u00e9t\u00e9 comme en hiver","potentialAction":[{"@type":"SearchAction","target":{"@type":"EntryPoint","urlTemplate":"https:\/\/www.samoens.com\/?s={search_term_string}"},"query-input":{"@type":"PropertyValueSpecification","valueRequired":true,"valueName":"search_term_string"}}],"inLanguage":"en-US"}]}},"_links":{"self":[{"href":"https:\/\/www.samoens.com\/en\/wp-json\/wp\/v2\/pages\/606261","targetHints":{"allow":["GET"]}}],"collection":[{"href":"https:\/\/www.samoens.com\/en\/wp-json\/wp\/v2\/pages"}],"about":[{"href":"https:\/\/www.samoens.com\/en\/wp-json\/wp\/v2\/types\/page"}],"author":[{"embeddable":true,"href":"https:\/\/www.samoens.com\/en\/wp-json\/wp\/v2\/users\/209"}],"replies":[{"embeddable":true,"href":"https:\/\/www.samoens.com\/en\/wp-json\/wp\/v2\/comments?post=606261"}],"version-history":[{"count":5,"href":"https:\/\/www.samoens.com\/en\/wp-json\/wp\/v2\/pages\/606261\/revisions"}],"predecessor-version":[{"id":606268,"href":"https:\/\/www.samoens.com\/en\/wp-json\/wp\/v2\/pages\/606261\/revisions\/606268"}],"wp:featuredmedia":[{"embeddable":true,"href":"https:\/\/www.samoens.com\/en\/wp-json\/wp\/v2\/media\/603028"}],"wp:attachment":[{"href":"https:\/\/www.samoens.com\/en\/wp-json\/wp\/v2\/media?parent=606261"}],"curies":[{"name":"wp","href":"https:\/\/api.w.org\/{rel}","templated":true}]}}