{"id":605952,"date":"2026-01-22T10:36:50","date_gmt":"2026-01-22T09:36:50","guid":{"rendered":"https:\/\/www.samoens.com\/fortes-affluences\/"},"modified":"2026-01-28T18:13:30","modified_gmt":"2026-01-28T17:13:30","slug":"busy-periods","status":"publish","type":"page","link":"https:\/\/www.samoens.com\/en\/busy-periods\/","title":{"rendered":"Busy periods"},"content":{"rendered":"<div class=\"wpb-content-wrapper\"><p>[vc_row][vc_column][vc_column_text css=&#8221;&#8221;]<\/p>\n<h2>Make the most of your stay, even during peak periods!<\/h2>\n<p>During the high season, some of our iconic sites can quickly become very <strong>busy<\/strong>, with car parks <strong>reaching capacity<\/strong>:[\/vc_column_text][\/vc_column][\/vc_row][vc_row][vc_column width=&#8221;1\/2&#8243;][vc_column_text css=&#8221;&#8221;]<\/p>\n<ul>\n<li><a href=\"https:\/\/www.samoens.com\/en\/remontees-mecaniques\/\" target=\"_blank\" rel=\"noopener\"><span style=\"color: #6c9ed8;\"><strong>Plateau des Saix (Samo\u00ebns 1600)<\/strong><\/span><\/a>, the gateway to the Grand Massif, is a popular winter destination thanks to its <strong>ski runs for all abilities<\/strong>, its friendly snow front and its beginner area, making it ideal for families. In summer, it attracts walkers with <strong>routes winding through alpine meadows and past mountain lakes<\/strong>, offering outstanding views of the surrounding peaks, including Mont Blanc from the T\u00eate des Saix (2,100 m). For a <strong>comfortable and environmentally responsible<\/strong> journey to Samo\u00ebns 1600, the <a href=\"https:\/\/www.samoens.com\/en\/downloads\/bus-schedules-samoens\/\" target=\"_blank\" rel=\"noopener\"><span style=\"color: #6c9ed8;\"><strong>Navettes du Giffre<\/strong><\/span><\/a>* serve the village gondola lifts, which provide a direct ascent to the plateau in just 15 minutes.<\/li>\n<\/ul>\n<ul>\n<li><a href=\"https:\/\/explore.samoens.com\/en\/activities\/lake-joux-plane\" target=\"_blank\" rel=\"noopener\"><span style=\"color: #6c9ed8;\"><strong>Col de Joux Plane (1,700 m)<\/strong><\/span><\/a>, a legendary cycling climb and a must-see for its high-altitude lake and <strong>breathtaking views<\/strong> of Mont Blanc, offers a true escape into nature. In winter, visitors can enjoy its <strong>Nordic area<\/strong>, while in summer it provides a wide range of <strong>walking routes<\/strong>. Given the site\u2019s preserved setting and limited parking capacity, the <a href=\"https:\/\/www.samoens.com\/en\/downloads\/bus-schedules-samoens\/\" target=\"_blank\" rel=\"noopener\"><span style=\"color: #6c9ed8;\"><strong>Navettes du Giffre<\/strong><\/span><\/a>* are a natural and sustainable alternative for accessing the pass.<\/li>\n<\/ul>\n<ul>\n<li><a href=\"https:\/\/explore.samoens.com\/en\/activities\/sixt-fer-a-cheval-passy-nature-reserve\" target=\"_blank\" rel=\"noopener\"><span style=\"color: #6c9ed8;\"><strong>Cirque du Fer-\u00e0-Cheval (1,100 m)<\/strong><\/span><\/a>, a natural jewel reminiscent of a vast national park, captivates visitors with its majestic mountains and <strong>spectacular waterfalls<\/strong>. To preserve the magic of this exceptional site and limit environmental impact, access is also supported by the <a href=\"https:\/\/www.samoens.com\/en\/downloads\/bus-schedules-samoens\/\" target=\"_blank\" rel=\"noopener\"><span style=\"color: #6c9ed8;\"><strong>Navettes du Giffre<\/strong><\/span><\/a>*, offering a gentle and responsible arrival \u2014 ideal for fully immersing yourself in the unspoilt atmosphere of the <strong>nature reserve<\/strong>, away from traffic and pollution.<\/li>\n<\/ul>\n<p>[\/vc_column_text][\/vc_column][vc_column width=&#8221;1\/2&#8243;][vc_gallery interval=&#8221;3&#8243; images=&#8221;605845,605838,605849&#8243; img_size=&#8221;full&#8221; css=&#8221;&#8221;][\/vc_column][\/vc_row][vc_row][vc_column][vc_column_text css=&#8221;&#8221;]<em><span style=\"font-size: 1.05em;\"><strong>* <\/strong>Navettes du Giffre shuttle service is available during the French summer school holidays, as well as during the opening of the Grand Massif ski area in winter.<\/span><\/em><\/p>\n<p>&nbsp;<\/p>\n<p>To help you enjoy a <strong>more relaxed<\/strong>, eco-friendly and equally immersive experience, we\u2019ve put together some <strong>practical tips<\/strong> and <strong>alternative ways<\/strong> to explore the valley differently:[\/vc_column_text][\/vc_column][\/vc_row][vc_row][vc_column][vc_separator css=&#8221;&#8221;][\/vc_column][\/vc_row][vc_row][vc_column width=&#8221;1\/2&#8243;][vc_column_text css=&#8221;&#8221;]<\/p>\n<h2>1\ufe0f\u20e3 Leave the car behind: choose greener ways to get around<\/h2>\n<p><strong>Choosing greener ways to get around means less traffic, lower fuel costs and no time wasted searching for a parking space.<\/strong><\/p>\n<p>&nbsp;<\/p>\n<p><strong>\ud83d\ude90 Travel with the Navettes du Giffre shuttle service:<\/strong><\/p>\n<p>During the French summer school holidays, as well as during the winter opening of the Grand Massif ski area, the Navettes du Giffre are an excellent way to get around easily, without the hassle of parking.<\/p>\n<p>&nbsp;<\/p>\n<p>They allow you to travel easily:<\/p>\n<ul>\n<li>around Samo\u00ebns, to discover the <a href=\"https:\/\/explore.samoens.com\/en\/activities\/la-grenette\" target=\"_blank\" rel=\"noopener\"><span style=\"color: #6c9ed8;\"><strong>old village centre<\/strong><\/span><\/a>, the <a href=\"https:\/\/explore.samoens.com\/en\/activities\/lacs-aux-dames-samoens\" target=\"_blank\" rel=\"noopener\"><span style=\"color: #6c9ed8;\"><strong>Lacs aux Dames<\/strong><\/span><\/a> and the <a href=\"https:\/\/explore.samoens.com\/en\/activities\/alpine-botanical-garden-la-jaysinia\" target=\"_blank\" rel=\"noopener\"><span style=\"color: #6c9ed8;\"><strong>La Ja\u00ffsinia Alpine Botanical Garden<\/strong><\/span><\/a><\/li>\n<li>to the Grand Massif gondola lifts, providing access to Samo\u00ebns 1600 and Morillon 1100<\/li>\n<li>throughout the Vall\u00e9e du Giffre, to explore places of interest and reach <strong>walking trail starting points<\/strong> without searching for a <strong>parking space<\/strong><\/li>\n<\/ul>\n<p>\ud83d\udc49 <span style=\"color: #6c9ed8;\"><a style=\"color: #6c9ed8;\" href=\"https:\/\/www.samoens.com\/en\/downloads\/bus-schedules-samoens\/\" target=\"_blank\" rel=\"noopener\"><strong>Check out the shuttles service dates and timetables<\/strong><\/a><\/span><\/p>\n<p>&nbsp;<\/p>\n<p><strong>\ud83d\ude8c Get around with regional buses:<\/strong><\/p>\n<p>Regional bus routes Y94 and Y02, operating respectively from Cluses and Annemasse, provide an affordable way to travel around the valley, particularly during the low season.<\/p>\n<p>\ud83d\udc49<a href=\"https:\/\/www.samoens.com\/en\/downloads\/bus-schedules-samoens\/\" target=\"_blank\" rel=\"noopener\"><span style=\"color: #6c9ed8;\"><strong> Find out about timetables, fares and booking information for regional buses<\/strong><\/span><\/a><\/p>\n<p>&nbsp;<\/p>\n<p><strong>\ud83d\udeb2 Travel by bike or mountain bike:<\/strong><\/p>\n<p>Our many sports shops offer <a href=\"https:\/\/www.samoens.com\/en\/bonnes-adresses\/rental\/\" target=\"_blank\" rel=\"noopener\"><span style=\"color: #6c9ed8;\"><strong>bike and mountain bike hire<\/strong><\/span><\/a>, making it easy to explore the valley at your own pace.<\/p>\n<p>\ud83d\udc49<a href=\"https:\/\/www.samoens.com\/en\/samoens-a-paradise-for-road-and-mountain-bikers\/\" target=\"_blank\" rel=\"noopener\"><span style=\"color: #6c9ed8;\"><strong> Explore cycling and mountain bike routes<\/strong><\/span><\/a>[\/vc_column_text][\/vc_column][vc_column width=&#8221;1\/2&#8243;][vc_single_image image=&#8221;596959&#8243; img_size=&#8221;full&#8221; alignment=&#8221;center&#8221; css=&#8221;&#8221;][\/vc_column][\/vc_row][vc_row][vc_column][vc_separator css=&#8221;&#8221;][\/vc_column][\/vc_row][vc_row][vc_column width=&#8221;1\/2&#8243;][vc_single_image image=&#8221;590023&#8243; img_size=&#8221;full&#8221; alignment=&#8221;center&#8221; css=&#8221;&#8221;][\/vc_column][vc_column width=&#8221;1\/2&#8243;][vc_column_text css=&#8221;&#8221;]<\/p>\n<h2>2\ufe0f\u20e3 Opt for less crowded walks that are just as beautiful<\/h2>\n<p><strong>Step off the beaten track!<\/strong><\/p>\n<p>Rather than heading for very popular sites such as the Cirque du Fer-\u00e0-Cheval nature reserve or the Col de Joux Plane mountain pass, we invite you to discover more discreet routes that are just as rewarding.<\/p>\n<p>&nbsp;<\/p>\n<p><strong>\u2764\ufe0f Our favourite alternative walks:<\/strong><\/p>\n<ul>\n<li>The <a href=\"https:\/\/explore.samoens.com\/en\/routes\/strolls-from-the-lacs-aux-dames-to-the-lac-bleu-at-morillon\" target=\"_blank\" rel=\"noopener\"><span style=\"color: #6c9ed8;\"><strong data-start=\"151\" data-end=\"182\">\u2018Au fil du Giffre\u2019 greenway<\/strong><\/span><\/a>, for a flat and easy stroll along our beautiful river<\/li>\n<li>The <a href=\"https:\/\/explore.samoens.com\/en\/routes\/walking-tour-les-gorges-des-tines\" target=\"_blank\" rel=\"noopener\"><span style=\"color: #6c9ed8;\"><strong>Gorges des Tines<\/strong><\/span><\/a>, just outside Samo\u00ebns, to enjoy the coolness of the forest and catch a glimpse of the rafts down below<\/li>\n<li>The <a href=\"https:\/\/explore.samoens.com\/en\/routes\/hiking-itinerary-tete-des-saix-from-samoens-1600\" target=\"_blank\" rel=\"noopener\"><span style=\"color: #6c9ed8;\"><strong>Lac des Gouilles Rouges and T\u00eate des Saix<\/strong><\/span><\/a>, starting from Samo\u00ebns 1600, to admire the Giffre mountains and Mont Blanc<\/li>\n<li>The <a href=\"https:\/\/explore.samoens.com\/en\/routes\/hike-les-fonts-refuge-and-mountain-pasture\" target=\"_blank\" rel=\"noopener\"><span style=\"color: #6c9ed8;\"><strong>Cirque des Fonts<\/strong><\/span><\/a>, little brother of the Cirque du Fer-\u00e0-Cheval in Sixt, for a shaded hike among alpine chalets and waterfalls<\/li>\n<li>The <a href=\"https:\/\/explore.samoens.com\/en\/routes\/walking-itinerary-lac-de-gers-from-samoens-village\" target=\"_blank\" rel=\"noopener\"><span style=\"color: #6c9ed8;\"><strong>Gers<\/strong><\/span><\/a>, <a href=\"https:\/\/explore.samoens.com\/en\/routes\/walking-itinerary-refuge-de-folly\" target=\"_blank\" rel=\"noopener\"><span style=\"color: #6c9ed8;\"><strong>Folly<\/strong><\/span><\/a>, <span style=\"color: #6c9ed8;\"><a style=\"color: #6c9ed8;\" href=\"https:\/\/explore.samoens.com\/en\/routes\/walking-itinerary-climb-to-bostan\" target=\"_blank\" rel=\"noopener\"><strong>Bostan<\/strong><\/a><\/span> and <span style=\"color: #6c9ed8;\"><a style=\"color: #6c9ed8;\" href=\"https:\/\/explore.samoens.com\/en\/routes\/walking-itinerary-golese-pass-and-refuge\" target=\"_blank\" rel=\"noopener\"><strong>Gol\u00e8se<\/strong><\/a><\/span> mountain refuges in Samo\u00ebns, for a slightly more challenging outing with the option of a refreshing and\/or gourmet break (it\u2019s up to you! \ud83d\ude09)<\/li>\n<\/ul>\n<p><strong>These routes offer you:<\/strong><\/p>\n<p>\ud83c\udf43 More peace and quiet<\/p>\n<p>\ud83c\udf32 A variety of landscapes<\/p>\n<p>\ud83d\ude8c Easy access without a car: shuttle buses, regional buses, gondola lifts\u2026 or hikes starting directly from the village of Samo\u00ebns<\/p>\n<p>&nbsp;<\/p>\n<p><strong>Looking for a hiking map?<\/strong><\/p>\n<p>Please note that hiking maps and guidebooks are available to browse and buy at our Tourist Office and on our <a href=\"https:\/\/boutique.samoens.com\/en\" target=\"_blank\" rel=\"noopener\"><span style=\"color: #6c9ed8;\"><strong>online shop<\/strong><\/span><\/a>, as well as available for free download in <span style=\"color: #6c9ed8;\"><a style=\"color: #6c9ed8;\" href=\"https:\/\/www.samoens.com\/en\/hiking-maps-and-guides\/\" target=\"_blank\" rel=\"noopener\"><strong>PDF format<\/strong><\/a><\/span>.[\/vc_column_text][\/vc_column][\/vc_row][vc_row][vc_column][vc_separator][\/vc_column][\/vc_row][vc_row][vc_column width=&#8221;1\/2&#8243;][vc_column_text css=&#8221;&#8221;]<\/p>\n<h2>3\ufe0f\u20e3 (Re)discover Samo\u00ebns in a different way<\/h2>\n<p><strong>Take the time to explore our village:<\/strong><\/p>\n<p>When the major sites are very busy, the village of Samo\u00ebns and its surroundings offer an ideal alternative \u2014 one you never tire of.<\/p>\n<p>&nbsp;<\/p>\n<p><strong>\u2764\ufe0f We highly recommend:<\/strong><\/p>\n<ul>\n<li>A <a href=\"https:\/\/explore.samoens.com\/en\/routes\/walking-itinerary-discover-the-village-of-samoens-via-les-moulins-and-les-plaignes\" target=\"_blank\" rel=\"noopener\"><span style=\"color: #6c9ed8;\"><strong>stroll through the historic centre of Samo\u00ebns and its hamlets<\/strong><\/span><\/a>, to discover the local heritage and traditional architecture<\/li>\n<li>The <span style=\"color: #6c9ed8;\"><a style=\"color: #6c9ed8;\" href=\"https:\/\/explore.samoens.com\/en\/activities\/alpine-botanical-garden-la-jaysinia\" target=\"_blank\" rel=\"noopener\"><strong>La Ja\u00ffsinia Alpine Botanical Garden<\/strong><\/a><\/span>, for a walk that is both educational and idyllic<\/li>\n<li>The <a href=\"https:\/\/explore.samoens.com\/en\/activities\/lac-aux-dames-leisure-centre-in-summer\" target=\"_blank\" rel=\"noopener\"><span style=\"color: #6c9ed8;\"><strong>Lacs aux Dames leisure centre<\/strong><\/span><\/a>, for a picnic by the water and play areas for children<\/li>\n<\/ul>\n<p>&nbsp;<\/p>\n<p>\ud83d\ude0e What if the best alternative to the crowds was simply to <strong>slow down<\/strong> and <strong>enjoy the present moment<\/strong> in Samo\u00ebns, with your loved ones?[\/vc_column_text][\/vc_column][vc_column width=&#8221;1\/2&#8243;][vc_single_image image=&#8221;50579&#8243; img_size=&#8221;full&#8221; alignment=&#8221;center&#8221; css=&#8221;&#8221;][\/vc_column][\/vc_row][vc_row][vc_column][vc_separator][\/vc_column][\/vc_row][vc_row][vc_column width=&#8221;1\/2&#8243;][vc_single_image image=&#8221;605711&#8243; img_size=&#8221;full&#8221; alignment=&#8221;center&#8221; css=&#8221;&#8221;][\/vc_column][vc_column width=&#8221;1\/2&#8243;][vc_column_text css=&#8221;&#8221;]<\/p>\n<h2>4\ufe0f\u20e3 Adjust your schedule for a more relaxed experience<\/h2>\n<p><strong>\u23f0 A few simple changes can make all the difference:<\/strong><\/p>\n<ul>\n<li>Set off earlier in the morning to enjoy the peace and the softly awakening landscapes<\/li>\n<li>Consider late-afternoon outings too, such as a <a href=\"https:\/\/explore.samoens.com\/en\/routes\/the-bois-aux-dames-samoens-morillon-mountain-biking\" target=\"_blank\" rel=\"noopener\"><span style=\"color: #6c9ed8;\"><strong>mountain bike ride along the Giffre<\/strong><\/span><\/a> at sunset<\/li>\n<li>Whenever possible, avoid visiting major attractions in the afternoons and at weekends<\/li>\n<\/ul>\n<p><strong>\u2764\ufe0f Our tip:<\/strong><\/p>\n<p>If you use the Navettes du Giffre shuttle service, choose early-morning departures \u2014 journeys are more pleasant and sites are quieter.<\/p>\n<p>&nbsp;<\/p>\n<p><strong>Find out about visitor numbers for the day by speaking with our tourist information advisors:<\/strong><\/p>\n<p><span style=\"color: #6c9ed8;\"><strong>\ud83d\udc49 <a href=\"https:\/\/www.samoens.com\/en\/contact-us\/\" target=\"_blank\" rel=\"noopener\"><span style=\"color: #6c9ed8;\">Contact the Samo\u00ebns Tourist Office<\/span><\/a><\/strong><\/span>[\/vc_column_text][\/vc_column][\/vc_row][vc_row][vc_column][vc_separator][\/vc_column][\/vc_row][vc_row][vc_column width=&#8221;1\/2&#8243;][vc_column_text css=&#8221;&#8221;]<\/p>\n<h2>5\ufe0f\u20e3 Ski smart this winter<\/h2>\n<p><strong>\u26a1 Make the most of your access to the slopes according to your profile:<\/strong><\/p>\n<ul>\n<li><strong>Beginners and ski lessons<\/strong>: access the alpine ski area directly via the Grand Massif Express gondola. The beginner area and ski schools meeting point are located at the top of this gondola.<\/li>\n<li><strong>Experienced alpine skiers<\/strong>: save time and avoid queues by taking the 10-seater Vercland gondola \u2014 an ideal alternative to the Grand Massif Express.<\/li>\n<li><strong>Cross-country skiers and snowshoe hikers<\/strong>: use the <a href=\"https:\/\/www.samoens.com\/en\/downloads\/bus-schedules-samoens\/\" target=\"_blank\" rel=\"noopener\"><span style=\"color: #6c9ed8;\"><strong>Joux Plane shuttle buses<\/strong><\/span><\/a> to reach the Col de Joux Plane Nordic area (1,700 m altitude), and the <a href=\"https:\/\/www.samoens.com\/en\/downloads\/bus-schedules-samoens\/\" target=\"_blank\" rel=\"noopener\"><span style=\"color: #6c9ed8;\"><strong>Y94 regional bus line<\/strong><\/span><\/a> to access the Cirque du Fer-\u00e0-Cheval nature reserve (1,100 m altitude).<\/li>\n<\/ul>\n<p><strong>Plan your return to the village ahead of time:<\/strong><\/p>\n<p>To fully enjoy the <strong>end of your day<\/strong> on the slopes and avoid queues at the lifts, we recommend heading back to the village <strong>before 3 p.m<\/strong>. Starting your ski return earlier ensures <strong>smoother journeys<\/strong> and more relaxed final runs. One hour really can make all the difference!<\/p>\n<p>&nbsp;<\/p>\n<p><strong>\ud83e\udd13 Did you know?<\/strong><\/p>\n<p>If you ski as far as Flaine \u2014 despite its apparent proximity \u2014 it will take <strong>around one hour<\/strong> to return to Samo\u00ebns Village.<\/p>\n<p>&nbsp;<\/p>\n<p>\u2728 Sometimes, <strong>timing<\/strong> is everything![\/vc_column_text][\/vc_column][vc_column width=&#8221;1\/2&#8243;][vc_single_image image=&#8221;605865&#8243; img_size=&#8221;full&#8221; alignment=&#8221;center&#8221; css=&#8221;&#8221;][\/vc_column][\/vc_row][vc_row][vc_column][vc_separator][\/vc_column][\/vc_row][vc_row][vc_column width=&#8221;1\/2&#8243;][vc_single_image image=&#8221;2230&#8243; img_size=&#8221;full&#8221; alignment=&#8221;center&#8221; css=&#8221;&#8221;][\/vc_column][vc_column width=&#8221;1\/2&#8243;][vc_column_text css=&#8221;&#8221;]<\/p>\n<h2>\u2705 In summary&#8230;<\/h2>\n<p>&nbsp;<\/p>\n<p>\ud83d\ude8d Choose <strong>sustainable ways of getting around<\/strong>: Navettes du Giffre shuttles, regional buses, gondola lifts, cycling and walking&#8230;<\/p>\n<p>&nbsp;<\/p>\n<p>\ud83d\udeb6\u200d\u2640\ufe0f Opt for <strong>less busy walks and trails<\/strong><\/p>\n<p>&nbsp;<\/p>\n<p>\ud83c\udfd8\ufe0f Rediscover Samo\u00ebns and its <strong>cultural and natural heritage<\/strong><\/p>\n<p>&nbsp;<\/p>\n<p>\u23f0 Adjust your <strong>schedule<\/strong><\/p>\n<p>&nbsp;<\/p>\n<p><strong>\u26f7\ufe0f <\/strong>Ski <strong>smart<\/strong><\/p>\n<p>&nbsp;<\/p>\n<p>\ud83c\udf31 Enjoy a calmer, <strong>more responsible<\/strong> stay<\/p>\n<p>&nbsp;<\/p>\n<h2>&#8230;for a stress-free, unforgettable holiday with family or friends!<\/h2>\n<p>[\/vc_column_text][\/vc_column][\/vc_row]<\/p>\n<\/div>","protected":false},"excerpt":{"rendered":"<p>[vc_row][vc_column][vc_column_text css=&#8221;&#8221;] Make the most of your stay, even during peak periods! During the high season, some of our iconic sites can quickly become very busy, with car parks reaching capacity:[\/vc_column_text][\/vc_column][\/vc_row][vc_row][vc_column width=&#8221;1\/2&#8243;][vc_column_text css=&#8221;&#8221;] Plateau des Saix (Samo\u00ebns 1600), the gateway to the Grand Massif, is a popular winter destination thanks to its ski runs for [&hellip;]<\/p>\n","protected":false},"author":12,"featured_media":0,"parent":0,"menu_order":0,"comment_status":"closed","ping_status":"closed","template":"","meta":{"_acf_changed":false,"footnotes":""},"class_list":["post-605952","page","type-page","status-publish","hentry"],"acf":[],"yoast_head":"<!-- This site is optimized with the Yoast SEO plugin v27.4 - https:\/\/yoast.com\/product\/yoast-seo-wordpress\/ -->\n<title>Our best tips and alternatives to avoid the crowds and full car parks Samo\u00ebns, station de ski et village authentique en Haute-Savoie<\/title>\n<meta name=\"robots\" content=\"index, follow, max-snippet:-1, max-image-preview:large, max-video-preview:-1\" \/>\n<link rel=\"canonical\" href=\"https:\/\/www.samoens.com\/en\/busy-periods\/\" \/>\n<meta property=\"og:locale\" content=\"en_US\" \/>\n<meta property=\"og:type\" content=\"article\" \/>\n<meta property=\"og:title\" content=\"Our best tips and alternatives to avoid the crowds and full car parks Samo\u00ebns, station de ski et village authentique en Haute-Savoie\" \/>\n<meta property=\"og:description\" content=\"[vc_row][vc_column][vc_column_text css=&#8221;&#8221;] Make the most of your stay, even during peak periods! During the high season, some of our iconic sites can quickly become very busy, with car parks reaching capacity:[\/vc_column_text][\/vc_column][\/vc_row][vc_row][vc_column width=&#8221;1\/2&#8243;][vc_column_text css=&#8221;&#8221;] Plateau des Saix (Samo\u00ebns 1600), the gateway to the Grand Massif, is a popular winter destination thanks to its ski runs for [&hellip;]\" \/>\n<meta property=\"og:url\" content=\"https:\/\/www.samoens.com\/en\/busy-periods\/\" \/>\n<meta property=\"og:site_name\" content=\"Samo\u00ebns, station de ski et village authentique en Haute-Savoie\" \/>\n<meta property=\"article:modified_time\" content=\"2026-01-28T17:13:30+00:00\" \/>\n<meta name=\"twitter:card\" content=\"summary_large_image\" \/>\n<meta name=\"twitter:label1\" content=\"Est. reading time\" \/>\n\t<meta name=\"twitter:data1\" content=\"8 minutes\" \/>\n<script type=\"application\/ld+json\" class=\"yoast-schema-graph\">{\"@context\":\"https:\\\/\\\/schema.org\",\"@graph\":[{\"@type\":\"WebPage\",\"@id\":\"https:\\\/\\\/www.samoens.com\\\/en\\\/busy-periods\\\/\",\"url\":\"https:\\\/\\\/www.samoens.com\\\/en\\\/busy-periods\\\/\",\"name\":\"Our best tips and alternatives to avoid the crowds and full car parks Samo\u00ebns, station de ski et village authentique en Haute-Savoie\",\"isPartOf\":{\"@id\":\"https:\\\/\\\/www.samoens.com\\\/#website\"},\"datePublished\":\"2026-01-22T09:36:50+00:00\",\"dateModified\":\"2026-01-28T17:13:30+00:00\",\"breadcrumb\":{\"@id\":\"https:\\\/\\\/www.samoens.com\\\/en\\\/busy-periods\\\/#breadcrumb\"},\"inLanguage\":\"en-US\",\"potentialAction\":[{\"@type\":\"ReadAction\",\"target\":[\"https:\\\/\\\/www.samoens.com\\\/en\\\/busy-periods\\\/\"]}]},{\"@type\":\"BreadcrumbList\",\"@id\":\"https:\\\/\\\/www.samoens.com\\\/en\\\/busy-periods\\\/#breadcrumb\",\"itemListElement\":[{\"@type\":\"ListItem\",\"position\":1,\"name\":\"Accueil\",\"item\":\"https:\\\/\\\/www.samoens.com\\\/en\\\/\"},{\"@type\":\"ListItem\",\"position\":2,\"name\":\"Busy periods\"}]},{\"@type\":\"WebSite\",\"@id\":\"https:\\\/\\\/www.samoens.com\\\/#website\",\"url\":\"https:\\\/\\\/www.samoens.com\\\/\",\"name\":\"Samo\u00ebns, station de ski et village authentique en Haute-Savoie\",\"description\":\"Nich\u00e9e au coeur du domaine skiable du Grand Massif et \u00e0 moins d&#039;1h de Gen\u00e8ve, Samo\u00ebns rendra vos vacances inoubliables en \u00e9t\u00e9 comme en hiver\",\"potentialAction\":[{\"@type\":\"SearchAction\",\"target\":{\"@type\":\"EntryPoint\",\"urlTemplate\":\"https:\\\/\\\/www.samoens.com\\\/?s={search_term_string}\"},\"query-input\":{\"@type\":\"PropertyValueSpecification\",\"valueRequired\":true,\"valueName\":\"search_term_string\"}}],\"inLanguage\":\"en-US\"}]}<\/script>\n<!-- \/ Yoast SEO plugin. -->","yoast_head_json":{"title":"Our best tips and alternatives to avoid the crowds and full car parks Samo\u00ebns, station de ski et village authentique en Haute-Savoie","robots":{"index":"index","follow":"follow","max-snippet":"max-snippet:-1","max-image-preview":"max-image-preview:large","max-video-preview":"max-video-preview:-1"},"canonical":"https:\/\/www.samoens.com\/en\/busy-periods\/","og_locale":"en_US","og_type":"article","og_title":"Our best tips and alternatives to avoid the crowds and full car parks Samo\u00ebns, station de ski et village authentique en Haute-Savoie","og_description":"[vc_row][vc_column][vc_column_text css=&#8221;&#8221;] Make the most of your stay, even during peak periods! During the high season, some of our iconic sites can quickly become very busy, with car parks reaching capacity:[\/vc_column_text][\/vc_column][\/vc_row][vc_row][vc_column width=&#8221;1\/2&#8243;][vc_column_text css=&#8221;&#8221;] Plateau des Saix (Samo\u00ebns 1600), the gateway to the Grand Massif, is a popular winter destination thanks to its ski runs for [&hellip;]","og_url":"https:\/\/www.samoens.com\/en\/busy-periods\/","og_site_name":"Samo\u00ebns, station de ski et village authentique en Haute-Savoie","article_modified_time":"2026-01-28T17:13:30+00:00","twitter_card":"summary_large_image","twitter_misc":{"Est. reading time":"8 minutes"},"schema":{"@context":"https:\/\/schema.org","@graph":[{"@type":"WebPage","@id":"https:\/\/www.samoens.com\/en\/busy-periods\/","url":"https:\/\/www.samoens.com\/en\/busy-periods\/","name":"Our best tips and alternatives to avoid the crowds and full car parks Samo\u00ebns, station de ski et village authentique en Haute-Savoie","isPartOf":{"@id":"https:\/\/www.samoens.com\/#website"},"datePublished":"2026-01-22T09:36:50+00:00","dateModified":"2026-01-28T17:13:30+00:00","breadcrumb":{"@id":"https:\/\/www.samoens.com\/en\/busy-periods\/#breadcrumb"},"inLanguage":"en-US","potentialAction":[{"@type":"ReadAction","target":["https:\/\/www.samoens.com\/en\/busy-periods\/"]}]},{"@type":"BreadcrumbList","@id":"https:\/\/www.samoens.com\/en\/busy-periods\/#breadcrumb","itemListElement":[{"@type":"ListItem","position":1,"name":"Accueil","item":"https:\/\/www.samoens.com\/en\/"},{"@type":"ListItem","position":2,"name":"Busy periods"}]},{"@type":"WebSite","@id":"https:\/\/www.samoens.com\/#website","url":"https:\/\/www.samoens.com\/","name":"Samo\u00ebns, station de ski et village authentique en Haute-Savoie","description":"Nich\u00e9e au coeur du domaine skiable du Grand Massif et \u00e0 moins d&#039;1h de Gen\u00e8ve, Samo\u00ebns rendra vos vacances inoubliables en \u00e9t\u00e9 comme en hiver","potentialAction":[{"@type":"SearchAction","target":{"@type":"EntryPoint","urlTemplate":"https:\/\/www.samoens.com\/?s={search_term_string}"},"query-input":{"@type":"PropertyValueSpecification","valueRequired":true,"valueName":"search_term_string"}}],"inLanguage":"en-US"}]}},"_links":{"self":[{"href":"https:\/\/www.samoens.com\/en\/wp-json\/wp\/v2\/pages\/605952","targetHints":{"allow":["GET"]}}],"collection":[{"href":"https:\/\/www.samoens.com\/en\/wp-json\/wp\/v2\/pages"}],"about":[{"href":"https:\/\/www.samoens.com\/en\/wp-json\/wp\/v2\/types\/page"}],"author":[{"embeddable":true,"href":"https:\/\/www.samoens.com\/en\/wp-json\/wp\/v2\/users\/12"}],"replies":[{"embeddable":true,"href":"https:\/\/www.samoens.com\/en\/wp-json\/wp\/v2\/comments?post=605952"}],"version-history":[{"count":5,"href":"https:\/\/www.samoens.com\/en\/wp-json\/wp\/v2\/pages\/605952\/revisions"}],"predecessor-version":[{"id":606024,"href":"https:\/\/www.samoens.com\/en\/wp-json\/wp\/v2\/pages\/605952\/revisions\/606024"}],"wp:attachment":[{"href":"https:\/\/www.samoens.com\/en\/wp-json\/wp\/v2\/media?parent=605952"}],"curies":[{"name":"wp","href":"https:\/\/api.w.org\/{rel}","templated":true}]}}